{"id":32884,"date":"2021-09-17T21:30:46","date_gmt":"2021-09-17T18:30:46","guid":{"rendered":"https:\/\/www.biopapa.lt\/produktas\/organic-pistachio-roasted-salted\/"},"modified":"2026-03-20T10:08:43","modified_gmt":"2026-03-20T08:08:43","slug":"organic-pistachio-nuts-roasted-salted","status":"publish","type":"product","link":"https:\/\/www.biopapa.lt\/en\/produktas\/organic-pistachio-nuts-roasted-salted\/","title":{"rendered":"Organic pistachio (roasted, salted)"},"content":{"rendered":"<p><strong>Pistachios<\/strong> are one of the oldest cultivated nuts, thought to have been used for more than 9000 years. They originated in the Middle East and Central Asia, where they were highly prized by the rulers of ancient Persia and Mesopotamia. Today, they are cultivated in countries such as Iran, the USA and Turkey. Pistachios have a high nutritional value &#8211; rich in protein, fibre, healthy fats, as well as important vitamins and minerals &#8211; and therefore offer many health benefits.   <\/p>\n<p>Pistachios are extremely versatile and are used in both sweet and savoury dishes around the world. They can be eaten raw or roasted as a snack, added to salads, yoghurt or granola, or ground into pistachio butter. In baked goods, they are popular in biscuits, cakes, muffins and especially in Middle Eastern and Mediterranean desserts such as baklava and halva. Pistachios are also used in ice cream and sweets for their distinctive flavour and green colour. In savoury dishes, ground pistachios can be used for flaking, for flavouring rice dishes or as an ingredient in sauces and pesto.    <\/p>\n<p>The recommended daily serving of pistachios is around 28-30 grams &#8211; approximately 45-50 nuts. This amount offers health benefits without overdoing it on calories or fat, making it a balanced and nutritious snack. <\/p>\n<p><em>NOTE. The information contained herein should not be construed as a recommendation for treatment or other health issues. We encourage you to make personal decisions about your personal health, taking into account a wide range of sources of information.<\/em><\/p>\n","protected":false},"excerpt":{"rendered":"<p>Pistachios are one of the oldest cultivated nuts, thought to have been used for more than 9000 years. They originated<\/p>\n","protected":false},"featured_media":28681,"template":"","meta":{"_acf_changed":false},"product_brand":[],"product_cat":[2002,1854],"product_tag":[2078,2030,2056,2088],"class_list":{"0":"post-32884","1":"product","2":"type-product","3":"status-publish","4":"has-post-thumbnail","6":"product_cat-nuts","7":"product_cat-nuts-and-seeds","8":"product_tag-a-source-of-fiber","9":"product_tag-a-source-of-protein","10":"product_tag-keto-diet","11":"product_tag-vegan","12":"pa_svoris-1-kg-en-2","13":"pa_svoris-10-kg-en","14":"pa_svoris-100-g-en-2","15":"pa_svoris-20-kg-en","16":"pa_svoris-200-g-en","17":"pa_svoris-300-g-en","18":"pa_svoris-400-g-en","19":"pa_svoris-500-g-en-2","21":"first","22":"instock","23":"shipping-taxable","24":"purchasable","25":"product-type-variable"},"acf":[],"yoast_head":"<!-- This site is optimized with the Yoast SEO plugin v27.5 - https:\/\/yoast.com\/product\/yoast-seo-wordpress\/ -->\n<title>Organic pistachio (roasted, salted) - Biopapa<\/title>\n<meta name=\"description\" content=\"Pistachios are extremely versatile and are used in both sweet and savoury dishes around the world.\" \/>\n<meta name=\"robots\" content=\"index, follow, max-snippet:-1, max-image-preview:large, max-video-preview:-1\" \/>\n<link rel=\"canonical\" href=\"https:\/\/www.biopapa.lt\/en\/produktas\/organic-pistachio-nuts-roasted-salted\/\" \/>\n<meta property=\"og:locale\" content=\"en_US\" \/>\n<meta property=\"og:type\" content=\"article\" \/>\n<meta property=\"og:title\" content=\"Organic pistachio (roasted, salted) - Biopapa\" \/>\n<meta property=\"og:description\" content=\"Pistachios are extremely versatile and are used in both sweet and savoury dishes around the world.\" \/>\n<meta property=\"og:url\" content=\"https:\/\/www.biopapa.lt\/en\/produktas\/organic-pistachio-nuts-roasted-salted\/\" \/>\n<meta property=\"og:site_name\" content=\"Biopapa\" \/>\n<meta property=\"article:publisher\" content=\"https:\/\/www.facebook.com\/biopapa.lt\" \/>\n<meta property=\"article:modified_time\" content=\"2026-03-20T08:08:43+00:00\" \/>\n<meta property=\"og:image\" content=\"https:\/\/www.biopapa.lt\/wp-content\/uploads\/2021\/09\/Ekologiski-pistaciju-riesutai-skrudinti-sudyti.jpg\" \/>\n\t<meta property=\"og:image:width\" content=\"800\" \/>\n\t<meta property=\"og:image:height\" content=\"640\" \/>\n\t<meta property=\"og:image:type\" content=\"image\/jpeg\" \/>\n<meta name=\"twitter:card\" content=\"summary_large_image\" \/>\n<script type=\"application\/ld+json\" class=\"yoast-schema-graph\">{\"@context\":\"https:\\\/\\\/schema.org\",\"@graph\":[{\"@type\":\"WebPage\",\"@id\":\"https:\\\/\\\/www.biopapa.lt\\\/en\\\/produktas\\\/organic-pistachio-nuts-roasted-salted\\\/\",\"url\":\"https:\\\/\\\/www.biopapa.lt\\\/en\\\/produktas\\\/organic-pistachio-nuts-roasted-salted\\\/\",\"name\":\"Organic pistachio (roasted, salted) - Biopapa\",\"isPartOf\":{\"@id\":\"https:\\\/\\\/www.biopapa.lt\\\/#website\"},\"primaryImageOfPage\":{\"@id\":\"https:\\\/\\\/www.biopapa.lt\\\/en\\\/produktas\\\/organic-pistachio-nuts-roasted-salted\\\/#primaryimage\"},\"image\":{\"@id\":\"https:\\\/\\\/www.biopapa.lt\\\/en\\\/produktas\\\/organic-pistachio-nuts-roasted-salted\\\/#primaryimage\"},\"thumbnailUrl\":\"https:\\\/\\\/www.biopapa.lt\\\/wp-content\\\/uploads\\\/2021\\\/09\\\/Ekologiski-pistaciju-riesutai-skrudinti-sudyti.jpg\",\"datePublished\":\"2021-09-17T18:30:46+00:00\",\"dateModified\":\"2026-03-20T08:08:43+00:00\",\"description\":\"Pistachios are extremely versatile and are used in both sweet and savoury dishes around the world.\",\"breadcrumb\":{\"@id\":\"https:\\\/\\\/www.biopapa.lt\\\/en\\\/produktas\\\/organic-pistachio-nuts-roasted-salted\\\/#breadcrumb\"},\"inLanguage\":\"en-US\",\"potentialAction\":[{\"@type\":\"ReadAction\",\"target\":[\"https:\\\/\\\/www.biopapa.lt\\\/en\\\/produktas\\\/organic-pistachio-nuts-roasted-salted\\\/\"]}]},{\"@type\":\"ImageObject\",\"inLanguage\":\"en-US\",\"@id\":\"https:\\\/\\\/www.biopapa.lt\\\/en\\\/produktas\\\/organic-pistachio-nuts-roasted-salted\\\/#primaryimage\",\"url\":\"https:\\\/\\\/www.biopapa.lt\\\/wp-content\\\/uploads\\\/2021\\\/09\\\/Ekologiski-pistaciju-riesutai-skrudinti-sudyti.jpg\",\"contentUrl\":\"https:\\\/\\\/www.biopapa.lt\\\/wp-content\\\/uploads\\\/2021\\\/09\\\/Ekologiski-pistaciju-riesutai-skrudinti-sudyti.jpg\",\"width\":800,\"height\":640,\"caption\":\"Organic pistachio (roasted, salted)\"},{\"@type\":\"BreadcrumbList\",\"@id\":\"https:\\\/\\\/www.biopapa.lt\\\/en\\\/produktas\\\/organic-pistachio-nuts-roasted-salted\\\/#breadcrumb\",\"itemListElement\":[{\"@type\":\"ListItem\",\"position\":1,\"name\":\"Home\",\"item\":\"https:\\\/\\\/www.biopapa.lt\\\/en\\\/\"},{\"@type\":\"ListItem\",\"position\":2,\"name\":\"Shop\",\"item\":\"https:\\\/\\\/www.biopapa.lt\\\/en\\\/shop\\\/\"},{\"@type\":\"ListItem\",\"position\":3,\"name\":\"Organic pistachio (roasted, salted)\"}]},{\"@type\":\"WebSite\",\"@id\":\"https:\\\/\\\/www.biopapa.lt\\\/#website\",\"url\":\"https:\\\/\\\/www.biopapa.lt\\\/\",\"name\":\"Biopapa\",\"description\":\"\u0160var\u016bs ekologi\u0161ki produktai\",\"publisher\":{\"@id\":\"https:\\\/\\\/www.biopapa.lt\\\/#organization\"},\"potentialAction\":[{\"@type\":\"SearchAction\",\"target\":{\"@type\":\"EntryPoint\",\"urlTemplate\":\"https:\\\/\\\/www.biopapa.lt\\\/?s={search_term_string}\"},\"query-input\":{\"@type\":\"PropertyValueSpecification\",\"valueRequired\":true,\"valueName\":\"search_term_string\"}}],\"inLanguage\":\"en-US\"},{\"@type\":\"Organization\",\"@id\":\"https:\\\/\\\/www.biopapa.lt\\\/#organization\",\"name\":\"Biopapa\",\"url\":\"https:\\\/\\\/www.biopapa.lt\\\/\",\"logo\":{\"@type\":\"ImageObject\",\"inLanguage\":\"en-US\",\"@id\":\"https:\\\/\\\/www.biopapa.lt\\\/#\\\/schema\\\/logo\\\/image\\\/\",\"url\":\"https:\\\/\\\/www.biopapa.lt\\\/wp-content\\\/uploads\\\/2022\\\/04\\\/facebook_biopapa.jpg\",\"contentUrl\":\"https:\\\/\\\/www.biopapa.lt\\\/wp-content\\\/uploads\\\/2022\\\/04\\\/facebook_biopapa.jpg\",\"width\":1733,\"height\":907,\"caption\":\"Biopapa\"},\"image\":{\"@id\":\"https:\\\/\\\/www.biopapa.lt\\\/#\\\/schema\\\/logo\\\/image\\\/\"},\"sameAs\":[\"https:\\\/\\\/www.facebook.com\\\/biopapa.lt\"]}]}<\/script>\n<!-- \/ Yoast SEO plugin. -->","yoast_head_json":{"title":"Organic pistachio (roasted, salted) - Biopapa","description":"Pistachios are extremely versatile and are used in both sweet and savoury dishes around the world.","robots":{"index":"index","follow":"follow","max-snippet":"max-snippet:-1","max-image-preview":"max-image-preview:large","max-video-preview":"max-video-preview:-1"},"canonical":"https:\/\/www.biopapa.lt\/en\/produktas\/organic-pistachio-nuts-roasted-salted\/","og_locale":"en_US","og_type":"article","og_title":"Organic pistachio (roasted, salted) - Biopapa","og_description":"Pistachios are extremely versatile and are used in both sweet and savoury dishes around the world.","og_url":"https:\/\/www.biopapa.lt\/en\/produktas\/organic-pistachio-nuts-roasted-salted\/","og_site_name":"Biopapa","article_publisher":"https:\/\/www.facebook.com\/biopapa.lt","article_modified_time":"2026-03-20T08:08:43+00:00","og_image":[{"width":800,"height":640,"url":"https:\/\/www.biopapa.lt\/wp-content\/uploads\/2021\/09\/Ekologiski-pistaciju-riesutai-skrudinti-sudyti.jpg","type":"image\/jpeg"}],"twitter_card":"summary_large_image","schema":{"@context":"https:\/\/schema.org","@graph":[{"@type":"WebPage","@id":"https:\/\/www.biopapa.lt\/en\/produktas\/organic-pistachio-nuts-roasted-salted\/","url":"https:\/\/www.biopapa.lt\/en\/produktas\/organic-pistachio-nuts-roasted-salted\/","name":"Organic pistachio (roasted, salted) - Biopapa","isPartOf":{"@id":"https:\/\/www.biopapa.lt\/#website"},"primaryImageOfPage":{"@id":"https:\/\/www.biopapa.lt\/en\/produktas\/organic-pistachio-nuts-roasted-salted\/#primaryimage"},"image":{"@id":"https:\/\/www.biopapa.lt\/en\/produktas\/organic-pistachio-nuts-roasted-salted\/#primaryimage"},"thumbnailUrl":"https:\/\/www.biopapa.lt\/wp-content\/uploads\/2021\/09\/Ekologiski-pistaciju-riesutai-skrudinti-sudyti.jpg","datePublished":"2021-09-17T18:30:46+00:00","dateModified":"2026-03-20T08:08:43+00:00","description":"Pistachios are extremely versatile and are used in both sweet and savoury dishes around the world.","breadcrumb":{"@id":"https:\/\/www.biopapa.lt\/en\/produktas\/organic-pistachio-nuts-roasted-salted\/#breadcrumb"},"inLanguage":"en-US","potentialAction":[{"@type":"ReadAction","target":["https:\/\/www.biopapa.lt\/en\/produktas\/organic-pistachio-nuts-roasted-salted\/"]}]},{"@type":"ImageObject","inLanguage":"en-US","@id":"https:\/\/www.biopapa.lt\/en\/produktas\/organic-pistachio-nuts-roasted-salted\/#primaryimage","url":"https:\/\/www.biopapa.lt\/wp-content\/uploads\/2021\/09\/Ekologiski-pistaciju-riesutai-skrudinti-sudyti.jpg","contentUrl":"https:\/\/www.biopapa.lt\/wp-content\/uploads\/2021\/09\/Ekologiski-pistaciju-riesutai-skrudinti-sudyti.jpg","width":800,"height":640,"caption":"Organic pistachio (roasted, salted)"},{"@type":"BreadcrumbList","@id":"https:\/\/www.biopapa.lt\/en\/produktas\/organic-pistachio-nuts-roasted-salted\/#breadcrumb","itemListElement":[{"@type":"ListItem","position":1,"name":"Home","item":"https:\/\/www.biopapa.lt\/en\/"},{"@type":"ListItem","position":2,"name":"Shop","item":"https:\/\/www.biopapa.lt\/en\/shop\/"},{"@type":"ListItem","position":3,"name":"Organic pistachio (roasted, salted)"}]},{"@type":"WebSite","@id":"https:\/\/www.biopapa.lt\/#website","url":"https:\/\/www.biopapa.lt\/","name":"Biopapa","description":"\u0160var\u016bs ekologi\u0161ki produktai","publisher":{"@id":"https:\/\/www.biopapa.lt\/#organization"},"potentialAction":[{"@type":"SearchAction","target":{"@type":"EntryPoint","urlTemplate":"https:\/\/www.biopapa.lt\/?s={search_term_string}"},"query-input":{"@type":"PropertyValueSpecification","valueRequired":true,"valueName":"search_term_string"}}],"inLanguage":"en-US"},{"@type":"Organization","@id":"https:\/\/www.biopapa.lt\/#organization","name":"Biopapa","url":"https:\/\/www.biopapa.lt\/","logo":{"@type":"ImageObject","inLanguage":"en-US","@id":"https:\/\/www.biopapa.lt\/#\/schema\/logo\/image\/","url":"https:\/\/www.biopapa.lt\/wp-content\/uploads\/2022\/04\/facebook_biopapa.jpg","contentUrl":"https:\/\/www.biopapa.lt\/wp-content\/uploads\/2022\/04\/facebook_biopapa.jpg","width":1733,"height":907,"caption":"Biopapa"},"image":{"@id":"https:\/\/www.biopapa.lt\/#\/schema\/logo\/image\/"},"sameAs":["https:\/\/www.facebook.com\/biopapa.lt"]}]}},"_links":{"self":[{"href":"https:\/\/www.biopapa.lt\/en\/wp-json\/wp\/v2\/product\/32884","targetHints":{"allow":["GET"]}}],"collection":[{"href":"https:\/\/www.biopapa.lt\/en\/wp-json\/wp\/v2\/product"}],"about":[{"href":"https:\/\/www.biopapa.lt\/en\/wp-json\/wp\/v2\/types\/product"}],"wp:featuredmedia":[{"embeddable":true,"href":"https:\/\/www.biopapa.lt\/en\/wp-json\/wp\/v2\/media\/28681"}],"wp:attachment":[{"href":"https:\/\/www.biopapa.lt\/en\/wp-json\/wp\/v2\/media?parent=32884"}],"wp:term":[{"taxonomy":"product_brand","embeddable":true,"href":"https:\/\/www.biopapa.lt\/en\/wp-json\/wp\/v2\/product_brand?post=32884"},{"taxonomy":"product_cat","embeddable":true,"href":"https:\/\/www.biopapa.lt\/en\/wp-json\/wp\/v2\/product_cat?post=32884"},{"taxonomy":"product_tag","embeddable":true,"href":"https:\/\/www.biopapa.lt\/en\/wp-json\/wp\/v2\/product_tag?post=32884"}],"curies":[{"name":"wp","href":"https:\/\/api.w.org\/{rel}","templated":true}]}}