{"id":32850,"date":"2021-10-01T15:21:58","date_gmt":"2021-10-01T12:21:58","guid":{"rendered":"https:\/\/www.biopapa.lt\/produktas\/organic-pumpkin-seeds-from-the-eu-shelled-green\/"},"modified":"2023-10-25T19:22:49","modified_gmt":"2023-10-25T16:22:49","slug":"organic-pumpkin-seeds-austrian-shelled-green","status":"publish","type":"product","link":"https:\/\/www.biopapa.lt\/en\/produktas\/organic-pumpkin-seeds-austrian-shelled-green\/","title":{"rendered":"Organic pumpkin seeds from the EU (shelled, green)"},"content":{"rendered":"<p class=\"aprastas tm5\"><span class=\"tm6\">Organic <\/span>pumpkin seeds<span class=\"tm6\"> &#8211; particularly tasty, nutritious and healthy. They are particularly rich in zinc, magnesium, copper, manganese, vitamins E, A, C, K and B vitamins. It is also an excellent source of carotene. <\/span>Pumpkin seeds<span class=\"tm6\"> helps to control the right amount of sugar in the body, as it is high in fibre, which slows down the release of sugar into the bloodstream. The magnesium in the seeds helps control heart disease and blood pressure.<\/span><\/p>\n<p class=\"aprastas tm5\"><b>Pumpkin seeds are<span class=\"tm6\"> particularly useful for humans:<\/span><\/b><\/p>\n<ul>\n<li><span class=\"tm6\">for people with diabetes,<\/span><\/li>\n<li><span class=\"tm6\">for people with heart disease,<\/span><\/li>\n<li><span class=\"tm6\">for people with vascular disease,<\/span><\/li>\n<li><span class=\"tm6\">for people with atherosclerosis,<\/span><\/li>\n<li><span class=\"tm6\">visually impaired,<\/span><\/li>\n<li><span class=\"tm6\">asthma sufferers.<\/span><\/li>\n<li>for those who want to lose weight.<\/li>\n<\/ul>\n<p class=\"aprastas tm5\">These seeds prevent prostate disease, breast and colorectal cancers.<\/p>\n<p class=\"aprastas tm5\"><span class=\"tm6\"><b>Where and how to use pumpkin seed kernels?<\/b> <\/span><\/p>\n<p class=\"aprastas tm5\"><span class=\"tm6\">Raw or lightly toasted, we recommend eating them on their own as a healthy snack, but also as a garnish for salads, porridges, stews and sprinkled on desserts. <\/span><\/p>\n<h4>Benefits of pumpkin seeds for the body<\/h4>\n<p>Pumpkin seeds are rich in the amino acid <strong>tryptophan<\/strong>, which is used to <strong>treat insomnia<\/strong>. The body converts it into serotonin, the so-called feel-good or relaxation hormone, which is linked to the production of melatonin, the sleep hormone. Pumpkin seeds are a <strong>rich source of zinc<\/strong>. Zinc is essential for normal immune function. This mineral is particularly useful during pregnancy.<\/p>\n<p>Pumpkin seeds and their oil act as an <strong>antioxidant<\/strong>, removing toxic substances from the body and <strong>normalising metabolic disorders<\/strong>. Pumpkin seed oil contains unsaturated fats, high levels of bioactive substances, vitamins B1, B2, C, PP, zinc, copper, iron, manganese, magnesium, potassium and calcium. It <strong>improves blood, kidney and bladder function.<\/strong><\/p>\n<p>It is recommended for atherosclerosis, vascular, gastric and duodenal diseases. The lecithin in the seeds <strong>strengthens the nervous system, protects against atherosclerosis and improves liver function<\/strong>. In the liver, lecithin breaks down and removes the body&#8217;s &#8220;bad&#8221; cholesterol and increases the amount of &#8220;good&#8221; cholesterol.<\/p>\n<p>excellent regulation of intestinal activity.<\/p>\n<p>For men, the substances in pumpkin seed oil help protect<strong> against prostate disease,<\/strong> maintain sexual function and regulate the release of male hormones.<\/p>\n<p><strong>Warning<\/strong>: the product may contain pumpkin peel<\/p>\n","protected":false},"excerpt":{"rendered":"<p>Organic pumpkin seeds &#8211; particularly tasty, nutritious and healthy. They are particularly rich in zinc, magnesium, copper, manganese, vitamins E,<\/p>\n","protected":false},"featured_media":28725,"template":"","meta":{"_acf_changed":false},"product_brand":[],"product_cat":[1854,2004,2624],"product_tag":[2056,2092,2088],"class_list":{"0":"post-32850","1":"product","2":"type-product","3":"status-publish","4":"has-post-thumbnail","6":"product_cat-nuts-and-seeds","7":"product_cat-seeds","8":"product_cat-top-products","9":"product_tag-keto-diet","10":"product_tag-raw-diet","11":"product_tag-vegan","12":"pa_svoris-1-kg-en-2","13":"pa_svoris-100-g-en-2","14":"pa_svoris-200-g-en","15":"pa_svoris-25-kg-en","16":"pa_svoris-300-g-en","17":"pa_svoris-400-g-en","18":"pa_svoris-500-g-en-2","20":"first","21":"instock","22":"shipping-taxable","23":"purchasable","24":"product-type-variable"},"acf":[],"yoast_head":"<!-- This site is optimized with the Yoast SEO plugin v27.5 - https:\/\/yoast.com\/product\/yoast-seo-wordpress\/ -->\n<title>Organic pumpkin seeds from the EU (shelled, green) - Biopapa<\/title>\n<meta name=\"robots\" content=\"index, follow, max-snippet:-1, max-image-preview:large, max-video-preview:-1\" \/>\n<link rel=\"canonical\" href=\"https:\/\/www.biopapa.lt\/en\/produktas\/organic-pumpkin-seeds-austrian-shelled-green\/\" \/>\n<meta property=\"og:locale\" content=\"en_US\" \/>\n<meta property=\"og:type\" content=\"article\" \/>\n<meta property=\"og:title\" content=\"Organic pumpkin seeds from the EU (shelled, green) - Biopapa\" \/>\n<meta property=\"og:description\" content=\"Organic pumpkin seeds &#8211; particularly tasty, nutritious and healthy. They are particularly rich in zinc, magnesium, copper, manganese, vitamins E,\" \/>\n<meta property=\"og:url\" content=\"https:\/\/www.biopapa.lt\/en\/produktas\/organic-pumpkin-seeds-austrian-shelled-green\/\" \/>\n<meta property=\"og:site_name\" content=\"Biopapa\" \/>\n<meta property=\"article:publisher\" content=\"https:\/\/www.facebook.com\/biopapa.lt\" \/>\n<meta property=\"article:modified_time\" content=\"2023-10-25T16:22:49+00:00\" \/>\n<meta property=\"og:image\" content=\"https:\/\/www.biopapa.lt\/wp-content\/uploads\/2021\/10\/Ekologiskos-moliugu-seklos-is-Austrijos-gliaudytos-zalios.jpg\" \/>\n\t<meta property=\"og:image:width\" content=\"800\" \/>\n\t<meta property=\"og:image:height\" content=\"640\" \/>\n\t<meta property=\"og:image:type\" content=\"image\/jpeg\" \/>\n<meta name=\"twitter:card\" content=\"summary_large_image\" \/>\n<script type=\"application\/ld+json\" class=\"yoast-schema-graph\">{\"@context\":\"https:\\\/\\\/schema.org\",\"@graph\":[{\"@type\":\"WebPage\",\"@id\":\"https:\\\/\\\/www.biopapa.lt\\\/en\\\/produktas\\\/organic-pumpkin-seeds-austrian-shelled-green\\\/\",\"url\":\"https:\\\/\\\/www.biopapa.lt\\\/en\\\/produktas\\\/organic-pumpkin-seeds-austrian-shelled-green\\\/\",\"name\":\"Organic pumpkin seeds from the EU (shelled, green) - Biopapa\",\"isPartOf\":{\"@id\":\"https:\\\/\\\/www.biopapa.lt\\\/#website\"},\"primaryImageOfPage\":{\"@id\":\"https:\\\/\\\/www.biopapa.lt\\\/en\\\/produktas\\\/organic-pumpkin-seeds-austrian-shelled-green\\\/#primaryimage\"},\"image\":{\"@id\":\"https:\\\/\\\/www.biopapa.lt\\\/en\\\/produktas\\\/organic-pumpkin-seeds-austrian-shelled-green\\\/#primaryimage\"},\"thumbnailUrl\":\"https:\\\/\\\/www.biopapa.lt\\\/wp-content\\\/uploads\\\/2021\\\/10\\\/Ekologiskos-moliugu-seklos-is-Austrijos-gliaudytos-zalios.jpg\",\"datePublished\":\"2021-10-01T12:21:58+00:00\",\"dateModified\":\"2023-10-25T16:22:49+00:00\",\"breadcrumb\":{\"@id\":\"https:\\\/\\\/www.biopapa.lt\\\/en\\\/produktas\\\/organic-pumpkin-seeds-austrian-shelled-green\\\/#breadcrumb\"},\"inLanguage\":\"en-US\",\"potentialAction\":[{\"@type\":\"ReadAction\",\"target\":[\"https:\\\/\\\/www.biopapa.lt\\\/en\\\/produktas\\\/organic-pumpkin-seeds-austrian-shelled-green\\\/\"]}]},{\"@type\":\"ImageObject\",\"inLanguage\":\"en-US\",\"@id\":\"https:\\\/\\\/www.biopapa.lt\\\/en\\\/produktas\\\/organic-pumpkin-seeds-austrian-shelled-green\\\/#primaryimage\",\"url\":\"https:\\\/\\\/www.biopapa.lt\\\/wp-content\\\/uploads\\\/2021\\\/10\\\/Ekologiskos-moliugu-seklos-is-Austrijos-gliaudytos-zalios.jpg\",\"contentUrl\":\"https:\\\/\\\/www.biopapa.lt\\\/wp-content\\\/uploads\\\/2021\\\/10\\\/Ekologiskos-moliugu-seklos-is-Austrijos-gliaudytos-zalios.jpg\",\"width\":800,\"height\":640,\"caption\":\"Organic pumpkin seeds from the EU (shelled, green)\"},{\"@type\":\"BreadcrumbList\",\"@id\":\"https:\\\/\\\/www.biopapa.lt\\\/en\\\/produktas\\\/organic-pumpkin-seeds-austrian-shelled-green\\\/#breadcrumb\",\"itemListElement\":[{\"@type\":\"ListItem\",\"position\":1,\"name\":\"Home\",\"item\":\"https:\\\/\\\/www.biopapa.lt\\\/en\\\/\"},{\"@type\":\"ListItem\",\"position\":2,\"name\":\"Shop\",\"item\":\"https:\\\/\\\/www.biopapa.lt\\\/en\\\/shop\\\/\"},{\"@type\":\"ListItem\",\"position\":3,\"name\":\"Organic pumpkin seeds from the EU (shelled, green)\"}]},{\"@type\":\"WebSite\",\"@id\":\"https:\\\/\\\/www.biopapa.lt\\\/#website\",\"url\":\"https:\\\/\\\/www.biopapa.lt\\\/\",\"name\":\"Biopapa\",\"description\":\"\u0160var\u016bs ekologi\u0161ki produktai\",\"publisher\":{\"@id\":\"https:\\\/\\\/www.biopapa.lt\\\/#organization\"},\"potentialAction\":[{\"@type\":\"SearchAction\",\"target\":{\"@type\":\"EntryPoint\",\"urlTemplate\":\"https:\\\/\\\/www.biopapa.lt\\\/?s={search_term_string}\"},\"query-input\":{\"@type\":\"PropertyValueSpecification\",\"valueRequired\":true,\"valueName\":\"search_term_string\"}}],\"inLanguage\":\"en-US\"},{\"@type\":\"Organization\",\"@id\":\"https:\\\/\\\/www.biopapa.lt\\\/#organization\",\"name\":\"Biopapa\",\"url\":\"https:\\\/\\\/www.biopapa.lt\\\/\",\"logo\":{\"@type\":\"ImageObject\",\"inLanguage\":\"en-US\",\"@id\":\"https:\\\/\\\/www.biopapa.lt\\\/#\\\/schema\\\/logo\\\/image\\\/\",\"url\":\"https:\\\/\\\/www.biopapa.lt\\\/wp-content\\\/uploads\\\/2022\\\/04\\\/facebook_biopapa.jpg\",\"contentUrl\":\"https:\\\/\\\/www.biopapa.lt\\\/wp-content\\\/uploads\\\/2022\\\/04\\\/facebook_biopapa.jpg\",\"width\":1733,\"height\":907,\"caption\":\"Biopapa\"},\"image\":{\"@id\":\"https:\\\/\\\/www.biopapa.lt\\\/#\\\/schema\\\/logo\\\/image\\\/\"},\"sameAs\":[\"https:\\\/\\\/www.facebook.com\\\/biopapa.lt\"]}]}<\/script>\n<!-- \/ Yoast SEO plugin. -->","yoast_head_json":{"title":"Organic pumpkin seeds from the EU (shelled, green) - Biopapa","robots":{"index":"index","follow":"follow","max-snippet":"max-snippet:-1","max-image-preview":"max-image-preview:large","max-video-preview":"max-video-preview:-1"},"canonical":"https:\/\/www.biopapa.lt\/en\/produktas\/organic-pumpkin-seeds-austrian-shelled-green\/","og_locale":"en_US","og_type":"article","og_title":"Organic pumpkin seeds from the EU (shelled, green) - Biopapa","og_description":"Organic pumpkin seeds &#8211; particularly tasty, nutritious and healthy. They are particularly rich in zinc, magnesium, copper, manganese, vitamins E,","og_url":"https:\/\/www.biopapa.lt\/en\/produktas\/organic-pumpkin-seeds-austrian-shelled-green\/","og_site_name":"Biopapa","article_publisher":"https:\/\/www.facebook.com\/biopapa.lt","article_modified_time":"2023-10-25T16:22:49+00:00","og_image":[{"width":800,"height":640,"url":"https:\/\/www.biopapa.lt\/wp-content\/uploads\/2021\/10\/Ekologiskos-moliugu-seklos-is-Austrijos-gliaudytos-zalios.jpg","type":"image\/jpeg"}],"twitter_card":"summary_large_image","schema":{"@context":"https:\/\/schema.org","@graph":[{"@type":"WebPage","@id":"https:\/\/www.biopapa.lt\/en\/produktas\/organic-pumpkin-seeds-austrian-shelled-green\/","url":"https:\/\/www.biopapa.lt\/en\/produktas\/organic-pumpkin-seeds-austrian-shelled-green\/","name":"Organic pumpkin seeds from the EU (shelled, green) - Biopapa","isPartOf":{"@id":"https:\/\/www.biopapa.lt\/#website"},"primaryImageOfPage":{"@id":"https:\/\/www.biopapa.lt\/en\/produktas\/organic-pumpkin-seeds-austrian-shelled-green\/#primaryimage"},"image":{"@id":"https:\/\/www.biopapa.lt\/en\/produktas\/organic-pumpkin-seeds-austrian-shelled-green\/#primaryimage"},"thumbnailUrl":"https:\/\/www.biopapa.lt\/wp-content\/uploads\/2021\/10\/Ekologiskos-moliugu-seklos-is-Austrijos-gliaudytos-zalios.jpg","datePublished":"2021-10-01T12:21:58+00:00","dateModified":"2023-10-25T16:22:49+00:00","breadcrumb":{"@id":"https:\/\/www.biopapa.lt\/en\/produktas\/organic-pumpkin-seeds-austrian-shelled-green\/#breadcrumb"},"inLanguage":"en-US","potentialAction":[{"@type":"ReadAction","target":["https:\/\/www.biopapa.lt\/en\/produktas\/organic-pumpkin-seeds-austrian-shelled-green\/"]}]},{"@type":"ImageObject","inLanguage":"en-US","@id":"https:\/\/www.biopapa.lt\/en\/produktas\/organic-pumpkin-seeds-austrian-shelled-green\/#primaryimage","url":"https:\/\/www.biopapa.lt\/wp-content\/uploads\/2021\/10\/Ekologiskos-moliugu-seklos-is-Austrijos-gliaudytos-zalios.jpg","contentUrl":"https:\/\/www.biopapa.lt\/wp-content\/uploads\/2021\/10\/Ekologiskos-moliugu-seklos-is-Austrijos-gliaudytos-zalios.jpg","width":800,"height":640,"caption":"Organic pumpkin seeds from the EU (shelled, green)"},{"@type":"BreadcrumbList","@id":"https:\/\/www.biopapa.lt\/en\/produktas\/organic-pumpkin-seeds-austrian-shelled-green\/#breadcrumb","itemListElement":[{"@type":"ListItem","position":1,"name":"Home","item":"https:\/\/www.biopapa.lt\/en\/"},{"@type":"ListItem","position":2,"name":"Shop","item":"https:\/\/www.biopapa.lt\/en\/shop\/"},{"@type":"ListItem","position":3,"name":"Organic pumpkin seeds from the EU (shelled, green)"}]},{"@type":"WebSite","@id":"https:\/\/www.biopapa.lt\/#website","url":"https:\/\/www.biopapa.lt\/","name":"Biopapa","description":"\u0160var\u016bs ekologi\u0161ki produktai","publisher":{"@id":"https:\/\/www.biopapa.lt\/#organization"},"potentialAction":[{"@type":"SearchAction","target":{"@type":"EntryPoint","urlTemplate":"https:\/\/www.biopapa.lt\/?s={search_term_string}"},"query-input":{"@type":"PropertyValueSpecification","valueRequired":true,"valueName":"search_term_string"}}],"inLanguage":"en-US"},{"@type":"Organization","@id":"https:\/\/www.biopapa.lt\/#organization","name":"Biopapa","url":"https:\/\/www.biopapa.lt\/","logo":{"@type":"ImageObject","inLanguage":"en-US","@id":"https:\/\/www.biopapa.lt\/#\/schema\/logo\/image\/","url":"https:\/\/www.biopapa.lt\/wp-content\/uploads\/2022\/04\/facebook_biopapa.jpg","contentUrl":"https:\/\/www.biopapa.lt\/wp-content\/uploads\/2022\/04\/facebook_biopapa.jpg","width":1733,"height":907,"caption":"Biopapa"},"image":{"@id":"https:\/\/www.biopapa.lt\/#\/schema\/logo\/image\/"},"sameAs":["https:\/\/www.facebook.com\/biopapa.lt"]}]}},"_links":{"self":[{"href":"https:\/\/www.biopapa.lt\/en\/wp-json\/wp\/v2\/product\/32850","targetHints":{"allow":["GET"]}}],"collection":[{"href":"https:\/\/www.biopapa.lt\/en\/wp-json\/wp\/v2\/product"}],"about":[{"href":"https:\/\/www.biopapa.lt\/en\/wp-json\/wp\/v2\/types\/product"}],"wp:featuredmedia":[{"embeddable":true,"href":"https:\/\/www.biopapa.lt\/en\/wp-json\/wp\/v2\/media\/28725"}],"wp:attachment":[{"href":"https:\/\/www.biopapa.lt\/en\/wp-json\/wp\/v2\/media?parent=32850"}],"wp:term":[{"taxonomy":"product_brand","embeddable":true,"href":"https:\/\/www.biopapa.lt\/en\/wp-json\/wp\/v2\/product_brand?post=32850"},{"taxonomy":"product_cat","embeddable":true,"href":"https:\/\/www.biopapa.lt\/en\/wp-json\/wp\/v2\/product_cat?post=32850"},{"taxonomy":"product_tag","embeddable":true,"href":"https:\/\/www.biopapa.lt\/en\/wp-json\/wp\/v2\/product_tag?post=32850"}],"curies":[{"name":"wp","href":"https:\/\/api.w.org\/{rel}","templated":true}]}}