{"id":32742,"date":"2022-09-19T09:38:56","date_gmt":"2022-09-19T06:38:56","guid":{"rendered":"https:\/\/www.biopapa.lt\/produktas\/organic-fenugreek-seeds\/"},"modified":"2026-02-04T13:40:11","modified_gmt":"2026-02-04T11:40:11","slug":"organic-fenugreek-seeds","status":"publish","type":"product","link":"https:\/\/www.biopapa.lt\/en\/produktas\/organic-fenugreek-seeds\/","title":{"rendered":"Organic fenugreek seeds"},"content":{"rendered":"<p><strong>The foxglove<\/strong> <em>Trigonella foenum graecum<\/em> belongs to the Fabaceae family. It is one of the most common Indian spices, particularly recognised for its culinary, medicinal and aromatic properties.<br \/>\nFenugreek has long been known in Ayurvedic and Traditional Chinese Medicine and has been used to improve health.<\/p>\n<p>Usage<br \/>\nFenugreek seeds are used both whole and ground. Fenugreek combines well with other spices such as cummin seeds, coriander seeds, fennel seeds, ginger.<br \/>\nGrind fenugreek seeds into a powder and use in vegetable and pulse dishes and snacks.  It has a bitter taste, so it is important not to overheat fenugreek seeds and to add them to dishes at the end of cooking. Their sweet aroma and flavour is said to be reminiscent of maple syrup, caramel and hay.<br \/>\nFenugreek seeds can be sprouted and used in salads.<\/p>\n<p>Make a digestive tea:<br \/>\nSteep 1 teaspoon fenugreek seeds in a cup of hot water for 5-10 minutes.<br \/>\nThe warming nature and bitter taste of fenugreek make it a great appetite stimulant and digestive aid, as it strengthens the central digestive &#8220;fire&#8221;. The seeds can be eaten after drinking the tea, and fenugreek can help to protect the body from absorbing cholesterol.<\/p>\n<p>Sources<br \/>\nhttps:\/\/www.sciencedirect.com<br \/>\nhttps:\/\/www.banyanbotanicals.com<\/p>\n<p>NOTE. The information contained herein should not be construed as a recommendation for treatment or other health issues. We encourage you to make personal decisions about your personal health, taking into account a wide range of sources of information.<\/p>\n<p>&nbsp;<\/p>\n","protected":false},"excerpt":{"rendered":"<p>The foxglove Trigonella foenum graecum belongs to the Fabaceae family. It is one of the most common Indian spices, particularly<\/p>\n","protected":false},"featured_media":29751,"template":"","meta":{"_acf_changed":false},"product_brand":[],"product_cat":[1854,2004,1853],"product_tag":[2056,2519],"class_list":{"0":"post-32742","1":"product","2":"type-product","3":"status-publish","4":"has-post-thumbnail","6":"product_cat-nuts-and-seeds","7":"product_cat-seeds","8":"product_cat-spices","9":"product_tag-keto-diet","10":"product_tag-vegan-en","11":"pa_svoris-1-kg-en-2","12":"pa_svoris-100-g-en-2","13":"pa_svoris-200-g-en","14":"pa_svoris-25-kg-en","15":"pa_svoris-300-g-en","16":"pa_svoris-400-g-en","17":"pa_svoris-50-g-en","18":"pa_svoris-500-g-en-2","20":"first","21":"instock","22":"shipping-taxable","23":"purchasable","24":"product-type-variable"},"acf":[],"yoast_head":"<!-- This site is optimized with the Yoast SEO plugin v27.5 - https:\/\/yoast.com\/product\/yoast-seo-wordpress\/ -->\n<title>Organic fenugreek seeds - Biopapa<\/title>\n<meta name=\"description\" content=\"The foxglove Trigonella foenum graecum belongs to the Fabaceae family. It is one of the most common Indian spices, particularly recognised for its culinary, medicinal and aromatic properties.\" \/>\n<meta name=\"robots\" content=\"index, follow, max-snippet:-1, max-image-preview:large, max-video-preview:-1\" \/>\n<link rel=\"canonical\" href=\"https:\/\/www.biopapa.lt\/en\/produktas\/organic-fenugreek-seeds\/\" \/>\n<meta property=\"og:locale\" content=\"en_US\" \/>\n<meta property=\"og:type\" content=\"article\" \/>\n<meta property=\"og:title\" content=\"Organic fenugreek seeds - Biopapa\" \/>\n<meta property=\"og:description\" content=\"The foxglove Trigonella foenum graecum belongs to the Fabaceae family. It is one of the most common Indian spices, particularly recognised for its culinary, medicinal and aromatic properties.\" \/>\n<meta property=\"og:url\" content=\"https:\/\/www.biopapa.lt\/en\/produktas\/organic-fenugreek-seeds\/\" \/>\n<meta property=\"og:site_name\" content=\"Biopapa\" \/>\n<meta property=\"article:publisher\" content=\"https:\/\/www.facebook.com\/biopapa.lt\" \/>\n<meta property=\"article:modified_time\" content=\"2026-02-04T11:40:11+00:00\" \/>\n<meta property=\"og:image\" content=\"https:\/\/www.biopapa.lt\/wp-content\/uploads\/2022\/09\/ozrage.png\" \/>\n\t<meta property=\"og:image:width\" content=\"800\" \/>\n\t<meta property=\"og:image:height\" content=\"640\" \/>\n\t<meta property=\"og:image:type\" content=\"image\/png\" \/>\n<meta name=\"twitter:card\" content=\"summary_large_image\" \/>\n<script type=\"application\/ld+json\" class=\"yoast-schema-graph\">{\"@context\":\"https:\\\/\\\/schema.org\",\"@graph\":[{\"@type\":\"WebPage\",\"@id\":\"https:\\\/\\\/www.biopapa.lt\\\/en\\\/produktas\\\/organic-fenugreek-seeds\\\/\",\"url\":\"https:\\\/\\\/www.biopapa.lt\\\/en\\\/produktas\\\/organic-fenugreek-seeds\\\/\",\"name\":\"Organic fenugreek seeds - Biopapa\",\"isPartOf\":{\"@id\":\"https:\\\/\\\/www.biopapa.lt\\\/#website\"},\"primaryImageOfPage\":{\"@id\":\"https:\\\/\\\/www.biopapa.lt\\\/en\\\/produktas\\\/organic-fenugreek-seeds\\\/#primaryimage\"},\"image\":{\"@id\":\"https:\\\/\\\/www.biopapa.lt\\\/en\\\/produktas\\\/organic-fenugreek-seeds\\\/#primaryimage\"},\"thumbnailUrl\":\"https:\\\/\\\/www.biopapa.lt\\\/wp-content\\\/uploads\\\/2022\\\/09\\\/ozrage.png\",\"datePublished\":\"2022-09-19T06:38:56+00:00\",\"dateModified\":\"2026-02-04T11:40:11+00:00\",\"description\":\"The foxglove Trigonella foenum graecum belongs to the Fabaceae family. It is one of the most common Indian spices, particularly recognised for its culinary, medicinal and aromatic properties.\",\"breadcrumb\":{\"@id\":\"https:\\\/\\\/www.biopapa.lt\\\/en\\\/produktas\\\/organic-fenugreek-seeds\\\/#breadcrumb\"},\"inLanguage\":\"en-US\",\"potentialAction\":[{\"@type\":\"ReadAction\",\"target\":[\"https:\\\/\\\/www.biopapa.lt\\\/en\\\/produktas\\\/organic-fenugreek-seeds\\\/\"]}]},{\"@type\":\"ImageObject\",\"inLanguage\":\"en-US\",\"@id\":\"https:\\\/\\\/www.biopapa.lt\\\/en\\\/produktas\\\/organic-fenugreek-seeds\\\/#primaryimage\",\"url\":\"https:\\\/\\\/www.biopapa.lt\\\/wp-content\\\/uploads\\\/2022\\\/09\\\/ozrage.png\",\"contentUrl\":\"https:\\\/\\\/www.biopapa.lt\\\/wp-content\\\/uploads\\\/2022\\\/09\\\/ozrage.png\",\"width\":800,\"height\":640,\"caption\":\"Organic fenugreek seeds\"},{\"@type\":\"BreadcrumbList\",\"@id\":\"https:\\\/\\\/www.biopapa.lt\\\/en\\\/produktas\\\/organic-fenugreek-seeds\\\/#breadcrumb\",\"itemListElement\":[{\"@type\":\"ListItem\",\"position\":1,\"name\":\"Home\",\"item\":\"https:\\\/\\\/www.biopapa.lt\\\/en\\\/\"},{\"@type\":\"ListItem\",\"position\":2,\"name\":\"Shop\",\"item\":\"https:\\\/\\\/www.biopapa.lt\\\/en\\\/shop\\\/\"},{\"@type\":\"ListItem\",\"position\":3,\"name\":\"Organic fenugreek seeds\"}]},{\"@type\":\"WebSite\",\"@id\":\"https:\\\/\\\/www.biopapa.lt\\\/#website\",\"url\":\"https:\\\/\\\/www.biopapa.lt\\\/\",\"name\":\"Biopapa\",\"description\":\"\u0160var\u016bs ekologi\u0161ki produktai\",\"publisher\":{\"@id\":\"https:\\\/\\\/www.biopapa.lt\\\/#organization\"},\"potentialAction\":[{\"@type\":\"SearchAction\",\"target\":{\"@type\":\"EntryPoint\",\"urlTemplate\":\"https:\\\/\\\/www.biopapa.lt\\\/?s={search_term_string}\"},\"query-input\":{\"@type\":\"PropertyValueSpecification\",\"valueRequired\":true,\"valueName\":\"search_term_string\"}}],\"inLanguage\":\"en-US\"},{\"@type\":\"Organization\",\"@id\":\"https:\\\/\\\/www.biopapa.lt\\\/#organization\",\"name\":\"Biopapa\",\"url\":\"https:\\\/\\\/www.biopapa.lt\\\/\",\"logo\":{\"@type\":\"ImageObject\",\"inLanguage\":\"en-US\",\"@id\":\"https:\\\/\\\/www.biopapa.lt\\\/#\\\/schema\\\/logo\\\/image\\\/\",\"url\":\"https:\\\/\\\/www.biopapa.lt\\\/wp-content\\\/uploads\\\/2022\\\/04\\\/facebook_biopapa.jpg\",\"contentUrl\":\"https:\\\/\\\/www.biopapa.lt\\\/wp-content\\\/uploads\\\/2022\\\/04\\\/facebook_biopapa.jpg\",\"width\":1733,\"height\":907,\"caption\":\"Biopapa\"},\"image\":{\"@id\":\"https:\\\/\\\/www.biopapa.lt\\\/#\\\/schema\\\/logo\\\/image\\\/\"},\"sameAs\":[\"https:\\\/\\\/www.facebook.com\\\/biopapa.lt\"]}]}<\/script>\n<!-- \/ Yoast SEO plugin. -->","yoast_head_json":{"title":"Organic fenugreek seeds - Biopapa","description":"The foxglove Trigonella foenum graecum belongs to the Fabaceae family. It is one of the most common Indian spices, particularly recognised for its culinary, medicinal and aromatic properties.","robots":{"index":"index","follow":"follow","max-snippet":"max-snippet:-1","max-image-preview":"max-image-preview:large","max-video-preview":"max-video-preview:-1"},"canonical":"https:\/\/www.biopapa.lt\/en\/produktas\/organic-fenugreek-seeds\/","og_locale":"en_US","og_type":"article","og_title":"Organic fenugreek seeds - Biopapa","og_description":"The foxglove Trigonella foenum graecum belongs to the Fabaceae family. It is one of the most common Indian spices, particularly recognised for its culinary, medicinal and aromatic properties.","og_url":"https:\/\/www.biopapa.lt\/en\/produktas\/organic-fenugreek-seeds\/","og_site_name":"Biopapa","article_publisher":"https:\/\/www.facebook.com\/biopapa.lt","article_modified_time":"2026-02-04T11:40:11+00:00","og_image":[{"width":800,"height":640,"url":"https:\/\/www.biopapa.lt\/wp-content\/uploads\/2022\/09\/ozrage.png","type":"image\/png"}],"twitter_card":"summary_large_image","schema":{"@context":"https:\/\/schema.org","@graph":[{"@type":"WebPage","@id":"https:\/\/www.biopapa.lt\/en\/produktas\/organic-fenugreek-seeds\/","url":"https:\/\/www.biopapa.lt\/en\/produktas\/organic-fenugreek-seeds\/","name":"Organic fenugreek seeds - Biopapa","isPartOf":{"@id":"https:\/\/www.biopapa.lt\/#website"},"primaryImageOfPage":{"@id":"https:\/\/www.biopapa.lt\/en\/produktas\/organic-fenugreek-seeds\/#primaryimage"},"image":{"@id":"https:\/\/www.biopapa.lt\/en\/produktas\/organic-fenugreek-seeds\/#primaryimage"},"thumbnailUrl":"https:\/\/www.biopapa.lt\/wp-content\/uploads\/2022\/09\/ozrage.png","datePublished":"2022-09-19T06:38:56+00:00","dateModified":"2026-02-04T11:40:11+00:00","description":"The foxglove Trigonella foenum graecum belongs to the Fabaceae family. It is one of the most common Indian spices, particularly recognised for its culinary, medicinal and aromatic properties.","breadcrumb":{"@id":"https:\/\/www.biopapa.lt\/en\/produktas\/organic-fenugreek-seeds\/#breadcrumb"},"inLanguage":"en-US","potentialAction":[{"@type":"ReadAction","target":["https:\/\/www.biopapa.lt\/en\/produktas\/organic-fenugreek-seeds\/"]}]},{"@type":"ImageObject","inLanguage":"en-US","@id":"https:\/\/www.biopapa.lt\/en\/produktas\/organic-fenugreek-seeds\/#primaryimage","url":"https:\/\/www.biopapa.lt\/wp-content\/uploads\/2022\/09\/ozrage.png","contentUrl":"https:\/\/www.biopapa.lt\/wp-content\/uploads\/2022\/09\/ozrage.png","width":800,"height":640,"caption":"Organic fenugreek seeds"},{"@type":"BreadcrumbList","@id":"https:\/\/www.biopapa.lt\/en\/produktas\/organic-fenugreek-seeds\/#breadcrumb","itemListElement":[{"@type":"ListItem","position":1,"name":"Home","item":"https:\/\/www.biopapa.lt\/en\/"},{"@type":"ListItem","position":2,"name":"Shop","item":"https:\/\/www.biopapa.lt\/en\/shop\/"},{"@type":"ListItem","position":3,"name":"Organic fenugreek seeds"}]},{"@type":"WebSite","@id":"https:\/\/www.biopapa.lt\/#website","url":"https:\/\/www.biopapa.lt\/","name":"Biopapa","description":"\u0160var\u016bs ekologi\u0161ki produktai","publisher":{"@id":"https:\/\/www.biopapa.lt\/#organization"},"potentialAction":[{"@type":"SearchAction","target":{"@type":"EntryPoint","urlTemplate":"https:\/\/www.biopapa.lt\/?s={search_term_string}"},"query-input":{"@type":"PropertyValueSpecification","valueRequired":true,"valueName":"search_term_string"}}],"inLanguage":"en-US"},{"@type":"Organization","@id":"https:\/\/www.biopapa.lt\/#organization","name":"Biopapa","url":"https:\/\/www.biopapa.lt\/","logo":{"@type":"ImageObject","inLanguage":"en-US","@id":"https:\/\/www.biopapa.lt\/#\/schema\/logo\/image\/","url":"https:\/\/www.biopapa.lt\/wp-content\/uploads\/2022\/04\/facebook_biopapa.jpg","contentUrl":"https:\/\/www.biopapa.lt\/wp-content\/uploads\/2022\/04\/facebook_biopapa.jpg","width":1733,"height":907,"caption":"Biopapa"},"image":{"@id":"https:\/\/www.biopapa.lt\/#\/schema\/logo\/image\/"},"sameAs":["https:\/\/www.facebook.com\/biopapa.lt"]}]}},"_links":{"self":[{"href":"https:\/\/www.biopapa.lt\/en\/wp-json\/wp\/v2\/product\/32742","targetHints":{"allow":["GET"]}}],"collection":[{"href":"https:\/\/www.biopapa.lt\/en\/wp-json\/wp\/v2\/product"}],"about":[{"href":"https:\/\/www.biopapa.lt\/en\/wp-json\/wp\/v2\/types\/product"}],"wp:featuredmedia":[{"embeddable":true,"href":"https:\/\/www.biopapa.lt\/en\/wp-json\/wp\/v2\/media\/29751"}],"wp:attachment":[{"href":"https:\/\/www.biopapa.lt\/en\/wp-json\/wp\/v2\/media?parent=32742"}],"wp:term":[{"taxonomy":"product_brand","embeddable":true,"href":"https:\/\/www.biopapa.lt\/en\/wp-json\/wp\/v2\/product_brand?post=32742"},{"taxonomy":"product_cat","embeddable":true,"href":"https:\/\/www.biopapa.lt\/en\/wp-json\/wp\/v2\/product_cat?post=32742"},{"taxonomy":"product_tag","embeddable":true,"href":"https:\/\/www.biopapa.lt\/en\/wp-json\/wp\/v2\/product_tag?post=32742"}],"curies":[{"name":"wp","href":"https:\/\/api.w.org\/{rel}","templated":true}]}}