{"id":32734,"date":"2022-11-17T15:50:40","date_gmt":"2022-11-17T13:50:40","guid":{"rendered":"https:\/\/www.biopapa.lt\/produktas\/organic-milk-thistle-seeds\/"},"modified":"2026-02-04T14:03:52","modified_gmt":"2026-02-04T12:03:52","slug":"organic-milk-thistle-seeds","status":"publish","type":"product","link":"https:\/\/www.biopapa.lt\/en\/produktas\/organic-milk-thistle-seeds\/","title":{"rendered":"Organic Milk Thistle seeds"},"content":{"rendered":"<p><strong>Organic Milk Thistle<\/strong> is a flowering plant native to the Mediterranean region, recognisable by its spiky leaves and purple flowers. Its seeds have been used in traditional medicine for more than 2 000 years, especially for liver and gallbladder health. Ancient Greeks and Romans valued it for detoxification and digestive support.<br \/>\nThe seeds are small, brown and slightly shiny, often collected for their unique flavour and oil. Traditionally they were crushed or ground and added to food or brewed as a tea.<br \/>\nToday, the seeds are sometimes used in cooking and snacking.<\/p>\n<p>Use: can be ground and added to salads, breakfast cereals, smoothies, smoothies or as herbal tea.<\/p>\n<p>To make the tea, add 1 teaspoon of ground marjoram (about 6 g) to a glass of water, pour over a glass of boiling water, cover and leave to steep for 15 minutes. Drink 1 cup of the infusion.<br \/>\nA daily dose of 3 teaspoons &#8211; 12-18 g of marjoram.<\/p>\n","protected":false},"excerpt":{"rendered":"<p>Organic Milk Thistle is a flowering plant native to the Mediterranean region, recognisable by its spiky leaves and purple flowers.<\/p>\n","protected":false},"featured_media":29821,"template":"","meta":{"_acf_changed":false},"product_brand":[],"product_cat":[1854,2004],"product_tag":[2030,2092,2088],"class_list":{"0":"post-32734","1":"product","2":"type-product","3":"status-publish","4":"has-post-thumbnail","6":"product_cat-nuts-and-seeds","7":"product_cat-seeds","8":"product_tag-a-source-of-protein","9":"product_tag-raw-diet","10":"product_tag-vegan","11":"pa_svoris-1-kg-en-2","12":"pa_svoris-100-g-en-2","13":"pa_svoris-200-g-en","14":"pa_svoris-25-kg-en","15":"pa_svoris-300-g-en","16":"pa_svoris-400-g-en","17":"pa_svoris-50-g-en","18":"pa_svoris-500-g-en-2","20":"first","21":"instock","22":"shipping-taxable","23":"purchasable","24":"product-type-variable"},"acf":[],"yoast_head":"<!-- This site is optimized with the Yoast SEO plugin v27.5 - https:\/\/yoast.com\/product\/yoast-seo-wordpress\/ -->\n<title>Organic Milk Thistle seeds - Biopapa<\/title>\n<meta name=\"description\" content=\"Organic seeds of the Milk Thistle will enrich and diversify your daily diet.\" \/>\n<meta name=\"robots\" content=\"index, follow, max-snippet:-1, max-image-preview:large, max-video-preview:-1\" \/>\n<link rel=\"canonical\" href=\"https:\/\/www.biopapa.lt\/en\/produktas\/organic-milk-thistle-seeds\/\" \/>\n<meta property=\"og:locale\" content=\"en_US\" \/>\n<meta property=\"og:type\" content=\"article\" \/>\n<meta property=\"og:title\" content=\"Organic Milk Thistle seeds - Biopapa\" \/>\n<meta property=\"og:description\" content=\"Organic seeds of the Milk Thistle will enrich and diversify your daily diet.\" \/>\n<meta property=\"og:url\" content=\"https:\/\/www.biopapa.lt\/en\/produktas\/organic-milk-thistle-seeds\/\" \/>\n<meta property=\"og:site_name\" content=\"Biopapa\" \/>\n<meta property=\"article:publisher\" content=\"https:\/\/www.facebook.com\/biopapa.lt\" \/>\n<meta property=\"article:modified_time\" content=\"2026-02-04T12:03:52+00:00\" \/>\n<meta property=\"og:image\" content=\"https:\/\/www.biopapa.lt\/wp-content\/uploads\/2022\/11\/Ekologiskos-tikrojo-margainio-seklos.png\" \/>\n\t<meta property=\"og:image:width\" content=\"800\" \/>\n\t<meta property=\"og:image:height\" content=\"640\" \/>\n\t<meta property=\"og:image:type\" content=\"image\/png\" \/>\n<meta name=\"twitter:card\" content=\"summary_large_image\" \/>\n<script type=\"application\/ld+json\" class=\"yoast-schema-graph\">{\"@context\":\"https:\\\/\\\/schema.org\",\"@graph\":[{\"@type\":\"WebPage\",\"@id\":\"https:\\\/\\\/www.biopapa.lt\\\/en\\\/produktas\\\/organic-milk-thistle-seeds\\\/\",\"url\":\"https:\\\/\\\/www.biopapa.lt\\\/en\\\/produktas\\\/organic-milk-thistle-seeds\\\/\",\"name\":\"Organic Milk Thistle seeds - Biopapa\",\"isPartOf\":{\"@id\":\"https:\\\/\\\/www.biopapa.lt\\\/#website\"},\"primaryImageOfPage\":{\"@id\":\"https:\\\/\\\/www.biopapa.lt\\\/en\\\/produktas\\\/organic-milk-thistle-seeds\\\/#primaryimage\"},\"image\":{\"@id\":\"https:\\\/\\\/www.biopapa.lt\\\/en\\\/produktas\\\/organic-milk-thistle-seeds\\\/#primaryimage\"},\"thumbnailUrl\":\"https:\\\/\\\/www.biopapa.lt\\\/wp-content\\\/uploads\\\/2022\\\/11\\\/Ekologiskos-tikrojo-margainio-seklos.png\",\"datePublished\":\"2022-11-17T13:50:40+00:00\",\"dateModified\":\"2026-02-04T12:03:52+00:00\",\"description\":\"Organic seeds of the Milk Thistle will enrich and diversify your daily diet.\",\"breadcrumb\":{\"@id\":\"https:\\\/\\\/www.biopapa.lt\\\/en\\\/produktas\\\/organic-milk-thistle-seeds\\\/#breadcrumb\"},\"inLanguage\":\"en-US\",\"potentialAction\":[{\"@type\":\"ReadAction\",\"target\":[\"https:\\\/\\\/www.biopapa.lt\\\/en\\\/produktas\\\/organic-milk-thistle-seeds\\\/\"]}]},{\"@type\":\"ImageObject\",\"inLanguage\":\"en-US\",\"@id\":\"https:\\\/\\\/www.biopapa.lt\\\/en\\\/produktas\\\/organic-milk-thistle-seeds\\\/#primaryimage\",\"url\":\"https:\\\/\\\/www.biopapa.lt\\\/wp-content\\\/uploads\\\/2022\\\/11\\\/Ekologiskos-tikrojo-margainio-seklos.png\",\"contentUrl\":\"https:\\\/\\\/www.biopapa.lt\\\/wp-content\\\/uploads\\\/2022\\\/11\\\/Ekologiskos-tikrojo-margainio-seklos.png\",\"width\":800,\"height\":640,\"caption\":\"Organic seeds of the Milk Thistle\"},{\"@type\":\"BreadcrumbList\",\"@id\":\"https:\\\/\\\/www.biopapa.lt\\\/en\\\/produktas\\\/organic-milk-thistle-seeds\\\/#breadcrumb\",\"itemListElement\":[{\"@type\":\"ListItem\",\"position\":1,\"name\":\"Home\",\"item\":\"https:\\\/\\\/www.biopapa.lt\\\/en\\\/\"},{\"@type\":\"ListItem\",\"position\":2,\"name\":\"Shop\",\"item\":\"https:\\\/\\\/www.biopapa.lt\\\/en\\\/shop\\\/\"},{\"@type\":\"ListItem\",\"position\":3,\"name\":\"Organic Milk Thistle seeds\"}]},{\"@type\":\"WebSite\",\"@id\":\"https:\\\/\\\/www.biopapa.lt\\\/#website\",\"url\":\"https:\\\/\\\/www.biopapa.lt\\\/\",\"name\":\"Biopapa\",\"description\":\"\u0160var\u016bs ekologi\u0161ki produktai\",\"publisher\":{\"@id\":\"https:\\\/\\\/www.biopapa.lt\\\/#organization\"},\"potentialAction\":[{\"@type\":\"SearchAction\",\"target\":{\"@type\":\"EntryPoint\",\"urlTemplate\":\"https:\\\/\\\/www.biopapa.lt\\\/?s={search_term_string}\"},\"query-input\":{\"@type\":\"PropertyValueSpecification\",\"valueRequired\":true,\"valueName\":\"search_term_string\"}}],\"inLanguage\":\"en-US\"},{\"@type\":\"Organization\",\"@id\":\"https:\\\/\\\/www.biopapa.lt\\\/#organization\",\"name\":\"Biopapa\",\"url\":\"https:\\\/\\\/www.biopapa.lt\\\/\",\"logo\":{\"@type\":\"ImageObject\",\"inLanguage\":\"en-US\",\"@id\":\"https:\\\/\\\/www.biopapa.lt\\\/#\\\/schema\\\/logo\\\/image\\\/\",\"url\":\"https:\\\/\\\/www.biopapa.lt\\\/wp-content\\\/uploads\\\/2022\\\/04\\\/facebook_biopapa.jpg\",\"contentUrl\":\"https:\\\/\\\/www.biopapa.lt\\\/wp-content\\\/uploads\\\/2022\\\/04\\\/facebook_biopapa.jpg\",\"width\":1733,\"height\":907,\"caption\":\"Biopapa\"},\"image\":{\"@id\":\"https:\\\/\\\/www.biopapa.lt\\\/#\\\/schema\\\/logo\\\/image\\\/\"},\"sameAs\":[\"https:\\\/\\\/www.facebook.com\\\/biopapa.lt\"]}]}<\/script>\n<!-- \/ Yoast SEO plugin. -->","yoast_head_json":{"title":"Organic Milk Thistle seeds - Biopapa","description":"Organic seeds of the Milk Thistle will enrich and diversify your daily diet.","robots":{"index":"index","follow":"follow","max-snippet":"max-snippet:-1","max-image-preview":"max-image-preview:large","max-video-preview":"max-video-preview:-1"},"canonical":"https:\/\/www.biopapa.lt\/en\/produktas\/organic-milk-thistle-seeds\/","og_locale":"en_US","og_type":"article","og_title":"Organic Milk Thistle seeds - Biopapa","og_description":"Organic seeds of the Milk Thistle will enrich and diversify your daily diet.","og_url":"https:\/\/www.biopapa.lt\/en\/produktas\/organic-milk-thistle-seeds\/","og_site_name":"Biopapa","article_publisher":"https:\/\/www.facebook.com\/biopapa.lt","article_modified_time":"2026-02-04T12:03:52+00:00","og_image":[{"width":800,"height":640,"url":"https:\/\/www.biopapa.lt\/wp-content\/uploads\/2022\/11\/Ekologiskos-tikrojo-margainio-seklos.png","type":"image\/png"}],"twitter_card":"summary_large_image","schema":{"@context":"https:\/\/schema.org","@graph":[{"@type":"WebPage","@id":"https:\/\/www.biopapa.lt\/en\/produktas\/organic-milk-thistle-seeds\/","url":"https:\/\/www.biopapa.lt\/en\/produktas\/organic-milk-thistle-seeds\/","name":"Organic Milk Thistle seeds - Biopapa","isPartOf":{"@id":"https:\/\/www.biopapa.lt\/#website"},"primaryImageOfPage":{"@id":"https:\/\/www.biopapa.lt\/en\/produktas\/organic-milk-thistle-seeds\/#primaryimage"},"image":{"@id":"https:\/\/www.biopapa.lt\/en\/produktas\/organic-milk-thistle-seeds\/#primaryimage"},"thumbnailUrl":"https:\/\/www.biopapa.lt\/wp-content\/uploads\/2022\/11\/Ekologiskos-tikrojo-margainio-seklos.png","datePublished":"2022-11-17T13:50:40+00:00","dateModified":"2026-02-04T12:03:52+00:00","description":"Organic seeds of the Milk Thistle will enrich and diversify your daily diet.","breadcrumb":{"@id":"https:\/\/www.biopapa.lt\/en\/produktas\/organic-milk-thistle-seeds\/#breadcrumb"},"inLanguage":"en-US","potentialAction":[{"@type":"ReadAction","target":["https:\/\/www.biopapa.lt\/en\/produktas\/organic-milk-thistle-seeds\/"]}]},{"@type":"ImageObject","inLanguage":"en-US","@id":"https:\/\/www.biopapa.lt\/en\/produktas\/organic-milk-thistle-seeds\/#primaryimage","url":"https:\/\/www.biopapa.lt\/wp-content\/uploads\/2022\/11\/Ekologiskos-tikrojo-margainio-seklos.png","contentUrl":"https:\/\/www.biopapa.lt\/wp-content\/uploads\/2022\/11\/Ekologiskos-tikrojo-margainio-seklos.png","width":800,"height":640,"caption":"Organic seeds of the Milk Thistle"},{"@type":"BreadcrumbList","@id":"https:\/\/www.biopapa.lt\/en\/produktas\/organic-milk-thistle-seeds\/#breadcrumb","itemListElement":[{"@type":"ListItem","position":1,"name":"Home","item":"https:\/\/www.biopapa.lt\/en\/"},{"@type":"ListItem","position":2,"name":"Shop","item":"https:\/\/www.biopapa.lt\/en\/shop\/"},{"@type":"ListItem","position":3,"name":"Organic Milk Thistle seeds"}]},{"@type":"WebSite","@id":"https:\/\/www.biopapa.lt\/#website","url":"https:\/\/www.biopapa.lt\/","name":"Biopapa","description":"\u0160var\u016bs ekologi\u0161ki produktai","publisher":{"@id":"https:\/\/www.biopapa.lt\/#organization"},"potentialAction":[{"@type":"SearchAction","target":{"@type":"EntryPoint","urlTemplate":"https:\/\/www.biopapa.lt\/?s={search_term_string}"},"query-input":{"@type":"PropertyValueSpecification","valueRequired":true,"valueName":"search_term_string"}}],"inLanguage":"en-US"},{"@type":"Organization","@id":"https:\/\/www.biopapa.lt\/#organization","name":"Biopapa","url":"https:\/\/www.biopapa.lt\/","logo":{"@type":"ImageObject","inLanguage":"en-US","@id":"https:\/\/www.biopapa.lt\/#\/schema\/logo\/image\/","url":"https:\/\/www.biopapa.lt\/wp-content\/uploads\/2022\/04\/facebook_biopapa.jpg","contentUrl":"https:\/\/www.biopapa.lt\/wp-content\/uploads\/2022\/04\/facebook_biopapa.jpg","width":1733,"height":907,"caption":"Biopapa"},"image":{"@id":"https:\/\/www.biopapa.lt\/#\/schema\/logo\/image\/"},"sameAs":["https:\/\/www.facebook.com\/biopapa.lt"]}]}},"_links":{"self":[{"href":"https:\/\/www.biopapa.lt\/en\/wp-json\/wp\/v2\/product\/32734","targetHints":{"allow":["GET"]}}],"collection":[{"href":"https:\/\/www.biopapa.lt\/en\/wp-json\/wp\/v2\/product"}],"about":[{"href":"https:\/\/www.biopapa.lt\/en\/wp-json\/wp\/v2\/types\/product"}],"wp:featuredmedia":[{"embeddable":true,"href":"https:\/\/www.biopapa.lt\/en\/wp-json\/wp\/v2\/media\/29821"}],"wp:attachment":[{"href":"https:\/\/www.biopapa.lt\/en\/wp-json\/wp\/v2\/media?parent=32734"}],"wp:term":[{"taxonomy":"product_brand","embeddable":true,"href":"https:\/\/www.biopapa.lt\/en\/wp-json\/wp\/v2\/product_brand?post=32734"},{"taxonomy":"product_cat","embeddable":true,"href":"https:\/\/www.biopapa.lt\/en\/wp-json\/wp\/v2\/product_cat?post=32734"},{"taxonomy":"product_tag","embeddable":true,"href":"https:\/\/www.biopapa.lt\/en\/wp-json\/wp\/v2\/product_tag?post=32734"}],"curies":[{"name":"wp","href":"https:\/\/api.w.org\/{rel}","templated":true}]}}