{"id":32543,"date":"2022-12-16T13:33:10","date_gmt":"2022-12-16T11:33:10","guid":{"rendered":"https:\/\/www.biopapa.lt\/produktas\/organic-dried-mango-balls\/"},"modified":"2025-12-11T09:25:37","modified_gmt":"2025-12-11T07:25:37","slug":"organic-dried-mango-balls","status":"publish","type":"product","link":"https:\/\/www.biopapa.lt\/en\/produktas\/organic-dried-mango-balls\/","title":{"rendered":"Organic dried mango balls"},"content":{"rendered":"<p><strong>Organic dried mango balls<\/strong> are a healthy treat the whole family can enjoy.<br \/>\nThe natural sugar in the fruit provides a quick and natural energy boost, making these balls a great choice for an energising snack for children and adults alike, before a workout or on busy days.<br \/>\nTheir fibre content helps to maintain good digestion and manage hunger.<\/p>\n<p>These mango balls can be enjoyed as a snack or used creatively in recipes. From a simple treat to a breakfast bowl, their natural sweetness will add a subtle tropical touch to a variety of dishes.<br \/>\nOrganic dried mango balls made from 100% dried mangoes with no added sugar. <\/p>\n<p>Let food be your medicine!<\/p>\n<p>NOTE. The information provided on this website shall not be construed as a recommendation for treatment or any other form of health advice. We encourage you to make personal decisions about your personal health, taking into account a wide range of sources of information.<\/p>\n","protected":false},"excerpt":{"rendered":"<p>Organic dried mango balls are a healthy treat the whole family can enjoy. The natural sugar in the fruit provides<\/p>\n","protected":false},"featured_media":29723,"template":"","meta":{"_acf_changed":false},"product_brand":[],"product_cat":[1849,1959],"product_tag":[2032,2038,2384,2088],"class_list":{"0":"post-32543","1":"product","2":"type-product","3":"status-publish","4":"has-post-thumbnail","6":"product_cat-dried-fruit-berries-and-vegetables","7":"product_cat-dried-fruits","8":"product_tag-gmo-free","9":"product_tag-no-added-sugar","10":"product_tag-organic","11":"product_tag-vegan","12":"pa_svoris-1-kg-en-2","13":"pa_svoris-10-kg-en","14":"pa_svoris-100-g-en-2","15":"pa_svoris-2-5-kg-en","16":"pa_svoris-20-g-en","17":"pa_svoris-200-g-en","18":"pa_svoris-300-g-en","19":"pa_svoris-400-g-en","20":"pa_svoris-500-g-en-2","22":"first","23":"instock","24":"shipping-taxable","25":"purchasable","26":"product-type-variable"},"acf":[],"yoast_head":"<!-- This site is optimized with the Yoast SEO plugin v27.5 - https:\/\/yoast.com\/product\/yoast-seo-wordpress\/ -->\n<title>Organic dried mango balls - Biopapa<\/title>\n<meta name=\"description\" content=\"Organic dried mango balls with intense flavour and aroma. A tasty snack that both children and adults will enjoy.Sugar-free.\" \/>\n<meta name=\"robots\" content=\"index, follow, max-snippet:-1, max-image-preview:large, max-video-preview:-1\" \/>\n<link rel=\"canonical\" href=\"https:\/\/www.biopapa.lt\/en\/produktas\/organic-dried-mango-balls\/\" \/>\n<meta property=\"og:locale\" content=\"en_US\" \/>\n<meta property=\"og:type\" content=\"article\" \/>\n<meta property=\"og:title\" content=\"Organic dried mango balls - Biopapa\" \/>\n<meta property=\"og:description\" content=\"Organic dried mango balls with intense flavour and aroma. A tasty snack that both children and adults will enjoy.Sugar-free.\" \/>\n<meta property=\"og:url\" content=\"https:\/\/www.biopapa.lt\/en\/produktas\/organic-dried-mango-balls\/\" \/>\n<meta property=\"og:site_name\" content=\"Biopapa\" \/>\n<meta property=\"article:publisher\" content=\"https:\/\/www.facebook.com\/biopapa.lt\" \/>\n<meta property=\"article:modified_time\" content=\"2025-12-11T07:25:37+00:00\" \/>\n<meta property=\"og:image\" content=\"https:\/\/www.biopapa.lt\/wp-content\/uploads\/2022\/12\/mango-rutuliukai.png\" \/>\n\t<meta property=\"og:image:width\" content=\"800\" \/>\n\t<meta property=\"og:image:height\" content=\"640\" \/>\n\t<meta property=\"og:image:type\" content=\"image\/png\" \/>\n<meta name=\"twitter:card\" content=\"summary_large_image\" \/>\n<script type=\"application\/ld+json\" class=\"yoast-schema-graph\">{\"@context\":\"https:\\\/\\\/schema.org\",\"@graph\":[{\"@type\":\"WebPage\",\"@id\":\"https:\\\/\\\/www.biopapa.lt\\\/en\\\/produktas\\\/organic-dried-mango-balls\\\/\",\"url\":\"https:\\\/\\\/www.biopapa.lt\\\/en\\\/produktas\\\/organic-dried-mango-balls\\\/\",\"name\":\"Organic dried mango balls - Biopapa\",\"isPartOf\":{\"@id\":\"https:\\\/\\\/www.biopapa.lt\\\/#website\"},\"primaryImageOfPage\":{\"@id\":\"https:\\\/\\\/www.biopapa.lt\\\/en\\\/produktas\\\/organic-dried-mango-balls\\\/#primaryimage\"},\"image\":{\"@id\":\"https:\\\/\\\/www.biopapa.lt\\\/en\\\/produktas\\\/organic-dried-mango-balls\\\/#primaryimage\"},\"thumbnailUrl\":\"https:\\\/\\\/www.biopapa.lt\\\/wp-content\\\/uploads\\\/2022\\\/12\\\/mango-rutuliukai.png\",\"datePublished\":\"2022-12-16T11:33:10+00:00\",\"dateModified\":\"2025-12-11T07:25:37+00:00\",\"description\":\"Organic dried mango balls with intense flavour and aroma. A tasty snack that both children and adults will enjoy.Sugar-free.\",\"breadcrumb\":{\"@id\":\"https:\\\/\\\/www.biopapa.lt\\\/en\\\/produktas\\\/organic-dried-mango-balls\\\/#breadcrumb\"},\"inLanguage\":\"en-US\",\"potentialAction\":[{\"@type\":\"ReadAction\",\"target\":[\"https:\\\/\\\/www.biopapa.lt\\\/en\\\/produktas\\\/organic-dried-mango-balls\\\/\"]}]},{\"@type\":\"ImageObject\",\"inLanguage\":\"en-US\",\"@id\":\"https:\\\/\\\/www.biopapa.lt\\\/en\\\/produktas\\\/organic-dried-mango-balls\\\/#primaryimage\",\"url\":\"https:\\\/\\\/www.biopapa.lt\\\/wp-content\\\/uploads\\\/2022\\\/12\\\/mango-rutuliukai.png\",\"contentUrl\":\"https:\\\/\\\/www.biopapa.lt\\\/wp-content\\\/uploads\\\/2022\\\/12\\\/mango-rutuliukai.png\",\"width\":800,\"height\":640,\"caption\":\"Organic dried mango balls\"},{\"@type\":\"BreadcrumbList\",\"@id\":\"https:\\\/\\\/www.biopapa.lt\\\/en\\\/produktas\\\/organic-dried-mango-balls\\\/#breadcrumb\",\"itemListElement\":[{\"@type\":\"ListItem\",\"position\":1,\"name\":\"Home\",\"item\":\"https:\\\/\\\/www.biopapa.lt\\\/en\\\/\"},{\"@type\":\"ListItem\",\"position\":2,\"name\":\"Shop\",\"item\":\"https:\\\/\\\/www.biopapa.lt\\\/en\\\/shop\\\/\"},{\"@type\":\"ListItem\",\"position\":3,\"name\":\"Organic dried mango balls\"}]},{\"@type\":\"WebSite\",\"@id\":\"https:\\\/\\\/www.biopapa.lt\\\/#website\",\"url\":\"https:\\\/\\\/www.biopapa.lt\\\/\",\"name\":\"Biopapa\",\"description\":\"\u0160var\u016bs ekologi\u0161ki produktai\",\"publisher\":{\"@id\":\"https:\\\/\\\/www.biopapa.lt\\\/#organization\"},\"potentialAction\":[{\"@type\":\"SearchAction\",\"target\":{\"@type\":\"EntryPoint\",\"urlTemplate\":\"https:\\\/\\\/www.biopapa.lt\\\/?s={search_term_string}\"},\"query-input\":{\"@type\":\"PropertyValueSpecification\",\"valueRequired\":true,\"valueName\":\"search_term_string\"}}],\"inLanguage\":\"en-US\"},{\"@type\":\"Organization\",\"@id\":\"https:\\\/\\\/www.biopapa.lt\\\/#organization\",\"name\":\"Biopapa\",\"url\":\"https:\\\/\\\/www.biopapa.lt\\\/\",\"logo\":{\"@type\":\"ImageObject\",\"inLanguage\":\"en-US\",\"@id\":\"https:\\\/\\\/www.biopapa.lt\\\/#\\\/schema\\\/logo\\\/image\\\/\",\"url\":\"https:\\\/\\\/www.biopapa.lt\\\/wp-content\\\/uploads\\\/2022\\\/04\\\/facebook_biopapa.jpg\",\"contentUrl\":\"https:\\\/\\\/www.biopapa.lt\\\/wp-content\\\/uploads\\\/2022\\\/04\\\/facebook_biopapa.jpg\",\"width\":1733,\"height\":907,\"caption\":\"Biopapa\"},\"image\":{\"@id\":\"https:\\\/\\\/www.biopapa.lt\\\/#\\\/schema\\\/logo\\\/image\\\/\"},\"sameAs\":[\"https:\\\/\\\/www.facebook.com\\\/biopapa.lt\"]}]}<\/script>\n<!-- \/ Yoast SEO plugin. -->","yoast_head_json":{"title":"Organic dried mango balls - Biopapa","description":"Organic dried mango balls with intense flavour and aroma. A tasty snack that both children and adults will enjoy.Sugar-free.","robots":{"index":"index","follow":"follow","max-snippet":"max-snippet:-1","max-image-preview":"max-image-preview:large","max-video-preview":"max-video-preview:-1"},"canonical":"https:\/\/www.biopapa.lt\/en\/produktas\/organic-dried-mango-balls\/","og_locale":"en_US","og_type":"article","og_title":"Organic dried mango balls - Biopapa","og_description":"Organic dried mango balls with intense flavour and aroma. A tasty snack that both children and adults will enjoy.Sugar-free.","og_url":"https:\/\/www.biopapa.lt\/en\/produktas\/organic-dried-mango-balls\/","og_site_name":"Biopapa","article_publisher":"https:\/\/www.facebook.com\/biopapa.lt","article_modified_time":"2025-12-11T07:25:37+00:00","og_image":[{"width":800,"height":640,"url":"https:\/\/www.biopapa.lt\/wp-content\/uploads\/2022\/12\/mango-rutuliukai.png","type":"image\/png"}],"twitter_card":"summary_large_image","schema":{"@context":"https:\/\/schema.org","@graph":[{"@type":"WebPage","@id":"https:\/\/www.biopapa.lt\/en\/produktas\/organic-dried-mango-balls\/","url":"https:\/\/www.biopapa.lt\/en\/produktas\/organic-dried-mango-balls\/","name":"Organic dried mango balls - Biopapa","isPartOf":{"@id":"https:\/\/www.biopapa.lt\/#website"},"primaryImageOfPage":{"@id":"https:\/\/www.biopapa.lt\/en\/produktas\/organic-dried-mango-balls\/#primaryimage"},"image":{"@id":"https:\/\/www.biopapa.lt\/en\/produktas\/organic-dried-mango-balls\/#primaryimage"},"thumbnailUrl":"https:\/\/www.biopapa.lt\/wp-content\/uploads\/2022\/12\/mango-rutuliukai.png","datePublished":"2022-12-16T11:33:10+00:00","dateModified":"2025-12-11T07:25:37+00:00","description":"Organic dried mango balls with intense flavour and aroma. A tasty snack that both children and adults will enjoy.Sugar-free.","breadcrumb":{"@id":"https:\/\/www.biopapa.lt\/en\/produktas\/organic-dried-mango-balls\/#breadcrumb"},"inLanguage":"en-US","potentialAction":[{"@type":"ReadAction","target":["https:\/\/www.biopapa.lt\/en\/produktas\/organic-dried-mango-balls\/"]}]},{"@type":"ImageObject","inLanguage":"en-US","@id":"https:\/\/www.biopapa.lt\/en\/produktas\/organic-dried-mango-balls\/#primaryimage","url":"https:\/\/www.biopapa.lt\/wp-content\/uploads\/2022\/12\/mango-rutuliukai.png","contentUrl":"https:\/\/www.biopapa.lt\/wp-content\/uploads\/2022\/12\/mango-rutuliukai.png","width":800,"height":640,"caption":"Organic dried mango balls"},{"@type":"BreadcrumbList","@id":"https:\/\/www.biopapa.lt\/en\/produktas\/organic-dried-mango-balls\/#breadcrumb","itemListElement":[{"@type":"ListItem","position":1,"name":"Home","item":"https:\/\/www.biopapa.lt\/en\/"},{"@type":"ListItem","position":2,"name":"Shop","item":"https:\/\/www.biopapa.lt\/en\/shop\/"},{"@type":"ListItem","position":3,"name":"Organic dried mango balls"}]},{"@type":"WebSite","@id":"https:\/\/www.biopapa.lt\/#website","url":"https:\/\/www.biopapa.lt\/","name":"Biopapa","description":"\u0160var\u016bs ekologi\u0161ki produktai","publisher":{"@id":"https:\/\/www.biopapa.lt\/#organization"},"potentialAction":[{"@type":"SearchAction","target":{"@type":"EntryPoint","urlTemplate":"https:\/\/www.biopapa.lt\/?s={search_term_string}"},"query-input":{"@type":"PropertyValueSpecification","valueRequired":true,"valueName":"search_term_string"}}],"inLanguage":"en-US"},{"@type":"Organization","@id":"https:\/\/www.biopapa.lt\/#organization","name":"Biopapa","url":"https:\/\/www.biopapa.lt\/","logo":{"@type":"ImageObject","inLanguage":"en-US","@id":"https:\/\/www.biopapa.lt\/#\/schema\/logo\/image\/","url":"https:\/\/www.biopapa.lt\/wp-content\/uploads\/2022\/04\/facebook_biopapa.jpg","contentUrl":"https:\/\/www.biopapa.lt\/wp-content\/uploads\/2022\/04\/facebook_biopapa.jpg","width":1733,"height":907,"caption":"Biopapa"},"image":{"@id":"https:\/\/www.biopapa.lt\/#\/schema\/logo\/image\/"},"sameAs":["https:\/\/www.facebook.com\/biopapa.lt"]}]}},"_links":{"self":[{"href":"https:\/\/www.biopapa.lt\/en\/wp-json\/wp\/v2\/product\/32543","targetHints":{"allow":["GET"]}}],"collection":[{"href":"https:\/\/www.biopapa.lt\/en\/wp-json\/wp\/v2\/product"}],"about":[{"href":"https:\/\/www.biopapa.lt\/en\/wp-json\/wp\/v2\/types\/product"}],"wp:featuredmedia":[{"embeddable":true,"href":"https:\/\/www.biopapa.lt\/en\/wp-json\/wp\/v2\/media\/29723"}],"wp:attachment":[{"href":"https:\/\/www.biopapa.lt\/en\/wp-json\/wp\/v2\/media?parent=32543"}],"wp:term":[{"taxonomy":"product_brand","embeddable":true,"href":"https:\/\/www.biopapa.lt\/en\/wp-json\/wp\/v2\/product_brand?post=32543"},{"taxonomy":"product_cat","embeddable":true,"href":"https:\/\/www.biopapa.lt\/en\/wp-json\/wp\/v2\/product_cat?post=32543"},{"taxonomy":"product_tag","embeddable":true,"href":"https:\/\/www.biopapa.lt\/en\/wp-json\/wp\/v2\/product_tag?post=32543"}],"curies":[{"name":"wp","href":"https:\/\/api.w.org\/{rel}","templated":true}]}}