{"id":32435,"date":"2021-07-28T18:51:50","date_gmt":"2021-07-28T15:51:50","guid":{"rendered":"https:\/\/www.biopapa.lt\/produktas\/organic-ground-ginger\/"},"modified":"2025-05-22T13:42:31","modified_gmt":"2025-05-22T10:42:31","slug":"organic-ginger-powder","status":"publish","type":"product","link":"https:\/\/www.biopapa.lt\/en\/produktas\/organic-ginger-powder\/","title":{"rendered":"Organic ground ginger"},"content":{"rendered":"<p><strong>Ginger<\/strong> is considered one of the most valuable and widely used herbs and its healing effects have been known for centuries. Ginger, Latin <em>Zingiber officinale<\/em>, is a perennial plant found mainly in China, India and Nepal.<br \/>\nGinger comes from a family of plants that includes cardamom and turmeric. Its pungent taste is mainly due to ketones, especially gingerols, which are the main components of ginger and have been studied in many health-related scientific studies. In India and China, ginger has been used for millennia. Ginger is believed to have arrived in the Roman Empire from India 2,000 years ago, spreading throughout Europe.<br \/>\nLike many medicinal plants, ginger&#8217;s health benefits have been passed on by word of mouth and have not had the scientific evidence to back up many of the claims. However, over the last few years, many studies have been carried out on the properties of ginger and its various components, which have confirmed the multiple health benefits of ginger.<br \/>\nSo, ginger is not only great tasting, but also has many health benefits. The most commonly used part is the above-ground rhizome, sometimes incorrectly referred to as the root.<br \/>\nWhen consuming ginger, think &#8220;digestion&#8221;, although it is not only in this area that it can be beneficial.  <\/p>\n<p>Ginger is used both fresh and dried. <a href=\"https:\/\/www.biopapa.lt\/en\/produktas\/organic-ginger-roots\/\">Fresh ginger<\/a> is safe for most people. Dry ginger is spicier and may be too strong for some, so it should be used sparingly in summer and early autumn.<\/p>\n<p>Dried ginger powder and <a href=\"https:\/\/www.biopapa.lt\/en\/produktas\/organic-ginger-roots\/\">fresh ginger<\/a> are used as a spice in cooking. It also combines well with other spices such as turmeric, cumin, coriander, fennel and cinnamon. Ginger is used in sauces, curries, marinades, soup, stews, baked goods and tea.<br \/>\nGinger is particularly suitable for the winter season. Ginger tea not only provides cosy warmth on cold winter days, but can also be used to give a wonderful warming flavour to biscuits and other sweets. Most of us probably don&#8217;t go without ginger-flavoured treats on our Christmas table.<\/p>\n<p>Remark. Dried ginger is safe to consume, but it is not advisable to consume doses higher than 5 grams per day. Dried ginger powder is not recommended for frequent use during hot summer days.<\/p>\n<p class=\"p1\"><em>Recipes:<\/em><\/p>\n<ol>\n<li>Prepare a few apples, cut out the stems with the seeds and put them in a baking dish with 1\/2 cup of water. Grate fresh ginger into the raisin-cinnamon mixture. Fill the apples with this mixture and bake at 170 C for about 30 minutes. Drizzle with agave or maple syrup after baking. Delicious!<\/li>\n<li>Chop <a href=\"https:\/\/www.biopapa.lt\/en\/produktas\/organic-ginger-roots\/\">fresh ginger<\/a>, splash with lemon juice and eat with a pinch of Himalayan salt. This is said to help nutrient absorption.<\/li>\n<li>Grate 1 teaspoon of <a href=\"https:\/\/www.biopapa.lt\/en\/produktas\/organic-ginger-roots\/\">fresh ginger<\/a> very finely (to the consistency of porridge), add a pinch of Himalayan salt and a drop of oil, and eat 10-15 minutes before lunch. This stimulates digestion.<\/li>\n<li>CHAI Masala Tea Spice Blend:<br \/>\n6 tbsp <a href=\"https:\/\/www.biopapa.lt\/en\/produktas\/organic-ginger-powder\/\">dry ginger powder<\/a> 45g<br \/>\n\u00bd cup<a href=\"https:\/\/www.biopapa.lt\/en\/produktas\/organic-cardamom-pods\/\"> raw cardamom pods<\/a> or 80g <a href=\"https:\/\/www.biopapa.lt\/en\/produktas\/organic-ground-cardamom\/\">raw cardamom powder<\/a><br \/>\n\u00bc <a href=\"https:\/\/www.biopapa.lt\/en\/produktas\/organic-whole-cloves\/\">cup cloves<\/a> or 18g <a href=\"https:\/\/www.biopapa.lt\/en\/produktas\/organic-ground-cloves\/\">clove powder<\/a><br \/>\n\u00bc <a href=\"https:\/\/www.biopapa.lt\/en\/produktas\/organic-black-peppercorns\/\">cup black peppercorns<\/a> or 30g <a href=\"https:\/\/www.biopapa.lt\/produktas\/ekologiski-malti-juodieji-pipirai-raw\/\">black pepper powder<\/a><br \/>\n1-1,5 <a href=\"https:\/\/www.biopapa.lt\/en\/produktas\/organic-ceylon-cinnamon-sticks\/\">cinnamon sticks<\/a> or 8g <a href=\"https:\/\/www.biopapa.lt\/en\/produktas\/organic-ground-ceylon-cinnamon\/\">cinnamon powder<\/a><\/li>\n<\/ol>\n<p class=\"p1\">Grind all the ingredients in a coffee or spice grinder to a coarse powder. Mix the ingredients well and store in an airtight container in a dry and dark place. This mixture can be made from already ground spices.<br \/>\nFor each cup of CHAI masala, use 1\/4 of the<span class=\"Apple-converted-space\">  <\/span>&#8211; 1\/2 teaspoon (whatever strength you prefer) of this spice mix. Bring water to the boil, add the powder to the water and cook over a low heat for about 1-3 minutes, add the vegetable drink or milk and bring to the boil. <\/p>\n<p class=\"p3\"><em>Sources<\/em><br \/>\nhttps:\/\/someindiangirl.com<br \/>\n<span class=\"s1\">https:\/\/www.tcmworld.org<br \/>\n<\/span><span class=\"s1\">https:\/\/www.banyanbotanicals.com<\/span><\/p>\n<p class=\"p1\"><em><span class=\"s2\">NOTE. <\/span>The information contained herein is not to be construed as a recommendation for treatment or other health issues.<\/em><br \/>\n<em>We encourage you to make personal health decisions based on your own personal experience and consideration of a variety of sources of information.<\/em><\/p>\n","protected":false},"excerpt":{"rendered":"<p>Ginger is considered one of the most valuable and widely used herbs and its healing effects have been known for<\/p>\n","protected":false},"featured_media":28813,"template":"","meta":{"_acf_changed":false},"product_brand":[],"product_cat":[1848,2353,1853],"product_tag":[2088],"class_list":{"0":"post-32435","1":"product","2":"type-product","3":"status-publish","4":"has-post-thumbnail","6":"product_cat-plant-based-superfood","7":"product_cat-powder","8":"product_cat-spices","9":"product_tag-vegan","10":"pa_svoris-1-kg-en-2","11":"pa_svoris-100-g-en-2","12":"pa_svoris-20-kg-en","13":"pa_svoris-200-g-en","14":"pa_svoris-25-g-en","15":"pa_svoris-300-g-en","16":"pa_svoris-400-g-en","17":"pa_svoris-50-g-en","18":"pa_svoris-500-g-en-2","20":"first","21":"instock","22":"shipping-taxable","23":"purchasable","24":"product-type-variable"},"acf":[],"yoast_head":"<!-- This site is optimized with the Yoast SEO plugin v27.5 - https:\/\/yoast.com\/product\/yoast-seo-wordpress\/ -->\n<title>Organic ground ginger - Biopapa<\/title>\n<meta name=\"description\" content=\"Dried ginger has more dehydrating properties, but also more bitterness than fresh ginger, so it warms the body more, making it more suitable for reducing excess mucus and phlegm.\" \/>\n<meta name=\"robots\" content=\"index, follow, max-snippet:-1, max-image-preview:large, max-video-preview:-1\" \/>\n<link rel=\"canonical\" href=\"https:\/\/www.biopapa.lt\/en\/produktas\/organic-ginger-powder\/\" \/>\n<meta property=\"og:locale\" content=\"en_US\" \/>\n<meta property=\"og:type\" content=\"article\" \/>\n<meta property=\"og:title\" content=\"Organic ground ginger - Biopapa\" \/>\n<meta property=\"og:description\" content=\"Dried ginger has more dehydrating properties, but also more bitterness than fresh ginger, so it warms the body more, making it more suitable for reducing excess mucus and phlegm.\" \/>\n<meta property=\"og:url\" content=\"https:\/\/www.biopapa.lt\/en\/produktas\/organic-ginger-powder\/\" \/>\n<meta property=\"og:site_name\" content=\"Biopapa\" \/>\n<meta property=\"article:publisher\" content=\"https:\/\/www.facebook.com\/biopapa.lt\" \/>\n<meta property=\"article:modified_time\" content=\"2025-05-22T10:42:31+00:00\" \/>\n<meta property=\"og:image\" content=\"https:\/\/www.biopapa.lt\/wp-content\/uploads\/2021\/07\/Ekologiskas-maltas-imbieras.jpg\" \/>\n\t<meta property=\"og:image:width\" content=\"800\" \/>\n\t<meta property=\"og:image:height\" content=\"640\" \/>\n\t<meta property=\"og:image:type\" content=\"image\/jpeg\" \/>\n<meta name=\"twitter:card\" content=\"summary_large_image\" \/>\n<script type=\"application\/ld+json\" class=\"yoast-schema-graph\">{\"@context\":\"https:\\\/\\\/schema.org\",\"@graph\":[{\"@type\":\"WebPage\",\"@id\":\"https:\\\/\\\/www.biopapa.lt\\\/en\\\/produktas\\\/organic-ginger-powder\\\/\",\"url\":\"https:\\\/\\\/www.biopapa.lt\\\/en\\\/produktas\\\/organic-ginger-powder\\\/\",\"name\":\"Organic ground ginger - Biopapa\",\"isPartOf\":{\"@id\":\"https:\\\/\\\/www.biopapa.lt\\\/#website\"},\"primaryImageOfPage\":{\"@id\":\"https:\\\/\\\/www.biopapa.lt\\\/en\\\/produktas\\\/organic-ginger-powder\\\/#primaryimage\"},\"image\":{\"@id\":\"https:\\\/\\\/www.biopapa.lt\\\/en\\\/produktas\\\/organic-ginger-powder\\\/#primaryimage\"},\"thumbnailUrl\":\"https:\\\/\\\/www.biopapa.lt\\\/wp-content\\\/uploads\\\/2021\\\/07\\\/Ekologiskas-maltas-imbieras.jpg\",\"datePublished\":\"2021-07-28T15:51:50+00:00\",\"dateModified\":\"2025-05-22T10:42:31+00:00\",\"description\":\"Dried ginger has more dehydrating properties, but also more bitterness than fresh ginger, so it warms the body more, making it more suitable for reducing excess mucus and phlegm.\",\"breadcrumb\":{\"@id\":\"https:\\\/\\\/www.biopapa.lt\\\/en\\\/produktas\\\/organic-ginger-powder\\\/#breadcrumb\"},\"inLanguage\":\"en-US\",\"potentialAction\":[{\"@type\":\"ReadAction\",\"target\":[\"https:\\\/\\\/www.biopapa.lt\\\/en\\\/produktas\\\/organic-ginger-powder\\\/\"]}]},{\"@type\":\"ImageObject\",\"inLanguage\":\"en-US\",\"@id\":\"https:\\\/\\\/www.biopapa.lt\\\/en\\\/produktas\\\/organic-ginger-powder\\\/#primaryimage\",\"url\":\"https:\\\/\\\/www.biopapa.lt\\\/wp-content\\\/uploads\\\/2021\\\/07\\\/Ekologiskas-maltas-imbieras.jpg\",\"contentUrl\":\"https:\\\/\\\/www.biopapa.lt\\\/wp-content\\\/uploads\\\/2021\\\/07\\\/Ekologiskas-maltas-imbieras.jpg\",\"width\":800,\"height\":640,\"caption\":\"Organic ground ginger\"},{\"@type\":\"BreadcrumbList\",\"@id\":\"https:\\\/\\\/www.biopapa.lt\\\/en\\\/produktas\\\/organic-ginger-powder\\\/#breadcrumb\",\"itemListElement\":[{\"@type\":\"ListItem\",\"position\":1,\"name\":\"Home\",\"item\":\"https:\\\/\\\/www.biopapa.lt\\\/en\\\/\"},{\"@type\":\"ListItem\",\"position\":2,\"name\":\"Shop\",\"item\":\"https:\\\/\\\/www.biopapa.lt\\\/en\\\/shop\\\/\"},{\"@type\":\"ListItem\",\"position\":3,\"name\":\"Organic ground ginger\"}]},{\"@type\":\"WebSite\",\"@id\":\"https:\\\/\\\/www.biopapa.lt\\\/#website\",\"url\":\"https:\\\/\\\/www.biopapa.lt\\\/\",\"name\":\"Biopapa\",\"description\":\"\u0160var\u016bs ekologi\u0161ki produktai\",\"publisher\":{\"@id\":\"https:\\\/\\\/www.biopapa.lt\\\/#organization\"},\"potentialAction\":[{\"@type\":\"SearchAction\",\"target\":{\"@type\":\"EntryPoint\",\"urlTemplate\":\"https:\\\/\\\/www.biopapa.lt\\\/?s={search_term_string}\"},\"query-input\":{\"@type\":\"PropertyValueSpecification\",\"valueRequired\":true,\"valueName\":\"search_term_string\"}}],\"inLanguage\":\"en-US\"},{\"@type\":\"Organization\",\"@id\":\"https:\\\/\\\/www.biopapa.lt\\\/#organization\",\"name\":\"Biopapa\",\"url\":\"https:\\\/\\\/www.biopapa.lt\\\/\",\"logo\":{\"@type\":\"ImageObject\",\"inLanguage\":\"en-US\",\"@id\":\"https:\\\/\\\/www.biopapa.lt\\\/#\\\/schema\\\/logo\\\/image\\\/\",\"url\":\"https:\\\/\\\/www.biopapa.lt\\\/wp-content\\\/uploads\\\/2022\\\/04\\\/facebook_biopapa.jpg\",\"contentUrl\":\"https:\\\/\\\/www.biopapa.lt\\\/wp-content\\\/uploads\\\/2022\\\/04\\\/facebook_biopapa.jpg\",\"width\":1733,\"height\":907,\"caption\":\"Biopapa\"},\"image\":{\"@id\":\"https:\\\/\\\/www.biopapa.lt\\\/#\\\/schema\\\/logo\\\/image\\\/\"},\"sameAs\":[\"https:\\\/\\\/www.facebook.com\\\/biopapa.lt\"]}]}<\/script>\n<!-- \/ Yoast SEO plugin. -->","yoast_head_json":{"title":"Organic ground ginger - Biopapa","description":"Dried ginger has more dehydrating properties, but also more bitterness than fresh ginger, so it warms the body more, making it more suitable for reducing excess mucus and phlegm.","robots":{"index":"index","follow":"follow","max-snippet":"max-snippet:-1","max-image-preview":"max-image-preview:large","max-video-preview":"max-video-preview:-1"},"canonical":"https:\/\/www.biopapa.lt\/en\/produktas\/organic-ginger-powder\/","og_locale":"en_US","og_type":"article","og_title":"Organic ground ginger - Biopapa","og_description":"Dried ginger has more dehydrating properties, but also more bitterness than fresh ginger, so it warms the body more, making it more suitable for reducing excess mucus and phlegm.","og_url":"https:\/\/www.biopapa.lt\/en\/produktas\/organic-ginger-powder\/","og_site_name":"Biopapa","article_publisher":"https:\/\/www.facebook.com\/biopapa.lt","article_modified_time":"2025-05-22T10:42:31+00:00","og_image":[{"width":800,"height":640,"url":"https:\/\/www.biopapa.lt\/wp-content\/uploads\/2021\/07\/Ekologiskas-maltas-imbieras.jpg","type":"image\/jpeg"}],"twitter_card":"summary_large_image","schema":{"@context":"https:\/\/schema.org","@graph":[{"@type":"WebPage","@id":"https:\/\/www.biopapa.lt\/en\/produktas\/organic-ginger-powder\/","url":"https:\/\/www.biopapa.lt\/en\/produktas\/organic-ginger-powder\/","name":"Organic ground ginger - Biopapa","isPartOf":{"@id":"https:\/\/www.biopapa.lt\/#website"},"primaryImageOfPage":{"@id":"https:\/\/www.biopapa.lt\/en\/produktas\/organic-ginger-powder\/#primaryimage"},"image":{"@id":"https:\/\/www.biopapa.lt\/en\/produktas\/organic-ginger-powder\/#primaryimage"},"thumbnailUrl":"https:\/\/www.biopapa.lt\/wp-content\/uploads\/2021\/07\/Ekologiskas-maltas-imbieras.jpg","datePublished":"2021-07-28T15:51:50+00:00","dateModified":"2025-05-22T10:42:31+00:00","description":"Dried ginger has more dehydrating properties, but also more bitterness than fresh ginger, so it warms the body more, making it more suitable for reducing excess mucus and phlegm.","breadcrumb":{"@id":"https:\/\/www.biopapa.lt\/en\/produktas\/organic-ginger-powder\/#breadcrumb"},"inLanguage":"en-US","potentialAction":[{"@type":"ReadAction","target":["https:\/\/www.biopapa.lt\/en\/produktas\/organic-ginger-powder\/"]}]},{"@type":"ImageObject","inLanguage":"en-US","@id":"https:\/\/www.biopapa.lt\/en\/produktas\/organic-ginger-powder\/#primaryimage","url":"https:\/\/www.biopapa.lt\/wp-content\/uploads\/2021\/07\/Ekologiskas-maltas-imbieras.jpg","contentUrl":"https:\/\/www.biopapa.lt\/wp-content\/uploads\/2021\/07\/Ekologiskas-maltas-imbieras.jpg","width":800,"height":640,"caption":"Organic ground ginger"},{"@type":"BreadcrumbList","@id":"https:\/\/www.biopapa.lt\/en\/produktas\/organic-ginger-powder\/#breadcrumb","itemListElement":[{"@type":"ListItem","position":1,"name":"Home","item":"https:\/\/www.biopapa.lt\/en\/"},{"@type":"ListItem","position":2,"name":"Shop","item":"https:\/\/www.biopapa.lt\/en\/shop\/"},{"@type":"ListItem","position":3,"name":"Organic ground ginger"}]},{"@type":"WebSite","@id":"https:\/\/www.biopapa.lt\/#website","url":"https:\/\/www.biopapa.lt\/","name":"Biopapa","description":"\u0160var\u016bs ekologi\u0161ki produktai","publisher":{"@id":"https:\/\/www.biopapa.lt\/#organization"},"potentialAction":[{"@type":"SearchAction","target":{"@type":"EntryPoint","urlTemplate":"https:\/\/www.biopapa.lt\/?s={search_term_string}"},"query-input":{"@type":"PropertyValueSpecification","valueRequired":true,"valueName":"search_term_string"}}],"inLanguage":"en-US"},{"@type":"Organization","@id":"https:\/\/www.biopapa.lt\/#organization","name":"Biopapa","url":"https:\/\/www.biopapa.lt\/","logo":{"@type":"ImageObject","inLanguage":"en-US","@id":"https:\/\/www.biopapa.lt\/#\/schema\/logo\/image\/","url":"https:\/\/www.biopapa.lt\/wp-content\/uploads\/2022\/04\/facebook_biopapa.jpg","contentUrl":"https:\/\/www.biopapa.lt\/wp-content\/uploads\/2022\/04\/facebook_biopapa.jpg","width":1733,"height":907,"caption":"Biopapa"},"image":{"@id":"https:\/\/www.biopapa.lt\/#\/schema\/logo\/image\/"},"sameAs":["https:\/\/www.facebook.com\/biopapa.lt"]}]}},"_links":{"self":[{"href":"https:\/\/www.biopapa.lt\/en\/wp-json\/wp\/v2\/product\/32435","targetHints":{"allow":["GET"]}}],"collection":[{"href":"https:\/\/www.biopapa.lt\/en\/wp-json\/wp\/v2\/product"}],"about":[{"href":"https:\/\/www.biopapa.lt\/en\/wp-json\/wp\/v2\/types\/product"}],"wp:featuredmedia":[{"embeddable":true,"href":"https:\/\/www.biopapa.lt\/en\/wp-json\/wp\/v2\/media\/28813"}],"wp:attachment":[{"href":"https:\/\/www.biopapa.lt\/en\/wp-json\/wp\/v2\/media?parent=32435"}],"wp:term":[{"taxonomy":"product_brand","embeddable":true,"href":"https:\/\/www.biopapa.lt\/en\/wp-json\/wp\/v2\/product_brand?post=32435"},{"taxonomy":"product_cat","embeddable":true,"href":"https:\/\/www.biopapa.lt\/en\/wp-json\/wp\/v2\/product_cat?post=32435"},{"taxonomy":"product_tag","embeddable":true,"href":"https:\/\/www.biopapa.lt\/en\/wp-json\/wp\/v2\/product_tag?post=32435"}],"curies":[{"name":"wp","href":"https:\/\/api.w.org\/{rel}","templated":true}]}}