{"id":32259,"date":"2022-10-29T16:30:27","date_gmt":"2022-10-29T13:30:27","guid":{"rendered":"https:\/\/www.biopapa.lt\/produktas\/organic-lions-mane-hericium-erinaceus-mushroom-powder\/"},"modified":"2025-12-11T16:35:25","modified_gmt":"2025-12-11T14:35:25","slug":"organic-lions-mane-hericium-erinaceus-mooshroom-powder","status":"publish","type":"product","link":"https:\/\/www.biopapa.lt\/en\/produktas\/organic-lions-mane-hericium-erinaceus-mooshroom-powder\/","title":{"rendered":"Organic Lion&#8217;s Mane (Hericium erinaceus) mushroom powder"},"content":{"rendered":"<p><strong>Organic Lion&#8217;s Mane (Lion&#8217;s mane, Hericium erinaceus) mushroom powder<br \/>\n<\/strong>Organic Lion&#8217;s mane (Lion&#8217;s mane, Hericium erinaceus), a distinctive mushroom with a white &#8220;whisker&#8221; resembling a lion&#8217;s mane, is native to North America, Europe and Asia. In traditional systems such as Traditional Chinese Medicine (TCM), they have been used for centuries and are known in Mandarin as &#8220;Hou Tou Gu&#8221; and are highly valued for their health benefits. With a rich history rooted in several continents, the Lion&#8217;s mane continues to enjoy a growing interest, being grown and studied for its promising contribution to health and general well-being.<br \/>\nLion&#8217;s Mane mushrooms are often associated with promoting mental clarity and improving memory.<\/p>\n<p><em>Uses<br \/>\n<\/em>&#8211; Teas and tonics: Lion&#8217;s Mane Powder has been used to make beverages, usually by mixing it into hot water or tea.<br \/>\n&#8211; Soups\/broths: Lion&#8217;s Mane Powder has been used to make broths and soups in traditional Chinese medicine.<\/p>\n<p>The mild flavour of lion&#8217;s mane mushroom makes it a versatile ingredient. Be creative in the kitchen and use mushroom powder in dishes such as broths, omelettes, pasta sauces or even as a pizza topping.<br \/>\nLion&#8217;s Mane powder can be added to smoothies, tea or even sprinkled on cereals, porridge or yoghurt.<\/p>\n<p><em>Caution<br \/>\n<\/em>Allergic reactions are rare, but may occur in some people.<br \/>\nIf you are taking medication, consult a healthcare professional.<br \/>\nThere is insufficient reliable information on whether it is safe for use in pregnant or lactating women.<\/p>\n<p>Dosage<br \/>\nThe recommended dose is 1 g per day for up to 16 weeks.<\/p>\n<p><em>Sources<\/em><br \/>\nhttps:\/\/www.drugs.com<br \/>\nhttps:\/\/www.healthline.com<\/p>\n<p><em>NOTE. The information contained herein should not be construed as a recommendation for treatment or other health issues. We encourage you to make personal decisions about your personal health, taking into account a wide range of sources of information.<\/em><\/p>\n","protected":false},"excerpt":{"rendered":"<p>Organic Lion&#8217;s Mane (Lion&#8217;s mane, Hericium erinaceus) mushroom powder Organic Lion&#8217;s mane (Lion&#8217;s mane, Hericium erinaceus), a distinctive mushroom with<\/p>\n","protected":false},"featured_media":30079,"template":"","meta":{"_acf_changed":false},"product_brand":[],"product_cat":[1849,2693,1848,2353],"product_tag":[2088],"class_list":{"0":"post-32259","1":"product","2":"type-product","3":"status-publish","4":"has-post-thumbnail","6":"product_cat-dried-fruit-berries-and-vegetables","7":"product_cat-dried-mushrooms-and-powders","8":"product_cat-plant-based-superfood","9":"product_cat-powder","10":"product_tag-vegan","11":"pa_svoris-1-kg-en-2","12":"pa_svoris-100-g-en-2","13":"pa_svoris-200-g-en","14":"pa_svoris-30-g-en","15":"pa_svoris-300-g-en","16":"pa_svoris-400-g-en","17":"pa_svoris-5-kg-en-2","18":"pa_svoris-50-g-en","19":"pa_svoris-500-g-en-2","21":"first","22":"instock","23":"shipping-taxable","24":"purchasable","25":"product-type-variable"},"acf":[],"yoast_head":"<!-- This site is optimized with the Yoast SEO plugin v27.5 - https:\/\/yoast.com\/product\/yoast-seo-wordpress\/ -->\n<title>Organic Lion&#039;s Mane (Hericium erinaceus) mushroom powder - Biopapa<\/title>\n<meta name=\"description\" content=\"Organic Lion&#039;s mane mushrooms (Hericium erinaceus), distinctive mushrooms with white &#039;tendrils&#039; resembling lion&#039;s mane, are native to North America, Eu Lion&#039;s Mane mushrooms have been used for centuries and are highly valued for their health benefits.\" \/>\n<meta name=\"robots\" content=\"index, follow, max-snippet:-1, max-image-preview:large, max-video-preview:-1\" \/>\n<link rel=\"canonical\" href=\"https:\/\/www.biopapa.lt\/en\/produktas\/organic-lions-mane-hericium-erinaceus-mooshroom-powder\/\" \/>\n<meta property=\"og:locale\" content=\"en_US\" \/>\n<meta property=\"og:type\" content=\"article\" \/>\n<meta property=\"og:title\" content=\"Organic Lion&#039;s Mane (Hericium erinaceus) mushroom powder - Biopapa\" \/>\n<meta property=\"og:description\" content=\"Organic Lion&#039;s mane mushrooms (Hericium erinaceus), distinctive mushrooms with white &#039;tendrils&#039; resembling lion&#039;s mane, are native to North America, Eu Lion&#039;s Mane mushrooms have been used for centuries and are highly valued for their health benefits.\" \/>\n<meta property=\"og:url\" content=\"https:\/\/www.biopapa.lt\/en\/produktas\/organic-lions-mane-hericium-erinaceus-mooshroom-powder\/\" \/>\n<meta property=\"og:site_name\" content=\"Biopapa\" \/>\n<meta property=\"article:publisher\" content=\"https:\/\/www.facebook.com\/biopapa.lt\" \/>\n<meta property=\"article:modified_time\" content=\"2025-12-11T14:35:25+00:00\" \/>\n<meta property=\"og:image\" content=\"https:\/\/www.biopapa.lt\/wp-content\/uploads\/2022\/10\/My-project-1.png\" \/>\n\t<meta property=\"og:image:width\" content=\"800\" \/>\n\t<meta property=\"og:image:height\" content=\"640\" \/>\n\t<meta property=\"og:image:type\" content=\"image\/png\" \/>\n<meta name=\"twitter:card\" content=\"summary_large_image\" \/>\n<script type=\"application\/ld+json\" class=\"yoast-schema-graph\">{\"@context\":\"https:\\\/\\\/schema.org\",\"@graph\":[{\"@type\":\"WebPage\",\"@id\":\"https:\\\/\\\/www.biopapa.lt\\\/en\\\/produktas\\\/organic-lions-mane-hericium-erinaceus-mooshroom-powder\\\/\",\"url\":\"https:\\\/\\\/www.biopapa.lt\\\/en\\\/produktas\\\/organic-lions-mane-hericium-erinaceus-mooshroom-powder\\\/\",\"name\":\"Organic Lion's Mane (Hericium erinaceus) mushroom powder - Biopapa\",\"isPartOf\":{\"@id\":\"https:\\\/\\\/www.biopapa.lt\\\/#website\"},\"primaryImageOfPage\":{\"@id\":\"https:\\\/\\\/www.biopapa.lt\\\/en\\\/produktas\\\/organic-lions-mane-hericium-erinaceus-mooshroom-powder\\\/#primaryimage\"},\"image\":{\"@id\":\"https:\\\/\\\/www.biopapa.lt\\\/en\\\/produktas\\\/organic-lions-mane-hericium-erinaceus-mooshroom-powder\\\/#primaryimage\"},\"thumbnailUrl\":\"https:\\\/\\\/www.biopapa.lt\\\/wp-content\\\/uploads\\\/2022\\\/10\\\/My-project-1.png\",\"datePublished\":\"2022-10-29T13:30:27+00:00\",\"dateModified\":\"2025-12-11T14:35:25+00:00\",\"description\":\"Organic Lion's mane mushrooms (Hericium erinaceus), distinctive mushrooms with white 'tendrils' resembling lion's mane, are native to North America, Eu Lion's Mane mushrooms have been used for centuries and are highly valued for their health benefits.\",\"breadcrumb\":{\"@id\":\"https:\\\/\\\/www.biopapa.lt\\\/en\\\/produktas\\\/organic-lions-mane-hericium-erinaceus-mooshroom-powder\\\/#breadcrumb\"},\"inLanguage\":\"en-US\",\"potentialAction\":[{\"@type\":\"ReadAction\",\"target\":[\"https:\\\/\\\/www.biopapa.lt\\\/en\\\/produktas\\\/organic-lions-mane-hericium-erinaceus-mooshroom-powder\\\/\"]}]},{\"@type\":\"ImageObject\",\"inLanguage\":\"en-US\",\"@id\":\"https:\\\/\\\/www.biopapa.lt\\\/en\\\/produktas\\\/organic-lions-mane-hericium-erinaceus-mooshroom-powder\\\/#primaryimage\",\"url\":\"https:\\\/\\\/www.biopapa.lt\\\/wp-content\\\/uploads\\\/2022\\\/10\\\/My-project-1.png\",\"contentUrl\":\"https:\\\/\\\/www.biopapa.lt\\\/wp-content\\\/uploads\\\/2022\\\/10\\\/My-project-1.png\",\"width\":800,\"height\":640,\"caption\":\"Organic Lion's Mane (Hericium erinaceus) mushroom powder\"},{\"@type\":\"BreadcrumbList\",\"@id\":\"https:\\\/\\\/www.biopapa.lt\\\/en\\\/produktas\\\/organic-lions-mane-hericium-erinaceus-mooshroom-powder\\\/#breadcrumb\",\"itemListElement\":[{\"@type\":\"ListItem\",\"position\":1,\"name\":\"Home\",\"item\":\"https:\\\/\\\/www.biopapa.lt\\\/en\\\/\"},{\"@type\":\"ListItem\",\"position\":2,\"name\":\"Shop\",\"item\":\"https:\\\/\\\/www.biopapa.lt\\\/en\\\/shop\\\/\"},{\"@type\":\"ListItem\",\"position\":3,\"name\":\"Organic Lion&#8217;s Mane (Hericium erinaceus) mushroom powder\"}]},{\"@type\":\"WebSite\",\"@id\":\"https:\\\/\\\/www.biopapa.lt\\\/#website\",\"url\":\"https:\\\/\\\/www.biopapa.lt\\\/\",\"name\":\"Biopapa\",\"description\":\"\u0160var\u016bs ekologi\u0161ki produktai\",\"publisher\":{\"@id\":\"https:\\\/\\\/www.biopapa.lt\\\/#organization\"},\"potentialAction\":[{\"@type\":\"SearchAction\",\"target\":{\"@type\":\"EntryPoint\",\"urlTemplate\":\"https:\\\/\\\/www.biopapa.lt\\\/?s={search_term_string}\"},\"query-input\":{\"@type\":\"PropertyValueSpecification\",\"valueRequired\":true,\"valueName\":\"search_term_string\"}}],\"inLanguage\":\"en-US\"},{\"@type\":\"Organization\",\"@id\":\"https:\\\/\\\/www.biopapa.lt\\\/#organization\",\"name\":\"Biopapa\",\"url\":\"https:\\\/\\\/www.biopapa.lt\\\/\",\"logo\":{\"@type\":\"ImageObject\",\"inLanguage\":\"en-US\",\"@id\":\"https:\\\/\\\/www.biopapa.lt\\\/#\\\/schema\\\/logo\\\/image\\\/\",\"url\":\"https:\\\/\\\/www.biopapa.lt\\\/wp-content\\\/uploads\\\/2022\\\/04\\\/facebook_biopapa.jpg\",\"contentUrl\":\"https:\\\/\\\/www.biopapa.lt\\\/wp-content\\\/uploads\\\/2022\\\/04\\\/facebook_biopapa.jpg\",\"width\":1733,\"height\":907,\"caption\":\"Biopapa\"},\"image\":{\"@id\":\"https:\\\/\\\/www.biopapa.lt\\\/#\\\/schema\\\/logo\\\/image\\\/\"},\"sameAs\":[\"https:\\\/\\\/www.facebook.com\\\/biopapa.lt\"]}]}<\/script>\n<!-- \/ Yoast SEO plugin. -->","yoast_head_json":{"title":"Organic Lion's Mane (Hericium erinaceus) mushroom powder - Biopapa","description":"Organic Lion's mane mushrooms (Hericium erinaceus), distinctive mushrooms with white 'tendrils' resembling lion's mane, are native to North America, Eu Lion's Mane mushrooms have been used for centuries and are highly valued for their health benefits.","robots":{"index":"index","follow":"follow","max-snippet":"max-snippet:-1","max-image-preview":"max-image-preview:large","max-video-preview":"max-video-preview:-1"},"canonical":"https:\/\/www.biopapa.lt\/en\/produktas\/organic-lions-mane-hericium-erinaceus-mooshroom-powder\/","og_locale":"en_US","og_type":"article","og_title":"Organic Lion's Mane (Hericium erinaceus) mushroom powder - Biopapa","og_description":"Organic Lion's mane mushrooms (Hericium erinaceus), distinctive mushrooms with white 'tendrils' resembling lion's mane, are native to North America, Eu Lion's Mane mushrooms have been used for centuries and are highly valued for their health benefits.","og_url":"https:\/\/www.biopapa.lt\/en\/produktas\/organic-lions-mane-hericium-erinaceus-mooshroom-powder\/","og_site_name":"Biopapa","article_publisher":"https:\/\/www.facebook.com\/biopapa.lt","article_modified_time":"2025-12-11T14:35:25+00:00","og_image":[{"width":800,"height":640,"url":"https:\/\/www.biopapa.lt\/wp-content\/uploads\/2022\/10\/My-project-1.png","type":"image\/png"}],"twitter_card":"summary_large_image","schema":{"@context":"https:\/\/schema.org","@graph":[{"@type":"WebPage","@id":"https:\/\/www.biopapa.lt\/en\/produktas\/organic-lions-mane-hericium-erinaceus-mooshroom-powder\/","url":"https:\/\/www.biopapa.lt\/en\/produktas\/organic-lions-mane-hericium-erinaceus-mooshroom-powder\/","name":"Organic Lion's Mane (Hericium erinaceus) mushroom powder - Biopapa","isPartOf":{"@id":"https:\/\/www.biopapa.lt\/#website"},"primaryImageOfPage":{"@id":"https:\/\/www.biopapa.lt\/en\/produktas\/organic-lions-mane-hericium-erinaceus-mooshroom-powder\/#primaryimage"},"image":{"@id":"https:\/\/www.biopapa.lt\/en\/produktas\/organic-lions-mane-hericium-erinaceus-mooshroom-powder\/#primaryimage"},"thumbnailUrl":"https:\/\/www.biopapa.lt\/wp-content\/uploads\/2022\/10\/My-project-1.png","datePublished":"2022-10-29T13:30:27+00:00","dateModified":"2025-12-11T14:35:25+00:00","description":"Organic Lion's mane mushrooms (Hericium erinaceus), distinctive mushrooms with white 'tendrils' resembling lion's mane, are native to North America, Eu Lion's Mane mushrooms have been used for centuries and are highly valued for their health benefits.","breadcrumb":{"@id":"https:\/\/www.biopapa.lt\/en\/produktas\/organic-lions-mane-hericium-erinaceus-mooshroom-powder\/#breadcrumb"},"inLanguage":"en-US","potentialAction":[{"@type":"ReadAction","target":["https:\/\/www.biopapa.lt\/en\/produktas\/organic-lions-mane-hericium-erinaceus-mooshroom-powder\/"]}]},{"@type":"ImageObject","inLanguage":"en-US","@id":"https:\/\/www.biopapa.lt\/en\/produktas\/organic-lions-mane-hericium-erinaceus-mooshroom-powder\/#primaryimage","url":"https:\/\/www.biopapa.lt\/wp-content\/uploads\/2022\/10\/My-project-1.png","contentUrl":"https:\/\/www.biopapa.lt\/wp-content\/uploads\/2022\/10\/My-project-1.png","width":800,"height":640,"caption":"Organic Lion's Mane (Hericium erinaceus) mushroom powder"},{"@type":"BreadcrumbList","@id":"https:\/\/www.biopapa.lt\/en\/produktas\/organic-lions-mane-hericium-erinaceus-mooshroom-powder\/#breadcrumb","itemListElement":[{"@type":"ListItem","position":1,"name":"Home","item":"https:\/\/www.biopapa.lt\/en\/"},{"@type":"ListItem","position":2,"name":"Shop","item":"https:\/\/www.biopapa.lt\/en\/shop\/"},{"@type":"ListItem","position":3,"name":"Organic Lion&#8217;s Mane (Hericium erinaceus) mushroom powder"}]},{"@type":"WebSite","@id":"https:\/\/www.biopapa.lt\/#website","url":"https:\/\/www.biopapa.lt\/","name":"Biopapa","description":"\u0160var\u016bs ekologi\u0161ki produktai","publisher":{"@id":"https:\/\/www.biopapa.lt\/#organization"},"potentialAction":[{"@type":"SearchAction","target":{"@type":"EntryPoint","urlTemplate":"https:\/\/www.biopapa.lt\/?s={search_term_string}"},"query-input":{"@type":"PropertyValueSpecification","valueRequired":true,"valueName":"search_term_string"}}],"inLanguage":"en-US"},{"@type":"Organization","@id":"https:\/\/www.biopapa.lt\/#organization","name":"Biopapa","url":"https:\/\/www.biopapa.lt\/","logo":{"@type":"ImageObject","inLanguage":"en-US","@id":"https:\/\/www.biopapa.lt\/#\/schema\/logo\/image\/","url":"https:\/\/www.biopapa.lt\/wp-content\/uploads\/2022\/04\/facebook_biopapa.jpg","contentUrl":"https:\/\/www.biopapa.lt\/wp-content\/uploads\/2022\/04\/facebook_biopapa.jpg","width":1733,"height":907,"caption":"Biopapa"},"image":{"@id":"https:\/\/www.biopapa.lt\/#\/schema\/logo\/image\/"},"sameAs":["https:\/\/www.facebook.com\/biopapa.lt"]}]}},"_links":{"self":[{"href":"https:\/\/www.biopapa.lt\/en\/wp-json\/wp\/v2\/product\/32259","targetHints":{"allow":["GET"]}}],"collection":[{"href":"https:\/\/www.biopapa.lt\/en\/wp-json\/wp\/v2\/product"}],"about":[{"href":"https:\/\/www.biopapa.lt\/en\/wp-json\/wp\/v2\/types\/product"}],"wp:featuredmedia":[{"embeddable":true,"href":"https:\/\/www.biopapa.lt\/en\/wp-json\/wp\/v2\/media\/30079"}],"wp:attachment":[{"href":"https:\/\/www.biopapa.lt\/en\/wp-json\/wp\/v2\/media?parent=32259"}],"wp:term":[{"taxonomy":"product_brand","embeddable":true,"href":"https:\/\/www.biopapa.lt\/en\/wp-json\/wp\/v2\/product_brand?post=32259"},{"taxonomy":"product_cat","embeddable":true,"href":"https:\/\/www.biopapa.lt\/en\/wp-json\/wp\/v2\/product_cat?post=32259"},{"taxonomy":"product_tag","embeddable":true,"href":"https:\/\/www.biopapa.lt\/en\/wp-json\/wp\/v2\/product_tag?post=32259"}],"curies":[{"name":"wp","href":"https:\/\/api.w.org\/{rel}","templated":true}]}}