{"id":32242,"date":"2022-05-03T16:33:44","date_gmt":"2022-05-03T13:33:44","guid":{"rendered":"https:\/\/www.biopapa.lt\/produktas\/organic-psyllium-husk-lobe-powder\/"},"modified":"2024-05-27T12:17:11","modified_gmt":"2024-05-27T09:17:11","slug":"organic-phsylium-husk-powder","status":"publish","type":"product","link":"https:\/\/www.biopapa.lt\/en\/produktas\/organic-phsylium-husk-powder\/","title":{"rendered":"Organic Psyllium Husk Lobe Powder"},"content":{"rendered":"<p><strong>Organic Psyllium Husk Pow<\/strong>der is derived from the seeds of the <em>Plantago ovata<\/em> plant, which grows in Western Asia and the Mediterranean regions. The plant has been cultivated for centuries for medicinal and dietary purposes. The name &#8216;psyllium&#8217; is derived from the Greek word &#8216;psulla&#8217;, which means &#8216;flea&#8217;, referring to the small flea-like seeds of the plant.<\/p>\n<p>The health benefits of St John&#8217;s Wort have been used since ancient times. It has been recognised for its digestive-enhancing properties and its seeds and husks have often been used to alleviate various gastrointestinal problems. Over time, it has become popular in various parts of the world, as studies have shown that it can support digestive health, manage cholesterol and regulate blood sugar levels.<br \/>\nToday, the use of milk thistle is popular in various forms, including whole seeds, husks and powder. They have received recognition for their role in promoting digestive regularity, heart health and blood sugar control.<\/p>\n<p>Powdered seed hulls of white plantain are an excellent source of soluble fibre. They absorb water well and form a gel-like substance in the digestive tract to help with regular bowel movements. This can be particularly helpful for those who suffer from constipation.<br \/>\nThe soluble fibre in the mycelium of the seed husk promotes satiety, which can help curb appetite and reduce calorie intake.<br \/>\nSome studies suggest that regular consumption of milk thistle seed husk powder may help to lower LDL (bad) cholesterol levels, which may reduce the risk of heart disease.<br \/>\nSoluble fibre can also slow the absorption of sugar and help stabilise blood sugar levels. This can be useful for people with diabetes or those at risk of developing the disease.<br \/>\nPowdered seed hulls of the white plantain seeds can be used as probiotics to promote the growth of beneficial gut bacteria. A healthy gut microbiome is linked to various aspects of overall health, including immune function and mental well-being.<\/p>\n<p><em>Attention<\/em><br \/>\nIn some people, the powdered seeds of the hulls of the seeds of the elderflower may cause gas, bloating or stomach cramps, especially if taken in large quantities or without enough water.<br \/>\nRarely, people may be allergic to the seed hulls of the seeds of the white-headed plantain, and may experience symptoms such as itching, hives or difficulty breathing.<br \/>\nPowdered elderberry seed hulls may interfere with the absorption of certain medicines, so it is very important to take it separately from any prescription medicines.<br \/>\nThis product is intended for adults.<\/p>\n<p><em>Use of<\/em><br \/>\nTo relieve constipation, take powdered white plantain seed hulls with plenty of water, as the fibre absorbs moisture in the intestines to soften stools. About 5 g three times a day with a glass of water is recommended.<\/p>\n<p>Powdered white plantain seed hulls may help with diarrhoea when taken with less water. 3-4 g three times a day is recommended.<\/p>\n<p>The most common use of the powdered seed hulls of the psyllium husk is as a dietary fibre supplement. It can be mixed with water or added to smoothies, yoghurt, porridge or oatmeal.<br \/>\nThe recommended daily intake is 5-10 g, or 1 tablespoon.<\/p>\n<p><em>Sources:<\/em><br \/>\nhttps:\/\/www.medicalnewstoday.com<br \/>\nhttps:\/\/www.verywellhealth.com<\/p>\n<p><em>NOTE. The information contained herein should not be construed as a recommendation for treatment or other health issues. We encourage you to make personal decisions about your personal health, taking into account a wide range of sources of information.<\/em><\/p>\n","protected":false},"excerpt":{"rendered":"<p>Organic Psyllium Husk Powder is derived from the seeds of the Plantago ovata plant, which grows in Western Asia and<\/p>\n","protected":false},"featured_media":28299,"template":"","meta":{"_acf_changed":false},"product_brand":[],"product_cat":[1848,2353,2624],"product_tag":[2363,2092,2088],"class_list":{"0":"post-32242","1":"product","2":"type-product","3":"status-publish","4":"has-post-thumbnail","6":"product_cat-plant-based-superfood","7":"product_cat-powder","8":"product_cat-top-products","9":"product_tag-ecological","10":"product_tag-raw-diet","11":"product_tag-vegan","12":"pa_svoris-1-kg-en-2","13":"pa_svoris-100-g-en-2","14":"pa_svoris-200-g-en","15":"pa_svoris-25-kg-en","16":"pa_svoris-300-g-en","17":"pa_svoris-400-g-en","18":"pa_svoris-50-g-en","19":"pa_svoris-500-g-en-2","21":"first","22":"instock","23":"shipping-taxable","24":"purchasable","25":"product-type-variable"},"acf":[],"yoast_head":"<!-- This site is optimized with the Yoast SEO plugin v27.5 - https:\/\/yoast.com\/product\/yoast-seo-wordpress\/ -->\n<title>Organic Psyllium Husk Lobe Powder - Biopapa<\/title>\n<meta name=\"description\" content=\"The most common use of the powdered seed hulls of the psyllium husk is as a dietary fibre supplement. They can be mixed with water or added to smoothies, yogurts, porridge or oatmeal.\" \/>\n<meta name=\"robots\" content=\"index, follow, max-snippet:-1, max-image-preview:large, max-video-preview:-1\" \/>\n<link rel=\"canonical\" href=\"https:\/\/www.biopapa.lt\/en\/product\/organic-phsylium-husk-powder\/\" \/>\n<meta property=\"og:locale\" content=\"en_US\" \/>\n<meta property=\"og:type\" content=\"article\" \/>\n<meta property=\"og:title\" content=\"Organic Psyllium Husk Lobe Powder - Biopapa\" \/>\n<meta property=\"og:description\" content=\"The most common use of the powdered seed hulls of the psyllium husk is as a dietary fibre supplement. They can be mixed with water or added to smoothies, yogurts, porridge or oatmeal.\" \/>\n<meta property=\"og:url\" content=\"https:\/\/www.biopapa.lt\/en\/product\/organic-phsylium-husk-powder\/\" \/>\n<meta property=\"og:site_name\" content=\"Biopapa\" \/>\n<meta property=\"article:publisher\" content=\"https:\/\/www.facebook.com\/biopapa.lt\" \/>\n<meta property=\"article:modified_time\" content=\"2024-05-27T09:17:11+00:00\" \/>\n<meta property=\"og:image\" content=\"https:\/\/www.biopapa.lt\/wp-content\/uploads\/2021\/08\/779A1305.jpg\" \/>\n\t<meta property=\"og:image:width\" content=\"800\" \/>\n\t<meta property=\"og:image:height\" content=\"640\" \/>\n\t<meta property=\"og:image:type\" content=\"image\/jpeg\" \/>\n<meta name=\"twitter:card\" content=\"summary_large_image\" \/>\n<script type=\"application\/ld+json\" class=\"yoast-schema-graph\">{\"@context\":\"https:\\\/\\\/schema.org\",\"@graph\":[{\"@type\":\"WebPage\",\"@id\":\"https:\\\/\\\/www.biopapa.lt\\\/en\\\/product\\\/organic-phsylium-husk-powder\\\/\",\"url\":\"https:\\\/\\\/www.biopapa.lt\\\/en\\\/product\\\/organic-phsylium-husk-powder\\\/\",\"name\":\"Organic Psyllium Husk Lobe Powder - Biopapa\",\"isPartOf\":{\"@id\":\"https:\\\/\\\/www.biopapa.lt\\\/#website\"},\"primaryImageOfPage\":{\"@id\":\"https:\\\/\\\/www.biopapa.lt\\\/en\\\/product\\\/organic-phsylium-husk-powder\\\/#primaryimage\"},\"image\":{\"@id\":\"https:\\\/\\\/www.biopapa.lt\\\/en\\\/product\\\/organic-phsylium-husk-powder\\\/#primaryimage\"},\"thumbnailUrl\":\"https:\\\/\\\/www.biopapa.lt\\\/wp-content\\\/uploads\\\/2021\\\/08\\\/779A1305.jpg\",\"datePublished\":\"2022-05-03T13:33:44+00:00\",\"dateModified\":\"2024-05-27T09:17:11+00:00\",\"description\":\"The most common use of the powdered seed hulls of the psyllium husk is as a dietary fibre supplement. They can be mixed with water or added to smoothies, yogurts, porridge or oatmeal.\",\"breadcrumb\":{\"@id\":\"https:\\\/\\\/www.biopapa.lt\\\/en\\\/product\\\/organic-phsylium-husk-powder\\\/#breadcrumb\"},\"inLanguage\":\"en-US\",\"potentialAction\":[{\"@type\":\"ReadAction\",\"target\":[\"https:\\\/\\\/www.biopapa.lt\\\/en\\\/product\\\/organic-phsylium-husk-powder\\\/\"]}]},{\"@type\":\"ImageObject\",\"inLanguage\":\"en-US\",\"@id\":\"https:\\\/\\\/www.biopapa.lt\\\/en\\\/product\\\/organic-phsylium-husk-powder\\\/#primaryimage\",\"url\":\"https:\\\/\\\/www.biopapa.lt\\\/wp-content\\\/uploads\\\/2021\\\/08\\\/779A1305.jpg\",\"contentUrl\":\"https:\\\/\\\/www.biopapa.lt\\\/wp-content\\\/uploads\\\/2021\\\/08\\\/779A1305.jpg\",\"width\":800,\"height\":640,\"caption\":\"Organic phsylium husk powder\"},{\"@type\":\"BreadcrumbList\",\"@id\":\"https:\\\/\\\/www.biopapa.lt\\\/en\\\/product\\\/organic-phsylium-husk-powder\\\/#breadcrumb\",\"itemListElement\":[{\"@type\":\"ListItem\",\"position\":1,\"name\":\"Home\",\"item\":\"https:\\\/\\\/www.biopapa.lt\\\/en\\\/\"},{\"@type\":\"ListItem\",\"position\":2,\"name\":\"Shop\",\"item\":\"https:\\\/\\\/www.biopapa.lt\\\/en\\\/shop\\\/\"},{\"@type\":\"ListItem\",\"position\":3,\"name\":\"Organic Psyllium Husk Lobe Powder\"}]},{\"@type\":\"WebSite\",\"@id\":\"https:\\\/\\\/www.biopapa.lt\\\/#website\",\"url\":\"https:\\\/\\\/www.biopapa.lt\\\/\",\"name\":\"Biopapa\",\"description\":\"\u0160var\u016bs ekologi\u0161ki produktai\",\"publisher\":{\"@id\":\"https:\\\/\\\/www.biopapa.lt\\\/#organization\"},\"potentialAction\":[{\"@type\":\"SearchAction\",\"target\":{\"@type\":\"EntryPoint\",\"urlTemplate\":\"https:\\\/\\\/www.biopapa.lt\\\/?s={search_term_string}\"},\"query-input\":{\"@type\":\"PropertyValueSpecification\",\"valueRequired\":true,\"valueName\":\"search_term_string\"}}],\"inLanguage\":\"en-US\"},{\"@type\":\"Organization\",\"@id\":\"https:\\\/\\\/www.biopapa.lt\\\/#organization\",\"name\":\"Biopapa\",\"url\":\"https:\\\/\\\/www.biopapa.lt\\\/\",\"logo\":{\"@type\":\"ImageObject\",\"inLanguage\":\"en-US\",\"@id\":\"https:\\\/\\\/www.biopapa.lt\\\/#\\\/schema\\\/logo\\\/image\\\/\",\"url\":\"https:\\\/\\\/www.biopapa.lt\\\/wp-content\\\/uploads\\\/2022\\\/04\\\/facebook_biopapa.jpg\",\"contentUrl\":\"https:\\\/\\\/www.biopapa.lt\\\/wp-content\\\/uploads\\\/2022\\\/04\\\/facebook_biopapa.jpg\",\"width\":1733,\"height\":907,\"caption\":\"Biopapa\"},\"image\":{\"@id\":\"https:\\\/\\\/www.biopapa.lt\\\/#\\\/schema\\\/logo\\\/image\\\/\"},\"sameAs\":[\"https:\\\/\\\/www.facebook.com\\\/biopapa.lt\"]}]}<\/script>\n<!-- \/ Yoast SEO plugin. -->","yoast_head_json":{"title":"Organic Psyllium Husk Lobe Powder - Biopapa","description":"The most common use of the powdered seed hulls of the psyllium husk is as a dietary fibre supplement. They can be mixed with water or added to smoothies, yogurts, porridge or oatmeal.","robots":{"index":"index","follow":"follow","max-snippet":"max-snippet:-1","max-image-preview":"max-image-preview:large","max-video-preview":"max-video-preview:-1"},"canonical":"https:\/\/www.biopapa.lt\/en\/product\/organic-phsylium-husk-powder\/","og_locale":"en_US","og_type":"article","og_title":"Organic Psyllium Husk Lobe Powder - Biopapa","og_description":"The most common use of the powdered seed hulls of the psyllium husk is as a dietary fibre supplement. They can be mixed with water or added to smoothies, yogurts, porridge or oatmeal.","og_url":"https:\/\/www.biopapa.lt\/en\/product\/organic-phsylium-husk-powder\/","og_site_name":"Biopapa","article_publisher":"https:\/\/www.facebook.com\/biopapa.lt","article_modified_time":"2024-05-27T09:17:11+00:00","og_image":[{"width":800,"height":640,"url":"https:\/\/www.biopapa.lt\/wp-content\/uploads\/2021\/08\/779A1305.jpg","type":"image\/jpeg"}],"twitter_card":"summary_large_image","schema":{"@context":"https:\/\/schema.org","@graph":[{"@type":"WebPage","@id":"https:\/\/www.biopapa.lt\/en\/product\/organic-phsylium-husk-powder\/","url":"https:\/\/www.biopapa.lt\/en\/product\/organic-phsylium-husk-powder\/","name":"Organic Psyllium Husk Lobe Powder - Biopapa","isPartOf":{"@id":"https:\/\/www.biopapa.lt\/#website"},"primaryImageOfPage":{"@id":"https:\/\/www.biopapa.lt\/en\/product\/organic-phsylium-husk-powder\/#primaryimage"},"image":{"@id":"https:\/\/www.biopapa.lt\/en\/product\/organic-phsylium-husk-powder\/#primaryimage"},"thumbnailUrl":"https:\/\/www.biopapa.lt\/wp-content\/uploads\/2021\/08\/779A1305.jpg","datePublished":"2022-05-03T13:33:44+00:00","dateModified":"2024-05-27T09:17:11+00:00","description":"The most common use of the powdered seed hulls of the psyllium husk is as a dietary fibre supplement. They can be mixed with water or added to smoothies, yogurts, porridge or oatmeal.","breadcrumb":{"@id":"https:\/\/www.biopapa.lt\/en\/product\/organic-phsylium-husk-powder\/#breadcrumb"},"inLanguage":"en-US","potentialAction":[{"@type":"ReadAction","target":["https:\/\/www.biopapa.lt\/en\/product\/organic-phsylium-husk-powder\/"]}]},{"@type":"ImageObject","inLanguage":"en-US","@id":"https:\/\/www.biopapa.lt\/en\/product\/organic-phsylium-husk-powder\/#primaryimage","url":"https:\/\/www.biopapa.lt\/wp-content\/uploads\/2021\/08\/779A1305.jpg","contentUrl":"https:\/\/www.biopapa.lt\/wp-content\/uploads\/2021\/08\/779A1305.jpg","width":800,"height":640,"caption":"Organic phsylium husk powder"},{"@type":"BreadcrumbList","@id":"https:\/\/www.biopapa.lt\/en\/product\/organic-phsylium-husk-powder\/#breadcrumb","itemListElement":[{"@type":"ListItem","position":1,"name":"Home","item":"https:\/\/www.biopapa.lt\/en\/"},{"@type":"ListItem","position":2,"name":"Shop","item":"https:\/\/www.biopapa.lt\/en\/shop\/"},{"@type":"ListItem","position":3,"name":"Organic Psyllium Husk Lobe Powder"}]},{"@type":"WebSite","@id":"https:\/\/www.biopapa.lt\/#website","url":"https:\/\/www.biopapa.lt\/","name":"Biopapa","description":"\u0160var\u016bs ekologi\u0161ki produktai","publisher":{"@id":"https:\/\/www.biopapa.lt\/#organization"},"potentialAction":[{"@type":"SearchAction","target":{"@type":"EntryPoint","urlTemplate":"https:\/\/www.biopapa.lt\/?s={search_term_string}"},"query-input":{"@type":"PropertyValueSpecification","valueRequired":true,"valueName":"search_term_string"}}],"inLanguage":"en-US"},{"@type":"Organization","@id":"https:\/\/www.biopapa.lt\/#organization","name":"Biopapa","url":"https:\/\/www.biopapa.lt\/","logo":{"@type":"ImageObject","inLanguage":"en-US","@id":"https:\/\/www.biopapa.lt\/#\/schema\/logo\/image\/","url":"https:\/\/www.biopapa.lt\/wp-content\/uploads\/2022\/04\/facebook_biopapa.jpg","contentUrl":"https:\/\/www.biopapa.lt\/wp-content\/uploads\/2022\/04\/facebook_biopapa.jpg","width":1733,"height":907,"caption":"Biopapa"},"image":{"@id":"https:\/\/www.biopapa.lt\/#\/schema\/logo\/image\/"},"sameAs":["https:\/\/www.facebook.com\/biopapa.lt"]}]}},"_links":{"self":[{"href":"https:\/\/www.biopapa.lt\/en\/wp-json\/wp\/v2\/product\/32242","targetHints":{"allow":["GET"]}}],"collection":[{"href":"https:\/\/www.biopapa.lt\/en\/wp-json\/wp\/v2\/product"}],"about":[{"href":"https:\/\/www.biopapa.lt\/en\/wp-json\/wp\/v2\/types\/product"}],"wp:featuredmedia":[{"embeddable":true,"href":"https:\/\/www.biopapa.lt\/en\/wp-json\/wp\/v2\/media\/28299"}],"wp:attachment":[{"href":"https:\/\/www.biopapa.lt\/en\/wp-json\/wp\/v2\/media?parent=32242"}],"wp:term":[{"taxonomy":"product_brand","embeddable":true,"href":"https:\/\/www.biopapa.lt\/en\/wp-json\/wp\/v2\/product_brand?post=32242"},{"taxonomy":"product_cat","embeddable":true,"href":"https:\/\/www.biopapa.lt\/en\/wp-json\/wp\/v2\/product_cat?post=32242"},{"taxonomy":"product_tag","embeddable":true,"href":"https:\/\/www.biopapa.lt\/en\/wp-json\/wp\/v2\/product_tag?post=32242"}],"curies":[{"name":"wp","href":"https:\/\/api.w.org\/{rel}","templated":true}]}}