{"id":32233,"date":"2022-04-02T22:36:53","date_gmt":"2022-04-02T19:36:53","guid":{"rendered":"https:\/\/www.biopapa.lt\/produktas\/organic-psyllium-husk-seed-husks\/"},"modified":"2025-05-22T14:14:10","modified_gmt":"2025-05-22T11:14:10","slug":"organic-psyllium-husk-lobes","status":"publish","type":"product","link":"https:\/\/www.biopapa.lt\/en\/produktas\/organic-psyllium-husk-lobes\/","title":{"rendered":"Organic Psyllium Husk"},"content":{"rendered":"<p><strong>Organic Psyllium Husk seed husks<\/strong> are derived from the seeds of the <em>Plantago ovata<\/em> plant, which grows in western Asia and the Mediterranean region. The plant has been cultivated for centuries for medicinal and dietary purposes. The name &#8216;psyllium&#8217; is derived from the Greek word &#8216;psulla&#8217;, which means &#8216;flea&#8217;, referring to the small flea-like seeds of the plant.<\/p>\n<p>The health benefits of St John&#8217;s Wort have been used since ancient times. It has been recognised for its digestive-enhancing properties and its seeds and husks have often been used to alleviate various gastrointestinal problems. Over time, it has become popular in various parts of the world, as studies have shown that it can support digestive health.<br \/>\nToday, the use of milk thistle is popular in various forms, including whole seeds, husks and powder. They have been recognised for their multiple health benefits.<br \/>\nThe hulls of the seeds of the white plantain are an excellent source of soluble fibre. They absorb water well and form a gel-like substance in the digestive tract to help with regular bowel movements. This can be particularly useful for those who suffer from constipation.<br \/>\nThe soluble fibre in the seed hulls promotes satiety, which can help curb appetite and reduce calorie intake.<\/p>\n<p><em>Caution<\/em><br \/>\nIn some people, the seed hulls of the elderflower may cause gas, bloating or stomach cramps, especially if taken in large quantities or without enough water.<br \/>\nRarely, however, people may be allergic to elderberry seed hulls and experience symptoms such as itching, hives or difficulty breathing.<br \/>\nElderberry seed hulls may interfere with the absorption of certain medications and it is therefore very important to take them separately from any prescription medications.<br \/>\nThis product is intended for use by adults.<\/p>\n<p><em>Usage<\/em><br \/>\nTo relieve constipation, take the hulls of elderflower seeds with plenty of water, as the fibre absorbs the moisture in the intestines.<br \/>\nAbout 5 g three times a day with a glass of water is recommended.<br \/>\nThe hulls of elderflower seeds can help with diarrhoea when taken with less water. 3-4 g three times a day is recommended.<\/p>\n<p>The most common use of the psyllium husk is as a dietary fibre supplement. They can be mixed with water or added to smoothies, yoghurt, porridge or oatmeal.<br \/>\nThe recommended daily intake is 5-10 g, or 1 tablespoon.<\/p>\n<p><em>Sources<\/em><br \/>\nhttps:\/\/www.medicalnewstoday.com<br \/>\nhttps:\/\/www.verywellhealth.com<\/p>\n<p><em>NOTE. The information contained herein should not be construed as a recommendation for treatment or other health issues. We encourage you to make personal decisions about your personal health, taking into account a wide range of sources of information.<\/em><\/p>\n","protected":false},"excerpt":{"rendered":"<p>Organic Psyllium Husk seed husks are derived from the seeds of the Plantago ovata plant, which grows in western Asia<\/p>\n","protected":false},"featured_media":29145,"template":"","meta":{"_acf_changed":false},"product_brand":[],"product_cat":[1848,2353,2624],"product_tag":[2078,2056,2088],"class_list":{"0":"post-32233","1":"product","2":"type-product","3":"status-publish","4":"has-post-thumbnail","6":"product_cat-plant-based-superfood","7":"product_cat-powder","8":"product_cat-top-products","9":"product_tag-a-source-of-fiber","10":"product_tag-keto-diet","11":"product_tag-vegan","12":"pa_svoris-1-kg-en-2","13":"pa_svoris-100-g-en-2","14":"pa_svoris-200-g-en","15":"pa_svoris-25-kg-en","16":"pa_svoris-300-g-en","17":"pa_svoris-400-g-en","18":"pa_svoris-50-g-en","19":"pa_svoris-500-g-en-2","21":"first","22":"instock","23":"shipping-taxable","24":"purchasable","25":"product-type-variable"},"acf":[],"yoast_head":"<!-- This site is optimized with the Yoast SEO plugin v27.5 - https:\/\/yoast.com\/product\/yoast-seo-wordpress\/ -->\n<title>Organic Psyllium Husk - Biopapa<\/title>\n<meta name=\"description\" content=\"The seed hulls of the white-headed plantain are a plant that has been cultivated and used for medicinal and dietary purposes for centuries.\" \/>\n<meta name=\"robots\" content=\"index, follow, max-snippet:-1, max-image-preview:large, max-video-preview:-1\" \/>\n<link rel=\"canonical\" href=\"https:\/\/www.biopapa.lt\/en\/produktas\/organic-psyllium-husk-lobes\/\" \/>\n<meta property=\"og:locale\" content=\"en_US\" \/>\n<meta property=\"og:type\" content=\"article\" \/>\n<meta property=\"og:title\" content=\"Organic Psyllium Husk - Biopapa\" \/>\n<meta property=\"og:description\" content=\"The seed hulls of the white-headed plantain are a plant that has been cultivated and used for medicinal and dietary purposes for centuries.\" \/>\n<meta property=\"og:url\" content=\"https:\/\/www.biopapa.lt\/en\/produktas\/organic-psyllium-husk-lobes\/\" \/>\n<meta property=\"og:site_name\" content=\"Biopapa\" \/>\n<meta property=\"article:publisher\" content=\"https:\/\/www.facebook.com\/biopapa.lt\" \/>\n<meta property=\"article:modified_time\" content=\"2025-05-22T11:14:10+00:00\" \/>\n<meta property=\"og:image\" content=\"https:\/\/www.biopapa.lt\/wp-content\/uploads\/2022\/04\/gyslocio-seklu-luobeles.jpg\" \/>\n\t<meta property=\"og:image:width\" content=\"800\" \/>\n\t<meta property=\"og:image:height\" content=\"640\" \/>\n\t<meta property=\"og:image:type\" content=\"image\/jpeg\" \/>\n<meta name=\"twitter:card\" content=\"summary_large_image\" \/>\n<script type=\"application\/ld+json\" class=\"yoast-schema-graph\">{\"@context\":\"https:\\\/\\\/schema.org\",\"@graph\":[{\"@type\":\"WebPage\",\"@id\":\"https:\\\/\\\/www.biopapa.lt\\\/en\\\/produktas\\\/organic-psyllium-husk-lobes\\\/\",\"url\":\"https:\\\/\\\/www.biopapa.lt\\\/en\\\/produktas\\\/organic-psyllium-husk-lobes\\\/\",\"name\":\"Organic Psyllium Husk - Biopapa\",\"isPartOf\":{\"@id\":\"https:\\\/\\\/www.biopapa.lt\\\/#website\"},\"primaryImageOfPage\":{\"@id\":\"https:\\\/\\\/www.biopapa.lt\\\/en\\\/produktas\\\/organic-psyllium-husk-lobes\\\/#primaryimage\"},\"image\":{\"@id\":\"https:\\\/\\\/www.biopapa.lt\\\/en\\\/produktas\\\/organic-psyllium-husk-lobes\\\/#primaryimage\"},\"thumbnailUrl\":\"https:\\\/\\\/www.biopapa.lt\\\/wp-content\\\/uploads\\\/2022\\\/04\\\/gyslocio-seklu-luobeles.jpg\",\"datePublished\":\"2022-04-02T19:36:53+00:00\",\"dateModified\":\"2025-05-22T11:14:10+00:00\",\"description\":\"The seed hulls of the white-headed plantain are a plant that has been cultivated and used for medicinal and dietary purposes for centuries.\",\"breadcrumb\":{\"@id\":\"https:\\\/\\\/www.biopapa.lt\\\/en\\\/produktas\\\/organic-psyllium-husk-lobes\\\/#breadcrumb\"},\"inLanguage\":\"en-US\",\"potentialAction\":[{\"@type\":\"ReadAction\",\"target\":[\"https:\\\/\\\/www.biopapa.lt\\\/en\\\/produktas\\\/organic-psyllium-husk-lobes\\\/\"]}]},{\"@type\":\"ImageObject\",\"inLanguage\":\"en-US\",\"@id\":\"https:\\\/\\\/www.biopapa.lt\\\/en\\\/produktas\\\/organic-psyllium-husk-lobes\\\/#primaryimage\",\"url\":\"https:\\\/\\\/www.biopapa.lt\\\/wp-content\\\/uploads\\\/2022\\\/04\\\/gyslocio-seklu-luobeles.jpg\",\"contentUrl\":\"https:\\\/\\\/www.biopapa.lt\\\/wp-content\\\/uploads\\\/2022\\\/04\\\/gyslocio-seklu-luobeles.jpg\",\"width\":800,\"height\":640,\"caption\":\"Organic Psyllium husk lobes\"},{\"@type\":\"BreadcrumbList\",\"@id\":\"https:\\\/\\\/www.biopapa.lt\\\/en\\\/produktas\\\/organic-psyllium-husk-lobes\\\/#breadcrumb\",\"itemListElement\":[{\"@type\":\"ListItem\",\"position\":1,\"name\":\"Home\",\"item\":\"https:\\\/\\\/www.biopapa.lt\\\/en\\\/\"},{\"@type\":\"ListItem\",\"position\":2,\"name\":\"Shop\",\"item\":\"https:\\\/\\\/www.biopapa.lt\\\/en\\\/shop\\\/\"},{\"@type\":\"ListItem\",\"position\":3,\"name\":\"Organic Psyllium Husk\"}]},{\"@type\":\"WebSite\",\"@id\":\"https:\\\/\\\/www.biopapa.lt\\\/#website\",\"url\":\"https:\\\/\\\/www.biopapa.lt\\\/\",\"name\":\"Biopapa\",\"description\":\"\u0160var\u016bs ekologi\u0161ki produktai\",\"publisher\":{\"@id\":\"https:\\\/\\\/www.biopapa.lt\\\/#organization\"},\"potentialAction\":[{\"@type\":\"SearchAction\",\"target\":{\"@type\":\"EntryPoint\",\"urlTemplate\":\"https:\\\/\\\/www.biopapa.lt\\\/?s={search_term_string}\"},\"query-input\":{\"@type\":\"PropertyValueSpecification\",\"valueRequired\":true,\"valueName\":\"search_term_string\"}}],\"inLanguage\":\"en-US\"},{\"@type\":\"Organization\",\"@id\":\"https:\\\/\\\/www.biopapa.lt\\\/#organization\",\"name\":\"Biopapa\",\"url\":\"https:\\\/\\\/www.biopapa.lt\\\/\",\"logo\":{\"@type\":\"ImageObject\",\"inLanguage\":\"en-US\",\"@id\":\"https:\\\/\\\/www.biopapa.lt\\\/#\\\/schema\\\/logo\\\/image\\\/\",\"url\":\"https:\\\/\\\/www.biopapa.lt\\\/wp-content\\\/uploads\\\/2022\\\/04\\\/facebook_biopapa.jpg\",\"contentUrl\":\"https:\\\/\\\/www.biopapa.lt\\\/wp-content\\\/uploads\\\/2022\\\/04\\\/facebook_biopapa.jpg\",\"width\":1733,\"height\":907,\"caption\":\"Biopapa\"},\"image\":{\"@id\":\"https:\\\/\\\/www.biopapa.lt\\\/#\\\/schema\\\/logo\\\/image\\\/\"},\"sameAs\":[\"https:\\\/\\\/www.facebook.com\\\/biopapa.lt\"]}]}<\/script>\n<!-- \/ Yoast SEO plugin. -->","yoast_head_json":{"title":"Organic Psyllium Husk - Biopapa","description":"The seed hulls of the white-headed plantain are a plant that has been cultivated and used for medicinal and dietary purposes for centuries.","robots":{"index":"index","follow":"follow","max-snippet":"max-snippet:-1","max-image-preview":"max-image-preview:large","max-video-preview":"max-video-preview:-1"},"canonical":"https:\/\/www.biopapa.lt\/en\/produktas\/organic-psyllium-husk-lobes\/","og_locale":"en_US","og_type":"article","og_title":"Organic Psyllium Husk - Biopapa","og_description":"The seed hulls of the white-headed plantain are a plant that has been cultivated and used for medicinal and dietary purposes for centuries.","og_url":"https:\/\/www.biopapa.lt\/en\/produktas\/organic-psyllium-husk-lobes\/","og_site_name":"Biopapa","article_publisher":"https:\/\/www.facebook.com\/biopapa.lt","article_modified_time":"2025-05-22T11:14:10+00:00","og_image":[{"width":800,"height":640,"url":"https:\/\/www.biopapa.lt\/wp-content\/uploads\/2022\/04\/gyslocio-seklu-luobeles.jpg","type":"image\/jpeg"}],"twitter_card":"summary_large_image","schema":{"@context":"https:\/\/schema.org","@graph":[{"@type":"WebPage","@id":"https:\/\/www.biopapa.lt\/en\/produktas\/organic-psyllium-husk-lobes\/","url":"https:\/\/www.biopapa.lt\/en\/produktas\/organic-psyllium-husk-lobes\/","name":"Organic Psyllium Husk - Biopapa","isPartOf":{"@id":"https:\/\/www.biopapa.lt\/#website"},"primaryImageOfPage":{"@id":"https:\/\/www.biopapa.lt\/en\/produktas\/organic-psyllium-husk-lobes\/#primaryimage"},"image":{"@id":"https:\/\/www.biopapa.lt\/en\/produktas\/organic-psyllium-husk-lobes\/#primaryimage"},"thumbnailUrl":"https:\/\/www.biopapa.lt\/wp-content\/uploads\/2022\/04\/gyslocio-seklu-luobeles.jpg","datePublished":"2022-04-02T19:36:53+00:00","dateModified":"2025-05-22T11:14:10+00:00","description":"The seed hulls of the white-headed plantain are a plant that has been cultivated and used for medicinal and dietary purposes for centuries.","breadcrumb":{"@id":"https:\/\/www.biopapa.lt\/en\/produktas\/organic-psyllium-husk-lobes\/#breadcrumb"},"inLanguage":"en-US","potentialAction":[{"@type":"ReadAction","target":["https:\/\/www.biopapa.lt\/en\/produktas\/organic-psyllium-husk-lobes\/"]}]},{"@type":"ImageObject","inLanguage":"en-US","@id":"https:\/\/www.biopapa.lt\/en\/produktas\/organic-psyllium-husk-lobes\/#primaryimage","url":"https:\/\/www.biopapa.lt\/wp-content\/uploads\/2022\/04\/gyslocio-seklu-luobeles.jpg","contentUrl":"https:\/\/www.biopapa.lt\/wp-content\/uploads\/2022\/04\/gyslocio-seklu-luobeles.jpg","width":800,"height":640,"caption":"Organic Psyllium husk lobes"},{"@type":"BreadcrumbList","@id":"https:\/\/www.biopapa.lt\/en\/produktas\/organic-psyllium-husk-lobes\/#breadcrumb","itemListElement":[{"@type":"ListItem","position":1,"name":"Home","item":"https:\/\/www.biopapa.lt\/en\/"},{"@type":"ListItem","position":2,"name":"Shop","item":"https:\/\/www.biopapa.lt\/en\/shop\/"},{"@type":"ListItem","position":3,"name":"Organic Psyllium Husk"}]},{"@type":"WebSite","@id":"https:\/\/www.biopapa.lt\/#website","url":"https:\/\/www.biopapa.lt\/","name":"Biopapa","description":"\u0160var\u016bs ekologi\u0161ki produktai","publisher":{"@id":"https:\/\/www.biopapa.lt\/#organization"},"potentialAction":[{"@type":"SearchAction","target":{"@type":"EntryPoint","urlTemplate":"https:\/\/www.biopapa.lt\/?s={search_term_string}"},"query-input":{"@type":"PropertyValueSpecification","valueRequired":true,"valueName":"search_term_string"}}],"inLanguage":"en-US"},{"@type":"Organization","@id":"https:\/\/www.biopapa.lt\/#organization","name":"Biopapa","url":"https:\/\/www.biopapa.lt\/","logo":{"@type":"ImageObject","inLanguage":"en-US","@id":"https:\/\/www.biopapa.lt\/#\/schema\/logo\/image\/","url":"https:\/\/www.biopapa.lt\/wp-content\/uploads\/2022\/04\/facebook_biopapa.jpg","contentUrl":"https:\/\/www.biopapa.lt\/wp-content\/uploads\/2022\/04\/facebook_biopapa.jpg","width":1733,"height":907,"caption":"Biopapa"},"image":{"@id":"https:\/\/www.biopapa.lt\/#\/schema\/logo\/image\/"},"sameAs":["https:\/\/www.facebook.com\/biopapa.lt"]}]}},"_links":{"self":[{"href":"https:\/\/www.biopapa.lt\/en\/wp-json\/wp\/v2\/product\/32233","targetHints":{"allow":["GET"]}}],"collection":[{"href":"https:\/\/www.biopapa.lt\/en\/wp-json\/wp\/v2\/product"}],"about":[{"href":"https:\/\/www.biopapa.lt\/en\/wp-json\/wp\/v2\/types\/product"}],"wp:featuredmedia":[{"embeddable":true,"href":"https:\/\/www.biopapa.lt\/en\/wp-json\/wp\/v2\/media\/29145"}],"wp:attachment":[{"href":"https:\/\/www.biopapa.lt\/en\/wp-json\/wp\/v2\/media?parent=32233"}],"wp:term":[{"taxonomy":"product_brand","embeddable":true,"href":"https:\/\/www.biopapa.lt\/en\/wp-json\/wp\/v2\/product_brand?post=32233"},{"taxonomy":"product_cat","embeddable":true,"href":"https:\/\/www.biopapa.lt\/en\/wp-json\/wp\/v2\/product_cat?post=32233"},{"taxonomy":"product_tag","embeddable":true,"href":"https:\/\/www.biopapa.lt\/en\/wp-json\/wp\/v2\/product_tag?post=32233"}],"curies":[{"name":"wp","href":"https:\/\/api.w.org\/{rel}","templated":true}]}}