{"id":32151,"date":"2022-05-12T14:04:42","date_gmt":"2022-05-12T11:04:42","guid":{"rendered":"https:\/\/www.biopapa.lt\/produktas\/organic-turmeric-with-black-pepper-500-mg-capsules\/"},"modified":"2025-07-31T09:16:18","modified_gmt":"2025-07-31T06:16:18","slug":"organic-turmeric-with-black-pepper-capsules-550mg","status":"publish","type":"product","link":"https:\/\/www.biopapa.lt\/en\/produktas\/organic-turmeric-with-black-pepper-capsules-550mg\/","title":{"rendered":"Organic turmeric with black pepper, in capsules 550 mg"},"content":{"rendered":"<p><strong>Organic turmeric with black pepper, capsules 550 mg<br \/>\n<\/strong>Turmeric, or Curcuma longa, is a plant in the ginger family (Zingiberaceae) that originated in Southeast Asia, and has been revered for its healing properties for thousands of years. Its benefits are supported by traditional systems of medicine such as Ayurveda and Traditional Chinese Medicine (TCM), as well as by modern research.<br \/>\nDue to its anti-inflammatory nature, fresh and dried turmeric is a potential natural pain reliever for a wide range of ailments, such as joint and headaches. <\/p>\n<p>Black pepper contains a compound called piperine, which helps increase the absorption of curcumin. Studies show that piperine can increase the bioavailability of curcumin by up to 2000%.<br \/>\nCurcumin and pepper support normal digestive function and liver function. They also have a positive effect on the nervous and immune systems.<\/p>\n<p>Turmeric + Pepper<br \/>\nAdults 1 &#8211; 4 capsules (500 gm &#8211; 2 000 mg) per day with or after food.<br \/>\nDo not exceed the recommended daily servings.<\/p>\n<p>Contraindications:<br \/>\nDo not use if hypersensitive to any of the components.<br \/>\nDo not use during pregnancy and lactation.<br \/>\nDo not use if you are taking blood thinners.<br \/>\nNot recommended in case of biliary tract diseases.<\/p>\n<p><em>NOTE. The information contained herein should not be construed as a recommendation for treatment or other health issues. We encourage you to make personal decisions about your personal health, taking into account a wide range of sources of information.<\/em><\/p>\n","protected":false},"excerpt":{"rendered":"<p>Organic turmeric with black pepper, capsules 550 mg Turmeric, or Curcuma longa, is a plant in the ginger family (Zingiberaceae)<\/p>\n","protected":false},"featured_media":29229,"template":"","meta":{"_acf_changed":false},"product_brand":[],"product_cat":[2351,1848,2624],"product_tag":[2088],"class_list":{"0":"post-32151","1":"product","2":"type-product","3":"status-publish","4":"has-post-thumbnail","6":"product_cat-capsules","7":"product_cat-plant-based-superfood","8":"product_cat-top-products","9":"product_tag-vegan","11":"first","12":"instock","13":"shipping-taxable","14":"purchasable","15":"product-type-variable"},"acf":[],"yoast_head":"<!-- This site is optimized with the Yoast SEO plugin v27.5 - https:\/\/yoast.com\/product\/yoast-seo-wordpress\/ -->\n<title>Organic turmeric with black pepper, in capsules 550 mg - Biopapa<\/title>\n<meta name=\"description\" content=\"Black pepper contains a compound called piperine, which helps increase the absorption of curcumin in turmeric.\" \/>\n<meta name=\"robots\" content=\"index, follow, max-snippet:-1, max-image-preview:large, max-video-preview:-1\" \/>\n<link rel=\"canonical\" href=\"https:\/\/www.biopapa.lt\/en\/produktas\/organic-turmeric-with-black-pepper-capsules-550mg\/\" \/>\n<meta property=\"og:locale\" content=\"en_US\" \/>\n<meta property=\"og:type\" content=\"article\" \/>\n<meta property=\"og:title\" content=\"Organic turmeric with black pepper, in capsules 550 mg - Biopapa\" \/>\n<meta property=\"og:description\" content=\"Black pepper contains a compound called piperine, which helps increase the absorption of curcumin in turmeric.\" \/>\n<meta property=\"og:url\" content=\"https:\/\/www.biopapa.lt\/en\/produktas\/organic-turmeric-with-black-pepper-capsules-550mg\/\" \/>\n<meta property=\"og:site_name\" content=\"Biopapa\" \/>\n<meta property=\"article:publisher\" content=\"https:\/\/www.facebook.com\/biopapa.lt\" \/>\n<meta property=\"article:modified_time\" content=\"2025-07-31T06:16:18+00:00\" \/>\n<meta property=\"og:image\" content=\"https:\/\/www.biopapa.lt\/wp-content\/uploads\/2022\/05\/ciberzoles-kapsules.jpg\" \/>\n\t<meta property=\"og:image:width\" content=\"800\" \/>\n\t<meta property=\"og:image:height\" content=\"640\" \/>\n\t<meta property=\"og:image:type\" content=\"image\/jpeg\" \/>\n<meta name=\"twitter:card\" content=\"summary_large_image\" \/>\n<script type=\"application\/ld+json\" class=\"yoast-schema-graph\">{\"@context\":\"https:\\\/\\\/schema.org\",\"@graph\":[{\"@type\":\"WebPage\",\"@id\":\"https:\\\/\\\/www.biopapa.lt\\\/en\\\/produktas\\\/organic-turmeric-with-black-pepper-capsules-550mg\\\/\",\"url\":\"https:\\\/\\\/www.biopapa.lt\\\/en\\\/produktas\\\/organic-turmeric-with-black-pepper-capsules-550mg\\\/\",\"name\":\"Organic turmeric with black pepper, in capsules 550 mg - Biopapa\",\"isPartOf\":{\"@id\":\"https:\\\/\\\/www.biopapa.lt\\\/#website\"},\"primaryImageOfPage\":{\"@id\":\"https:\\\/\\\/www.biopapa.lt\\\/en\\\/produktas\\\/organic-turmeric-with-black-pepper-capsules-550mg\\\/#primaryimage\"},\"image\":{\"@id\":\"https:\\\/\\\/www.biopapa.lt\\\/en\\\/produktas\\\/organic-turmeric-with-black-pepper-capsules-550mg\\\/#primaryimage\"},\"thumbnailUrl\":\"https:\\\/\\\/www.biopapa.lt\\\/wp-content\\\/uploads\\\/2022\\\/05\\\/ciberzoles-kapsules.jpg\",\"datePublished\":\"2022-05-12T11:04:42+00:00\",\"dateModified\":\"2025-07-31T06:16:18+00:00\",\"description\":\"Black pepper contains a compound called piperine, which helps increase the absorption of curcumin in turmeric.\",\"breadcrumb\":{\"@id\":\"https:\\\/\\\/www.biopapa.lt\\\/en\\\/produktas\\\/organic-turmeric-with-black-pepper-capsules-550mg\\\/#breadcrumb\"},\"inLanguage\":\"en-US\",\"potentialAction\":[{\"@type\":\"ReadAction\",\"target\":[\"https:\\\/\\\/www.biopapa.lt\\\/en\\\/produktas\\\/organic-turmeric-with-black-pepper-capsules-550mg\\\/\"]}]},{\"@type\":\"ImageObject\",\"inLanguage\":\"en-US\",\"@id\":\"https:\\\/\\\/www.biopapa.lt\\\/en\\\/produktas\\\/organic-turmeric-with-black-pepper-capsules-550mg\\\/#primaryimage\",\"url\":\"https:\\\/\\\/www.biopapa.lt\\\/wp-content\\\/uploads\\\/2022\\\/05\\\/ciberzoles-kapsules.jpg\",\"contentUrl\":\"https:\\\/\\\/www.biopapa.lt\\\/wp-content\\\/uploads\\\/2022\\\/05\\\/ciberzoles-kapsules.jpg\",\"width\":800,\"height\":640,\"caption\":\"Organic turmeric with black pepper, 600 mg capsules\"},{\"@type\":\"BreadcrumbList\",\"@id\":\"https:\\\/\\\/www.biopapa.lt\\\/en\\\/produktas\\\/organic-turmeric-with-black-pepper-capsules-550mg\\\/#breadcrumb\",\"itemListElement\":[{\"@type\":\"ListItem\",\"position\":1,\"name\":\"Home\",\"item\":\"https:\\\/\\\/www.biopapa.lt\\\/en\\\/\"},{\"@type\":\"ListItem\",\"position\":2,\"name\":\"Shop\",\"item\":\"https:\\\/\\\/www.biopapa.lt\\\/en\\\/shop\\\/\"},{\"@type\":\"ListItem\",\"position\":3,\"name\":\"Organic turmeric with black pepper, in capsules 550 mg\"}]},{\"@type\":\"WebSite\",\"@id\":\"https:\\\/\\\/www.biopapa.lt\\\/#website\",\"url\":\"https:\\\/\\\/www.biopapa.lt\\\/\",\"name\":\"Biopapa\",\"description\":\"\u0160var\u016bs ekologi\u0161ki produktai\",\"publisher\":{\"@id\":\"https:\\\/\\\/www.biopapa.lt\\\/#organization\"},\"potentialAction\":[{\"@type\":\"SearchAction\",\"target\":{\"@type\":\"EntryPoint\",\"urlTemplate\":\"https:\\\/\\\/www.biopapa.lt\\\/?s={search_term_string}\"},\"query-input\":{\"@type\":\"PropertyValueSpecification\",\"valueRequired\":true,\"valueName\":\"search_term_string\"}}],\"inLanguage\":\"en-US\"},{\"@type\":\"Organization\",\"@id\":\"https:\\\/\\\/www.biopapa.lt\\\/#organization\",\"name\":\"Biopapa\",\"url\":\"https:\\\/\\\/www.biopapa.lt\\\/\",\"logo\":{\"@type\":\"ImageObject\",\"inLanguage\":\"en-US\",\"@id\":\"https:\\\/\\\/www.biopapa.lt\\\/#\\\/schema\\\/logo\\\/image\\\/\",\"url\":\"https:\\\/\\\/www.biopapa.lt\\\/wp-content\\\/uploads\\\/2022\\\/04\\\/facebook_biopapa.jpg\",\"contentUrl\":\"https:\\\/\\\/www.biopapa.lt\\\/wp-content\\\/uploads\\\/2022\\\/04\\\/facebook_biopapa.jpg\",\"width\":1733,\"height\":907,\"caption\":\"Biopapa\"},\"image\":{\"@id\":\"https:\\\/\\\/www.biopapa.lt\\\/#\\\/schema\\\/logo\\\/image\\\/\"},\"sameAs\":[\"https:\\\/\\\/www.facebook.com\\\/biopapa.lt\"]}]}<\/script>\n<!-- \/ Yoast SEO plugin. -->","yoast_head_json":{"title":"Organic turmeric with black pepper, in capsules 550 mg - Biopapa","description":"Black pepper contains a compound called piperine, which helps increase the absorption of curcumin in turmeric.","robots":{"index":"index","follow":"follow","max-snippet":"max-snippet:-1","max-image-preview":"max-image-preview:large","max-video-preview":"max-video-preview:-1"},"canonical":"https:\/\/www.biopapa.lt\/en\/produktas\/organic-turmeric-with-black-pepper-capsules-550mg\/","og_locale":"en_US","og_type":"article","og_title":"Organic turmeric with black pepper, in capsules 550 mg - Biopapa","og_description":"Black pepper contains a compound called piperine, which helps increase the absorption of curcumin in turmeric.","og_url":"https:\/\/www.biopapa.lt\/en\/produktas\/organic-turmeric-with-black-pepper-capsules-550mg\/","og_site_name":"Biopapa","article_publisher":"https:\/\/www.facebook.com\/biopapa.lt","article_modified_time":"2025-07-31T06:16:18+00:00","og_image":[{"width":800,"height":640,"url":"https:\/\/www.biopapa.lt\/wp-content\/uploads\/2022\/05\/ciberzoles-kapsules.jpg","type":"image\/jpeg"}],"twitter_card":"summary_large_image","schema":{"@context":"https:\/\/schema.org","@graph":[{"@type":"WebPage","@id":"https:\/\/www.biopapa.lt\/en\/produktas\/organic-turmeric-with-black-pepper-capsules-550mg\/","url":"https:\/\/www.biopapa.lt\/en\/produktas\/organic-turmeric-with-black-pepper-capsules-550mg\/","name":"Organic turmeric with black pepper, in capsules 550 mg - Biopapa","isPartOf":{"@id":"https:\/\/www.biopapa.lt\/#website"},"primaryImageOfPage":{"@id":"https:\/\/www.biopapa.lt\/en\/produktas\/organic-turmeric-with-black-pepper-capsules-550mg\/#primaryimage"},"image":{"@id":"https:\/\/www.biopapa.lt\/en\/produktas\/organic-turmeric-with-black-pepper-capsules-550mg\/#primaryimage"},"thumbnailUrl":"https:\/\/www.biopapa.lt\/wp-content\/uploads\/2022\/05\/ciberzoles-kapsules.jpg","datePublished":"2022-05-12T11:04:42+00:00","dateModified":"2025-07-31T06:16:18+00:00","description":"Black pepper contains a compound called piperine, which helps increase the absorption of curcumin in turmeric.","breadcrumb":{"@id":"https:\/\/www.biopapa.lt\/en\/produktas\/organic-turmeric-with-black-pepper-capsules-550mg\/#breadcrumb"},"inLanguage":"en-US","potentialAction":[{"@type":"ReadAction","target":["https:\/\/www.biopapa.lt\/en\/produktas\/organic-turmeric-with-black-pepper-capsules-550mg\/"]}]},{"@type":"ImageObject","inLanguage":"en-US","@id":"https:\/\/www.biopapa.lt\/en\/produktas\/organic-turmeric-with-black-pepper-capsules-550mg\/#primaryimage","url":"https:\/\/www.biopapa.lt\/wp-content\/uploads\/2022\/05\/ciberzoles-kapsules.jpg","contentUrl":"https:\/\/www.biopapa.lt\/wp-content\/uploads\/2022\/05\/ciberzoles-kapsules.jpg","width":800,"height":640,"caption":"Organic turmeric with black pepper, 600 mg capsules"},{"@type":"BreadcrumbList","@id":"https:\/\/www.biopapa.lt\/en\/produktas\/organic-turmeric-with-black-pepper-capsules-550mg\/#breadcrumb","itemListElement":[{"@type":"ListItem","position":1,"name":"Home","item":"https:\/\/www.biopapa.lt\/en\/"},{"@type":"ListItem","position":2,"name":"Shop","item":"https:\/\/www.biopapa.lt\/en\/shop\/"},{"@type":"ListItem","position":3,"name":"Organic turmeric with black pepper, in capsules 550 mg"}]},{"@type":"WebSite","@id":"https:\/\/www.biopapa.lt\/#website","url":"https:\/\/www.biopapa.lt\/","name":"Biopapa","description":"\u0160var\u016bs ekologi\u0161ki produktai","publisher":{"@id":"https:\/\/www.biopapa.lt\/#organization"},"potentialAction":[{"@type":"SearchAction","target":{"@type":"EntryPoint","urlTemplate":"https:\/\/www.biopapa.lt\/?s={search_term_string}"},"query-input":{"@type":"PropertyValueSpecification","valueRequired":true,"valueName":"search_term_string"}}],"inLanguage":"en-US"},{"@type":"Organization","@id":"https:\/\/www.biopapa.lt\/#organization","name":"Biopapa","url":"https:\/\/www.biopapa.lt\/","logo":{"@type":"ImageObject","inLanguage":"en-US","@id":"https:\/\/www.biopapa.lt\/#\/schema\/logo\/image\/","url":"https:\/\/www.biopapa.lt\/wp-content\/uploads\/2022\/04\/facebook_biopapa.jpg","contentUrl":"https:\/\/www.biopapa.lt\/wp-content\/uploads\/2022\/04\/facebook_biopapa.jpg","width":1733,"height":907,"caption":"Biopapa"},"image":{"@id":"https:\/\/www.biopapa.lt\/#\/schema\/logo\/image\/"},"sameAs":["https:\/\/www.facebook.com\/biopapa.lt"]}]}},"_links":{"self":[{"href":"https:\/\/www.biopapa.lt\/en\/wp-json\/wp\/v2\/product\/32151","targetHints":{"allow":["GET"]}}],"collection":[{"href":"https:\/\/www.biopapa.lt\/en\/wp-json\/wp\/v2\/product"}],"about":[{"href":"https:\/\/www.biopapa.lt\/en\/wp-json\/wp\/v2\/types\/product"}],"wp:featuredmedia":[{"embeddable":true,"href":"https:\/\/www.biopapa.lt\/en\/wp-json\/wp\/v2\/media\/29229"}],"wp:attachment":[{"href":"https:\/\/www.biopapa.lt\/en\/wp-json\/wp\/v2\/media?parent=32151"}],"wp:term":[{"taxonomy":"product_brand","embeddable":true,"href":"https:\/\/www.biopapa.lt\/en\/wp-json\/wp\/v2\/product_brand?post=32151"},{"taxonomy":"product_cat","embeddable":true,"href":"https:\/\/www.biopapa.lt\/en\/wp-json\/wp\/v2\/product_cat?post=32151"},{"taxonomy":"product_tag","embeddable":true,"href":"https:\/\/www.biopapa.lt\/en\/wp-json\/wp\/v2\/product_tag?post=32151"}],"curies":[{"name":"wp","href":"https:\/\/api.w.org\/{rel}","templated":true}]}}