{"id":32123,"date":"2022-05-30T17:56:14","date_gmt":"2022-05-30T14:56:14","guid":{"rendered":"https:\/\/www.biopapa.lt\/produktas\/eco-friendly-guaro-rubber\/"},"modified":"2025-11-25T13:15:20","modified_gmt":"2025-11-25T11:15:20","slug":"organic-guar-gum","status":"publish","type":"product","link":"https:\/\/www.biopapa.lt\/en\/produktas\/organic-guar-gum\/","title":{"rendered":"Organic Guar gum"},"content":{"rendered":"<p><strong>Guar gum<\/strong> is derived from the seeds of the guar plant <em>Cyamopsis tetragonoloba<\/em>, native to India and Pakistan. Lithuanian name Kampuotoji pupene.<br \/>\nGuar gum is similar in properties to locust bean gum (made from the powdered seeds of the locust bean), also known as carob gum. Like guar gum, this powder is made from the endosperm of the seed of a legume plant. However, there are differences between the two types. While guar gum dissolves quickly in water at room temperature, kerosene resin needs to be heated to around 85 \u00b0C to melt well.<br \/>\nTo avoid confusion, let&#8217;s remind you that the much-loved &#8216;chocolatey&#8217; <a href=\"https:\/\/www.biopapa.lt\/?s=kerob&amp;post_type=product\">kerosene powder<\/a> is made from the anxiety of the kerosene tree, and kerosene resin is made from the kerosene seed.<br \/>\nGuar gum is a natural thickening and stabilising agent (E412) widely used in the food, pharmaceutical and cosmetic industries.<br \/>\nIn addition to its use in the culinary arts, guar gum has also attracted attention for its potential health benefits.<\/p>\n<p><em>Caution<\/em><br \/>\nAlthough organic guar gum is safe for most people, excessive use can cause side effects such as bloating, gas and abdominal discomfort.<br \/>\nIt is very important to use guar gum in moderation and to take into account individual needs.<\/p>\n<p><em>Uses<\/em><br \/>\nGuar gum improves the texture and volume of baked goods such as breads, cakes and pastries, resulting in improved quality and longer shelf life.<br \/>\nGuar gum is commonly used in plant-based dairy and yoghurt products to achieve a creamy consistency and to prevent the separation of ingredients.<br \/>\nGuar gum is an excellent thickener for sauces, gravies and dressings, creating a smooth and consistent texture.<br \/>\nUsed in desserts, ice-cream.<br \/>\nGuar gum can be used as a substitute for gelatine, which is neutral in taste and smell.<\/p>\n<p><em>Recommended use<\/em><br \/>\nFor hot food (sauces, stews, puddings) &#8211; use 1-3 teaspoons of powder per 1 litre of liquid.<br \/>\nFor cold food (salad dressings, ice cream, puddings) &#8211; use 1-2 teaspoons of powder per 1 litre of liquid.<\/p>\n<p class=\"p1\">For internal use, guar gum is safe for most people, but it is recommended to be used for no more than two years.<br \/>\nPregnant women &#8211; guar gum may be safe for up to 4 weeks.<br \/>\nBreastfeeding mothers &#8211; there is not enough reliable information to know whether guar gum is safe to use while breastfeeding.<br \/>\nChildren &#8211; children aged 4 years and over are safe to use guar gum.<\/p>\n<p><em>Sources<\/em><br \/>\nwww.healthline.com<br \/>\nwww.ncbi.nlm.nih.gov<br \/>\nwww.guarresources.com<br \/>\nwww.webmd.com<\/p>\n<p><em>NOTE. The information contained herein should not be construed as a recommendation for treatment or other health issues.<\/em><br \/>\n<em>We encourage you to make personal decisions about your personal health, taking into account a wide range of sources of information.<\/em><\/p>\n","protected":false},"excerpt":{"rendered":"<p>Guar gum is derived from the seeds of the guar plant Cyamopsis tetragonoloba, native to India and Pakistan. Lithuanian name<\/p>\n","protected":false},"featured_media":29205,"template":"","meta":{"_acf_changed":false},"product_brand":[],"product_cat":[2340,2359,1848,2353],"product_tag":[2363,2088],"class_list":{"0":"post-32123","1":"product","2":"type-product","3":"status-publish","4":"has-post-thumbnail","6":"product_cat-for-food-preparation","7":"product_cat-other","8":"product_cat-plant-based-superfood","9":"product_cat-powder","10":"product_tag-ecological","11":"product_tag-vegan","12":"pa_svoris-1-kg-en-2","13":"pa_svoris-10-kg-en","14":"pa_svoris-100-g-en-2","15":"pa_svoris-200-g-en","16":"pa_svoris-300-g-en","17":"pa_svoris-400-g-en","18":"pa_svoris-500-g-en-2","20":"first","21":"instock","22":"shipping-taxable","23":"purchasable","24":"product-type-variable"},"acf":[],"yoast_head":"<!-- This site is optimized with the Yoast SEO plugin v27.5 - https:\/\/yoast.com\/product\/yoast-seo-wordpress\/ -->\n<title>Organic Guar gum - Biopapa<\/title>\n<meta name=\"description\" content=\"Organic guar gum is a valuable and natural ingredient widely used in the food industry for its thickening and stabilising properties.\" \/>\n<meta name=\"robots\" content=\"index, follow, max-snippet:-1, max-image-preview:large, max-video-preview:-1\" \/>\n<link rel=\"canonical\" href=\"https:\/\/www.biopapa.lt\/en\/produktas\/organic-guar-gum\/\" \/>\n<meta property=\"og:locale\" content=\"en_US\" \/>\n<meta property=\"og:type\" content=\"article\" \/>\n<meta property=\"og:title\" content=\"Organic Guar gum - Biopapa\" \/>\n<meta property=\"og:description\" content=\"Organic guar gum is a valuable and natural ingredient widely used in the food industry for its thickening and stabilising properties.\" \/>\n<meta property=\"og:url\" content=\"https:\/\/www.biopapa.lt\/en\/produktas\/organic-guar-gum\/\" \/>\n<meta property=\"og:site_name\" content=\"Biopapa\" \/>\n<meta property=\"article:publisher\" content=\"https:\/\/www.facebook.com\/biopapa.lt\" \/>\n<meta property=\"article:modified_time\" content=\"2025-11-25T11:15:20+00:00\" \/>\n<meta property=\"og:image\" content=\"https:\/\/www.biopapa.lt\/wp-content\/uploads\/2022\/05\/guaro-guma.jpg\" \/>\n\t<meta property=\"og:image:width\" content=\"800\" \/>\n\t<meta property=\"og:image:height\" content=\"640\" \/>\n\t<meta property=\"og:image:type\" content=\"image\/jpeg\" \/>\n<meta name=\"twitter:card\" content=\"summary_large_image\" \/>\n<script type=\"application\/ld+json\" class=\"yoast-schema-graph\">{\"@context\":\"https:\\\/\\\/schema.org\",\"@graph\":[{\"@type\":\"WebPage\",\"@id\":\"https:\\\/\\\/www.biopapa.lt\\\/en\\\/produktas\\\/organic-guar-gum\\\/\",\"url\":\"https:\\\/\\\/www.biopapa.lt\\\/en\\\/produktas\\\/organic-guar-gum\\\/\",\"name\":\"Organic Guar gum - Biopapa\",\"isPartOf\":{\"@id\":\"https:\\\/\\\/www.biopapa.lt\\\/#website\"},\"primaryImageOfPage\":{\"@id\":\"https:\\\/\\\/www.biopapa.lt\\\/en\\\/produktas\\\/organic-guar-gum\\\/#primaryimage\"},\"image\":{\"@id\":\"https:\\\/\\\/www.biopapa.lt\\\/en\\\/produktas\\\/organic-guar-gum\\\/#primaryimage\"},\"thumbnailUrl\":\"https:\\\/\\\/www.biopapa.lt\\\/wp-content\\\/uploads\\\/2022\\\/05\\\/guaro-guma.jpg\",\"datePublished\":\"2022-05-30T14:56:14+00:00\",\"dateModified\":\"2025-11-25T11:15:20+00:00\",\"description\":\"Organic guar gum is a valuable and natural ingredient widely used in the food industry for its thickening and stabilising properties.\",\"breadcrumb\":{\"@id\":\"https:\\\/\\\/www.biopapa.lt\\\/en\\\/produktas\\\/organic-guar-gum\\\/#breadcrumb\"},\"inLanguage\":\"en-US\",\"potentialAction\":[{\"@type\":\"ReadAction\",\"target\":[\"https:\\\/\\\/www.biopapa.lt\\\/en\\\/produktas\\\/organic-guar-gum\\\/\"]}]},{\"@type\":\"ImageObject\",\"inLanguage\":\"en-US\",\"@id\":\"https:\\\/\\\/www.biopapa.lt\\\/en\\\/produktas\\\/organic-guar-gum\\\/#primaryimage\",\"url\":\"https:\\\/\\\/www.biopapa.lt\\\/wp-content\\\/uploads\\\/2022\\\/05\\\/guaro-guma.jpg\",\"contentUrl\":\"https:\\\/\\\/www.biopapa.lt\\\/wp-content\\\/uploads\\\/2022\\\/05\\\/guaro-guma.jpg\",\"width\":800,\"height\":640,\"caption\":\"Organic Guar gum\"},{\"@type\":\"BreadcrumbList\",\"@id\":\"https:\\\/\\\/www.biopapa.lt\\\/en\\\/produktas\\\/organic-guar-gum\\\/#breadcrumb\",\"itemListElement\":[{\"@type\":\"ListItem\",\"position\":1,\"name\":\"Home\",\"item\":\"https:\\\/\\\/www.biopapa.lt\\\/en\\\/\"},{\"@type\":\"ListItem\",\"position\":2,\"name\":\"Shop\",\"item\":\"https:\\\/\\\/www.biopapa.lt\\\/en\\\/shop\\\/\"},{\"@type\":\"ListItem\",\"position\":3,\"name\":\"Organic Guar gum\"}]},{\"@type\":\"WebSite\",\"@id\":\"https:\\\/\\\/www.biopapa.lt\\\/#website\",\"url\":\"https:\\\/\\\/www.biopapa.lt\\\/\",\"name\":\"Biopapa\",\"description\":\"\u0160var\u016bs ekologi\u0161ki produktai\",\"publisher\":{\"@id\":\"https:\\\/\\\/www.biopapa.lt\\\/#organization\"},\"potentialAction\":[{\"@type\":\"SearchAction\",\"target\":{\"@type\":\"EntryPoint\",\"urlTemplate\":\"https:\\\/\\\/www.biopapa.lt\\\/?s={search_term_string}\"},\"query-input\":{\"@type\":\"PropertyValueSpecification\",\"valueRequired\":true,\"valueName\":\"search_term_string\"}}],\"inLanguage\":\"en-US\"},{\"@type\":\"Organization\",\"@id\":\"https:\\\/\\\/www.biopapa.lt\\\/#organization\",\"name\":\"Biopapa\",\"url\":\"https:\\\/\\\/www.biopapa.lt\\\/\",\"logo\":{\"@type\":\"ImageObject\",\"inLanguage\":\"en-US\",\"@id\":\"https:\\\/\\\/www.biopapa.lt\\\/#\\\/schema\\\/logo\\\/image\\\/\",\"url\":\"https:\\\/\\\/www.biopapa.lt\\\/wp-content\\\/uploads\\\/2022\\\/04\\\/facebook_biopapa.jpg\",\"contentUrl\":\"https:\\\/\\\/www.biopapa.lt\\\/wp-content\\\/uploads\\\/2022\\\/04\\\/facebook_biopapa.jpg\",\"width\":1733,\"height\":907,\"caption\":\"Biopapa\"},\"image\":{\"@id\":\"https:\\\/\\\/www.biopapa.lt\\\/#\\\/schema\\\/logo\\\/image\\\/\"},\"sameAs\":[\"https:\\\/\\\/www.facebook.com\\\/biopapa.lt\"]}]}<\/script>\n<!-- \/ Yoast SEO plugin. -->","yoast_head_json":{"title":"Organic Guar gum - Biopapa","description":"Organic guar gum is a valuable and natural ingredient widely used in the food industry for its thickening and stabilising properties.","robots":{"index":"index","follow":"follow","max-snippet":"max-snippet:-1","max-image-preview":"max-image-preview:large","max-video-preview":"max-video-preview:-1"},"canonical":"https:\/\/www.biopapa.lt\/en\/produktas\/organic-guar-gum\/","og_locale":"en_US","og_type":"article","og_title":"Organic Guar gum - Biopapa","og_description":"Organic guar gum is a valuable and natural ingredient widely used in the food industry for its thickening and stabilising properties.","og_url":"https:\/\/www.biopapa.lt\/en\/produktas\/organic-guar-gum\/","og_site_name":"Biopapa","article_publisher":"https:\/\/www.facebook.com\/biopapa.lt","article_modified_time":"2025-11-25T11:15:20+00:00","og_image":[{"width":800,"height":640,"url":"https:\/\/www.biopapa.lt\/wp-content\/uploads\/2022\/05\/guaro-guma.jpg","type":"image\/jpeg"}],"twitter_card":"summary_large_image","schema":{"@context":"https:\/\/schema.org","@graph":[{"@type":"WebPage","@id":"https:\/\/www.biopapa.lt\/en\/produktas\/organic-guar-gum\/","url":"https:\/\/www.biopapa.lt\/en\/produktas\/organic-guar-gum\/","name":"Organic Guar gum - Biopapa","isPartOf":{"@id":"https:\/\/www.biopapa.lt\/#website"},"primaryImageOfPage":{"@id":"https:\/\/www.biopapa.lt\/en\/produktas\/organic-guar-gum\/#primaryimage"},"image":{"@id":"https:\/\/www.biopapa.lt\/en\/produktas\/organic-guar-gum\/#primaryimage"},"thumbnailUrl":"https:\/\/www.biopapa.lt\/wp-content\/uploads\/2022\/05\/guaro-guma.jpg","datePublished":"2022-05-30T14:56:14+00:00","dateModified":"2025-11-25T11:15:20+00:00","description":"Organic guar gum is a valuable and natural ingredient widely used in the food industry for its thickening and stabilising properties.","breadcrumb":{"@id":"https:\/\/www.biopapa.lt\/en\/produktas\/organic-guar-gum\/#breadcrumb"},"inLanguage":"en-US","potentialAction":[{"@type":"ReadAction","target":["https:\/\/www.biopapa.lt\/en\/produktas\/organic-guar-gum\/"]}]},{"@type":"ImageObject","inLanguage":"en-US","@id":"https:\/\/www.biopapa.lt\/en\/produktas\/organic-guar-gum\/#primaryimage","url":"https:\/\/www.biopapa.lt\/wp-content\/uploads\/2022\/05\/guaro-guma.jpg","contentUrl":"https:\/\/www.biopapa.lt\/wp-content\/uploads\/2022\/05\/guaro-guma.jpg","width":800,"height":640,"caption":"Organic Guar gum"},{"@type":"BreadcrumbList","@id":"https:\/\/www.biopapa.lt\/en\/produktas\/organic-guar-gum\/#breadcrumb","itemListElement":[{"@type":"ListItem","position":1,"name":"Home","item":"https:\/\/www.biopapa.lt\/en\/"},{"@type":"ListItem","position":2,"name":"Shop","item":"https:\/\/www.biopapa.lt\/en\/shop\/"},{"@type":"ListItem","position":3,"name":"Organic Guar gum"}]},{"@type":"WebSite","@id":"https:\/\/www.biopapa.lt\/#website","url":"https:\/\/www.biopapa.lt\/","name":"Biopapa","description":"\u0160var\u016bs ekologi\u0161ki produktai","publisher":{"@id":"https:\/\/www.biopapa.lt\/#organization"},"potentialAction":[{"@type":"SearchAction","target":{"@type":"EntryPoint","urlTemplate":"https:\/\/www.biopapa.lt\/?s={search_term_string}"},"query-input":{"@type":"PropertyValueSpecification","valueRequired":true,"valueName":"search_term_string"}}],"inLanguage":"en-US"},{"@type":"Organization","@id":"https:\/\/www.biopapa.lt\/#organization","name":"Biopapa","url":"https:\/\/www.biopapa.lt\/","logo":{"@type":"ImageObject","inLanguage":"en-US","@id":"https:\/\/www.biopapa.lt\/#\/schema\/logo\/image\/","url":"https:\/\/www.biopapa.lt\/wp-content\/uploads\/2022\/04\/facebook_biopapa.jpg","contentUrl":"https:\/\/www.biopapa.lt\/wp-content\/uploads\/2022\/04\/facebook_biopapa.jpg","width":1733,"height":907,"caption":"Biopapa"},"image":{"@id":"https:\/\/www.biopapa.lt\/#\/schema\/logo\/image\/"},"sameAs":["https:\/\/www.facebook.com\/biopapa.lt"]}]}},"_links":{"self":[{"href":"https:\/\/www.biopapa.lt\/en\/wp-json\/wp\/v2\/product\/32123","targetHints":{"allow":["GET"]}}],"collection":[{"href":"https:\/\/www.biopapa.lt\/en\/wp-json\/wp\/v2\/product"}],"about":[{"href":"https:\/\/www.biopapa.lt\/en\/wp-json\/wp\/v2\/types\/product"}],"wp:featuredmedia":[{"embeddable":true,"href":"https:\/\/www.biopapa.lt\/en\/wp-json\/wp\/v2\/media\/29205"}],"wp:attachment":[{"href":"https:\/\/www.biopapa.lt\/en\/wp-json\/wp\/v2\/media?parent=32123"}],"wp:term":[{"taxonomy":"product_brand","embeddable":true,"href":"https:\/\/www.biopapa.lt\/en\/wp-json\/wp\/v2\/product_brand?post=32123"},{"taxonomy":"product_cat","embeddable":true,"href":"https:\/\/www.biopapa.lt\/en\/wp-json\/wp\/v2\/product_cat?post=32123"},{"taxonomy":"product_tag","embeddable":true,"href":"https:\/\/www.biopapa.lt\/en\/wp-json\/wp\/v2\/product_tag?post=32123"}],"curies":[{"name":"wp","href":"https:\/\/api.w.org\/{rel}","templated":true}]}}