{"id":32059,"date":"2023-02-22T12:55:01","date_gmt":"2023-02-22T10:55:01","guid":{"rendered":"https:\/\/www.biopapa.lt\/produktas\/organic-superfood-blend-for-immunity\/"},"modified":"2025-08-31T22:10:22","modified_gmt":"2025-08-31T19:10:22","slug":"organic-superfood-bleand-for-immune-strengthening","status":"publish","type":"product","link":"https:\/\/www.biopapa.lt\/en\/produktas\/organic-superfood-bleand-for-immune-strengthening\/","title":{"rendered":"Organic superfood blend for immunity"},"content":{"rendered":"<p><strong>Organic Superfood Blend &#8211; <\/strong>Immunity Boosting is the perfect blend of a natural vitamin C superfood, an adaptogen for better stress management and a pinch of chilli to boost circulation.<\/p>\n<p>&#8211; boosts immunity<br \/>\n&#8211; natural vitamin C<br \/>\n&#8211; contains adaptogenic superfood<br \/>\n&#8211; chilli powder to stimulate blood circulation<br \/>\n&#8211; superfood blend<br \/>\n&#8211; no added sugar<br \/>\n&#8211; RAW<br \/>\n&#8211; gluten-free<br \/>\n&#8211; 100% organic<\/p>\n<p>The rosehips, acerola and baobab in this organic superfood blend are natural sources of vitamin C, which helps to support normal immune function. The blend is complemented by ashwagandha (known as an adaptogen) and chilli powder to stimulate circulation. The natural citrus flavour with a tangy tinge goes wonderfully with fresh orange or grapefruit juice.<\/p>\n<p><strong>Intake:<\/strong> 2 tablespoons (15 g) per day.<\/p>\n","protected":false},"excerpt":{"rendered":"<p>Organic Superfood Blend &#8211; Immunity Boosting is the perfect blend of a natural vitamin C superfood, an adaptogen for better<\/p>\n","protected":false},"featured_media":30375,"template":"","meta":{"_acf_changed":false},"product_brand":[],"product_cat":[1848,2353],"product_tag":[2384,2080,2088],"class_list":{"0":"post-32059","1":"product","2":"type-product","3":"status-publish","4":"has-post-thumbnail","6":"product_cat-plant-based-superfood","7":"product_cat-powder","8":"product_tag-organic","9":"product_tag-superfood","10":"product_tag-vegan","11":"pa_svoris-1-kg-en-2","12":"pa_svoris-100-g-en-2","13":"pa_svoris-200-g-en","14":"pa_svoris-300-g-en","15":"pa_svoris-400-g-en","16":"pa_svoris-50-g-en","17":"pa_svoris-500-g-en-2","19":"first","20":"instock","21":"shipping-taxable","22":"purchasable","23":"product-type-variable"},"acf":[],"yoast_head":"<!-- This site is optimized with the Yoast SEO plugin v27.5 - https:\/\/yoast.com\/product\/yoast-seo-wordpress\/ -->\n<title>Organic superfood blend for immunity - Biopapa<\/title>\n<meta name=\"robots\" content=\"index, follow, max-snippet:-1, max-image-preview:large, max-video-preview:-1\" \/>\n<link rel=\"canonical\" href=\"https:\/\/www.biopapa.lt\/en\/produktas\/organic-superfood-bleand-for-immune-strengthening\/\" \/>\n<meta property=\"og:locale\" content=\"en_US\" \/>\n<meta property=\"og:type\" content=\"article\" \/>\n<meta property=\"og:title\" content=\"Organic superfood blend for immunity - Biopapa\" \/>\n<meta property=\"og:description\" content=\"Organic Superfood Blend &#8211; Immunity Boosting is the perfect blend of a natural vitamin C superfood, an adaptogen for better\" \/>\n<meta property=\"og:url\" content=\"https:\/\/www.biopapa.lt\/en\/produktas\/organic-superfood-bleand-for-immune-strengthening\/\" \/>\n<meta property=\"og:site_name\" content=\"Biopapa\" \/>\n<meta property=\"article:publisher\" content=\"https:\/\/www.facebook.com\/biopapa.lt\" \/>\n<meta property=\"article:modified_time\" content=\"2025-08-31T19:10:22+00:00\" \/>\n<meta property=\"og:image\" content=\"https:\/\/www.biopapa.lt\/wp-content\/uploads\/2023\/02\/Ekologiskas-supermaisto-misinys-imunitetui-stiprinti.png\" \/>\n\t<meta property=\"og:image:width\" content=\"800\" \/>\n\t<meta property=\"og:image:height\" content=\"640\" \/>\n\t<meta property=\"og:image:type\" content=\"image\/png\" \/>\n<meta name=\"twitter:card\" content=\"summary_large_image\" \/>\n<script type=\"application\/ld+json\" class=\"yoast-schema-graph\">{\"@context\":\"https:\\\/\\\/schema.org\",\"@graph\":[{\"@type\":\"WebPage\",\"@id\":\"https:\\\/\\\/www.biopapa.lt\\\/en\\\/produktas\\\/organic-superfood-bleand-for-immune-strengthening\\\/\",\"url\":\"https:\\\/\\\/www.biopapa.lt\\\/en\\\/produktas\\\/organic-superfood-bleand-for-immune-strengthening\\\/\",\"name\":\"Organic superfood blend for immunity - Biopapa\",\"isPartOf\":{\"@id\":\"https:\\\/\\\/www.biopapa.lt\\\/#website\"},\"primaryImageOfPage\":{\"@id\":\"https:\\\/\\\/www.biopapa.lt\\\/en\\\/produktas\\\/organic-superfood-bleand-for-immune-strengthening\\\/#primaryimage\"},\"image\":{\"@id\":\"https:\\\/\\\/www.biopapa.lt\\\/en\\\/produktas\\\/organic-superfood-bleand-for-immune-strengthening\\\/#primaryimage\"},\"thumbnailUrl\":\"https:\\\/\\\/www.biopapa.lt\\\/wp-content\\\/uploads\\\/2023\\\/02\\\/Ekologiskas-supermaisto-misinys-imunitetui-stiprinti.png\",\"datePublished\":\"2023-02-22T10:55:01+00:00\",\"dateModified\":\"2025-08-31T19:10:22+00:00\",\"breadcrumb\":{\"@id\":\"https:\\\/\\\/www.biopapa.lt\\\/en\\\/produktas\\\/organic-superfood-bleand-for-immune-strengthening\\\/#breadcrumb\"},\"inLanguage\":\"en-US\",\"potentialAction\":[{\"@type\":\"ReadAction\",\"target\":[\"https:\\\/\\\/www.biopapa.lt\\\/en\\\/produktas\\\/organic-superfood-bleand-for-immune-strengthening\\\/\"]}]},{\"@type\":\"ImageObject\",\"inLanguage\":\"en-US\",\"@id\":\"https:\\\/\\\/www.biopapa.lt\\\/en\\\/produktas\\\/organic-superfood-bleand-for-immune-strengthening\\\/#primaryimage\",\"url\":\"https:\\\/\\\/www.biopapa.lt\\\/wp-content\\\/uploads\\\/2023\\\/02\\\/Ekologiskas-supermaisto-misinys-imunitetui-stiprinti.png\",\"contentUrl\":\"https:\\\/\\\/www.biopapa.lt\\\/wp-content\\\/uploads\\\/2023\\\/02\\\/Ekologiskas-supermaisto-misinys-imunitetui-stiprinti.png\",\"width\":800,\"height\":640,\"caption\":\"Organic-superfood-blend-for-immune-strengthening\"},{\"@type\":\"BreadcrumbList\",\"@id\":\"https:\\\/\\\/www.biopapa.lt\\\/en\\\/produktas\\\/organic-superfood-bleand-for-immune-strengthening\\\/#breadcrumb\",\"itemListElement\":[{\"@type\":\"ListItem\",\"position\":1,\"name\":\"Home\",\"item\":\"https:\\\/\\\/www.biopapa.lt\\\/en\\\/\"},{\"@type\":\"ListItem\",\"position\":2,\"name\":\"Shop\",\"item\":\"https:\\\/\\\/www.biopapa.lt\\\/en\\\/shop\\\/\"},{\"@type\":\"ListItem\",\"position\":3,\"name\":\"Organic superfood blend for immunity\"}]},{\"@type\":\"WebSite\",\"@id\":\"https:\\\/\\\/www.biopapa.lt\\\/#website\",\"url\":\"https:\\\/\\\/www.biopapa.lt\\\/\",\"name\":\"Biopapa\",\"description\":\"\u0160var\u016bs ekologi\u0161ki produktai\",\"publisher\":{\"@id\":\"https:\\\/\\\/www.biopapa.lt\\\/#organization\"},\"potentialAction\":[{\"@type\":\"SearchAction\",\"target\":{\"@type\":\"EntryPoint\",\"urlTemplate\":\"https:\\\/\\\/www.biopapa.lt\\\/?s={search_term_string}\"},\"query-input\":{\"@type\":\"PropertyValueSpecification\",\"valueRequired\":true,\"valueName\":\"search_term_string\"}}],\"inLanguage\":\"en-US\"},{\"@type\":\"Organization\",\"@id\":\"https:\\\/\\\/www.biopapa.lt\\\/#organization\",\"name\":\"Biopapa\",\"url\":\"https:\\\/\\\/www.biopapa.lt\\\/\",\"logo\":{\"@type\":\"ImageObject\",\"inLanguage\":\"en-US\",\"@id\":\"https:\\\/\\\/www.biopapa.lt\\\/#\\\/schema\\\/logo\\\/image\\\/\",\"url\":\"https:\\\/\\\/www.biopapa.lt\\\/wp-content\\\/uploads\\\/2022\\\/04\\\/facebook_biopapa.jpg\",\"contentUrl\":\"https:\\\/\\\/www.biopapa.lt\\\/wp-content\\\/uploads\\\/2022\\\/04\\\/facebook_biopapa.jpg\",\"width\":1733,\"height\":907,\"caption\":\"Biopapa\"},\"image\":{\"@id\":\"https:\\\/\\\/www.biopapa.lt\\\/#\\\/schema\\\/logo\\\/image\\\/\"},\"sameAs\":[\"https:\\\/\\\/www.facebook.com\\\/biopapa.lt\"]}]}<\/script>\n<!-- \/ Yoast SEO plugin. -->","yoast_head_json":{"title":"Organic superfood blend for immunity - Biopapa","robots":{"index":"index","follow":"follow","max-snippet":"max-snippet:-1","max-image-preview":"max-image-preview:large","max-video-preview":"max-video-preview:-1"},"canonical":"https:\/\/www.biopapa.lt\/en\/produktas\/organic-superfood-bleand-for-immune-strengthening\/","og_locale":"en_US","og_type":"article","og_title":"Organic superfood blend for immunity - Biopapa","og_description":"Organic Superfood Blend &#8211; Immunity Boosting is the perfect blend of a natural vitamin C superfood, an adaptogen for better","og_url":"https:\/\/www.biopapa.lt\/en\/produktas\/organic-superfood-bleand-for-immune-strengthening\/","og_site_name":"Biopapa","article_publisher":"https:\/\/www.facebook.com\/biopapa.lt","article_modified_time":"2025-08-31T19:10:22+00:00","og_image":[{"width":800,"height":640,"url":"https:\/\/www.biopapa.lt\/wp-content\/uploads\/2023\/02\/Ekologiskas-supermaisto-misinys-imunitetui-stiprinti.png","type":"image\/png"}],"twitter_card":"summary_large_image","schema":{"@context":"https:\/\/schema.org","@graph":[{"@type":"WebPage","@id":"https:\/\/www.biopapa.lt\/en\/produktas\/organic-superfood-bleand-for-immune-strengthening\/","url":"https:\/\/www.biopapa.lt\/en\/produktas\/organic-superfood-bleand-for-immune-strengthening\/","name":"Organic superfood blend for immunity - Biopapa","isPartOf":{"@id":"https:\/\/www.biopapa.lt\/#website"},"primaryImageOfPage":{"@id":"https:\/\/www.biopapa.lt\/en\/produktas\/organic-superfood-bleand-for-immune-strengthening\/#primaryimage"},"image":{"@id":"https:\/\/www.biopapa.lt\/en\/produktas\/organic-superfood-bleand-for-immune-strengthening\/#primaryimage"},"thumbnailUrl":"https:\/\/www.biopapa.lt\/wp-content\/uploads\/2023\/02\/Ekologiskas-supermaisto-misinys-imunitetui-stiprinti.png","datePublished":"2023-02-22T10:55:01+00:00","dateModified":"2025-08-31T19:10:22+00:00","breadcrumb":{"@id":"https:\/\/www.biopapa.lt\/en\/produktas\/organic-superfood-bleand-for-immune-strengthening\/#breadcrumb"},"inLanguage":"en-US","potentialAction":[{"@type":"ReadAction","target":["https:\/\/www.biopapa.lt\/en\/produktas\/organic-superfood-bleand-for-immune-strengthening\/"]}]},{"@type":"ImageObject","inLanguage":"en-US","@id":"https:\/\/www.biopapa.lt\/en\/produktas\/organic-superfood-bleand-for-immune-strengthening\/#primaryimage","url":"https:\/\/www.biopapa.lt\/wp-content\/uploads\/2023\/02\/Ekologiskas-supermaisto-misinys-imunitetui-stiprinti.png","contentUrl":"https:\/\/www.biopapa.lt\/wp-content\/uploads\/2023\/02\/Ekologiskas-supermaisto-misinys-imunitetui-stiprinti.png","width":800,"height":640,"caption":"Organic-superfood-blend-for-immune-strengthening"},{"@type":"BreadcrumbList","@id":"https:\/\/www.biopapa.lt\/en\/produktas\/organic-superfood-bleand-for-immune-strengthening\/#breadcrumb","itemListElement":[{"@type":"ListItem","position":1,"name":"Home","item":"https:\/\/www.biopapa.lt\/en\/"},{"@type":"ListItem","position":2,"name":"Shop","item":"https:\/\/www.biopapa.lt\/en\/shop\/"},{"@type":"ListItem","position":3,"name":"Organic superfood blend for immunity"}]},{"@type":"WebSite","@id":"https:\/\/www.biopapa.lt\/#website","url":"https:\/\/www.biopapa.lt\/","name":"Biopapa","description":"\u0160var\u016bs ekologi\u0161ki produktai","publisher":{"@id":"https:\/\/www.biopapa.lt\/#organization"},"potentialAction":[{"@type":"SearchAction","target":{"@type":"EntryPoint","urlTemplate":"https:\/\/www.biopapa.lt\/?s={search_term_string}"},"query-input":{"@type":"PropertyValueSpecification","valueRequired":true,"valueName":"search_term_string"}}],"inLanguage":"en-US"},{"@type":"Organization","@id":"https:\/\/www.biopapa.lt\/#organization","name":"Biopapa","url":"https:\/\/www.biopapa.lt\/","logo":{"@type":"ImageObject","inLanguage":"en-US","@id":"https:\/\/www.biopapa.lt\/#\/schema\/logo\/image\/","url":"https:\/\/www.biopapa.lt\/wp-content\/uploads\/2022\/04\/facebook_biopapa.jpg","contentUrl":"https:\/\/www.biopapa.lt\/wp-content\/uploads\/2022\/04\/facebook_biopapa.jpg","width":1733,"height":907,"caption":"Biopapa"},"image":{"@id":"https:\/\/www.biopapa.lt\/#\/schema\/logo\/image\/"},"sameAs":["https:\/\/www.facebook.com\/biopapa.lt"]}]}},"_links":{"self":[{"href":"https:\/\/www.biopapa.lt\/en\/wp-json\/wp\/v2\/product\/32059","targetHints":{"allow":["GET"]}}],"collection":[{"href":"https:\/\/www.biopapa.lt\/en\/wp-json\/wp\/v2\/product"}],"about":[{"href":"https:\/\/www.biopapa.lt\/en\/wp-json\/wp\/v2\/types\/product"}],"wp:featuredmedia":[{"embeddable":true,"href":"https:\/\/www.biopapa.lt\/en\/wp-json\/wp\/v2\/media\/30375"}],"wp:attachment":[{"href":"https:\/\/www.biopapa.lt\/en\/wp-json\/wp\/v2\/media?parent=32059"}],"wp:term":[{"taxonomy":"product_brand","embeddable":true,"href":"https:\/\/www.biopapa.lt\/en\/wp-json\/wp\/v2\/product_brand?post=32059"},{"taxonomy":"product_cat","embeddable":true,"href":"https:\/\/www.biopapa.lt\/en\/wp-json\/wp\/v2\/product_cat?post=32059"},{"taxonomy":"product_tag","embeddable":true,"href":"https:\/\/www.biopapa.lt\/en\/wp-json\/wp\/v2\/product_tag?post=32059"}],"curies":[{"name":"wp","href":"https:\/\/api.w.org\/{rel}","templated":true}]}}