{"id":31663,"date":"2022-10-29T17:08:59","date_gmt":"2022-10-29T14:08:59","guid":{"rendered":"https:\/\/www.biopapa.lt\/produktas\/organic-chanterelle-mushroom-reishi-mushroom-500-mg-capsules\/"},"modified":"2025-12-09T19:04:52","modified_gmt":"2025-12-09T17:04:52","slug":"organic-reishi-mushroom-500-mg-capsules","status":"publish","type":"product","link":"https:\/\/www.biopapa.lt\/en\/produktas\/organic-reishi-mushroom-500-mg-capsules\/","title":{"rendered":"Organic reishi mushroom (reishi), 500 mg in capsules"},"content":{"rendered":"<p><strong>Organic reishi mushroom, 500 mg capsules<\/strong><br \/>\nIn China Reishi mushrooms<em>(Ganoderma lucidum<\/em>), also known as <em>Lingzhi<\/em> and &#8220;immortality mushroom&#8221;, are known for their traditional link to longevity and health. They have been used in East Asian medicine for more than 2,000 years. These mushrooms were so revered and rare that only kings could use them. Reishi is most commonly used in the form of extracts or powders, which are made from the dried fruit of the mushroom.   <\/p>\n<p>The tiger mushroom<em>(Ganoderma lucidum)<\/em> is a medicinal mushroom that has been traditionally used in Chinese medicine for many centuries.<br \/>\nDoses of Reishi mushroom powder range from 1.5 to 9 grams per day.<br \/>\nIt is very important to take into account individual health needs and conditions.<br \/>\nReishi mushroom capsules &#8211; start with 1 or 2 capsules, 2 times a day, with water. <\/p>\n<p><em>Caution<br \/>\n<\/em>Although the use of the Checker mushroom is generally considered safe for most people, large amounts can cause digestive upset, allergic reactions and skin rashes.<br \/>\nStart with a smaller dose.<\/p>\n<p>Organic production in accordance with current EU regulations under FSSC22000.<\/p>\n<p><em>Sources<\/em><br \/>\nhttps:\/\/www.medicinenet.com<br \/>\nhttps:\/\/www.ncbi.nlm.nih.gov<\/p>\n<p class=\"p1\"><em>NOTE. The information contained herein should not be construed as a recommendation for treatment or other health issues.<br \/>\nWe encourage you to make personal decisions about your personal health by evaluating a variety of information sources.<\/em><\/p>\n","protected":false},"excerpt":{"rendered":"<p>Organic reishi mushroom, 500 mg capsules In China Reishi mushrooms(Ganoderma lucidum), also known as Lingzhi and &#8220;immortality mushroom&#8221;, are known<\/p>\n","protected":false},"featured_media":29837,"template":"","meta":{"_acf_changed":false},"product_brand":[],"product_cat":[2351,1848,2624],"product_tag":[2384,2088],"class_list":{"0":"post-31663","1":"product","2":"type-product","3":"status-publish","4":"has-post-thumbnail","6":"product_cat-capsules","7":"product_cat-plant-based-superfood","8":"product_cat-top-products","9":"product_tag-organic","10":"product_tag-vegan","12":"first","13":"instock","14":"shipping-taxable","15":"purchasable","16":"product-type-variable"},"acf":[],"yoast_head":"<!-- This site is optimized with the Yoast SEO plugin v27.5 - https:\/\/yoast.com\/product\/yoast-seo-wordpress\/ -->\n<title>Organic reishi mushroom (reishi), 500 mg in capsules - Biopapa<\/title>\n<meta name=\"description\" content=\"The Reishi mushroom grows in Asia and has long been used in Eastern traditional medicine for longevity and all-round health.\" \/>\n<meta name=\"robots\" content=\"index, follow, max-snippet:-1, max-image-preview:large, max-video-preview:-1\" \/>\n<link rel=\"canonical\" href=\"https:\/\/www.biopapa.lt\/en\/produktas\/organic-reishi-mushroom-500-mg-capsules\/\" \/>\n<meta property=\"og:locale\" content=\"en_US\" \/>\n<meta property=\"og:type\" content=\"article\" \/>\n<meta property=\"og:title\" content=\"Organic reishi mushroom (reishi), 500 mg in capsules - Biopapa\" \/>\n<meta property=\"og:description\" content=\"The Reishi mushroom grows in Asia and has long been used in Eastern traditional medicine for longevity and all-round health.\" \/>\n<meta property=\"og:url\" content=\"https:\/\/www.biopapa.lt\/en\/produktas\/organic-reishi-mushroom-500-mg-capsules\/\" \/>\n<meta property=\"og:site_name\" content=\"Biopapa\" \/>\n<meta property=\"article:publisher\" content=\"https:\/\/www.facebook.com\/biopapa.lt\" \/>\n<meta property=\"article:modified_time\" content=\"2025-12-09T17:04:52+00:00\" \/>\n<meta property=\"og:image\" content=\"https:\/\/www.biopapa.lt\/wp-content\/uploads\/2022\/10\/Ekologiskas-tikrinis-blizgutis-reishi-grybas-500-mg-kapsulese.png\" \/>\n\t<meta property=\"og:image:width\" content=\"800\" \/>\n\t<meta property=\"og:image:height\" content=\"640\" \/>\n\t<meta property=\"og:image:type\" content=\"image\/png\" \/>\n<meta name=\"twitter:card\" content=\"summary_large_image\" \/>\n<script type=\"application\/ld+json\" class=\"yoast-schema-graph\">{\"@context\":\"https:\\\/\\\/schema.org\",\"@graph\":[{\"@type\":\"WebPage\",\"@id\":\"https:\\\/\\\/www.biopapa.lt\\\/en\\\/produktas\\\/organic-reishi-mushroom-500-mg-capsules\\\/\",\"url\":\"https:\\\/\\\/www.biopapa.lt\\\/en\\\/produktas\\\/organic-reishi-mushroom-500-mg-capsules\\\/\",\"name\":\"Organic reishi mushroom (reishi), 500 mg in capsules - Biopapa\",\"isPartOf\":{\"@id\":\"https:\\\/\\\/www.biopapa.lt\\\/#website\"},\"primaryImageOfPage\":{\"@id\":\"https:\\\/\\\/www.biopapa.lt\\\/en\\\/produktas\\\/organic-reishi-mushroom-500-mg-capsules\\\/#primaryimage\"},\"image\":{\"@id\":\"https:\\\/\\\/www.biopapa.lt\\\/en\\\/produktas\\\/organic-reishi-mushroom-500-mg-capsules\\\/#primaryimage\"},\"thumbnailUrl\":\"https:\\\/\\\/www.biopapa.lt\\\/wp-content\\\/uploads\\\/2022\\\/10\\\/Ekologiskas-tikrinis-blizgutis-reishi-grybas-500-mg-kapsulese.png\",\"datePublished\":\"2022-10-29T14:08:59+00:00\",\"dateModified\":\"2025-12-09T17:04:52+00:00\",\"description\":\"The Reishi mushroom grows in Asia and has long been used in Eastern traditional medicine for longevity and all-round health.\",\"breadcrumb\":{\"@id\":\"https:\\\/\\\/www.biopapa.lt\\\/en\\\/produktas\\\/organic-reishi-mushroom-500-mg-capsules\\\/#breadcrumb\"},\"inLanguage\":\"en-US\",\"potentialAction\":[{\"@type\":\"ReadAction\",\"target\":[\"https:\\\/\\\/www.biopapa.lt\\\/en\\\/produktas\\\/organic-reishi-mushroom-500-mg-capsules\\\/\"]}]},{\"@type\":\"ImageObject\",\"inLanguage\":\"en-US\",\"@id\":\"https:\\\/\\\/www.biopapa.lt\\\/en\\\/produktas\\\/organic-reishi-mushroom-500-mg-capsules\\\/#primaryimage\",\"url\":\"https:\\\/\\\/www.biopapa.lt\\\/wp-content\\\/uploads\\\/2022\\\/10\\\/Ekologiskas-tikrinis-blizgutis-reishi-grybas-500-mg-kapsulese.png\",\"contentUrl\":\"https:\\\/\\\/www.biopapa.lt\\\/wp-content\\\/uploads\\\/2022\\\/10\\\/Ekologiskas-tikrinis-blizgutis-reishi-grybas-500-mg-kapsulese.png\",\"width\":800,\"height\":640,\"caption\":\"organic-reishi-mushroom-500-mg-capsules\"},{\"@type\":\"BreadcrumbList\",\"@id\":\"https:\\\/\\\/www.biopapa.lt\\\/en\\\/produktas\\\/organic-reishi-mushroom-500-mg-capsules\\\/#breadcrumb\",\"itemListElement\":[{\"@type\":\"ListItem\",\"position\":1,\"name\":\"Home\",\"item\":\"https:\\\/\\\/www.biopapa.lt\\\/en\\\/\"},{\"@type\":\"ListItem\",\"position\":2,\"name\":\"Shop\",\"item\":\"https:\\\/\\\/www.biopapa.lt\\\/en\\\/shop\\\/\"},{\"@type\":\"ListItem\",\"position\":3,\"name\":\"Organic reishi mushroom (reishi), 500 mg in capsules\"}]},{\"@type\":\"WebSite\",\"@id\":\"https:\\\/\\\/www.biopapa.lt\\\/#website\",\"url\":\"https:\\\/\\\/www.biopapa.lt\\\/\",\"name\":\"Biopapa\",\"description\":\"\u0160var\u016bs ekologi\u0161ki produktai\",\"publisher\":{\"@id\":\"https:\\\/\\\/www.biopapa.lt\\\/#organization\"},\"potentialAction\":[{\"@type\":\"SearchAction\",\"target\":{\"@type\":\"EntryPoint\",\"urlTemplate\":\"https:\\\/\\\/www.biopapa.lt\\\/?s={search_term_string}\"},\"query-input\":{\"@type\":\"PropertyValueSpecification\",\"valueRequired\":true,\"valueName\":\"search_term_string\"}}],\"inLanguage\":\"en-US\"},{\"@type\":\"Organization\",\"@id\":\"https:\\\/\\\/www.biopapa.lt\\\/#organization\",\"name\":\"Biopapa\",\"url\":\"https:\\\/\\\/www.biopapa.lt\\\/\",\"logo\":{\"@type\":\"ImageObject\",\"inLanguage\":\"en-US\",\"@id\":\"https:\\\/\\\/www.biopapa.lt\\\/#\\\/schema\\\/logo\\\/image\\\/\",\"url\":\"https:\\\/\\\/www.biopapa.lt\\\/wp-content\\\/uploads\\\/2022\\\/04\\\/facebook_biopapa.jpg\",\"contentUrl\":\"https:\\\/\\\/www.biopapa.lt\\\/wp-content\\\/uploads\\\/2022\\\/04\\\/facebook_biopapa.jpg\",\"width\":1733,\"height\":907,\"caption\":\"Biopapa\"},\"image\":{\"@id\":\"https:\\\/\\\/www.biopapa.lt\\\/#\\\/schema\\\/logo\\\/image\\\/\"},\"sameAs\":[\"https:\\\/\\\/www.facebook.com\\\/biopapa.lt\"]}]}<\/script>\n<!-- \/ Yoast SEO plugin. -->","yoast_head_json":{"title":"Organic reishi mushroom (reishi), 500 mg in capsules - Biopapa","description":"The Reishi mushroom grows in Asia and has long been used in Eastern traditional medicine for longevity and all-round health.","robots":{"index":"index","follow":"follow","max-snippet":"max-snippet:-1","max-image-preview":"max-image-preview:large","max-video-preview":"max-video-preview:-1"},"canonical":"https:\/\/www.biopapa.lt\/en\/produktas\/organic-reishi-mushroom-500-mg-capsules\/","og_locale":"en_US","og_type":"article","og_title":"Organic reishi mushroom (reishi), 500 mg in capsules - Biopapa","og_description":"The Reishi mushroom grows in Asia and has long been used in Eastern traditional medicine for longevity and all-round health.","og_url":"https:\/\/www.biopapa.lt\/en\/produktas\/organic-reishi-mushroom-500-mg-capsules\/","og_site_name":"Biopapa","article_publisher":"https:\/\/www.facebook.com\/biopapa.lt","article_modified_time":"2025-12-09T17:04:52+00:00","og_image":[{"width":800,"height":640,"url":"https:\/\/www.biopapa.lt\/wp-content\/uploads\/2022\/10\/Ekologiskas-tikrinis-blizgutis-reishi-grybas-500-mg-kapsulese.png","type":"image\/png"}],"twitter_card":"summary_large_image","schema":{"@context":"https:\/\/schema.org","@graph":[{"@type":"WebPage","@id":"https:\/\/www.biopapa.lt\/en\/produktas\/organic-reishi-mushroom-500-mg-capsules\/","url":"https:\/\/www.biopapa.lt\/en\/produktas\/organic-reishi-mushroom-500-mg-capsules\/","name":"Organic reishi mushroom (reishi), 500 mg in capsules - Biopapa","isPartOf":{"@id":"https:\/\/www.biopapa.lt\/#website"},"primaryImageOfPage":{"@id":"https:\/\/www.biopapa.lt\/en\/produktas\/organic-reishi-mushroom-500-mg-capsules\/#primaryimage"},"image":{"@id":"https:\/\/www.biopapa.lt\/en\/produktas\/organic-reishi-mushroom-500-mg-capsules\/#primaryimage"},"thumbnailUrl":"https:\/\/www.biopapa.lt\/wp-content\/uploads\/2022\/10\/Ekologiskas-tikrinis-blizgutis-reishi-grybas-500-mg-kapsulese.png","datePublished":"2022-10-29T14:08:59+00:00","dateModified":"2025-12-09T17:04:52+00:00","description":"The Reishi mushroom grows in Asia and has long been used in Eastern traditional medicine for longevity and all-round health.","breadcrumb":{"@id":"https:\/\/www.biopapa.lt\/en\/produktas\/organic-reishi-mushroom-500-mg-capsules\/#breadcrumb"},"inLanguage":"en-US","potentialAction":[{"@type":"ReadAction","target":["https:\/\/www.biopapa.lt\/en\/produktas\/organic-reishi-mushroom-500-mg-capsules\/"]}]},{"@type":"ImageObject","inLanguage":"en-US","@id":"https:\/\/www.biopapa.lt\/en\/produktas\/organic-reishi-mushroom-500-mg-capsules\/#primaryimage","url":"https:\/\/www.biopapa.lt\/wp-content\/uploads\/2022\/10\/Ekologiskas-tikrinis-blizgutis-reishi-grybas-500-mg-kapsulese.png","contentUrl":"https:\/\/www.biopapa.lt\/wp-content\/uploads\/2022\/10\/Ekologiskas-tikrinis-blizgutis-reishi-grybas-500-mg-kapsulese.png","width":800,"height":640,"caption":"organic-reishi-mushroom-500-mg-capsules"},{"@type":"BreadcrumbList","@id":"https:\/\/www.biopapa.lt\/en\/produktas\/organic-reishi-mushroom-500-mg-capsules\/#breadcrumb","itemListElement":[{"@type":"ListItem","position":1,"name":"Home","item":"https:\/\/www.biopapa.lt\/en\/"},{"@type":"ListItem","position":2,"name":"Shop","item":"https:\/\/www.biopapa.lt\/en\/shop\/"},{"@type":"ListItem","position":3,"name":"Organic reishi mushroom (reishi), 500 mg in capsules"}]},{"@type":"WebSite","@id":"https:\/\/www.biopapa.lt\/#website","url":"https:\/\/www.biopapa.lt\/","name":"Biopapa","description":"\u0160var\u016bs ekologi\u0161ki produktai","publisher":{"@id":"https:\/\/www.biopapa.lt\/#organization"},"potentialAction":[{"@type":"SearchAction","target":{"@type":"EntryPoint","urlTemplate":"https:\/\/www.biopapa.lt\/?s={search_term_string}"},"query-input":{"@type":"PropertyValueSpecification","valueRequired":true,"valueName":"search_term_string"}}],"inLanguage":"en-US"},{"@type":"Organization","@id":"https:\/\/www.biopapa.lt\/#organization","name":"Biopapa","url":"https:\/\/www.biopapa.lt\/","logo":{"@type":"ImageObject","inLanguage":"en-US","@id":"https:\/\/www.biopapa.lt\/#\/schema\/logo\/image\/","url":"https:\/\/www.biopapa.lt\/wp-content\/uploads\/2022\/04\/facebook_biopapa.jpg","contentUrl":"https:\/\/www.biopapa.lt\/wp-content\/uploads\/2022\/04\/facebook_biopapa.jpg","width":1733,"height":907,"caption":"Biopapa"},"image":{"@id":"https:\/\/www.biopapa.lt\/#\/schema\/logo\/image\/"},"sameAs":["https:\/\/www.facebook.com\/biopapa.lt"]}]}},"_links":{"self":[{"href":"https:\/\/www.biopapa.lt\/en\/wp-json\/wp\/v2\/product\/31663","targetHints":{"allow":["GET"]}}],"collection":[{"href":"https:\/\/www.biopapa.lt\/en\/wp-json\/wp\/v2\/product"}],"about":[{"href":"https:\/\/www.biopapa.lt\/en\/wp-json\/wp\/v2\/types\/product"}],"wp:featuredmedia":[{"embeddable":true,"href":"https:\/\/www.biopapa.lt\/en\/wp-json\/wp\/v2\/media\/29837"}],"wp:attachment":[{"href":"https:\/\/www.biopapa.lt\/en\/wp-json\/wp\/v2\/media?parent=31663"}],"wp:term":[{"taxonomy":"product_brand","embeddable":true,"href":"https:\/\/www.biopapa.lt\/en\/wp-json\/wp\/v2\/product_brand?post=31663"},{"taxonomy":"product_cat","embeddable":true,"href":"https:\/\/www.biopapa.lt\/en\/wp-json\/wp\/v2\/product_cat?post=31663"},{"taxonomy":"product_tag","embeddable":true,"href":"https:\/\/www.biopapa.lt\/en\/wp-json\/wp\/v2\/product_tag?post=31663"}],"curies":[{"name":"wp","href":"https:\/\/api.w.org\/{rel}","templated":true}]}}