{"id":259206,"date":"2026-02-24T09:54:36","date_gmt":"2026-02-24T07:54:36","guid":{"rendered":"https:\/\/www.biopapa.lt\/?post_type=product&#038;p=259206"},"modified":"2026-03-23T10:27:12","modified_gmt":"2026-03-23T08:27:12","slug":"organicheskiy-lugovoy-med-500-g","status":"publish","type":"product","link":"https:\/\/www.biopapa.lt\/en\/produktas\/organicheskiy-lugovoy-med-500-g\/","title":{"rendered":"Organic meadow honey, 500 g"},"content":{"rendered":"<p><strong>Organic meadow honey, 500 g<\/strong> &#8211; harvest 2025<br \/>\nSummer blossom honey, organic<br \/>\nSummer blossom honey is highly aromatic and tastes of blossom and fruit. <\/p>\n<p><em>The honey is of extremely high quality, as confirmed by tests carried out in a German laboratory, and is free of pesticides, glyphosates and other harmful substances. <\/em><br \/>\n<em>The honey is certified ECOAGRA, harvested from our family&#8217;s organic apiary. There are no sources of pollution within a 3 km radius of our apiary, we treat our bees with natural acids, we farm only in wooden hives, and we bottle all of our products in glass containers. <\/em><\/p>\n<p>What plants are the summer flowers from?<br \/>\nHoney is made from the flowers of tall foxglove, buillas, chickweed, raspberries, clover, cowslips, cornflowers and other summer flowers.<br \/>\nComposition of honey<br \/>\nHoney contains carbohydrates (fructose, glucose, sucrose, maltose), enzymes, minerals, vitamins, proteins, essential oils and water.<\/p>\n<p>How to use honey?<br \/>\nIt is recommended to eat up to 100 g of honey per day.<\/p>\n<p>If you want to enrich your body with bioactive substances, we recommend drinking a glass of warm water with a teaspoon of honey every morning before breakfast.<br \/>\nIf you have difficulty falling asleep, we recommend drinking a glass of warm water with honey at night before going to bed.<\/p>\n<p>How about honey in tea?<br \/>\nTo preserve the beneficial properties of honey, the water temperature should not exceed 40\u00b0C.<\/p>\n<p>Honey for children<br \/>\nIt is recommended that children start tasting bee products at the age of 2. Babies under 1 year should not be given honey. Once you start tasting honey, watch for signs of allergy.  <\/p>\n<p>Nutritional value of honey<br \/>\nThe energy value of honey (100 g) is 1377 kJ \/324 calories.<\/p>\n<p>How to store honey?<br \/>\nIt is advisable to store honey in an airtight glass container in a dry, cool, dark place.<\/p>\n<p><em>NOTE. The information provided on this website shall not be construed as a recommendation for treatment or any other form of health advice. We encourage you to make personal decisions about your personal health, taking into account a wide range of sources of information.<\/em><\/p>\n","protected":false},"excerpt":{"rendered":"<p>Organic meadow honey, 500 g &#8211; harvest 2025 Summer blossom honey, organic Summer blossom honey is highly aromatic and tastes<\/p>\n","protected":false},"featured_media":263328,"template":"","meta":{"_acf_changed":false},"product_brand":[],"product_cat":[2007],"product_tag":[2038],"class_list":{"0":"post-259206","1":"product","2":"type-product","3":"status-publish","4":"has-post-thumbnail","6":"product_cat-sweeteners-and-salt","7":"product_tag-no-added-sugar","8":"pa_svoris-700-g-en","10":"first","11":"instock","12":"shipping-taxable","13":"purchasable","14":"product-type-simple"},"acf":[],"yoast_head":"<!-- This site is optimized with the Yoast SEO plugin v27.4 - https:\/\/yoast.com\/product\/yoast-seo-wordpress\/ -->\n<title>Organic meadow honey, 500 g - Biopapa<\/title>\n<meta name=\"description\" content=\"Organic summer blossom honey is highly aromatic and tastes of blossom and fruit.\" \/>\n<meta name=\"robots\" content=\"index, follow, max-snippet:-1, max-image-preview:large, max-video-preview:-1\" \/>\n<link rel=\"canonical\" href=\"https:\/\/www.biopapa.lt\/en\/produktas\/organicheskiy-lugovoy-med-500-g\/\" \/>\n<meta property=\"og:locale\" content=\"en_US\" \/>\n<meta property=\"og:type\" content=\"article\" \/>\n<meta property=\"og:title\" content=\"Organic meadow honey, 500 g - Biopapa\" \/>\n<meta property=\"og:description\" content=\"Organic summer blossom honey is highly aromatic and tastes of blossom and fruit.\" \/>\n<meta property=\"og:url\" content=\"https:\/\/www.biopapa.lt\/en\/produktas\/organicheskiy-lugovoy-med-500-g\/\" \/>\n<meta property=\"og:site_name\" content=\"Biopapa\" \/>\n<meta property=\"article:publisher\" content=\"https:\/\/www.facebook.com\/biopapa.lt\" \/>\n<meta property=\"article:modified_time\" content=\"2026-03-23T08:27:12+00:00\" \/>\n<meta property=\"og:image\" content=\"https:\/\/www.biopapa.lt\/wp-content\/uploads\/2026\/02\/Ekologiskas-medus.png\" \/>\n\t<meta property=\"og:image:width\" content=\"800\" \/>\n\t<meta property=\"og:image:height\" content=\"640\" \/>\n\t<meta property=\"og:image:type\" content=\"image\/png\" \/>\n<meta name=\"twitter:card\" content=\"summary_large_image\" \/>\n<script type=\"application\/ld+json\" class=\"yoast-schema-graph\">{\"@context\":\"https:\\\/\\\/schema.org\",\"@graph\":[{\"@type\":\"WebPage\",\"@id\":\"https:\\\/\\\/www.biopapa.lt\\\/en\\\/produktas\\\/organicheskiy-lugovoy-med-500-g\\\/\",\"url\":\"https:\\\/\\\/www.biopapa.lt\\\/en\\\/produktas\\\/organicheskiy-lugovoy-med-500-g\\\/\",\"name\":\"Organic meadow honey, 500 g - Biopapa\",\"isPartOf\":{\"@id\":\"https:\\\/\\\/www.biopapa.lt\\\/#website\"},\"primaryImageOfPage\":{\"@id\":\"https:\\\/\\\/www.biopapa.lt\\\/en\\\/produktas\\\/organicheskiy-lugovoy-med-500-g\\\/#primaryimage\"},\"image\":{\"@id\":\"https:\\\/\\\/www.biopapa.lt\\\/en\\\/produktas\\\/organicheskiy-lugovoy-med-500-g\\\/#primaryimage\"},\"thumbnailUrl\":\"https:\\\/\\\/www.biopapa.lt\\\/wp-content\\\/uploads\\\/2026\\\/02\\\/Ekologiskas-medus.png\",\"datePublished\":\"2026-02-24T07:54:36+00:00\",\"dateModified\":\"2026-03-23T08:27:12+00:00\",\"description\":\"Organic summer blossom honey is highly aromatic and tastes of blossom and fruit.\",\"breadcrumb\":{\"@id\":\"https:\\\/\\\/www.biopapa.lt\\\/en\\\/produktas\\\/organicheskiy-lugovoy-med-500-g\\\/#breadcrumb\"},\"inLanguage\":\"en-US\",\"potentialAction\":[{\"@type\":\"ReadAction\",\"target\":[\"https:\\\/\\\/www.biopapa.lt\\\/en\\\/produktas\\\/organicheskiy-lugovoy-med-500-g\\\/\"]}]},{\"@type\":\"ImageObject\",\"inLanguage\":\"en-US\",\"@id\":\"https:\\\/\\\/www.biopapa.lt\\\/en\\\/produktas\\\/organicheskiy-lugovoy-med-500-g\\\/#primaryimage\",\"url\":\"https:\\\/\\\/www.biopapa.lt\\\/wp-content\\\/uploads\\\/2026\\\/02\\\/Ekologiskas-medus.png\",\"contentUrl\":\"https:\\\/\\\/www.biopapa.lt\\\/wp-content\\\/uploads\\\/2026\\\/02\\\/Ekologiskas-medus.png\",\"width\":800,\"height\":640},{\"@type\":\"BreadcrumbList\",\"@id\":\"https:\\\/\\\/www.biopapa.lt\\\/en\\\/produktas\\\/organicheskiy-lugovoy-med-500-g\\\/#breadcrumb\",\"itemListElement\":[{\"@type\":\"ListItem\",\"position\":1,\"name\":\"Home\",\"item\":\"https:\\\/\\\/www.biopapa.lt\\\/en\\\/\"},{\"@type\":\"ListItem\",\"position\":2,\"name\":\"Shop\",\"item\":\"https:\\\/\\\/www.biopapa.lt\\\/en\\\/shop\\\/\"},{\"@type\":\"ListItem\",\"position\":3,\"name\":\"Organic meadow honey, 500 g\"}]},{\"@type\":\"WebSite\",\"@id\":\"https:\\\/\\\/www.biopapa.lt\\\/#website\",\"url\":\"https:\\\/\\\/www.biopapa.lt\\\/\",\"name\":\"Biopapa\",\"description\":\"\u0160var\u016bs ekologi\u0161ki produktai\",\"publisher\":{\"@id\":\"https:\\\/\\\/www.biopapa.lt\\\/#organization\"},\"potentialAction\":[{\"@type\":\"SearchAction\",\"target\":{\"@type\":\"EntryPoint\",\"urlTemplate\":\"https:\\\/\\\/www.biopapa.lt\\\/?s={search_term_string}\"},\"query-input\":{\"@type\":\"PropertyValueSpecification\",\"valueRequired\":true,\"valueName\":\"search_term_string\"}}],\"inLanguage\":\"en-US\"},{\"@type\":\"Organization\",\"@id\":\"https:\\\/\\\/www.biopapa.lt\\\/#organization\",\"name\":\"Biopapa\",\"url\":\"https:\\\/\\\/www.biopapa.lt\\\/\",\"logo\":{\"@type\":\"ImageObject\",\"inLanguage\":\"en-US\",\"@id\":\"https:\\\/\\\/www.biopapa.lt\\\/#\\\/schema\\\/logo\\\/image\\\/\",\"url\":\"https:\\\/\\\/www.biopapa.lt\\\/wp-content\\\/uploads\\\/2022\\\/04\\\/facebook_biopapa.jpg\",\"contentUrl\":\"https:\\\/\\\/www.biopapa.lt\\\/wp-content\\\/uploads\\\/2022\\\/04\\\/facebook_biopapa.jpg\",\"width\":1733,\"height\":907,\"caption\":\"Biopapa\"},\"image\":{\"@id\":\"https:\\\/\\\/www.biopapa.lt\\\/#\\\/schema\\\/logo\\\/image\\\/\"},\"sameAs\":[\"https:\\\/\\\/www.facebook.com\\\/biopapa.lt\"]}]}<\/script>\n<!-- \/ Yoast SEO plugin. -->","yoast_head_json":{"title":"Organic meadow honey, 500 g - Biopapa","description":"Organic summer blossom honey is highly aromatic and tastes of blossom and fruit.","robots":{"index":"index","follow":"follow","max-snippet":"max-snippet:-1","max-image-preview":"max-image-preview:large","max-video-preview":"max-video-preview:-1"},"canonical":"https:\/\/www.biopapa.lt\/en\/produktas\/organicheskiy-lugovoy-med-500-g\/","og_locale":"en_US","og_type":"article","og_title":"Organic meadow honey, 500 g - Biopapa","og_description":"Organic summer blossom honey is highly aromatic and tastes of blossom and fruit.","og_url":"https:\/\/www.biopapa.lt\/en\/produktas\/organicheskiy-lugovoy-med-500-g\/","og_site_name":"Biopapa","article_publisher":"https:\/\/www.facebook.com\/biopapa.lt","article_modified_time":"2026-03-23T08:27:12+00:00","og_image":[{"width":800,"height":640,"url":"https:\/\/www.biopapa.lt\/wp-content\/uploads\/2026\/02\/Ekologiskas-medus.png","type":"image\/png"}],"twitter_card":"summary_large_image","schema":{"@context":"https:\/\/schema.org","@graph":[{"@type":"WebPage","@id":"https:\/\/www.biopapa.lt\/en\/produktas\/organicheskiy-lugovoy-med-500-g\/","url":"https:\/\/www.biopapa.lt\/en\/produktas\/organicheskiy-lugovoy-med-500-g\/","name":"Organic meadow honey, 500 g - Biopapa","isPartOf":{"@id":"https:\/\/www.biopapa.lt\/#website"},"primaryImageOfPage":{"@id":"https:\/\/www.biopapa.lt\/en\/produktas\/organicheskiy-lugovoy-med-500-g\/#primaryimage"},"image":{"@id":"https:\/\/www.biopapa.lt\/en\/produktas\/organicheskiy-lugovoy-med-500-g\/#primaryimage"},"thumbnailUrl":"https:\/\/www.biopapa.lt\/wp-content\/uploads\/2026\/02\/Ekologiskas-medus.png","datePublished":"2026-02-24T07:54:36+00:00","dateModified":"2026-03-23T08:27:12+00:00","description":"Organic summer blossom honey is highly aromatic and tastes of blossom and fruit.","breadcrumb":{"@id":"https:\/\/www.biopapa.lt\/en\/produktas\/organicheskiy-lugovoy-med-500-g\/#breadcrumb"},"inLanguage":"en-US","potentialAction":[{"@type":"ReadAction","target":["https:\/\/www.biopapa.lt\/en\/produktas\/organicheskiy-lugovoy-med-500-g\/"]}]},{"@type":"ImageObject","inLanguage":"en-US","@id":"https:\/\/www.biopapa.lt\/en\/produktas\/organicheskiy-lugovoy-med-500-g\/#primaryimage","url":"https:\/\/www.biopapa.lt\/wp-content\/uploads\/2026\/02\/Ekologiskas-medus.png","contentUrl":"https:\/\/www.biopapa.lt\/wp-content\/uploads\/2026\/02\/Ekologiskas-medus.png","width":800,"height":640},{"@type":"BreadcrumbList","@id":"https:\/\/www.biopapa.lt\/en\/produktas\/organicheskiy-lugovoy-med-500-g\/#breadcrumb","itemListElement":[{"@type":"ListItem","position":1,"name":"Home","item":"https:\/\/www.biopapa.lt\/en\/"},{"@type":"ListItem","position":2,"name":"Shop","item":"https:\/\/www.biopapa.lt\/en\/shop\/"},{"@type":"ListItem","position":3,"name":"Organic meadow honey, 500 g"}]},{"@type":"WebSite","@id":"https:\/\/www.biopapa.lt\/#website","url":"https:\/\/www.biopapa.lt\/","name":"Biopapa","description":"\u0160var\u016bs ekologi\u0161ki produktai","publisher":{"@id":"https:\/\/www.biopapa.lt\/#organization"},"potentialAction":[{"@type":"SearchAction","target":{"@type":"EntryPoint","urlTemplate":"https:\/\/www.biopapa.lt\/?s={search_term_string}"},"query-input":{"@type":"PropertyValueSpecification","valueRequired":true,"valueName":"search_term_string"}}],"inLanguage":"en-US"},{"@type":"Organization","@id":"https:\/\/www.biopapa.lt\/#organization","name":"Biopapa","url":"https:\/\/www.biopapa.lt\/","logo":{"@type":"ImageObject","inLanguage":"en-US","@id":"https:\/\/www.biopapa.lt\/#\/schema\/logo\/image\/","url":"https:\/\/www.biopapa.lt\/wp-content\/uploads\/2022\/04\/facebook_biopapa.jpg","contentUrl":"https:\/\/www.biopapa.lt\/wp-content\/uploads\/2022\/04\/facebook_biopapa.jpg","width":1733,"height":907,"caption":"Biopapa"},"image":{"@id":"https:\/\/www.biopapa.lt\/#\/schema\/logo\/image\/"},"sameAs":["https:\/\/www.facebook.com\/biopapa.lt"]}]}},"_links":{"self":[{"href":"https:\/\/www.biopapa.lt\/en\/wp-json\/wp\/v2\/product\/259206","targetHints":{"allow":["GET"]}}],"collection":[{"href":"https:\/\/www.biopapa.lt\/en\/wp-json\/wp\/v2\/product"}],"about":[{"href":"https:\/\/www.biopapa.lt\/en\/wp-json\/wp\/v2\/types\/product"}],"wp:featuredmedia":[{"embeddable":true,"href":"https:\/\/www.biopapa.lt\/en\/wp-json\/wp\/v2\/media\/263328"}],"wp:attachment":[{"href":"https:\/\/www.biopapa.lt\/en\/wp-json\/wp\/v2\/media?parent=259206"}],"wp:term":[{"taxonomy":"product_brand","embeddable":true,"href":"https:\/\/www.biopapa.lt\/en\/wp-json\/wp\/v2\/product_brand?post=259206"},{"taxonomy":"product_cat","embeddable":true,"href":"https:\/\/www.biopapa.lt\/en\/wp-json\/wp\/v2\/product_cat?post=259206"},{"taxonomy":"product_tag","embeddable":true,"href":"https:\/\/www.biopapa.lt\/en\/wp-json\/wp\/v2\/product_tag?post=259206"}],"curies":[{"name":"wp","href":"https:\/\/api.w.org\/{rel}","templated":true}]}}