{"id":259180,"date":"2026-02-24T09:34:40","date_gmt":"2026-02-24T07:34:40","guid":{"rendered":"https:\/\/www.biopapa.lt\/?post_type=product&#038;p=259180"},"modified":"2026-02-24T09:51:31","modified_gmt":"2026-02-24T07:51:31","slug":"organic-linden-honey-500g","status":"publish","type":"product","link":"https:\/\/www.biopapa.lt\/en\/produktas\/organic-linden-honey-500g\/","title":{"rendered":"Organic linden honey, 500g"},"content":{"rendered":"<p> <strong> Organic linden honey, 500g &#8211; <\/strong>harvest 2024<br \/>\nThis linden honey has been awarded a medal in the international competition &#8220;Honey Madness Cup 2025&#8221;!<br \/>\nBe a honey gourmet<br \/>\nWhen you open a jar of linden honey, you will smell the delicious scent of linden blossom and taste the refreshing flavour of mint, citrus fruits and blossom.<br \/>\nWhen it is in liquid form, linden honey has a bright yellow colour, with a greenish tinge before the sun. Once crystallised, lime honey turns slightly yellowish, even whitish. It crystallises in very small crystals.   <\/p>\n<p><em>What is organic honey?<\/em><br \/>\n<em>We are often asked how we ensure that the bees do not fly into non-organic fields, and we are very careful to ensure that there are no sources of pollution within a 3-5 km radius around the apiary, the distance the bees fly.<\/em><br \/>\n<em>Honey is tested in a German laboratory to confirm that it is free of pesticides and glyphosates.  <\/em><br \/>\n<em>We treat our bees with natural acids, we only beekeep in wooden hives, we bottle all our products in glass containers, we spin our honey with a stainless steel honey extractor etc.<\/em><br \/>\n<em>The apiary is inspected and the certificate of organic production is issued by the public body EKOAGROS.  <\/em><\/p>\n<p>Where can I store linden honey to keep it in good condition for as long as possible?<br \/>\nHoney should be kept dry and cool. Avoid temperature changes and direct sunlight. Honey stored in the right conditions will keep its quality and taste for longer. Honey absorbs odours and moisture very well, so keep it in an airtight container.   <\/p>\n<p>Taste: sweet, floral, minty, citrus, refreshing, cooling.<br \/>\nAroma: floral.<br \/>\nColour: pale yellowish, even whitish with a greenish tinge.<\/p>\n<p><em>NOTE. The information provided on this website shall not be construed as a recommendation for treatment or any other form of health advice. We encourage you to make personal decisions about your personal health, taking into account a wide range of sources of information.<\/em><\/p>\n","protected":false},"excerpt":{"rendered":"<p>Organic linden honey, 500g &#8211; harvest 2024 This linden honey has been awarded a medal in the international competition &#8220;Honey<\/p>\n","protected":false},"featured_media":263324,"template":"","meta":{"_acf_changed":false},"product_brand":[],"product_cat":[2007],"product_tag":[2038],"class_list":{"0":"post-259180","1":"product","2":"type-product","3":"status-publish","4":"has-post-thumbnail","6":"product_cat-sweeteners-and-salt","7":"product_tag-no-added-sugar","8":"pa_svoris-700-g-en","10":"first","11":"instock","12":"shipping-taxable","13":"purchasable","14":"product-type-simple"},"acf":[],"yoast_head":"<!-- This site is optimized with the Yoast SEO plugin v27.3 - https:\/\/yoast.com\/product\/yoast-seo-wordpress\/ -->\n<title>Organic linden honey, 500g - Biopapa<\/title>\n<meta name=\"description\" content=\"Taste of lime honey: sweet, floral, minty, citrus, refreshing, cooling.\" \/>\n<meta name=\"robots\" content=\"index, follow, max-snippet:-1, max-image-preview:large, max-video-preview:-1\" \/>\n<link rel=\"canonical\" href=\"https:\/\/www.biopapa.lt\/en\/produktas\/organic-linden-honey-500g\/\" \/>\n<meta property=\"og:locale\" content=\"en_US\" \/>\n<meta property=\"og:type\" content=\"article\" \/>\n<meta property=\"og:title\" content=\"Organic linden honey, 500g - Biopapa\" \/>\n<meta property=\"og:description\" content=\"Taste of lime honey: sweet, floral, minty, citrus, refreshing, cooling.\" \/>\n<meta property=\"og:url\" content=\"https:\/\/www.biopapa.lt\/en\/produktas\/organic-linden-honey-500g\/\" \/>\n<meta property=\"og:site_name\" content=\"Biopapa\" \/>\n<meta property=\"article:publisher\" content=\"https:\/\/www.facebook.com\/biopapa.lt\" \/>\n<meta property=\"article:modified_time\" content=\"2026-02-24T07:51:31+00:00\" \/>\n<meta property=\"og:image\" content=\"https:\/\/www.biopapa.lt\/wp-content\/uploads\/2026\/02\/Ekologiskas-liepu-medus-500g.png\" \/>\n\t<meta property=\"og:image:width\" content=\"800\" \/>\n\t<meta property=\"og:image:height\" content=\"640\" \/>\n\t<meta property=\"og:image:type\" content=\"image\/png\" \/>\n<meta name=\"twitter:card\" content=\"summary_large_image\" \/>\n<script type=\"application\/ld+json\" class=\"yoast-schema-graph\">{\"@context\":\"https:\\\/\\\/schema.org\",\"@graph\":[{\"@type\":\"WebPage\",\"@id\":\"https:\\\/\\\/www.biopapa.lt\\\/en\\\/produktas\\\/organic-linden-honey-500g\\\/\",\"url\":\"https:\\\/\\\/www.biopapa.lt\\\/en\\\/produktas\\\/organic-linden-honey-500g\\\/\",\"name\":\"Organic linden honey, 500g - Biopapa\",\"isPartOf\":{\"@id\":\"https:\\\/\\\/www.biopapa.lt\\\/#website\"},\"primaryImageOfPage\":{\"@id\":\"https:\\\/\\\/www.biopapa.lt\\\/en\\\/produktas\\\/organic-linden-honey-500g\\\/#primaryimage\"},\"image\":{\"@id\":\"https:\\\/\\\/www.biopapa.lt\\\/en\\\/produktas\\\/organic-linden-honey-500g\\\/#primaryimage\"},\"thumbnailUrl\":\"https:\\\/\\\/www.biopapa.lt\\\/wp-content\\\/uploads\\\/2026\\\/02\\\/Ekologiskas-liepu-medus-500g-2.png\",\"datePublished\":\"2026-02-24T07:34:40+00:00\",\"dateModified\":\"2026-02-24T07:51:31+00:00\",\"description\":\"Taste of lime honey: sweet, floral, minty, citrus, refreshing, cooling.\",\"breadcrumb\":{\"@id\":\"https:\\\/\\\/www.biopapa.lt\\\/en\\\/produktas\\\/organic-linden-honey-500g\\\/#breadcrumb\"},\"inLanguage\":\"en-US\",\"potentialAction\":[{\"@type\":\"ReadAction\",\"target\":[\"https:\\\/\\\/www.biopapa.lt\\\/en\\\/produktas\\\/organic-linden-honey-500g\\\/\"]}]},{\"@type\":\"ImageObject\",\"inLanguage\":\"en-US\",\"@id\":\"https:\\\/\\\/www.biopapa.lt\\\/en\\\/produktas\\\/organic-linden-honey-500g\\\/#primaryimage\",\"url\":\"https:\\\/\\\/www.biopapa.lt\\\/wp-content\\\/uploads\\\/2026\\\/02\\\/Ekologiskas-liepu-medus-500g-2.png\",\"contentUrl\":\"https:\\\/\\\/www.biopapa.lt\\\/wp-content\\\/uploads\\\/2026\\\/02\\\/Ekologiskas-liepu-medus-500g-2.png\",\"width\":800,\"height\":640},{\"@type\":\"BreadcrumbList\",\"@id\":\"https:\\\/\\\/www.biopapa.lt\\\/en\\\/produktas\\\/organic-linden-honey-500g\\\/#breadcrumb\",\"itemListElement\":[{\"@type\":\"ListItem\",\"position\":1,\"name\":\"Home\",\"item\":\"https:\\\/\\\/www.biopapa.lt\\\/en\\\/\"},{\"@type\":\"ListItem\",\"position\":2,\"name\":\"Shop\",\"item\":\"https:\\\/\\\/www.biopapa.lt\\\/en\\\/shop\\\/\"},{\"@type\":\"ListItem\",\"position\":3,\"name\":\"Organic linden honey, 500g\"}]},{\"@type\":\"WebSite\",\"@id\":\"https:\\\/\\\/www.biopapa.lt\\\/#website\",\"url\":\"https:\\\/\\\/www.biopapa.lt\\\/\",\"name\":\"Biopapa\",\"description\":\"\u0160var\u016bs ekologi\u0161ki produktai\",\"publisher\":{\"@id\":\"https:\\\/\\\/www.biopapa.lt\\\/#organization\"},\"potentialAction\":[{\"@type\":\"SearchAction\",\"target\":{\"@type\":\"EntryPoint\",\"urlTemplate\":\"https:\\\/\\\/www.biopapa.lt\\\/?s={search_term_string}\"},\"query-input\":{\"@type\":\"PropertyValueSpecification\",\"valueRequired\":true,\"valueName\":\"search_term_string\"}}],\"inLanguage\":\"en-US\"},{\"@type\":\"Organization\",\"@id\":\"https:\\\/\\\/www.biopapa.lt\\\/#organization\",\"name\":\"Biopapa\",\"url\":\"https:\\\/\\\/www.biopapa.lt\\\/\",\"logo\":{\"@type\":\"ImageObject\",\"inLanguage\":\"en-US\",\"@id\":\"https:\\\/\\\/www.biopapa.lt\\\/#\\\/schema\\\/logo\\\/image\\\/\",\"url\":\"https:\\\/\\\/www.biopapa.lt\\\/wp-content\\\/uploads\\\/2022\\\/04\\\/facebook_biopapa.jpg\",\"contentUrl\":\"https:\\\/\\\/www.biopapa.lt\\\/wp-content\\\/uploads\\\/2022\\\/04\\\/facebook_biopapa.jpg\",\"width\":1733,\"height\":907,\"caption\":\"Biopapa\"},\"image\":{\"@id\":\"https:\\\/\\\/www.biopapa.lt\\\/#\\\/schema\\\/logo\\\/image\\\/\"},\"sameAs\":[\"https:\\\/\\\/www.facebook.com\\\/biopapa.lt\"]}]}<\/script>\n<!-- \/ Yoast SEO plugin. -->","yoast_head_json":{"title":"Organic linden honey, 500g - Biopapa","description":"Taste of lime honey: sweet, floral, minty, citrus, refreshing, cooling.","robots":{"index":"index","follow":"follow","max-snippet":"max-snippet:-1","max-image-preview":"max-image-preview:large","max-video-preview":"max-video-preview:-1"},"canonical":"https:\/\/www.biopapa.lt\/en\/produktas\/organic-linden-honey-500g\/","og_locale":"en_US","og_type":"article","og_title":"Organic linden honey, 500g - Biopapa","og_description":"Taste of lime honey: sweet, floral, minty, citrus, refreshing, cooling.","og_url":"https:\/\/www.biopapa.lt\/en\/produktas\/organic-linden-honey-500g\/","og_site_name":"Biopapa","article_publisher":"https:\/\/www.facebook.com\/biopapa.lt","article_modified_time":"2026-02-24T07:51:31+00:00","og_image":[{"width":800,"height":640,"url":"https:\/\/www.biopapa.lt\/wp-content\/uploads\/2026\/02\/Ekologiskas-liepu-medus-500g.png","type":"image\/png"}],"twitter_card":"summary_large_image","schema":{"@context":"https:\/\/schema.org","@graph":[{"@type":"WebPage","@id":"https:\/\/www.biopapa.lt\/en\/produktas\/organic-linden-honey-500g\/","url":"https:\/\/www.biopapa.lt\/en\/produktas\/organic-linden-honey-500g\/","name":"Organic linden honey, 500g - Biopapa","isPartOf":{"@id":"https:\/\/www.biopapa.lt\/#website"},"primaryImageOfPage":{"@id":"https:\/\/www.biopapa.lt\/en\/produktas\/organic-linden-honey-500g\/#primaryimage"},"image":{"@id":"https:\/\/www.biopapa.lt\/en\/produktas\/organic-linden-honey-500g\/#primaryimage"},"thumbnailUrl":"https:\/\/www.biopapa.lt\/wp-content\/uploads\/2026\/02\/Ekologiskas-liepu-medus-500g-2.png","datePublished":"2026-02-24T07:34:40+00:00","dateModified":"2026-02-24T07:51:31+00:00","description":"Taste of lime honey: sweet, floral, minty, citrus, refreshing, cooling.","breadcrumb":{"@id":"https:\/\/www.biopapa.lt\/en\/produktas\/organic-linden-honey-500g\/#breadcrumb"},"inLanguage":"en-US","potentialAction":[{"@type":"ReadAction","target":["https:\/\/www.biopapa.lt\/en\/produktas\/organic-linden-honey-500g\/"]}]},{"@type":"ImageObject","inLanguage":"en-US","@id":"https:\/\/www.biopapa.lt\/en\/produktas\/organic-linden-honey-500g\/#primaryimage","url":"https:\/\/www.biopapa.lt\/wp-content\/uploads\/2026\/02\/Ekologiskas-liepu-medus-500g-2.png","contentUrl":"https:\/\/www.biopapa.lt\/wp-content\/uploads\/2026\/02\/Ekologiskas-liepu-medus-500g-2.png","width":800,"height":640},{"@type":"BreadcrumbList","@id":"https:\/\/www.biopapa.lt\/en\/produktas\/organic-linden-honey-500g\/#breadcrumb","itemListElement":[{"@type":"ListItem","position":1,"name":"Home","item":"https:\/\/www.biopapa.lt\/en\/"},{"@type":"ListItem","position":2,"name":"Shop","item":"https:\/\/www.biopapa.lt\/en\/shop\/"},{"@type":"ListItem","position":3,"name":"Organic linden honey, 500g"}]},{"@type":"WebSite","@id":"https:\/\/www.biopapa.lt\/#website","url":"https:\/\/www.biopapa.lt\/","name":"Biopapa","description":"\u0160var\u016bs ekologi\u0161ki produktai","publisher":{"@id":"https:\/\/www.biopapa.lt\/#organization"},"potentialAction":[{"@type":"SearchAction","target":{"@type":"EntryPoint","urlTemplate":"https:\/\/www.biopapa.lt\/?s={search_term_string}"},"query-input":{"@type":"PropertyValueSpecification","valueRequired":true,"valueName":"search_term_string"}}],"inLanguage":"en-US"},{"@type":"Organization","@id":"https:\/\/www.biopapa.lt\/#organization","name":"Biopapa","url":"https:\/\/www.biopapa.lt\/","logo":{"@type":"ImageObject","inLanguage":"en-US","@id":"https:\/\/www.biopapa.lt\/#\/schema\/logo\/image\/","url":"https:\/\/www.biopapa.lt\/wp-content\/uploads\/2022\/04\/facebook_biopapa.jpg","contentUrl":"https:\/\/www.biopapa.lt\/wp-content\/uploads\/2022\/04\/facebook_biopapa.jpg","width":1733,"height":907,"caption":"Biopapa"},"image":{"@id":"https:\/\/www.biopapa.lt\/#\/schema\/logo\/image\/"},"sameAs":["https:\/\/www.facebook.com\/biopapa.lt"]}]}},"_links":{"self":[{"href":"https:\/\/www.biopapa.lt\/en\/wp-json\/wp\/v2\/product\/259180","targetHints":{"allow":["GET"]}}],"collection":[{"href":"https:\/\/www.biopapa.lt\/en\/wp-json\/wp\/v2\/product"}],"about":[{"href":"https:\/\/www.biopapa.lt\/en\/wp-json\/wp\/v2\/types\/product"}],"wp:featuredmedia":[{"embeddable":true,"href":"https:\/\/www.biopapa.lt\/en\/wp-json\/wp\/v2\/media\/263324"}],"wp:attachment":[{"href":"https:\/\/www.biopapa.lt\/en\/wp-json\/wp\/v2\/media?parent=259180"}],"wp:term":[{"taxonomy":"product_brand","embeddable":true,"href":"https:\/\/www.biopapa.lt\/en\/wp-json\/wp\/v2\/product_brand?post=259180"},{"taxonomy":"product_cat","embeddable":true,"href":"https:\/\/www.biopapa.lt\/en\/wp-json\/wp\/v2\/product_cat?post=259180"},{"taxonomy":"product_tag","embeddable":true,"href":"https:\/\/www.biopapa.lt\/en\/wp-json\/wp\/v2\/product_tag?post=259180"}],"curies":[{"name":"wp","href":"https:\/\/api.w.org\/{rel}","templated":true}]}}