{"id":244339,"date":"2026-01-27T14:28:01","date_gmt":"2026-01-27T12:28:01","guid":{"rendered":"https:\/\/www.biopapa.lt\/?post_type=product&#038;p=244339"},"modified":"2026-01-27T17:12:11","modified_gmt":"2026-01-27T15:12:11","slug":"organic-crunchy-almond-nut-cream-250g-terrasana","status":"publish","type":"product","link":"https:\/\/www.biopapa.lt\/en\/produktas\/organic-crunchy-almond-nut-cream-250g-terrasana\/","title":{"rendered":"Organic crunchy almond nut cream, 250 g, TERRASANA"},"content":{"rendered":"<p><strong>Organic crunchy almond nut cream, 250 g<br \/>\n<\/strong>The crunchiness adds extra flavour to a much-loved product. The characteristic aroma and the strong taste of roasted almonds guarantee pleasure. Sustainably produced from 100% almonds.<br \/>\nCrunchy almond butter is made from heavily roasted organic almonds. The roasting and grinding of the skins gives the almond butter a particularly delicious, characteristic flavour. In addition, all the beneficial nutritional elements of the skin remain in the nut butter. You can use the crunchy almond butter for baking or smoothies, but it is also delicious on muffins or crackers.<br \/>\nJust as tasty as the original almond butter, but with extra crunch. Delicious. <\/p>\n<p>&nbsp;<\/p>\n<p>&nbsp;<\/p>\n","protected":false},"excerpt":{"rendered":"<p>Organic crunchy almond nut cream, 250 g The crunchiness adds extra flavour to a much-loved product. The characteristic aroma and<\/p>\n","protected":false},"featured_media":244345,"template":"","meta":{"_acf_changed":false},"product_brand":[],"product_cat":[2399,2014],"product_tag":[2030,2038,2088],"class_list":{"0":"post-244339","1":"product","2":"type-product","3":"status-publish","4":"has-post-thumbnail","6":"product_cat-nut-and-seed-cream","7":"product_cat-snacks","8":"product_tag-a-source-of-protein","9":"product_tag-no-added-sugar","10":"product_tag-vegan","12":"first","13":"instock","14":"shipping-taxable","15":"purchasable","16":"product-type-simple"},"acf":[],"yoast_head":"<!-- This site is optimized with the Yoast SEO plugin v27.5 - https:\/\/yoast.com\/product\/yoast-seo-wordpress\/ -->\n<title>Organic crunchy almond nut cream, 250 g, TERRASANA - Biopapa<\/title>\n<meta name=\"description\" content=\"Organic crunchy almond nut cream - the crunchiness adds extra flavour to a much-loved product. The characteristic aroma and the strong taste of roasted almonds guarantee pleasure.\" \/>\n<meta name=\"robots\" content=\"index, follow, max-snippet:-1, max-image-preview:large, max-video-preview:-1\" \/>\n<link rel=\"canonical\" href=\"https:\/\/www.biopapa.lt\/en\/produktas\/organic-crunchy-almond-nut-cream-250g-terrasana\/\" \/>\n<meta property=\"og:locale\" content=\"en_US\" \/>\n<meta property=\"og:type\" content=\"article\" \/>\n<meta property=\"og:title\" content=\"Organic crunchy almond nut cream, 250 g, TERRASANA - Biopapa\" \/>\n<meta property=\"og:description\" content=\"Organic crunchy almond nut cream - the crunchiness adds extra flavour to a much-loved product. The characteristic aroma and the strong taste of roasted almonds guarantee pleasure.\" \/>\n<meta property=\"og:url\" content=\"https:\/\/www.biopapa.lt\/en\/produktas\/organic-crunchy-almond-nut-cream-250g-terrasana\/\" \/>\n<meta property=\"og:site_name\" content=\"Biopapa\" \/>\n<meta property=\"article:publisher\" content=\"https:\/\/www.facebook.com\/biopapa.lt\" \/>\n<meta property=\"article:modified_time\" content=\"2026-01-27T15:12:11+00:00\" \/>\n<meta property=\"og:image\" content=\"https:\/\/www.biopapa.lt\/wp-content\/uploads\/2026\/01\/Ekologiskas-traskus-migdolu-riesutu-kremas-250g.png\" \/>\n\t<meta property=\"og:image:width\" content=\"800\" \/>\n\t<meta property=\"og:image:height\" content=\"640\" \/>\n\t<meta property=\"og:image:type\" content=\"image\/png\" \/>\n<meta name=\"twitter:card\" content=\"summary_large_image\" \/>\n<script type=\"application\/ld+json\" class=\"yoast-schema-graph\">{\"@context\":\"https:\\\/\\\/schema.org\",\"@graph\":[{\"@type\":\"WebPage\",\"@id\":\"https:\\\/\\\/www.biopapa.lt\\\/en\\\/produktas\\\/organic-crunchy-almond-nut-cream-250g-terrasana\\\/\",\"url\":\"https:\\\/\\\/www.biopapa.lt\\\/en\\\/produktas\\\/organic-crunchy-almond-nut-cream-250g-terrasana\\\/\",\"name\":\"Organic crunchy almond nut cream, 250 g, TERRASANA - Biopapa\",\"isPartOf\":{\"@id\":\"https:\\\/\\\/www.biopapa.lt\\\/#website\"},\"primaryImageOfPage\":{\"@id\":\"https:\\\/\\\/www.biopapa.lt\\\/en\\\/produktas\\\/organic-crunchy-almond-nut-cream-250g-terrasana\\\/#primaryimage\"},\"image\":{\"@id\":\"https:\\\/\\\/www.biopapa.lt\\\/en\\\/produktas\\\/organic-crunchy-almond-nut-cream-250g-terrasana\\\/#primaryimage\"},\"thumbnailUrl\":\"https:\\\/\\\/www.biopapa.lt\\\/wp-content\\\/uploads\\\/2026\\\/01\\\/Ekologiskas-traskus-migdolu-riesutu-kremas-250g.png\",\"datePublished\":\"2026-01-27T12:28:01+00:00\",\"dateModified\":\"2026-01-27T15:12:11+00:00\",\"description\":\"Organic crunchy almond nut cream - the crunchiness adds extra flavour to a much-loved product. The characteristic aroma and the strong taste of roasted almonds guarantee pleasure.\",\"breadcrumb\":{\"@id\":\"https:\\\/\\\/www.biopapa.lt\\\/en\\\/produktas\\\/organic-crunchy-almond-nut-cream-250g-terrasana\\\/#breadcrumb\"},\"inLanguage\":\"en-US\",\"potentialAction\":[{\"@type\":\"ReadAction\",\"target\":[\"https:\\\/\\\/www.biopapa.lt\\\/en\\\/produktas\\\/organic-crunchy-almond-nut-cream-250g-terrasana\\\/\"]}]},{\"@type\":\"ImageObject\",\"inLanguage\":\"en-US\",\"@id\":\"https:\\\/\\\/www.biopapa.lt\\\/en\\\/produktas\\\/organic-crunchy-almond-nut-cream-250g-terrasana\\\/#primaryimage\",\"url\":\"https:\\\/\\\/www.biopapa.lt\\\/wp-content\\\/uploads\\\/2026\\\/01\\\/Ekologiskas-traskus-migdolu-riesutu-kremas-250g.png\",\"contentUrl\":\"https:\\\/\\\/www.biopapa.lt\\\/wp-content\\\/uploads\\\/2026\\\/01\\\/Ekologiskas-traskus-migdolu-riesutu-kremas-250g.png\",\"width\":800,\"height\":640},{\"@type\":\"BreadcrumbList\",\"@id\":\"https:\\\/\\\/www.biopapa.lt\\\/en\\\/produktas\\\/organic-crunchy-almond-nut-cream-250g-terrasana\\\/#breadcrumb\",\"itemListElement\":[{\"@type\":\"ListItem\",\"position\":1,\"name\":\"Home\",\"item\":\"https:\\\/\\\/www.biopapa.lt\\\/en\\\/\"},{\"@type\":\"ListItem\",\"position\":2,\"name\":\"Shop\",\"item\":\"https:\\\/\\\/www.biopapa.lt\\\/en\\\/shop\\\/\"},{\"@type\":\"ListItem\",\"position\":3,\"name\":\"Organic crunchy almond nut cream, 250 g, TERRASANA\"}]},{\"@type\":\"WebSite\",\"@id\":\"https:\\\/\\\/www.biopapa.lt\\\/#website\",\"url\":\"https:\\\/\\\/www.biopapa.lt\\\/\",\"name\":\"Biopapa\",\"description\":\"\u0160var\u016bs ekologi\u0161ki produktai\",\"publisher\":{\"@id\":\"https:\\\/\\\/www.biopapa.lt\\\/#organization\"},\"potentialAction\":[{\"@type\":\"SearchAction\",\"target\":{\"@type\":\"EntryPoint\",\"urlTemplate\":\"https:\\\/\\\/www.biopapa.lt\\\/?s={search_term_string}\"},\"query-input\":{\"@type\":\"PropertyValueSpecification\",\"valueRequired\":true,\"valueName\":\"search_term_string\"}}],\"inLanguage\":\"en-US\"},{\"@type\":\"Organization\",\"@id\":\"https:\\\/\\\/www.biopapa.lt\\\/#organization\",\"name\":\"Biopapa\",\"url\":\"https:\\\/\\\/www.biopapa.lt\\\/\",\"logo\":{\"@type\":\"ImageObject\",\"inLanguage\":\"en-US\",\"@id\":\"https:\\\/\\\/www.biopapa.lt\\\/#\\\/schema\\\/logo\\\/image\\\/\",\"url\":\"https:\\\/\\\/www.biopapa.lt\\\/wp-content\\\/uploads\\\/2022\\\/04\\\/facebook_biopapa.jpg\",\"contentUrl\":\"https:\\\/\\\/www.biopapa.lt\\\/wp-content\\\/uploads\\\/2022\\\/04\\\/facebook_biopapa.jpg\",\"width\":1733,\"height\":907,\"caption\":\"Biopapa\"},\"image\":{\"@id\":\"https:\\\/\\\/www.biopapa.lt\\\/#\\\/schema\\\/logo\\\/image\\\/\"},\"sameAs\":[\"https:\\\/\\\/www.facebook.com\\\/biopapa.lt\"]}]}<\/script>\n<!-- \/ Yoast SEO plugin. -->","yoast_head_json":{"title":"Organic crunchy almond nut cream, 250 g, TERRASANA - Biopapa","description":"Organic crunchy almond nut cream - the crunchiness adds extra flavour to a much-loved product. The characteristic aroma and the strong taste of roasted almonds guarantee pleasure.","robots":{"index":"index","follow":"follow","max-snippet":"max-snippet:-1","max-image-preview":"max-image-preview:large","max-video-preview":"max-video-preview:-1"},"canonical":"https:\/\/www.biopapa.lt\/en\/produktas\/organic-crunchy-almond-nut-cream-250g-terrasana\/","og_locale":"en_US","og_type":"article","og_title":"Organic crunchy almond nut cream, 250 g, TERRASANA - Biopapa","og_description":"Organic crunchy almond nut cream - the crunchiness adds extra flavour to a much-loved product. The characteristic aroma and the strong taste of roasted almonds guarantee pleasure.","og_url":"https:\/\/www.biopapa.lt\/en\/produktas\/organic-crunchy-almond-nut-cream-250g-terrasana\/","og_site_name":"Biopapa","article_publisher":"https:\/\/www.facebook.com\/biopapa.lt","article_modified_time":"2026-01-27T15:12:11+00:00","og_image":[{"width":800,"height":640,"url":"https:\/\/www.biopapa.lt\/wp-content\/uploads\/2026\/01\/Ekologiskas-traskus-migdolu-riesutu-kremas-250g.png","type":"image\/png"}],"twitter_card":"summary_large_image","schema":{"@context":"https:\/\/schema.org","@graph":[{"@type":"WebPage","@id":"https:\/\/www.biopapa.lt\/en\/produktas\/organic-crunchy-almond-nut-cream-250g-terrasana\/","url":"https:\/\/www.biopapa.lt\/en\/produktas\/organic-crunchy-almond-nut-cream-250g-terrasana\/","name":"Organic crunchy almond nut cream, 250 g, TERRASANA - Biopapa","isPartOf":{"@id":"https:\/\/www.biopapa.lt\/#website"},"primaryImageOfPage":{"@id":"https:\/\/www.biopapa.lt\/en\/produktas\/organic-crunchy-almond-nut-cream-250g-terrasana\/#primaryimage"},"image":{"@id":"https:\/\/www.biopapa.lt\/en\/produktas\/organic-crunchy-almond-nut-cream-250g-terrasana\/#primaryimage"},"thumbnailUrl":"https:\/\/www.biopapa.lt\/wp-content\/uploads\/2026\/01\/Ekologiskas-traskus-migdolu-riesutu-kremas-250g.png","datePublished":"2026-01-27T12:28:01+00:00","dateModified":"2026-01-27T15:12:11+00:00","description":"Organic crunchy almond nut cream - the crunchiness adds extra flavour to a much-loved product. The characteristic aroma and the strong taste of roasted almonds guarantee pleasure.","breadcrumb":{"@id":"https:\/\/www.biopapa.lt\/en\/produktas\/organic-crunchy-almond-nut-cream-250g-terrasana\/#breadcrumb"},"inLanguage":"en-US","potentialAction":[{"@type":"ReadAction","target":["https:\/\/www.biopapa.lt\/en\/produktas\/organic-crunchy-almond-nut-cream-250g-terrasana\/"]}]},{"@type":"ImageObject","inLanguage":"en-US","@id":"https:\/\/www.biopapa.lt\/en\/produktas\/organic-crunchy-almond-nut-cream-250g-terrasana\/#primaryimage","url":"https:\/\/www.biopapa.lt\/wp-content\/uploads\/2026\/01\/Ekologiskas-traskus-migdolu-riesutu-kremas-250g.png","contentUrl":"https:\/\/www.biopapa.lt\/wp-content\/uploads\/2026\/01\/Ekologiskas-traskus-migdolu-riesutu-kremas-250g.png","width":800,"height":640},{"@type":"BreadcrumbList","@id":"https:\/\/www.biopapa.lt\/en\/produktas\/organic-crunchy-almond-nut-cream-250g-terrasana\/#breadcrumb","itemListElement":[{"@type":"ListItem","position":1,"name":"Home","item":"https:\/\/www.biopapa.lt\/en\/"},{"@type":"ListItem","position":2,"name":"Shop","item":"https:\/\/www.biopapa.lt\/en\/shop\/"},{"@type":"ListItem","position":3,"name":"Organic crunchy almond nut cream, 250 g, TERRASANA"}]},{"@type":"WebSite","@id":"https:\/\/www.biopapa.lt\/#website","url":"https:\/\/www.biopapa.lt\/","name":"Biopapa","description":"\u0160var\u016bs ekologi\u0161ki produktai","publisher":{"@id":"https:\/\/www.biopapa.lt\/#organization"},"potentialAction":[{"@type":"SearchAction","target":{"@type":"EntryPoint","urlTemplate":"https:\/\/www.biopapa.lt\/?s={search_term_string}"},"query-input":{"@type":"PropertyValueSpecification","valueRequired":true,"valueName":"search_term_string"}}],"inLanguage":"en-US"},{"@type":"Organization","@id":"https:\/\/www.biopapa.lt\/#organization","name":"Biopapa","url":"https:\/\/www.biopapa.lt\/","logo":{"@type":"ImageObject","inLanguage":"en-US","@id":"https:\/\/www.biopapa.lt\/#\/schema\/logo\/image\/","url":"https:\/\/www.biopapa.lt\/wp-content\/uploads\/2022\/04\/facebook_biopapa.jpg","contentUrl":"https:\/\/www.biopapa.lt\/wp-content\/uploads\/2022\/04\/facebook_biopapa.jpg","width":1733,"height":907,"caption":"Biopapa"},"image":{"@id":"https:\/\/www.biopapa.lt\/#\/schema\/logo\/image\/"},"sameAs":["https:\/\/www.facebook.com\/biopapa.lt"]}]}},"_links":{"self":[{"href":"https:\/\/www.biopapa.lt\/en\/wp-json\/wp\/v2\/product\/244339","targetHints":{"allow":["GET"]}}],"collection":[{"href":"https:\/\/www.biopapa.lt\/en\/wp-json\/wp\/v2\/product"}],"about":[{"href":"https:\/\/www.biopapa.lt\/en\/wp-json\/wp\/v2\/types\/product"}],"wp:featuredmedia":[{"embeddable":true,"href":"https:\/\/www.biopapa.lt\/en\/wp-json\/wp\/v2\/media\/244345"}],"wp:attachment":[{"href":"https:\/\/www.biopapa.lt\/en\/wp-json\/wp\/v2\/media?parent=244339"}],"wp:term":[{"taxonomy":"product_brand","embeddable":true,"href":"https:\/\/www.biopapa.lt\/en\/wp-json\/wp\/v2\/product_brand?post=244339"},{"taxonomy":"product_cat","embeddable":true,"href":"https:\/\/www.biopapa.lt\/en\/wp-json\/wp\/v2\/product_cat?post=244339"},{"taxonomy":"product_tag","embeddable":true,"href":"https:\/\/www.biopapa.lt\/en\/wp-json\/wp\/v2\/product_tag?post=244339"}],"curies":[{"name":"wp","href":"https:\/\/api.w.org\/{rel}","templated":true}]}}