{"id":244267,"date":"2026-01-27T12:54:10","date_gmt":"2026-01-27T10:54:10","guid":{"rendered":"https:\/\/www.biopapa.lt\/?post_type=product&#038;p=244267"},"modified":"2026-01-27T17:37:06","modified_gmt":"2026-01-27T15:37:06","slug":"organic-hazelnut-cream-terrasana-250g","status":"publish","type":"product","link":"https:\/\/www.biopapa.lt\/en\/produktas\/organic-hazelnut-cream-terrasana-250g\/","title":{"rendered":"Organic hazelnut cream, 250g, TERRASANA"},"content":{"rendered":"<p><strong>Organic hazelnut cream, 250g<br \/>\n<\/strong>Hazelnut cream is made sustainably and exclusively from organic hazelnuts. It is a pure, rich and delicious tasting hazelnut cream, perfect as a base for baked goods or sauces.<br \/>\nThis cream is made from lightly roasted hazelnuts, which gives it an intense flavour and a creamy and melt-in-your-mouth texture.<br \/>\nYou can use hazelnut cream not only to spread on your bread, but also to make your own nut milk. Due to the fact that hazelnuts are made up of 60% oil, the cream has a rather runny consistency and is therefore ideal for baked goods.  <\/p>\n<p>&nbsp;<\/p>\n<p>&nbsp;<\/p>\n","protected":false},"excerpt":{"rendered":"<p>Organic hazelnut cream, 250g Hazelnut cream is made sustainably and exclusively from organic hazelnuts. It is a pure, rich and<\/p>\n","protected":false},"featured_media":244280,"template":"","meta":{"_acf_changed":false},"product_brand":[],"product_cat":[2399,2014],"product_tag":[2030,2034,2038,2088],"class_list":{"0":"post-244267","1":"product","2":"type-product","3":"status-publish","4":"has-post-thumbnail","6":"product_cat-nut-and-seed-cream","7":"product_cat-snacks","8":"product_tag-a-source-of-protein","9":"product_tag-gluten-free","10":"product_tag-no-added-sugar","11":"product_tag-vegan","13":"first","14":"instock","15":"shipping-taxable","16":"purchasable","17":"product-type-simple"},"acf":[],"yoast_head":"<!-- This site is optimized with the Yoast SEO plugin v27.5 - https:\/\/yoast.com\/product\/yoast-seo-wordpress\/ -->\n<title>Organic hazelnut cream, 250g, TERRASANA - Biopapa<\/title>\n<meta name=\"description\" content=\"Organic hazelnut cream made sustainably and exclusively from organic hazelnuts. It is a pure, rich and delicious tasting hazelnut cream, perfect as a base for baked goods or sauces.\" \/>\n<meta name=\"robots\" content=\"index, follow, max-snippet:-1, max-image-preview:large, max-video-preview:-1\" \/>\n<link rel=\"canonical\" href=\"https:\/\/www.biopapa.lt\/en\/produktas\/organic-hazelnut-cream-terrasana-250g\/\" \/>\n<meta property=\"og:locale\" content=\"en_US\" \/>\n<meta property=\"og:type\" content=\"article\" \/>\n<meta property=\"og:title\" content=\"Organic hazelnut cream, 250g, TERRASANA - Biopapa\" \/>\n<meta property=\"og:description\" content=\"Organic hazelnut cream made sustainably and exclusively from organic hazelnuts. It is a pure, rich and delicious tasting hazelnut cream, perfect as a base for baked goods or sauces.\" \/>\n<meta property=\"og:url\" content=\"https:\/\/www.biopapa.lt\/en\/produktas\/organic-hazelnut-cream-terrasana-250g\/\" \/>\n<meta property=\"og:site_name\" content=\"Biopapa\" \/>\n<meta property=\"article:publisher\" content=\"https:\/\/www.facebook.com\/biopapa.lt\" \/>\n<meta property=\"article:modified_time\" content=\"2026-01-27T15:37:06+00:00\" \/>\n<meta property=\"og:image\" content=\"https:\/\/www.biopapa.lt\/wp-content\/uploads\/2026\/01\/Ekologiskas-lazdynu-riesutu-kremas-250g-TERRASANA.png\" \/>\n\t<meta property=\"og:image:width\" content=\"800\" \/>\n\t<meta property=\"og:image:height\" content=\"640\" \/>\n\t<meta property=\"og:image:type\" content=\"image\/png\" \/>\n<meta name=\"twitter:card\" content=\"summary_large_image\" \/>\n<script type=\"application\/ld+json\" class=\"yoast-schema-graph\">{\"@context\":\"https:\\\/\\\/schema.org\",\"@graph\":[{\"@type\":\"WebPage\",\"@id\":\"https:\\\/\\\/www.biopapa.lt\\\/en\\\/produktas\\\/organic-hazelnut-cream-terrasana-250g\\\/\",\"url\":\"https:\\\/\\\/www.biopapa.lt\\\/en\\\/produktas\\\/organic-hazelnut-cream-terrasana-250g\\\/\",\"name\":\"Organic hazelnut cream, 250g, TERRASANA - Biopapa\",\"isPartOf\":{\"@id\":\"https:\\\/\\\/www.biopapa.lt\\\/#website\"},\"primaryImageOfPage\":{\"@id\":\"https:\\\/\\\/www.biopapa.lt\\\/en\\\/produktas\\\/organic-hazelnut-cream-terrasana-250g\\\/#primaryimage\"},\"image\":{\"@id\":\"https:\\\/\\\/www.biopapa.lt\\\/en\\\/produktas\\\/organic-hazelnut-cream-terrasana-250g\\\/#primaryimage\"},\"thumbnailUrl\":\"https:\\\/\\\/www.biopapa.lt\\\/wp-content\\\/uploads\\\/2026\\\/01\\\/Ekologiskas-lazdynu-riesutu-kremas-250g-TERRASANA.png\",\"datePublished\":\"2026-01-27T10:54:10+00:00\",\"dateModified\":\"2026-01-27T15:37:06+00:00\",\"description\":\"Organic hazelnut cream made sustainably and exclusively from organic hazelnuts. It is a pure, rich and delicious tasting hazelnut cream, perfect as a base for baked goods or sauces.\",\"breadcrumb\":{\"@id\":\"https:\\\/\\\/www.biopapa.lt\\\/en\\\/produktas\\\/organic-hazelnut-cream-terrasana-250g\\\/#breadcrumb\"},\"inLanguage\":\"en-US\",\"potentialAction\":[{\"@type\":\"ReadAction\",\"target\":[\"https:\\\/\\\/www.biopapa.lt\\\/en\\\/produktas\\\/organic-hazelnut-cream-terrasana-250g\\\/\"]}]},{\"@type\":\"ImageObject\",\"inLanguage\":\"en-US\",\"@id\":\"https:\\\/\\\/www.biopapa.lt\\\/en\\\/produktas\\\/organic-hazelnut-cream-terrasana-250g\\\/#primaryimage\",\"url\":\"https:\\\/\\\/www.biopapa.lt\\\/wp-content\\\/uploads\\\/2026\\\/01\\\/Ekologiskas-lazdynu-riesutu-kremas-250g-TERRASANA.png\",\"contentUrl\":\"https:\\\/\\\/www.biopapa.lt\\\/wp-content\\\/uploads\\\/2026\\\/01\\\/Ekologiskas-lazdynu-riesutu-kremas-250g-TERRASANA.png\",\"width\":800,\"height\":640},{\"@type\":\"BreadcrumbList\",\"@id\":\"https:\\\/\\\/www.biopapa.lt\\\/en\\\/produktas\\\/organic-hazelnut-cream-terrasana-250g\\\/#breadcrumb\",\"itemListElement\":[{\"@type\":\"ListItem\",\"position\":1,\"name\":\"Home\",\"item\":\"https:\\\/\\\/www.biopapa.lt\\\/en\\\/\"},{\"@type\":\"ListItem\",\"position\":2,\"name\":\"Shop\",\"item\":\"https:\\\/\\\/www.biopapa.lt\\\/en\\\/shop\\\/\"},{\"@type\":\"ListItem\",\"position\":3,\"name\":\"Organic hazelnut cream, 250g, TERRASANA\"}]},{\"@type\":\"WebSite\",\"@id\":\"https:\\\/\\\/www.biopapa.lt\\\/#website\",\"url\":\"https:\\\/\\\/www.biopapa.lt\\\/\",\"name\":\"Biopapa\",\"description\":\"\u0160var\u016bs ekologi\u0161ki produktai\",\"publisher\":{\"@id\":\"https:\\\/\\\/www.biopapa.lt\\\/#organization\"},\"potentialAction\":[{\"@type\":\"SearchAction\",\"target\":{\"@type\":\"EntryPoint\",\"urlTemplate\":\"https:\\\/\\\/www.biopapa.lt\\\/?s={search_term_string}\"},\"query-input\":{\"@type\":\"PropertyValueSpecification\",\"valueRequired\":true,\"valueName\":\"search_term_string\"}}],\"inLanguage\":\"en-US\"},{\"@type\":\"Organization\",\"@id\":\"https:\\\/\\\/www.biopapa.lt\\\/#organization\",\"name\":\"Biopapa\",\"url\":\"https:\\\/\\\/www.biopapa.lt\\\/\",\"logo\":{\"@type\":\"ImageObject\",\"inLanguage\":\"en-US\",\"@id\":\"https:\\\/\\\/www.biopapa.lt\\\/#\\\/schema\\\/logo\\\/image\\\/\",\"url\":\"https:\\\/\\\/www.biopapa.lt\\\/wp-content\\\/uploads\\\/2022\\\/04\\\/facebook_biopapa.jpg\",\"contentUrl\":\"https:\\\/\\\/www.biopapa.lt\\\/wp-content\\\/uploads\\\/2022\\\/04\\\/facebook_biopapa.jpg\",\"width\":1733,\"height\":907,\"caption\":\"Biopapa\"},\"image\":{\"@id\":\"https:\\\/\\\/www.biopapa.lt\\\/#\\\/schema\\\/logo\\\/image\\\/\"},\"sameAs\":[\"https:\\\/\\\/www.facebook.com\\\/biopapa.lt\"]}]}<\/script>\n<!-- \/ Yoast SEO plugin. -->","yoast_head_json":{"title":"Organic hazelnut cream, 250g, TERRASANA - Biopapa","description":"Organic hazelnut cream made sustainably and exclusively from organic hazelnuts. It is a pure, rich and delicious tasting hazelnut cream, perfect as a base for baked goods or sauces.","robots":{"index":"index","follow":"follow","max-snippet":"max-snippet:-1","max-image-preview":"max-image-preview:large","max-video-preview":"max-video-preview:-1"},"canonical":"https:\/\/www.biopapa.lt\/en\/produktas\/organic-hazelnut-cream-terrasana-250g\/","og_locale":"en_US","og_type":"article","og_title":"Organic hazelnut cream, 250g, TERRASANA - Biopapa","og_description":"Organic hazelnut cream made sustainably and exclusively from organic hazelnuts. It is a pure, rich and delicious tasting hazelnut cream, perfect as a base for baked goods or sauces.","og_url":"https:\/\/www.biopapa.lt\/en\/produktas\/organic-hazelnut-cream-terrasana-250g\/","og_site_name":"Biopapa","article_publisher":"https:\/\/www.facebook.com\/biopapa.lt","article_modified_time":"2026-01-27T15:37:06+00:00","og_image":[{"width":800,"height":640,"url":"https:\/\/www.biopapa.lt\/wp-content\/uploads\/2026\/01\/Ekologiskas-lazdynu-riesutu-kremas-250g-TERRASANA.png","type":"image\/png"}],"twitter_card":"summary_large_image","schema":{"@context":"https:\/\/schema.org","@graph":[{"@type":"WebPage","@id":"https:\/\/www.biopapa.lt\/en\/produktas\/organic-hazelnut-cream-terrasana-250g\/","url":"https:\/\/www.biopapa.lt\/en\/produktas\/organic-hazelnut-cream-terrasana-250g\/","name":"Organic hazelnut cream, 250g, TERRASANA - Biopapa","isPartOf":{"@id":"https:\/\/www.biopapa.lt\/#website"},"primaryImageOfPage":{"@id":"https:\/\/www.biopapa.lt\/en\/produktas\/organic-hazelnut-cream-terrasana-250g\/#primaryimage"},"image":{"@id":"https:\/\/www.biopapa.lt\/en\/produktas\/organic-hazelnut-cream-terrasana-250g\/#primaryimage"},"thumbnailUrl":"https:\/\/www.biopapa.lt\/wp-content\/uploads\/2026\/01\/Ekologiskas-lazdynu-riesutu-kremas-250g-TERRASANA.png","datePublished":"2026-01-27T10:54:10+00:00","dateModified":"2026-01-27T15:37:06+00:00","description":"Organic hazelnut cream made sustainably and exclusively from organic hazelnuts. It is a pure, rich and delicious tasting hazelnut cream, perfect as a base for baked goods or sauces.","breadcrumb":{"@id":"https:\/\/www.biopapa.lt\/en\/produktas\/organic-hazelnut-cream-terrasana-250g\/#breadcrumb"},"inLanguage":"en-US","potentialAction":[{"@type":"ReadAction","target":["https:\/\/www.biopapa.lt\/en\/produktas\/organic-hazelnut-cream-terrasana-250g\/"]}]},{"@type":"ImageObject","inLanguage":"en-US","@id":"https:\/\/www.biopapa.lt\/en\/produktas\/organic-hazelnut-cream-terrasana-250g\/#primaryimage","url":"https:\/\/www.biopapa.lt\/wp-content\/uploads\/2026\/01\/Ekologiskas-lazdynu-riesutu-kremas-250g-TERRASANA.png","contentUrl":"https:\/\/www.biopapa.lt\/wp-content\/uploads\/2026\/01\/Ekologiskas-lazdynu-riesutu-kremas-250g-TERRASANA.png","width":800,"height":640},{"@type":"BreadcrumbList","@id":"https:\/\/www.biopapa.lt\/en\/produktas\/organic-hazelnut-cream-terrasana-250g\/#breadcrumb","itemListElement":[{"@type":"ListItem","position":1,"name":"Home","item":"https:\/\/www.biopapa.lt\/en\/"},{"@type":"ListItem","position":2,"name":"Shop","item":"https:\/\/www.biopapa.lt\/en\/shop\/"},{"@type":"ListItem","position":3,"name":"Organic hazelnut cream, 250g, TERRASANA"}]},{"@type":"WebSite","@id":"https:\/\/www.biopapa.lt\/#website","url":"https:\/\/www.biopapa.lt\/","name":"Biopapa","description":"\u0160var\u016bs ekologi\u0161ki produktai","publisher":{"@id":"https:\/\/www.biopapa.lt\/#organization"},"potentialAction":[{"@type":"SearchAction","target":{"@type":"EntryPoint","urlTemplate":"https:\/\/www.biopapa.lt\/?s={search_term_string}"},"query-input":{"@type":"PropertyValueSpecification","valueRequired":true,"valueName":"search_term_string"}}],"inLanguage":"en-US"},{"@type":"Organization","@id":"https:\/\/www.biopapa.lt\/#organization","name":"Biopapa","url":"https:\/\/www.biopapa.lt\/","logo":{"@type":"ImageObject","inLanguage":"en-US","@id":"https:\/\/www.biopapa.lt\/#\/schema\/logo\/image\/","url":"https:\/\/www.biopapa.lt\/wp-content\/uploads\/2022\/04\/facebook_biopapa.jpg","contentUrl":"https:\/\/www.biopapa.lt\/wp-content\/uploads\/2022\/04\/facebook_biopapa.jpg","width":1733,"height":907,"caption":"Biopapa"},"image":{"@id":"https:\/\/www.biopapa.lt\/#\/schema\/logo\/image\/"},"sameAs":["https:\/\/www.facebook.com\/biopapa.lt"]}]}},"_links":{"self":[{"href":"https:\/\/www.biopapa.lt\/en\/wp-json\/wp\/v2\/product\/244267","targetHints":{"allow":["GET"]}}],"collection":[{"href":"https:\/\/www.biopapa.lt\/en\/wp-json\/wp\/v2\/product"}],"about":[{"href":"https:\/\/www.biopapa.lt\/en\/wp-json\/wp\/v2\/types\/product"}],"wp:featuredmedia":[{"embeddable":true,"href":"https:\/\/www.biopapa.lt\/en\/wp-json\/wp\/v2\/media\/244280"}],"wp:attachment":[{"href":"https:\/\/www.biopapa.lt\/en\/wp-json\/wp\/v2\/media?parent=244267"}],"wp:term":[{"taxonomy":"product_brand","embeddable":true,"href":"https:\/\/www.biopapa.lt\/en\/wp-json\/wp\/v2\/product_brand?post=244267"},{"taxonomy":"product_cat","embeddable":true,"href":"https:\/\/www.biopapa.lt\/en\/wp-json\/wp\/v2\/product_cat?post=244267"},{"taxonomy":"product_tag","embeddable":true,"href":"https:\/\/www.biopapa.lt\/en\/wp-json\/wp\/v2\/product_tag?post=244267"}],"curies":[{"name":"wp","href":"https:\/\/api.w.org\/{rel}","templated":true}]}}