{"id":223934,"date":"2025-12-16T14:15:01","date_gmt":"2025-12-16T12:15:01","guid":{"rendered":"https:\/\/www.biopapa.lt\/?post_type=product&#038;p=223934"},"modified":"2025-12-31T09:48:34","modified_gmt":"2025-12-31T07:48:34","slug":"organic-chocolate-with-coconut-milk-and-cane-sugar-80g-super-fudgio","status":"publish","type":"product","link":"https:\/\/www.biopapa.lt\/en\/produktas\/organic-chocolate-with-coconut-milk-and-cane-sugar-80g-super-fudgio\/","title":{"rendered":"Organic chocolate with coconut milk and cane sugar, 80 g, SUPER FUDGIO"},"content":{"rendered":"<p><strong>Organic chocolate with coconut milk and cane sugar, 80 g<br \/>\n<\/strong>Organic coconut chocolate with cane sugar is a smooth and aromatic dessert made with carefully selected organic ingredients. The natural sweetness of coconut combines harmoniously with the rich flavour of cocoa to give a pleasant sensation of indulgence. <\/p>\n<p><em>NOTE. The information provided on this website shall not be construed as a recommendation for treatment or any other form of health advice. We encourage you to make personal decisions about your personal health, taking into account a wide range of sources of information.<\/em><\/p>\n","protected":false},"excerpt":{"rendered":"<p>Organic chocolate with coconut milk and cane sugar, 80 g Organic coconut chocolate with cane sugar is a smooth and<\/p>\n","protected":false},"featured_media":225168,"template":"","meta":{"_acf_changed":false},"product_brand":[],"product_cat":[2014,2012],"product_tag":[2078,2034,2088],"class_list":{"0":"post-223934","1":"product","2":"type-product","3":"status-publish","4":"has-post-thumbnail","6":"product_cat-snacks","7":"product_cat-sweets","8":"product_tag-a-source-of-fiber","9":"product_tag-gluten-free","10":"product_tag-vegan","12":"first","13":"instock","14":"shipping-taxable","15":"purchasable","16":"product-type-simple"},"acf":[],"yoast_head":"<!-- This site is optimized with the Yoast SEO plugin v27.5 - https:\/\/yoast.com\/product\/yoast-seo-wordpress\/ -->\n<title>Organic chocolate with coconut milk and cane sugar, 80 g, SUPER FUDGIO - Biopapa<\/title>\n<meta name=\"description\" content=\"Sweetened with dates and enriched with hazelnuts, this organic vegan chocolate is the perfect formula for taste and well-being.\" \/>\n<meta name=\"robots\" content=\"index, follow, max-snippet:-1, max-image-preview:large, max-video-preview:-1\" \/>\n<link rel=\"canonical\" href=\"https:\/\/www.biopapa.lt\/en\/produktas\/organic-chocolate-with-coconut-milk-and-cane-sugar-80g-super-fudgio\/\" \/>\n<meta property=\"og:locale\" content=\"en_US\" \/>\n<meta property=\"og:type\" content=\"article\" \/>\n<meta property=\"og:title\" content=\"Organic chocolate with coconut milk and cane sugar, 80 g, SUPER FUDGIO - Biopapa\" \/>\n<meta property=\"og:description\" content=\"Sweetened with dates and enriched with hazelnuts, this organic vegan chocolate is the perfect formula for taste and well-being.\" \/>\n<meta property=\"og:url\" content=\"https:\/\/www.biopapa.lt\/en\/produktas\/organic-chocolate-with-coconut-milk-and-cane-sugar-80g-super-fudgio\/\" \/>\n<meta property=\"og:site_name\" content=\"Biopapa\" \/>\n<meta property=\"article:publisher\" content=\"https:\/\/www.facebook.com\/biopapa.lt\" \/>\n<meta property=\"article:modified_time\" content=\"2025-12-31T07:48:34+00:00\" \/>\n<meta property=\"og:image\" content=\"https:\/\/www.biopapa.lt\/wp-content\/uploads\/2025\/12\/Ekologiskas-sokoladas-su-kokosu-pienu-ir-cukranendriu-cukrumi.png\" \/>\n\t<meta property=\"og:image:width\" content=\"800\" \/>\n\t<meta property=\"og:image:height\" content=\"640\" \/>\n\t<meta property=\"og:image:type\" content=\"image\/png\" \/>\n<meta name=\"twitter:card\" content=\"summary_large_image\" \/>\n<script type=\"application\/ld+json\" class=\"yoast-schema-graph\">{\"@context\":\"https:\\\/\\\/schema.org\",\"@graph\":[{\"@type\":\"WebPage\",\"@id\":\"https:\\\/\\\/www.biopapa.lt\\\/en\\\/produktas\\\/organic-chocolate-with-coconut-milk-and-cane-sugar-80g-super-fudgio\\\/\",\"url\":\"https:\\\/\\\/www.biopapa.lt\\\/en\\\/produktas\\\/organic-chocolate-with-coconut-milk-and-cane-sugar-80g-super-fudgio\\\/\",\"name\":\"Organic chocolate with coconut milk and cane sugar, 80 g, SUPER FUDGIO - Biopapa\",\"isPartOf\":{\"@id\":\"https:\\\/\\\/www.biopapa.lt\\\/#website\"},\"primaryImageOfPage\":{\"@id\":\"https:\\\/\\\/www.biopapa.lt\\\/en\\\/produktas\\\/organic-chocolate-with-coconut-milk-and-cane-sugar-80g-super-fudgio\\\/#primaryimage\"},\"image\":{\"@id\":\"https:\\\/\\\/www.biopapa.lt\\\/en\\\/produktas\\\/organic-chocolate-with-coconut-milk-and-cane-sugar-80g-super-fudgio\\\/#primaryimage\"},\"thumbnailUrl\":\"https:\\\/\\\/www.biopapa.lt\\\/wp-content\\\/uploads\\\/2025\\\/12\\\/Ekologiskas-sokoladas-su-kokosu-pienu-ir-cukranendriu-cukrumi.png\",\"datePublished\":\"2025-12-16T12:15:01+00:00\",\"dateModified\":\"2025-12-31T07:48:34+00:00\",\"description\":\"Sweetened with dates and enriched with hazelnuts, this organic vegan chocolate is the perfect formula for taste and well-being.\",\"breadcrumb\":{\"@id\":\"https:\\\/\\\/www.biopapa.lt\\\/en\\\/produktas\\\/organic-chocolate-with-coconut-milk-and-cane-sugar-80g-super-fudgio\\\/#breadcrumb\"},\"inLanguage\":\"en-US\",\"potentialAction\":[{\"@type\":\"ReadAction\",\"target\":[\"https:\\\/\\\/www.biopapa.lt\\\/en\\\/produktas\\\/organic-chocolate-with-coconut-milk-and-cane-sugar-80g-super-fudgio\\\/\"]}]},{\"@type\":\"ImageObject\",\"inLanguage\":\"en-US\",\"@id\":\"https:\\\/\\\/www.biopapa.lt\\\/en\\\/produktas\\\/organic-chocolate-with-coconut-milk-and-cane-sugar-80g-super-fudgio\\\/#primaryimage\",\"url\":\"https:\\\/\\\/www.biopapa.lt\\\/wp-content\\\/uploads\\\/2025\\\/12\\\/Ekologiskas-sokoladas-su-kokosu-pienu-ir-cukranendriu-cukrumi.png\",\"contentUrl\":\"https:\\\/\\\/www.biopapa.lt\\\/wp-content\\\/uploads\\\/2025\\\/12\\\/Ekologiskas-sokoladas-su-kokosu-pienu-ir-cukranendriu-cukrumi.png\",\"width\":800,\"height\":640},{\"@type\":\"BreadcrumbList\",\"@id\":\"https:\\\/\\\/www.biopapa.lt\\\/en\\\/produktas\\\/organic-chocolate-with-coconut-milk-and-cane-sugar-80g-super-fudgio\\\/#breadcrumb\",\"itemListElement\":[{\"@type\":\"ListItem\",\"position\":1,\"name\":\"Home\",\"item\":\"https:\\\/\\\/www.biopapa.lt\\\/en\\\/\"},{\"@type\":\"ListItem\",\"position\":2,\"name\":\"Shop\",\"item\":\"https:\\\/\\\/www.biopapa.lt\\\/en\\\/shop\\\/\"},{\"@type\":\"ListItem\",\"position\":3,\"name\":\"Organic chocolate with coconut milk and cane sugar, 80 g, SUPER FUDGIO\"}]},{\"@type\":\"WebSite\",\"@id\":\"https:\\\/\\\/www.biopapa.lt\\\/#website\",\"url\":\"https:\\\/\\\/www.biopapa.lt\\\/\",\"name\":\"Biopapa\",\"description\":\"\u0160var\u016bs ekologi\u0161ki produktai\",\"publisher\":{\"@id\":\"https:\\\/\\\/www.biopapa.lt\\\/#organization\"},\"potentialAction\":[{\"@type\":\"SearchAction\",\"target\":{\"@type\":\"EntryPoint\",\"urlTemplate\":\"https:\\\/\\\/www.biopapa.lt\\\/?s={search_term_string}\"},\"query-input\":{\"@type\":\"PropertyValueSpecification\",\"valueRequired\":true,\"valueName\":\"search_term_string\"}}],\"inLanguage\":\"en-US\"},{\"@type\":\"Organization\",\"@id\":\"https:\\\/\\\/www.biopapa.lt\\\/#organization\",\"name\":\"Biopapa\",\"url\":\"https:\\\/\\\/www.biopapa.lt\\\/\",\"logo\":{\"@type\":\"ImageObject\",\"inLanguage\":\"en-US\",\"@id\":\"https:\\\/\\\/www.biopapa.lt\\\/#\\\/schema\\\/logo\\\/image\\\/\",\"url\":\"https:\\\/\\\/www.biopapa.lt\\\/wp-content\\\/uploads\\\/2022\\\/04\\\/facebook_biopapa.jpg\",\"contentUrl\":\"https:\\\/\\\/www.biopapa.lt\\\/wp-content\\\/uploads\\\/2022\\\/04\\\/facebook_biopapa.jpg\",\"width\":1733,\"height\":907,\"caption\":\"Biopapa\"},\"image\":{\"@id\":\"https:\\\/\\\/www.biopapa.lt\\\/#\\\/schema\\\/logo\\\/image\\\/\"},\"sameAs\":[\"https:\\\/\\\/www.facebook.com\\\/biopapa.lt\"]}]}<\/script>\n<!-- \/ Yoast SEO plugin. -->","yoast_head_json":{"title":"Organic chocolate with coconut milk and cane sugar, 80 g, SUPER FUDGIO - Biopapa","description":"Sweetened with dates and enriched with hazelnuts, this organic vegan chocolate is the perfect formula for taste and well-being.","robots":{"index":"index","follow":"follow","max-snippet":"max-snippet:-1","max-image-preview":"max-image-preview:large","max-video-preview":"max-video-preview:-1"},"canonical":"https:\/\/www.biopapa.lt\/en\/produktas\/organic-chocolate-with-coconut-milk-and-cane-sugar-80g-super-fudgio\/","og_locale":"en_US","og_type":"article","og_title":"Organic chocolate with coconut milk and cane sugar, 80 g, SUPER FUDGIO - Biopapa","og_description":"Sweetened with dates and enriched with hazelnuts, this organic vegan chocolate is the perfect formula for taste and well-being.","og_url":"https:\/\/www.biopapa.lt\/en\/produktas\/organic-chocolate-with-coconut-milk-and-cane-sugar-80g-super-fudgio\/","og_site_name":"Biopapa","article_publisher":"https:\/\/www.facebook.com\/biopapa.lt","article_modified_time":"2025-12-31T07:48:34+00:00","og_image":[{"width":800,"height":640,"url":"https:\/\/www.biopapa.lt\/wp-content\/uploads\/2025\/12\/Ekologiskas-sokoladas-su-kokosu-pienu-ir-cukranendriu-cukrumi.png","type":"image\/png"}],"twitter_card":"summary_large_image","schema":{"@context":"https:\/\/schema.org","@graph":[{"@type":"WebPage","@id":"https:\/\/www.biopapa.lt\/en\/produktas\/organic-chocolate-with-coconut-milk-and-cane-sugar-80g-super-fudgio\/","url":"https:\/\/www.biopapa.lt\/en\/produktas\/organic-chocolate-with-coconut-milk-and-cane-sugar-80g-super-fudgio\/","name":"Organic chocolate with coconut milk and cane sugar, 80 g, SUPER FUDGIO - Biopapa","isPartOf":{"@id":"https:\/\/www.biopapa.lt\/#website"},"primaryImageOfPage":{"@id":"https:\/\/www.biopapa.lt\/en\/produktas\/organic-chocolate-with-coconut-milk-and-cane-sugar-80g-super-fudgio\/#primaryimage"},"image":{"@id":"https:\/\/www.biopapa.lt\/en\/produktas\/organic-chocolate-with-coconut-milk-and-cane-sugar-80g-super-fudgio\/#primaryimage"},"thumbnailUrl":"https:\/\/www.biopapa.lt\/wp-content\/uploads\/2025\/12\/Ekologiskas-sokoladas-su-kokosu-pienu-ir-cukranendriu-cukrumi.png","datePublished":"2025-12-16T12:15:01+00:00","dateModified":"2025-12-31T07:48:34+00:00","description":"Sweetened with dates and enriched with hazelnuts, this organic vegan chocolate is the perfect formula for taste and well-being.","breadcrumb":{"@id":"https:\/\/www.biopapa.lt\/en\/produktas\/organic-chocolate-with-coconut-milk-and-cane-sugar-80g-super-fudgio\/#breadcrumb"},"inLanguage":"en-US","potentialAction":[{"@type":"ReadAction","target":["https:\/\/www.biopapa.lt\/en\/produktas\/organic-chocolate-with-coconut-milk-and-cane-sugar-80g-super-fudgio\/"]}]},{"@type":"ImageObject","inLanguage":"en-US","@id":"https:\/\/www.biopapa.lt\/en\/produktas\/organic-chocolate-with-coconut-milk-and-cane-sugar-80g-super-fudgio\/#primaryimage","url":"https:\/\/www.biopapa.lt\/wp-content\/uploads\/2025\/12\/Ekologiskas-sokoladas-su-kokosu-pienu-ir-cukranendriu-cukrumi.png","contentUrl":"https:\/\/www.biopapa.lt\/wp-content\/uploads\/2025\/12\/Ekologiskas-sokoladas-su-kokosu-pienu-ir-cukranendriu-cukrumi.png","width":800,"height":640},{"@type":"BreadcrumbList","@id":"https:\/\/www.biopapa.lt\/en\/produktas\/organic-chocolate-with-coconut-milk-and-cane-sugar-80g-super-fudgio\/#breadcrumb","itemListElement":[{"@type":"ListItem","position":1,"name":"Home","item":"https:\/\/www.biopapa.lt\/en\/"},{"@type":"ListItem","position":2,"name":"Shop","item":"https:\/\/www.biopapa.lt\/en\/shop\/"},{"@type":"ListItem","position":3,"name":"Organic chocolate with coconut milk and cane sugar, 80 g, SUPER FUDGIO"}]},{"@type":"WebSite","@id":"https:\/\/www.biopapa.lt\/#website","url":"https:\/\/www.biopapa.lt\/","name":"Biopapa","description":"\u0160var\u016bs ekologi\u0161ki produktai","publisher":{"@id":"https:\/\/www.biopapa.lt\/#organization"},"potentialAction":[{"@type":"SearchAction","target":{"@type":"EntryPoint","urlTemplate":"https:\/\/www.biopapa.lt\/?s={search_term_string}"},"query-input":{"@type":"PropertyValueSpecification","valueRequired":true,"valueName":"search_term_string"}}],"inLanguage":"en-US"},{"@type":"Organization","@id":"https:\/\/www.biopapa.lt\/#organization","name":"Biopapa","url":"https:\/\/www.biopapa.lt\/","logo":{"@type":"ImageObject","inLanguage":"en-US","@id":"https:\/\/www.biopapa.lt\/#\/schema\/logo\/image\/","url":"https:\/\/www.biopapa.lt\/wp-content\/uploads\/2022\/04\/facebook_biopapa.jpg","contentUrl":"https:\/\/www.biopapa.lt\/wp-content\/uploads\/2022\/04\/facebook_biopapa.jpg","width":1733,"height":907,"caption":"Biopapa"},"image":{"@id":"https:\/\/www.biopapa.lt\/#\/schema\/logo\/image\/"},"sameAs":["https:\/\/www.facebook.com\/biopapa.lt"]}]}},"_links":{"self":[{"href":"https:\/\/www.biopapa.lt\/en\/wp-json\/wp\/v2\/product\/223934","targetHints":{"allow":["GET"]}}],"collection":[{"href":"https:\/\/www.biopapa.lt\/en\/wp-json\/wp\/v2\/product"}],"about":[{"href":"https:\/\/www.biopapa.lt\/en\/wp-json\/wp\/v2\/types\/product"}],"wp:featuredmedia":[{"embeddable":true,"href":"https:\/\/www.biopapa.lt\/en\/wp-json\/wp\/v2\/media\/225168"}],"wp:attachment":[{"href":"https:\/\/www.biopapa.lt\/en\/wp-json\/wp\/v2\/media?parent=223934"}],"wp:term":[{"taxonomy":"product_brand","embeddable":true,"href":"https:\/\/www.biopapa.lt\/en\/wp-json\/wp\/v2\/product_brand?post=223934"},{"taxonomy":"product_cat","embeddable":true,"href":"https:\/\/www.biopapa.lt\/en\/wp-json\/wp\/v2\/product_cat?post=223934"},{"taxonomy":"product_tag","embeddable":true,"href":"https:\/\/www.biopapa.lt\/en\/wp-json\/wp\/v2\/product_tag?post=223934"}],"curies":[{"name":"wp","href":"https:\/\/api.w.org\/{rel}","templated":true}]}}