{"id":217001,"date":"2025-12-03T13:37:17","date_gmt":"2025-12-03T11:37:17","guid":{"rendered":"https:\/\/www.biopapa.lt\/?post_type=product&#038;p=217001"},"modified":"2025-12-10T13:39:38","modified_gmt":"2025-12-10T11:39:38","slug":"organic-sun-dried-tomato-pesto-sauce-140g-bio-planet","status":"publish","type":"product","link":"https:\/\/www.biopapa.lt\/en\/produktas\/organic-sun-dried-tomato-pesto-sauce-140g-bio-planet\/","title":{"rendered":"Organic sun-dried tomato pesto sauce, 140 g, Bio Planet"},"content":{"rendered":"<p> <strong> Organic sun-dried tomato pesto sauce 140 g<br \/>\n<\/strong>This is an aromatic sun-dried tomato sauce with sunflower and extra virgin olive oil. Perfect for pasta, salads, pizza or bruschetta. Organic ingredients give a natural taste and high quality.  <\/p>\n<p><em>NOTE. The information provided on this website shall not be construed as a recommendation for treatment or any other form of health advice. We encourage you to make personal decisions about your personal health, taking into account a wide range of sources of information.<\/em><strong><br \/>\n<\/strong><\/p>\n","protected":false},"excerpt":{"rendered":"<p>Organic sun-dried tomato pesto sauce 140 g This is an aromatic sun-dried tomato sauce with sunflower and extra virgin olive<\/p>\n","protected":false},"featured_media":217010,"template":"","meta":{"_acf_changed":false},"product_brand":[],"product_cat":[2710,2678,1954],"product_tag":[2088],"class_list":{"0":"post-217001","1":"product","2":"type-product","3":"status-publish","4":"has-post-thumbnail","6":"product_cat-canned-vegetables","7":"product_cat-italian-cuisine","8":"product_cat-sauces-and-spreads","9":"product_tag-vegan","11":"first","12":"instock","13":"shipping-taxable","14":"purchasable","15":"product-type-simple"},"acf":[],"yoast_head":"<!-- This site is optimized with the Yoast SEO plugin v27.5 - https:\/\/yoast.com\/product\/yoast-seo-wordpress\/ -->\n<title>Organic sun-dried tomato pesto sauce, 140 g, Bio Planet - Biopapa<\/title>\n<meta name=\"description\" content=\"Organic, aromatic sun-dried tomato sauce with sunflower and extra virgin olive oil.\" \/>\n<meta name=\"robots\" content=\"index, follow, max-snippet:-1, max-image-preview:large, max-video-preview:-1\" \/>\n<link rel=\"canonical\" href=\"https:\/\/www.biopapa.lt\/en\/produktas\/organic-sun-dried-tomato-pesto-sauce-140g-bio-planet\/\" \/>\n<meta property=\"og:locale\" content=\"en_US\" \/>\n<meta property=\"og:type\" content=\"article\" \/>\n<meta property=\"og:title\" content=\"Organic sun-dried tomato pesto sauce, 140 g, Bio Planet - Biopapa\" \/>\n<meta property=\"og:description\" content=\"Organic, aromatic sun-dried tomato sauce with sunflower and extra virgin olive oil.\" \/>\n<meta property=\"og:url\" content=\"https:\/\/www.biopapa.lt\/en\/produktas\/organic-sun-dried-tomato-pesto-sauce-140g-bio-planet\/\" \/>\n<meta property=\"og:site_name\" content=\"Biopapa\" \/>\n<meta property=\"article:publisher\" content=\"https:\/\/www.facebook.com\/biopapa.lt\" \/>\n<meta property=\"article:modified_time\" content=\"2025-12-10T11:39:38+00:00\" \/>\n<meta property=\"og:image\" content=\"https:\/\/www.biopapa.lt\/wp-content\/uploads\/2025\/12\/Ekologiskas-sauleje-dziovintu-pomidoru-pesto-padazas.png\" \/>\n\t<meta property=\"og:image:width\" content=\"800\" \/>\n\t<meta property=\"og:image:height\" content=\"640\" \/>\n\t<meta property=\"og:image:type\" content=\"image\/png\" \/>\n<meta name=\"twitter:card\" content=\"summary_large_image\" \/>\n<script type=\"application\/ld+json\" class=\"yoast-schema-graph\">{\"@context\":\"https:\\\/\\\/schema.org\",\"@graph\":[{\"@type\":\"WebPage\",\"@id\":\"https:\\\/\\\/www.biopapa.lt\\\/en\\\/produktas\\\/organic-sun-dried-tomato-pesto-sauce-140g-bio-planet\\\/\",\"url\":\"https:\\\/\\\/www.biopapa.lt\\\/en\\\/produktas\\\/organic-sun-dried-tomato-pesto-sauce-140g-bio-planet\\\/\",\"name\":\"Organic sun-dried tomato pesto sauce, 140 g, Bio Planet - Biopapa\",\"isPartOf\":{\"@id\":\"https:\\\/\\\/www.biopapa.lt\\\/#website\"},\"primaryImageOfPage\":{\"@id\":\"https:\\\/\\\/www.biopapa.lt\\\/en\\\/produktas\\\/organic-sun-dried-tomato-pesto-sauce-140g-bio-planet\\\/#primaryimage\"},\"image\":{\"@id\":\"https:\\\/\\\/www.biopapa.lt\\\/en\\\/produktas\\\/organic-sun-dried-tomato-pesto-sauce-140g-bio-planet\\\/#primaryimage\"},\"thumbnailUrl\":\"https:\\\/\\\/www.biopapa.lt\\\/wp-content\\\/uploads\\\/2025\\\/12\\\/Ekologiskas-sauleje-dziovintu-pomidoru-pesto-padazas.png\",\"datePublished\":\"2025-12-03T11:37:17+00:00\",\"dateModified\":\"2025-12-10T11:39:38+00:00\",\"description\":\"Organic, aromatic sun-dried tomato sauce with sunflower and extra virgin olive oil.\",\"breadcrumb\":{\"@id\":\"https:\\\/\\\/www.biopapa.lt\\\/en\\\/produktas\\\/organic-sun-dried-tomato-pesto-sauce-140g-bio-planet\\\/#breadcrumb\"},\"inLanguage\":\"en-US\",\"potentialAction\":[{\"@type\":\"ReadAction\",\"target\":[\"https:\\\/\\\/www.biopapa.lt\\\/en\\\/produktas\\\/organic-sun-dried-tomato-pesto-sauce-140g-bio-planet\\\/\"]}]},{\"@type\":\"ImageObject\",\"inLanguage\":\"en-US\",\"@id\":\"https:\\\/\\\/www.biopapa.lt\\\/en\\\/produktas\\\/organic-sun-dried-tomato-pesto-sauce-140g-bio-planet\\\/#primaryimage\",\"url\":\"https:\\\/\\\/www.biopapa.lt\\\/wp-content\\\/uploads\\\/2025\\\/12\\\/Ekologiskas-sauleje-dziovintu-pomidoru-pesto-padazas.png\",\"contentUrl\":\"https:\\\/\\\/www.biopapa.lt\\\/wp-content\\\/uploads\\\/2025\\\/12\\\/Ekologiskas-sauleje-dziovintu-pomidoru-pesto-padazas.png\",\"width\":800,\"height\":640},{\"@type\":\"BreadcrumbList\",\"@id\":\"https:\\\/\\\/www.biopapa.lt\\\/en\\\/produktas\\\/organic-sun-dried-tomato-pesto-sauce-140g-bio-planet\\\/#breadcrumb\",\"itemListElement\":[{\"@type\":\"ListItem\",\"position\":1,\"name\":\"Home\",\"item\":\"https:\\\/\\\/www.biopapa.lt\\\/en\\\/\"},{\"@type\":\"ListItem\",\"position\":2,\"name\":\"Shop\",\"item\":\"https:\\\/\\\/www.biopapa.lt\\\/en\\\/shop\\\/\"},{\"@type\":\"ListItem\",\"position\":3,\"name\":\"Organic sun-dried tomato pesto sauce, 140 g, Bio Planet\"}]},{\"@type\":\"WebSite\",\"@id\":\"https:\\\/\\\/www.biopapa.lt\\\/#website\",\"url\":\"https:\\\/\\\/www.biopapa.lt\\\/\",\"name\":\"Biopapa\",\"description\":\"\u0160var\u016bs ekologi\u0161ki produktai\",\"publisher\":{\"@id\":\"https:\\\/\\\/www.biopapa.lt\\\/#organization\"},\"potentialAction\":[{\"@type\":\"SearchAction\",\"target\":{\"@type\":\"EntryPoint\",\"urlTemplate\":\"https:\\\/\\\/www.biopapa.lt\\\/?s={search_term_string}\"},\"query-input\":{\"@type\":\"PropertyValueSpecification\",\"valueRequired\":true,\"valueName\":\"search_term_string\"}}],\"inLanguage\":\"en-US\"},{\"@type\":\"Organization\",\"@id\":\"https:\\\/\\\/www.biopapa.lt\\\/#organization\",\"name\":\"Biopapa\",\"url\":\"https:\\\/\\\/www.biopapa.lt\\\/\",\"logo\":{\"@type\":\"ImageObject\",\"inLanguage\":\"en-US\",\"@id\":\"https:\\\/\\\/www.biopapa.lt\\\/#\\\/schema\\\/logo\\\/image\\\/\",\"url\":\"https:\\\/\\\/www.biopapa.lt\\\/wp-content\\\/uploads\\\/2022\\\/04\\\/facebook_biopapa.jpg\",\"contentUrl\":\"https:\\\/\\\/www.biopapa.lt\\\/wp-content\\\/uploads\\\/2022\\\/04\\\/facebook_biopapa.jpg\",\"width\":1733,\"height\":907,\"caption\":\"Biopapa\"},\"image\":{\"@id\":\"https:\\\/\\\/www.biopapa.lt\\\/#\\\/schema\\\/logo\\\/image\\\/\"},\"sameAs\":[\"https:\\\/\\\/www.facebook.com\\\/biopapa.lt\"]}]}<\/script>\n<!-- \/ Yoast SEO plugin. -->","yoast_head_json":{"title":"Organic sun-dried tomato pesto sauce, 140 g, Bio Planet - Biopapa","description":"Organic, aromatic sun-dried tomato sauce with sunflower and extra virgin olive oil.","robots":{"index":"index","follow":"follow","max-snippet":"max-snippet:-1","max-image-preview":"max-image-preview:large","max-video-preview":"max-video-preview:-1"},"canonical":"https:\/\/www.biopapa.lt\/en\/produktas\/organic-sun-dried-tomato-pesto-sauce-140g-bio-planet\/","og_locale":"en_US","og_type":"article","og_title":"Organic sun-dried tomato pesto sauce, 140 g, Bio Planet - Biopapa","og_description":"Organic, aromatic sun-dried tomato sauce with sunflower and extra virgin olive oil.","og_url":"https:\/\/www.biopapa.lt\/en\/produktas\/organic-sun-dried-tomato-pesto-sauce-140g-bio-planet\/","og_site_name":"Biopapa","article_publisher":"https:\/\/www.facebook.com\/biopapa.lt","article_modified_time":"2025-12-10T11:39:38+00:00","og_image":[{"width":800,"height":640,"url":"https:\/\/www.biopapa.lt\/wp-content\/uploads\/2025\/12\/Ekologiskas-sauleje-dziovintu-pomidoru-pesto-padazas.png","type":"image\/png"}],"twitter_card":"summary_large_image","schema":{"@context":"https:\/\/schema.org","@graph":[{"@type":"WebPage","@id":"https:\/\/www.biopapa.lt\/en\/produktas\/organic-sun-dried-tomato-pesto-sauce-140g-bio-planet\/","url":"https:\/\/www.biopapa.lt\/en\/produktas\/organic-sun-dried-tomato-pesto-sauce-140g-bio-planet\/","name":"Organic sun-dried tomato pesto sauce, 140 g, Bio Planet - Biopapa","isPartOf":{"@id":"https:\/\/www.biopapa.lt\/#website"},"primaryImageOfPage":{"@id":"https:\/\/www.biopapa.lt\/en\/produktas\/organic-sun-dried-tomato-pesto-sauce-140g-bio-planet\/#primaryimage"},"image":{"@id":"https:\/\/www.biopapa.lt\/en\/produktas\/organic-sun-dried-tomato-pesto-sauce-140g-bio-planet\/#primaryimage"},"thumbnailUrl":"https:\/\/www.biopapa.lt\/wp-content\/uploads\/2025\/12\/Ekologiskas-sauleje-dziovintu-pomidoru-pesto-padazas.png","datePublished":"2025-12-03T11:37:17+00:00","dateModified":"2025-12-10T11:39:38+00:00","description":"Organic, aromatic sun-dried tomato sauce with sunflower and extra virgin olive oil.","breadcrumb":{"@id":"https:\/\/www.biopapa.lt\/en\/produktas\/organic-sun-dried-tomato-pesto-sauce-140g-bio-planet\/#breadcrumb"},"inLanguage":"en-US","potentialAction":[{"@type":"ReadAction","target":["https:\/\/www.biopapa.lt\/en\/produktas\/organic-sun-dried-tomato-pesto-sauce-140g-bio-planet\/"]}]},{"@type":"ImageObject","inLanguage":"en-US","@id":"https:\/\/www.biopapa.lt\/en\/produktas\/organic-sun-dried-tomato-pesto-sauce-140g-bio-planet\/#primaryimage","url":"https:\/\/www.biopapa.lt\/wp-content\/uploads\/2025\/12\/Ekologiskas-sauleje-dziovintu-pomidoru-pesto-padazas.png","contentUrl":"https:\/\/www.biopapa.lt\/wp-content\/uploads\/2025\/12\/Ekologiskas-sauleje-dziovintu-pomidoru-pesto-padazas.png","width":800,"height":640},{"@type":"BreadcrumbList","@id":"https:\/\/www.biopapa.lt\/en\/produktas\/organic-sun-dried-tomato-pesto-sauce-140g-bio-planet\/#breadcrumb","itemListElement":[{"@type":"ListItem","position":1,"name":"Home","item":"https:\/\/www.biopapa.lt\/en\/"},{"@type":"ListItem","position":2,"name":"Shop","item":"https:\/\/www.biopapa.lt\/en\/shop\/"},{"@type":"ListItem","position":3,"name":"Organic sun-dried tomato pesto sauce, 140 g, Bio Planet"}]},{"@type":"WebSite","@id":"https:\/\/www.biopapa.lt\/#website","url":"https:\/\/www.biopapa.lt\/","name":"Biopapa","description":"\u0160var\u016bs ekologi\u0161ki produktai","publisher":{"@id":"https:\/\/www.biopapa.lt\/#organization"},"potentialAction":[{"@type":"SearchAction","target":{"@type":"EntryPoint","urlTemplate":"https:\/\/www.biopapa.lt\/?s={search_term_string}"},"query-input":{"@type":"PropertyValueSpecification","valueRequired":true,"valueName":"search_term_string"}}],"inLanguage":"en-US"},{"@type":"Organization","@id":"https:\/\/www.biopapa.lt\/#organization","name":"Biopapa","url":"https:\/\/www.biopapa.lt\/","logo":{"@type":"ImageObject","inLanguage":"en-US","@id":"https:\/\/www.biopapa.lt\/#\/schema\/logo\/image\/","url":"https:\/\/www.biopapa.lt\/wp-content\/uploads\/2022\/04\/facebook_biopapa.jpg","contentUrl":"https:\/\/www.biopapa.lt\/wp-content\/uploads\/2022\/04\/facebook_biopapa.jpg","width":1733,"height":907,"caption":"Biopapa"},"image":{"@id":"https:\/\/www.biopapa.lt\/#\/schema\/logo\/image\/"},"sameAs":["https:\/\/www.facebook.com\/biopapa.lt"]}]}},"_links":{"self":[{"href":"https:\/\/www.biopapa.lt\/en\/wp-json\/wp\/v2\/product\/217001","targetHints":{"allow":["GET"]}}],"collection":[{"href":"https:\/\/www.biopapa.lt\/en\/wp-json\/wp\/v2\/product"}],"about":[{"href":"https:\/\/www.biopapa.lt\/en\/wp-json\/wp\/v2\/types\/product"}],"wp:featuredmedia":[{"embeddable":true,"href":"https:\/\/www.biopapa.lt\/en\/wp-json\/wp\/v2\/media\/217010"}],"wp:attachment":[{"href":"https:\/\/www.biopapa.lt\/en\/wp-json\/wp\/v2\/media?parent=217001"}],"wp:term":[{"taxonomy":"product_brand","embeddable":true,"href":"https:\/\/www.biopapa.lt\/en\/wp-json\/wp\/v2\/product_brand?post=217001"},{"taxonomy":"product_cat","embeddable":true,"href":"https:\/\/www.biopapa.lt\/en\/wp-json\/wp\/v2\/product_cat?post=217001"},{"taxonomy":"product_tag","embeddable":true,"href":"https:\/\/www.biopapa.lt\/en\/wp-json\/wp\/v2\/product_tag?post=217001"}],"curies":[{"name":"wp","href":"https:\/\/api.w.org\/{rel}","templated":true}]}}