{"id":215856,"date":"2025-12-01T15:23:33","date_gmt":"2025-12-01T13:23:33","guid":{"rendered":"https:\/\/www.biopapa.lt\/?post_type=product&#038;p=215856"},"modified":"2025-12-10T14:18:52","modified_gmt":"2025-12-10T12:18:52","slug":"organic-fruit-flavoured-sweets-100g-candy-tree","status":"publish","type":"product","link":"https:\/\/www.biopapa.lt\/en\/produktas\/organic-fruit-flavoured-sweets-100g-candy-tree\/","title":{"rendered":"Organic fruit-flavoured sweets, 100 g, Candy Tree"},"content":{"rendered":"<p> <strong> Organic fruit-flavoured sweets, 100 g, Candy Tree<br \/>\n<\/strong>These sweets are sweetened with corn and agave syrups. Organic fruit flavourings give a mild, natural taste. Gluten-free, lactose-free, colour-free and completely suitable for vegans.  <strong><br \/>\n<\/strong><\/p>\n","protected":false},"excerpt":{"rendered":"<p>Organic fruit-flavoured sweets, 100 g, Candy Tree These sweets are sweetened with corn and agave syrups. Organic fruit flavourings give<\/p>\n","protected":false},"featured_media":216963,"template":"","meta":{"_acf_changed":false},"product_brand":[],"product_cat":[2012,2644],"product_tag":[2034,2088],"class_list":{"0":"post-215856","1":"product","2":"type-product","3":"status-publish","4":"has-post-thumbnail","6":"product_cat-sweets","7":"product_cat-without-gluten","8":"product_tag-gluten-free","9":"product_tag-vegan","11":"first","12":"instock","13":"shipping-taxable","14":"purchasable","15":"product-type-simple"},"acf":[],"yoast_head":"<!-- This site is optimized with the Yoast SEO plugin v27.4 - https:\/\/yoast.com\/product\/yoast-seo-wordpress\/ -->\n<title>Organic fruit-flavoured sweets, 100 g, Candy Tree - Biopapa<\/title>\n<meta name=\"description\" content=\"Organic fruit-flavoured sweets - organic fruit flavourings give a mild, natural taste. Gluten-free, lactose-free, colour-free and completely vegan-friendly.\" \/>\n<meta name=\"robots\" content=\"index, follow, max-snippet:-1, max-image-preview:large, max-video-preview:-1\" \/>\n<link rel=\"canonical\" href=\"https:\/\/www.biopapa.lt\/en\/produktas\/organic-fruit-flavoured-sweets-100g-candy-tree\/\" \/>\n<meta property=\"og:locale\" content=\"en_US\" \/>\n<meta property=\"og:type\" content=\"article\" \/>\n<meta property=\"og:title\" content=\"Organic fruit-flavoured sweets, 100 g, Candy Tree - Biopapa\" \/>\n<meta property=\"og:description\" content=\"Organic fruit-flavoured sweets - organic fruit flavourings give a mild, natural taste. Gluten-free, lactose-free, colour-free and completely vegan-friendly.\" \/>\n<meta property=\"og:url\" content=\"https:\/\/www.biopapa.lt\/en\/produktas\/organic-fruit-flavoured-sweets-100g-candy-tree\/\" \/>\n<meta property=\"og:site_name\" content=\"Biopapa\" \/>\n<meta property=\"article:publisher\" content=\"https:\/\/www.facebook.com\/biopapa.lt\" \/>\n<meta property=\"article:modified_time\" content=\"2025-12-10T12:18:52+00:00\" \/>\n<meta property=\"og:image\" content=\"https:\/\/www.biopapa.lt\/wp-content\/uploads\/2025\/12\/Ekologiski-vaisiu-skonio-saldainiai-100-g-Candy-Tree.png\" \/>\n\t<meta property=\"og:image:width\" content=\"1600\" \/>\n\t<meta property=\"og:image:height\" content=\"1280\" \/>\n\t<meta property=\"og:image:type\" content=\"image\/png\" \/>\n<meta name=\"twitter:card\" content=\"summary_large_image\" \/>\n<script type=\"application\/ld+json\" class=\"yoast-schema-graph\">{\"@context\":\"https:\\\/\\\/schema.org\",\"@graph\":[{\"@type\":\"WebPage\",\"@id\":\"https:\\\/\\\/www.biopapa.lt\\\/en\\\/produktas\\\/organic-fruit-flavoured-sweets-100g-candy-tree\\\/\",\"url\":\"https:\\\/\\\/www.biopapa.lt\\\/en\\\/produktas\\\/organic-fruit-flavoured-sweets-100g-candy-tree\\\/\",\"name\":\"Organic fruit-flavoured sweets, 100 g, Candy Tree - Biopapa\",\"isPartOf\":{\"@id\":\"https:\\\/\\\/www.biopapa.lt\\\/#website\"},\"primaryImageOfPage\":{\"@id\":\"https:\\\/\\\/www.biopapa.lt\\\/en\\\/produktas\\\/organic-fruit-flavoured-sweets-100g-candy-tree\\\/#primaryimage\"},\"image\":{\"@id\":\"https:\\\/\\\/www.biopapa.lt\\\/en\\\/produktas\\\/organic-fruit-flavoured-sweets-100g-candy-tree\\\/#primaryimage\"},\"thumbnailUrl\":\"https:\\\/\\\/www.biopapa.lt\\\/wp-content\\\/uploads\\\/2025\\\/12\\\/Ekologiski-vaisiu-skonio-saldainiai-100-g-Candy-Tree.png\",\"datePublished\":\"2025-12-01T13:23:33+00:00\",\"dateModified\":\"2025-12-10T12:18:52+00:00\",\"description\":\"Organic fruit-flavoured sweets - organic fruit flavourings give a mild, natural taste. Gluten-free, lactose-free, colour-free and completely vegan-friendly.\",\"breadcrumb\":{\"@id\":\"https:\\\/\\\/www.biopapa.lt\\\/en\\\/produktas\\\/organic-fruit-flavoured-sweets-100g-candy-tree\\\/#breadcrumb\"},\"inLanguage\":\"en-US\",\"potentialAction\":[{\"@type\":\"ReadAction\",\"target\":[\"https:\\\/\\\/www.biopapa.lt\\\/en\\\/produktas\\\/organic-fruit-flavoured-sweets-100g-candy-tree\\\/\"]}]},{\"@type\":\"ImageObject\",\"inLanguage\":\"en-US\",\"@id\":\"https:\\\/\\\/www.biopapa.lt\\\/en\\\/produktas\\\/organic-fruit-flavoured-sweets-100g-candy-tree\\\/#primaryimage\",\"url\":\"https:\\\/\\\/www.biopapa.lt\\\/wp-content\\\/uploads\\\/2025\\\/12\\\/Ekologiski-vaisiu-skonio-saldainiai-100-g-Candy-Tree.png\",\"contentUrl\":\"https:\\\/\\\/www.biopapa.lt\\\/wp-content\\\/uploads\\\/2025\\\/12\\\/Ekologiski-vaisiu-skonio-saldainiai-100-g-Candy-Tree.png\",\"width\":1600,\"height\":1280},{\"@type\":\"BreadcrumbList\",\"@id\":\"https:\\\/\\\/www.biopapa.lt\\\/en\\\/produktas\\\/organic-fruit-flavoured-sweets-100g-candy-tree\\\/#breadcrumb\",\"itemListElement\":[{\"@type\":\"ListItem\",\"position\":1,\"name\":\"Home\",\"item\":\"https:\\\/\\\/www.biopapa.lt\\\/en\\\/\"},{\"@type\":\"ListItem\",\"position\":2,\"name\":\"Shop\",\"item\":\"https:\\\/\\\/www.biopapa.lt\\\/en\\\/shop\\\/\"},{\"@type\":\"ListItem\",\"position\":3,\"name\":\"Organic fruit-flavoured sweets, 100 g, Candy Tree\"}]},{\"@type\":\"WebSite\",\"@id\":\"https:\\\/\\\/www.biopapa.lt\\\/#website\",\"url\":\"https:\\\/\\\/www.biopapa.lt\\\/\",\"name\":\"Biopapa\",\"description\":\"\u0160var\u016bs ekologi\u0161ki produktai\",\"publisher\":{\"@id\":\"https:\\\/\\\/www.biopapa.lt\\\/#organization\"},\"potentialAction\":[{\"@type\":\"SearchAction\",\"target\":{\"@type\":\"EntryPoint\",\"urlTemplate\":\"https:\\\/\\\/www.biopapa.lt\\\/?s={search_term_string}\"},\"query-input\":{\"@type\":\"PropertyValueSpecification\",\"valueRequired\":true,\"valueName\":\"search_term_string\"}}],\"inLanguage\":\"en-US\"},{\"@type\":\"Organization\",\"@id\":\"https:\\\/\\\/www.biopapa.lt\\\/#organization\",\"name\":\"Biopapa\",\"url\":\"https:\\\/\\\/www.biopapa.lt\\\/\",\"logo\":{\"@type\":\"ImageObject\",\"inLanguage\":\"en-US\",\"@id\":\"https:\\\/\\\/www.biopapa.lt\\\/#\\\/schema\\\/logo\\\/image\\\/\",\"url\":\"https:\\\/\\\/www.biopapa.lt\\\/wp-content\\\/uploads\\\/2022\\\/04\\\/facebook_biopapa.jpg\",\"contentUrl\":\"https:\\\/\\\/www.biopapa.lt\\\/wp-content\\\/uploads\\\/2022\\\/04\\\/facebook_biopapa.jpg\",\"width\":1733,\"height\":907,\"caption\":\"Biopapa\"},\"image\":{\"@id\":\"https:\\\/\\\/www.biopapa.lt\\\/#\\\/schema\\\/logo\\\/image\\\/\"},\"sameAs\":[\"https:\\\/\\\/www.facebook.com\\\/biopapa.lt\"]}]}<\/script>\n<!-- \/ Yoast SEO plugin. -->","yoast_head_json":{"title":"Organic fruit-flavoured sweets, 100 g, Candy Tree - Biopapa","description":"Organic fruit-flavoured sweets - organic fruit flavourings give a mild, natural taste. Gluten-free, lactose-free, colour-free and completely vegan-friendly.","robots":{"index":"index","follow":"follow","max-snippet":"max-snippet:-1","max-image-preview":"max-image-preview:large","max-video-preview":"max-video-preview:-1"},"canonical":"https:\/\/www.biopapa.lt\/en\/produktas\/organic-fruit-flavoured-sweets-100g-candy-tree\/","og_locale":"en_US","og_type":"article","og_title":"Organic fruit-flavoured sweets, 100 g, Candy Tree - Biopapa","og_description":"Organic fruit-flavoured sweets - organic fruit flavourings give a mild, natural taste. Gluten-free, lactose-free, colour-free and completely vegan-friendly.","og_url":"https:\/\/www.biopapa.lt\/en\/produktas\/organic-fruit-flavoured-sweets-100g-candy-tree\/","og_site_name":"Biopapa","article_publisher":"https:\/\/www.facebook.com\/biopapa.lt","article_modified_time":"2025-12-10T12:18:52+00:00","og_image":[{"width":1600,"height":1280,"url":"https:\/\/www.biopapa.lt\/wp-content\/uploads\/2025\/12\/Ekologiski-vaisiu-skonio-saldainiai-100-g-Candy-Tree.png","type":"image\/png"}],"twitter_card":"summary_large_image","schema":{"@context":"https:\/\/schema.org","@graph":[{"@type":"WebPage","@id":"https:\/\/www.biopapa.lt\/en\/produktas\/organic-fruit-flavoured-sweets-100g-candy-tree\/","url":"https:\/\/www.biopapa.lt\/en\/produktas\/organic-fruit-flavoured-sweets-100g-candy-tree\/","name":"Organic fruit-flavoured sweets, 100 g, Candy Tree - Biopapa","isPartOf":{"@id":"https:\/\/www.biopapa.lt\/#website"},"primaryImageOfPage":{"@id":"https:\/\/www.biopapa.lt\/en\/produktas\/organic-fruit-flavoured-sweets-100g-candy-tree\/#primaryimage"},"image":{"@id":"https:\/\/www.biopapa.lt\/en\/produktas\/organic-fruit-flavoured-sweets-100g-candy-tree\/#primaryimage"},"thumbnailUrl":"https:\/\/www.biopapa.lt\/wp-content\/uploads\/2025\/12\/Ekologiski-vaisiu-skonio-saldainiai-100-g-Candy-Tree.png","datePublished":"2025-12-01T13:23:33+00:00","dateModified":"2025-12-10T12:18:52+00:00","description":"Organic fruit-flavoured sweets - organic fruit flavourings give a mild, natural taste. Gluten-free, lactose-free, colour-free and completely vegan-friendly.","breadcrumb":{"@id":"https:\/\/www.biopapa.lt\/en\/produktas\/organic-fruit-flavoured-sweets-100g-candy-tree\/#breadcrumb"},"inLanguage":"en-US","potentialAction":[{"@type":"ReadAction","target":["https:\/\/www.biopapa.lt\/en\/produktas\/organic-fruit-flavoured-sweets-100g-candy-tree\/"]}]},{"@type":"ImageObject","inLanguage":"en-US","@id":"https:\/\/www.biopapa.lt\/en\/produktas\/organic-fruit-flavoured-sweets-100g-candy-tree\/#primaryimage","url":"https:\/\/www.biopapa.lt\/wp-content\/uploads\/2025\/12\/Ekologiski-vaisiu-skonio-saldainiai-100-g-Candy-Tree.png","contentUrl":"https:\/\/www.biopapa.lt\/wp-content\/uploads\/2025\/12\/Ekologiski-vaisiu-skonio-saldainiai-100-g-Candy-Tree.png","width":1600,"height":1280},{"@type":"BreadcrumbList","@id":"https:\/\/www.biopapa.lt\/en\/produktas\/organic-fruit-flavoured-sweets-100g-candy-tree\/#breadcrumb","itemListElement":[{"@type":"ListItem","position":1,"name":"Home","item":"https:\/\/www.biopapa.lt\/en\/"},{"@type":"ListItem","position":2,"name":"Shop","item":"https:\/\/www.biopapa.lt\/en\/shop\/"},{"@type":"ListItem","position":3,"name":"Organic fruit-flavoured sweets, 100 g, Candy Tree"}]},{"@type":"WebSite","@id":"https:\/\/www.biopapa.lt\/#website","url":"https:\/\/www.biopapa.lt\/","name":"Biopapa","description":"\u0160var\u016bs ekologi\u0161ki produktai","publisher":{"@id":"https:\/\/www.biopapa.lt\/#organization"},"potentialAction":[{"@type":"SearchAction","target":{"@type":"EntryPoint","urlTemplate":"https:\/\/www.biopapa.lt\/?s={search_term_string}"},"query-input":{"@type":"PropertyValueSpecification","valueRequired":true,"valueName":"search_term_string"}}],"inLanguage":"en-US"},{"@type":"Organization","@id":"https:\/\/www.biopapa.lt\/#organization","name":"Biopapa","url":"https:\/\/www.biopapa.lt\/","logo":{"@type":"ImageObject","inLanguage":"en-US","@id":"https:\/\/www.biopapa.lt\/#\/schema\/logo\/image\/","url":"https:\/\/www.biopapa.lt\/wp-content\/uploads\/2022\/04\/facebook_biopapa.jpg","contentUrl":"https:\/\/www.biopapa.lt\/wp-content\/uploads\/2022\/04\/facebook_biopapa.jpg","width":1733,"height":907,"caption":"Biopapa"},"image":{"@id":"https:\/\/www.biopapa.lt\/#\/schema\/logo\/image\/"},"sameAs":["https:\/\/www.facebook.com\/biopapa.lt"]}]}},"_links":{"self":[{"href":"https:\/\/www.biopapa.lt\/en\/wp-json\/wp\/v2\/product\/215856","targetHints":{"allow":["GET"]}}],"collection":[{"href":"https:\/\/www.biopapa.lt\/en\/wp-json\/wp\/v2\/product"}],"about":[{"href":"https:\/\/www.biopapa.lt\/en\/wp-json\/wp\/v2\/types\/product"}],"wp:featuredmedia":[{"embeddable":true,"href":"https:\/\/www.biopapa.lt\/en\/wp-json\/wp\/v2\/media\/216963"}],"wp:attachment":[{"href":"https:\/\/www.biopapa.lt\/en\/wp-json\/wp\/v2\/media?parent=215856"}],"wp:term":[{"taxonomy":"product_brand","embeddable":true,"href":"https:\/\/www.biopapa.lt\/en\/wp-json\/wp\/v2\/product_brand?post=215856"},{"taxonomy":"product_cat","embeddable":true,"href":"https:\/\/www.biopapa.lt\/en\/wp-json\/wp\/v2\/product_cat?post=215856"},{"taxonomy":"product_tag","embeddable":true,"href":"https:\/\/www.biopapa.lt\/en\/wp-json\/wp\/v2\/product_tag?post=215856"}],"curies":[{"name":"wp","href":"https:\/\/api.w.org\/{rel}","templated":true}]}}