{"id":215749,"date":"2025-12-01T12:32:52","date_gmt":"2025-12-01T10:32:52","guid":{"rendered":"https:\/\/www.biopapa.lt\/?post_type=product&#038;p=215749"},"modified":"2026-03-06T23:58:10","modified_gmt":"2026-03-06T21:58:10","slug":"organic-liquid-soap-lavender-aloe-vera-500ml-alteya","status":"publish","type":"product","link":"https:\/\/www.biopapa.lt\/en\/produktas\/organic-liquid-soap-lavender-aloe-vera-500ml-alteya\/","title":{"rendered":"Organic liquid soap with lavender and aloe vera, 500 ml, ALTEYA"},"content":{"rendered":"<p> <strong> Organic liquid soap with lavender and aloe vera, 500 ml, ALTEYA<\/strong><br \/>\nAlteya&#8217;s liquid soap, with its mild formula, gently cleanses the skin without drying it. Formulated with organic moisturising and skin-nourishing ingredients and a blend of aromatic essential oils, this mild soap helps maintain the skin&#8217;s natural moisture balance. <\/p>\n<p>Certified organic all-purpose liquid soap<br \/>\nContains natural and organic ingredients of plant origin<br \/>\nDelicately scented with pure essential oils<br \/>\nGently cleanses without drying out the skin<br \/>\nLeaves the skin clean, soft and comfortable<br \/>\nSuitable for all skin types<br \/>\nSuitable for daily use.<\/p>\n<p>Use as a hand and\/or body wash. Rinse well with water. <\/p>\n<p>Attention:<br \/>\nFor external use only. For external use only. Avoid contact with eyes. In case of contact with eyes, rinse with water. Discontinue use if rash, redness or itching occurs. Do not swallow. Keep away from children except when used under adult supervision.      <\/p>\n","protected":false},"excerpt":{"rendered":"<p>Organic liquid soap with lavender and aloe vera, 500 ml, ALTEYA Alteya&#8217;s liquid soap, with its mild formula, gently cleanses<\/p>\n","protected":false},"featured_media":216825,"template":"","meta":{"_acf_changed":false},"product_brand":[],"product_cat":[2492,1962,1967,1971],"product_tag":[2058,2519],"class_list":{"0":"post-215749","1":"product","2":"type-product","3":"status-publish","4":"has-post-thumbnail","6":"product_cat-alteya-en","7":"product_cat-beauty-and-hygiene","8":"product_cat-body-care","9":"product_cat-facial-care","10":"product_tag-body-care","11":"product_tag-vegan-en","13":"first","14":"instock","15":"shipping-taxable","16":"purchasable","17":"product-type-simple"},"acf":[],"yoast_head":"<!-- This site is optimized with the Yoast SEO plugin v27.5 - https:\/\/yoast.com\/product\/yoast-seo-wordpress\/ -->\n<title>Organic liquid soap with lavender and aloe vera, 500 ml, ALTEYA - Biopapa<\/title>\n<meta name=\"description\" content=\"Alteya liquid soap, with its mild formula, gently cleanses the skin without drying it out. Formulated with organic moisturising and skin-nourishing ingredients and a blend of aromatic essential oils, this mild soap helps maintain the skin&#039;s natural moisture balance.\" \/>\n<meta name=\"robots\" content=\"index, follow, max-snippet:-1, max-image-preview:large, max-video-preview:-1\" \/>\n<link rel=\"canonical\" href=\"https:\/\/www.biopapa.lt\/en\/produktas\/organic-liquid-soap-lavender-aloe-vera-500ml-alteya\/\" \/>\n<meta property=\"og:locale\" content=\"en_US\" \/>\n<meta property=\"og:type\" content=\"article\" \/>\n<meta property=\"og:title\" content=\"Organic liquid soap with lavender and aloe vera, 500 ml, ALTEYA - Biopapa\" \/>\n<meta property=\"og:description\" content=\"Alteya liquid soap, with its mild formula, gently cleanses the skin without drying it out. Formulated with organic moisturising and skin-nourishing ingredients and a blend of aromatic essential oils, this mild soap helps maintain the skin&#039;s natural moisture balance.\" \/>\n<meta property=\"og:url\" content=\"https:\/\/www.biopapa.lt\/en\/produktas\/organic-liquid-soap-lavender-aloe-vera-500ml-alteya\/\" \/>\n<meta property=\"og:site_name\" content=\"Biopapa\" \/>\n<meta property=\"article:publisher\" content=\"https:\/\/www.facebook.com\/biopapa.lt\" \/>\n<meta property=\"article:modified_time\" content=\"2026-03-06T21:58:10+00:00\" \/>\n<meta property=\"og:image\" content=\"https:\/\/www.biopapa.lt\/wp-content\/uploads\/2025\/12\/Ekologiskas-skystas-muilas-su-levandomis-ir-alaviju-500-ml-ALTEYA.png\" \/>\n\t<meta property=\"og:image:width\" content=\"1600\" \/>\n\t<meta property=\"og:image:height\" content=\"1280\" \/>\n\t<meta property=\"og:image:type\" content=\"image\/png\" \/>\n<meta name=\"twitter:card\" content=\"summary_large_image\" \/>\n<script type=\"application\/ld+json\" class=\"yoast-schema-graph\">{\"@context\":\"https:\\\/\\\/schema.org\",\"@graph\":[{\"@type\":\"WebPage\",\"@id\":\"https:\\\/\\\/www.biopapa.lt\\\/en\\\/produktas\\\/organic-liquid-soap-lavender-aloe-vera-500ml-alteya\\\/\",\"url\":\"https:\\\/\\\/www.biopapa.lt\\\/en\\\/produktas\\\/organic-liquid-soap-lavender-aloe-vera-500ml-alteya\\\/\",\"name\":\"Organic liquid soap with lavender and aloe vera, 500 ml, ALTEYA - Biopapa\",\"isPartOf\":{\"@id\":\"https:\\\/\\\/www.biopapa.lt\\\/#website\"},\"primaryImageOfPage\":{\"@id\":\"https:\\\/\\\/www.biopapa.lt\\\/en\\\/produktas\\\/organic-liquid-soap-lavender-aloe-vera-500ml-alteya\\\/#primaryimage\"},\"image\":{\"@id\":\"https:\\\/\\\/www.biopapa.lt\\\/en\\\/produktas\\\/organic-liquid-soap-lavender-aloe-vera-500ml-alteya\\\/#primaryimage\"},\"thumbnailUrl\":\"https:\\\/\\\/www.biopapa.lt\\\/wp-content\\\/uploads\\\/2025\\\/12\\\/Ekologiskas-skystas-muilas-su-levandomis-ir-alaviju-500-ml-ALTEYA.png\",\"datePublished\":\"2025-12-01T10:32:52+00:00\",\"dateModified\":\"2026-03-06T21:58:10+00:00\",\"description\":\"Alteya liquid soap, with its mild formula, gently cleanses the skin without drying it out. Formulated with organic moisturising and skin-nourishing ingredients and a blend of aromatic essential oils, this mild soap helps maintain the skin's natural moisture balance.\",\"breadcrumb\":{\"@id\":\"https:\\\/\\\/www.biopapa.lt\\\/en\\\/produktas\\\/organic-liquid-soap-lavender-aloe-vera-500ml-alteya\\\/#breadcrumb\"},\"inLanguage\":\"en-US\",\"potentialAction\":[{\"@type\":\"ReadAction\",\"target\":[\"https:\\\/\\\/www.biopapa.lt\\\/en\\\/produktas\\\/organic-liquid-soap-lavender-aloe-vera-500ml-alteya\\\/\"]}]},{\"@type\":\"ImageObject\",\"inLanguage\":\"en-US\",\"@id\":\"https:\\\/\\\/www.biopapa.lt\\\/en\\\/produktas\\\/organic-liquid-soap-lavender-aloe-vera-500ml-alteya\\\/#primaryimage\",\"url\":\"https:\\\/\\\/www.biopapa.lt\\\/wp-content\\\/uploads\\\/2025\\\/12\\\/Ekologiskas-skystas-muilas-su-levandomis-ir-alaviju-500-ml-ALTEYA.png\",\"contentUrl\":\"https:\\\/\\\/www.biopapa.lt\\\/wp-content\\\/uploads\\\/2025\\\/12\\\/Ekologiskas-skystas-muilas-su-levandomis-ir-alaviju-500-ml-ALTEYA.png\",\"width\":1600,\"height\":1280},{\"@type\":\"BreadcrumbList\",\"@id\":\"https:\\\/\\\/www.biopapa.lt\\\/en\\\/produktas\\\/organic-liquid-soap-lavender-aloe-vera-500ml-alteya\\\/#breadcrumb\",\"itemListElement\":[{\"@type\":\"ListItem\",\"position\":1,\"name\":\"Home\",\"item\":\"https:\\\/\\\/www.biopapa.lt\\\/en\\\/\"},{\"@type\":\"ListItem\",\"position\":2,\"name\":\"Shop\",\"item\":\"https:\\\/\\\/www.biopapa.lt\\\/en\\\/shop\\\/\"},{\"@type\":\"ListItem\",\"position\":3,\"name\":\"Organic liquid soap with lavender and aloe vera, 500 ml, ALTEYA\"}]},{\"@type\":\"WebSite\",\"@id\":\"https:\\\/\\\/www.biopapa.lt\\\/#website\",\"url\":\"https:\\\/\\\/www.biopapa.lt\\\/\",\"name\":\"Biopapa\",\"description\":\"\u0160var\u016bs ekologi\u0161ki produktai\",\"publisher\":{\"@id\":\"https:\\\/\\\/www.biopapa.lt\\\/#organization\"},\"potentialAction\":[{\"@type\":\"SearchAction\",\"target\":{\"@type\":\"EntryPoint\",\"urlTemplate\":\"https:\\\/\\\/www.biopapa.lt\\\/?s={search_term_string}\"},\"query-input\":{\"@type\":\"PropertyValueSpecification\",\"valueRequired\":true,\"valueName\":\"search_term_string\"}}],\"inLanguage\":\"en-US\"},{\"@type\":\"Organization\",\"@id\":\"https:\\\/\\\/www.biopapa.lt\\\/#organization\",\"name\":\"Biopapa\",\"url\":\"https:\\\/\\\/www.biopapa.lt\\\/\",\"logo\":{\"@type\":\"ImageObject\",\"inLanguage\":\"en-US\",\"@id\":\"https:\\\/\\\/www.biopapa.lt\\\/#\\\/schema\\\/logo\\\/image\\\/\",\"url\":\"https:\\\/\\\/www.biopapa.lt\\\/wp-content\\\/uploads\\\/2022\\\/04\\\/facebook_biopapa.jpg\",\"contentUrl\":\"https:\\\/\\\/www.biopapa.lt\\\/wp-content\\\/uploads\\\/2022\\\/04\\\/facebook_biopapa.jpg\",\"width\":1733,\"height\":907,\"caption\":\"Biopapa\"},\"image\":{\"@id\":\"https:\\\/\\\/www.biopapa.lt\\\/#\\\/schema\\\/logo\\\/image\\\/\"},\"sameAs\":[\"https:\\\/\\\/www.facebook.com\\\/biopapa.lt\"]}]}<\/script>\n<!-- \/ Yoast SEO plugin. -->","yoast_head_json":{"title":"Organic liquid soap with lavender and aloe vera, 500 ml, ALTEYA - Biopapa","description":"Alteya liquid soap, with its mild formula, gently cleanses the skin without drying it out. Formulated with organic moisturising and skin-nourishing ingredients and a blend of aromatic essential oils, this mild soap helps maintain the skin's natural moisture balance.","robots":{"index":"index","follow":"follow","max-snippet":"max-snippet:-1","max-image-preview":"max-image-preview:large","max-video-preview":"max-video-preview:-1"},"canonical":"https:\/\/www.biopapa.lt\/en\/produktas\/organic-liquid-soap-lavender-aloe-vera-500ml-alteya\/","og_locale":"en_US","og_type":"article","og_title":"Organic liquid soap with lavender and aloe vera, 500 ml, ALTEYA - Biopapa","og_description":"Alteya liquid soap, with its mild formula, gently cleanses the skin without drying it out. Formulated with organic moisturising and skin-nourishing ingredients and a blend of aromatic essential oils, this mild soap helps maintain the skin's natural moisture balance.","og_url":"https:\/\/www.biopapa.lt\/en\/produktas\/organic-liquid-soap-lavender-aloe-vera-500ml-alteya\/","og_site_name":"Biopapa","article_publisher":"https:\/\/www.facebook.com\/biopapa.lt","article_modified_time":"2026-03-06T21:58:10+00:00","og_image":[{"width":1600,"height":1280,"url":"https:\/\/www.biopapa.lt\/wp-content\/uploads\/2025\/12\/Ekologiskas-skystas-muilas-su-levandomis-ir-alaviju-500-ml-ALTEYA.png","type":"image\/png"}],"twitter_card":"summary_large_image","schema":{"@context":"https:\/\/schema.org","@graph":[{"@type":"WebPage","@id":"https:\/\/www.biopapa.lt\/en\/produktas\/organic-liquid-soap-lavender-aloe-vera-500ml-alteya\/","url":"https:\/\/www.biopapa.lt\/en\/produktas\/organic-liquid-soap-lavender-aloe-vera-500ml-alteya\/","name":"Organic liquid soap with lavender and aloe vera, 500 ml, ALTEYA - Biopapa","isPartOf":{"@id":"https:\/\/www.biopapa.lt\/#website"},"primaryImageOfPage":{"@id":"https:\/\/www.biopapa.lt\/en\/produktas\/organic-liquid-soap-lavender-aloe-vera-500ml-alteya\/#primaryimage"},"image":{"@id":"https:\/\/www.biopapa.lt\/en\/produktas\/organic-liquid-soap-lavender-aloe-vera-500ml-alteya\/#primaryimage"},"thumbnailUrl":"https:\/\/www.biopapa.lt\/wp-content\/uploads\/2025\/12\/Ekologiskas-skystas-muilas-su-levandomis-ir-alaviju-500-ml-ALTEYA.png","datePublished":"2025-12-01T10:32:52+00:00","dateModified":"2026-03-06T21:58:10+00:00","description":"Alteya liquid soap, with its mild formula, gently cleanses the skin without drying it out. Formulated with organic moisturising and skin-nourishing ingredients and a blend of aromatic essential oils, this mild soap helps maintain the skin's natural moisture balance.","breadcrumb":{"@id":"https:\/\/www.biopapa.lt\/en\/produktas\/organic-liquid-soap-lavender-aloe-vera-500ml-alteya\/#breadcrumb"},"inLanguage":"en-US","potentialAction":[{"@type":"ReadAction","target":["https:\/\/www.biopapa.lt\/en\/produktas\/organic-liquid-soap-lavender-aloe-vera-500ml-alteya\/"]}]},{"@type":"ImageObject","inLanguage":"en-US","@id":"https:\/\/www.biopapa.lt\/en\/produktas\/organic-liquid-soap-lavender-aloe-vera-500ml-alteya\/#primaryimage","url":"https:\/\/www.biopapa.lt\/wp-content\/uploads\/2025\/12\/Ekologiskas-skystas-muilas-su-levandomis-ir-alaviju-500-ml-ALTEYA.png","contentUrl":"https:\/\/www.biopapa.lt\/wp-content\/uploads\/2025\/12\/Ekologiskas-skystas-muilas-su-levandomis-ir-alaviju-500-ml-ALTEYA.png","width":1600,"height":1280},{"@type":"BreadcrumbList","@id":"https:\/\/www.biopapa.lt\/en\/produktas\/organic-liquid-soap-lavender-aloe-vera-500ml-alteya\/#breadcrumb","itemListElement":[{"@type":"ListItem","position":1,"name":"Home","item":"https:\/\/www.biopapa.lt\/en\/"},{"@type":"ListItem","position":2,"name":"Shop","item":"https:\/\/www.biopapa.lt\/en\/shop\/"},{"@type":"ListItem","position":3,"name":"Organic liquid soap with lavender and aloe vera, 500 ml, ALTEYA"}]},{"@type":"WebSite","@id":"https:\/\/www.biopapa.lt\/#website","url":"https:\/\/www.biopapa.lt\/","name":"Biopapa","description":"\u0160var\u016bs ekologi\u0161ki produktai","publisher":{"@id":"https:\/\/www.biopapa.lt\/#organization"},"potentialAction":[{"@type":"SearchAction","target":{"@type":"EntryPoint","urlTemplate":"https:\/\/www.biopapa.lt\/?s={search_term_string}"},"query-input":{"@type":"PropertyValueSpecification","valueRequired":true,"valueName":"search_term_string"}}],"inLanguage":"en-US"},{"@type":"Organization","@id":"https:\/\/www.biopapa.lt\/#organization","name":"Biopapa","url":"https:\/\/www.biopapa.lt\/","logo":{"@type":"ImageObject","inLanguage":"en-US","@id":"https:\/\/www.biopapa.lt\/#\/schema\/logo\/image\/","url":"https:\/\/www.biopapa.lt\/wp-content\/uploads\/2022\/04\/facebook_biopapa.jpg","contentUrl":"https:\/\/www.biopapa.lt\/wp-content\/uploads\/2022\/04\/facebook_biopapa.jpg","width":1733,"height":907,"caption":"Biopapa"},"image":{"@id":"https:\/\/www.biopapa.lt\/#\/schema\/logo\/image\/"},"sameAs":["https:\/\/www.facebook.com\/biopapa.lt"]}]}},"_links":{"self":[{"href":"https:\/\/www.biopapa.lt\/en\/wp-json\/wp\/v2\/product\/215749","targetHints":{"allow":["GET"]}}],"collection":[{"href":"https:\/\/www.biopapa.lt\/en\/wp-json\/wp\/v2\/product"}],"about":[{"href":"https:\/\/www.biopapa.lt\/en\/wp-json\/wp\/v2\/types\/product"}],"wp:featuredmedia":[{"embeddable":true,"href":"https:\/\/www.biopapa.lt\/en\/wp-json\/wp\/v2\/media\/216825"}],"wp:attachment":[{"href":"https:\/\/www.biopapa.lt\/en\/wp-json\/wp\/v2\/media?parent=215749"}],"wp:term":[{"taxonomy":"product_brand","embeddable":true,"href":"https:\/\/www.biopapa.lt\/en\/wp-json\/wp\/v2\/product_brand?post=215749"},{"taxonomy":"product_cat","embeddable":true,"href":"https:\/\/www.biopapa.lt\/en\/wp-json\/wp\/v2\/product_cat?post=215749"},{"taxonomy":"product_tag","embeddable":true,"href":"https:\/\/www.biopapa.lt\/en\/wp-json\/wp\/v2\/product_tag?post=215749"}],"curies":[{"name":"wp","href":"https:\/\/api.w.org\/{rel}","templated":true}]}}