{"id":214322,"date":"2025-11-28T12:19:35","date_gmt":"2025-11-28T10:19:35","guid":{"rendered":"https:\/\/www.biopapa.lt\/?post_type=product&#038;p=214322"},"modified":"2026-03-08T01:06:31","modified_gmt":"2026-03-07T23:06:31","slug":"organic-oat-lavender-shampoo-200ml-officina-dei-saponi","status":"publish","type":"product","link":"https:\/\/www.biopapa.lt\/en\/produktas\/organic-oat-lavender-shampoo-200ml-officina-dei-saponi\/","title":{"rendered":"Organic Oat &amp; Lavender Shampoo, 200 ml, Officina dei Saponi"},"content":{"rendered":"<p><strong>Organic Oat &amp; Lavender Shampoo, 200 ml, Officina dei Saponi<br \/>\n<\/strong>The Oat &amp; Lavender Shampoo gives your hair and scalp a feeling of hydration and freshness, thanks to an organic formula developed by constantly seeking out the highest quality raw materials such as extra virgin olive oil, oat extract, aloe vera gel, and rice proteins.<br \/>\nIts bright fragrance, provided by lavender essential oil, evokes feelings of well-being and freshness. Gentle and pleasant, the lavender scent leaves a subtle yet persistent fragrance trail. Made with gentle plant-derived surfactant compounds that respect the skin and the environment.  <\/p>\n","protected":false},"excerpt":{"rendered":"<p>Organic Oat &amp; Lavender Shampoo, 200 ml, Officina dei Saponi The Oat &amp; Lavender Shampoo gives your hair and scalp<\/p>\n","protected":false},"featured_media":214325,"template":"","meta":{"_acf_changed":false},"product_brand":[],"product_cat":[1962,1969],"product_tag":[2070,2088],"class_list":{"0":"post-214322","1":"product","2":"type-product","3":"status-publish","4":"has-post-thumbnail","6":"product_cat-beauty-and-hygiene","7":"product_cat-hair-care","8":"product_tag-hair-care","9":"product_tag-vegan","11":"first","12":"outofstock","13":"shipping-taxable","14":"purchasable","15":"product-type-simple"},"acf":[],"yoast_head":"<!-- This site is optimized with the Yoast SEO plugin v27.5 - https:\/\/yoast.com\/product\/yoast-seo-wordpress\/ -->\n<title>Organic Oat &amp; Lavender Shampoo, 200 ml, Officina dei Saponi - Biopapa<\/title>\n<meta name=\"description\" content=\"Organic Oat &amp; Lavender Shampoo - made with gentle plant-derived surfactant compounds that respect the skin and the environment.\" \/>\n<meta name=\"robots\" content=\"index, follow, max-snippet:-1, max-image-preview:large, max-video-preview:-1\" \/>\n<link rel=\"canonical\" href=\"https:\/\/www.biopapa.lt\/en\/produktas\/organic-oat-lavender-shampoo-200ml-officina-dei-saponi\/\" \/>\n<meta property=\"og:locale\" content=\"en_US\" \/>\n<meta property=\"og:type\" content=\"article\" \/>\n<meta property=\"og:title\" content=\"Organic Oat &amp; Lavender Shampoo, 200 ml, Officina dei Saponi - Biopapa\" \/>\n<meta property=\"og:description\" content=\"Organic Oat &amp; Lavender Shampoo - made with gentle plant-derived surfactant compounds that respect the skin and the environment.\" \/>\n<meta property=\"og:url\" content=\"https:\/\/www.biopapa.lt\/en\/produktas\/organic-oat-lavender-shampoo-200ml-officina-dei-saponi\/\" \/>\n<meta property=\"og:site_name\" content=\"Biopapa\" \/>\n<meta property=\"article:publisher\" content=\"https:\/\/www.facebook.com\/biopapa.lt\" \/>\n<meta property=\"article:modified_time\" content=\"2026-03-07T23:06:31+00:00\" \/>\n<meta property=\"og:image\" content=\"https:\/\/www.biopapa.lt\/wp-content\/uploads\/2025\/11\/Ekologiskas-avizu-ir-levandu-sampunas-200ml.png\" \/>\n\t<meta property=\"og:image:width\" content=\"800\" \/>\n\t<meta property=\"og:image:height\" content=\"640\" \/>\n\t<meta property=\"og:image:type\" content=\"image\/png\" \/>\n<meta name=\"twitter:card\" content=\"summary_large_image\" \/>\n<script type=\"application\/ld+json\" class=\"yoast-schema-graph\">{\"@context\":\"https:\\\/\\\/schema.org\",\"@graph\":[{\"@type\":\"WebPage\",\"@id\":\"https:\\\/\\\/www.biopapa.lt\\\/en\\\/produktas\\\/organic-oat-lavender-shampoo-200ml-officina-dei-saponi\\\/\",\"url\":\"https:\\\/\\\/www.biopapa.lt\\\/en\\\/produktas\\\/organic-oat-lavender-shampoo-200ml-officina-dei-saponi\\\/\",\"name\":\"Organic Oat &amp; Lavender Shampoo, 200 ml, Officina dei Saponi - Biopapa\",\"isPartOf\":{\"@id\":\"https:\\\/\\\/www.biopapa.lt\\\/#website\"},\"primaryImageOfPage\":{\"@id\":\"https:\\\/\\\/www.biopapa.lt\\\/en\\\/produktas\\\/organic-oat-lavender-shampoo-200ml-officina-dei-saponi\\\/#primaryimage\"},\"image\":{\"@id\":\"https:\\\/\\\/www.biopapa.lt\\\/en\\\/produktas\\\/organic-oat-lavender-shampoo-200ml-officina-dei-saponi\\\/#primaryimage\"},\"thumbnailUrl\":\"https:\\\/\\\/www.biopapa.lt\\\/wp-content\\\/uploads\\\/2025\\\/11\\\/Ekologiskas-avizu-ir-levandu-sampunas-200ml.png\",\"datePublished\":\"2025-11-28T10:19:35+00:00\",\"dateModified\":\"2026-03-07T23:06:31+00:00\",\"description\":\"Organic Oat & Lavender Shampoo - made with gentle plant-derived surfactant compounds that respect the skin and the environment.\",\"breadcrumb\":{\"@id\":\"https:\\\/\\\/www.biopapa.lt\\\/en\\\/produktas\\\/organic-oat-lavender-shampoo-200ml-officina-dei-saponi\\\/#breadcrumb\"},\"inLanguage\":\"en-US\",\"potentialAction\":[{\"@type\":\"ReadAction\",\"target\":[\"https:\\\/\\\/www.biopapa.lt\\\/en\\\/produktas\\\/organic-oat-lavender-shampoo-200ml-officina-dei-saponi\\\/\"]}]},{\"@type\":\"ImageObject\",\"inLanguage\":\"en-US\",\"@id\":\"https:\\\/\\\/www.biopapa.lt\\\/en\\\/produktas\\\/organic-oat-lavender-shampoo-200ml-officina-dei-saponi\\\/#primaryimage\",\"url\":\"https:\\\/\\\/www.biopapa.lt\\\/wp-content\\\/uploads\\\/2025\\\/11\\\/Ekologiskas-avizu-ir-levandu-sampunas-200ml.png\",\"contentUrl\":\"https:\\\/\\\/www.biopapa.lt\\\/wp-content\\\/uploads\\\/2025\\\/11\\\/Ekologiskas-avizu-ir-levandu-sampunas-200ml.png\",\"width\":800,\"height\":640},{\"@type\":\"BreadcrumbList\",\"@id\":\"https:\\\/\\\/www.biopapa.lt\\\/en\\\/produktas\\\/organic-oat-lavender-shampoo-200ml-officina-dei-saponi\\\/#breadcrumb\",\"itemListElement\":[{\"@type\":\"ListItem\",\"position\":1,\"name\":\"Home\",\"item\":\"https:\\\/\\\/www.biopapa.lt\\\/en\\\/\"},{\"@type\":\"ListItem\",\"position\":2,\"name\":\"Shop\",\"item\":\"https:\\\/\\\/www.biopapa.lt\\\/en\\\/shop\\\/\"},{\"@type\":\"ListItem\",\"position\":3,\"name\":\"Organic Oat &amp; Lavender Shampoo, 200 ml, Officina dei Saponi\"}]},{\"@type\":\"WebSite\",\"@id\":\"https:\\\/\\\/www.biopapa.lt\\\/#website\",\"url\":\"https:\\\/\\\/www.biopapa.lt\\\/\",\"name\":\"Biopapa\",\"description\":\"\u0160var\u016bs ekologi\u0161ki produktai\",\"publisher\":{\"@id\":\"https:\\\/\\\/www.biopapa.lt\\\/#organization\"},\"potentialAction\":[{\"@type\":\"SearchAction\",\"target\":{\"@type\":\"EntryPoint\",\"urlTemplate\":\"https:\\\/\\\/www.biopapa.lt\\\/?s={search_term_string}\"},\"query-input\":{\"@type\":\"PropertyValueSpecification\",\"valueRequired\":true,\"valueName\":\"search_term_string\"}}],\"inLanguage\":\"en-US\"},{\"@type\":\"Organization\",\"@id\":\"https:\\\/\\\/www.biopapa.lt\\\/#organization\",\"name\":\"Biopapa\",\"url\":\"https:\\\/\\\/www.biopapa.lt\\\/\",\"logo\":{\"@type\":\"ImageObject\",\"inLanguage\":\"en-US\",\"@id\":\"https:\\\/\\\/www.biopapa.lt\\\/#\\\/schema\\\/logo\\\/image\\\/\",\"url\":\"https:\\\/\\\/www.biopapa.lt\\\/wp-content\\\/uploads\\\/2022\\\/04\\\/facebook_biopapa.jpg\",\"contentUrl\":\"https:\\\/\\\/www.biopapa.lt\\\/wp-content\\\/uploads\\\/2022\\\/04\\\/facebook_biopapa.jpg\",\"width\":1733,\"height\":907,\"caption\":\"Biopapa\"},\"image\":{\"@id\":\"https:\\\/\\\/www.biopapa.lt\\\/#\\\/schema\\\/logo\\\/image\\\/\"},\"sameAs\":[\"https:\\\/\\\/www.facebook.com\\\/biopapa.lt\"]}]}<\/script>\n<!-- \/ Yoast SEO plugin. -->","yoast_head_json":{"title":"Organic Oat &amp; Lavender Shampoo, 200 ml, Officina dei Saponi - Biopapa","description":"Organic Oat & Lavender Shampoo - made with gentle plant-derived surfactant compounds that respect the skin and the environment.","robots":{"index":"index","follow":"follow","max-snippet":"max-snippet:-1","max-image-preview":"max-image-preview:large","max-video-preview":"max-video-preview:-1"},"canonical":"https:\/\/www.biopapa.lt\/en\/produktas\/organic-oat-lavender-shampoo-200ml-officina-dei-saponi\/","og_locale":"en_US","og_type":"article","og_title":"Organic Oat &amp; Lavender Shampoo, 200 ml, Officina dei Saponi - Biopapa","og_description":"Organic Oat & Lavender Shampoo - made with gentle plant-derived surfactant compounds that respect the skin and the environment.","og_url":"https:\/\/www.biopapa.lt\/en\/produktas\/organic-oat-lavender-shampoo-200ml-officina-dei-saponi\/","og_site_name":"Biopapa","article_publisher":"https:\/\/www.facebook.com\/biopapa.lt","article_modified_time":"2026-03-07T23:06:31+00:00","og_image":[{"width":800,"height":640,"url":"https:\/\/www.biopapa.lt\/wp-content\/uploads\/2025\/11\/Ekologiskas-avizu-ir-levandu-sampunas-200ml.png","type":"image\/png"}],"twitter_card":"summary_large_image","schema":{"@context":"https:\/\/schema.org","@graph":[{"@type":"WebPage","@id":"https:\/\/www.biopapa.lt\/en\/produktas\/organic-oat-lavender-shampoo-200ml-officina-dei-saponi\/","url":"https:\/\/www.biopapa.lt\/en\/produktas\/organic-oat-lavender-shampoo-200ml-officina-dei-saponi\/","name":"Organic Oat &amp; Lavender Shampoo, 200 ml, Officina dei Saponi - Biopapa","isPartOf":{"@id":"https:\/\/www.biopapa.lt\/#website"},"primaryImageOfPage":{"@id":"https:\/\/www.biopapa.lt\/en\/produktas\/organic-oat-lavender-shampoo-200ml-officina-dei-saponi\/#primaryimage"},"image":{"@id":"https:\/\/www.biopapa.lt\/en\/produktas\/organic-oat-lavender-shampoo-200ml-officina-dei-saponi\/#primaryimage"},"thumbnailUrl":"https:\/\/www.biopapa.lt\/wp-content\/uploads\/2025\/11\/Ekologiskas-avizu-ir-levandu-sampunas-200ml.png","datePublished":"2025-11-28T10:19:35+00:00","dateModified":"2026-03-07T23:06:31+00:00","description":"Organic Oat & Lavender Shampoo - made with gentle plant-derived surfactant compounds that respect the skin and the environment.","breadcrumb":{"@id":"https:\/\/www.biopapa.lt\/en\/produktas\/organic-oat-lavender-shampoo-200ml-officina-dei-saponi\/#breadcrumb"},"inLanguage":"en-US","potentialAction":[{"@type":"ReadAction","target":["https:\/\/www.biopapa.lt\/en\/produktas\/organic-oat-lavender-shampoo-200ml-officina-dei-saponi\/"]}]},{"@type":"ImageObject","inLanguage":"en-US","@id":"https:\/\/www.biopapa.lt\/en\/produktas\/organic-oat-lavender-shampoo-200ml-officina-dei-saponi\/#primaryimage","url":"https:\/\/www.biopapa.lt\/wp-content\/uploads\/2025\/11\/Ekologiskas-avizu-ir-levandu-sampunas-200ml.png","contentUrl":"https:\/\/www.biopapa.lt\/wp-content\/uploads\/2025\/11\/Ekologiskas-avizu-ir-levandu-sampunas-200ml.png","width":800,"height":640},{"@type":"BreadcrumbList","@id":"https:\/\/www.biopapa.lt\/en\/produktas\/organic-oat-lavender-shampoo-200ml-officina-dei-saponi\/#breadcrumb","itemListElement":[{"@type":"ListItem","position":1,"name":"Home","item":"https:\/\/www.biopapa.lt\/en\/"},{"@type":"ListItem","position":2,"name":"Shop","item":"https:\/\/www.biopapa.lt\/en\/shop\/"},{"@type":"ListItem","position":3,"name":"Organic Oat &amp; Lavender Shampoo, 200 ml, Officina dei Saponi"}]},{"@type":"WebSite","@id":"https:\/\/www.biopapa.lt\/#website","url":"https:\/\/www.biopapa.lt\/","name":"Biopapa","description":"\u0160var\u016bs ekologi\u0161ki produktai","publisher":{"@id":"https:\/\/www.biopapa.lt\/#organization"},"potentialAction":[{"@type":"SearchAction","target":{"@type":"EntryPoint","urlTemplate":"https:\/\/www.biopapa.lt\/?s={search_term_string}"},"query-input":{"@type":"PropertyValueSpecification","valueRequired":true,"valueName":"search_term_string"}}],"inLanguage":"en-US"},{"@type":"Organization","@id":"https:\/\/www.biopapa.lt\/#organization","name":"Biopapa","url":"https:\/\/www.biopapa.lt\/","logo":{"@type":"ImageObject","inLanguage":"en-US","@id":"https:\/\/www.biopapa.lt\/#\/schema\/logo\/image\/","url":"https:\/\/www.biopapa.lt\/wp-content\/uploads\/2022\/04\/facebook_biopapa.jpg","contentUrl":"https:\/\/www.biopapa.lt\/wp-content\/uploads\/2022\/04\/facebook_biopapa.jpg","width":1733,"height":907,"caption":"Biopapa"},"image":{"@id":"https:\/\/www.biopapa.lt\/#\/schema\/logo\/image\/"},"sameAs":["https:\/\/www.facebook.com\/biopapa.lt"]}]}},"_links":{"self":[{"href":"https:\/\/www.biopapa.lt\/en\/wp-json\/wp\/v2\/product\/214322","targetHints":{"allow":["GET"]}}],"collection":[{"href":"https:\/\/www.biopapa.lt\/en\/wp-json\/wp\/v2\/product"}],"about":[{"href":"https:\/\/www.biopapa.lt\/en\/wp-json\/wp\/v2\/types\/product"}],"wp:featuredmedia":[{"embeddable":true,"href":"https:\/\/www.biopapa.lt\/en\/wp-json\/wp\/v2\/media\/214325"}],"wp:attachment":[{"href":"https:\/\/www.biopapa.lt\/en\/wp-json\/wp\/v2\/media?parent=214322"}],"wp:term":[{"taxonomy":"product_brand","embeddable":true,"href":"https:\/\/www.biopapa.lt\/en\/wp-json\/wp\/v2\/product_brand?post=214322"},{"taxonomy":"product_cat","embeddable":true,"href":"https:\/\/www.biopapa.lt\/en\/wp-json\/wp\/v2\/product_cat?post=214322"},{"taxonomy":"product_tag","embeddable":true,"href":"https:\/\/www.biopapa.lt\/en\/wp-json\/wp\/v2\/product_tag?post=214322"}],"curies":[{"name":"wp","href":"https:\/\/api.w.org\/{rel}","templated":true}]}}