{"id":214312,"date":"2025-11-28T12:11:23","date_gmt":"2025-11-28T10:11:23","guid":{"rendered":"https:\/\/www.biopapa.lt\/?post_type=product&#038;p=214312"},"modified":"2026-03-08T01:06:05","modified_gmt":"2026-03-07T23:06:05","slug":"organic-ginger-and-lemon-shampoo-200ml-officina-dei-saponini","status":"publish","type":"product","link":"https:\/\/www.biopapa.lt\/en\/produktas\/organic-ginger-and-lemon-shampoo-200ml-officina-dei-saponini\/","title":{"rendered":"Organic ginger and lemon shampoo, 200 ml, Officina dei Saponi"},"content":{"rendered":"<p><strong>Organic Ginger &amp; Lemon Shampoo, 200 ml, Officina dei Saponi<\/strong><br \/>\nLight, soft and silky hair is the feeling of Ginger &amp; Lemon Shampoo!<br \/>\nIts organic formula has been created by constantly searching for the highest quality raw materials such as extra virgin olive oil, ginger, red grape and boswellia extracts, aloe vera gel and rice protein to nourish and purify the hair.<br \/>\nA blend of lemon, lemongrass, myrtle and cedarwood essential oils cleanses the hair and scalp, giving a feeling of well-being and freshness. Formulated with gentle plant-derived surfactant compounds that respect the skin and the environment. <\/p>\n","protected":false},"excerpt":{"rendered":"<p>Organic Ginger &amp; Lemon Shampoo, 200 ml, Officina dei Saponi Light, soft and silky hair is the feeling of Ginger<\/p>\n","protected":false},"featured_media":214317,"template":"","meta":{"_acf_changed":false},"product_brand":[],"product_cat":[1962,1969],"product_tag":[2070,2088],"class_list":{"0":"post-214312","1":"product","2":"type-product","3":"status-publish","4":"has-post-thumbnail","6":"product_cat-beauty-and-hygiene","7":"product_cat-hair-care","8":"product_tag-hair-care","9":"product_tag-vegan","11":"first","12":"outofstock","13":"shipping-taxable","14":"purchasable","15":"product-type-simple"},"acf":[],"yoast_head":"<!-- This site is optimized with the Yoast SEO plugin v27.4 - https:\/\/yoast.com\/product\/yoast-seo-wordpress\/ -->\n<title>Organic ginger and lemon shampoo, 200 ml, Officina dei Saponi - Biopapa<\/title>\n<meta name=\"description\" content=\"Organic Ginger &amp; Lemon Shampoo - light, soft and silky hair - that&#039;s the feeling that Ginger &amp; Lemon Shampoo gives!\" \/>\n<meta name=\"robots\" content=\"index, follow, max-snippet:-1, max-image-preview:large, max-video-preview:-1\" \/>\n<link rel=\"canonical\" href=\"https:\/\/www.biopapa.lt\/en\/produktas\/organic-ginger-and-lemon-shampoo-200ml-officina-dei-saponini\/\" \/>\n<meta property=\"og:locale\" content=\"en_US\" \/>\n<meta property=\"og:type\" content=\"article\" \/>\n<meta property=\"og:title\" content=\"Organic ginger and lemon shampoo, 200 ml, Officina dei Saponi - Biopapa\" \/>\n<meta property=\"og:description\" content=\"Organic Ginger &amp; Lemon Shampoo - light, soft and silky hair - that&#039;s the feeling that Ginger &amp; Lemon Shampoo gives!\" \/>\n<meta property=\"og:url\" content=\"https:\/\/www.biopapa.lt\/en\/produktas\/organic-ginger-and-lemon-shampoo-200ml-officina-dei-saponini\/\" \/>\n<meta property=\"og:site_name\" content=\"Biopapa\" \/>\n<meta property=\"article:publisher\" content=\"https:\/\/www.facebook.com\/biopapa.lt\" \/>\n<meta property=\"article:modified_time\" content=\"2026-03-07T23:06:05+00:00\" \/>\n<meta property=\"og:image\" content=\"https:\/\/www.biopapa.lt\/wp-content\/uploads\/2025\/11\/Ekologiskas-imbiero-ir-citrinu-sampunas-200-ml-Officina-dei-Saponi.png\" \/>\n\t<meta property=\"og:image:width\" content=\"800\" \/>\n\t<meta property=\"og:image:height\" content=\"640\" \/>\n\t<meta property=\"og:image:type\" content=\"image\/png\" \/>\n<meta name=\"twitter:card\" content=\"summary_large_image\" \/>\n<script type=\"application\/ld+json\" class=\"yoast-schema-graph\">{\"@context\":\"https:\\\/\\\/schema.org\",\"@graph\":[{\"@type\":\"WebPage\",\"@id\":\"https:\\\/\\\/www.biopapa.lt\\\/en\\\/produktas\\\/organic-ginger-and-lemon-shampoo-200ml-officina-dei-saponini\\\/\",\"url\":\"https:\\\/\\\/www.biopapa.lt\\\/en\\\/produktas\\\/organic-ginger-and-lemon-shampoo-200ml-officina-dei-saponini\\\/\",\"name\":\"Organic ginger and lemon shampoo, 200 ml, Officina dei Saponi - Biopapa\",\"isPartOf\":{\"@id\":\"https:\\\/\\\/www.biopapa.lt\\\/#website\"},\"primaryImageOfPage\":{\"@id\":\"https:\\\/\\\/www.biopapa.lt\\\/en\\\/produktas\\\/organic-ginger-and-lemon-shampoo-200ml-officina-dei-saponini\\\/#primaryimage\"},\"image\":{\"@id\":\"https:\\\/\\\/www.biopapa.lt\\\/en\\\/produktas\\\/organic-ginger-and-lemon-shampoo-200ml-officina-dei-saponini\\\/#primaryimage\"},\"thumbnailUrl\":\"https:\\\/\\\/www.biopapa.lt\\\/wp-content\\\/uploads\\\/2025\\\/11\\\/Ekologiskas-imbiero-ir-citrinu-sampunas-200-ml-Officina-dei-Saponi.png\",\"datePublished\":\"2025-11-28T10:11:23+00:00\",\"dateModified\":\"2026-03-07T23:06:05+00:00\",\"description\":\"Organic Ginger & Lemon Shampoo - light, soft and silky hair - that's the feeling that Ginger & Lemon Shampoo gives!\",\"breadcrumb\":{\"@id\":\"https:\\\/\\\/www.biopapa.lt\\\/en\\\/produktas\\\/organic-ginger-and-lemon-shampoo-200ml-officina-dei-saponini\\\/#breadcrumb\"},\"inLanguage\":\"en-US\",\"potentialAction\":[{\"@type\":\"ReadAction\",\"target\":[\"https:\\\/\\\/www.biopapa.lt\\\/en\\\/produktas\\\/organic-ginger-and-lemon-shampoo-200ml-officina-dei-saponini\\\/\"]}]},{\"@type\":\"ImageObject\",\"inLanguage\":\"en-US\",\"@id\":\"https:\\\/\\\/www.biopapa.lt\\\/en\\\/produktas\\\/organic-ginger-and-lemon-shampoo-200ml-officina-dei-saponini\\\/#primaryimage\",\"url\":\"https:\\\/\\\/www.biopapa.lt\\\/wp-content\\\/uploads\\\/2025\\\/11\\\/Ekologiskas-imbiero-ir-citrinu-sampunas-200-ml-Officina-dei-Saponi.png\",\"contentUrl\":\"https:\\\/\\\/www.biopapa.lt\\\/wp-content\\\/uploads\\\/2025\\\/11\\\/Ekologiskas-imbiero-ir-citrinu-sampunas-200-ml-Officina-dei-Saponi.png\",\"width\":800,\"height\":640},{\"@type\":\"BreadcrumbList\",\"@id\":\"https:\\\/\\\/www.biopapa.lt\\\/en\\\/produktas\\\/organic-ginger-and-lemon-shampoo-200ml-officina-dei-saponini\\\/#breadcrumb\",\"itemListElement\":[{\"@type\":\"ListItem\",\"position\":1,\"name\":\"Home\",\"item\":\"https:\\\/\\\/www.biopapa.lt\\\/en\\\/\"},{\"@type\":\"ListItem\",\"position\":2,\"name\":\"Shop\",\"item\":\"https:\\\/\\\/www.biopapa.lt\\\/en\\\/shop\\\/\"},{\"@type\":\"ListItem\",\"position\":3,\"name\":\"Organic ginger and lemon shampoo, 200 ml, Officina dei Saponi\"}]},{\"@type\":\"WebSite\",\"@id\":\"https:\\\/\\\/www.biopapa.lt\\\/#website\",\"url\":\"https:\\\/\\\/www.biopapa.lt\\\/\",\"name\":\"Biopapa\",\"description\":\"\u0160var\u016bs ekologi\u0161ki produktai\",\"publisher\":{\"@id\":\"https:\\\/\\\/www.biopapa.lt\\\/#organization\"},\"potentialAction\":[{\"@type\":\"SearchAction\",\"target\":{\"@type\":\"EntryPoint\",\"urlTemplate\":\"https:\\\/\\\/www.biopapa.lt\\\/?s={search_term_string}\"},\"query-input\":{\"@type\":\"PropertyValueSpecification\",\"valueRequired\":true,\"valueName\":\"search_term_string\"}}],\"inLanguage\":\"en-US\"},{\"@type\":\"Organization\",\"@id\":\"https:\\\/\\\/www.biopapa.lt\\\/#organization\",\"name\":\"Biopapa\",\"url\":\"https:\\\/\\\/www.biopapa.lt\\\/\",\"logo\":{\"@type\":\"ImageObject\",\"inLanguage\":\"en-US\",\"@id\":\"https:\\\/\\\/www.biopapa.lt\\\/#\\\/schema\\\/logo\\\/image\\\/\",\"url\":\"https:\\\/\\\/www.biopapa.lt\\\/wp-content\\\/uploads\\\/2022\\\/04\\\/facebook_biopapa.jpg\",\"contentUrl\":\"https:\\\/\\\/www.biopapa.lt\\\/wp-content\\\/uploads\\\/2022\\\/04\\\/facebook_biopapa.jpg\",\"width\":1733,\"height\":907,\"caption\":\"Biopapa\"},\"image\":{\"@id\":\"https:\\\/\\\/www.biopapa.lt\\\/#\\\/schema\\\/logo\\\/image\\\/\"},\"sameAs\":[\"https:\\\/\\\/www.facebook.com\\\/biopapa.lt\"]}]}<\/script>\n<!-- \/ Yoast SEO plugin. -->","yoast_head_json":{"title":"Organic ginger and lemon shampoo, 200 ml, Officina dei Saponi - Biopapa","description":"Organic Ginger & Lemon Shampoo - light, soft and silky hair - that's the feeling that Ginger & Lemon Shampoo gives!","robots":{"index":"index","follow":"follow","max-snippet":"max-snippet:-1","max-image-preview":"max-image-preview:large","max-video-preview":"max-video-preview:-1"},"canonical":"https:\/\/www.biopapa.lt\/en\/produktas\/organic-ginger-and-lemon-shampoo-200ml-officina-dei-saponini\/","og_locale":"en_US","og_type":"article","og_title":"Organic ginger and lemon shampoo, 200 ml, Officina dei Saponi - Biopapa","og_description":"Organic Ginger & Lemon Shampoo - light, soft and silky hair - that's the feeling that Ginger & Lemon Shampoo gives!","og_url":"https:\/\/www.biopapa.lt\/en\/produktas\/organic-ginger-and-lemon-shampoo-200ml-officina-dei-saponini\/","og_site_name":"Biopapa","article_publisher":"https:\/\/www.facebook.com\/biopapa.lt","article_modified_time":"2026-03-07T23:06:05+00:00","og_image":[{"width":800,"height":640,"url":"https:\/\/www.biopapa.lt\/wp-content\/uploads\/2025\/11\/Ekologiskas-imbiero-ir-citrinu-sampunas-200-ml-Officina-dei-Saponi.png","type":"image\/png"}],"twitter_card":"summary_large_image","schema":{"@context":"https:\/\/schema.org","@graph":[{"@type":"WebPage","@id":"https:\/\/www.biopapa.lt\/en\/produktas\/organic-ginger-and-lemon-shampoo-200ml-officina-dei-saponini\/","url":"https:\/\/www.biopapa.lt\/en\/produktas\/organic-ginger-and-lemon-shampoo-200ml-officina-dei-saponini\/","name":"Organic ginger and lemon shampoo, 200 ml, Officina dei Saponi - Biopapa","isPartOf":{"@id":"https:\/\/www.biopapa.lt\/#website"},"primaryImageOfPage":{"@id":"https:\/\/www.biopapa.lt\/en\/produktas\/organic-ginger-and-lemon-shampoo-200ml-officina-dei-saponini\/#primaryimage"},"image":{"@id":"https:\/\/www.biopapa.lt\/en\/produktas\/organic-ginger-and-lemon-shampoo-200ml-officina-dei-saponini\/#primaryimage"},"thumbnailUrl":"https:\/\/www.biopapa.lt\/wp-content\/uploads\/2025\/11\/Ekologiskas-imbiero-ir-citrinu-sampunas-200-ml-Officina-dei-Saponi.png","datePublished":"2025-11-28T10:11:23+00:00","dateModified":"2026-03-07T23:06:05+00:00","description":"Organic Ginger & Lemon Shampoo - light, soft and silky hair - that's the feeling that Ginger & Lemon Shampoo gives!","breadcrumb":{"@id":"https:\/\/www.biopapa.lt\/en\/produktas\/organic-ginger-and-lemon-shampoo-200ml-officina-dei-saponini\/#breadcrumb"},"inLanguage":"en-US","potentialAction":[{"@type":"ReadAction","target":["https:\/\/www.biopapa.lt\/en\/produktas\/organic-ginger-and-lemon-shampoo-200ml-officina-dei-saponini\/"]}]},{"@type":"ImageObject","inLanguage":"en-US","@id":"https:\/\/www.biopapa.lt\/en\/produktas\/organic-ginger-and-lemon-shampoo-200ml-officina-dei-saponini\/#primaryimage","url":"https:\/\/www.biopapa.lt\/wp-content\/uploads\/2025\/11\/Ekologiskas-imbiero-ir-citrinu-sampunas-200-ml-Officina-dei-Saponi.png","contentUrl":"https:\/\/www.biopapa.lt\/wp-content\/uploads\/2025\/11\/Ekologiskas-imbiero-ir-citrinu-sampunas-200-ml-Officina-dei-Saponi.png","width":800,"height":640},{"@type":"BreadcrumbList","@id":"https:\/\/www.biopapa.lt\/en\/produktas\/organic-ginger-and-lemon-shampoo-200ml-officina-dei-saponini\/#breadcrumb","itemListElement":[{"@type":"ListItem","position":1,"name":"Home","item":"https:\/\/www.biopapa.lt\/en\/"},{"@type":"ListItem","position":2,"name":"Shop","item":"https:\/\/www.biopapa.lt\/en\/shop\/"},{"@type":"ListItem","position":3,"name":"Organic ginger and lemon shampoo, 200 ml, Officina dei Saponi"}]},{"@type":"WebSite","@id":"https:\/\/www.biopapa.lt\/#website","url":"https:\/\/www.biopapa.lt\/","name":"Biopapa","description":"\u0160var\u016bs ekologi\u0161ki produktai","publisher":{"@id":"https:\/\/www.biopapa.lt\/#organization"},"potentialAction":[{"@type":"SearchAction","target":{"@type":"EntryPoint","urlTemplate":"https:\/\/www.biopapa.lt\/?s={search_term_string}"},"query-input":{"@type":"PropertyValueSpecification","valueRequired":true,"valueName":"search_term_string"}}],"inLanguage":"en-US"},{"@type":"Organization","@id":"https:\/\/www.biopapa.lt\/#organization","name":"Biopapa","url":"https:\/\/www.biopapa.lt\/","logo":{"@type":"ImageObject","inLanguage":"en-US","@id":"https:\/\/www.biopapa.lt\/#\/schema\/logo\/image\/","url":"https:\/\/www.biopapa.lt\/wp-content\/uploads\/2022\/04\/facebook_biopapa.jpg","contentUrl":"https:\/\/www.biopapa.lt\/wp-content\/uploads\/2022\/04\/facebook_biopapa.jpg","width":1733,"height":907,"caption":"Biopapa"},"image":{"@id":"https:\/\/www.biopapa.lt\/#\/schema\/logo\/image\/"},"sameAs":["https:\/\/www.facebook.com\/biopapa.lt"]}]}},"_links":{"self":[{"href":"https:\/\/www.biopapa.lt\/en\/wp-json\/wp\/v2\/product\/214312","targetHints":{"allow":["GET"]}}],"collection":[{"href":"https:\/\/www.biopapa.lt\/en\/wp-json\/wp\/v2\/product"}],"about":[{"href":"https:\/\/www.biopapa.lt\/en\/wp-json\/wp\/v2\/types\/product"}],"wp:featuredmedia":[{"embeddable":true,"href":"https:\/\/www.biopapa.lt\/en\/wp-json\/wp\/v2\/media\/214317"}],"wp:attachment":[{"href":"https:\/\/www.biopapa.lt\/en\/wp-json\/wp\/v2\/media?parent=214312"}],"wp:term":[{"taxonomy":"product_brand","embeddable":true,"href":"https:\/\/www.biopapa.lt\/en\/wp-json\/wp\/v2\/product_brand?post=214312"},{"taxonomy":"product_cat","embeddable":true,"href":"https:\/\/www.biopapa.lt\/en\/wp-json\/wp\/v2\/product_cat?post=214312"},{"taxonomy":"product_tag","embeddable":true,"href":"https:\/\/www.biopapa.lt\/en\/wp-json\/wp\/v2\/product_tag?post=214312"}],"curies":[{"name":"wp","href":"https:\/\/api.w.org\/{rel}","templated":true}]}}