{"id":214266,"date":"2025-11-28T11:08:53","date_gmt":"2025-11-28T09:08:53","guid":{"rendered":"https:\/\/www.biopapa.lt\/?post_type=product&#038;p=214266"},"modified":"2025-12-10T14:36:45","modified_gmt":"2025-12-10T12:36:45","slug":"scent-diffuser-vanilla-beans-100ml-officina-dei-saponi","status":"publish","type":"product","link":"https:\/\/www.biopapa.lt\/en\/produktas\/scent-diffuser-vanilla-beans-100ml-officina-dei-saponi\/","title":{"rendered":"Scent diffuser &#8220;Vanilla beans&#8221;, 100ml, Officina dei Saponi"},"content":{"rendered":"<p><strong>Organic scent diffuser &#8220;Vanilla Bean&#8221;, 100ml, Officina dei Saponi<br \/>\n<\/strong>&#8220;Vanilla Bean&#8221; is a soft, creamy, soothing embrace. A fragrance that transforms every space into a cosy oasis where time becomes pleasant. <\/p>\n","protected":false},"excerpt":{"rendered":"<p>Organic scent diffuser &#8220;Vanilla Bean&#8221;, 100ml, Officina dei Saponi &#8220;Vanilla Bean&#8221; is a soft, creamy, soothing embrace. A fragrance that<\/p>\n","protected":false},"featured_media":216858,"template":"","meta":{"_acf_changed":false},"product_brand":[],"product_cat":[2682,1988,1992],"product_tag":[],"class_list":{"0":"post-214266","1":"product","2":"type-product","3":"status-publish","4":"has-post-thumbnail","6":"product_cat-fragrance-diffusers","7":"product_cat-home","8":"product_cat-home-scent","10":"first","11":"instock","12":"shipping-taxable","13":"purchasable","14":"product-type-simple"},"acf":[],"yoast_head":"<!-- This site is optimized with the Yoast SEO plugin v27.5 - https:\/\/yoast.com\/product\/yoast-seo-wordpress\/ -->\n<title>Scent diffuser &quot;Vanilla beans&quot;, 100ml, Officina dei Saponi - Biopapa<\/title>\n<meta name=\"description\" content=\"Awaken your senses with an earthy energy inspired by bay leaf incense.\" \/>\n<meta name=\"robots\" content=\"index, follow, max-snippet:-1, max-image-preview:large, max-video-preview:-1\" \/>\n<link rel=\"canonical\" href=\"https:\/\/www.biopapa.lt\/en\/produktas\/scent-diffuser-vanilla-beans-100ml-officina-dei-saponi\/\" \/>\n<meta property=\"og:locale\" content=\"en_US\" \/>\n<meta property=\"og:type\" content=\"article\" \/>\n<meta property=\"og:title\" content=\"Scent diffuser &quot;Vanilla beans&quot;, 100ml, Officina dei Saponi - Biopapa\" \/>\n<meta property=\"og:description\" content=\"Awaken your senses with an earthy energy inspired by bay leaf incense.\" \/>\n<meta property=\"og:url\" content=\"https:\/\/www.biopapa.lt\/en\/produktas\/scent-diffuser-vanilla-beans-100ml-officina-dei-saponi\/\" \/>\n<meta property=\"og:site_name\" content=\"Biopapa\" \/>\n<meta property=\"article:publisher\" content=\"https:\/\/www.facebook.com\/biopapa.lt\" \/>\n<meta property=\"article:modified_time\" content=\"2025-12-10T12:36:45+00:00\" \/>\n<meta property=\"og:image\" content=\"https:\/\/www.biopapa.lt\/wp-content\/uploads\/2025\/11\/Ekologiskas-kvapu-difuzorius-Vaniles-pupeles.png\" \/>\n\t<meta property=\"og:image:width\" content=\"800\" \/>\n\t<meta property=\"og:image:height\" content=\"640\" \/>\n\t<meta property=\"og:image:type\" content=\"image\/png\" \/>\n<meta name=\"twitter:card\" content=\"summary_large_image\" \/>\n<script type=\"application\/ld+json\" class=\"yoast-schema-graph\">{\"@context\":\"https:\\\/\\\/schema.org\",\"@graph\":[{\"@type\":\"WebPage\",\"@id\":\"https:\\\/\\\/www.biopapa.lt\\\/en\\\/produktas\\\/scent-diffuser-vanilla-beans-100ml-officina-dei-saponi\\\/\",\"url\":\"https:\\\/\\\/www.biopapa.lt\\\/en\\\/produktas\\\/scent-diffuser-vanilla-beans-100ml-officina-dei-saponi\\\/\",\"name\":\"Scent diffuser \\\"Vanilla beans\\\", 100ml, Officina dei Saponi - Biopapa\",\"isPartOf\":{\"@id\":\"https:\\\/\\\/www.biopapa.lt\\\/#website\"},\"primaryImageOfPage\":{\"@id\":\"https:\\\/\\\/www.biopapa.lt\\\/en\\\/produktas\\\/scent-diffuser-vanilla-beans-100ml-officina-dei-saponi\\\/#primaryimage\"},\"image\":{\"@id\":\"https:\\\/\\\/www.biopapa.lt\\\/en\\\/produktas\\\/scent-diffuser-vanilla-beans-100ml-officina-dei-saponi\\\/#primaryimage\"},\"thumbnailUrl\":\"https:\\\/\\\/www.biopapa.lt\\\/wp-content\\\/uploads\\\/2025\\\/11\\\/Ekologiskas-kvapu-difuzorius-Vaniles-pupeles.png\",\"datePublished\":\"2025-11-28T09:08:53+00:00\",\"dateModified\":\"2025-12-10T12:36:45+00:00\",\"description\":\"Awaken your senses with an earthy energy inspired by bay leaf incense.\",\"breadcrumb\":{\"@id\":\"https:\\\/\\\/www.biopapa.lt\\\/en\\\/produktas\\\/scent-diffuser-vanilla-beans-100ml-officina-dei-saponi\\\/#breadcrumb\"},\"inLanguage\":\"en-US\",\"potentialAction\":[{\"@type\":\"ReadAction\",\"target\":[\"https:\\\/\\\/www.biopapa.lt\\\/en\\\/produktas\\\/scent-diffuser-vanilla-beans-100ml-officina-dei-saponi\\\/\"]}]},{\"@type\":\"ImageObject\",\"inLanguage\":\"en-US\",\"@id\":\"https:\\\/\\\/www.biopapa.lt\\\/en\\\/produktas\\\/scent-diffuser-vanilla-beans-100ml-officina-dei-saponi\\\/#primaryimage\",\"url\":\"https:\\\/\\\/www.biopapa.lt\\\/wp-content\\\/uploads\\\/2025\\\/11\\\/Ekologiskas-kvapu-difuzorius-Vaniles-pupeles.png\",\"contentUrl\":\"https:\\\/\\\/www.biopapa.lt\\\/wp-content\\\/uploads\\\/2025\\\/11\\\/Ekologiskas-kvapu-difuzorius-Vaniles-pupeles.png\",\"width\":800,\"height\":640},{\"@type\":\"BreadcrumbList\",\"@id\":\"https:\\\/\\\/www.biopapa.lt\\\/en\\\/produktas\\\/scent-diffuser-vanilla-beans-100ml-officina-dei-saponi\\\/#breadcrumb\",\"itemListElement\":[{\"@type\":\"ListItem\",\"position\":1,\"name\":\"Home\",\"item\":\"https:\\\/\\\/www.biopapa.lt\\\/en\\\/\"},{\"@type\":\"ListItem\",\"position\":2,\"name\":\"Shop\",\"item\":\"https:\\\/\\\/www.biopapa.lt\\\/en\\\/shop\\\/\"},{\"@type\":\"ListItem\",\"position\":3,\"name\":\"Scent diffuser &#8220;Vanilla beans&#8221;, 100ml, Officina dei Saponi\"}]},{\"@type\":\"WebSite\",\"@id\":\"https:\\\/\\\/www.biopapa.lt\\\/#website\",\"url\":\"https:\\\/\\\/www.biopapa.lt\\\/\",\"name\":\"Biopapa\",\"description\":\"\u0160var\u016bs ekologi\u0161ki produktai\",\"publisher\":{\"@id\":\"https:\\\/\\\/www.biopapa.lt\\\/#organization\"},\"potentialAction\":[{\"@type\":\"SearchAction\",\"target\":{\"@type\":\"EntryPoint\",\"urlTemplate\":\"https:\\\/\\\/www.biopapa.lt\\\/?s={search_term_string}\"},\"query-input\":{\"@type\":\"PropertyValueSpecification\",\"valueRequired\":true,\"valueName\":\"search_term_string\"}}],\"inLanguage\":\"en-US\"},{\"@type\":\"Organization\",\"@id\":\"https:\\\/\\\/www.biopapa.lt\\\/#organization\",\"name\":\"Biopapa\",\"url\":\"https:\\\/\\\/www.biopapa.lt\\\/\",\"logo\":{\"@type\":\"ImageObject\",\"inLanguage\":\"en-US\",\"@id\":\"https:\\\/\\\/www.biopapa.lt\\\/#\\\/schema\\\/logo\\\/image\\\/\",\"url\":\"https:\\\/\\\/www.biopapa.lt\\\/wp-content\\\/uploads\\\/2022\\\/04\\\/facebook_biopapa.jpg\",\"contentUrl\":\"https:\\\/\\\/www.biopapa.lt\\\/wp-content\\\/uploads\\\/2022\\\/04\\\/facebook_biopapa.jpg\",\"width\":1733,\"height\":907,\"caption\":\"Biopapa\"},\"image\":{\"@id\":\"https:\\\/\\\/www.biopapa.lt\\\/#\\\/schema\\\/logo\\\/image\\\/\"},\"sameAs\":[\"https:\\\/\\\/www.facebook.com\\\/biopapa.lt\"]}]}<\/script>\n<!-- \/ Yoast SEO plugin. -->","yoast_head_json":{"title":"Scent diffuser \"Vanilla beans\", 100ml, Officina dei Saponi - Biopapa","description":"Awaken your senses with an earthy energy inspired by bay leaf incense.","robots":{"index":"index","follow":"follow","max-snippet":"max-snippet:-1","max-image-preview":"max-image-preview:large","max-video-preview":"max-video-preview:-1"},"canonical":"https:\/\/www.biopapa.lt\/en\/produktas\/scent-diffuser-vanilla-beans-100ml-officina-dei-saponi\/","og_locale":"en_US","og_type":"article","og_title":"Scent diffuser \"Vanilla beans\", 100ml, Officina dei Saponi - Biopapa","og_description":"Awaken your senses with an earthy energy inspired by bay leaf incense.","og_url":"https:\/\/www.biopapa.lt\/en\/produktas\/scent-diffuser-vanilla-beans-100ml-officina-dei-saponi\/","og_site_name":"Biopapa","article_publisher":"https:\/\/www.facebook.com\/biopapa.lt","article_modified_time":"2025-12-10T12:36:45+00:00","og_image":[{"width":800,"height":640,"url":"https:\/\/www.biopapa.lt\/wp-content\/uploads\/2025\/11\/Ekologiskas-kvapu-difuzorius-Vaniles-pupeles.png","type":"image\/png"}],"twitter_card":"summary_large_image","schema":{"@context":"https:\/\/schema.org","@graph":[{"@type":"WebPage","@id":"https:\/\/www.biopapa.lt\/en\/produktas\/scent-diffuser-vanilla-beans-100ml-officina-dei-saponi\/","url":"https:\/\/www.biopapa.lt\/en\/produktas\/scent-diffuser-vanilla-beans-100ml-officina-dei-saponi\/","name":"Scent diffuser \"Vanilla beans\", 100ml, Officina dei Saponi - Biopapa","isPartOf":{"@id":"https:\/\/www.biopapa.lt\/#website"},"primaryImageOfPage":{"@id":"https:\/\/www.biopapa.lt\/en\/produktas\/scent-diffuser-vanilla-beans-100ml-officina-dei-saponi\/#primaryimage"},"image":{"@id":"https:\/\/www.biopapa.lt\/en\/produktas\/scent-diffuser-vanilla-beans-100ml-officina-dei-saponi\/#primaryimage"},"thumbnailUrl":"https:\/\/www.biopapa.lt\/wp-content\/uploads\/2025\/11\/Ekologiskas-kvapu-difuzorius-Vaniles-pupeles.png","datePublished":"2025-11-28T09:08:53+00:00","dateModified":"2025-12-10T12:36:45+00:00","description":"Awaken your senses with an earthy energy inspired by bay leaf incense.","breadcrumb":{"@id":"https:\/\/www.biopapa.lt\/en\/produktas\/scent-diffuser-vanilla-beans-100ml-officina-dei-saponi\/#breadcrumb"},"inLanguage":"en-US","potentialAction":[{"@type":"ReadAction","target":["https:\/\/www.biopapa.lt\/en\/produktas\/scent-diffuser-vanilla-beans-100ml-officina-dei-saponi\/"]}]},{"@type":"ImageObject","inLanguage":"en-US","@id":"https:\/\/www.biopapa.lt\/en\/produktas\/scent-diffuser-vanilla-beans-100ml-officina-dei-saponi\/#primaryimage","url":"https:\/\/www.biopapa.lt\/wp-content\/uploads\/2025\/11\/Ekologiskas-kvapu-difuzorius-Vaniles-pupeles.png","contentUrl":"https:\/\/www.biopapa.lt\/wp-content\/uploads\/2025\/11\/Ekologiskas-kvapu-difuzorius-Vaniles-pupeles.png","width":800,"height":640},{"@type":"BreadcrumbList","@id":"https:\/\/www.biopapa.lt\/en\/produktas\/scent-diffuser-vanilla-beans-100ml-officina-dei-saponi\/#breadcrumb","itemListElement":[{"@type":"ListItem","position":1,"name":"Home","item":"https:\/\/www.biopapa.lt\/en\/"},{"@type":"ListItem","position":2,"name":"Shop","item":"https:\/\/www.biopapa.lt\/en\/shop\/"},{"@type":"ListItem","position":3,"name":"Scent diffuser &#8220;Vanilla beans&#8221;, 100ml, Officina dei Saponi"}]},{"@type":"WebSite","@id":"https:\/\/www.biopapa.lt\/#website","url":"https:\/\/www.biopapa.lt\/","name":"Biopapa","description":"\u0160var\u016bs ekologi\u0161ki produktai","publisher":{"@id":"https:\/\/www.biopapa.lt\/#organization"},"potentialAction":[{"@type":"SearchAction","target":{"@type":"EntryPoint","urlTemplate":"https:\/\/www.biopapa.lt\/?s={search_term_string}"},"query-input":{"@type":"PropertyValueSpecification","valueRequired":true,"valueName":"search_term_string"}}],"inLanguage":"en-US"},{"@type":"Organization","@id":"https:\/\/www.biopapa.lt\/#organization","name":"Biopapa","url":"https:\/\/www.biopapa.lt\/","logo":{"@type":"ImageObject","inLanguage":"en-US","@id":"https:\/\/www.biopapa.lt\/#\/schema\/logo\/image\/","url":"https:\/\/www.biopapa.lt\/wp-content\/uploads\/2022\/04\/facebook_biopapa.jpg","contentUrl":"https:\/\/www.biopapa.lt\/wp-content\/uploads\/2022\/04\/facebook_biopapa.jpg","width":1733,"height":907,"caption":"Biopapa"},"image":{"@id":"https:\/\/www.biopapa.lt\/#\/schema\/logo\/image\/"},"sameAs":["https:\/\/www.facebook.com\/biopapa.lt"]}]}},"_links":{"self":[{"href":"https:\/\/www.biopapa.lt\/en\/wp-json\/wp\/v2\/product\/214266","targetHints":{"allow":["GET"]}}],"collection":[{"href":"https:\/\/www.biopapa.lt\/en\/wp-json\/wp\/v2\/product"}],"about":[{"href":"https:\/\/www.biopapa.lt\/en\/wp-json\/wp\/v2\/types\/product"}],"wp:featuredmedia":[{"embeddable":true,"href":"https:\/\/www.biopapa.lt\/en\/wp-json\/wp\/v2\/media\/216858"}],"wp:attachment":[{"href":"https:\/\/www.biopapa.lt\/en\/wp-json\/wp\/v2\/media?parent=214266"}],"wp:term":[{"taxonomy":"product_brand","embeddable":true,"href":"https:\/\/www.biopapa.lt\/en\/wp-json\/wp\/v2\/product_brand?post=214266"},{"taxonomy":"product_cat","embeddable":true,"href":"https:\/\/www.biopapa.lt\/en\/wp-json\/wp\/v2\/product_cat?post=214266"},{"taxonomy":"product_tag","embeddable":true,"href":"https:\/\/www.biopapa.lt\/en\/wp-json\/wp\/v2\/product_tag?post=214266"}],"curies":[{"name":"wp","href":"https:\/\/api.w.org\/{rel}","templated":true}]}}