{"id":208657,"date":"2025-11-17T12:30:45","date_gmt":"2025-11-17T10:30:45","guid":{"rendered":"https:\/\/www.biopapa.lt\/?post_type=product&#038;p=208657"},"modified":"2026-01-06T10:29:25","modified_gmt":"2026-01-06T08:29:25","slug":"gift-set-organic-harmony-of-honey-and-nuts","status":"publish","type":"product","link":"https:\/\/www.biopapa.lt\/en\/produktas\/gift-set-organic-harmony-of-honey-and-nuts\/","title":{"rendered":"Gift set &#8220;Organic harmony of honey and nuts&#8221;"},"content":{"rendered":"<p><strong>Gift set &#8220;Organic honey and nut harmony&#8221;<br \/>\nOrganic forest honey &#8220;Ookso bees&#8221;, 330 ml<br \/>\n<\/strong>Organic cashew nuts, 200 g<br \/>\nOrganic almonds, 200 g<br \/>\nOrganic walnuts, 200 g<\/p>\n<p><strong>Organic forest honey &#8220;Ookso bees<\/strong>&#8221;<br \/>\nThe glass that holds the heat of the summer forest, the cool mornings, the fog after the rain&#8230;<br \/>\nThe concentrate of all forest plants &#8211; the honey extracted in August (2025), which the bees have been carefully collecting all summer long.<br \/>\nWhat is it? &#8211; dark, strong, sweet. Rich in minerals, phytoncides and vitamins.<br \/>\nWhat do bees use for nectar in the forest in summer? &#8211; Raspberries, blackberries, elderberries, thistles, thyme, and other flowers.<br \/>\nOoks bees live in the forests just outside Dz\u016bkija National Park, living only in wooden hives, treated with natural medicines, surrounded by unpolluted nature, and very much loved and cared for.<br \/>\nThe honey is unheated and unpasteurised. <\/p>\n<p><a href=\"https:\/\/www.biopapa.lt\/en\/produktas\/organic-cashew-nuts\/\"><strong>Organic cashew nuts<\/strong><\/a> &#8211; nutritious and versatile. They are rich in healthy fats that are good for the body. Cashew nuts are also a good source of protein, making them an excellent snack for energy and muscle growth.<br \/>\nIn the kitchen, cashew nuts can be used in a variety of ways &#8211; as a tasty snack, can be roasted, blended into creamy sauces, added to salads, mixes, and desserts for extra flavour and texture.<br \/>\nThe recommended intake is no more than a handful per day.  <\/p>\n<p><a href=\"https:\/\/www.biopapa.lt\/en\/produktas\/organic-almonds\/\"><strong>Organic almonds <\/strong><\/a> &#8211; Almonds are known as the kings of nuts because they are considered the most beneficial nuts for the human body, due to their high content of essential nutrients. Almonds can be eaten as a snack or used in cooking, and are ideal for baked goods and salads. It is not only healthy but also tasty.   Almonds are rich in vitamins, minerals, dietary fibre and plant-based protein. Eating 30 grams of almonds gives us 1\/8 of the protein we need. There is more than one reason why you should start eating almonds every day. It is generally not recommended to eat more than a handful of nuts a day.<\/p>\n<p><a href=\"https:\/\/www.biopapa.lt\/en\/produktas\/organic-walnut-nuts\/\"><strong>Organic walnuts<\/strong><\/a> contains omega-3 fatty acids.<br \/>\nWalnuts are sweet and have warming properties and a robust, earthy flavour. These nuts have been known as brain food since ancient times.<br \/>\nEat in small quantities like all nuts &#8211; a handful a day is recommended. <\/p>\n<p>Let food be your medicine!<\/p>\n<p><em>NOTE. The information contained herein should not be construed as a recommendation for treatment or other health issues. We encourage you to make personal decisions about your personal health, taking into account a wide range of sources of information.<\/em><\/p>\n","protected":false},"excerpt":{"rendered":"<p>Gift set &#8220;Organic honey and nut harmony&#8221; Organic forest honey &#8220;Ookso bees&#8221;, 330 ml Organic cashew nuts, 200 g Organic<\/p>\n","protected":false},"featured_media":216922,"template":"","meta":{"_acf_changed":false},"product_brand":[],"product_cat":[1859,2374],"product_tag":[2363,2042,2088],"class_list":{"0":"post-208657","1":"product","2":"type-product","3":"status-publish","4":"has-post-thumbnail","6":"product_cat-gift-sets","7":"product_cat-gifts-en","8":"product_tag-ecological","9":"product_tag-gift","10":"product_tag-vegan","12":"first","13":"outofstock","14":"sale","15":"shipping-taxable","16":"purchasable","17":"product-type-simple"},"acf":[],"yoast_head":"<!-- This site is optimized with the Yoast SEO plugin v27.4 - https:\/\/yoast.com\/product\/yoast-seo-wordpress\/ -->\n<title>Gift set &quot;Organic harmony of honey and nuts&quot; - Biopapa<\/title>\n<meta name=\"description\" content=\"Gift set &quot;Organic harmony of honey and nuts&quot;\" \/>\n<meta name=\"robots\" content=\"index, follow, max-snippet:-1, max-image-preview:large, max-video-preview:-1\" \/>\n<link rel=\"canonical\" href=\"https:\/\/www.biopapa.lt\/en\/produktas\/gift-set-organic-harmony-of-honey-and-nuts\/\" \/>\n<meta property=\"og:locale\" content=\"en_US\" \/>\n<meta property=\"og:type\" content=\"article\" \/>\n<meta property=\"og:title\" content=\"Gift set &quot;Organic harmony of honey and nuts&quot; - Biopapa\" \/>\n<meta property=\"og:description\" content=\"Gift set &quot;Organic harmony of honey and nuts&quot;\" \/>\n<meta property=\"og:url\" content=\"https:\/\/www.biopapa.lt\/en\/produktas\/gift-set-organic-harmony-of-honey-and-nuts\/\" \/>\n<meta property=\"og:site_name\" content=\"Biopapa\" \/>\n<meta property=\"article:publisher\" content=\"https:\/\/www.facebook.com\/biopapa.lt\" \/>\n<meta property=\"article:modified_time\" content=\"2026-01-06T08:29:25+00:00\" \/>\n<meta property=\"og:image\" content=\"https:\/\/www.biopapa.lt\/wp-content\/uploads\/2025\/11\/Etikete_Ekologiska-medaus-ir-riesutu-harmonija_110x300mm.png\" \/>\n\t<meta property=\"og:image:width\" content=\"1600\" \/>\n\t<meta property=\"og:image:height\" content=\"1240\" \/>\n\t<meta property=\"og:image:type\" content=\"image\/png\" \/>\n<meta name=\"twitter:card\" content=\"summary_large_image\" \/>\n<script type=\"application\/ld+json\" class=\"yoast-schema-graph\">{\"@context\":\"https:\\\/\\\/schema.org\",\"@graph\":[{\"@type\":\"WebPage\",\"@id\":\"https:\\\/\\\/www.biopapa.lt\\\/en\\\/produktas\\\/gift-set-organic-harmony-of-honey-and-nuts\\\/\",\"url\":\"https:\\\/\\\/www.biopapa.lt\\\/en\\\/produktas\\\/gift-set-organic-harmony-of-honey-and-nuts\\\/\",\"name\":\"Gift set \\\"Organic harmony of honey and nuts\\\" - Biopapa\",\"isPartOf\":{\"@id\":\"https:\\\/\\\/www.biopapa.lt\\\/#website\"},\"primaryImageOfPage\":{\"@id\":\"https:\\\/\\\/www.biopapa.lt\\\/en\\\/produktas\\\/gift-set-organic-harmony-of-honey-and-nuts\\\/#primaryimage\"},\"image\":{\"@id\":\"https:\\\/\\\/www.biopapa.lt\\\/en\\\/produktas\\\/gift-set-organic-harmony-of-honey-and-nuts\\\/#primaryimage\"},\"thumbnailUrl\":\"https:\\\/\\\/www.biopapa.lt\\\/wp-content\\\/uploads\\\/2025\\\/11\\\/Dovanu-rinkinys-\u201eEkologiska-medaus-ir-riesutu-harmonija.png\",\"datePublished\":\"2025-11-17T10:30:45+00:00\",\"dateModified\":\"2026-01-06T08:29:25+00:00\",\"description\":\"Gift set \\\"Organic harmony of honey and nuts\\\"\",\"breadcrumb\":{\"@id\":\"https:\\\/\\\/www.biopapa.lt\\\/en\\\/produktas\\\/gift-set-organic-harmony-of-honey-and-nuts\\\/#breadcrumb\"},\"inLanguage\":\"en-US\",\"potentialAction\":[{\"@type\":\"ReadAction\",\"target\":[\"https:\\\/\\\/www.biopapa.lt\\\/en\\\/produktas\\\/gift-set-organic-harmony-of-honey-and-nuts\\\/\"]}]},{\"@type\":\"ImageObject\",\"inLanguage\":\"en-US\",\"@id\":\"https:\\\/\\\/www.biopapa.lt\\\/en\\\/produktas\\\/gift-set-organic-harmony-of-honey-and-nuts\\\/#primaryimage\",\"url\":\"https:\\\/\\\/www.biopapa.lt\\\/wp-content\\\/uploads\\\/2025\\\/11\\\/Dovanu-rinkinys-\u201eEkologiska-medaus-ir-riesutu-harmonija.png\",\"contentUrl\":\"https:\\\/\\\/www.biopapa.lt\\\/wp-content\\\/uploads\\\/2025\\\/11\\\/Dovanu-rinkinys-\u201eEkologiska-medaus-ir-riesutu-harmonija.png\",\"width\":1600,\"height\":1280},{\"@type\":\"BreadcrumbList\",\"@id\":\"https:\\\/\\\/www.biopapa.lt\\\/en\\\/produktas\\\/gift-set-organic-harmony-of-honey-and-nuts\\\/#breadcrumb\",\"itemListElement\":[{\"@type\":\"ListItem\",\"position\":1,\"name\":\"Home\",\"item\":\"https:\\\/\\\/www.biopapa.lt\\\/en\\\/\"},{\"@type\":\"ListItem\",\"position\":2,\"name\":\"Shop\",\"item\":\"https:\\\/\\\/www.biopapa.lt\\\/en\\\/shop\\\/\"},{\"@type\":\"ListItem\",\"position\":3,\"name\":\"Gift set &#8220;Organic harmony of honey and nuts&#8221;\"}]},{\"@type\":\"WebSite\",\"@id\":\"https:\\\/\\\/www.biopapa.lt\\\/#website\",\"url\":\"https:\\\/\\\/www.biopapa.lt\\\/\",\"name\":\"Biopapa\",\"description\":\"\u0160var\u016bs ekologi\u0161ki produktai\",\"publisher\":{\"@id\":\"https:\\\/\\\/www.biopapa.lt\\\/#organization\"},\"potentialAction\":[{\"@type\":\"SearchAction\",\"target\":{\"@type\":\"EntryPoint\",\"urlTemplate\":\"https:\\\/\\\/www.biopapa.lt\\\/?s={search_term_string}\"},\"query-input\":{\"@type\":\"PropertyValueSpecification\",\"valueRequired\":true,\"valueName\":\"search_term_string\"}}],\"inLanguage\":\"en-US\"},{\"@type\":\"Organization\",\"@id\":\"https:\\\/\\\/www.biopapa.lt\\\/#organization\",\"name\":\"Biopapa\",\"url\":\"https:\\\/\\\/www.biopapa.lt\\\/\",\"logo\":{\"@type\":\"ImageObject\",\"inLanguage\":\"en-US\",\"@id\":\"https:\\\/\\\/www.biopapa.lt\\\/#\\\/schema\\\/logo\\\/image\\\/\",\"url\":\"https:\\\/\\\/www.biopapa.lt\\\/wp-content\\\/uploads\\\/2022\\\/04\\\/facebook_biopapa.jpg\",\"contentUrl\":\"https:\\\/\\\/www.biopapa.lt\\\/wp-content\\\/uploads\\\/2022\\\/04\\\/facebook_biopapa.jpg\",\"width\":1733,\"height\":907,\"caption\":\"Biopapa\"},\"image\":{\"@id\":\"https:\\\/\\\/www.biopapa.lt\\\/#\\\/schema\\\/logo\\\/image\\\/\"},\"sameAs\":[\"https:\\\/\\\/www.facebook.com\\\/biopapa.lt\"]}]}<\/script>\n<!-- \/ Yoast SEO plugin. -->","yoast_head_json":{"title":"Gift set \"Organic harmony of honey and nuts\" - Biopapa","description":"Gift set \"Organic harmony of honey and nuts\"","robots":{"index":"index","follow":"follow","max-snippet":"max-snippet:-1","max-image-preview":"max-image-preview:large","max-video-preview":"max-video-preview:-1"},"canonical":"https:\/\/www.biopapa.lt\/en\/produktas\/gift-set-organic-harmony-of-honey-and-nuts\/","og_locale":"en_US","og_type":"article","og_title":"Gift set \"Organic harmony of honey and nuts\" - Biopapa","og_description":"Gift set \"Organic harmony of honey and nuts\"","og_url":"https:\/\/www.biopapa.lt\/en\/produktas\/gift-set-organic-harmony-of-honey-and-nuts\/","og_site_name":"Biopapa","article_publisher":"https:\/\/www.facebook.com\/biopapa.lt","article_modified_time":"2026-01-06T08:29:25+00:00","og_image":[{"width":1600,"height":1240,"url":"https:\/\/www.biopapa.lt\/wp-content\/uploads\/2025\/11\/Etikete_Ekologiska-medaus-ir-riesutu-harmonija_110x300mm.png","type":"image\/png"}],"twitter_card":"summary_large_image","schema":{"@context":"https:\/\/schema.org","@graph":[{"@type":"WebPage","@id":"https:\/\/www.biopapa.lt\/en\/produktas\/gift-set-organic-harmony-of-honey-and-nuts\/","url":"https:\/\/www.biopapa.lt\/en\/produktas\/gift-set-organic-harmony-of-honey-and-nuts\/","name":"Gift set \"Organic harmony of honey and nuts\" - Biopapa","isPartOf":{"@id":"https:\/\/www.biopapa.lt\/#website"},"primaryImageOfPage":{"@id":"https:\/\/www.biopapa.lt\/en\/produktas\/gift-set-organic-harmony-of-honey-and-nuts\/#primaryimage"},"image":{"@id":"https:\/\/www.biopapa.lt\/en\/produktas\/gift-set-organic-harmony-of-honey-and-nuts\/#primaryimage"},"thumbnailUrl":"https:\/\/www.biopapa.lt\/wp-content\/uploads\/2025\/11\/Dovanu-rinkinys-\u201eEkologiska-medaus-ir-riesutu-harmonija.png","datePublished":"2025-11-17T10:30:45+00:00","dateModified":"2026-01-06T08:29:25+00:00","description":"Gift set \"Organic harmony of honey and nuts\"","breadcrumb":{"@id":"https:\/\/www.biopapa.lt\/en\/produktas\/gift-set-organic-harmony-of-honey-and-nuts\/#breadcrumb"},"inLanguage":"en-US","potentialAction":[{"@type":"ReadAction","target":["https:\/\/www.biopapa.lt\/en\/produktas\/gift-set-organic-harmony-of-honey-and-nuts\/"]}]},{"@type":"ImageObject","inLanguage":"en-US","@id":"https:\/\/www.biopapa.lt\/en\/produktas\/gift-set-organic-harmony-of-honey-and-nuts\/#primaryimage","url":"https:\/\/www.biopapa.lt\/wp-content\/uploads\/2025\/11\/Dovanu-rinkinys-\u201eEkologiska-medaus-ir-riesutu-harmonija.png","contentUrl":"https:\/\/www.biopapa.lt\/wp-content\/uploads\/2025\/11\/Dovanu-rinkinys-\u201eEkologiska-medaus-ir-riesutu-harmonija.png","width":1600,"height":1280},{"@type":"BreadcrumbList","@id":"https:\/\/www.biopapa.lt\/en\/produktas\/gift-set-organic-harmony-of-honey-and-nuts\/#breadcrumb","itemListElement":[{"@type":"ListItem","position":1,"name":"Home","item":"https:\/\/www.biopapa.lt\/en\/"},{"@type":"ListItem","position":2,"name":"Shop","item":"https:\/\/www.biopapa.lt\/en\/shop\/"},{"@type":"ListItem","position":3,"name":"Gift set &#8220;Organic harmony of honey and nuts&#8221;"}]},{"@type":"WebSite","@id":"https:\/\/www.biopapa.lt\/#website","url":"https:\/\/www.biopapa.lt\/","name":"Biopapa","description":"\u0160var\u016bs ekologi\u0161ki produktai","publisher":{"@id":"https:\/\/www.biopapa.lt\/#organization"},"potentialAction":[{"@type":"SearchAction","target":{"@type":"EntryPoint","urlTemplate":"https:\/\/www.biopapa.lt\/?s={search_term_string}"},"query-input":{"@type":"PropertyValueSpecification","valueRequired":true,"valueName":"search_term_string"}}],"inLanguage":"en-US"},{"@type":"Organization","@id":"https:\/\/www.biopapa.lt\/#organization","name":"Biopapa","url":"https:\/\/www.biopapa.lt\/","logo":{"@type":"ImageObject","inLanguage":"en-US","@id":"https:\/\/www.biopapa.lt\/#\/schema\/logo\/image\/","url":"https:\/\/www.biopapa.lt\/wp-content\/uploads\/2022\/04\/facebook_biopapa.jpg","contentUrl":"https:\/\/www.biopapa.lt\/wp-content\/uploads\/2022\/04\/facebook_biopapa.jpg","width":1733,"height":907,"caption":"Biopapa"},"image":{"@id":"https:\/\/www.biopapa.lt\/#\/schema\/logo\/image\/"},"sameAs":["https:\/\/www.facebook.com\/biopapa.lt"]}]}},"_links":{"self":[{"href":"https:\/\/www.biopapa.lt\/en\/wp-json\/wp\/v2\/product\/208657","targetHints":{"allow":["GET"]}}],"collection":[{"href":"https:\/\/www.biopapa.lt\/en\/wp-json\/wp\/v2\/product"}],"about":[{"href":"https:\/\/www.biopapa.lt\/en\/wp-json\/wp\/v2\/types\/product"}],"wp:featuredmedia":[{"embeddable":true,"href":"https:\/\/www.biopapa.lt\/en\/wp-json\/wp\/v2\/media\/216922"}],"wp:attachment":[{"href":"https:\/\/www.biopapa.lt\/en\/wp-json\/wp\/v2\/media?parent=208657"}],"wp:term":[{"taxonomy":"product_brand","embeddable":true,"href":"https:\/\/www.biopapa.lt\/en\/wp-json\/wp\/v2\/product_brand?post=208657"},{"taxonomy":"product_cat","embeddable":true,"href":"https:\/\/www.biopapa.lt\/en\/wp-json\/wp\/v2\/product_cat?post=208657"},{"taxonomy":"product_tag","embeddable":true,"href":"https:\/\/www.biopapa.lt\/en\/wp-json\/wp\/v2\/product_tag?post=208657"}],"curies":[{"name":"wp","href":"https:\/\/api.w.org\/{rel}","templated":true}]}}