{"id":208637,"date":"2025-11-17T12:17:34","date_gmt":"2025-11-17T10:17:34","guid":{"rendered":"https:\/\/www.biopapa.lt\/?post_type=product&#038;p=208637"},"modified":"2025-11-26T14:17:33","modified_gmt":"2025-11-26T12:17:33","slug":"gift-set-organic-rose-spa-ritual","status":"publish","type":"product","link":"https:\/\/www.biopapa.lt\/en\/produktas\/gift-set-organic-rose-spa-ritual\/","title":{"rendered":"Gift set &#8220;Organic rose SPA ritual&#8221;"},"content":{"rendered":"<p><strong>Organic Rose SPA Ritual Gift Set<br \/>\n<\/strong>Organic liquid soap with lavender and aloe vera, Alteya<br \/>\nOrganic Bulgarian rose water, Alteya<br \/>\nOrganic grape seed oil, Alteya<br \/>\nOrganic lip balm Grapefruit and Snapple, Alteya<\/p>\n<p><a href=\"https:\/\/www.biopapa.lt\/en\/produktas\/organic-liquid-soap-with-lavender-and-aloe-250-ml-alteya\/\"><strong>Organic liquid soap with lavender and aloe vera<\/strong><\/a> &#8211; with a mild formula that gently cleanses the skin without drying it out. Formulated with organic moisturising and skin-nourishing ingredients and a blend of aromatic essential oils, this mild soap helps to maintain the skin&#8217;s natural moisture balance.<x id=\"gid_2\"><\/x>Gently cleanses without drying out the skin.<x id=\"gid_3\"><\/x>Leaves the skin clean and soft.<x id=\"gid_4\"><\/x>Suitable for all skin types.<x id=\"gid_5\"><\/x>Suitable for daily use. Use as a hand and\/or body wash.  <\/p>\n<p><a href=\"https:\/\/www.biopapa.lt\/en\/produktas\/organic-bulgarian-rose-water-120-ml-alteya\/\"><strong>Organic Bulgarian rose water<\/strong><\/a> &#8211; Pure rose water tones, softens and soothes the skin. By providing healthy hydration and essential micronutrients, it promotes a clear and radiant complexion. Rose water refreshes the skin and maintains its moisture balance, smoothing out fine lines and wrinkles for a more radiant complexion. It can also be used to nourish and moisturise the hair to prevent splitting.<br \/>\n100% organically grown and ethically harvested on a family rose farm in the heart of Bulgaria&#8217;s Rose Valley.<br \/>\nHow to use<br \/>\nFor the face: close your eyes and spray on your face. Re-moisturise at any time of the day.<br \/>\nBody: mist all over the body to revitalise and diffuse a delicate aroma.<br \/>\nHair: massage into the roots of washed, towel-dried hair. <\/p>\n<p><a href=\"https:\/\/www.biopapa.lt\/en\/produktas\/organic-grape-seed-oil-50-ml-alteya\/\"><strong>Organic grapeseed oil<\/strong><\/a><br \/>\nGrape seed oil, extracted from organic grape seeds, is an excellent care product for oily and combination skin. This lightweight oil, rich in vitamin E, provides important hydration and protects the skin from dehydration. It also helps to maintain the skin&#8217;s elasticity and softness.<br \/>\nFor use on the skin &#8211; apply a few drops daily or as needed all over the face. Use only on healthy, undamaged skin.<br \/>\nHair use &#8211; Massage a few drops onto the scalp and throughout the length of the hair. Leave on for 30 minutes to an hour, then shampoo.  <\/p>\n<p><a href=\"https:\/\/www.biopapa.lt\/en\/produktas\/organic-lip-balm-grapefruit-and-zdravetz-alteya\/\"><strong>Organic lip balm Grapefruit and Snapper<\/strong><\/a> &#8211; A natural formulation rich in ingredients that help moisturise and soothe, revealing soft and healthy lips. It helps repair dry, chapped or cracked skin damaged by environmental conditions.<br \/>\nUse as needed. For best results, apply regularly.<br \/>\nRecommended for: dry, dehydrated lips. <\/p>\n<p>Let food be your medicine!<\/p>\n<p><em>NOTE. The information contained herein should not be construed as a recommendation for treatment or other health issues. We encourage you to make personal decisions about your personal health, taking into account a wide range of sources of information.<\/em><\/p>\n","protected":false},"excerpt":{"rendered":"<p>Organic Rose SPA Ritual Gift Set Organic liquid soap with lavender and aloe vera, Alteya Organic Bulgarian rose water, Alteya<\/p>\n","protected":false},"featured_media":217123,"template":"","meta":{"_acf_changed":false},"product_brand":[],"product_cat":[1859,2374],"product_tag":[2363,2042,2088],"class_list":{"0":"post-208637","1":"product","2":"type-product","3":"status-publish","4":"has-post-thumbnail","6":"product_cat-gift-sets","7":"product_cat-gifts-en","8":"product_tag-ecological","9":"product_tag-gift","10":"product_tag-vegan","12":"first","13":"instock","14":"shipping-taxable","15":"purchasable","16":"product-type-simple"},"acf":[],"yoast_head":"<!-- This site is optimized with the Yoast SEO plugin v27.4 - https:\/\/yoast.com\/product\/yoast-seo-wordpress\/ -->\n<title>Gift set &quot;Organic rose SPA ritual&quot; - Biopapa<\/title>\n<meta name=\"description\" content=\"Gift set &quot;Organic rose SPA ritual&quot;\" \/>\n<meta name=\"robots\" content=\"index, follow, max-snippet:-1, max-image-preview:large, max-video-preview:-1\" \/>\n<link rel=\"canonical\" href=\"https:\/\/www.biopapa.lt\/en\/produktas\/gift-set-organic-rose-spa-ritual\/\" \/>\n<meta property=\"og:locale\" content=\"en_US\" \/>\n<meta property=\"og:type\" content=\"article\" \/>\n<meta property=\"og:title\" content=\"Gift set &quot;Organic rose SPA ritual&quot; - Biopapa\" \/>\n<meta property=\"og:description\" content=\"Gift set &quot;Organic rose SPA ritual&quot;\" \/>\n<meta property=\"og:url\" content=\"https:\/\/www.biopapa.lt\/en\/produktas\/gift-set-organic-rose-spa-ritual\/\" \/>\n<meta property=\"og:site_name\" content=\"Biopapa\" \/>\n<meta property=\"article:publisher\" content=\"https:\/\/www.facebook.com\/biopapa.lt\" \/>\n<meta property=\"article:modified_time\" content=\"2025-11-26T12:17:33+00:00\" \/>\n<meta property=\"og:image\" content=\"https:\/\/www.biopapa.lt\/wp-content\/uploads\/2025\/11\/Etikete_Ekologiskas-roziu-SPA-ritualas_110x300mm.png\" \/>\n\t<meta property=\"og:image:width\" content=\"1600\" \/>\n\t<meta property=\"og:image:height\" content=\"1240\" \/>\n\t<meta property=\"og:image:type\" content=\"image\/png\" \/>\n<meta name=\"twitter:card\" content=\"summary_large_image\" \/>\n<script type=\"application\/ld+json\" class=\"yoast-schema-graph\">{\"@context\":\"https:\\\/\\\/schema.org\",\"@graph\":[{\"@type\":\"WebPage\",\"@id\":\"https:\\\/\\\/www.biopapa.lt\\\/en\\\/produktas\\\/gift-set-organic-rose-spa-ritual\\\/\",\"url\":\"https:\\\/\\\/www.biopapa.lt\\\/en\\\/produktas\\\/gift-set-organic-rose-spa-ritual\\\/\",\"name\":\"Gift set \\\"Organic rose SPA ritual\\\" - Biopapa\",\"isPartOf\":{\"@id\":\"https:\\\/\\\/www.biopapa.lt\\\/#website\"},\"primaryImageOfPage\":{\"@id\":\"https:\\\/\\\/www.biopapa.lt\\\/en\\\/produktas\\\/gift-set-organic-rose-spa-ritual\\\/#primaryimage\"},\"image\":{\"@id\":\"https:\\\/\\\/www.biopapa.lt\\\/en\\\/produktas\\\/gift-set-organic-rose-spa-ritual\\\/#primaryimage\"},\"thumbnailUrl\":\"https:\\\/\\\/www.biopapa.lt\\\/wp-content\\\/uploads\\\/2025\\\/11\\\/Dovanu-rinkinys-\u201eEkologiskas-roziu-SPA-ritualas-1.png\",\"datePublished\":\"2025-11-17T10:17:34+00:00\",\"dateModified\":\"2025-11-26T12:17:33+00:00\",\"description\":\"Gift set \\\"Organic rose SPA ritual\\\"\",\"breadcrumb\":{\"@id\":\"https:\\\/\\\/www.biopapa.lt\\\/en\\\/produktas\\\/gift-set-organic-rose-spa-ritual\\\/#breadcrumb\"},\"inLanguage\":\"en-US\",\"potentialAction\":[{\"@type\":\"ReadAction\",\"target\":[\"https:\\\/\\\/www.biopapa.lt\\\/en\\\/produktas\\\/gift-set-organic-rose-spa-ritual\\\/\"]}]},{\"@type\":\"ImageObject\",\"inLanguage\":\"en-US\",\"@id\":\"https:\\\/\\\/www.biopapa.lt\\\/en\\\/produktas\\\/gift-set-organic-rose-spa-ritual\\\/#primaryimage\",\"url\":\"https:\\\/\\\/www.biopapa.lt\\\/wp-content\\\/uploads\\\/2025\\\/11\\\/Dovanu-rinkinys-\u201eEkologiskas-roziu-SPA-ritualas-1.png\",\"contentUrl\":\"https:\\\/\\\/www.biopapa.lt\\\/wp-content\\\/uploads\\\/2025\\\/11\\\/Dovanu-rinkinys-\u201eEkologiskas-roziu-SPA-ritualas-1.png\",\"width\":1600,\"height\":1280},{\"@type\":\"BreadcrumbList\",\"@id\":\"https:\\\/\\\/www.biopapa.lt\\\/en\\\/produktas\\\/gift-set-organic-rose-spa-ritual\\\/#breadcrumb\",\"itemListElement\":[{\"@type\":\"ListItem\",\"position\":1,\"name\":\"Home\",\"item\":\"https:\\\/\\\/www.biopapa.lt\\\/en\\\/\"},{\"@type\":\"ListItem\",\"position\":2,\"name\":\"Shop\",\"item\":\"https:\\\/\\\/www.biopapa.lt\\\/en\\\/shop\\\/\"},{\"@type\":\"ListItem\",\"position\":3,\"name\":\"Gift set &#8220;Organic rose SPA ritual&#8221;\"}]},{\"@type\":\"WebSite\",\"@id\":\"https:\\\/\\\/www.biopapa.lt\\\/#website\",\"url\":\"https:\\\/\\\/www.biopapa.lt\\\/\",\"name\":\"Biopapa\",\"description\":\"\u0160var\u016bs ekologi\u0161ki produktai\",\"publisher\":{\"@id\":\"https:\\\/\\\/www.biopapa.lt\\\/#organization\"},\"potentialAction\":[{\"@type\":\"SearchAction\",\"target\":{\"@type\":\"EntryPoint\",\"urlTemplate\":\"https:\\\/\\\/www.biopapa.lt\\\/?s={search_term_string}\"},\"query-input\":{\"@type\":\"PropertyValueSpecification\",\"valueRequired\":true,\"valueName\":\"search_term_string\"}}],\"inLanguage\":\"en-US\"},{\"@type\":\"Organization\",\"@id\":\"https:\\\/\\\/www.biopapa.lt\\\/#organization\",\"name\":\"Biopapa\",\"url\":\"https:\\\/\\\/www.biopapa.lt\\\/\",\"logo\":{\"@type\":\"ImageObject\",\"inLanguage\":\"en-US\",\"@id\":\"https:\\\/\\\/www.biopapa.lt\\\/#\\\/schema\\\/logo\\\/image\\\/\",\"url\":\"https:\\\/\\\/www.biopapa.lt\\\/wp-content\\\/uploads\\\/2022\\\/04\\\/facebook_biopapa.jpg\",\"contentUrl\":\"https:\\\/\\\/www.biopapa.lt\\\/wp-content\\\/uploads\\\/2022\\\/04\\\/facebook_biopapa.jpg\",\"width\":1733,\"height\":907,\"caption\":\"Biopapa\"},\"image\":{\"@id\":\"https:\\\/\\\/www.biopapa.lt\\\/#\\\/schema\\\/logo\\\/image\\\/\"},\"sameAs\":[\"https:\\\/\\\/www.facebook.com\\\/biopapa.lt\"]}]}<\/script>\n<!-- \/ Yoast SEO plugin. -->","yoast_head_json":{"title":"Gift set \"Organic rose SPA ritual\" - Biopapa","description":"Gift set \"Organic rose SPA ritual\"","robots":{"index":"index","follow":"follow","max-snippet":"max-snippet:-1","max-image-preview":"max-image-preview:large","max-video-preview":"max-video-preview:-1"},"canonical":"https:\/\/www.biopapa.lt\/en\/produktas\/gift-set-organic-rose-spa-ritual\/","og_locale":"en_US","og_type":"article","og_title":"Gift set \"Organic rose SPA ritual\" - Biopapa","og_description":"Gift set \"Organic rose SPA ritual\"","og_url":"https:\/\/www.biopapa.lt\/en\/produktas\/gift-set-organic-rose-spa-ritual\/","og_site_name":"Biopapa","article_publisher":"https:\/\/www.facebook.com\/biopapa.lt","article_modified_time":"2025-11-26T12:17:33+00:00","og_image":[{"width":1600,"height":1240,"url":"https:\/\/www.biopapa.lt\/wp-content\/uploads\/2025\/11\/Etikete_Ekologiskas-roziu-SPA-ritualas_110x300mm.png","type":"image\/png"}],"twitter_card":"summary_large_image","schema":{"@context":"https:\/\/schema.org","@graph":[{"@type":"WebPage","@id":"https:\/\/www.biopapa.lt\/en\/produktas\/gift-set-organic-rose-spa-ritual\/","url":"https:\/\/www.biopapa.lt\/en\/produktas\/gift-set-organic-rose-spa-ritual\/","name":"Gift set \"Organic rose SPA ritual\" - Biopapa","isPartOf":{"@id":"https:\/\/www.biopapa.lt\/#website"},"primaryImageOfPage":{"@id":"https:\/\/www.biopapa.lt\/en\/produktas\/gift-set-organic-rose-spa-ritual\/#primaryimage"},"image":{"@id":"https:\/\/www.biopapa.lt\/en\/produktas\/gift-set-organic-rose-spa-ritual\/#primaryimage"},"thumbnailUrl":"https:\/\/www.biopapa.lt\/wp-content\/uploads\/2025\/11\/Dovanu-rinkinys-\u201eEkologiskas-roziu-SPA-ritualas-1.png","datePublished":"2025-11-17T10:17:34+00:00","dateModified":"2025-11-26T12:17:33+00:00","description":"Gift set \"Organic rose SPA ritual\"","breadcrumb":{"@id":"https:\/\/www.biopapa.lt\/en\/produktas\/gift-set-organic-rose-spa-ritual\/#breadcrumb"},"inLanguage":"en-US","potentialAction":[{"@type":"ReadAction","target":["https:\/\/www.biopapa.lt\/en\/produktas\/gift-set-organic-rose-spa-ritual\/"]}]},{"@type":"ImageObject","inLanguage":"en-US","@id":"https:\/\/www.biopapa.lt\/en\/produktas\/gift-set-organic-rose-spa-ritual\/#primaryimage","url":"https:\/\/www.biopapa.lt\/wp-content\/uploads\/2025\/11\/Dovanu-rinkinys-\u201eEkologiskas-roziu-SPA-ritualas-1.png","contentUrl":"https:\/\/www.biopapa.lt\/wp-content\/uploads\/2025\/11\/Dovanu-rinkinys-\u201eEkologiskas-roziu-SPA-ritualas-1.png","width":1600,"height":1280},{"@type":"BreadcrumbList","@id":"https:\/\/www.biopapa.lt\/en\/produktas\/gift-set-organic-rose-spa-ritual\/#breadcrumb","itemListElement":[{"@type":"ListItem","position":1,"name":"Home","item":"https:\/\/www.biopapa.lt\/en\/"},{"@type":"ListItem","position":2,"name":"Shop","item":"https:\/\/www.biopapa.lt\/en\/shop\/"},{"@type":"ListItem","position":3,"name":"Gift set &#8220;Organic rose SPA ritual&#8221;"}]},{"@type":"WebSite","@id":"https:\/\/www.biopapa.lt\/#website","url":"https:\/\/www.biopapa.lt\/","name":"Biopapa","description":"\u0160var\u016bs ekologi\u0161ki produktai","publisher":{"@id":"https:\/\/www.biopapa.lt\/#organization"},"potentialAction":[{"@type":"SearchAction","target":{"@type":"EntryPoint","urlTemplate":"https:\/\/www.biopapa.lt\/?s={search_term_string}"},"query-input":{"@type":"PropertyValueSpecification","valueRequired":true,"valueName":"search_term_string"}}],"inLanguage":"en-US"},{"@type":"Organization","@id":"https:\/\/www.biopapa.lt\/#organization","name":"Biopapa","url":"https:\/\/www.biopapa.lt\/","logo":{"@type":"ImageObject","inLanguage":"en-US","@id":"https:\/\/www.biopapa.lt\/#\/schema\/logo\/image\/","url":"https:\/\/www.biopapa.lt\/wp-content\/uploads\/2022\/04\/facebook_biopapa.jpg","contentUrl":"https:\/\/www.biopapa.lt\/wp-content\/uploads\/2022\/04\/facebook_biopapa.jpg","width":1733,"height":907,"caption":"Biopapa"},"image":{"@id":"https:\/\/www.biopapa.lt\/#\/schema\/logo\/image\/"},"sameAs":["https:\/\/www.facebook.com\/biopapa.lt"]}]}},"_links":{"self":[{"href":"https:\/\/www.biopapa.lt\/en\/wp-json\/wp\/v2\/product\/208637","targetHints":{"allow":["GET"]}}],"collection":[{"href":"https:\/\/www.biopapa.lt\/en\/wp-json\/wp\/v2\/product"}],"about":[{"href":"https:\/\/www.biopapa.lt\/en\/wp-json\/wp\/v2\/types\/product"}],"wp:featuredmedia":[{"embeddable":true,"href":"https:\/\/www.biopapa.lt\/en\/wp-json\/wp\/v2\/media\/217123"}],"wp:attachment":[{"href":"https:\/\/www.biopapa.lt\/en\/wp-json\/wp\/v2\/media?parent=208637"}],"wp:term":[{"taxonomy":"product_brand","embeddable":true,"href":"https:\/\/www.biopapa.lt\/en\/wp-json\/wp\/v2\/product_brand?post=208637"},{"taxonomy":"product_cat","embeddable":true,"href":"https:\/\/www.biopapa.lt\/en\/wp-json\/wp\/v2\/product_cat?post=208637"},{"taxonomy":"product_tag","embeddable":true,"href":"https:\/\/www.biopapa.lt\/en\/wp-json\/wp\/v2\/product_tag?post=208637"}],"curies":[{"name":"wp","href":"https:\/\/api.w.org\/{rel}","templated":true}]}}