{"id":208627,"date":"2025-11-17T12:07:43","date_gmt":"2025-11-17T10:07:43","guid":{"rendered":"https:\/\/www.biopapa.lt\/?post_type=product&#038;p=208627"},"modified":"2026-01-06T10:32:24","modified_gmt":"2026-01-06T08:32:24","slug":"warming-cocoa-ceremony-gift-set","status":"publish","type":"product","link":"https:\/\/www.biopapa.lt\/en\/produktas\/warming-cocoa-ceremony-gift-set\/","title":{"rendered":"&#8220;Warming Cocoa Ceremony&#8221; gift set"},"content":{"rendered":"<p><strong> Warming Cocoa Ceremony Gift Set<br \/>\n<\/strong>Organic Ceremonial Cocoa Powder (unroasted), 100 g<br \/>\nOrganic Ground Ceylon Cinnamon, 38 g<br \/>\nOrganic Ground Bourbon Vanilla, 10 g<\/p>\n<p><a href=\"https:\/\/www.biopapa.lt\/en\/produktas\/organic-ceremonial-cocoa-powder\/\"><strong>Organic ceremonial cocoa powder<\/strong><\/a><br \/>\nThe Maya, Aztecs and other peoples not only consumed cocoa as a beverage, but also held it sacred in rituals and ceremonies.<br \/>\nThis cocoa powder is made from unroasted, fermented, sun-dried cocoa beans. Without extraneous flavours, odours, excess acidity, excess bitterness or astringency.<br \/><!-- -->30 g of cocoa is more than enough for a daily intake.<br \/><!-- -->Preparing hot chocolate:<br \/><!-- -->Dissolve the cocoa powder in a hot bowl and blend in a blender with warm water (not boiling). Can be flavoured with coconut milk powder or a vegetable drink &#8211; oats, almonds, coconut.   Sweeten with your favourite sweetener and experiment with spices &#8211; vanilla, cinnamon, cardamom, cayenne pepper.<\/p>\n<p><strong><a href=\"https:\/\/www.biopapa.lt\/en\/produktas\/organic-ground-vanilla\/\">Organic ground Bourbon vanilla<\/a><br \/>\n<\/strong>Vanilla powder is a true culinary gem, appreciated for its charming aroma and exquisite taste.<br \/>\nThis special spice adds a unique charm and sophistication to every recipe. Thanks to its natural sweetness, vanilla powder can replace additional sweeteners, subtly sweetening and enriching dishes.<br \/>\nIts soothing aroma is associated with relaxation and good mood, which is why the scent of vanilla is often associated with coziness and comfort. Vanilla powder is perfect in both baked goods and desserts, from rich cakes to delicately scented cookies. A pinch of this powder will also add a distinctive flavour to beverages such as coffee, hot chocolate or cocktails.   <\/p>\n<p><a href=\"https:\/\/www.biopapa.lt\/en\/produktas\/organic-ground-ceylon-cinnamon-38-g-biopapa\/\"><strong>Organic Ceylon cinnamon<\/strong><\/a><br \/>\nCinnamon has been valued since antiquity, not only in culinary traditions but also in natural medicine practices all over the world.<br \/>\nCeylon cinnamon, also known as &#8220;true cinnamon&#8221;, originates from Sri Lanka and parts of India. It has a delicate, slightly sweet taste and aroma. Enjoy this extraordinary spice, which will add a distinctive flavour and a warm, cosy aroma to your dishes. Ceylon cinnamon not only enriches dishes but can also have health benefits. Adding it to your culinary creations will help you enjoy its unique flavour and aroma and maintain your well-being. Let Ceylon cinnamon fill your kitchen with warmth and aroma. Cinnamon is perfect for flavouring cocoa drinks, coffee, tea, baked goods, cereals, stews, rice dishes and desserts.      <\/p>\n<p>Let food be your medicine!<\/p>\n<p><em>NOTE. The information contained herein should not be construed as a recommendation for treatment or other health issues. We encourage you to make personal decisions about your personal health, taking into account a wide range of sources of information.<\/em><\/p>\n","protected":false},"excerpt":{"rendered":"<p>Warming Cocoa Ceremony Gift Set Organic Ceremonial Cocoa Powder (unroasted), 100 g Organic Ground Ceylon Cinnamon, 38 g Organic Ground<\/p>\n","protected":false},"featured_media":217138,"template":"","meta":{"_acf_changed":false},"product_brand":[],"product_cat":[1859,2374],"product_tag":[2363,2042,2088],"class_list":{"0":"post-208627","1":"product","2":"type-product","3":"status-publish","4":"has-post-thumbnail","6":"product_cat-gift-sets","7":"product_cat-gifts-en","8":"product_tag-ecological","9":"product_tag-gift","10":"product_tag-vegan","12":"first","13":"instock","14":"sale","15":"shipping-taxable","16":"purchasable","17":"product-type-simple"},"acf":[],"yoast_head":"<!-- This site is optimized with the Yoast SEO plugin v27.3 - https:\/\/yoast.com\/product\/yoast-seo-wordpress\/ -->\n<title>&quot;Warming Cocoa Ceremony&quot; gift set - Biopapa<\/title>\n<meta name=\"description\" content=\"&quot;Organic Tea Moment&quot; gift set\" \/>\n<meta name=\"robots\" content=\"index, follow, max-snippet:-1, max-image-preview:large, max-video-preview:-1\" \/>\n<link rel=\"canonical\" href=\"https:\/\/www.biopapa.lt\/en\/produktas\/warming-cocoa-ceremony-gift-set\/\" \/>\n<meta property=\"og:locale\" content=\"en_US\" \/>\n<meta property=\"og:type\" content=\"article\" \/>\n<meta property=\"og:title\" content=\"&quot;Warming Cocoa Ceremony&quot; gift set - Biopapa\" \/>\n<meta property=\"og:description\" content=\"&quot;Organic Tea Moment&quot; gift set\" \/>\n<meta property=\"og:url\" content=\"https:\/\/www.biopapa.lt\/en\/produktas\/warming-cocoa-ceremony-gift-set\/\" \/>\n<meta property=\"og:site_name\" content=\"Biopapa\" \/>\n<meta property=\"article:publisher\" content=\"https:\/\/www.facebook.com\/biopapa.lt\" \/>\n<meta property=\"article:modified_time\" content=\"2026-01-06T08:32:24+00:00\" \/>\n<meta property=\"og:image\" content=\"https:\/\/www.biopapa.lt\/wp-content\/uploads\/2025\/11\/Etikete_Sildanti-kakavos-ceremonija_110x220.png\" \/>\n\t<meta property=\"og:image:width\" content=\"1600\" \/>\n\t<meta property=\"og:image:height\" content=\"1240\" \/>\n\t<meta property=\"og:image:type\" content=\"image\/png\" \/>\n<meta name=\"twitter:card\" content=\"summary_large_image\" \/>\n<script type=\"application\/ld+json\" class=\"yoast-schema-graph\">{\"@context\":\"https:\\\/\\\/schema.org\",\"@graph\":[{\"@type\":\"WebPage\",\"@id\":\"https:\\\/\\\/www.biopapa.lt\\\/en\\\/produktas\\\/warming-cocoa-ceremony-gift-set\\\/\",\"url\":\"https:\\\/\\\/www.biopapa.lt\\\/en\\\/produktas\\\/warming-cocoa-ceremony-gift-set\\\/\",\"name\":\"\\\"Warming Cocoa Ceremony\\\" gift set - Biopapa\",\"isPartOf\":{\"@id\":\"https:\\\/\\\/www.biopapa.lt\\\/#website\"},\"primaryImageOfPage\":{\"@id\":\"https:\\\/\\\/www.biopapa.lt\\\/en\\\/produktas\\\/warming-cocoa-ceremony-gift-set\\\/#primaryimage\"},\"image\":{\"@id\":\"https:\\\/\\\/www.biopapa.lt\\\/en\\\/produktas\\\/warming-cocoa-ceremony-gift-set\\\/#primaryimage\"},\"thumbnailUrl\":\"https:\\\/\\\/www.biopapa.lt\\\/wp-content\\\/uploads\\\/2025\\\/11\\\/Dovanu-rinkinys-\u201eSildanti-kakavos-ceremonija-1.png\",\"datePublished\":\"2025-11-17T10:07:43+00:00\",\"dateModified\":\"2026-01-06T08:32:24+00:00\",\"description\":\"\\\"Organic Tea Moment\\\" gift set\",\"breadcrumb\":{\"@id\":\"https:\\\/\\\/www.biopapa.lt\\\/en\\\/produktas\\\/warming-cocoa-ceremony-gift-set\\\/#breadcrumb\"},\"inLanguage\":\"en-US\",\"potentialAction\":[{\"@type\":\"ReadAction\",\"target\":[\"https:\\\/\\\/www.biopapa.lt\\\/en\\\/produktas\\\/warming-cocoa-ceremony-gift-set\\\/\"]}]},{\"@type\":\"ImageObject\",\"inLanguage\":\"en-US\",\"@id\":\"https:\\\/\\\/www.biopapa.lt\\\/en\\\/produktas\\\/warming-cocoa-ceremony-gift-set\\\/#primaryimage\",\"url\":\"https:\\\/\\\/www.biopapa.lt\\\/wp-content\\\/uploads\\\/2025\\\/11\\\/Dovanu-rinkinys-\u201eSildanti-kakavos-ceremonija-1.png\",\"contentUrl\":\"https:\\\/\\\/www.biopapa.lt\\\/wp-content\\\/uploads\\\/2025\\\/11\\\/Dovanu-rinkinys-\u201eSildanti-kakavos-ceremonija-1.png\",\"width\":1600,\"height\":1280},{\"@type\":\"BreadcrumbList\",\"@id\":\"https:\\\/\\\/www.biopapa.lt\\\/en\\\/produktas\\\/warming-cocoa-ceremony-gift-set\\\/#breadcrumb\",\"itemListElement\":[{\"@type\":\"ListItem\",\"position\":1,\"name\":\"Home\",\"item\":\"https:\\\/\\\/www.biopapa.lt\\\/en\\\/\"},{\"@type\":\"ListItem\",\"position\":2,\"name\":\"Shop\",\"item\":\"https:\\\/\\\/www.biopapa.lt\\\/en\\\/shop\\\/\"},{\"@type\":\"ListItem\",\"position\":3,\"name\":\"&#8220;Warming Cocoa Ceremony&#8221; gift set\"}]},{\"@type\":\"WebSite\",\"@id\":\"https:\\\/\\\/www.biopapa.lt\\\/#website\",\"url\":\"https:\\\/\\\/www.biopapa.lt\\\/\",\"name\":\"Biopapa\",\"description\":\"\u0160var\u016bs ekologi\u0161ki produktai\",\"publisher\":{\"@id\":\"https:\\\/\\\/www.biopapa.lt\\\/#organization\"},\"potentialAction\":[{\"@type\":\"SearchAction\",\"target\":{\"@type\":\"EntryPoint\",\"urlTemplate\":\"https:\\\/\\\/www.biopapa.lt\\\/?s={search_term_string}\"},\"query-input\":{\"@type\":\"PropertyValueSpecification\",\"valueRequired\":true,\"valueName\":\"search_term_string\"}}],\"inLanguage\":\"en-US\"},{\"@type\":\"Organization\",\"@id\":\"https:\\\/\\\/www.biopapa.lt\\\/#organization\",\"name\":\"Biopapa\",\"url\":\"https:\\\/\\\/www.biopapa.lt\\\/\",\"logo\":{\"@type\":\"ImageObject\",\"inLanguage\":\"en-US\",\"@id\":\"https:\\\/\\\/www.biopapa.lt\\\/#\\\/schema\\\/logo\\\/image\\\/\",\"url\":\"https:\\\/\\\/www.biopapa.lt\\\/wp-content\\\/uploads\\\/2022\\\/04\\\/facebook_biopapa.jpg\",\"contentUrl\":\"https:\\\/\\\/www.biopapa.lt\\\/wp-content\\\/uploads\\\/2022\\\/04\\\/facebook_biopapa.jpg\",\"width\":1733,\"height\":907,\"caption\":\"Biopapa\"},\"image\":{\"@id\":\"https:\\\/\\\/www.biopapa.lt\\\/#\\\/schema\\\/logo\\\/image\\\/\"},\"sameAs\":[\"https:\\\/\\\/www.facebook.com\\\/biopapa.lt\"]}]}<\/script>\n<!-- \/ Yoast SEO plugin. -->","yoast_head_json":{"title":"\"Warming Cocoa Ceremony\" gift set - Biopapa","description":"\"Organic Tea Moment\" gift set","robots":{"index":"index","follow":"follow","max-snippet":"max-snippet:-1","max-image-preview":"max-image-preview:large","max-video-preview":"max-video-preview:-1"},"canonical":"https:\/\/www.biopapa.lt\/en\/produktas\/warming-cocoa-ceremony-gift-set\/","og_locale":"en_US","og_type":"article","og_title":"\"Warming Cocoa Ceremony\" gift set - Biopapa","og_description":"\"Organic Tea Moment\" gift set","og_url":"https:\/\/www.biopapa.lt\/en\/produktas\/warming-cocoa-ceremony-gift-set\/","og_site_name":"Biopapa","article_publisher":"https:\/\/www.facebook.com\/biopapa.lt","article_modified_time":"2026-01-06T08:32:24+00:00","og_image":[{"width":1600,"height":1240,"url":"https:\/\/www.biopapa.lt\/wp-content\/uploads\/2025\/11\/Etikete_Sildanti-kakavos-ceremonija_110x220.png","type":"image\/png"}],"twitter_card":"summary_large_image","schema":{"@context":"https:\/\/schema.org","@graph":[{"@type":"WebPage","@id":"https:\/\/www.biopapa.lt\/en\/produktas\/warming-cocoa-ceremony-gift-set\/","url":"https:\/\/www.biopapa.lt\/en\/produktas\/warming-cocoa-ceremony-gift-set\/","name":"\"Warming Cocoa Ceremony\" gift set - Biopapa","isPartOf":{"@id":"https:\/\/www.biopapa.lt\/#website"},"primaryImageOfPage":{"@id":"https:\/\/www.biopapa.lt\/en\/produktas\/warming-cocoa-ceremony-gift-set\/#primaryimage"},"image":{"@id":"https:\/\/www.biopapa.lt\/en\/produktas\/warming-cocoa-ceremony-gift-set\/#primaryimage"},"thumbnailUrl":"https:\/\/www.biopapa.lt\/wp-content\/uploads\/2025\/11\/Dovanu-rinkinys-\u201eSildanti-kakavos-ceremonija-1.png","datePublished":"2025-11-17T10:07:43+00:00","dateModified":"2026-01-06T08:32:24+00:00","description":"\"Organic Tea Moment\" gift set","breadcrumb":{"@id":"https:\/\/www.biopapa.lt\/en\/produktas\/warming-cocoa-ceremony-gift-set\/#breadcrumb"},"inLanguage":"en-US","potentialAction":[{"@type":"ReadAction","target":["https:\/\/www.biopapa.lt\/en\/produktas\/warming-cocoa-ceremony-gift-set\/"]}]},{"@type":"ImageObject","inLanguage":"en-US","@id":"https:\/\/www.biopapa.lt\/en\/produktas\/warming-cocoa-ceremony-gift-set\/#primaryimage","url":"https:\/\/www.biopapa.lt\/wp-content\/uploads\/2025\/11\/Dovanu-rinkinys-\u201eSildanti-kakavos-ceremonija-1.png","contentUrl":"https:\/\/www.biopapa.lt\/wp-content\/uploads\/2025\/11\/Dovanu-rinkinys-\u201eSildanti-kakavos-ceremonija-1.png","width":1600,"height":1280},{"@type":"BreadcrumbList","@id":"https:\/\/www.biopapa.lt\/en\/produktas\/warming-cocoa-ceremony-gift-set\/#breadcrumb","itemListElement":[{"@type":"ListItem","position":1,"name":"Home","item":"https:\/\/www.biopapa.lt\/en\/"},{"@type":"ListItem","position":2,"name":"Shop","item":"https:\/\/www.biopapa.lt\/en\/shop\/"},{"@type":"ListItem","position":3,"name":"&#8220;Warming Cocoa Ceremony&#8221; gift set"}]},{"@type":"WebSite","@id":"https:\/\/www.biopapa.lt\/#website","url":"https:\/\/www.biopapa.lt\/","name":"Biopapa","description":"\u0160var\u016bs ekologi\u0161ki produktai","publisher":{"@id":"https:\/\/www.biopapa.lt\/#organization"},"potentialAction":[{"@type":"SearchAction","target":{"@type":"EntryPoint","urlTemplate":"https:\/\/www.biopapa.lt\/?s={search_term_string}"},"query-input":{"@type":"PropertyValueSpecification","valueRequired":true,"valueName":"search_term_string"}}],"inLanguage":"en-US"},{"@type":"Organization","@id":"https:\/\/www.biopapa.lt\/#organization","name":"Biopapa","url":"https:\/\/www.biopapa.lt\/","logo":{"@type":"ImageObject","inLanguage":"en-US","@id":"https:\/\/www.biopapa.lt\/#\/schema\/logo\/image\/","url":"https:\/\/www.biopapa.lt\/wp-content\/uploads\/2022\/04\/facebook_biopapa.jpg","contentUrl":"https:\/\/www.biopapa.lt\/wp-content\/uploads\/2022\/04\/facebook_biopapa.jpg","width":1733,"height":907,"caption":"Biopapa"},"image":{"@id":"https:\/\/www.biopapa.lt\/#\/schema\/logo\/image\/"},"sameAs":["https:\/\/www.facebook.com\/biopapa.lt"]}]}},"_links":{"self":[{"href":"https:\/\/www.biopapa.lt\/en\/wp-json\/wp\/v2\/product\/208627","targetHints":{"allow":["GET"]}}],"collection":[{"href":"https:\/\/www.biopapa.lt\/en\/wp-json\/wp\/v2\/product"}],"about":[{"href":"https:\/\/www.biopapa.lt\/en\/wp-json\/wp\/v2\/types\/product"}],"wp:featuredmedia":[{"embeddable":true,"href":"https:\/\/www.biopapa.lt\/en\/wp-json\/wp\/v2\/media\/217138"}],"wp:attachment":[{"href":"https:\/\/www.biopapa.lt\/en\/wp-json\/wp\/v2\/media?parent=208627"}],"wp:term":[{"taxonomy":"product_brand","embeddable":true,"href":"https:\/\/www.biopapa.lt\/en\/wp-json\/wp\/v2\/product_brand?post=208627"},{"taxonomy":"product_cat","embeddable":true,"href":"https:\/\/www.biopapa.lt\/en\/wp-json\/wp\/v2\/product_cat?post=208627"},{"taxonomy":"product_tag","embeddable":true,"href":"https:\/\/www.biopapa.lt\/en\/wp-json\/wp\/v2\/product_tag?post=208627"}],"curies":[{"name":"wp","href":"https:\/\/api.w.org\/{rel}","templated":true}]}}