{"id":205572,"date":"2025-11-11T15:15:34","date_gmt":"2025-11-11T13:15:34","guid":{"rendered":"https:\/\/www.biopapa.lt\/?post_type=product&#038;p=205572"},"modified":"2026-01-14T16:27:49","modified_gmt":"2026-01-14T14:27:49","slug":"organic-soy-and-brown-rice-paste-genmai-miso-gluten-free-345g-terrasana","status":"publish","type":"product","link":"https:\/\/www.biopapa.lt\/en\/produktas\/organic-soy-and-brown-rice-paste-genmai-miso-gluten-free-345g-terrasana\/","title":{"rendered":"Organic soy and brown rice paste Genmai miso, gluten-free, 345 g, TERRASANA"},"content":{"rendered":"<p><strong>Organic soy and brown rice paste Genmai miso, gluten-free, 345 g<\/strong><br \/>\n<em>Genmai miso<\/em> is made from organic soybeans and unpolished brown rice. It is prepared using traditional methods by Japanese experts. During this process, <em>genmai miso<\/em> is fermented for at least 12 months in large, 100-year-old cedar barrels. This gives the miso a deep, authentic and unrivalled flavour. <em>Genmai miso<\/em> is perfect for soups, sauces and pickles, as well as a convenient condiment for stews or wok dishes. Genmai miso has a medium-strength flavour.    <\/p>\n<p>Directions<br \/>\nUse 1 tablespoon &#8211; 200 ml miso soup. Can be used as a base for sauces, pickles or dressings. <\/p>\n<p>&nbsp;<\/p>\n","protected":false},"excerpt":{"rendered":"<p>Organic soy and brown rice paste Genmai miso, gluten-free, 345 g Genmai miso is made from organic soybeans and unpolished<\/p>\n","protected":false},"featured_media":205583,"template":"","meta":{"_acf_changed":false},"product_brand":[],"product_cat":[2680,1954,2644],"product_tag":[2034,2038,2088],"class_list":{"0":"post-205572","1":"product","2":"type-product","3":"status-publish","4":"has-post-thumbnail","6":"product_cat-japanese-cuisine","7":"product_cat-sauces-and-spreads","8":"product_cat-without-gluten","9":"product_tag-gluten-free","10":"product_tag-no-added-sugar","11":"product_tag-vegan","13":"first","14":"instock","15":"shipping-taxable","16":"purchasable","17":"product-type-simple"},"acf":[],"yoast_head":"<!-- This site is optimized with the Yoast SEO plugin v27.5 - https:\/\/yoast.com\/product\/yoast-seo-wordpress\/ -->\n<title>Organic soy and brown rice paste Genmai miso, gluten-free, 345 g, TERRASANA - Biopapa<\/title>\n<meta name=\"description\" content=\"Genmai miso is made from organic soybeans and unpolished brown rice. It is prepared using traditional methods by Japanese experts.\" \/>\n<meta name=\"robots\" content=\"index, follow, max-snippet:-1, max-image-preview:large, max-video-preview:-1\" \/>\n<link rel=\"canonical\" href=\"https:\/\/www.biopapa.lt\/en\/produktas\/organic-soy-and-brown-rice-paste-genmai-miso-gluten-free-345g-terrasana\/\" \/>\n<meta property=\"og:locale\" content=\"en_US\" \/>\n<meta property=\"og:type\" content=\"article\" \/>\n<meta property=\"og:title\" content=\"Organic soy and brown rice paste Genmai miso, gluten-free, 345 g, TERRASANA - Biopapa\" \/>\n<meta property=\"og:description\" content=\"Genmai miso is made from organic soybeans and unpolished brown rice. It is prepared using traditional methods by Japanese experts.\" \/>\n<meta property=\"og:url\" content=\"https:\/\/www.biopapa.lt\/en\/produktas\/organic-soy-and-brown-rice-paste-genmai-miso-gluten-free-345g-terrasana\/\" \/>\n<meta property=\"og:site_name\" content=\"Biopapa\" \/>\n<meta property=\"article:publisher\" content=\"https:\/\/www.facebook.com\/biopapa.lt\" \/>\n<meta property=\"article:modified_time\" content=\"2026-01-14T14:27:49+00:00\" \/>\n<meta property=\"og:image\" content=\"https:\/\/www.biopapa.lt\/wp-content\/uploads\/2025\/11\/Ekologiska-sojos-ir-ruduju-ryziu-pasta-Genmai-miso-be-glitimo-345-g.png\" \/>\n\t<meta property=\"og:image:width\" content=\"800\" \/>\n\t<meta property=\"og:image:height\" content=\"640\" \/>\n\t<meta property=\"og:image:type\" content=\"image\/png\" \/>\n<meta name=\"twitter:card\" content=\"summary_large_image\" \/>\n<script type=\"application\/ld+json\" class=\"yoast-schema-graph\">{\"@context\":\"https:\\\/\\\/schema.org\",\"@graph\":[{\"@type\":\"WebPage\",\"@id\":\"https:\\\/\\\/www.biopapa.lt\\\/en\\\/produktas\\\/organic-soy-and-brown-rice-paste-genmai-miso-gluten-free-345g-terrasana\\\/\",\"url\":\"https:\\\/\\\/www.biopapa.lt\\\/en\\\/produktas\\\/organic-soy-and-brown-rice-paste-genmai-miso-gluten-free-345g-terrasana\\\/\",\"name\":\"Organic soy and brown rice paste Genmai miso, gluten-free, 345 g, TERRASANA - Biopapa\",\"isPartOf\":{\"@id\":\"https:\\\/\\\/www.biopapa.lt\\\/#website\"},\"primaryImageOfPage\":{\"@id\":\"https:\\\/\\\/www.biopapa.lt\\\/en\\\/produktas\\\/organic-soy-and-brown-rice-paste-genmai-miso-gluten-free-345g-terrasana\\\/#primaryimage\"},\"image\":{\"@id\":\"https:\\\/\\\/www.biopapa.lt\\\/en\\\/produktas\\\/organic-soy-and-brown-rice-paste-genmai-miso-gluten-free-345g-terrasana\\\/#primaryimage\"},\"thumbnailUrl\":\"https:\\\/\\\/www.biopapa.lt\\\/wp-content\\\/uploads\\\/2025\\\/11\\\/Ekologiska-sojos-ir-ruduju-ryziu-pasta-Genmai-miso-be-glitimo-345-g.png\",\"datePublished\":\"2025-11-11T13:15:34+00:00\",\"dateModified\":\"2026-01-14T14:27:49+00:00\",\"description\":\"Genmai miso is made from organic soybeans and unpolished brown rice. It is prepared using traditional methods by Japanese experts.\",\"breadcrumb\":{\"@id\":\"https:\\\/\\\/www.biopapa.lt\\\/en\\\/produktas\\\/organic-soy-and-brown-rice-paste-genmai-miso-gluten-free-345g-terrasana\\\/#breadcrumb\"},\"inLanguage\":\"en-US\",\"potentialAction\":[{\"@type\":\"ReadAction\",\"target\":[\"https:\\\/\\\/www.biopapa.lt\\\/en\\\/produktas\\\/organic-soy-and-brown-rice-paste-genmai-miso-gluten-free-345g-terrasana\\\/\"]}]},{\"@type\":\"ImageObject\",\"inLanguage\":\"en-US\",\"@id\":\"https:\\\/\\\/www.biopapa.lt\\\/en\\\/produktas\\\/organic-soy-and-brown-rice-paste-genmai-miso-gluten-free-345g-terrasana\\\/#primaryimage\",\"url\":\"https:\\\/\\\/www.biopapa.lt\\\/wp-content\\\/uploads\\\/2025\\\/11\\\/Ekologiska-sojos-ir-ruduju-ryziu-pasta-Genmai-miso-be-glitimo-345-g.png\",\"contentUrl\":\"https:\\\/\\\/www.biopapa.lt\\\/wp-content\\\/uploads\\\/2025\\\/11\\\/Ekologiska-sojos-ir-ruduju-ryziu-pasta-Genmai-miso-be-glitimo-345-g.png\",\"width\":800,\"height\":640},{\"@type\":\"BreadcrumbList\",\"@id\":\"https:\\\/\\\/www.biopapa.lt\\\/en\\\/produktas\\\/organic-soy-and-brown-rice-paste-genmai-miso-gluten-free-345g-terrasana\\\/#breadcrumb\",\"itemListElement\":[{\"@type\":\"ListItem\",\"position\":1,\"name\":\"Home\",\"item\":\"https:\\\/\\\/www.biopapa.lt\\\/en\\\/\"},{\"@type\":\"ListItem\",\"position\":2,\"name\":\"Shop\",\"item\":\"https:\\\/\\\/www.biopapa.lt\\\/en\\\/shop\\\/\"},{\"@type\":\"ListItem\",\"position\":3,\"name\":\"Organic soy and brown rice paste Genmai miso, gluten-free, 345 g, TERRASANA\"}]},{\"@type\":\"WebSite\",\"@id\":\"https:\\\/\\\/www.biopapa.lt\\\/#website\",\"url\":\"https:\\\/\\\/www.biopapa.lt\\\/\",\"name\":\"Biopapa\",\"description\":\"\u0160var\u016bs ekologi\u0161ki produktai\",\"publisher\":{\"@id\":\"https:\\\/\\\/www.biopapa.lt\\\/#organization\"},\"potentialAction\":[{\"@type\":\"SearchAction\",\"target\":{\"@type\":\"EntryPoint\",\"urlTemplate\":\"https:\\\/\\\/www.biopapa.lt\\\/?s={search_term_string}\"},\"query-input\":{\"@type\":\"PropertyValueSpecification\",\"valueRequired\":true,\"valueName\":\"search_term_string\"}}],\"inLanguage\":\"en-US\"},{\"@type\":\"Organization\",\"@id\":\"https:\\\/\\\/www.biopapa.lt\\\/#organization\",\"name\":\"Biopapa\",\"url\":\"https:\\\/\\\/www.biopapa.lt\\\/\",\"logo\":{\"@type\":\"ImageObject\",\"inLanguage\":\"en-US\",\"@id\":\"https:\\\/\\\/www.biopapa.lt\\\/#\\\/schema\\\/logo\\\/image\\\/\",\"url\":\"https:\\\/\\\/www.biopapa.lt\\\/wp-content\\\/uploads\\\/2022\\\/04\\\/facebook_biopapa.jpg\",\"contentUrl\":\"https:\\\/\\\/www.biopapa.lt\\\/wp-content\\\/uploads\\\/2022\\\/04\\\/facebook_biopapa.jpg\",\"width\":1733,\"height\":907,\"caption\":\"Biopapa\"},\"image\":{\"@id\":\"https:\\\/\\\/www.biopapa.lt\\\/#\\\/schema\\\/logo\\\/image\\\/\"},\"sameAs\":[\"https:\\\/\\\/www.facebook.com\\\/biopapa.lt\"]}]}<\/script>\n<!-- \/ Yoast SEO plugin. -->","yoast_head_json":{"title":"Organic soy and brown rice paste Genmai miso, gluten-free, 345 g, TERRASANA - Biopapa","description":"Genmai miso is made from organic soybeans and unpolished brown rice. It is prepared using traditional methods by Japanese experts.","robots":{"index":"index","follow":"follow","max-snippet":"max-snippet:-1","max-image-preview":"max-image-preview:large","max-video-preview":"max-video-preview:-1"},"canonical":"https:\/\/www.biopapa.lt\/en\/produktas\/organic-soy-and-brown-rice-paste-genmai-miso-gluten-free-345g-terrasana\/","og_locale":"en_US","og_type":"article","og_title":"Organic soy and brown rice paste Genmai miso, gluten-free, 345 g, TERRASANA - Biopapa","og_description":"Genmai miso is made from organic soybeans and unpolished brown rice. It is prepared using traditional methods by Japanese experts.","og_url":"https:\/\/www.biopapa.lt\/en\/produktas\/organic-soy-and-brown-rice-paste-genmai-miso-gluten-free-345g-terrasana\/","og_site_name":"Biopapa","article_publisher":"https:\/\/www.facebook.com\/biopapa.lt","article_modified_time":"2026-01-14T14:27:49+00:00","og_image":[{"width":800,"height":640,"url":"https:\/\/www.biopapa.lt\/wp-content\/uploads\/2025\/11\/Ekologiska-sojos-ir-ruduju-ryziu-pasta-Genmai-miso-be-glitimo-345-g.png","type":"image\/png"}],"twitter_card":"summary_large_image","schema":{"@context":"https:\/\/schema.org","@graph":[{"@type":"WebPage","@id":"https:\/\/www.biopapa.lt\/en\/produktas\/organic-soy-and-brown-rice-paste-genmai-miso-gluten-free-345g-terrasana\/","url":"https:\/\/www.biopapa.lt\/en\/produktas\/organic-soy-and-brown-rice-paste-genmai-miso-gluten-free-345g-terrasana\/","name":"Organic soy and brown rice paste Genmai miso, gluten-free, 345 g, TERRASANA - Biopapa","isPartOf":{"@id":"https:\/\/www.biopapa.lt\/#website"},"primaryImageOfPage":{"@id":"https:\/\/www.biopapa.lt\/en\/produktas\/organic-soy-and-brown-rice-paste-genmai-miso-gluten-free-345g-terrasana\/#primaryimage"},"image":{"@id":"https:\/\/www.biopapa.lt\/en\/produktas\/organic-soy-and-brown-rice-paste-genmai-miso-gluten-free-345g-terrasana\/#primaryimage"},"thumbnailUrl":"https:\/\/www.biopapa.lt\/wp-content\/uploads\/2025\/11\/Ekologiska-sojos-ir-ruduju-ryziu-pasta-Genmai-miso-be-glitimo-345-g.png","datePublished":"2025-11-11T13:15:34+00:00","dateModified":"2026-01-14T14:27:49+00:00","description":"Genmai miso is made from organic soybeans and unpolished brown rice. It is prepared using traditional methods by Japanese experts.","breadcrumb":{"@id":"https:\/\/www.biopapa.lt\/en\/produktas\/organic-soy-and-brown-rice-paste-genmai-miso-gluten-free-345g-terrasana\/#breadcrumb"},"inLanguage":"en-US","potentialAction":[{"@type":"ReadAction","target":["https:\/\/www.biopapa.lt\/en\/produktas\/organic-soy-and-brown-rice-paste-genmai-miso-gluten-free-345g-terrasana\/"]}]},{"@type":"ImageObject","inLanguage":"en-US","@id":"https:\/\/www.biopapa.lt\/en\/produktas\/organic-soy-and-brown-rice-paste-genmai-miso-gluten-free-345g-terrasana\/#primaryimage","url":"https:\/\/www.biopapa.lt\/wp-content\/uploads\/2025\/11\/Ekologiska-sojos-ir-ruduju-ryziu-pasta-Genmai-miso-be-glitimo-345-g.png","contentUrl":"https:\/\/www.biopapa.lt\/wp-content\/uploads\/2025\/11\/Ekologiska-sojos-ir-ruduju-ryziu-pasta-Genmai-miso-be-glitimo-345-g.png","width":800,"height":640},{"@type":"BreadcrumbList","@id":"https:\/\/www.biopapa.lt\/en\/produktas\/organic-soy-and-brown-rice-paste-genmai-miso-gluten-free-345g-terrasana\/#breadcrumb","itemListElement":[{"@type":"ListItem","position":1,"name":"Home","item":"https:\/\/www.biopapa.lt\/en\/"},{"@type":"ListItem","position":2,"name":"Shop","item":"https:\/\/www.biopapa.lt\/en\/shop\/"},{"@type":"ListItem","position":3,"name":"Organic soy and brown rice paste Genmai miso, gluten-free, 345 g, TERRASANA"}]},{"@type":"WebSite","@id":"https:\/\/www.biopapa.lt\/#website","url":"https:\/\/www.biopapa.lt\/","name":"Biopapa","description":"\u0160var\u016bs ekologi\u0161ki produktai","publisher":{"@id":"https:\/\/www.biopapa.lt\/#organization"},"potentialAction":[{"@type":"SearchAction","target":{"@type":"EntryPoint","urlTemplate":"https:\/\/www.biopapa.lt\/?s={search_term_string}"},"query-input":{"@type":"PropertyValueSpecification","valueRequired":true,"valueName":"search_term_string"}}],"inLanguage":"en-US"},{"@type":"Organization","@id":"https:\/\/www.biopapa.lt\/#organization","name":"Biopapa","url":"https:\/\/www.biopapa.lt\/","logo":{"@type":"ImageObject","inLanguage":"en-US","@id":"https:\/\/www.biopapa.lt\/#\/schema\/logo\/image\/","url":"https:\/\/www.biopapa.lt\/wp-content\/uploads\/2022\/04\/facebook_biopapa.jpg","contentUrl":"https:\/\/www.biopapa.lt\/wp-content\/uploads\/2022\/04\/facebook_biopapa.jpg","width":1733,"height":907,"caption":"Biopapa"},"image":{"@id":"https:\/\/www.biopapa.lt\/#\/schema\/logo\/image\/"},"sameAs":["https:\/\/www.facebook.com\/biopapa.lt"]}]}},"_links":{"self":[{"href":"https:\/\/www.biopapa.lt\/en\/wp-json\/wp\/v2\/product\/205572","targetHints":{"allow":["GET"]}}],"collection":[{"href":"https:\/\/www.biopapa.lt\/en\/wp-json\/wp\/v2\/product"}],"about":[{"href":"https:\/\/www.biopapa.lt\/en\/wp-json\/wp\/v2\/types\/product"}],"wp:featuredmedia":[{"embeddable":true,"href":"https:\/\/www.biopapa.lt\/en\/wp-json\/wp\/v2\/media\/205583"}],"wp:attachment":[{"href":"https:\/\/www.biopapa.lt\/en\/wp-json\/wp\/v2\/media?parent=205572"}],"wp:term":[{"taxonomy":"product_brand","embeddable":true,"href":"https:\/\/www.biopapa.lt\/en\/wp-json\/wp\/v2\/product_brand?post=205572"},{"taxonomy":"product_cat","embeddable":true,"href":"https:\/\/www.biopapa.lt\/en\/wp-json\/wp\/v2\/product_cat?post=205572"},{"taxonomy":"product_tag","embeddable":true,"href":"https:\/\/www.biopapa.lt\/en\/wp-json\/wp\/v2\/product_tag?post=205572"}],"curies":[{"name":"wp","href":"https:\/\/api.w.org\/{rel}","templated":true}]}}