{"id":198814,"date":"2025-10-28T17:10:00","date_gmt":"2025-10-28T15:10:00","guid":{"rendered":"https:\/\/www.biopapa.lt\/?post_type=product&#038;p=198814"},"modified":"2025-11-26T13:29:29","modified_gmt":"2025-11-26T11:29:29","slug":"organic-indian-naan-bread-with-garlic-240g-terrasana","status":"publish","type":"product","link":"https:\/\/www.biopapa.lt\/en\/produktas\/organic-indian-naan-bread-with-garlic-240g-terrasana\/","title":{"rendered":"Organic Indian naan bread with garlic, 240 g, TERRASANA"},"content":{"rendered":"<p><strong>Organic Indian naan bread with garlic<br \/>\n<\/strong>Naan is a fluffy, soft bread usually served with Indian curry. But you can also soak it, spread it and fill it with sauces, grilled vegetables or other delicacies. It is perfect with hummus or spreads.<br \/>\nThis naan has a distinctive taste due to the addition of garlic. The naan is completely natural &#8211; no sugar or yoghurt.<br \/>\nSuitable for vegans! <\/p>\n<p>To use:<br \/>\nPreheat the oven to 200 \u00b0C. Bake for 5-6 minutes. Naan is suitable as a substitute for rice in Indian curries. For dinner, it is perfect soaked with hummus or other sauces. Also suitable as a pizza base.    <\/p>\n<p><strong> <\/strong><\/p>\n<p>&nbsp;<\/p>\n","protected":false},"excerpt":{"rendered":"<p>Organic Indian naan bread with garlic Naan is a fluffy, soft bread usually served with Indian curry. But you can<\/p>\n","protected":false},"featured_media":198847,"template":"","meta":{"_acf_changed":false},"product_brand":[],"product_cat":[2677,2678,2686],"product_tag":[2088],"class_list":{"0":"post-198814","1":"product","2":"type-product","3":"status-publish","4":"has-post-thumbnail","6":"product_cat-bread-crispbreads-crackers","7":"product_cat-italian-cuisine","8":"product_cat-oriental-cuisine","9":"product_tag-vegan","10":"pa_svoris-1-kg-en-2","11":"pa_svoris-100-g-en-2","12":"pa_svoris-15-kg-en","13":"pa_svoris-200-g-en","14":"pa_svoris-300-g-en","15":"pa_svoris-400-g-en","16":"pa_svoris-500-g-en-2","18":"first","19":"instock","20":"shipping-taxable","21":"purchasable","22":"product-type-simple"},"acf":[],"yoast_head":"<!-- This site is optimized with the Yoast SEO plugin v27.5 - https:\/\/yoast.com\/product\/yoast-seo-wordpress\/ -->\n<title>Organic Indian naan bread with garlic, 240 g, TERRASANA - Biopapa<\/title>\n<meta name=\"description\" content=\"Naan is a fluffy, soft bread usually served with Indian curry. It is perfect with hummus or spreads.\" \/>\n<meta name=\"robots\" content=\"index, follow, max-snippet:-1, max-image-preview:large, max-video-preview:-1\" \/>\n<link rel=\"canonical\" href=\"https:\/\/www.biopapa.lt\/produktas\/ekologiska-indiska-naan-duona-su-cesnaku-240-g-terrasana\/\" \/>\n<meta property=\"og:locale\" content=\"en_US\" \/>\n<meta property=\"og:type\" content=\"article\" \/>\n<meta property=\"og:title\" content=\"Organic Indian naan bread with garlic, 240 g, TERRASANA - Biopapa\" \/>\n<meta property=\"og:description\" content=\"Naan is a fluffy, soft bread usually served with Indian curry. It is perfect with hummus or spreads.\" \/>\n<meta property=\"og:url\" content=\"https:\/\/www.biopapa.lt\/produktas\/ekologiska-indiska-naan-duona-su-cesnaku-240-g-terrasana\/\" \/>\n<meta property=\"og:site_name\" content=\"Biopapa\" \/>\n<meta property=\"article:publisher\" content=\"https:\/\/www.facebook.com\/biopapa.lt\" \/>\n<meta property=\"article:modified_time\" content=\"2025-11-26T11:29:29+00:00\" \/>\n<meta property=\"og:image\" content=\"https:\/\/www.biopapa.lt\/wp-content\/uploads\/2025\/10\/Ekologiska-indiska-naan-duona-su-cesnaku-240-g-TERRASANA.png\" \/>\n\t<meta property=\"og:image:width\" content=\"800\" \/>\n\t<meta property=\"og:image:height\" content=\"640\" \/>\n\t<meta property=\"og:image:type\" content=\"image\/png\" \/>\n<meta name=\"twitter:card\" content=\"summary_large_image\" \/>\n<script type=\"application\/ld+json\" class=\"yoast-schema-graph\">{\"@context\":\"https:\\\/\\\/schema.org\",\"@graph\":[{\"@type\":\"WebPage\",\"@id\":\"https:\\\/\\\/www.biopapa.lt\\\/produktas\\\/ekologiska-indiska-naan-duona-su-cesnaku-240-g-terrasana\\\/\",\"url\":\"https:\\\/\\\/www.biopapa.lt\\\/produktas\\\/ekologiska-indiska-naan-duona-su-cesnaku-240-g-terrasana\\\/\",\"name\":\"Organic Indian naan bread with garlic, 240 g, TERRASANA - Biopapa\",\"isPartOf\":{\"@id\":\"https:\\\/\\\/www.biopapa.lt\\\/#website\"},\"primaryImageOfPage\":{\"@id\":\"https:\\\/\\\/www.biopapa.lt\\\/produktas\\\/ekologiska-indiska-naan-duona-su-cesnaku-240-g-terrasana\\\/#primaryimage\"},\"image\":{\"@id\":\"https:\\\/\\\/www.biopapa.lt\\\/produktas\\\/ekologiska-indiska-naan-duona-su-cesnaku-240-g-terrasana\\\/#primaryimage\"},\"thumbnailUrl\":\"https:\\\/\\\/www.biopapa.lt\\\/wp-content\\\/uploads\\\/2025\\\/10\\\/Ekologiska-indiska-naan-duona-su-cesnaku-240-g-TERRASANA.png\",\"datePublished\":\"2025-10-28T15:10:00+00:00\",\"dateModified\":\"2025-11-26T11:29:29+00:00\",\"description\":\"Naan is a fluffy, soft bread usually served with Indian curry. It is perfect with hummus or spreads.\",\"breadcrumb\":{\"@id\":\"https:\\\/\\\/www.biopapa.lt\\\/produktas\\\/ekologiska-indiska-naan-duona-su-cesnaku-240-g-terrasana\\\/#breadcrumb\"},\"inLanguage\":\"en-US\",\"potentialAction\":[{\"@type\":\"ReadAction\",\"target\":[\"https:\\\/\\\/www.biopapa.lt\\\/produktas\\\/ekologiska-indiska-naan-duona-su-cesnaku-240-g-terrasana\\\/\"]}]},{\"@type\":\"ImageObject\",\"inLanguage\":\"en-US\",\"@id\":\"https:\\\/\\\/www.biopapa.lt\\\/produktas\\\/ekologiska-indiska-naan-duona-su-cesnaku-240-g-terrasana\\\/#primaryimage\",\"url\":\"https:\\\/\\\/www.biopapa.lt\\\/wp-content\\\/uploads\\\/2025\\\/10\\\/Ekologiska-indiska-naan-duona-su-cesnaku-240-g-TERRASANA.png\",\"contentUrl\":\"https:\\\/\\\/www.biopapa.lt\\\/wp-content\\\/uploads\\\/2025\\\/10\\\/Ekologiska-indiska-naan-duona-su-cesnaku-240-g-TERRASANA.png\",\"width\":800,\"height\":640},{\"@type\":\"BreadcrumbList\",\"@id\":\"https:\\\/\\\/www.biopapa.lt\\\/produktas\\\/ekologiska-indiska-naan-duona-su-cesnaku-240-g-terrasana\\\/#breadcrumb\",\"itemListElement\":[{\"@type\":\"ListItem\",\"position\":1,\"name\":\"Home\",\"item\":\"https:\\\/\\\/www.biopapa.lt\\\/en\\\/\"},{\"@type\":\"ListItem\",\"position\":2,\"name\":\"Shop\",\"item\":\"https:\\\/\\\/www.biopapa.lt\\\/en\\\/shop\\\/\"},{\"@type\":\"ListItem\",\"position\":3,\"name\":\"Organic Indian naan bread with garlic, 240 g, TERRASANA\"}]},{\"@type\":\"WebSite\",\"@id\":\"https:\\\/\\\/www.biopapa.lt\\\/#website\",\"url\":\"https:\\\/\\\/www.biopapa.lt\\\/\",\"name\":\"Biopapa\",\"description\":\"\u0160var\u016bs ekologi\u0161ki produktai\",\"publisher\":{\"@id\":\"https:\\\/\\\/www.biopapa.lt\\\/#organization\"},\"potentialAction\":[{\"@type\":\"SearchAction\",\"target\":{\"@type\":\"EntryPoint\",\"urlTemplate\":\"https:\\\/\\\/www.biopapa.lt\\\/?s={search_term_string}\"},\"query-input\":{\"@type\":\"PropertyValueSpecification\",\"valueRequired\":true,\"valueName\":\"search_term_string\"}}],\"inLanguage\":\"en-US\"},{\"@type\":\"Organization\",\"@id\":\"https:\\\/\\\/www.biopapa.lt\\\/#organization\",\"name\":\"Biopapa\",\"url\":\"https:\\\/\\\/www.biopapa.lt\\\/\",\"logo\":{\"@type\":\"ImageObject\",\"inLanguage\":\"en-US\",\"@id\":\"https:\\\/\\\/www.biopapa.lt\\\/#\\\/schema\\\/logo\\\/image\\\/\",\"url\":\"https:\\\/\\\/www.biopapa.lt\\\/wp-content\\\/uploads\\\/2022\\\/04\\\/facebook_biopapa.jpg\",\"contentUrl\":\"https:\\\/\\\/www.biopapa.lt\\\/wp-content\\\/uploads\\\/2022\\\/04\\\/facebook_biopapa.jpg\",\"width\":1733,\"height\":907,\"caption\":\"Biopapa\"},\"image\":{\"@id\":\"https:\\\/\\\/www.biopapa.lt\\\/#\\\/schema\\\/logo\\\/image\\\/\"},\"sameAs\":[\"https:\\\/\\\/www.facebook.com\\\/biopapa.lt\"]}]}<\/script>\n<!-- \/ Yoast SEO plugin. -->","yoast_head_json":{"title":"Organic Indian naan bread with garlic, 240 g, TERRASANA - Biopapa","description":"Naan is a fluffy, soft bread usually served with Indian curry. It is perfect with hummus or spreads.","robots":{"index":"index","follow":"follow","max-snippet":"max-snippet:-1","max-image-preview":"max-image-preview:large","max-video-preview":"max-video-preview:-1"},"canonical":"https:\/\/www.biopapa.lt\/produktas\/ekologiska-indiska-naan-duona-su-cesnaku-240-g-terrasana\/","og_locale":"en_US","og_type":"article","og_title":"Organic Indian naan bread with garlic, 240 g, TERRASANA - Biopapa","og_description":"Naan is a fluffy, soft bread usually served with Indian curry. It is perfect with hummus or spreads.","og_url":"https:\/\/www.biopapa.lt\/produktas\/ekologiska-indiska-naan-duona-su-cesnaku-240-g-terrasana\/","og_site_name":"Biopapa","article_publisher":"https:\/\/www.facebook.com\/biopapa.lt","article_modified_time":"2025-11-26T11:29:29+00:00","og_image":[{"width":800,"height":640,"url":"https:\/\/www.biopapa.lt\/wp-content\/uploads\/2025\/10\/Ekologiska-indiska-naan-duona-su-cesnaku-240-g-TERRASANA.png","type":"image\/png"}],"twitter_card":"summary_large_image","schema":{"@context":"https:\/\/schema.org","@graph":[{"@type":"WebPage","@id":"https:\/\/www.biopapa.lt\/produktas\/ekologiska-indiska-naan-duona-su-cesnaku-240-g-terrasana\/","url":"https:\/\/www.biopapa.lt\/produktas\/ekologiska-indiska-naan-duona-su-cesnaku-240-g-terrasana\/","name":"Organic Indian naan bread with garlic, 240 g, TERRASANA - Biopapa","isPartOf":{"@id":"https:\/\/www.biopapa.lt\/#website"},"primaryImageOfPage":{"@id":"https:\/\/www.biopapa.lt\/produktas\/ekologiska-indiska-naan-duona-su-cesnaku-240-g-terrasana\/#primaryimage"},"image":{"@id":"https:\/\/www.biopapa.lt\/produktas\/ekologiska-indiska-naan-duona-su-cesnaku-240-g-terrasana\/#primaryimage"},"thumbnailUrl":"https:\/\/www.biopapa.lt\/wp-content\/uploads\/2025\/10\/Ekologiska-indiska-naan-duona-su-cesnaku-240-g-TERRASANA.png","datePublished":"2025-10-28T15:10:00+00:00","dateModified":"2025-11-26T11:29:29+00:00","description":"Naan is a fluffy, soft bread usually served with Indian curry. It is perfect with hummus or spreads.","breadcrumb":{"@id":"https:\/\/www.biopapa.lt\/produktas\/ekologiska-indiska-naan-duona-su-cesnaku-240-g-terrasana\/#breadcrumb"},"inLanguage":"en-US","potentialAction":[{"@type":"ReadAction","target":["https:\/\/www.biopapa.lt\/produktas\/ekologiska-indiska-naan-duona-su-cesnaku-240-g-terrasana\/"]}]},{"@type":"ImageObject","inLanguage":"en-US","@id":"https:\/\/www.biopapa.lt\/produktas\/ekologiska-indiska-naan-duona-su-cesnaku-240-g-terrasana\/#primaryimage","url":"https:\/\/www.biopapa.lt\/wp-content\/uploads\/2025\/10\/Ekologiska-indiska-naan-duona-su-cesnaku-240-g-TERRASANA.png","contentUrl":"https:\/\/www.biopapa.lt\/wp-content\/uploads\/2025\/10\/Ekologiska-indiska-naan-duona-su-cesnaku-240-g-TERRASANA.png","width":800,"height":640},{"@type":"BreadcrumbList","@id":"https:\/\/www.biopapa.lt\/produktas\/ekologiska-indiska-naan-duona-su-cesnaku-240-g-terrasana\/#breadcrumb","itemListElement":[{"@type":"ListItem","position":1,"name":"Home","item":"https:\/\/www.biopapa.lt\/en\/"},{"@type":"ListItem","position":2,"name":"Shop","item":"https:\/\/www.biopapa.lt\/en\/shop\/"},{"@type":"ListItem","position":3,"name":"Organic Indian naan bread with garlic, 240 g, TERRASANA"}]},{"@type":"WebSite","@id":"https:\/\/www.biopapa.lt\/#website","url":"https:\/\/www.biopapa.lt\/","name":"Biopapa","description":"\u0160var\u016bs ekologi\u0161ki produktai","publisher":{"@id":"https:\/\/www.biopapa.lt\/#organization"},"potentialAction":[{"@type":"SearchAction","target":{"@type":"EntryPoint","urlTemplate":"https:\/\/www.biopapa.lt\/?s={search_term_string}"},"query-input":{"@type":"PropertyValueSpecification","valueRequired":true,"valueName":"search_term_string"}}],"inLanguage":"en-US"},{"@type":"Organization","@id":"https:\/\/www.biopapa.lt\/#organization","name":"Biopapa","url":"https:\/\/www.biopapa.lt\/","logo":{"@type":"ImageObject","inLanguage":"en-US","@id":"https:\/\/www.biopapa.lt\/#\/schema\/logo\/image\/","url":"https:\/\/www.biopapa.lt\/wp-content\/uploads\/2022\/04\/facebook_biopapa.jpg","contentUrl":"https:\/\/www.biopapa.lt\/wp-content\/uploads\/2022\/04\/facebook_biopapa.jpg","width":1733,"height":907,"caption":"Biopapa"},"image":{"@id":"https:\/\/www.biopapa.lt\/#\/schema\/logo\/image\/"},"sameAs":["https:\/\/www.facebook.com\/biopapa.lt"]}]}},"_links":{"self":[{"href":"https:\/\/www.biopapa.lt\/en\/wp-json\/wp\/v2\/product\/198814","targetHints":{"allow":["GET"]}}],"collection":[{"href":"https:\/\/www.biopapa.lt\/en\/wp-json\/wp\/v2\/product"}],"about":[{"href":"https:\/\/www.biopapa.lt\/en\/wp-json\/wp\/v2\/types\/product"}],"wp:featuredmedia":[{"embeddable":true,"href":"https:\/\/www.biopapa.lt\/en\/wp-json\/wp\/v2\/media\/198847"}],"wp:attachment":[{"href":"https:\/\/www.biopapa.lt\/en\/wp-json\/wp\/v2\/media?parent=198814"}],"wp:term":[{"taxonomy":"product_brand","embeddable":true,"href":"https:\/\/www.biopapa.lt\/en\/wp-json\/wp\/v2\/product_brand?post=198814"},{"taxonomy":"product_cat","embeddable":true,"href":"https:\/\/www.biopapa.lt\/en\/wp-json\/wp\/v2\/product_cat?post=198814"},{"taxonomy":"product_tag","embeddable":true,"href":"https:\/\/www.biopapa.lt\/en\/wp-json\/wp\/v2\/product_tag?post=198814"}],"curies":[{"name":"wp","href":"https:\/\/api.w.org\/{rel}","templated":true}]}}