{"id":198467,"date":"2025-10-28T03:42:51","date_gmt":"2025-10-28T01:42:51","guid":{"rendered":"https:\/\/www.biopapa.lt\/?post_type=product&#038;p=198467"},"modified":"2025-11-26T13:21:05","modified_gmt":"2025-11-26T11:21:05","slug":"organic-ramen-noodles-with-buckwheat-and-shiitake-mushrooms-gluten-free-280g-4pcs-terrasana","status":"publish","type":"product","link":"https:\/\/www.biopapa.lt\/en\/produktas\/organic-ramen-noodles-with-buckwheat-and-shiitake-mushrooms-gluten-free-280g-4pcs-terrasana\/","title":{"rendered":"Organic Ramen noodles with buckwheat and shiitake mushrooms, gluten-free, 280 g (4 pieces), TERRASANA"},"content":{"rendered":"<p>Japanese twisted noodles for soup &#8211; 4 servings &#8211; 280 g.<br \/>\n<strong>Ramen<\/strong> is the perfect noodle for a perfect soup (e.g. miso). They remain pleasantly firm. These organic ramen noodles are made from buckwheat and shiitake mushrooms. Ramen is a higher-end version of instant noodles. Without flavour enhancers.     <strong>Gluten-free!<\/strong><\/p>\n<p>Preparation<br \/>\nPut these organic ramen noodles in a pot with boiling broth ( water, a spoonful of miso, vegetables and Japanese spices), and cook for 3 minutes.<\/p>\n<p><em>NOTE. The information provided on this website shall not be construed as a recommendation for treatment or any other form of health advice. We encourage you to make personal decisions about your personal health, taking into account a wide range of sources of information.<\/em><\/p>\n","protected":false},"excerpt":{"rendered":"<p>Japanese twisted noodles for soup &#8211; 4 servings &#8211; 280 g. Ramen is the perfect noodle for a perfect soup<\/p>\n","protected":false},"featured_media":198474,"template":"","meta":{"_acf_changed":false},"product_brand":[],"product_cat":[2680,2684,1851,2644],"product_tag":[2034,2088],"class_list":{"0":"post-198467","1":"product","2":"type-product","3":"status-publish","4":"has-post-thumbnail","6":"product_cat-japanese-cuisine","7":"product_cat-mixes-preparations","8":"product_cat-organic-pasta","9":"product_cat-without-gluten","10":"product_tag-gluten-free","11":"product_tag-vegan","12":"pa_svoris-1-kg-en-2","13":"pa_svoris-100-g-en-2","14":"pa_svoris-200-g-en","15":"pa_svoris-300-g-en","16":"pa_svoris-400-g-en","17":"pa_svoris-500-g-en-2","18":"pa_svoris-6-kg-en","20":"first","21":"instock","22":"shipping-taxable","23":"purchasable","24":"product-type-simple"},"acf":[],"yoast_head":"<!-- This site is optimized with the Yoast SEO plugin v27.5 - https:\/\/yoast.com\/product\/yoast-seo-wordpress\/ -->\n<title>Organic Ramen noodles with buckwheat and shiitake mushrooms, gluten-free, 280 g (4 pieces), TERRASANA - Biopapa<\/title>\n<meta name=\"description\" content=\"Organic ramen noodles made with buckwheat and shiitake mushrooms. Without flavour enhancers. Gluten-free!\" \/>\n<meta name=\"robots\" content=\"index, follow, max-snippet:-1, max-image-preview:large, max-video-preview:-1\" \/>\n<link rel=\"canonical\" href=\"https:\/\/www.biopapa.lt\/en\/produktas\/organic-ramen-noodles-with-buckwheat-and-shiitake-mushrooms-gluten-free-280g-4pcs-terrasana\/\" \/>\n<meta property=\"og:locale\" content=\"en_US\" \/>\n<meta property=\"og:type\" content=\"article\" \/>\n<meta property=\"og:title\" content=\"Organic Ramen noodles with buckwheat and shiitake mushrooms, gluten-free, 280 g (4 pieces), TERRASANA - Biopapa\" \/>\n<meta property=\"og:description\" content=\"Organic ramen noodles made with buckwheat and shiitake mushrooms. Without flavour enhancers. Gluten-free!\" \/>\n<meta property=\"og:url\" content=\"https:\/\/www.biopapa.lt\/en\/produktas\/organic-ramen-noodles-with-buckwheat-and-shiitake-mushrooms-gluten-free-280g-4pcs-terrasana\/\" \/>\n<meta property=\"og:site_name\" content=\"Biopapa\" \/>\n<meta property=\"article:publisher\" content=\"https:\/\/www.facebook.com\/biopapa.lt\" \/>\n<meta property=\"article:modified_time\" content=\"2025-11-26T11:21:05+00:00\" \/>\n<meta property=\"og:image\" content=\"https:\/\/www.biopapa.lt\/wp-content\/uploads\/2025\/10\/Ekologiski-makaronai-su-grikiais-ir-sitake-grybais-Ramen-be-glitimo-280-g-TERRASANA.png\" \/>\n\t<meta property=\"og:image:width\" content=\"800\" \/>\n\t<meta property=\"og:image:height\" content=\"640\" \/>\n\t<meta property=\"og:image:type\" content=\"image\/png\" \/>\n<meta name=\"twitter:card\" content=\"summary_large_image\" \/>\n<script type=\"application\/ld+json\" class=\"yoast-schema-graph\">{\"@context\":\"https:\\\/\\\/schema.org\",\"@graph\":[{\"@type\":\"WebPage\",\"@id\":\"https:\\\/\\\/www.biopapa.lt\\\/en\\\/produktas\\\/organic-ramen-noodles-with-buckwheat-and-shiitake-mushrooms-gluten-free-280g-4pcs-terrasana\\\/\",\"url\":\"https:\\\/\\\/www.biopapa.lt\\\/en\\\/produktas\\\/organic-ramen-noodles-with-buckwheat-and-shiitake-mushrooms-gluten-free-280g-4pcs-terrasana\\\/\",\"name\":\"Organic Ramen noodles with buckwheat and shiitake mushrooms, gluten-free, 280 g (4 pieces), TERRASANA - Biopapa\",\"isPartOf\":{\"@id\":\"https:\\\/\\\/www.biopapa.lt\\\/#website\"},\"primaryImageOfPage\":{\"@id\":\"https:\\\/\\\/www.biopapa.lt\\\/en\\\/produktas\\\/organic-ramen-noodles-with-buckwheat-and-shiitake-mushrooms-gluten-free-280g-4pcs-terrasana\\\/#primaryimage\"},\"image\":{\"@id\":\"https:\\\/\\\/www.biopapa.lt\\\/en\\\/produktas\\\/organic-ramen-noodles-with-buckwheat-and-shiitake-mushrooms-gluten-free-280g-4pcs-terrasana\\\/#primaryimage\"},\"thumbnailUrl\":\"https:\\\/\\\/www.biopapa.lt\\\/wp-content\\\/uploads\\\/2025\\\/10\\\/Ekologiski-makaronai-su-grikiais-ir-sitake-grybais-Ramen-be-glitimo-280-g-TERRASANA.png\",\"datePublished\":\"2025-10-28T01:42:51+00:00\",\"dateModified\":\"2025-11-26T11:21:05+00:00\",\"description\":\"Organic ramen noodles made with buckwheat and shiitake mushrooms. Without flavour enhancers. Gluten-free!\",\"breadcrumb\":{\"@id\":\"https:\\\/\\\/www.biopapa.lt\\\/en\\\/produktas\\\/organic-ramen-noodles-with-buckwheat-and-shiitake-mushrooms-gluten-free-280g-4pcs-terrasana\\\/#breadcrumb\"},\"inLanguage\":\"en-US\",\"potentialAction\":[{\"@type\":\"ReadAction\",\"target\":[\"https:\\\/\\\/www.biopapa.lt\\\/en\\\/produktas\\\/organic-ramen-noodles-with-buckwheat-and-shiitake-mushrooms-gluten-free-280g-4pcs-terrasana\\\/\"]}]},{\"@type\":\"ImageObject\",\"inLanguage\":\"en-US\",\"@id\":\"https:\\\/\\\/www.biopapa.lt\\\/en\\\/produktas\\\/organic-ramen-noodles-with-buckwheat-and-shiitake-mushrooms-gluten-free-280g-4pcs-terrasana\\\/#primaryimage\",\"url\":\"https:\\\/\\\/www.biopapa.lt\\\/wp-content\\\/uploads\\\/2025\\\/10\\\/Ekologiski-makaronai-su-grikiais-ir-sitake-grybais-Ramen-be-glitimo-280-g-TERRASANA.png\",\"contentUrl\":\"https:\\\/\\\/www.biopapa.lt\\\/wp-content\\\/uploads\\\/2025\\\/10\\\/Ekologiski-makaronai-su-grikiais-ir-sitake-grybais-Ramen-be-glitimo-280-g-TERRASANA.png\",\"width\":800,\"height\":640},{\"@type\":\"BreadcrumbList\",\"@id\":\"https:\\\/\\\/www.biopapa.lt\\\/en\\\/produktas\\\/organic-ramen-noodles-with-buckwheat-and-shiitake-mushrooms-gluten-free-280g-4pcs-terrasana\\\/#breadcrumb\",\"itemListElement\":[{\"@type\":\"ListItem\",\"position\":1,\"name\":\"Home\",\"item\":\"https:\\\/\\\/www.biopapa.lt\\\/en\\\/\"},{\"@type\":\"ListItem\",\"position\":2,\"name\":\"Shop\",\"item\":\"https:\\\/\\\/www.biopapa.lt\\\/en\\\/shop\\\/\"},{\"@type\":\"ListItem\",\"position\":3,\"name\":\"Organic Ramen noodles with buckwheat and shiitake mushrooms, gluten-free, 280 g (4 pieces), TERRASANA\"}]},{\"@type\":\"WebSite\",\"@id\":\"https:\\\/\\\/www.biopapa.lt\\\/#website\",\"url\":\"https:\\\/\\\/www.biopapa.lt\\\/\",\"name\":\"Biopapa\",\"description\":\"\u0160var\u016bs ekologi\u0161ki produktai\",\"publisher\":{\"@id\":\"https:\\\/\\\/www.biopapa.lt\\\/#organization\"},\"potentialAction\":[{\"@type\":\"SearchAction\",\"target\":{\"@type\":\"EntryPoint\",\"urlTemplate\":\"https:\\\/\\\/www.biopapa.lt\\\/?s={search_term_string}\"},\"query-input\":{\"@type\":\"PropertyValueSpecification\",\"valueRequired\":true,\"valueName\":\"search_term_string\"}}],\"inLanguage\":\"en-US\"},{\"@type\":\"Organization\",\"@id\":\"https:\\\/\\\/www.biopapa.lt\\\/#organization\",\"name\":\"Biopapa\",\"url\":\"https:\\\/\\\/www.biopapa.lt\\\/\",\"logo\":{\"@type\":\"ImageObject\",\"inLanguage\":\"en-US\",\"@id\":\"https:\\\/\\\/www.biopapa.lt\\\/#\\\/schema\\\/logo\\\/image\\\/\",\"url\":\"https:\\\/\\\/www.biopapa.lt\\\/wp-content\\\/uploads\\\/2022\\\/04\\\/facebook_biopapa.jpg\",\"contentUrl\":\"https:\\\/\\\/www.biopapa.lt\\\/wp-content\\\/uploads\\\/2022\\\/04\\\/facebook_biopapa.jpg\",\"width\":1733,\"height\":907,\"caption\":\"Biopapa\"},\"image\":{\"@id\":\"https:\\\/\\\/www.biopapa.lt\\\/#\\\/schema\\\/logo\\\/image\\\/\"},\"sameAs\":[\"https:\\\/\\\/www.facebook.com\\\/biopapa.lt\"]}]}<\/script>\n<!-- \/ Yoast SEO plugin. -->","yoast_head_json":{"title":"Organic Ramen noodles with buckwheat and shiitake mushrooms, gluten-free, 280 g (4 pieces), TERRASANA - Biopapa","description":"Organic ramen noodles made with buckwheat and shiitake mushrooms. Without flavour enhancers. Gluten-free!","robots":{"index":"index","follow":"follow","max-snippet":"max-snippet:-1","max-image-preview":"max-image-preview:large","max-video-preview":"max-video-preview:-1"},"canonical":"https:\/\/www.biopapa.lt\/en\/produktas\/organic-ramen-noodles-with-buckwheat-and-shiitake-mushrooms-gluten-free-280g-4pcs-terrasana\/","og_locale":"en_US","og_type":"article","og_title":"Organic Ramen noodles with buckwheat and shiitake mushrooms, gluten-free, 280 g (4 pieces), TERRASANA - Biopapa","og_description":"Organic ramen noodles made with buckwheat and shiitake mushrooms. Without flavour enhancers. Gluten-free!","og_url":"https:\/\/www.biopapa.lt\/en\/produktas\/organic-ramen-noodles-with-buckwheat-and-shiitake-mushrooms-gluten-free-280g-4pcs-terrasana\/","og_site_name":"Biopapa","article_publisher":"https:\/\/www.facebook.com\/biopapa.lt","article_modified_time":"2025-11-26T11:21:05+00:00","og_image":[{"width":800,"height":640,"url":"https:\/\/www.biopapa.lt\/wp-content\/uploads\/2025\/10\/Ekologiski-makaronai-su-grikiais-ir-sitake-grybais-Ramen-be-glitimo-280-g-TERRASANA.png","type":"image\/png"}],"twitter_card":"summary_large_image","schema":{"@context":"https:\/\/schema.org","@graph":[{"@type":"WebPage","@id":"https:\/\/www.biopapa.lt\/en\/produktas\/organic-ramen-noodles-with-buckwheat-and-shiitake-mushrooms-gluten-free-280g-4pcs-terrasana\/","url":"https:\/\/www.biopapa.lt\/en\/produktas\/organic-ramen-noodles-with-buckwheat-and-shiitake-mushrooms-gluten-free-280g-4pcs-terrasana\/","name":"Organic Ramen noodles with buckwheat and shiitake mushrooms, gluten-free, 280 g (4 pieces), TERRASANA - Biopapa","isPartOf":{"@id":"https:\/\/www.biopapa.lt\/#website"},"primaryImageOfPage":{"@id":"https:\/\/www.biopapa.lt\/en\/produktas\/organic-ramen-noodles-with-buckwheat-and-shiitake-mushrooms-gluten-free-280g-4pcs-terrasana\/#primaryimage"},"image":{"@id":"https:\/\/www.biopapa.lt\/en\/produktas\/organic-ramen-noodles-with-buckwheat-and-shiitake-mushrooms-gluten-free-280g-4pcs-terrasana\/#primaryimage"},"thumbnailUrl":"https:\/\/www.biopapa.lt\/wp-content\/uploads\/2025\/10\/Ekologiski-makaronai-su-grikiais-ir-sitake-grybais-Ramen-be-glitimo-280-g-TERRASANA.png","datePublished":"2025-10-28T01:42:51+00:00","dateModified":"2025-11-26T11:21:05+00:00","description":"Organic ramen noodles made with buckwheat and shiitake mushrooms. Without flavour enhancers. Gluten-free!","breadcrumb":{"@id":"https:\/\/www.biopapa.lt\/en\/produktas\/organic-ramen-noodles-with-buckwheat-and-shiitake-mushrooms-gluten-free-280g-4pcs-terrasana\/#breadcrumb"},"inLanguage":"en-US","potentialAction":[{"@type":"ReadAction","target":["https:\/\/www.biopapa.lt\/en\/produktas\/organic-ramen-noodles-with-buckwheat-and-shiitake-mushrooms-gluten-free-280g-4pcs-terrasana\/"]}]},{"@type":"ImageObject","inLanguage":"en-US","@id":"https:\/\/www.biopapa.lt\/en\/produktas\/organic-ramen-noodles-with-buckwheat-and-shiitake-mushrooms-gluten-free-280g-4pcs-terrasana\/#primaryimage","url":"https:\/\/www.biopapa.lt\/wp-content\/uploads\/2025\/10\/Ekologiski-makaronai-su-grikiais-ir-sitake-grybais-Ramen-be-glitimo-280-g-TERRASANA.png","contentUrl":"https:\/\/www.biopapa.lt\/wp-content\/uploads\/2025\/10\/Ekologiski-makaronai-su-grikiais-ir-sitake-grybais-Ramen-be-glitimo-280-g-TERRASANA.png","width":800,"height":640},{"@type":"BreadcrumbList","@id":"https:\/\/www.biopapa.lt\/en\/produktas\/organic-ramen-noodles-with-buckwheat-and-shiitake-mushrooms-gluten-free-280g-4pcs-terrasana\/#breadcrumb","itemListElement":[{"@type":"ListItem","position":1,"name":"Home","item":"https:\/\/www.biopapa.lt\/en\/"},{"@type":"ListItem","position":2,"name":"Shop","item":"https:\/\/www.biopapa.lt\/en\/shop\/"},{"@type":"ListItem","position":3,"name":"Organic Ramen noodles with buckwheat and shiitake mushrooms, gluten-free, 280 g (4 pieces), TERRASANA"}]},{"@type":"WebSite","@id":"https:\/\/www.biopapa.lt\/#website","url":"https:\/\/www.biopapa.lt\/","name":"Biopapa","description":"\u0160var\u016bs ekologi\u0161ki produktai","publisher":{"@id":"https:\/\/www.biopapa.lt\/#organization"},"potentialAction":[{"@type":"SearchAction","target":{"@type":"EntryPoint","urlTemplate":"https:\/\/www.biopapa.lt\/?s={search_term_string}"},"query-input":{"@type":"PropertyValueSpecification","valueRequired":true,"valueName":"search_term_string"}}],"inLanguage":"en-US"},{"@type":"Organization","@id":"https:\/\/www.biopapa.lt\/#organization","name":"Biopapa","url":"https:\/\/www.biopapa.lt\/","logo":{"@type":"ImageObject","inLanguage":"en-US","@id":"https:\/\/www.biopapa.lt\/#\/schema\/logo\/image\/","url":"https:\/\/www.biopapa.lt\/wp-content\/uploads\/2022\/04\/facebook_biopapa.jpg","contentUrl":"https:\/\/www.biopapa.lt\/wp-content\/uploads\/2022\/04\/facebook_biopapa.jpg","width":1733,"height":907,"caption":"Biopapa"},"image":{"@id":"https:\/\/www.biopapa.lt\/#\/schema\/logo\/image\/"},"sameAs":["https:\/\/www.facebook.com\/biopapa.lt"]}]}},"_links":{"self":[{"href":"https:\/\/www.biopapa.lt\/en\/wp-json\/wp\/v2\/product\/198467","targetHints":{"allow":["GET"]}}],"collection":[{"href":"https:\/\/www.biopapa.lt\/en\/wp-json\/wp\/v2\/product"}],"about":[{"href":"https:\/\/www.biopapa.lt\/en\/wp-json\/wp\/v2\/types\/product"}],"wp:featuredmedia":[{"embeddable":true,"href":"https:\/\/www.biopapa.lt\/en\/wp-json\/wp\/v2\/media\/198474"}],"wp:attachment":[{"href":"https:\/\/www.biopapa.lt\/en\/wp-json\/wp\/v2\/media?parent=198467"}],"wp:term":[{"taxonomy":"product_brand","embeddable":true,"href":"https:\/\/www.biopapa.lt\/en\/wp-json\/wp\/v2\/product_brand?post=198467"},{"taxonomy":"product_cat","embeddable":true,"href":"https:\/\/www.biopapa.lt\/en\/wp-json\/wp\/v2\/product_cat?post=198467"},{"taxonomy":"product_tag","embeddable":true,"href":"https:\/\/www.biopapa.lt\/en\/wp-json\/wp\/v2\/product_tag?post=198467"}],"curies":[{"name":"wp","href":"https:\/\/api.w.org\/{rel}","templated":true}]}}