{"id":196584,"date":"2025-10-24T08:33:25","date_gmt":"2025-10-24T05:33:25","guid":{"rendered":"https:\/\/www.biopapa.lt\/?post_type=product&#038;p=196584"},"modified":"2025-11-26T11:12:03","modified_gmt":"2025-11-26T09:12:03","slug":"organic-vietnamese-brown-rice-paper-sheets-15pcs-terrasana","status":"publish","type":"product","link":"https:\/\/www.biopapa.lt\/en\/produktas\/organic-vietnamese-brown-rice-paper-sheets-15pcs-terrasana\/","title":{"rendered":"Organic Vietnamese brown rice paper sheets, 15 pcs, TERRASANA"},"content":{"rendered":"<p><strong>Organic Vietnamese brown rice paper sheets <\/strong>are a more nutritious alternative to traditional white rice paper.<br \/>\nDo you make tasty rolls filled with vegetables and tofu? With this brown rice paper, it&#8217;s super easy to roll up and you can even bake it.<br \/>\nWith this eco-friendly brown rice paper, you&#8217;ll have a nutritious lunch quickly and easily. Tip for making the rolls: hold the rice paper under running water for about 10 seconds &#8211; do not let it get too soft. Place it on a board or plate and you&#8217;ll find that it will soften naturally as the filling is added. This will make rolling much easier. The tapioca starch makes these sheets extremely easy to handle, making them perfect for beginners and experienced kitchen enthusiasts alike. Want to spice things up? Try frying them until crispy &#8211; fry them in a pan with oil, but not in a deep fryer.       <\/p>\n<p>How to use<br \/>\nSoak the sheets one by one in lukewarm water. Do not soak for more than 5-10 seconds &#8211; they will soften during filling. Add rice noodles, vegetables and smoked tofu for example, and then dip in your favourite sauce.  <\/p>\n<p>&nbsp;<\/p>\n","protected":false},"excerpt":{"rendered":"<p>This flour is ideal for baking wholemeal bread, pasta, pancakes and other baked goods.<\/p>\n","protected":false},"featured_media":196591,"template":"","meta":{"_acf_changed":false},"product_brand":[],"product_cat":[2677,2684,2686,2644],"product_tag":[2034,2088],"class_list":{"0":"post-196584","1":"product","2":"type-product","3":"status-publish","4":"has-post-thumbnail","6":"product_cat-bread-crispbreads-crackers","7":"product_cat-mixes-preparations","8":"product_cat-oriental-cuisine","9":"product_cat-without-gluten","10":"product_tag-gluten-free","11":"product_tag-vegan","12":"pa_svoris-1-kg-en-2","13":"pa_svoris-100-g-en-2","14":"pa_svoris-200-g-en","15":"pa_svoris-25-kg-en","16":"pa_svoris-300-g-en","17":"pa_svoris-400-g-en","18":"pa_svoris-500-g-en-2","20":"first","21":"instock","22":"shipping-taxable","23":"purchasable","24":"product-type-simple"},"acf":[],"yoast_head":"<!-- This site is optimized with the Yoast SEO plugin v27.5 - https:\/\/yoast.com\/product\/yoast-seo-wordpress\/ -->\n<title>Organic Vietnamese brown rice paper sheets, 15 pcs, TERRASANA - Biopapa<\/title>\n<meta name=\"description\" content=\"Organic Vietnamese brown rice paper sheets are a more nutritious alternative to traditional white rice paper. This brown rice paper is super easy to roll and can even be baked.\" \/>\n<meta name=\"robots\" content=\"index, follow, max-snippet:-1, max-image-preview:large, max-video-preview:-1\" \/>\n<link rel=\"canonical\" href=\"https:\/\/www.biopapa.lt\/produktas\/ekologiski-ruduju-ryziu-popiekologiski-vietnamietiski-ruduju-ryziu-popieriaus-lapai-15-vnt-terrasanaeriaus-lapai-15-vnt-terrasana\/\" \/>\n<meta property=\"og:locale\" content=\"en_US\" \/>\n<meta property=\"og:type\" content=\"article\" \/>\n<meta property=\"og:title\" content=\"Organic Vietnamese brown rice paper sheets, 15 pcs, TERRASANA - Biopapa\" \/>\n<meta property=\"og:description\" content=\"Organic Vietnamese brown rice paper sheets are a more nutritious alternative to traditional white rice paper. This brown rice paper is super easy to roll and can even be baked.\" \/>\n<meta property=\"og:url\" content=\"https:\/\/www.biopapa.lt\/produktas\/ekologiski-ruduju-ryziu-popiekologiski-vietnamietiski-ruduju-ryziu-popieriaus-lapai-15-vnt-terrasanaeriaus-lapai-15-vnt-terrasana\/\" \/>\n<meta property=\"og:site_name\" content=\"Biopapa\" \/>\n<meta property=\"article:publisher\" content=\"https:\/\/www.facebook.com\/biopapa.lt\" \/>\n<meta property=\"article:modified_time\" content=\"2025-11-26T09:12:03+00:00\" \/>\n<meta property=\"og:image\" content=\"https:\/\/www.biopapa.lt\/wp-content\/uploads\/2025\/10\/Ekologiski-vietnamietiski-ruduju-ryziu-popieriaus-lapai-150-g-TERRASANA.png\" \/>\n\t<meta property=\"og:image:width\" content=\"800\" \/>\n\t<meta property=\"og:image:height\" content=\"640\" \/>\n\t<meta property=\"og:image:type\" content=\"image\/png\" \/>\n<meta name=\"twitter:card\" content=\"summary_large_image\" \/>\n<script type=\"application\/ld+json\" class=\"yoast-schema-graph\">{\"@context\":\"https:\\\/\\\/schema.org\",\"@graph\":[{\"@type\":\"WebPage\",\"@id\":\"https:\\\/\\\/www.biopapa.lt\\\/produktas\\\/ekologiski-ruduju-ryziu-popiekologiski-vietnamietiski-ruduju-ryziu-popieriaus-lapai-15-vnt-terrasanaeriaus-lapai-15-vnt-terrasana\\\/\",\"url\":\"https:\\\/\\\/www.biopapa.lt\\\/produktas\\\/ekologiski-ruduju-ryziu-popiekologiski-vietnamietiski-ruduju-ryziu-popieriaus-lapai-15-vnt-terrasanaeriaus-lapai-15-vnt-terrasana\\\/\",\"name\":\"Organic Vietnamese brown rice paper sheets, 15 pcs, TERRASANA - Biopapa\",\"isPartOf\":{\"@id\":\"https:\\\/\\\/www.biopapa.lt\\\/#website\"},\"primaryImageOfPage\":{\"@id\":\"https:\\\/\\\/www.biopapa.lt\\\/produktas\\\/ekologiski-ruduju-ryziu-popiekologiski-vietnamietiski-ruduju-ryziu-popieriaus-lapai-15-vnt-terrasanaeriaus-lapai-15-vnt-terrasana\\\/#primaryimage\"},\"image\":{\"@id\":\"https:\\\/\\\/www.biopapa.lt\\\/produktas\\\/ekologiski-ruduju-ryziu-popiekologiski-vietnamietiski-ruduju-ryziu-popieriaus-lapai-15-vnt-terrasanaeriaus-lapai-15-vnt-terrasana\\\/#primaryimage\"},\"thumbnailUrl\":\"https:\\\/\\\/www.biopapa.lt\\\/wp-content\\\/uploads\\\/2025\\\/10\\\/Ekologiski-vietnamietiski-ruduju-ryziu-popieriaus-lapai-150-g-TERRASANA.png\",\"datePublished\":\"2025-10-24T05:33:25+00:00\",\"dateModified\":\"2025-11-26T09:12:03+00:00\",\"description\":\"Organic Vietnamese brown rice paper sheets are a more nutritious alternative to traditional white rice paper. This brown rice paper is super easy to roll and can even be baked.\",\"breadcrumb\":{\"@id\":\"https:\\\/\\\/www.biopapa.lt\\\/produktas\\\/ekologiski-ruduju-ryziu-popiekologiski-vietnamietiski-ruduju-ryziu-popieriaus-lapai-15-vnt-terrasanaeriaus-lapai-15-vnt-terrasana\\\/#breadcrumb\"},\"inLanguage\":\"en-US\",\"potentialAction\":[{\"@type\":\"ReadAction\",\"target\":[\"https:\\\/\\\/www.biopapa.lt\\\/produktas\\\/ekologiski-ruduju-ryziu-popiekologiski-vietnamietiski-ruduju-ryziu-popieriaus-lapai-15-vnt-terrasanaeriaus-lapai-15-vnt-terrasana\\\/\"]}]},{\"@type\":\"ImageObject\",\"inLanguage\":\"en-US\",\"@id\":\"https:\\\/\\\/www.biopapa.lt\\\/produktas\\\/ekologiski-ruduju-ryziu-popiekologiski-vietnamietiski-ruduju-ryziu-popieriaus-lapai-15-vnt-terrasanaeriaus-lapai-15-vnt-terrasana\\\/#primaryimage\",\"url\":\"https:\\\/\\\/www.biopapa.lt\\\/wp-content\\\/uploads\\\/2025\\\/10\\\/Ekologiski-vietnamietiski-ruduju-ryziu-popieriaus-lapai-150-g-TERRASANA.png\",\"contentUrl\":\"https:\\\/\\\/www.biopapa.lt\\\/wp-content\\\/uploads\\\/2025\\\/10\\\/Ekologiski-vietnamietiski-ruduju-ryziu-popieriaus-lapai-150-g-TERRASANA.png\",\"width\":800,\"height\":640},{\"@type\":\"BreadcrumbList\",\"@id\":\"https:\\\/\\\/www.biopapa.lt\\\/produktas\\\/ekologiski-ruduju-ryziu-popiekologiski-vietnamietiski-ruduju-ryziu-popieriaus-lapai-15-vnt-terrasanaeriaus-lapai-15-vnt-terrasana\\\/#breadcrumb\",\"itemListElement\":[{\"@type\":\"ListItem\",\"position\":1,\"name\":\"Home\",\"item\":\"https:\\\/\\\/www.biopapa.lt\\\/en\\\/\"},{\"@type\":\"ListItem\",\"position\":2,\"name\":\"Shop\",\"item\":\"https:\\\/\\\/www.biopapa.lt\\\/en\\\/shop\\\/\"},{\"@type\":\"ListItem\",\"position\":3,\"name\":\"Organic Vietnamese brown rice paper sheets, 15 pcs, TERRASANA\"}]},{\"@type\":\"WebSite\",\"@id\":\"https:\\\/\\\/www.biopapa.lt\\\/#website\",\"url\":\"https:\\\/\\\/www.biopapa.lt\\\/\",\"name\":\"Biopapa\",\"description\":\"\u0160var\u016bs ekologi\u0161ki produktai\",\"publisher\":{\"@id\":\"https:\\\/\\\/www.biopapa.lt\\\/#organization\"},\"potentialAction\":[{\"@type\":\"SearchAction\",\"target\":{\"@type\":\"EntryPoint\",\"urlTemplate\":\"https:\\\/\\\/www.biopapa.lt\\\/?s={search_term_string}\"},\"query-input\":{\"@type\":\"PropertyValueSpecification\",\"valueRequired\":true,\"valueName\":\"search_term_string\"}}],\"inLanguage\":\"en-US\"},{\"@type\":\"Organization\",\"@id\":\"https:\\\/\\\/www.biopapa.lt\\\/#organization\",\"name\":\"Biopapa\",\"url\":\"https:\\\/\\\/www.biopapa.lt\\\/\",\"logo\":{\"@type\":\"ImageObject\",\"inLanguage\":\"en-US\",\"@id\":\"https:\\\/\\\/www.biopapa.lt\\\/#\\\/schema\\\/logo\\\/image\\\/\",\"url\":\"https:\\\/\\\/www.biopapa.lt\\\/wp-content\\\/uploads\\\/2022\\\/04\\\/facebook_biopapa.jpg\",\"contentUrl\":\"https:\\\/\\\/www.biopapa.lt\\\/wp-content\\\/uploads\\\/2022\\\/04\\\/facebook_biopapa.jpg\",\"width\":1733,\"height\":907,\"caption\":\"Biopapa\"},\"image\":{\"@id\":\"https:\\\/\\\/www.biopapa.lt\\\/#\\\/schema\\\/logo\\\/image\\\/\"},\"sameAs\":[\"https:\\\/\\\/www.facebook.com\\\/biopapa.lt\"]}]}<\/script>\n<!-- \/ Yoast SEO plugin. -->","yoast_head_json":{"title":"Organic Vietnamese brown rice paper sheets, 15 pcs, TERRASANA - Biopapa","description":"Organic Vietnamese brown rice paper sheets are a more nutritious alternative to traditional white rice paper. This brown rice paper is super easy to roll and can even be baked.","robots":{"index":"index","follow":"follow","max-snippet":"max-snippet:-1","max-image-preview":"max-image-preview:large","max-video-preview":"max-video-preview:-1"},"canonical":"https:\/\/www.biopapa.lt\/produktas\/ekologiski-ruduju-ryziu-popiekologiski-vietnamietiski-ruduju-ryziu-popieriaus-lapai-15-vnt-terrasanaeriaus-lapai-15-vnt-terrasana\/","og_locale":"en_US","og_type":"article","og_title":"Organic Vietnamese brown rice paper sheets, 15 pcs, TERRASANA - Biopapa","og_description":"Organic Vietnamese brown rice paper sheets are a more nutritious alternative to traditional white rice paper. This brown rice paper is super easy to roll and can even be baked.","og_url":"https:\/\/www.biopapa.lt\/produktas\/ekologiski-ruduju-ryziu-popiekologiski-vietnamietiski-ruduju-ryziu-popieriaus-lapai-15-vnt-terrasanaeriaus-lapai-15-vnt-terrasana\/","og_site_name":"Biopapa","article_publisher":"https:\/\/www.facebook.com\/biopapa.lt","article_modified_time":"2025-11-26T09:12:03+00:00","og_image":[{"width":800,"height":640,"url":"https:\/\/www.biopapa.lt\/wp-content\/uploads\/2025\/10\/Ekologiski-vietnamietiski-ruduju-ryziu-popieriaus-lapai-150-g-TERRASANA.png","type":"image\/png"}],"twitter_card":"summary_large_image","schema":{"@context":"https:\/\/schema.org","@graph":[{"@type":"WebPage","@id":"https:\/\/www.biopapa.lt\/produktas\/ekologiski-ruduju-ryziu-popiekologiski-vietnamietiski-ruduju-ryziu-popieriaus-lapai-15-vnt-terrasanaeriaus-lapai-15-vnt-terrasana\/","url":"https:\/\/www.biopapa.lt\/produktas\/ekologiski-ruduju-ryziu-popiekologiski-vietnamietiski-ruduju-ryziu-popieriaus-lapai-15-vnt-terrasanaeriaus-lapai-15-vnt-terrasana\/","name":"Organic Vietnamese brown rice paper sheets, 15 pcs, TERRASANA - Biopapa","isPartOf":{"@id":"https:\/\/www.biopapa.lt\/#website"},"primaryImageOfPage":{"@id":"https:\/\/www.biopapa.lt\/produktas\/ekologiski-ruduju-ryziu-popiekologiski-vietnamietiski-ruduju-ryziu-popieriaus-lapai-15-vnt-terrasanaeriaus-lapai-15-vnt-terrasana\/#primaryimage"},"image":{"@id":"https:\/\/www.biopapa.lt\/produktas\/ekologiski-ruduju-ryziu-popiekologiski-vietnamietiski-ruduju-ryziu-popieriaus-lapai-15-vnt-terrasanaeriaus-lapai-15-vnt-terrasana\/#primaryimage"},"thumbnailUrl":"https:\/\/www.biopapa.lt\/wp-content\/uploads\/2025\/10\/Ekologiski-vietnamietiski-ruduju-ryziu-popieriaus-lapai-150-g-TERRASANA.png","datePublished":"2025-10-24T05:33:25+00:00","dateModified":"2025-11-26T09:12:03+00:00","description":"Organic Vietnamese brown rice paper sheets are a more nutritious alternative to traditional white rice paper. This brown rice paper is super easy to roll and can even be baked.","breadcrumb":{"@id":"https:\/\/www.biopapa.lt\/produktas\/ekologiski-ruduju-ryziu-popiekologiski-vietnamietiski-ruduju-ryziu-popieriaus-lapai-15-vnt-terrasanaeriaus-lapai-15-vnt-terrasana\/#breadcrumb"},"inLanguage":"en-US","potentialAction":[{"@type":"ReadAction","target":["https:\/\/www.biopapa.lt\/produktas\/ekologiski-ruduju-ryziu-popiekologiski-vietnamietiski-ruduju-ryziu-popieriaus-lapai-15-vnt-terrasanaeriaus-lapai-15-vnt-terrasana\/"]}]},{"@type":"ImageObject","inLanguage":"en-US","@id":"https:\/\/www.biopapa.lt\/produktas\/ekologiski-ruduju-ryziu-popiekologiski-vietnamietiski-ruduju-ryziu-popieriaus-lapai-15-vnt-terrasanaeriaus-lapai-15-vnt-terrasana\/#primaryimage","url":"https:\/\/www.biopapa.lt\/wp-content\/uploads\/2025\/10\/Ekologiski-vietnamietiski-ruduju-ryziu-popieriaus-lapai-150-g-TERRASANA.png","contentUrl":"https:\/\/www.biopapa.lt\/wp-content\/uploads\/2025\/10\/Ekologiski-vietnamietiski-ruduju-ryziu-popieriaus-lapai-150-g-TERRASANA.png","width":800,"height":640},{"@type":"BreadcrumbList","@id":"https:\/\/www.biopapa.lt\/produktas\/ekologiski-ruduju-ryziu-popiekologiski-vietnamietiski-ruduju-ryziu-popieriaus-lapai-15-vnt-terrasanaeriaus-lapai-15-vnt-terrasana\/#breadcrumb","itemListElement":[{"@type":"ListItem","position":1,"name":"Home","item":"https:\/\/www.biopapa.lt\/en\/"},{"@type":"ListItem","position":2,"name":"Shop","item":"https:\/\/www.biopapa.lt\/en\/shop\/"},{"@type":"ListItem","position":3,"name":"Organic Vietnamese brown rice paper sheets, 15 pcs, TERRASANA"}]},{"@type":"WebSite","@id":"https:\/\/www.biopapa.lt\/#website","url":"https:\/\/www.biopapa.lt\/","name":"Biopapa","description":"\u0160var\u016bs ekologi\u0161ki produktai","publisher":{"@id":"https:\/\/www.biopapa.lt\/#organization"},"potentialAction":[{"@type":"SearchAction","target":{"@type":"EntryPoint","urlTemplate":"https:\/\/www.biopapa.lt\/?s={search_term_string}"},"query-input":{"@type":"PropertyValueSpecification","valueRequired":true,"valueName":"search_term_string"}}],"inLanguage":"en-US"},{"@type":"Organization","@id":"https:\/\/www.biopapa.lt\/#organization","name":"Biopapa","url":"https:\/\/www.biopapa.lt\/","logo":{"@type":"ImageObject","inLanguage":"en-US","@id":"https:\/\/www.biopapa.lt\/#\/schema\/logo\/image\/","url":"https:\/\/www.biopapa.lt\/wp-content\/uploads\/2022\/04\/facebook_biopapa.jpg","contentUrl":"https:\/\/www.biopapa.lt\/wp-content\/uploads\/2022\/04\/facebook_biopapa.jpg","width":1733,"height":907,"caption":"Biopapa"},"image":{"@id":"https:\/\/www.biopapa.lt\/#\/schema\/logo\/image\/"},"sameAs":["https:\/\/www.facebook.com\/biopapa.lt"]}]}},"_links":{"self":[{"href":"https:\/\/www.biopapa.lt\/en\/wp-json\/wp\/v2\/product\/196584","targetHints":{"allow":["GET"]}}],"collection":[{"href":"https:\/\/www.biopapa.lt\/en\/wp-json\/wp\/v2\/product"}],"about":[{"href":"https:\/\/www.biopapa.lt\/en\/wp-json\/wp\/v2\/types\/product"}],"wp:featuredmedia":[{"embeddable":true,"href":"https:\/\/www.biopapa.lt\/en\/wp-json\/wp\/v2\/media\/196591"}],"wp:attachment":[{"href":"https:\/\/www.biopapa.lt\/en\/wp-json\/wp\/v2\/media?parent=196584"}],"wp:term":[{"taxonomy":"product_brand","embeddable":true,"href":"https:\/\/www.biopapa.lt\/en\/wp-json\/wp\/v2\/product_brand?post=196584"},{"taxonomy":"product_cat","embeddable":true,"href":"https:\/\/www.biopapa.lt\/en\/wp-json\/wp\/v2\/product_cat?post=196584"},{"taxonomy":"product_tag","embeddable":true,"href":"https:\/\/www.biopapa.lt\/en\/wp-json\/wp\/v2\/product_tag?post=196584"}],"curies":[{"name":"wp","href":"https:\/\/api.w.org\/{rel}","templated":true}]}}