{"id":196276,"date":"2025-10-23T17:57:21","date_gmt":"2025-10-23T14:57:21","guid":{"rendered":"https:\/\/www.biopapa.lt\/?post_type=product&#038;p=196276"},"modified":"2025-11-20T12:57:08","modified_gmt":"2025-11-20T10:57:08","slug":"organic-sweet-creamy-sauce-with-balsamic-vinegar-balsamico-di-modena-250ml-terrasana","status":"publish","type":"product","link":"https:\/\/www.biopapa.lt\/en\/produktas\/organic-sweet-creamy-sauce-with-balsamic-vinegar-balsamico-di-modena-250ml-terrasana\/","title":{"rendered":"Organic sweet and creamy sauce with balsamic vinegar Balsamico Di Modena, 250 ml, TERRASANA"},"content":{"rendered":"<p><strong>Organic sweet cream sauce with balsamic vinegar Balsamico Di Modena, 250 ml<br \/>\n<\/strong>Balsamic cream has a similar taste to balsamic vinegar, but is much sweeter and has a thicker, syrupy consistency. Made from grape must and 20 % balsamic vinegar. Corn starch is used to thicken it slightly.<br \/><!-- -->Why use it? You can use it anywhere &#8211; caramelise onions or add extra flavour to your salads, roasted vegetables or snacks.<br \/>\nBalsamic syrup is also great for garnishing a dish.   <\/p>\n<p>Shake before use.<\/p>\n<p>&nbsp;<\/p>\n<p><em>NOTE. The information provided on this website shall not be construed as a recommendation for treatment or any other form of health advice. We encourage you to make personal decisions about your personal health, taking into account a wide range of sources of information.<\/em><\/p>\n<p>&nbsp;<\/p>\n","protected":false},"excerpt":{"rendered":"<p>Organic sweet cream sauce with balsamic vinegar Balsamico Di Modena, 250 ml Balsamic cream has a similar taste to balsamic<\/p>\n","protected":false},"featured_media":196284,"template":"","meta":{"_acf_changed":false},"product_brand":[],"product_cat":[2678,1840,1954,1950],"product_tag":[2038,2088],"class_list":{"0":"post-196276","1":"product","2":"type-product","3":"status-publish","4":"has-post-thumbnail","6":"product_cat-italian-cuisine","7":"product_cat-oil-vinegar-and-sauces","8":"product_cat-sauces-and-spreads","9":"product_cat-vinegar","10":"product_tag-no-added-sugar","11":"product_tag-vegan","13":"first","14":"instock","15":"shipping-taxable","16":"purchasable","17":"product-type-simple"},"acf":[],"yoast_head":"<!-- This site is optimized with the Yoast SEO plugin v27.4 - https:\/\/yoast.com\/product\/yoast-seo-wordpress\/ -->\n<title>Organic sweet and creamy sauce with balsamic vinegar Balsamico Di Modena, 250 ml, TERRASANA - Biopapa<\/title>\n<meta name=\"description\" content=\"Organic sweet cream sauce with balsamic vinegar Balsamico Di Modena - Balsamic cream has a similar taste to balsamic vinegar, but is much sweeter and has a thicker, syrupy consistency.\" \/>\n<meta name=\"robots\" content=\"index, follow, max-snippet:-1, max-image-preview:large, max-video-preview:-1\" \/>\n<link rel=\"canonical\" href=\"https:\/\/www.biopapa.lt\/en\/produktas\/organic-sweet-creamy-sauce-with-balsamic-vinegar-balsamico-di-modena-250ml-terrasana\/\" \/>\n<meta property=\"og:locale\" content=\"en_US\" \/>\n<meta property=\"og:type\" content=\"article\" \/>\n<meta property=\"og:title\" content=\"Organic sweet and creamy sauce with balsamic vinegar Balsamico Di Modena, 250 ml, TERRASANA - Biopapa\" \/>\n<meta property=\"og:description\" content=\"Organic sweet cream sauce with balsamic vinegar Balsamico Di Modena - Balsamic cream has a similar taste to balsamic vinegar, but is much sweeter and has a thicker, syrupy consistency.\" \/>\n<meta property=\"og:url\" content=\"https:\/\/www.biopapa.lt\/en\/produktas\/organic-sweet-creamy-sauce-with-balsamic-vinegar-balsamico-di-modena-250ml-terrasana\/\" \/>\n<meta property=\"og:site_name\" content=\"Biopapa\" \/>\n<meta property=\"article:publisher\" content=\"https:\/\/www.facebook.com\/biopapa.lt\" \/>\n<meta property=\"article:modified_time\" content=\"2025-11-20T10:57:08+00:00\" \/>\n<meta property=\"og:image\" content=\"https:\/\/www.biopapa.lt\/wp-content\/uploads\/2025\/10\/Ekologiskas-saldus-kreminis-padazas-su-balzaminiu-actu-Balsamico-Di-Modena-250-ml-TERRASANA.png\" \/>\n\t<meta property=\"og:image:width\" content=\"800\" \/>\n\t<meta property=\"og:image:height\" content=\"640\" \/>\n\t<meta property=\"og:image:type\" content=\"image\/png\" \/>\n<meta name=\"twitter:card\" content=\"summary_large_image\" \/>\n<script type=\"application\/ld+json\" class=\"yoast-schema-graph\">{\"@context\":\"https:\\\/\\\/schema.org\",\"@graph\":[{\"@type\":\"WebPage\",\"@id\":\"https:\\\/\\\/www.biopapa.lt\\\/en\\\/produktas\\\/organic-sweet-creamy-sauce-with-balsamic-vinegar-balsamico-di-modena-250ml-terrasana\\\/\",\"url\":\"https:\\\/\\\/www.biopapa.lt\\\/en\\\/produktas\\\/organic-sweet-creamy-sauce-with-balsamic-vinegar-balsamico-di-modena-250ml-terrasana\\\/\",\"name\":\"Organic sweet and creamy sauce with balsamic vinegar Balsamico Di Modena, 250 ml, TERRASANA - Biopapa\",\"isPartOf\":{\"@id\":\"https:\\\/\\\/www.biopapa.lt\\\/#website\"},\"primaryImageOfPage\":{\"@id\":\"https:\\\/\\\/www.biopapa.lt\\\/en\\\/produktas\\\/organic-sweet-creamy-sauce-with-balsamic-vinegar-balsamico-di-modena-250ml-terrasana\\\/#primaryimage\"},\"image\":{\"@id\":\"https:\\\/\\\/www.biopapa.lt\\\/en\\\/produktas\\\/organic-sweet-creamy-sauce-with-balsamic-vinegar-balsamico-di-modena-250ml-terrasana\\\/#primaryimage\"},\"thumbnailUrl\":\"https:\\\/\\\/www.biopapa.lt\\\/wp-content\\\/uploads\\\/2025\\\/10\\\/Ekologiskas-saldus-kreminis-padazas-su-balzaminiu-actu-Balsamico-Di-Modena-250-ml-TERRASANA.png\",\"datePublished\":\"2025-10-23T14:57:21+00:00\",\"dateModified\":\"2025-11-20T10:57:08+00:00\",\"description\":\"Organic sweet cream sauce with balsamic vinegar Balsamico Di Modena - Balsamic cream has a similar taste to balsamic vinegar, but is much sweeter and has a thicker, syrupy consistency.\",\"breadcrumb\":{\"@id\":\"https:\\\/\\\/www.biopapa.lt\\\/en\\\/produktas\\\/organic-sweet-creamy-sauce-with-balsamic-vinegar-balsamico-di-modena-250ml-terrasana\\\/#breadcrumb\"},\"inLanguage\":\"en-US\",\"potentialAction\":[{\"@type\":\"ReadAction\",\"target\":[\"https:\\\/\\\/www.biopapa.lt\\\/en\\\/produktas\\\/organic-sweet-creamy-sauce-with-balsamic-vinegar-balsamico-di-modena-250ml-terrasana\\\/\"]}]},{\"@type\":\"ImageObject\",\"inLanguage\":\"en-US\",\"@id\":\"https:\\\/\\\/www.biopapa.lt\\\/en\\\/produktas\\\/organic-sweet-creamy-sauce-with-balsamic-vinegar-balsamico-di-modena-250ml-terrasana\\\/#primaryimage\",\"url\":\"https:\\\/\\\/www.biopapa.lt\\\/wp-content\\\/uploads\\\/2025\\\/10\\\/Ekologiskas-saldus-kreminis-padazas-su-balzaminiu-actu-Balsamico-Di-Modena-250-ml-TERRASANA.png\",\"contentUrl\":\"https:\\\/\\\/www.biopapa.lt\\\/wp-content\\\/uploads\\\/2025\\\/10\\\/Ekologiskas-saldus-kreminis-padazas-su-balzaminiu-actu-Balsamico-Di-Modena-250-ml-TERRASANA.png\",\"width\":800,\"height\":640},{\"@type\":\"BreadcrumbList\",\"@id\":\"https:\\\/\\\/www.biopapa.lt\\\/en\\\/produktas\\\/organic-sweet-creamy-sauce-with-balsamic-vinegar-balsamico-di-modena-250ml-terrasana\\\/#breadcrumb\",\"itemListElement\":[{\"@type\":\"ListItem\",\"position\":1,\"name\":\"Home\",\"item\":\"https:\\\/\\\/www.biopapa.lt\\\/en\\\/\"},{\"@type\":\"ListItem\",\"position\":2,\"name\":\"Shop\",\"item\":\"https:\\\/\\\/www.biopapa.lt\\\/en\\\/shop\\\/\"},{\"@type\":\"ListItem\",\"position\":3,\"name\":\"Organic sweet and creamy sauce with balsamic vinegar Balsamico Di Modena, 250 ml, TERRASANA\"}]},{\"@type\":\"WebSite\",\"@id\":\"https:\\\/\\\/www.biopapa.lt\\\/#website\",\"url\":\"https:\\\/\\\/www.biopapa.lt\\\/\",\"name\":\"Biopapa\",\"description\":\"\u0160var\u016bs ekologi\u0161ki produktai\",\"publisher\":{\"@id\":\"https:\\\/\\\/www.biopapa.lt\\\/#organization\"},\"potentialAction\":[{\"@type\":\"SearchAction\",\"target\":{\"@type\":\"EntryPoint\",\"urlTemplate\":\"https:\\\/\\\/www.biopapa.lt\\\/?s={search_term_string}\"},\"query-input\":{\"@type\":\"PropertyValueSpecification\",\"valueRequired\":true,\"valueName\":\"search_term_string\"}}],\"inLanguage\":\"en-US\"},{\"@type\":\"Organization\",\"@id\":\"https:\\\/\\\/www.biopapa.lt\\\/#organization\",\"name\":\"Biopapa\",\"url\":\"https:\\\/\\\/www.biopapa.lt\\\/\",\"logo\":{\"@type\":\"ImageObject\",\"inLanguage\":\"en-US\",\"@id\":\"https:\\\/\\\/www.biopapa.lt\\\/#\\\/schema\\\/logo\\\/image\\\/\",\"url\":\"https:\\\/\\\/www.biopapa.lt\\\/wp-content\\\/uploads\\\/2022\\\/04\\\/facebook_biopapa.jpg\",\"contentUrl\":\"https:\\\/\\\/www.biopapa.lt\\\/wp-content\\\/uploads\\\/2022\\\/04\\\/facebook_biopapa.jpg\",\"width\":1733,\"height\":907,\"caption\":\"Biopapa\"},\"image\":{\"@id\":\"https:\\\/\\\/www.biopapa.lt\\\/#\\\/schema\\\/logo\\\/image\\\/\"},\"sameAs\":[\"https:\\\/\\\/www.facebook.com\\\/biopapa.lt\"]}]}<\/script>\n<!-- \/ Yoast SEO plugin. -->","yoast_head_json":{"title":"Organic sweet and creamy sauce with balsamic vinegar Balsamico Di Modena, 250 ml, TERRASANA - Biopapa","description":"Organic sweet cream sauce with balsamic vinegar Balsamico Di Modena - Balsamic cream has a similar taste to balsamic vinegar, but is much sweeter and has a thicker, syrupy consistency.","robots":{"index":"index","follow":"follow","max-snippet":"max-snippet:-1","max-image-preview":"max-image-preview:large","max-video-preview":"max-video-preview:-1"},"canonical":"https:\/\/www.biopapa.lt\/en\/produktas\/organic-sweet-creamy-sauce-with-balsamic-vinegar-balsamico-di-modena-250ml-terrasana\/","og_locale":"en_US","og_type":"article","og_title":"Organic sweet and creamy sauce with balsamic vinegar Balsamico Di Modena, 250 ml, TERRASANA - Biopapa","og_description":"Organic sweet cream sauce with balsamic vinegar Balsamico Di Modena - Balsamic cream has a similar taste to balsamic vinegar, but is much sweeter and has a thicker, syrupy consistency.","og_url":"https:\/\/www.biopapa.lt\/en\/produktas\/organic-sweet-creamy-sauce-with-balsamic-vinegar-balsamico-di-modena-250ml-terrasana\/","og_site_name":"Biopapa","article_publisher":"https:\/\/www.facebook.com\/biopapa.lt","article_modified_time":"2025-11-20T10:57:08+00:00","og_image":[{"width":800,"height":640,"url":"https:\/\/www.biopapa.lt\/wp-content\/uploads\/2025\/10\/Ekologiskas-saldus-kreminis-padazas-su-balzaminiu-actu-Balsamico-Di-Modena-250-ml-TERRASANA.png","type":"image\/png"}],"twitter_card":"summary_large_image","schema":{"@context":"https:\/\/schema.org","@graph":[{"@type":"WebPage","@id":"https:\/\/www.biopapa.lt\/en\/produktas\/organic-sweet-creamy-sauce-with-balsamic-vinegar-balsamico-di-modena-250ml-terrasana\/","url":"https:\/\/www.biopapa.lt\/en\/produktas\/organic-sweet-creamy-sauce-with-balsamic-vinegar-balsamico-di-modena-250ml-terrasana\/","name":"Organic sweet and creamy sauce with balsamic vinegar Balsamico Di Modena, 250 ml, TERRASANA - Biopapa","isPartOf":{"@id":"https:\/\/www.biopapa.lt\/#website"},"primaryImageOfPage":{"@id":"https:\/\/www.biopapa.lt\/en\/produktas\/organic-sweet-creamy-sauce-with-balsamic-vinegar-balsamico-di-modena-250ml-terrasana\/#primaryimage"},"image":{"@id":"https:\/\/www.biopapa.lt\/en\/produktas\/organic-sweet-creamy-sauce-with-balsamic-vinegar-balsamico-di-modena-250ml-terrasana\/#primaryimage"},"thumbnailUrl":"https:\/\/www.biopapa.lt\/wp-content\/uploads\/2025\/10\/Ekologiskas-saldus-kreminis-padazas-su-balzaminiu-actu-Balsamico-Di-Modena-250-ml-TERRASANA.png","datePublished":"2025-10-23T14:57:21+00:00","dateModified":"2025-11-20T10:57:08+00:00","description":"Organic sweet cream sauce with balsamic vinegar Balsamico Di Modena - Balsamic cream has a similar taste to balsamic vinegar, but is much sweeter and has a thicker, syrupy consistency.","breadcrumb":{"@id":"https:\/\/www.biopapa.lt\/en\/produktas\/organic-sweet-creamy-sauce-with-balsamic-vinegar-balsamico-di-modena-250ml-terrasana\/#breadcrumb"},"inLanguage":"en-US","potentialAction":[{"@type":"ReadAction","target":["https:\/\/www.biopapa.lt\/en\/produktas\/organic-sweet-creamy-sauce-with-balsamic-vinegar-balsamico-di-modena-250ml-terrasana\/"]}]},{"@type":"ImageObject","inLanguage":"en-US","@id":"https:\/\/www.biopapa.lt\/en\/produktas\/organic-sweet-creamy-sauce-with-balsamic-vinegar-balsamico-di-modena-250ml-terrasana\/#primaryimage","url":"https:\/\/www.biopapa.lt\/wp-content\/uploads\/2025\/10\/Ekologiskas-saldus-kreminis-padazas-su-balzaminiu-actu-Balsamico-Di-Modena-250-ml-TERRASANA.png","contentUrl":"https:\/\/www.biopapa.lt\/wp-content\/uploads\/2025\/10\/Ekologiskas-saldus-kreminis-padazas-su-balzaminiu-actu-Balsamico-Di-Modena-250-ml-TERRASANA.png","width":800,"height":640},{"@type":"BreadcrumbList","@id":"https:\/\/www.biopapa.lt\/en\/produktas\/organic-sweet-creamy-sauce-with-balsamic-vinegar-balsamico-di-modena-250ml-terrasana\/#breadcrumb","itemListElement":[{"@type":"ListItem","position":1,"name":"Home","item":"https:\/\/www.biopapa.lt\/en\/"},{"@type":"ListItem","position":2,"name":"Shop","item":"https:\/\/www.biopapa.lt\/en\/shop\/"},{"@type":"ListItem","position":3,"name":"Organic sweet and creamy sauce with balsamic vinegar Balsamico Di Modena, 250 ml, TERRASANA"}]},{"@type":"WebSite","@id":"https:\/\/www.biopapa.lt\/#website","url":"https:\/\/www.biopapa.lt\/","name":"Biopapa","description":"\u0160var\u016bs ekologi\u0161ki produktai","publisher":{"@id":"https:\/\/www.biopapa.lt\/#organization"},"potentialAction":[{"@type":"SearchAction","target":{"@type":"EntryPoint","urlTemplate":"https:\/\/www.biopapa.lt\/?s={search_term_string}"},"query-input":{"@type":"PropertyValueSpecification","valueRequired":true,"valueName":"search_term_string"}}],"inLanguage":"en-US"},{"@type":"Organization","@id":"https:\/\/www.biopapa.lt\/#organization","name":"Biopapa","url":"https:\/\/www.biopapa.lt\/","logo":{"@type":"ImageObject","inLanguage":"en-US","@id":"https:\/\/www.biopapa.lt\/#\/schema\/logo\/image\/","url":"https:\/\/www.biopapa.lt\/wp-content\/uploads\/2022\/04\/facebook_biopapa.jpg","contentUrl":"https:\/\/www.biopapa.lt\/wp-content\/uploads\/2022\/04\/facebook_biopapa.jpg","width":1733,"height":907,"caption":"Biopapa"},"image":{"@id":"https:\/\/www.biopapa.lt\/#\/schema\/logo\/image\/"},"sameAs":["https:\/\/www.facebook.com\/biopapa.lt"]}]}},"_links":{"self":[{"href":"https:\/\/www.biopapa.lt\/en\/wp-json\/wp\/v2\/product\/196276","targetHints":{"allow":["GET"]}}],"collection":[{"href":"https:\/\/www.biopapa.lt\/en\/wp-json\/wp\/v2\/product"}],"about":[{"href":"https:\/\/www.biopapa.lt\/en\/wp-json\/wp\/v2\/types\/product"}],"wp:featuredmedia":[{"embeddable":true,"href":"https:\/\/www.biopapa.lt\/en\/wp-json\/wp\/v2\/media\/196284"}],"wp:attachment":[{"href":"https:\/\/www.biopapa.lt\/en\/wp-json\/wp\/v2\/media?parent=196276"}],"wp:term":[{"taxonomy":"product_brand","embeddable":true,"href":"https:\/\/www.biopapa.lt\/en\/wp-json\/wp\/v2\/product_brand?post=196276"},{"taxonomy":"product_cat","embeddable":true,"href":"https:\/\/www.biopapa.lt\/en\/wp-json\/wp\/v2\/product_cat?post=196276"},{"taxonomy":"product_tag","embeddable":true,"href":"https:\/\/www.biopapa.lt\/en\/wp-json\/wp\/v2\/product_tag?post=196276"}],"curies":[{"name":"wp","href":"https:\/\/api.w.org\/{rel}","templated":true}]}}