{"id":196257,"date":"2025-10-23T17:21:34","date_gmt":"2025-10-23T14:21:34","guid":{"rendered":"https:\/\/www.biopapa.lt\/?post_type=product&#038;p=196257"},"modified":"2025-11-20T12:53:56","modified_gmt":"2025-11-20T10:53:56","slug":"organic-japanese-teriyaki-wok-sauce-240g-terrasana","status":"publish","type":"product","link":"https:\/\/www.biopapa.lt\/en\/produktas\/organic-japanese-teriyaki-wok-sauce-240g-terrasana\/","title":{"rendered":"Organic Japanese Teriyaki Wok Sauce, 240 g, TERRASANA"},"content":{"rendered":"<p><strong>Organic Japanese Teriyaki Wok Sauce, 240 g<br \/>\n<\/strong>This ready-to-use wok sauce is 100% organic and has a short ingredient list. The main ingredient is Japanese tamari (soy sauce) and the wok sauce is sweetened with coconut blossom sugar. Organic herbs give the Japanese wok sauce an authentic teriyaki flavour. Give a Japanese flavour to vegetables and rice dishes.<br \/>\nTeriyaki is a sauce based on soy sauce, but the umami flavour is made richer by sweet notes. A great accompaniment to healthy and quick wok dishes. Simple and tasty.     <\/p>\n<p>How to use<br \/>\nIn a frying pan or wok, fry the vegetables and tofu or seitan for a few minutes. Add a generous amount of teriyaki wok sauce and heat until the dish develops a strong flavour. Half a bottle is sufficient for a meal for 2 persons.  <\/p>\n<p>&nbsp;<\/p>\n<p><em>NOTE. The information provided on this website shall not be construed as a recommendation for treatment or any other form of health advice. We encourage you to make personal decisions about your personal health, taking into account a wide range of sources of information.<\/em><\/p>\n<p>&nbsp;<\/p>\n","protected":false},"excerpt":{"rendered":"<p>Organic Japanese Teriyaki Wok Sauce, 240 g This ready-to-use wok sauce is 100% organic and has a short ingredient list.<\/p>\n","protected":false},"featured_media":196263,"template":"","meta":{"_acf_changed":false},"product_brand":[],"product_cat":[2680,1954,2644],"product_tag":[2034,2088],"class_list":{"0":"post-196257","1":"product","2":"type-product","3":"status-publish","4":"has-post-thumbnail","6":"product_cat-japanese-cuisine","7":"product_cat-sauces-and-spreads","8":"product_cat-without-gluten","9":"product_tag-gluten-free","10":"product_tag-vegan","12":"first","13":"instock","14":"shipping-taxable","15":"purchasable","16":"product-type-simple"},"acf":[],"yoast_head":"<!-- This site is optimized with the Yoast SEO plugin v27.4 - https:\/\/yoast.com\/product\/yoast-seo-wordpress\/ -->\n<title>Organic Japanese Teriyaki Wok Sauce, 240 g, TERRASANA - Biopapa<\/title>\n<meta name=\"description\" content=\"Organic Japanese Teriyaki Wok Sauce - bring Japanese flavour to your vegetables and rice dishes.\" \/>\n<meta name=\"robots\" content=\"index, follow, max-snippet:-1, max-image-preview:large, max-video-preview:-1\" \/>\n<link rel=\"canonical\" href=\"https:\/\/www.biopapa.lt\/en\/produktas\/organic-japanese-teriyaki-wok-sauce-240g-terrasana\/\" \/>\n<meta property=\"og:locale\" content=\"en_US\" \/>\n<meta property=\"og:type\" content=\"article\" \/>\n<meta property=\"og:title\" content=\"Organic Japanese Teriyaki Wok Sauce, 240 g, TERRASANA - Biopapa\" \/>\n<meta property=\"og:description\" content=\"Organic Japanese Teriyaki Wok Sauce - bring Japanese flavour to your vegetables and rice dishes.\" \/>\n<meta property=\"og:url\" content=\"https:\/\/www.biopapa.lt\/en\/produktas\/organic-japanese-teriyaki-wok-sauce-240g-terrasana\/\" \/>\n<meta property=\"og:site_name\" content=\"Biopapa\" \/>\n<meta property=\"article:publisher\" content=\"https:\/\/www.facebook.com\/biopapa.lt\" \/>\n<meta property=\"article:modified_time\" content=\"2025-11-20T10:53:56+00:00\" \/>\n<meta property=\"og:image\" content=\"https:\/\/www.biopapa.lt\/wp-content\/uploads\/2025\/10\/Ekologiskas-japoniskas-padazas-Teriyaki-Wok-240-g-TERRASANA.png\" \/>\n\t<meta property=\"og:image:width\" content=\"800\" \/>\n\t<meta property=\"og:image:height\" content=\"640\" \/>\n\t<meta property=\"og:image:type\" content=\"image\/png\" \/>\n<meta name=\"twitter:card\" content=\"summary_large_image\" \/>\n<script type=\"application\/ld+json\" class=\"yoast-schema-graph\">{\"@context\":\"https:\\\/\\\/schema.org\",\"@graph\":[{\"@type\":\"WebPage\",\"@id\":\"https:\\\/\\\/www.biopapa.lt\\\/en\\\/produktas\\\/organic-japanese-teriyaki-wok-sauce-240g-terrasana\\\/\",\"url\":\"https:\\\/\\\/www.biopapa.lt\\\/en\\\/produktas\\\/organic-japanese-teriyaki-wok-sauce-240g-terrasana\\\/\",\"name\":\"Organic Japanese Teriyaki Wok Sauce, 240 g, TERRASANA - Biopapa\",\"isPartOf\":{\"@id\":\"https:\\\/\\\/www.biopapa.lt\\\/#website\"},\"primaryImageOfPage\":{\"@id\":\"https:\\\/\\\/www.biopapa.lt\\\/en\\\/produktas\\\/organic-japanese-teriyaki-wok-sauce-240g-terrasana\\\/#primaryimage\"},\"image\":{\"@id\":\"https:\\\/\\\/www.biopapa.lt\\\/en\\\/produktas\\\/organic-japanese-teriyaki-wok-sauce-240g-terrasana\\\/#primaryimage\"},\"thumbnailUrl\":\"https:\\\/\\\/www.biopapa.lt\\\/wp-content\\\/uploads\\\/2025\\\/10\\\/Ekologiskas-japoniskas-padazas-Teriyaki-Wok-240-g-TERRASANA.png\",\"datePublished\":\"2025-10-23T14:21:34+00:00\",\"dateModified\":\"2025-11-20T10:53:56+00:00\",\"description\":\"Organic Japanese Teriyaki Wok Sauce - bring Japanese flavour to your vegetables and rice dishes.\",\"breadcrumb\":{\"@id\":\"https:\\\/\\\/www.biopapa.lt\\\/en\\\/produktas\\\/organic-japanese-teriyaki-wok-sauce-240g-terrasana\\\/#breadcrumb\"},\"inLanguage\":\"en-US\",\"potentialAction\":[{\"@type\":\"ReadAction\",\"target\":[\"https:\\\/\\\/www.biopapa.lt\\\/en\\\/produktas\\\/organic-japanese-teriyaki-wok-sauce-240g-terrasana\\\/\"]}]},{\"@type\":\"ImageObject\",\"inLanguage\":\"en-US\",\"@id\":\"https:\\\/\\\/www.biopapa.lt\\\/en\\\/produktas\\\/organic-japanese-teriyaki-wok-sauce-240g-terrasana\\\/#primaryimage\",\"url\":\"https:\\\/\\\/www.biopapa.lt\\\/wp-content\\\/uploads\\\/2025\\\/10\\\/Ekologiskas-japoniskas-padazas-Teriyaki-Wok-240-g-TERRASANA.png\",\"contentUrl\":\"https:\\\/\\\/www.biopapa.lt\\\/wp-content\\\/uploads\\\/2025\\\/10\\\/Ekologiskas-japoniskas-padazas-Teriyaki-Wok-240-g-TERRASANA.png\",\"width\":800,\"height\":640},{\"@type\":\"BreadcrumbList\",\"@id\":\"https:\\\/\\\/www.biopapa.lt\\\/en\\\/produktas\\\/organic-japanese-teriyaki-wok-sauce-240g-terrasana\\\/#breadcrumb\",\"itemListElement\":[{\"@type\":\"ListItem\",\"position\":1,\"name\":\"Home\",\"item\":\"https:\\\/\\\/www.biopapa.lt\\\/en\\\/\"},{\"@type\":\"ListItem\",\"position\":2,\"name\":\"Shop\",\"item\":\"https:\\\/\\\/www.biopapa.lt\\\/en\\\/shop\\\/\"},{\"@type\":\"ListItem\",\"position\":3,\"name\":\"Organic Japanese Teriyaki Wok Sauce, 240 g, TERRASANA\"}]},{\"@type\":\"WebSite\",\"@id\":\"https:\\\/\\\/www.biopapa.lt\\\/#website\",\"url\":\"https:\\\/\\\/www.biopapa.lt\\\/\",\"name\":\"Biopapa\",\"description\":\"\u0160var\u016bs ekologi\u0161ki produktai\",\"publisher\":{\"@id\":\"https:\\\/\\\/www.biopapa.lt\\\/#organization\"},\"potentialAction\":[{\"@type\":\"SearchAction\",\"target\":{\"@type\":\"EntryPoint\",\"urlTemplate\":\"https:\\\/\\\/www.biopapa.lt\\\/?s={search_term_string}\"},\"query-input\":{\"@type\":\"PropertyValueSpecification\",\"valueRequired\":true,\"valueName\":\"search_term_string\"}}],\"inLanguage\":\"en-US\"},{\"@type\":\"Organization\",\"@id\":\"https:\\\/\\\/www.biopapa.lt\\\/#organization\",\"name\":\"Biopapa\",\"url\":\"https:\\\/\\\/www.biopapa.lt\\\/\",\"logo\":{\"@type\":\"ImageObject\",\"inLanguage\":\"en-US\",\"@id\":\"https:\\\/\\\/www.biopapa.lt\\\/#\\\/schema\\\/logo\\\/image\\\/\",\"url\":\"https:\\\/\\\/www.biopapa.lt\\\/wp-content\\\/uploads\\\/2022\\\/04\\\/facebook_biopapa.jpg\",\"contentUrl\":\"https:\\\/\\\/www.biopapa.lt\\\/wp-content\\\/uploads\\\/2022\\\/04\\\/facebook_biopapa.jpg\",\"width\":1733,\"height\":907,\"caption\":\"Biopapa\"},\"image\":{\"@id\":\"https:\\\/\\\/www.biopapa.lt\\\/#\\\/schema\\\/logo\\\/image\\\/\"},\"sameAs\":[\"https:\\\/\\\/www.facebook.com\\\/biopapa.lt\"]}]}<\/script>\n<!-- \/ Yoast SEO plugin. -->","yoast_head_json":{"title":"Organic Japanese Teriyaki Wok Sauce, 240 g, TERRASANA - Biopapa","description":"Organic Japanese Teriyaki Wok Sauce - bring Japanese flavour to your vegetables and rice dishes.","robots":{"index":"index","follow":"follow","max-snippet":"max-snippet:-1","max-image-preview":"max-image-preview:large","max-video-preview":"max-video-preview:-1"},"canonical":"https:\/\/www.biopapa.lt\/en\/produktas\/organic-japanese-teriyaki-wok-sauce-240g-terrasana\/","og_locale":"en_US","og_type":"article","og_title":"Organic Japanese Teriyaki Wok Sauce, 240 g, TERRASANA - Biopapa","og_description":"Organic Japanese Teriyaki Wok Sauce - bring Japanese flavour to your vegetables and rice dishes.","og_url":"https:\/\/www.biopapa.lt\/en\/produktas\/organic-japanese-teriyaki-wok-sauce-240g-terrasana\/","og_site_name":"Biopapa","article_publisher":"https:\/\/www.facebook.com\/biopapa.lt","article_modified_time":"2025-11-20T10:53:56+00:00","og_image":[{"width":800,"height":640,"url":"https:\/\/www.biopapa.lt\/wp-content\/uploads\/2025\/10\/Ekologiskas-japoniskas-padazas-Teriyaki-Wok-240-g-TERRASANA.png","type":"image\/png"}],"twitter_card":"summary_large_image","schema":{"@context":"https:\/\/schema.org","@graph":[{"@type":"WebPage","@id":"https:\/\/www.biopapa.lt\/en\/produktas\/organic-japanese-teriyaki-wok-sauce-240g-terrasana\/","url":"https:\/\/www.biopapa.lt\/en\/produktas\/organic-japanese-teriyaki-wok-sauce-240g-terrasana\/","name":"Organic Japanese Teriyaki Wok Sauce, 240 g, TERRASANA - Biopapa","isPartOf":{"@id":"https:\/\/www.biopapa.lt\/#website"},"primaryImageOfPage":{"@id":"https:\/\/www.biopapa.lt\/en\/produktas\/organic-japanese-teriyaki-wok-sauce-240g-terrasana\/#primaryimage"},"image":{"@id":"https:\/\/www.biopapa.lt\/en\/produktas\/organic-japanese-teriyaki-wok-sauce-240g-terrasana\/#primaryimage"},"thumbnailUrl":"https:\/\/www.biopapa.lt\/wp-content\/uploads\/2025\/10\/Ekologiskas-japoniskas-padazas-Teriyaki-Wok-240-g-TERRASANA.png","datePublished":"2025-10-23T14:21:34+00:00","dateModified":"2025-11-20T10:53:56+00:00","description":"Organic Japanese Teriyaki Wok Sauce - bring Japanese flavour to your vegetables and rice dishes.","breadcrumb":{"@id":"https:\/\/www.biopapa.lt\/en\/produktas\/organic-japanese-teriyaki-wok-sauce-240g-terrasana\/#breadcrumb"},"inLanguage":"en-US","potentialAction":[{"@type":"ReadAction","target":["https:\/\/www.biopapa.lt\/en\/produktas\/organic-japanese-teriyaki-wok-sauce-240g-terrasana\/"]}]},{"@type":"ImageObject","inLanguage":"en-US","@id":"https:\/\/www.biopapa.lt\/en\/produktas\/organic-japanese-teriyaki-wok-sauce-240g-terrasana\/#primaryimage","url":"https:\/\/www.biopapa.lt\/wp-content\/uploads\/2025\/10\/Ekologiskas-japoniskas-padazas-Teriyaki-Wok-240-g-TERRASANA.png","contentUrl":"https:\/\/www.biopapa.lt\/wp-content\/uploads\/2025\/10\/Ekologiskas-japoniskas-padazas-Teriyaki-Wok-240-g-TERRASANA.png","width":800,"height":640},{"@type":"BreadcrumbList","@id":"https:\/\/www.biopapa.lt\/en\/produktas\/organic-japanese-teriyaki-wok-sauce-240g-terrasana\/#breadcrumb","itemListElement":[{"@type":"ListItem","position":1,"name":"Home","item":"https:\/\/www.biopapa.lt\/en\/"},{"@type":"ListItem","position":2,"name":"Shop","item":"https:\/\/www.biopapa.lt\/en\/shop\/"},{"@type":"ListItem","position":3,"name":"Organic Japanese Teriyaki Wok Sauce, 240 g, TERRASANA"}]},{"@type":"WebSite","@id":"https:\/\/www.biopapa.lt\/#website","url":"https:\/\/www.biopapa.lt\/","name":"Biopapa","description":"\u0160var\u016bs ekologi\u0161ki produktai","publisher":{"@id":"https:\/\/www.biopapa.lt\/#organization"},"potentialAction":[{"@type":"SearchAction","target":{"@type":"EntryPoint","urlTemplate":"https:\/\/www.biopapa.lt\/?s={search_term_string}"},"query-input":{"@type":"PropertyValueSpecification","valueRequired":true,"valueName":"search_term_string"}}],"inLanguage":"en-US"},{"@type":"Organization","@id":"https:\/\/www.biopapa.lt\/#organization","name":"Biopapa","url":"https:\/\/www.biopapa.lt\/","logo":{"@type":"ImageObject","inLanguage":"en-US","@id":"https:\/\/www.biopapa.lt\/#\/schema\/logo\/image\/","url":"https:\/\/www.biopapa.lt\/wp-content\/uploads\/2022\/04\/facebook_biopapa.jpg","contentUrl":"https:\/\/www.biopapa.lt\/wp-content\/uploads\/2022\/04\/facebook_biopapa.jpg","width":1733,"height":907,"caption":"Biopapa"},"image":{"@id":"https:\/\/www.biopapa.lt\/#\/schema\/logo\/image\/"},"sameAs":["https:\/\/www.facebook.com\/biopapa.lt"]}]}},"_links":{"self":[{"href":"https:\/\/www.biopapa.lt\/en\/wp-json\/wp\/v2\/product\/196257","targetHints":{"allow":["GET"]}}],"collection":[{"href":"https:\/\/www.biopapa.lt\/en\/wp-json\/wp\/v2\/product"}],"about":[{"href":"https:\/\/www.biopapa.lt\/en\/wp-json\/wp\/v2\/types\/product"}],"wp:featuredmedia":[{"embeddable":true,"href":"https:\/\/www.biopapa.lt\/en\/wp-json\/wp\/v2\/media\/196263"}],"wp:attachment":[{"href":"https:\/\/www.biopapa.lt\/en\/wp-json\/wp\/v2\/media?parent=196257"}],"wp:term":[{"taxonomy":"product_brand","embeddable":true,"href":"https:\/\/www.biopapa.lt\/en\/wp-json\/wp\/v2\/product_brand?post=196257"},{"taxonomy":"product_cat","embeddable":true,"href":"https:\/\/www.biopapa.lt\/en\/wp-json\/wp\/v2\/product_cat?post=196257"},{"taxonomy":"product_tag","embeddable":true,"href":"https:\/\/www.biopapa.lt\/en\/wp-json\/wp\/v2\/product_tag?post=196257"}],"curies":[{"name":"wp","href":"https:\/\/api.w.org\/{rel}","templated":true}]}}