{"id":196138,"date":"2025-10-23T14:41:36","date_gmt":"2025-10-23T11:41:36","guid":{"rendered":"https:\/\/www.biopapa.lt\/?post_type=product&#038;p=196138"},"modified":"2025-11-06T08:37:48","modified_gmt":"2025-11-06T06:37:48","slug":"organic-pumpkin-seed-cream-250g-terrasana","status":"publish","type":"product","link":"https:\/\/www.biopapa.lt\/en\/produktas\/organic-pumpkin-seed-cream-250g-terrasana\/","title":{"rendered":"Organic pumpkin seed cream, 250 g, TERRASANA"},"content":{"rendered":"<p><strong>Organic pumpkin seed cream, 250 g<\/strong><br \/>\nDo you like healthy snacks but want something different from peanut butter? This roasted pumpkin seed cream spreads easily and tastes great. It can be used as a spread, sauce or as a base for sauces and condiments. The best thing about this organic pumpkin seed cream is that its flavour is suitable for both savoury and sweet dishes. As versatile as peanut butter! We make this seed cream ourselves, with a lot of love &#8211; and you can really feel it.<br \/>\nThis product is not suitable for people with allergies to sesame, peanuts, hazelnuts, cashews and almonds.<br \/>\nVegan; Gluten-free; No added sugar; Protein source.     <\/p>\n<p>&nbsp;<\/p>\n<p>&nbsp;<\/p>\n","protected":false},"excerpt":{"rendered":"<p>Organic pumpkin seed cream, 250 g Do you like healthy snacks but want something different from peanut butter? This roasted<\/p>\n","protected":false},"featured_media":196144,"template":"","meta":{"_acf_changed":false},"product_brand":[],"product_cat":[2644,2014,2399],"product_tag":[2030,2034,2038,2088],"class_list":{"0":"post-196138","1":"product","2":"type-product","3":"status-publish","4":"has-post-thumbnail","6":"product_cat-without-gluten","7":"product_cat-snacks","8":"product_cat-nut-and-seed-cream","9":"product_tag-a-source-of-protein","10":"product_tag-gluten-free","11":"product_tag-no-added-sugar","12":"product_tag-vegan","14":"first","15":"instock","16":"shipping-taxable","17":"purchasable","18":"product-type-simple"},"acf":[],"yoast_head":"<!-- This site is optimized with the Yoast SEO plugin v27.4 - https:\/\/yoast.com\/product\/yoast-seo-wordpress\/ -->\n<title>Organic pumpkin seed cream, 250 g, TERRASANA - Biopapa<\/title>\n<meta name=\"description\" content=\"Do you like healthy snacks but want something other than peanut butter? This cream of roasted organic pumpkin seeds spreads easily and tastes great.\" \/>\n<meta name=\"robots\" content=\"index, follow, max-snippet:-1, max-image-preview:large, max-video-preview:-1\" \/>\n<link rel=\"canonical\" href=\"https:\/\/www.biopapa.lt\/en\/produktas\/organic-pumpkin-seed-cream-250g-terrasana\/\" \/>\n<meta property=\"og:locale\" content=\"en_US\" \/>\n<meta property=\"og:type\" content=\"article\" \/>\n<meta property=\"og:title\" content=\"Organic pumpkin seed cream, 250 g, TERRASANA - Biopapa\" \/>\n<meta property=\"og:description\" content=\"Do you like healthy snacks but want something other than peanut butter? This cream of roasted organic pumpkin seeds spreads easily and tastes great.\" \/>\n<meta property=\"og:url\" content=\"https:\/\/www.biopapa.lt\/en\/produktas\/organic-pumpkin-seed-cream-250g-terrasana\/\" \/>\n<meta property=\"og:site_name\" content=\"Biopapa\" \/>\n<meta property=\"article:publisher\" content=\"https:\/\/www.facebook.com\/biopapa.lt\" \/>\n<meta property=\"article:modified_time\" content=\"2025-11-06T06:37:48+00:00\" \/>\n<meta property=\"og:image\" content=\"https:\/\/www.biopapa.lt\/wp-content\/uploads\/2025\/10\/Ekologiskas-moliugu-seklu-kremas-250-g-TERRASANA.png\" \/>\n\t<meta property=\"og:image:width\" content=\"800\" \/>\n\t<meta property=\"og:image:height\" content=\"640\" \/>\n\t<meta property=\"og:image:type\" content=\"image\/png\" \/>\n<meta name=\"twitter:card\" content=\"summary_large_image\" \/>\n<script type=\"application\/ld+json\" class=\"yoast-schema-graph\">{\"@context\":\"https:\\\/\\\/schema.org\",\"@graph\":[{\"@type\":\"WebPage\",\"@id\":\"https:\\\/\\\/www.biopapa.lt\\\/en\\\/produktas\\\/organic-pumpkin-seed-cream-250g-terrasana\\\/\",\"url\":\"https:\\\/\\\/www.biopapa.lt\\\/en\\\/produktas\\\/organic-pumpkin-seed-cream-250g-terrasana\\\/\",\"name\":\"Organic pumpkin seed cream, 250 g, TERRASANA - Biopapa\",\"isPartOf\":{\"@id\":\"https:\\\/\\\/www.biopapa.lt\\\/#website\"},\"primaryImageOfPage\":{\"@id\":\"https:\\\/\\\/www.biopapa.lt\\\/en\\\/produktas\\\/organic-pumpkin-seed-cream-250g-terrasana\\\/#primaryimage\"},\"image\":{\"@id\":\"https:\\\/\\\/www.biopapa.lt\\\/en\\\/produktas\\\/organic-pumpkin-seed-cream-250g-terrasana\\\/#primaryimage\"},\"thumbnailUrl\":\"https:\\\/\\\/www.biopapa.lt\\\/wp-content\\\/uploads\\\/2025\\\/10\\\/Ekologiskas-moliugu-seklu-kremas-250-g-TERRASANA.png\",\"datePublished\":\"2025-10-23T11:41:36+00:00\",\"dateModified\":\"2025-11-06T06:37:48+00:00\",\"description\":\"Do you like healthy snacks but want something other than peanut butter? This cream of roasted organic pumpkin seeds spreads easily and tastes great.\",\"breadcrumb\":{\"@id\":\"https:\\\/\\\/www.biopapa.lt\\\/en\\\/produktas\\\/organic-pumpkin-seed-cream-250g-terrasana\\\/#breadcrumb\"},\"inLanguage\":\"en-US\",\"potentialAction\":[{\"@type\":\"ReadAction\",\"target\":[\"https:\\\/\\\/www.biopapa.lt\\\/en\\\/produktas\\\/organic-pumpkin-seed-cream-250g-terrasana\\\/\"]}]},{\"@type\":\"ImageObject\",\"inLanguage\":\"en-US\",\"@id\":\"https:\\\/\\\/www.biopapa.lt\\\/en\\\/produktas\\\/organic-pumpkin-seed-cream-250g-terrasana\\\/#primaryimage\",\"url\":\"https:\\\/\\\/www.biopapa.lt\\\/wp-content\\\/uploads\\\/2025\\\/10\\\/Ekologiskas-moliugu-seklu-kremas-250-g-TERRASANA.png\",\"contentUrl\":\"https:\\\/\\\/www.biopapa.lt\\\/wp-content\\\/uploads\\\/2025\\\/10\\\/Ekologiskas-moliugu-seklu-kremas-250-g-TERRASANA.png\",\"width\":800,\"height\":640},{\"@type\":\"BreadcrumbList\",\"@id\":\"https:\\\/\\\/www.biopapa.lt\\\/en\\\/produktas\\\/organic-pumpkin-seed-cream-250g-terrasana\\\/#breadcrumb\",\"itemListElement\":[{\"@type\":\"ListItem\",\"position\":1,\"name\":\"Home\",\"item\":\"https:\\\/\\\/www.biopapa.lt\\\/en\\\/\"},{\"@type\":\"ListItem\",\"position\":2,\"name\":\"Shop\",\"item\":\"https:\\\/\\\/www.biopapa.lt\\\/en\\\/shop\\\/\"},{\"@type\":\"ListItem\",\"position\":3,\"name\":\"Organic pumpkin seed cream, 250 g, TERRASANA\"}]},{\"@type\":\"WebSite\",\"@id\":\"https:\\\/\\\/www.biopapa.lt\\\/#website\",\"url\":\"https:\\\/\\\/www.biopapa.lt\\\/\",\"name\":\"Biopapa\",\"description\":\"\u0160var\u016bs ekologi\u0161ki produktai\",\"publisher\":{\"@id\":\"https:\\\/\\\/www.biopapa.lt\\\/#organization\"},\"potentialAction\":[{\"@type\":\"SearchAction\",\"target\":{\"@type\":\"EntryPoint\",\"urlTemplate\":\"https:\\\/\\\/www.biopapa.lt\\\/?s={search_term_string}\"},\"query-input\":{\"@type\":\"PropertyValueSpecification\",\"valueRequired\":true,\"valueName\":\"search_term_string\"}}],\"inLanguage\":\"en-US\"},{\"@type\":\"Organization\",\"@id\":\"https:\\\/\\\/www.biopapa.lt\\\/#organization\",\"name\":\"Biopapa\",\"url\":\"https:\\\/\\\/www.biopapa.lt\\\/\",\"logo\":{\"@type\":\"ImageObject\",\"inLanguage\":\"en-US\",\"@id\":\"https:\\\/\\\/www.biopapa.lt\\\/#\\\/schema\\\/logo\\\/image\\\/\",\"url\":\"https:\\\/\\\/www.biopapa.lt\\\/wp-content\\\/uploads\\\/2022\\\/04\\\/facebook_biopapa.jpg\",\"contentUrl\":\"https:\\\/\\\/www.biopapa.lt\\\/wp-content\\\/uploads\\\/2022\\\/04\\\/facebook_biopapa.jpg\",\"width\":1733,\"height\":907,\"caption\":\"Biopapa\"},\"image\":{\"@id\":\"https:\\\/\\\/www.biopapa.lt\\\/#\\\/schema\\\/logo\\\/image\\\/\"},\"sameAs\":[\"https:\\\/\\\/www.facebook.com\\\/biopapa.lt\"]}]}<\/script>\n<!-- \/ Yoast SEO plugin. -->","yoast_head_json":{"title":"Organic pumpkin seed cream, 250 g, TERRASANA - Biopapa","description":"Do you like healthy snacks but want something other than peanut butter? This cream of roasted organic pumpkin seeds spreads easily and tastes great.","robots":{"index":"index","follow":"follow","max-snippet":"max-snippet:-1","max-image-preview":"max-image-preview:large","max-video-preview":"max-video-preview:-1"},"canonical":"https:\/\/www.biopapa.lt\/en\/produktas\/organic-pumpkin-seed-cream-250g-terrasana\/","og_locale":"en_US","og_type":"article","og_title":"Organic pumpkin seed cream, 250 g, TERRASANA - Biopapa","og_description":"Do you like healthy snacks but want something other than peanut butter? This cream of roasted organic pumpkin seeds spreads easily and tastes great.","og_url":"https:\/\/www.biopapa.lt\/en\/produktas\/organic-pumpkin-seed-cream-250g-terrasana\/","og_site_name":"Biopapa","article_publisher":"https:\/\/www.facebook.com\/biopapa.lt","article_modified_time":"2025-11-06T06:37:48+00:00","og_image":[{"width":800,"height":640,"url":"https:\/\/www.biopapa.lt\/wp-content\/uploads\/2025\/10\/Ekologiskas-moliugu-seklu-kremas-250-g-TERRASANA.png","type":"image\/png"}],"twitter_card":"summary_large_image","schema":{"@context":"https:\/\/schema.org","@graph":[{"@type":"WebPage","@id":"https:\/\/www.biopapa.lt\/en\/produktas\/organic-pumpkin-seed-cream-250g-terrasana\/","url":"https:\/\/www.biopapa.lt\/en\/produktas\/organic-pumpkin-seed-cream-250g-terrasana\/","name":"Organic pumpkin seed cream, 250 g, TERRASANA - Biopapa","isPartOf":{"@id":"https:\/\/www.biopapa.lt\/#website"},"primaryImageOfPage":{"@id":"https:\/\/www.biopapa.lt\/en\/produktas\/organic-pumpkin-seed-cream-250g-terrasana\/#primaryimage"},"image":{"@id":"https:\/\/www.biopapa.lt\/en\/produktas\/organic-pumpkin-seed-cream-250g-terrasana\/#primaryimage"},"thumbnailUrl":"https:\/\/www.biopapa.lt\/wp-content\/uploads\/2025\/10\/Ekologiskas-moliugu-seklu-kremas-250-g-TERRASANA.png","datePublished":"2025-10-23T11:41:36+00:00","dateModified":"2025-11-06T06:37:48+00:00","description":"Do you like healthy snacks but want something other than peanut butter? This cream of roasted organic pumpkin seeds spreads easily and tastes great.","breadcrumb":{"@id":"https:\/\/www.biopapa.lt\/en\/produktas\/organic-pumpkin-seed-cream-250g-terrasana\/#breadcrumb"},"inLanguage":"en-US","potentialAction":[{"@type":"ReadAction","target":["https:\/\/www.biopapa.lt\/en\/produktas\/organic-pumpkin-seed-cream-250g-terrasana\/"]}]},{"@type":"ImageObject","inLanguage":"en-US","@id":"https:\/\/www.biopapa.lt\/en\/produktas\/organic-pumpkin-seed-cream-250g-terrasana\/#primaryimage","url":"https:\/\/www.biopapa.lt\/wp-content\/uploads\/2025\/10\/Ekologiskas-moliugu-seklu-kremas-250-g-TERRASANA.png","contentUrl":"https:\/\/www.biopapa.lt\/wp-content\/uploads\/2025\/10\/Ekologiskas-moliugu-seklu-kremas-250-g-TERRASANA.png","width":800,"height":640},{"@type":"BreadcrumbList","@id":"https:\/\/www.biopapa.lt\/en\/produktas\/organic-pumpkin-seed-cream-250g-terrasana\/#breadcrumb","itemListElement":[{"@type":"ListItem","position":1,"name":"Home","item":"https:\/\/www.biopapa.lt\/en\/"},{"@type":"ListItem","position":2,"name":"Shop","item":"https:\/\/www.biopapa.lt\/en\/shop\/"},{"@type":"ListItem","position":3,"name":"Organic pumpkin seed cream, 250 g, TERRASANA"}]},{"@type":"WebSite","@id":"https:\/\/www.biopapa.lt\/#website","url":"https:\/\/www.biopapa.lt\/","name":"Biopapa","description":"\u0160var\u016bs ekologi\u0161ki produktai","publisher":{"@id":"https:\/\/www.biopapa.lt\/#organization"},"potentialAction":[{"@type":"SearchAction","target":{"@type":"EntryPoint","urlTemplate":"https:\/\/www.biopapa.lt\/?s={search_term_string}"},"query-input":{"@type":"PropertyValueSpecification","valueRequired":true,"valueName":"search_term_string"}}],"inLanguage":"en-US"},{"@type":"Organization","@id":"https:\/\/www.biopapa.lt\/#organization","name":"Biopapa","url":"https:\/\/www.biopapa.lt\/","logo":{"@type":"ImageObject","inLanguage":"en-US","@id":"https:\/\/www.biopapa.lt\/#\/schema\/logo\/image\/","url":"https:\/\/www.biopapa.lt\/wp-content\/uploads\/2022\/04\/facebook_biopapa.jpg","contentUrl":"https:\/\/www.biopapa.lt\/wp-content\/uploads\/2022\/04\/facebook_biopapa.jpg","width":1733,"height":907,"caption":"Biopapa"},"image":{"@id":"https:\/\/www.biopapa.lt\/#\/schema\/logo\/image\/"},"sameAs":["https:\/\/www.facebook.com\/biopapa.lt"]}]}},"_links":{"self":[{"href":"https:\/\/www.biopapa.lt\/en\/wp-json\/wp\/v2\/product\/196138","targetHints":{"allow":["GET"]}}],"collection":[{"href":"https:\/\/www.biopapa.lt\/en\/wp-json\/wp\/v2\/product"}],"about":[{"href":"https:\/\/www.biopapa.lt\/en\/wp-json\/wp\/v2\/types\/product"}],"wp:featuredmedia":[{"embeddable":true,"href":"https:\/\/www.biopapa.lt\/en\/wp-json\/wp\/v2\/media\/196144"}],"wp:attachment":[{"href":"https:\/\/www.biopapa.lt\/en\/wp-json\/wp\/v2\/media?parent=196138"}],"wp:term":[{"taxonomy":"product_brand","embeddable":true,"href":"https:\/\/www.biopapa.lt\/en\/wp-json\/wp\/v2\/product_brand?post=196138"},{"taxonomy":"product_cat","embeddable":true,"href":"https:\/\/www.biopapa.lt\/en\/wp-json\/wp\/v2\/product_cat?post=196138"},{"taxonomy":"product_tag","embeddable":true,"href":"https:\/\/www.biopapa.lt\/en\/wp-json\/wp\/v2\/product_tag?post=196138"}],"curies":[{"name":"wp","href":"https:\/\/api.w.org\/{rel}","templated":true}]}}