{"id":195989,"date":"2025-10-23T12:41:47","date_gmt":"2025-10-23T09:41:47","guid":{"rendered":"https:\/\/www.biopapa.lt\/?post_type=product&#038;p=195989"},"modified":"2026-03-04T10:53:35","modified_gmt":"2026-03-04T08:53:35","slug":"organic-wheat-pasta-gnocchetti-sardi","status":"publish","type":"product","link":"https:\/\/www.biopapa.lt\/en\/produktas\/organic-wheat-pasta-gnocchetti-sardi\/","title":{"rendered":"Organic wheat pasta GNOCCHETTI SARDI"},"content":{"rendered":"<p><strong>Organic wheat pasta GNOCCHETTI SARDI<br \/>\n<\/strong>Wheat pasta <em>gnocchi<\/em> is 100% organic wheat pasta. This wheat pasta is made using traditional methods such as temperature-controlled drying in a bronze drying mould, which enhances the properties of the raw material, thus guaranteeing an authentic, high quality product made with love and professionalism. <strong><br \/>\n<\/strong><\/p>\n<p>&nbsp;<\/p>\n<p><em>NOTE. The information provided on this website shall not be construed as a recommendation for treatment or any other form of health advice. We encourage you to make personal decisions about your personal health, taking into account a wide range of sources of information.<\/em><\/p>\n","protected":false},"excerpt":{"rendered":"<p>Organic wheat pasta GNOCCHETTI SARDI Wheat pasta gnocchi is 100% organic wheat pasta. This wheat pasta is made using traditional<\/p>\n","protected":false},"featured_media":212694,"template":"","meta":{"_acf_changed":false},"product_brand":[],"product_cat":[2678,1851],"product_tag":[2088],"class_list":{"0":"post-195989","1":"product","2":"type-product","3":"status-publish","4":"has-post-thumbnail","6":"product_cat-italian-cuisine","7":"product_cat-organic-pasta","8":"product_tag-vegan","9":"pa_svoris-100-g-en-2","10":"pa_svoris-200-g-en","11":"pa_svoris-300-g-en","12":"pa_svoris-400-g-en","13":"pa_svoris-500-g-en-2","14":"pa_svoris-1-kg-en-2","16":"first","17":"instock","18":"shipping-taxable","19":"purchasable","20":"product-type-variable"},"acf":[],"yoast_head":"<!-- This site is optimized with the Yoast SEO plugin v27.4 - https:\/\/yoast.com\/product\/yoast-seo-wordpress\/ -->\n<title>Organic wheat pasta GNOCCHETTI SARDI - Biopapa<\/title>\n<meta name=\"description\" content=\"Organic wheat pasta GNOCCHETTI SARDI\" \/>\n<meta name=\"robots\" content=\"index, follow, max-snippet:-1, max-image-preview:large, max-video-preview:-1\" \/>\n<link rel=\"canonical\" href=\"https:\/\/www.biopapa.lt\/en\/produktas\/organic-wheat-pasta-gnocchetti-sardi\/\" \/>\n<meta property=\"og:locale\" content=\"en_US\" \/>\n<meta property=\"og:type\" content=\"article\" \/>\n<meta property=\"og:title\" content=\"Organic wheat pasta GNOCCHETTI SARDI - Biopapa\" \/>\n<meta property=\"og:description\" content=\"Organic wheat pasta GNOCCHETTI SARDI\" \/>\n<meta property=\"og:url\" content=\"https:\/\/www.biopapa.lt\/en\/produktas\/organic-wheat-pasta-gnocchetti-sardi\/\" \/>\n<meta property=\"og:site_name\" content=\"Biopapa\" \/>\n<meta property=\"article:publisher\" content=\"https:\/\/www.facebook.com\/biopapa.lt\" \/>\n<meta property=\"article:modified_time\" content=\"2026-03-04T08:53:35+00:00\" \/>\n<meta property=\"og:image\" content=\"https:\/\/www.biopapa.lt\/wp-content\/uploads\/2025\/10\/Ekologiski-kvietiniai-makaronai-GNOCCHETTI-SARDI-1024x794.png\" \/>\n\t<meta property=\"og:image:width\" content=\"1024\" \/>\n\t<meta property=\"og:image:height\" content=\"794\" \/>\n\t<meta property=\"og:image:type\" content=\"image\/png\" \/>\n<meta name=\"twitter:card\" content=\"summary_large_image\" \/>\n<script type=\"application\/ld+json\" class=\"yoast-schema-graph\">{\"@context\":\"https:\\\/\\\/schema.org\",\"@graph\":[{\"@type\":\"WebPage\",\"@id\":\"https:\\\/\\\/www.biopapa.lt\\\/en\\\/produktas\\\/organic-wheat-pasta-gnocchetti-sardi\\\/\",\"url\":\"https:\\\/\\\/www.biopapa.lt\\\/en\\\/produktas\\\/organic-wheat-pasta-gnocchetti-sardi\\\/\",\"name\":\"Organic wheat pasta GNOCCHETTI SARDI - Biopapa\",\"isPartOf\":{\"@id\":\"https:\\\/\\\/www.biopapa.lt\\\/#website\"},\"primaryImageOfPage\":{\"@id\":\"https:\\\/\\\/www.biopapa.lt\\\/en\\\/produktas\\\/organic-wheat-pasta-gnocchetti-sardi\\\/#primaryimage\"},\"image\":{\"@id\":\"https:\\\/\\\/www.biopapa.lt\\\/en\\\/produktas\\\/organic-wheat-pasta-gnocchetti-sardi\\\/#primaryimage\"},\"thumbnailUrl\":\"https:\\\/\\\/www.biopapa.lt\\\/wp-content\\\/uploads\\\/2025\\\/10\\\/Ekologiski-kvietiniai-makaronai-GNOCCHETTI-SARDI.png\",\"datePublished\":\"2025-10-23T09:41:47+00:00\",\"dateModified\":\"2026-03-04T08:53:35+00:00\",\"description\":\"Organic wheat pasta GNOCCHETTI SARDI\",\"breadcrumb\":{\"@id\":\"https:\\\/\\\/www.biopapa.lt\\\/en\\\/produktas\\\/organic-wheat-pasta-gnocchetti-sardi\\\/#breadcrumb\"},\"inLanguage\":\"en-US\",\"potentialAction\":[{\"@type\":\"ReadAction\",\"target\":[\"https:\\\/\\\/www.biopapa.lt\\\/en\\\/produktas\\\/organic-wheat-pasta-gnocchetti-sardi\\\/\"]}]},{\"@type\":\"ImageObject\",\"inLanguage\":\"en-US\",\"@id\":\"https:\\\/\\\/www.biopapa.lt\\\/en\\\/produktas\\\/organic-wheat-pasta-gnocchetti-sardi\\\/#primaryimage\",\"url\":\"https:\\\/\\\/www.biopapa.lt\\\/wp-content\\\/uploads\\\/2025\\\/10\\\/Ekologiski-kvietiniai-makaronai-GNOCCHETTI-SARDI.png\",\"contentUrl\":\"https:\\\/\\\/www.biopapa.lt\\\/wp-content\\\/uploads\\\/2025\\\/10\\\/Ekologiski-kvietiniai-makaronai-GNOCCHETTI-SARDI.png\",\"width\":1600,\"height\":1240},{\"@type\":\"BreadcrumbList\",\"@id\":\"https:\\\/\\\/www.biopapa.lt\\\/en\\\/produktas\\\/organic-wheat-pasta-gnocchetti-sardi\\\/#breadcrumb\",\"itemListElement\":[{\"@type\":\"ListItem\",\"position\":1,\"name\":\"Home\",\"item\":\"https:\\\/\\\/www.biopapa.lt\\\/en\\\/\"},{\"@type\":\"ListItem\",\"position\":2,\"name\":\"Shop\",\"item\":\"https:\\\/\\\/www.biopapa.lt\\\/en\\\/shop\\\/\"},{\"@type\":\"ListItem\",\"position\":3,\"name\":\"Organic wheat pasta GNOCCHETTI SARDI\"}]},{\"@type\":\"WebSite\",\"@id\":\"https:\\\/\\\/www.biopapa.lt\\\/#website\",\"url\":\"https:\\\/\\\/www.biopapa.lt\\\/\",\"name\":\"Biopapa\",\"description\":\"\u0160var\u016bs ekologi\u0161ki produktai\",\"publisher\":{\"@id\":\"https:\\\/\\\/www.biopapa.lt\\\/#organization\"},\"potentialAction\":[{\"@type\":\"SearchAction\",\"target\":{\"@type\":\"EntryPoint\",\"urlTemplate\":\"https:\\\/\\\/www.biopapa.lt\\\/?s={search_term_string}\"},\"query-input\":{\"@type\":\"PropertyValueSpecification\",\"valueRequired\":true,\"valueName\":\"search_term_string\"}}],\"inLanguage\":\"en-US\"},{\"@type\":\"Organization\",\"@id\":\"https:\\\/\\\/www.biopapa.lt\\\/#organization\",\"name\":\"Biopapa\",\"url\":\"https:\\\/\\\/www.biopapa.lt\\\/\",\"logo\":{\"@type\":\"ImageObject\",\"inLanguage\":\"en-US\",\"@id\":\"https:\\\/\\\/www.biopapa.lt\\\/#\\\/schema\\\/logo\\\/image\\\/\",\"url\":\"https:\\\/\\\/www.biopapa.lt\\\/wp-content\\\/uploads\\\/2022\\\/04\\\/facebook_biopapa.jpg\",\"contentUrl\":\"https:\\\/\\\/www.biopapa.lt\\\/wp-content\\\/uploads\\\/2022\\\/04\\\/facebook_biopapa.jpg\",\"width\":1733,\"height\":907,\"caption\":\"Biopapa\"},\"image\":{\"@id\":\"https:\\\/\\\/www.biopapa.lt\\\/#\\\/schema\\\/logo\\\/image\\\/\"},\"sameAs\":[\"https:\\\/\\\/www.facebook.com\\\/biopapa.lt\"]}]}<\/script>\n<!-- \/ Yoast SEO plugin. -->","yoast_head_json":{"title":"Organic wheat pasta GNOCCHETTI SARDI - Biopapa","description":"Organic wheat pasta GNOCCHETTI SARDI","robots":{"index":"index","follow":"follow","max-snippet":"max-snippet:-1","max-image-preview":"max-image-preview:large","max-video-preview":"max-video-preview:-1"},"canonical":"https:\/\/www.biopapa.lt\/en\/produktas\/organic-wheat-pasta-gnocchetti-sardi\/","og_locale":"en_US","og_type":"article","og_title":"Organic wheat pasta GNOCCHETTI SARDI - Biopapa","og_description":"Organic wheat pasta GNOCCHETTI SARDI","og_url":"https:\/\/www.biopapa.lt\/en\/produktas\/organic-wheat-pasta-gnocchetti-sardi\/","og_site_name":"Biopapa","article_publisher":"https:\/\/www.facebook.com\/biopapa.lt","article_modified_time":"2026-03-04T08:53:35+00:00","og_image":[{"width":1024,"height":794,"url":"https:\/\/www.biopapa.lt\/wp-content\/uploads\/2025\/10\/Ekologiski-kvietiniai-makaronai-GNOCCHETTI-SARDI-1024x794.png","type":"image\/png"}],"twitter_card":"summary_large_image","schema":{"@context":"https:\/\/schema.org","@graph":[{"@type":"WebPage","@id":"https:\/\/www.biopapa.lt\/en\/produktas\/organic-wheat-pasta-gnocchetti-sardi\/","url":"https:\/\/www.biopapa.lt\/en\/produktas\/organic-wheat-pasta-gnocchetti-sardi\/","name":"Organic wheat pasta GNOCCHETTI SARDI - Biopapa","isPartOf":{"@id":"https:\/\/www.biopapa.lt\/#website"},"primaryImageOfPage":{"@id":"https:\/\/www.biopapa.lt\/en\/produktas\/organic-wheat-pasta-gnocchetti-sardi\/#primaryimage"},"image":{"@id":"https:\/\/www.biopapa.lt\/en\/produktas\/organic-wheat-pasta-gnocchetti-sardi\/#primaryimage"},"thumbnailUrl":"https:\/\/www.biopapa.lt\/wp-content\/uploads\/2025\/10\/Ekologiski-kvietiniai-makaronai-GNOCCHETTI-SARDI.png","datePublished":"2025-10-23T09:41:47+00:00","dateModified":"2026-03-04T08:53:35+00:00","description":"Organic wheat pasta GNOCCHETTI SARDI","breadcrumb":{"@id":"https:\/\/www.biopapa.lt\/en\/produktas\/organic-wheat-pasta-gnocchetti-sardi\/#breadcrumb"},"inLanguage":"en-US","potentialAction":[{"@type":"ReadAction","target":["https:\/\/www.biopapa.lt\/en\/produktas\/organic-wheat-pasta-gnocchetti-sardi\/"]}]},{"@type":"ImageObject","inLanguage":"en-US","@id":"https:\/\/www.biopapa.lt\/en\/produktas\/organic-wheat-pasta-gnocchetti-sardi\/#primaryimage","url":"https:\/\/www.biopapa.lt\/wp-content\/uploads\/2025\/10\/Ekologiski-kvietiniai-makaronai-GNOCCHETTI-SARDI.png","contentUrl":"https:\/\/www.biopapa.lt\/wp-content\/uploads\/2025\/10\/Ekologiski-kvietiniai-makaronai-GNOCCHETTI-SARDI.png","width":1600,"height":1240},{"@type":"BreadcrumbList","@id":"https:\/\/www.biopapa.lt\/en\/produktas\/organic-wheat-pasta-gnocchetti-sardi\/#breadcrumb","itemListElement":[{"@type":"ListItem","position":1,"name":"Home","item":"https:\/\/www.biopapa.lt\/en\/"},{"@type":"ListItem","position":2,"name":"Shop","item":"https:\/\/www.biopapa.lt\/en\/shop\/"},{"@type":"ListItem","position":3,"name":"Organic wheat pasta GNOCCHETTI SARDI"}]},{"@type":"WebSite","@id":"https:\/\/www.biopapa.lt\/#website","url":"https:\/\/www.biopapa.lt\/","name":"Biopapa","description":"\u0160var\u016bs ekologi\u0161ki produktai","publisher":{"@id":"https:\/\/www.biopapa.lt\/#organization"},"potentialAction":[{"@type":"SearchAction","target":{"@type":"EntryPoint","urlTemplate":"https:\/\/www.biopapa.lt\/?s={search_term_string}"},"query-input":{"@type":"PropertyValueSpecification","valueRequired":true,"valueName":"search_term_string"}}],"inLanguage":"en-US"},{"@type":"Organization","@id":"https:\/\/www.biopapa.lt\/#organization","name":"Biopapa","url":"https:\/\/www.biopapa.lt\/","logo":{"@type":"ImageObject","inLanguage":"en-US","@id":"https:\/\/www.biopapa.lt\/#\/schema\/logo\/image\/","url":"https:\/\/www.biopapa.lt\/wp-content\/uploads\/2022\/04\/facebook_biopapa.jpg","contentUrl":"https:\/\/www.biopapa.lt\/wp-content\/uploads\/2022\/04\/facebook_biopapa.jpg","width":1733,"height":907,"caption":"Biopapa"},"image":{"@id":"https:\/\/www.biopapa.lt\/#\/schema\/logo\/image\/"},"sameAs":["https:\/\/www.facebook.com\/biopapa.lt"]}]}},"_links":{"self":[{"href":"https:\/\/www.biopapa.lt\/en\/wp-json\/wp\/v2\/product\/195989","targetHints":{"allow":["GET"]}}],"collection":[{"href":"https:\/\/www.biopapa.lt\/en\/wp-json\/wp\/v2\/product"}],"about":[{"href":"https:\/\/www.biopapa.lt\/en\/wp-json\/wp\/v2\/types\/product"}],"wp:featuredmedia":[{"embeddable":true,"href":"https:\/\/www.biopapa.lt\/en\/wp-json\/wp\/v2\/media\/212694"}],"wp:attachment":[{"href":"https:\/\/www.biopapa.lt\/en\/wp-json\/wp\/v2\/media?parent=195989"}],"wp:term":[{"taxonomy":"product_brand","embeddable":true,"href":"https:\/\/www.biopapa.lt\/en\/wp-json\/wp\/v2\/product_brand?post=195989"},{"taxonomy":"product_cat","embeddable":true,"href":"https:\/\/www.biopapa.lt\/en\/wp-json\/wp\/v2\/product_cat?post=195989"},{"taxonomy":"product_tag","embeddable":true,"href":"https:\/\/www.biopapa.lt\/en\/wp-json\/wp\/v2\/product_tag?post=195989"}],"curies":[{"name":"wp","href":"https:\/\/api.w.org\/{rel}","templated":true}]}}