{"id":185976,"date":"2025-10-03T13:48:13","date_gmt":"2025-10-03T10:48:13","guid":{"rendered":"https:\/\/www.biopapa.lt\/?post_type=product&#038;p=185976"},"modified":"2026-03-06T23:58:10","modified_gmt":"2026-03-06T21:58:10","slug":"organic-luminous-rose-glow-serum-rose-oil-vitamin-c-30ml-alteya","status":"publish","type":"product","link":"https:\/\/www.biopapa.lt\/en\/produktas\/organic-luminous-rose-glow-serum-rose-oil-vitamin-c-30ml-alteya\/","title":{"rendered":"Organic LUMINOUS ROSE GLOW serum &#8211; rose oil + vitamin C, 30 ml, ALTEYA"},"content":{"rendered":"<p> <strong> Organic LUMINOUS ROSE GLOW Serum &#8211; Rose Oil + Vitamin C, 30 ml, ALTEYA<br \/>\n<\/strong>This deeply hydrating serum restores moisture to the skin, helping it to look plumper, smoother and revitalised. Enriched with nourishing Rose Oil, antioxidant-rich Rainbow Seaweed and radiant Vitamin C, it maintains a healthy-looking complexion with a vibrant, luminous glow.<br \/>\nMassage into the skin in the morning and evening after cleansing.<\/p>\n<p>NATRUE organic product<br \/>\nCertified EcoControl<\/p>\n<p><strong> <\/strong><\/p>\n","protected":false},"excerpt":{"rendered":"<p>Organic LUMINOUS ROSE GLOW Serum &#8211; Rose Oil + Vitamin C, 30 ml, ALTEYA This deeply hydrating serum restores moisture<\/p>\n","protected":false},"featured_media":185979,"template":"","meta":{"_acf_changed":false},"product_brand":[],"product_cat":[2492,1962,1971],"product_tag":[2090,2088],"class_list":{"0":"post-185976","1":"product","2":"type-product","3":"status-publish","4":"has-post-thumbnail","6":"product_cat-alteya-en","7":"product_cat-beauty-and-hygiene","8":"product_cat-facial-care","9":"product_tag-facial-care","10":"product_tag-vegan","12":"first","13":"instock","14":"shipping-taxable","15":"purchasable","16":"product-type-simple"},"acf":[],"yoast_head":"<!-- This site is optimized with the Yoast SEO plugin v27.3 - https:\/\/yoast.com\/product\/yoast-seo-wordpress\/ -->\n<title>Organic LUMINOUS ROSE GLOW serum - rose oil + vitamin C, 30 ml, ALTEYA - Biopapa<\/title>\n<meta name=\"description\" content=\"The organic face serum is highly hydrating, provides hydration and reduces water loss, leaving the skin plump and supple.\" \/>\n<meta name=\"robots\" content=\"index, follow, max-snippet:-1, max-image-preview:large, max-video-preview:-1\" \/>\n<link rel=\"canonical\" href=\"https:\/\/www.biopapa.lt\/en\/produktas\/organic-luminous-rose-glow-serum-rose-oil-vitamin-c-30ml-alteya\/\" \/>\n<meta property=\"og:locale\" content=\"en_US\" \/>\n<meta property=\"og:type\" content=\"article\" \/>\n<meta property=\"og:title\" content=\"Organic LUMINOUS ROSE GLOW serum - rose oil + vitamin C, 30 ml, ALTEYA - Biopapa\" \/>\n<meta property=\"og:description\" content=\"The organic face serum is highly hydrating, provides hydration and reduces water loss, leaving the skin plump and supple.\" \/>\n<meta property=\"og:url\" content=\"https:\/\/www.biopapa.lt\/en\/produktas\/organic-luminous-rose-glow-serum-rose-oil-vitamin-c-30ml-alteya\/\" \/>\n<meta property=\"og:site_name\" content=\"Biopapa\" \/>\n<meta property=\"article:publisher\" content=\"https:\/\/www.facebook.com\/biopapa.lt\" \/>\n<meta property=\"article:modified_time\" content=\"2026-03-06T21:58:10+00:00\" \/>\n<meta property=\"og:image\" content=\"https:\/\/www.biopapa.lt\/wp-content\/uploads\/2025\/10\/Ekologiskas-LUMINOUS-ROSE-GLOW-serumas-roziu-aliejus-vitaminas-C-30-ml-ALTEYA.jpg\" \/>\n\t<meta property=\"og:image:width\" content=\"800\" \/>\n\t<meta property=\"og:image:height\" content=\"640\" \/>\n\t<meta property=\"og:image:type\" content=\"image\/jpeg\" \/>\n<meta name=\"twitter:card\" content=\"summary_large_image\" \/>\n<script type=\"application\/ld+json\" class=\"yoast-schema-graph\">{\"@context\":\"https:\\\/\\\/schema.org\",\"@graph\":[{\"@type\":\"WebPage\",\"@id\":\"https:\\\/\\\/www.biopapa.lt\\\/en\\\/produktas\\\/organic-luminous-rose-glow-serum-rose-oil-vitamin-c-30ml-alteya\\\/\",\"url\":\"https:\\\/\\\/www.biopapa.lt\\\/en\\\/produktas\\\/organic-luminous-rose-glow-serum-rose-oil-vitamin-c-30ml-alteya\\\/\",\"name\":\"Organic LUMINOUS ROSE GLOW serum - rose oil + vitamin C, 30 ml, ALTEYA - Biopapa\",\"isPartOf\":{\"@id\":\"https:\\\/\\\/www.biopapa.lt\\\/#website\"},\"primaryImageOfPage\":{\"@id\":\"https:\\\/\\\/www.biopapa.lt\\\/en\\\/produktas\\\/organic-luminous-rose-glow-serum-rose-oil-vitamin-c-30ml-alteya\\\/#primaryimage\"},\"image\":{\"@id\":\"https:\\\/\\\/www.biopapa.lt\\\/en\\\/produktas\\\/organic-luminous-rose-glow-serum-rose-oil-vitamin-c-30ml-alteya\\\/#primaryimage\"},\"thumbnailUrl\":\"https:\\\/\\\/www.biopapa.lt\\\/wp-content\\\/uploads\\\/2025\\\/10\\\/Ekologiskas-LUMINOUS-ROSE-GLOW-serumas-roziu-aliejus-vitaminas-C-30-ml-ALTEYA.jpg\",\"datePublished\":\"2025-10-03T10:48:13+00:00\",\"dateModified\":\"2026-03-06T21:58:10+00:00\",\"description\":\"The organic face serum is highly hydrating, provides hydration and reduces water loss, leaving the skin plump and supple.\",\"breadcrumb\":{\"@id\":\"https:\\\/\\\/www.biopapa.lt\\\/en\\\/produktas\\\/organic-luminous-rose-glow-serum-rose-oil-vitamin-c-30ml-alteya\\\/#breadcrumb\"},\"inLanguage\":\"en-US\",\"potentialAction\":[{\"@type\":\"ReadAction\",\"target\":[\"https:\\\/\\\/www.biopapa.lt\\\/en\\\/produktas\\\/organic-luminous-rose-glow-serum-rose-oil-vitamin-c-30ml-alteya\\\/\"]}]},{\"@type\":\"ImageObject\",\"inLanguage\":\"en-US\",\"@id\":\"https:\\\/\\\/www.biopapa.lt\\\/en\\\/produktas\\\/organic-luminous-rose-glow-serum-rose-oil-vitamin-c-30ml-alteya\\\/#primaryimage\",\"url\":\"https:\\\/\\\/www.biopapa.lt\\\/wp-content\\\/uploads\\\/2025\\\/10\\\/Ekologiskas-LUMINOUS-ROSE-GLOW-serumas-roziu-aliejus-vitaminas-C-30-ml-ALTEYA.jpg\",\"contentUrl\":\"https:\\\/\\\/www.biopapa.lt\\\/wp-content\\\/uploads\\\/2025\\\/10\\\/Ekologiskas-LUMINOUS-ROSE-GLOW-serumas-roziu-aliejus-vitaminas-C-30-ml-ALTEYA.jpg\",\"width\":800,\"height\":640,\"caption\":\"Organic LUMINOUS ROSE GLOW serum - rose oil + vitamin C, 30 ml, ALTEYA\"},{\"@type\":\"BreadcrumbList\",\"@id\":\"https:\\\/\\\/www.biopapa.lt\\\/en\\\/produktas\\\/organic-luminous-rose-glow-serum-rose-oil-vitamin-c-30ml-alteya\\\/#breadcrumb\",\"itemListElement\":[{\"@type\":\"ListItem\",\"position\":1,\"name\":\"Home\",\"item\":\"https:\\\/\\\/www.biopapa.lt\\\/en\\\/\"},{\"@type\":\"ListItem\",\"position\":2,\"name\":\"Shop\",\"item\":\"https:\\\/\\\/www.biopapa.lt\\\/en\\\/shop\\\/\"},{\"@type\":\"ListItem\",\"position\":3,\"name\":\"Organic LUMINOUS ROSE GLOW serum &#8211; rose oil + vitamin C, 30 ml, ALTEYA\"}]},{\"@type\":\"WebSite\",\"@id\":\"https:\\\/\\\/www.biopapa.lt\\\/#website\",\"url\":\"https:\\\/\\\/www.biopapa.lt\\\/\",\"name\":\"Biopapa\",\"description\":\"\u0160var\u016bs ekologi\u0161ki produktai\",\"publisher\":{\"@id\":\"https:\\\/\\\/www.biopapa.lt\\\/#organization\"},\"potentialAction\":[{\"@type\":\"SearchAction\",\"target\":{\"@type\":\"EntryPoint\",\"urlTemplate\":\"https:\\\/\\\/www.biopapa.lt\\\/?s={search_term_string}\"},\"query-input\":{\"@type\":\"PropertyValueSpecification\",\"valueRequired\":true,\"valueName\":\"search_term_string\"}}],\"inLanguage\":\"en-US\"},{\"@type\":\"Organization\",\"@id\":\"https:\\\/\\\/www.biopapa.lt\\\/#organization\",\"name\":\"Biopapa\",\"url\":\"https:\\\/\\\/www.biopapa.lt\\\/\",\"logo\":{\"@type\":\"ImageObject\",\"inLanguage\":\"en-US\",\"@id\":\"https:\\\/\\\/www.biopapa.lt\\\/#\\\/schema\\\/logo\\\/image\\\/\",\"url\":\"https:\\\/\\\/www.biopapa.lt\\\/wp-content\\\/uploads\\\/2022\\\/04\\\/facebook_biopapa.jpg\",\"contentUrl\":\"https:\\\/\\\/www.biopapa.lt\\\/wp-content\\\/uploads\\\/2022\\\/04\\\/facebook_biopapa.jpg\",\"width\":1733,\"height\":907,\"caption\":\"Biopapa\"},\"image\":{\"@id\":\"https:\\\/\\\/www.biopapa.lt\\\/#\\\/schema\\\/logo\\\/image\\\/\"},\"sameAs\":[\"https:\\\/\\\/www.facebook.com\\\/biopapa.lt\"]}]}<\/script>\n<!-- \/ Yoast SEO plugin. -->","yoast_head_json":{"title":"Organic LUMINOUS ROSE GLOW serum - rose oil + vitamin C, 30 ml, ALTEYA - Biopapa","description":"The organic face serum is highly hydrating, provides hydration and reduces water loss, leaving the skin plump and supple.","robots":{"index":"index","follow":"follow","max-snippet":"max-snippet:-1","max-image-preview":"max-image-preview:large","max-video-preview":"max-video-preview:-1"},"canonical":"https:\/\/www.biopapa.lt\/en\/produktas\/organic-luminous-rose-glow-serum-rose-oil-vitamin-c-30ml-alteya\/","og_locale":"en_US","og_type":"article","og_title":"Organic LUMINOUS ROSE GLOW serum - rose oil + vitamin C, 30 ml, ALTEYA - Biopapa","og_description":"The organic face serum is highly hydrating, provides hydration and reduces water loss, leaving the skin plump and supple.","og_url":"https:\/\/www.biopapa.lt\/en\/produktas\/organic-luminous-rose-glow-serum-rose-oil-vitamin-c-30ml-alteya\/","og_site_name":"Biopapa","article_publisher":"https:\/\/www.facebook.com\/biopapa.lt","article_modified_time":"2026-03-06T21:58:10+00:00","og_image":[{"width":800,"height":640,"url":"https:\/\/www.biopapa.lt\/wp-content\/uploads\/2025\/10\/Ekologiskas-LUMINOUS-ROSE-GLOW-serumas-roziu-aliejus-vitaminas-C-30-ml-ALTEYA.jpg","type":"image\/jpeg"}],"twitter_card":"summary_large_image","schema":{"@context":"https:\/\/schema.org","@graph":[{"@type":"WebPage","@id":"https:\/\/www.biopapa.lt\/en\/produktas\/organic-luminous-rose-glow-serum-rose-oil-vitamin-c-30ml-alteya\/","url":"https:\/\/www.biopapa.lt\/en\/produktas\/organic-luminous-rose-glow-serum-rose-oil-vitamin-c-30ml-alteya\/","name":"Organic LUMINOUS ROSE GLOW serum - rose oil + vitamin C, 30 ml, ALTEYA - Biopapa","isPartOf":{"@id":"https:\/\/www.biopapa.lt\/#website"},"primaryImageOfPage":{"@id":"https:\/\/www.biopapa.lt\/en\/produktas\/organic-luminous-rose-glow-serum-rose-oil-vitamin-c-30ml-alteya\/#primaryimage"},"image":{"@id":"https:\/\/www.biopapa.lt\/en\/produktas\/organic-luminous-rose-glow-serum-rose-oil-vitamin-c-30ml-alteya\/#primaryimage"},"thumbnailUrl":"https:\/\/www.biopapa.lt\/wp-content\/uploads\/2025\/10\/Ekologiskas-LUMINOUS-ROSE-GLOW-serumas-roziu-aliejus-vitaminas-C-30-ml-ALTEYA.jpg","datePublished":"2025-10-03T10:48:13+00:00","dateModified":"2026-03-06T21:58:10+00:00","description":"The organic face serum is highly hydrating, provides hydration and reduces water loss, leaving the skin plump and supple.","breadcrumb":{"@id":"https:\/\/www.biopapa.lt\/en\/produktas\/organic-luminous-rose-glow-serum-rose-oil-vitamin-c-30ml-alteya\/#breadcrumb"},"inLanguage":"en-US","potentialAction":[{"@type":"ReadAction","target":["https:\/\/www.biopapa.lt\/en\/produktas\/organic-luminous-rose-glow-serum-rose-oil-vitamin-c-30ml-alteya\/"]}]},{"@type":"ImageObject","inLanguage":"en-US","@id":"https:\/\/www.biopapa.lt\/en\/produktas\/organic-luminous-rose-glow-serum-rose-oil-vitamin-c-30ml-alteya\/#primaryimage","url":"https:\/\/www.biopapa.lt\/wp-content\/uploads\/2025\/10\/Ekologiskas-LUMINOUS-ROSE-GLOW-serumas-roziu-aliejus-vitaminas-C-30-ml-ALTEYA.jpg","contentUrl":"https:\/\/www.biopapa.lt\/wp-content\/uploads\/2025\/10\/Ekologiskas-LUMINOUS-ROSE-GLOW-serumas-roziu-aliejus-vitaminas-C-30-ml-ALTEYA.jpg","width":800,"height":640,"caption":"Organic LUMINOUS ROSE GLOW serum - rose oil + vitamin C, 30 ml, ALTEYA"},{"@type":"BreadcrumbList","@id":"https:\/\/www.biopapa.lt\/en\/produktas\/organic-luminous-rose-glow-serum-rose-oil-vitamin-c-30ml-alteya\/#breadcrumb","itemListElement":[{"@type":"ListItem","position":1,"name":"Home","item":"https:\/\/www.biopapa.lt\/en\/"},{"@type":"ListItem","position":2,"name":"Shop","item":"https:\/\/www.biopapa.lt\/en\/shop\/"},{"@type":"ListItem","position":3,"name":"Organic LUMINOUS ROSE GLOW serum &#8211; rose oil + vitamin C, 30 ml, ALTEYA"}]},{"@type":"WebSite","@id":"https:\/\/www.biopapa.lt\/#website","url":"https:\/\/www.biopapa.lt\/","name":"Biopapa","description":"\u0160var\u016bs ekologi\u0161ki produktai","publisher":{"@id":"https:\/\/www.biopapa.lt\/#organization"},"potentialAction":[{"@type":"SearchAction","target":{"@type":"EntryPoint","urlTemplate":"https:\/\/www.biopapa.lt\/?s={search_term_string}"},"query-input":{"@type":"PropertyValueSpecification","valueRequired":true,"valueName":"search_term_string"}}],"inLanguage":"en-US"},{"@type":"Organization","@id":"https:\/\/www.biopapa.lt\/#organization","name":"Biopapa","url":"https:\/\/www.biopapa.lt\/","logo":{"@type":"ImageObject","inLanguage":"en-US","@id":"https:\/\/www.biopapa.lt\/#\/schema\/logo\/image\/","url":"https:\/\/www.biopapa.lt\/wp-content\/uploads\/2022\/04\/facebook_biopapa.jpg","contentUrl":"https:\/\/www.biopapa.lt\/wp-content\/uploads\/2022\/04\/facebook_biopapa.jpg","width":1733,"height":907,"caption":"Biopapa"},"image":{"@id":"https:\/\/www.biopapa.lt\/#\/schema\/logo\/image\/"},"sameAs":["https:\/\/www.facebook.com\/biopapa.lt"]}]}},"_links":{"self":[{"href":"https:\/\/www.biopapa.lt\/en\/wp-json\/wp\/v2\/product\/185976","targetHints":{"allow":["GET"]}}],"collection":[{"href":"https:\/\/www.biopapa.lt\/en\/wp-json\/wp\/v2\/product"}],"about":[{"href":"https:\/\/www.biopapa.lt\/en\/wp-json\/wp\/v2\/types\/product"}],"wp:featuredmedia":[{"embeddable":true,"href":"https:\/\/www.biopapa.lt\/en\/wp-json\/wp\/v2\/media\/185979"}],"wp:attachment":[{"href":"https:\/\/www.biopapa.lt\/en\/wp-json\/wp\/v2\/media?parent=185976"}],"wp:term":[{"taxonomy":"product_brand","embeddable":true,"href":"https:\/\/www.biopapa.lt\/en\/wp-json\/wp\/v2\/product_brand?post=185976"},{"taxonomy":"product_cat","embeddable":true,"href":"https:\/\/www.biopapa.lt\/en\/wp-json\/wp\/v2\/product_cat?post=185976"},{"taxonomy":"product_tag","embeddable":true,"href":"https:\/\/www.biopapa.lt\/en\/wp-json\/wp\/v2\/product_tag?post=185976"}],"curies":[{"name":"wp","href":"https:\/\/api.w.org\/{rel}","templated":true}]}}