{"id":167612,"date":"2025-08-27T15:50:53","date_gmt":"2025-08-27T12:50:53","guid":{"rendered":"https:\/\/www.biopapa.lt\/?post_type=product&#038;p=167612"},"modified":"2025-10-10T10:01:15","modified_gmt":"2025-10-10T07:01:15","slug":"organic-gluten-free-banana-bread-mix-300g-bettr","status":"publish","type":"product","link":"https:\/\/www.biopapa.lt\/en\/produktas\/organic-gluten-free-banana-bread-mix-300g-bettr\/","title":{"rendered":"Organic gluten-free banana bread mix, 300 g, Bett&#8217;r"},"content":{"rendered":"<p><strong>Organic gluten-free banana bread mix 300g Bett&#8217;r<br \/>\n<\/strong>Preparation:<br \/>\nPreheat the oven to 165 \u00b0C (fan-assisted) or 180-185 \u00b0C (conventional oven).<br \/>\nPrepare a small or medium-sized baking tray (10\u00d720 cm or up to 12\u00d724 cm), lightly grease with oil or line with baking paper.<br \/>\nIn a bowl, mash 210 g of bananas well. Add 15 ml of milk, water or vegetable drink, 30 ml of oil or melted butter. Stir until you have a smooth batter.<br \/>\nFold all the dry banana bread mixture into the liquid ingredients. Mix well.<br \/>\nPour the batter into the prepared tin and bake for 50-60 minutes until a skewer inserted in the middle comes out clean.<br \/>\nAllow the bread to cool in the tin for 10 minutes, then remove and leave to cool completely. <\/p>\n","protected":false},"excerpt":{"rendered":"<p>Organic gluten-free banana bread mix 300g Bett&#8217;r Preparation: Preheat the oven to 165 \u00b0C (fan-assisted) or 180-185 \u00b0C (conventional oven).<\/p>\n","protected":false},"featured_media":167624,"template":"","meta":{"_acf_changed":false},"product_brand":[],"product_cat":[1852,2684,2644],"product_tag":[2034,2088],"class_list":{"0":"post-167612","1":"product","2":"type-product","3":"status-publish","4":"has-post-thumbnail","6":"product_cat-flour","7":"product_cat-mixes-preparations","8":"product_cat-without-gluten","9":"product_tag-gluten-free","10":"product_tag-vegan","12":"first","13":"instock","14":"shipping-taxable","15":"purchasable","16":"product-type-simple"},"acf":[],"yoast_head":"<!-- This site is optimized with the Yoast SEO plugin v27.4 - https:\/\/yoast.com\/product\/yoast-seo-wordpress\/ -->\n<title>Organic gluten-free banana bread mix, 300 g, Bett&#039;r - Biopapa<\/title>\n<meta name=\"description\" content=\"Organic gluten-free banana bread mix 300g Bett&#039;r\" \/>\n<meta name=\"robots\" content=\"index, follow, max-snippet:-1, max-image-preview:large, max-video-preview:-1\" \/>\n<link rel=\"canonical\" href=\"https:\/\/www.biopapa.lt\/en\/produktas\/organic-gluten-free-banana-bread-mix-300g-bettr\/\" \/>\n<meta property=\"og:locale\" content=\"en_US\" \/>\n<meta property=\"og:type\" content=\"article\" \/>\n<meta property=\"og:title\" content=\"Organic gluten-free banana bread mix, 300 g, Bett&#039;r - Biopapa\" \/>\n<meta property=\"og:description\" content=\"Organic gluten-free banana bread mix 300g Bett&#039;r\" \/>\n<meta property=\"og:url\" content=\"https:\/\/www.biopapa.lt\/en\/produktas\/organic-gluten-free-banana-bread-mix-300g-bettr\/\" \/>\n<meta property=\"og:site_name\" content=\"Biopapa\" \/>\n<meta property=\"article:publisher\" content=\"https:\/\/www.facebook.com\/biopapa.lt\" \/>\n<meta property=\"article:modified_time\" content=\"2025-10-10T07:01:15+00:00\" \/>\n<meta property=\"og:image\" content=\"https:\/\/www.biopapa.lt\/wp-content\/uploads\/2025\/08\/Ekologiskas-bananu-duonos-misinys-be-glitimo.jpg\" \/>\n\t<meta property=\"og:image:width\" content=\"800\" \/>\n\t<meta property=\"og:image:height\" content=\"640\" \/>\n\t<meta property=\"og:image:type\" content=\"image\/jpeg\" \/>\n<meta name=\"twitter:card\" content=\"summary_large_image\" \/>\n<script type=\"application\/ld+json\" class=\"yoast-schema-graph\">{\"@context\":\"https:\\\/\\\/schema.org\",\"@graph\":[{\"@type\":\"WebPage\",\"@id\":\"https:\\\/\\\/www.biopapa.lt\\\/en\\\/produktas\\\/organic-gluten-free-banana-bread-mix-300g-bettr\\\/\",\"url\":\"https:\\\/\\\/www.biopapa.lt\\\/en\\\/produktas\\\/organic-gluten-free-banana-bread-mix-300g-bettr\\\/\",\"name\":\"Organic gluten-free banana bread mix, 300 g, Bett'r - Biopapa\",\"isPartOf\":{\"@id\":\"https:\\\/\\\/www.biopapa.lt\\\/#website\"},\"primaryImageOfPage\":{\"@id\":\"https:\\\/\\\/www.biopapa.lt\\\/en\\\/produktas\\\/organic-gluten-free-banana-bread-mix-300g-bettr\\\/#primaryimage\"},\"image\":{\"@id\":\"https:\\\/\\\/www.biopapa.lt\\\/en\\\/produktas\\\/organic-gluten-free-banana-bread-mix-300g-bettr\\\/#primaryimage\"},\"thumbnailUrl\":\"https:\\\/\\\/www.biopapa.lt\\\/wp-content\\\/uploads\\\/2025\\\/08\\\/Ekologiskas-bananu-duonos-misinys-be-glitimo.jpg\",\"datePublished\":\"2025-08-27T12:50:53+00:00\",\"dateModified\":\"2025-10-10T07:01:15+00:00\",\"description\":\"Organic gluten-free banana bread mix 300g Bett'r\",\"breadcrumb\":{\"@id\":\"https:\\\/\\\/www.biopapa.lt\\\/en\\\/produktas\\\/organic-gluten-free-banana-bread-mix-300g-bettr\\\/#breadcrumb\"},\"inLanguage\":\"en-US\",\"potentialAction\":[{\"@type\":\"ReadAction\",\"target\":[\"https:\\\/\\\/www.biopapa.lt\\\/en\\\/produktas\\\/organic-gluten-free-banana-bread-mix-300g-bettr\\\/\"]}]},{\"@type\":\"ImageObject\",\"inLanguage\":\"en-US\",\"@id\":\"https:\\\/\\\/www.biopapa.lt\\\/en\\\/produktas\\\/organic-gluten-free-banana-bread-mix-300g-bettr\\\/#primaryimage\",\"url\":\"https:\\\/\\\/www.biopapa.lt\\\/wp-content\\\/uploads\\\/2025\\\/08\\\/Ekologiskas-bananu-duonos-misinys-be-glitimo.jpg\",\"contentUrl\":\"https:\\\/\\\/www.biopapa.lt\\\/wp-content\\\/uploads\\\/2025\\\/08\\\/Ekologiskas-bananu-duonos-misinys-be-glitimo.jpg\",\"width\":800,\"height\":640},{\"@type\":\"BreadcrumbList\",\"@id\":\"https:\\\/\\\/www.biopapa.lt\\\/en\\\/produktas\\\/organic-gluten-free-banana-bread-mix-300g-bettr\\\/#breadcrumb\",\"itemListElement\":[{\"@type\":\"ListItem\",\"position\":1,\"name\":\"Home\",\"item\":\"https:\\\/\\\/www.biopapa.lt\\\/en\\\/\"},{\"@type\":\"ListItem\",\"position\":2,\"name\":\"Shop\",\"item\":\"https:\\\/\\\/www.biopapa.lt\\\/en\\\/shop\\\/\"},{\"@type\":\"ListItem\",\"position\":3,\"name\":\"Organic gluten-free banana bread mix, 300 g, Bett&#8217;r\"}]},{\"@type\":\"WebSite\",\"@id\":\"https:\\\/\\\/www.biopapa.lt\\\/#website\",\"url\":\"https:\\\/\\\/www.biopapa.lt\\\/\",\"name\":\"Biopapa\",\"description\":\"\u0160var\u016bs ekologi\u0161ki produktai\",\"publisher\":{\"@id\":\"https:\\\/\\\/www.biopapa.lt\\\/#organization\"},\"potentialAction\":[{\"@type\":\"SearchAction\",\"target\":{\"@type\":\"EntryPoint\",\"urlTemplate\":\"https:\\\/\\\/www.biopapa.lt\\\/?s={search_term_string}\"},\"query-input\":{\"@type\":\"PropertyValueSpecification\",\"valueRequired\":true,\"valueName\":\"search_term_string\"}}],\"inLanguage\":\"en-US\"},{\"@type\":\"Organization\",\"@id\":\"https:\\\/\\\/www.biopapa.lt\\\/#organization\",\"name\":\"Biopapa\",\"url\":\"https:\\\/\\\/www.biopapa.lt\\\/\",\"logo\":{\"@type\":\"ImageObject\",\"inLanguage\":\"en-US\",\"@id\":\"https:\\\/\\\/www.biopapa.lt\\\/#\\\/schema\\\/logo\\\/image\\\/\",\"url\":\"https:\\\/\\\/www.biopapa.lt\\\/wp-content\\\/uploads\\\/2022\\\/04\\\/facebook_biopapa.jpg\",\"contentUrl\":\"https:\\\/\\\/www.biopapa.lt\\\/wp-content\\\/uploads\\\/2022\\\/04\\\/facebook_biopapa.jpg\",\"width\":1733,\"height\":907,\"caption\":\"Biopapa\"},\"image\":{\"@id\":\"https:\\\/\\\/www.biopapa.lt\\\/#\\\/schema\\\/logo\\\/image\\\/\"},\"sameAs\":[\"https:\\\/\\\/www.facebook.com\\\/biopapa.lt\"]}]}<\/script>\n<!-- \/ Yoast SEO plugin. -->","yoast_head_json":{"title":"Organic gluten-free banana bread mix, 300 g, Bett'r - Biopapa","description":"Organic gluten-free banana bread mix 300g Bett'r","robots":{"index":"index","follow":"follow","max-snippet":"max-snippet:-1","max-image-preview":"max-image-preview:large","max-video-preview":"max-video-preview:-1"},"canonical":"https:\/\/www.biopapa.lt\/en\/produktas\/organic-gluten-free-banana-bread-mix-300g-bettr\/","og_locale":"en_US","og_type":"article","og_title":"Organic gluten-free banana bread mix, 300 g, Bett'r - Biopapa","og_description":"Organic gluten-free banana bread mix 300g Bett'r","og_url":"https:\/\/www.biopapa.lt\/en\/produktas\/organic-gluten-free-banana-bread-mix-300g-bettr\/","og_site_name":"Biopapa","article_publisher":"https:\/\/www.facebook.com\/biopapa.lt","article_modified_time":"2025-10-10T07:01:15+00:00","og_image":[{"width":800,"height":640,"url":"https:\/\/www.biopapa.lt\/wp-content\/uploads\/2025\/08\/Ekologiskas-bananu-duonos-misinys-be-glitimo.jpg","type":"image\/jpeg"}],"twitter_card":"summary_large_image","schema":{"@context":"https:\/\/schema.org","@graph":[{"@type":"WebPage","@id":"https:\/\/www.biopapa.lt\/en\/produktas\/organic-gluten-free-banana-bread-mix-300g-bettr\/","url":"https:\/\/www.biopapa.lt\/en\/produktas\/organic-gluten-free-banana-bread-mix-300g-bettr\/","name":"Organic gluten-free banana bread mix, 300 g, Bett'r - Biopapa","isPartOf":{"@id":"https:\/\/www.biopapa.lt\/#website"},"primaryImageOfPage":{"@id":"https:\/\/www.biopapa.lt\/en\/produktas\/organic-gluten-free-banana-bread-mix-300g-bettr\/#primaryimage"},"image":{"@id":"https:\/\/www.biopapa.lt\/en\/produktas\/organic-gluten-free-banana-bread-mix-300g-bettr\/#primaryimage"},"thumbnailUrl":"https:\/\/www.biopapa.lt\/wp-content\/uploads\/2025\/08\/Ekologiskas-bananu-duonos-misinys-be-glitimo.jpg","datePublished":"2025-08-27T12:50:53+00:00","dateModified":"2025-10-10T07:01:15+00:00","description":"Organic gluten-free banana bread mix 300g Bett'r","breadcrumb":{"@id":"https:\/\/www.biopapa.lt\/en\/produktas\/organic-gluten-free-banana-bread-mix-300g-bettr\/#breadcrumb"},"inLanguage":"en-US","potentialAction":[{"@type":"ReadAction","target":["https:\/\/www.biopapa.lt\/en\/produktas\/organic-gluten-free-banana-bread-mix-300g-bettr\/"]}]},{"@type":"ImageObject","inLanguage":"en-US","@id":"https:\/\/www.biopapa.lt\/en\/produktas\/organic-gluten-free-banana-bread-mix-300g-bettr\/#primaryimage","url":"https:\/\/www.biopapa.lt\/wp-content\/uploads\/2025\/08\/Ekologiskas-bananu-duonos-misinys-be-glitimo.jpg","contentUrl":"https:\/\/www.biopapa.lt\/wp-content\/uploads\/2025\/08\/Ekologiskas-bananu-duonos-misinys-be-glitimo.jpg","width":800,"height":640},{"@type":"BreadcrumbList","@id":"https:\/\/www.biopapa.lt\/en\/produktas\/organic-gluten-free-banana-bread-mix-300g-bettr\/#breadcrumb","itemListElement":[{"@type":"ListItem","position":1,"name":"Home","item":"https:\/\/www.biopapa.lt\/en\/"},{"@type":"ListItem","position":2,"name":"Shop","item":"https:\/\/www.biopapa.lt\/en\/shop\/"},{"@type":"ListItem","position":3,"name":"Organic gluten-free banana bread mix, 300 g, Bett&#8217;r"}]},{"@type":"WebSite","@id":"https:\/\/www.biopapa.lt\/#website","url":"https:\/\/www.biopapa.lt\/","name":"Biopapa","description":"\u0160var\u016bs ekologi\u0161ki produktai","publisher":{"@id":"https:\/\/www.biopapa.lt\/#organization"},"potentialAction":[{"@type":"SearchAction","target":{"@type":"EntryPoint","urlTemplate":"https:\/\/www.biopapa.lt\/?s={search_term_string}"},"query-input":{"@type":"PropertyValueSpecification","valueRequired":true,"valueName":"search_term_string"}}],"inLanguage":"en-US"},{"@type":"Organization","@id":"https:\/\/www.biopapa.lt\/#organization","name":"Biopapa","url":"https:\/\/www.biopapa.lt\/","logo":{"@type":"ImageObject","inLanguage":"en-US","@id":"https:\/\/www.biopapa.lt\/#\/schema\/logo\/image\/","url":"https:\/\/www.biopapa.lt\/wp-content\/uploads\/2022\/04\/facebook_biopapa.jpg","contentUrl":"https:\/\/www.biopapa.lt\/wp-content\/uploads\/2022\/04\/facebook_biopapa.jpg","width":1733,"height":907,"caption":"Biopapa"},"image":{"@id":"https:\/\/www.biopapa.lt\/#\/schema\/logo\/image\/"},"sameAs":["https:\/\/www.facebook.com\/biopapa.lt"]}]}},"_links":{"self":[{"href":"https:\/\/www.biopapa.lt\/en\/wp-json\/wp\/v2\/product\/167612","targetHints":{"allow":["GET"]}}],"collection":[{"href":"https:\/\/www.biopapa.lt\/en\/wp-json\/wp\/v2\/product"}],"about":[{"href":"https:\/\/www.biopapa.lt\/en\/wp-json\/wp\/v2\/types\/product"}],"wp:featuredmedia":[{"embeddable":true,"href":"https:\/\/www.biopapa.lt\/en\/wp-json\/wp\/v2\/media\/167624"}],"wp:attachment":[{"href":"https:\/\/www.biopapa.lt\/en\/wp-json\/wp\/v2\/media?parent=167612"}],"wp:term":[{"taxonomy":"product_brand","embeddable":true,"href":"https:\/\/www.biopapa.lt\/en\/wp-json\/wp\/v2\/product_brand?post=167612"},{"taxonomy":"product_cat","embeddable":true,"href":"https:\/\/www.biopapa.lt\/en\/wp-json\/wp\/v2\/product_cat?post=167612"},{"taxonomy":"product_tag","embeddable":true,"href":"https:\/\/www.biopapa.lt\/en\/wp-json\/wp\/v2\/product_tag?post=167612"}],"curies":[{"name":"wp","href":"https:\/\/api.w.org\/{rel}","templated":true}]}}