{"id":167583,"date":"2025-08-27T15:12:14","date_gmt":"2025-08-27T12:12:14","guid":{"rendered":"https:\/\/www.biopapa.lt\/?post_type=product&#038;p=167583"},"modified":"2025-10-10T10:00:13","modified_gmt":"2025-10-10T07:00:13","slug":"organic-gluten-free-protein-pancake-mix-400g-bettr","status":"publish","type":"product","link":"https:\/\/www.biopapa.lt\/en\/produktas\/organic-gluten-free-protein-pancake-mix-400g-bettr\/","title":{"rendered":"Organic gluten-free protein pancake mix, 400 g, Bett&#8217;r"},"content":{"rendered":"<p><strong>Organic gluten-free protein pancake mix 400g Bett&#8217;r<br \/>\n<\/strong>Organic vegan gluten-free protein pancake mix, no added sugar. Start your morning with a delicious, nutritious and very simple breakfast.<br \/>\nMade with carefully selected organic plant-based ingredients, this healthy pancake mix provides your body with the protein it needs &#8211; with no added sugar and 100% gluten-free.<br \/>\nIn just minutes, you can enjoy soft, fluffy pancakes that give you hours of energy and satiety &#8211; without sacrificing taste, health or convenience.<br \/>\nPerfect for: active people, athletes, and anyone who loves a light but filling breakfast. <\/p>\n<p>Why choose Bett&#8217;r Organic Protein Pancake Mix?<\/p>\n<p>100% organic with complete plant proteins<br \/>\nVegan &#8211; ideal for those who avoid animal products<br \/>\nGluten-free &#8211; suitable for people with gluten intolerance<br \/>\nNo added sugar &#8211; naturally sweetened with dates<br \/>\nNo artificial additives or preservatives<br \/>\nQuick and easy &#8211; ready in under 10 minutes.<\/p>\n<p>How to prepare:<br \/>\nIn a large bowl, mix the pancake mix with water or vegetable drink (1 l).<br \/>\nStir until smooth and leave to stand for 5 minutes.<br \/>\nHeat a non-stick frying pan over a medium-low heat, add a little oil or butter.<br \/>\nPour a small amount of batter (10-12 cm in diameter) onto the pan and fry for a few minutes on both sides until golden brown.<br \/>\nServe with your favourite condiments and fresh berries or fruit.<\/p>\n<p>Fluffy pancakes without hassle!<\/p>\n<p><em>NOTE. The information provided on this website shall not be construed as a recommendation for treatment or any other form of health advice. We encourage you to make personal decisions about your personal health, taking into account a wide range of sources of information.<\/em><\/p>\n","protected":false},"excerpt":{"rendered":"<p>Organic gluten-free protein pancake mix 400g Bett&#8217;r Organic vegan gluten-free protein pancake mix, no added sugar. Start your morning with<\/p>\n","protected":false},"featured_media":167588,"template":"","meta":{"_acf_changed":false},"product_brand":[],"product_cat":[2684,2644,1852],"product_tag":[2034,2088],"class_list":{"0":"post-167583","1":"product","2":"type-product","3":"status-publish","4":"has-post-thumbnail","6":"product_cat-mixes-preparations","7":"product_cat-without-gluten","8":"product_cat-flour","9":"product_tag-gluten-free","10":"product_tag-vegan","12":"first","13":"instock","14":"shipping-taxable","15":"purchasable","16":"product-type-simple"},"acf":[],"yoast_head":"<!-- This site is optimized with the Yoast SEO plugin v27.4 - https:\/\/yoast.com\/product\/yoast-seo-wordpress\/ -->\n<title>Organic gluten-free protein pancake mix, 400 g, Bett&#039;r - Biopapa<\/title>\n<meta name=\"description\" content=\"Organic protein pancake mix, gluten-free, no added sugar. Start your morning with a delicious, nutritious and very simple breakfast.\" \/>\n<meta name=\"robots\" content=\"index, follow, max-snippet:-1, max-image-preview:large, max-video-preview:-1\" \/>\n<link rel=\"canonical\" href=\"https:\/\/www.biopapa.lt\/en\/produktas\/organic-gluten-free-protein-pancake-mix-400g-bettr\/\" \/>\n<meta property=\"og:locale\" content=\"en_US\" \/>\n<meta property=\"og:type\" content=\"article\" \/>\n<meta property=\"og:title\" content=\"Organic gluten-free protein pancake mix, 400 g, Bett&#039;r - Biopapa\" \/>\n<meta property=\"og:description\" content=\"Organic protein pancake mix, gluten-free, no added sugar. Start your morning with a delicious, nutritious and very simple breakfast.\" \/>\n<meta property=\"og:url\" content=\"https:\/\/www.biopapa.lt\/en\/produktas\/organic-gluten-free-protein-pancake-mix-400g-bettr\/\" \/>\n<meta property=\"og:site_name\" content=\"Biopapa\" \/>\n<meta property=\"article:publisher\" content=\"https:\/\/www.facebook.com\/biopapa.lt\" \/>\n<meta property=\"article:modified_time\" content=\"2025-10-10T07:00:13+00:00\" \/>\n<meta property=\"og:image\" content=\"https:\/\/www.biopapa.lt\/wp-content\/uploads\/2025\/08\/Ekologiskas-baltyminiu-blynu-misinys-be-glitimo-400g-Bettr.png\" \/>\n\t<meta property=\"og:image:width\" content=\"800\" \/>\n\t<meta property=\"og:image:height\" content=\"640\" \/>\n\t<meta property=\"og:image:type\" content=\"image\/png\" \/>\n<meta name=\"twitter:card\" content=\"summary_large_image\" \/>\n<script type=\"application\/ld+json\" class=\"yoast-schema-graph\">{\"@context\":\"https:\\\/\\\/schema.org\",\"@graph\":[{\"@type\":\"WebPage\",\"@id\":\"https:\\\/\\\/www.biopapa.lt\\\/en\\\/produktas\\\/organic-gluten-free-protein-pancake-mix-400g-bettr\\\/\",\"url\":\"https:\\\/\\\/www.biopapa.lt\\\/en\\\/produktas\\\/organic-gluten-free-protein-pancake-mix-400g-bettr\\\/\",\"name\":\"Organic gluten-free protein pancake mix, 400 g, Bett'r - Biopapa\",\"isPartOf\":{\"@id\":\"https:\\\/\\\/www.biopapa.lt\\\/#website\"},\"primaryImageOfPage\":{\"@id\":\"https:\\\/\\\/www.biopapa.lt\\\/en\\\/produktas\\\/organic-gluten-free-protein-pancake-mix-400g-bettr\\\/#primaryimage\"},\"image\":{\"@id\":\"https:\\\/\\\/www.biopapa.lt\\\/en\\\/produktas\\\/organic-gluten-free-protein-pancake-mix-400g-bettr\\\/#primaryimage\"},\"thumbnailUrl\":\"https:\\\/\\\/www.biopapa.lt\\\/wp-content\\\/uploads\\\/2025\\\/08\\\/Ekologiskas-baltyminiu-blynu-misinys-be-glitimo-400g-Bettr.png\",\"datePublished\":\"2025-08-27T12:12:14+00:00\",\"dateModified\":\"2025-10-10T07:00:13+00:00\",\"description\":\"Organic protein pancake mix, gluten-free, no added sugar. Start your morning with a delicious, nutritious and very simple breakfast.\",\"breadcrumb\":{\"@id\":\"https:\\\/\\\/www.biopapa.lt\\\/en\\\/produktas\\\/organic-gluten-free-protein-pancake-mix-400g-bettr\\\/#breadcrumb\"},\"inLanguage\":\"en-US\",\"potentialAction\":[{\"@type\":\"ReadAction\",\"target\":[\"https:\\\/\\\/www.biopapa.lt\\\/en\\\/produktas\\\/organic-gluten-free-protein-pancake-mix-400g-bettr\\\/\"]}]},{\"@type\":\"ImageObject\",\"inLanguage\":\"en-US\",\"@id\":\"https:\\\/\\\/www.biopapa.lt\\\/en\\\/produktas\\\/organic-gluten-free-protein-pancake-mix-400g-bettr\\\/#primaryimage\",\"url\":\"https:\\\/\\\/www.biopapa.lt\\\/wp-content\\\/uploads\\\/2025\\\/08\\\/Ekologiskas-baltyminiu-blynu-misinys-be-glitimo-400g-Bettr.png\",\"contentUrl\":\"https:\\\/\\\/www.biopapa.lt\\\/wp-content\\\/uploads\\\/2025\\\/08\\\/Ekologiskas-baltyminiu-blynu-misinys-be-glitimo-400g-Bettr.png\",\"width\":800,\"height\":640},{\"@type\":\"BreadcrumbList\",\"@id\":\"https:\\\/\\\/www.biopapa.lt\\\/en\\\/produktas\\\/organic-gluten-free-protein-pancake-mix-400g-bettr\\\/#breadcrumb\",\"itemListElement\":[{\"@type\":\"ListItem\",\"position\":1,\"name\":\"Home\",\"item\":\"https:\\\/\\\/www.biopapa.lt\\\/en\\\/\"},{\"@type\":\"ListItem\",\"position\":2,\"name\":\"Shop\",\"item\":\"https:\\\/\\\/www.biopapa.lt\\\/en\\\/shop\\\/\"},{\"@type\":\"ListItem\",\"position\":3,\"name\":\"Organic gluten-free protein pancake mix, 400 g, Bett&#8217;r\"}]},{\"@type\":\"WebSite\",\"@id\":\"https:\\\/\\\/www.biopapa.lt\\\/#website\",\"url\":\"https:\\\/\\\/www.biopapa.lt\\\/\",\"name\":\"Biopapa\",\"description\":\"\u0160var\u016bs ekologi\u0161ki produktai\",\"publisher\":{\"@id\":\"https:\\\/\\\/www.biopapa.lt\\\/#organization\"},\"potentialAction\":[{\"@type\":\"SearchAction\",\"target\":{\"@type\":\"EntryPoint\",\"urlTemplate\":\"https:\\\/\\\/www.biopapa.lt\\\/?s={search_term_string}\"},\"query-input\":{\"@type\":\"PropertyValueSpecification\",\"valueRequired\":true,\"valueName\":\"search_term_string\"}}],\"inLanguage\":\"en-US\"},{\"@type\":\"Organization\",\"@id\":\"https:\\\/\\\/www.biopapa.lt\\\/#organization\",\"name\":\"Biopapa\",\"url\":\"https:\\\/\\\/www.biopapa.lt\\\/\",\"logo\":{\"@type\":\"ImageObject\",\"inLanguage\":\"en-US\",\"@id\":\"https:\\\/\\\/www.biopapa.lt\\\/#\\\/schema\\\/logo\\\/image\\\/\",\"url\":\"https:\\\/\\\/www.biopapa.lt\\\/wp-content\\\/uploads\\\/2022\\\/04\\\/facebook_biopapa.jpg\",\"contentUrl\":\"https:\\\/\\\/www.biopapa.lt\\\/wp-content\\\/uploads\\\/2022\\\/04\\\/facebook_biopapa.jpg\",\"width\":1733,\"height\":907,\"caption\":\"Biopapa\"},\"image\":{\"@id\":\"https:\\\/\\\/www.biopapa.lt\\\/#\\\/schema\\\/logo\\\/image\\\/\"},\"sameAs\":[\"https:\\\/\\\/www.facebook.com\\\/biopapa.lt\"]}]}<\/script>\n<!-- \/ Yoast SEO plugin. -->","yoast_head_json":{"title":"Organic gluten-free protein pancake mix, 400 g, Bett'r - Biopapa","description":"Organic protein pancake mix, gluten-free, no added sugar. Start your morning with a delicious, nutritious and very simple breakfast.","robots":{"index":"index","follow":"follow","max-snippet":"max-snippet:-1","max-image-preview":"max-image-preview:large","max-video-preview":"max-video-preview:-1"},"canonical":"https:\/\/www.biopapa.lt\/en\/produktas\/organic-gluten-free-protein-pancake-mix-400g-bettr\/","og_locale":"en_US","og_type":"article","og_title":"Organic gluten-free protein pancake mix, 400 g, Bett'r - Biopapa","og_description":"Organic protein pancake mix, gluten-free, no added sugar. Start your morning with a delicious, nutritious and very simple breakfast.","og_url":"https:\/\/www.biopapa.lt\/en\/produktas\/organic-gluten-free-protein-pancake-mix-400g-bettr\/","og_site_name":"Biopapa","article_publisher":"https:\/\/www.facebook.com\/biopapa.lt","article_modified_time":"2025-10-10T07:00:13+00:00","og_image":[{"width":800,"height":640,"url":"https:\/\/www.biopapa.lt\/wp-content\/uploads\/2025\/08\/Ekologiskas-baltyminiu-blynu-misinys-be-glitimo-400g-Bettr.png","type":"image\/png"}],"twitter_card":"summary_large_image","schema":{"@context":"https:\/\/schema.org","@graph":[{"@type":"WebPage","@id":"https:\/\/www.biopapa.lt\/en\/produktas\/organic-gluten-free-protein-pancake-mix-400g-bettr\/","url":"https:\/\/www.biopapa.lt\/en\/produktas\/organic-gluten-free-protein-pancake-mix-400g-bettr\/","name":"Organic gluten-free protein pancake mix, 400 g, Bett'r - Biopapa","isPartOf":{"@id":"https:\/\/www.biopapa.lt\/#website"},"primaryImageOfPage":{"@id":"https:\/\/www.biopapa.lt\/en\/produktas\/organic-gluten-free-protein-pancake-mix-400g-bettr\/#primaryimage"},"image":{"@id":"https:\/\/www.biopapa.lt\/en\/produktas\/organic-gluten-free-protein-pancake-mix-400g-bettr\/#primaryimage"},"thumbnailUrl":"https:\/\/www.biopapa.lt\/wp-content\/uploads\/2025\/08\/Ekologiskas-baltyminiu-blynu-misinys-be-glitimo-400g-Bettr.png","datePublished":"2025-08-27T12:12:14+00:00","dateModified":"2025-10-10T07:00:13+00:00","description":"Organic protein pancake mix, gluten-free, no added sugar. Start your morning with a delicious, nutritious and very simple breakfast.","breadcrumb":{"@id":"https:\/\/www.biopapa.lt\/en\/produktas\/organic-gluten-free-protein-pancake-mix-400g-bettr\/#breadcrumb"},"inLanguage":"en-US","potentialAction":[{"@type":"ReadAction","target":["https:\/\/www.biopapa.lt\/en\/produktas\/organic-gluten-free-protein-pancake-mix-400g-bettr\/"]}]},{"@type":"ImageObject","inLanguage":"en-US","@id":"https:\/\/www.biopapa.lt\/en\/produktas\/organic-gluten-free-protein-pancake-mix-400g-bettr\/#primaryimage","url":"https:\/\/www.biopapa.lt\/wp-content\/uploads\/2025\/08\/Ekologiskas-baltyminiu-blynu-misinys-be-glitimo-400g-Bettr.png","contentUrl":"https:\/\/www.biopapa.lt\/wp-content\/uploads\/2025\/08\/Ekologiskas-baltyminiu-blynu-misinys-be-glitimo-400g-Bettr.png","width":800,"height":640},{"@type":"BreadcrumbList","@id":"https:\/\/www.biopapa.lt\/en\/produktas\/organic-gluten-free-protein-pancake-mix-400g-bettr\/#breadcrumb","itemListElement":[{"@type":"ListItem","position":1,"name":"Home","item":"https:\/\/www.biopapa.lt\/en\/"},{"@type":"ListItem","position":2,"name":"Shop","item":"https:\/\/www.biopapa.lt\/en\/shop\/"},{"@type":"ListItem","position":3,"name":"Organic gluten-free protein pancake mix, 400 g, Bett&#8217;r"}]},{"@type":"WebSite","@id":"https:\/\/www.biopapa.lt\/#website","url":"https:\/\/www.biopapa.lt\/","name":"Biopapa","description":"\u0160var\u016bs ekologi\u0161ki produktai","publisher":{"@id":"https:\/\/www.biopapa.lt\/#organization"},"potentialAction":[{"@type":"SearchAction","target":{"@type":"EntryPoint","urlTemplate":"https:\/\/www.biopapa.lt\/?s={search_term_string}"},"query-input":{"@type":"PropertyValueSpecification","valueRequired":true,"valueName":"search_term_string"}}],"inLanguage":"en-US"},{"@type":"Organization","@id":"https:\/\/www.biopapa.lt\/#organization","name":"Biopapa","url":"https:\/\/www.biopapa.lt\/","logo":{"@type":"ImageObject","inLanguage":"en-US","@id":"https:\/\/www.biopapa.lt\/#\/schema\/logo\/image\/","url":"https:\/\/www.biopapa.lt\/wp-content\/uploads\/2022\/04\/facebook_biopapa.jpg","contentUrl":"https:\/\/www.biopapa.lt\/wp-content\/uploads\/2022\/04\/facebook_biopapa.jpg","width":1733,"height":907,"caption":"Biopapa"},"image":{"@id":"https:\/\/www.biopapa.lt\/#\/schema\/logo\/image\/"},"sameAs":["https:\/\/www.facebook.com\/biopapa.lt"]}]}},"_links":{"self":[{"href":"https:\/\/www.biopapa.lt\/en\/wp-json\/wp\/v2\/product\/167583","targetHints":{"allow":["GET"]}}],"collection":[{"href":"https:\/\/www.biopapa.lt\/en\/wp-json\/wp\/v2\/product"}],"about":[{"href":"https:\/\/www.biopapa.lt\/en\/wp-json\/wp\/v2\/types\/product"}],"wp:featuredmedia":[{"embeddable":true,"href":"https:\/\/www.biopapa.lt\/en\/wp-json\/wp\/v2\/media\/167588"}],"wp:attachment":[{"href":"https:\/\/www.biopapa.lt\/en\/wp-json\/wp\/v2\/media?parent=167583"}],"wp:term":[{"taxonomy":"product_brand","embeddable":true,"href":"https:\/\/www.biopapa.lt\/en\/wp-json\/wp\/v2\/product_brand?post=167583"},{"taxonomy":"product_cat","embeddable":true,"href":"https:\/\/www.biopapa.lt\/en\/wp-json\/wp\/v2\/product_cat?post=167583"},{"taxonomy":"product_tag","embeddable":true,"href":"https:\/\/www.biopapa.lt\/en\/wp-json\/wp\/v2\/product_tag?post=167583"}],"curies":[{"name":"wp","href":"https:\/\/api.w.org\/{rel}","templated":true}]}}