{"id":167569,"date":"2025-08-27T14:57:44","date_gmt":"2025-08-27T11:57:44","guid":{"rendered":"https:\/\/www.biopapa.lt\/?post_type=product&#038;p=167569"},"modified":"2025-10-10T09:58:46","modified_gmt":"2025-10-10T06:58:46","slug":"organic-gluten-free-biscuit-mix-300-g-bettr","status":"publish","type":"product","link":"https:\/\/www.biopapa.lt\/en\/produktas\/organic-gluten-free-biscuit-mix-300-g-bettr\/","title":{"rendered":"Organic gluten-free biscuit mix, 300 g, Bett&#8217;r"},"content":{"rendered":"<p><strong>Organic gluten-free biscuit mix 300g Bett&#8217;r<br \/>\n<\/strong>Bake fresh, tasty biscuits at home in just minutes with Bett&#8217;r Organic gluten-free biscuit mix. Forget Grandma&#8217;s recipe &#8211; all you need is a splash of plant-based drink or a little oil to create warm, soft biscuits that fill your kitchen with the aroma of pure happiness.<br \/>\nThis organic, vegan and gluten-free blend is made with carefully selected ingredients, including dark chocolate chunks with up to 61.5% cocoa &#8211; a delicious treat with no refined sugar and no artificial additives.<\/p>\n<p>Why choose Bett&#8217;r biscuit mix?<\/p>\n<p>Certified organic &#8211; only natural, clean ingredients<br \/>\nGluten-free &#8211; suitable for people with gluten intolerance<br \/>\n100% vegan &#8211; a plant-based alternative to treats without compromise<br \/>\nWith dark chocolate chunks &#8211; chocolate with at least 61.5% cocoa<br \/>\nRefined sugar-free, no artificial additives &#8211; sweetened with natural coconut sugar<br \/>\nQuick and easy to bake &#8211; homemade biscuits in just 15 minutes<\/p>\n<p>How to make Bett&#8217;r cookies<br \/>\nYou will need:<br \/>\n80 ml oil or melted butter<br \/>\n50 ml milk or vegetable drink.<\/p>\n<p>Preparation:<br \/>\nPreheat the oven to 170 \u00b0C (fan-assisted) or 185-190 \u00b0C (unfanned).<br \/>\nPrepare a 30\u00d730 cm baking tray &#8211; lightly grease it with oil or line it with baking paper.<br \/>\nIn a bowl, mix the biscuit mix with the oil (or melted butter) and the milk (or plant-based drink). Stir until a smooth dough forms.<br \/>\nForm 12 equal sized balls, place them on a baking tray and flatten them lightly.<br \/>\nBake for 12-15 minutes until golden brown.<br \/>\nAllow to cool completely before tasting.<br \/>\nQuick, easy and delicious &#8211; perfect for the whole family! <\/p>\n<p><em>NOTE. The information provided on this website shall not be construed as a recommendation for treatment or any other form of health advice. We encourage you to make personal decisions about your personal health, taking into account a wide range of sources of information.<\/em><\/p>\n","protected":false},"excerpt":{"rendered":"<p>Organic gluten-free biscuit mix 300g Bett&#8217;r Bake fresh, tasty biscuits at home in just minutes with Bett&#8217;r Organic gluten-free biscuit<\/p>\n","protected":false},"featured_media":167601,"template":"","meta":{"_acf_changed":false},"product_brand":[],"product_cat":[1852,2684,2644],"product_tag":[2034,2088],"class_list":{"0":"post-167569","1":"product","2":"type-product","3":"status-publish","4":"has-post-thumbnail","6":"product_cat-flour","7":"product_cat-mixes-preparations","8":"product_cat-without-gluten","9":"product_tag-gluten-free","10":"product_tag-vegan","12":"first","13":"instock","14":"shipping-taxable","15":"purchasable","16":"product-type-simple"},"acf":[],"yoast_head":"<!-- This site is optimized with the Yoast SEO plugin v27.4 - https:\/\/yoast.com\/product\/yoast-seo-wordpress\/ -->\n<title>Organic gluten-free biscuit mix, 300 g, Bett&#039;r - Biopapa<\/title>\n<meta name=\"description\" content=\"Organic gluten-free biscuit mix - bake fresh, tasty biscuits at home in minutes with Bett&#039;r Organic gluten-free biscuit mix.\" \/>\n<meta name=\"robots\" content=\"index, follow, max-snippet:-1, max-image-preview:large, max-video-preview:-1\" \/>\n<link rel=\"canonical\" href=\"https:\/\/www.biopapa.lt\/en\/produktas\/organic-gluten-free-biscuit-mix-300-g-bettr\/\" \/>\n<meta property=\"og:locale\" content=\"en_US\" \/>\n<meta property=\"og:type\" content=\"article\" \/>\n<meta property=\"og:title\" content=\"Organic gluten-free biscuit mix, 300 g, Bett&#039;r - Biopapa\" \/>\n<meta property=\"og:description\" content=\"Organic gluten-free biscuit mix - bake fresh, tasty biscuits at home in minutes with Bett&#039;r Organic gluten-free biscuit mix.\" \/>\n<meta property=\"og:url\" content=\"https:\/\/www.biopapa.lt\/en\/produktas\/organic-gluten-free-biscuit-mix-300-g-bettr\/\" \/>\n<meta property=\"og:site_name\" content=\"Biopapa\" \/>\n<meta property=\"article:publisher\" content=\"https:\/\/www.facebook.com\/biopapa.lt\" \/>\n<meta property=\"article:modified_time\" content=\"2025-10-10T06:58:46+00:00\" \/>\n<meta property=\"og:image\" content=\"https:\/\/www.biopapa.lt\/wp-content\/uploads\/2025\/08\/Ekologiskas-sausainiu-misinys-su-sokalado-gabaliukais-be-glitimo-300g-Bettr.png\" \/>\n\t<meta property=\"og:image:width\" content=\"800\" \/>\n\t<meta property=\"og:image:height\" content=\"640\" \/>\n\t<meta property=\"og:image:type\" content=\"image\/png\" \/>\n<meta name=\"twitter:card\" content=\"summary_large_image\" \/>\n<script type=\"application\/ld+json\" class=\"yoast-schema-graph\">{\"@context\":\"https:\\\/\\\/schema.org\",\"@graph\":[{\"@type\":\"WebPage\",\"@id\":\"https:\\\/\\\/www.biopapa.lt\\\/en\\\/produktas\\\/organic-gluten-free-biscuit-mix-300-g-bettr\\\/\",\"url\":\"https:\\\/\\\/www.biopapa.lt\\\/en\\\/produktas\\\/organic-gluten-free-biscuit-mix-300-g-bettr\\\/\",\"name\":\"Organic gluten-free biscuit mix, 300 g, Bett'r - Biopapa\",\"isPartOf\":{\"@id\":\"https:\\\/\\\/www.biopapa.lt\\\/#website\"},\"primaryImageOfPage\":{\"@id\":\"https:\\\/\\\/www.biopapa.lt\\\/en\\\/produktas\\\/organic-gluten-free-biscuit-mix-300-g-bettr\\\/#primaryimage\"},\"image\":{\"@id\":\"https:\\\/\\\/www.biopapa.lt\\\/en\\\/produktas\\\/organic-gluten-free-biscuit-mix-300-g-bettr\\\/#primaryimage\"},\"thumbnailUrl\":\"https:\\\/\\\/www.biopapa.lt\\\/wp-content\\\/uploads\\\/2025\\\/08\\\/Ekologiskas-sausainiu-misinys-su-sokalado-gabaliukais-be-glitimo-300g-Bettr.png\",\"datePublished\":\"2025-08-27T11:57:44+00:00\",\"dateModified\":\"2025-10-10T06:58:46+00:00\",\"description\":\"Organic gluten-free biscuit mix - bake fresh, tasty biscuits at home in minutes with Bett'r Organic gluten-free biscuit mix.\",\"breadcrumb\":{\"@id\":\"https:\\\/\\\/www.biopapa.lt\\\/en\\\/produktas\\\/organic-gluten-free-biscuit-mix-300-g-bettr\\\/#breadcrumb\"},\"inLanguage\":\"en-US\",\"potentialAction\":[{\"@type\":\"ReadAction\",\"target\":[\"https:\\\/\\\/www.biopapa.lt\\\/en\\\/produktas\\\/organic-gluten-free-biscuit-mix-300-g-bettr\\\/\"]}]},{\"@type\":\"ImageObject\",\"inLanguage\":\"en-US\",\"@id\":\"https:\\\/\\\/www.biopapa.lt\\\/en\\\/produktas\\\/organic-gluten-free-biscuit-mix-300-g-bettr\\\/#primaryimage\",\"url\":\"https:\\\/\\\/www.biopapa.lt\\\/wp-content\\\/uploads\\\/2025\\\/08\\\/Ekologiskas-sausainiu-misinys-su-sokalado-gabaliukais-be-glitimo-300g-Bettr.png\",\"contentUrl\":\"https:\\\/\\\/www.biopapa.lt\\\/wp-content\\\/uploads\\\/2025\\\/08\\\/Ekologiskas-sausainiu-misinys-su-sokalado-gabaliukais-be-glitimo-300g-Bettr.png\",\"width\":800,\"height\":640},{\"@type\":\"BreadcrumbList\",\"@id\":\"https:\\\/\\\/www.biopapa.lt\\\/en\\\/produktas\\\/organic-gluten-free-biscuit-mix-300-g-bettr\\\/#breadcrumb\",\"itemListElement\":[{\"@type\":\"ListItem\",\"position\":1,\"name\":\"Home\",\"item\":\"https:\\\/\\\/www.biopapa.lt\\\/en\\\/\"},{\"@type\":\"ListItem\",\"position\":2,\"name\":\"Shop\",\"item\":\"https:\\\/\\\/www.biopapa.lt\\\/en\\\/shop\\\/\"},{\"@type\":\"ListItem\",\"position\":3,\"name\":\"Organic gluten-free biscuit mix, 300 g, Bett&#8217;r\"}]},{\"@type\":\"WebSite\",\"@id\":\"https:\\\/\\\/www.biopapa.lt\\\/#website\",\"url\":\"https:\\\/\\\/www.biopapa.lt\\\/\",\"name\":\"Biopapa\",\"description\":\"\u0160var\u016bs ekologi\u0161ki produktai\",\"publisher\":{\"@id\":\"https:\\\/\\\/www.biopapa.lt\\\/#organization\"},\"potentialAction\":[{\"@type\":\"SearchAction\",\"target\":{\"@type\":\"EntryPoint\",\"urlTemplate\":\"https:\\\/\\\/www.biopapa.lt\\\/?s={search_term_string}\"},\"query-input\":{\"@type\":\"PropertyValueSpecification\",\"valueRequired\":true,\"valueName\":\"search_term_string\"}}],\"inLanguage\":\"en-US\"},{\"@type\":\"Organization\",\"@id\":\"https:\\\/\\\/www.biopapa.lt\\\/#organization\",\"name\":\"Biopapa\",\"url\":\"https:\\\/\\\/www.biopapa.lt\\\/\",\"logo\":{\"@type\":\"ImageObject\",\"inLanguage\":\"en-US\",\"@id\":\"https:\\\/\\\/www.biopapa.lt\\\/#\\\/schema\\\/logo\\\/image\\\/\",\"url\":\"https:\\\/\\\/www.biopapa.lt\\\/wp-content\\\/uploads\\\/2022\\\/04\\\/facebook_biopapa.jpg\",\"contentUrl\":\"https:\\\/\\\/www.biopapa.lt\\\/wp-content\\\/uploads\\\/2022\\\/04\\\/facebook_biopapa.jpg\",\"width\":1733,\"height\":907,\"caption\":\"Biopapa\"},\"image\":{\"@id\":\"https:\\\/\\\/www.biopapa.lt\\\/#\\\/schema\\\/logo\\\/image\\\/\"},\"sameAs\":[\"https:\\\/\\\/www.facebook.com\\\/biopapa.lt\"]}]}<\/script>\n<!-- \/ Yoast SEO plugin. -->","yoast_head_json":{"title":"Organic gluten-free biscuit mix, 300 g, Bett'r - Biopapa","description":"Organic gluten-free biscuit mix - bake fresh, tasty biscuits at home in minutes with Bett'r Organic gluten-free biscuit mix.","robots":{"index":"index","follow":"follow","max-snippet":"max-snippet:-1","max-image-preview":"max-image-preview:large","max-video-preview":"max-video-preview:-1"},"canonical":"https:\/\/www.biopapa.lt\/en\/produktas\/organic-gluten-free-biscuit-mix-300-g-bettr\/","og_locale":"en_US","og_type":"article","og_title":"Organic gluten-free biscuit mix, 300 g, Bett'r - Biopapa","og_description":"Organic gluten-free biscuit mix - bake fresh, tasty biscuits at home in minutes with Bett'r Organic gluten-free biscuit mix.","og_url":"https:\/\/www.biopapa.lt\/en\/produktas\/organic-gluten-free-biscuit-mix-300-g-bettr\/","og_site_name":"Biopapa","article_publisher":"https:\/\/www.facebook.com\/biopapa.lt","article_modified_time":"2025-10-10T06:58:46+00:00","og_image":[{"width":800,"height":640,"url":"https:\/\/www.biopapa.lt\/wp-content\/uploads\/2025\/08\/Ekologiskas-sausainiu-misinys-su-sokalado-gabaliukais-be-glitimo-300g-Bettr.png","type":"image\/png"}],"twitter_card":"summary_large_image","schema":{"@context":"https:\/\/schema.org","@graph":[{"@type":"WebPage","@id":"https:\/\/www.biopapa.lt\/en\/produktas\/organic-gluten-free-biscuit-mix-300-g-bettr\/","url":"https:\/\/www.biopapa.lt\/en\/produktas\/organic-gluten-free-biscuit-mix-300-g-bettr\/","name":"Organic gluten-free biscuit mix, 300 g, Bett'r - Biopapa","isPartOf":{"@id":"https:\/\/www.biopapa.lt\/#website"},"primaryImageOfPage":{"@id":"https:\/\/www.biopapa.lt\/en\/produktas\/organic-gluten-free-biscuit-mix-300-g-bettr\/#primaryimage"},"image":{"@id":"https:\/\/www.biopapa.lt\/en\/produktas\/organic-gluten-free-biscuit-mix-300-g-bettr\/#primaryimage"},"thumbnailUrl":"https:\/\/www.biopapa.lt\/wp-content\/uploads\/2025\/08\/Ekologiskas-sausainiu-misinys-su-sokalado-gabaliukais-be-glitimo-300g-Bettr.png","datePublished":"2025-08-27T11:57:44+00:00","dateModified":"2025-10-10T06:58:46+00:00","description":"Organic gluten-free biscuit mix - bake fresh, tasty biscuits at home in minutes with Bett'r Organic gluten-free biscuit mix.","breadcrumb":{"@id":"https:\/\/www.biopapa.lt\/en\/produktas\/organic-gluten-free-biscuit-mix-300-g-bettr\/#breadcrumb"},"inLanguage":"en-US","potentialAction":[{"@type":"ReadAction","target":["https:\/\/www.biopapa.lt\/en\/produktas\/organic-gluten-free-biscuit-mix-300-g-bettr\/"]}]},{"@type":"ImageObject","inLanguage":"en-US","@id":"https:\/\/www.biopapa.lt\/en\/produktas\/organic-gluten-free-biscuit-mix-300-g-bettr\/#primaryimage","url":"https:\/\/www.biopapa.lt\/wp-content\/uploads\/2025\/08\/Ekologiskas-sausainiu-misinys-su-sokalado-gabaliukais-be-glitimo-300g-Bettr.png","contentUrl":"https:\/\/www.biopapa.lt\/wp-content\/uploads\/2025\/08\/Ekologiskas-sausainiu-misinys-su-sokalado-gabaliukais-be-glitimo-300g-Bettr.png","width":800,"height":640},{"@type":"BreadcrumbList","@id":"https:\/\/www.biopapa.lt\/en\/produktas\/organic-gluten-free-biscuit-mix-300-g-bettr\/#breadcrumb","itemListElement":[{"@type":"ListItem","position":1,"name":"Home","item":"https:\/\/www.biopapa.lt\/en\/"},{"@type":"ListItem","position":2,"name":"Shop","item":"https:\/\/www.biopapa.lt\/en\/shop\/"},{"@type":"ListItem","position":3,"name":"Organic gluten-free biscuit mix, 300 g, Bett&#8217;r"}]},{"@type":"WebSite","@id":"https:\/\/www.biopapa.lt\/#website","url":"https:\/\/www.biopapa.lt\/","name":"Biopapa","description":"\u0160var\u016bs ekologi\u0161ki produktai","publisher":{"@id":"https:\/\/www.biopapa.lt\/#organization"},"potentialAction":[{"@type":"SearchAction","target":{"@type":"EntryPoint","urlTemplate":"https:\/\/www.biopapa.lt\/?s={search_term_string}"},"query-input":{"@type":"PropertyValueSpecification","valueRequired":true,"valueName":"search_term_string"}}],"inLanguage":"en-US"},{"@type":"Organization","@id":"https:\/\/www.biopapa.lt\/#organization","name":"Biopapa","url":"https:\/\/www.biopapa.lt\/","logo":{"@type":"ImageObject","inLanguage":"en-US","@id":"https:\/\/www.biopapa.lt\/#\/schema\/logo\/image\/","url":"https:\/\/www.biopapa.lt\/wp-content\/uploads\/2022\/04\/facebook_biopapa.jpg","contentUrl":"https:\/\/www.biopapa.lt\/wp-content\/uploads\/2022\/04\/facebook_biopapa.jpg","width":1733,"height":907,"caption":"Biopapa"},"image":{"@id":"https:\/\/www.biopapa.lt\/#\/schema\/logo\/image\/"},"sameAs":["https:\/\/www.facebook.com\/biopapa.lt"]}]}},"_links":{"self":[{"href":"https:\/\/www.biopapa.lt\/en\/wp-json\/wp\/v2\/product\/167569","targetHints":{"allow":["GET"]}}],"collection":[{"href":"https:\/\/www.biopapa.lt\/en\/wp-json\/wp\/v2\/product"}],"about":[{"href":"https:\/\/www.biopapa.lt\/en\/wp-json\/wp\/v2\/types\/product"}],"wp:featuredmedia":[{"embeddable":true,"href":"https:\/\/www.biopapa.lt\/en\/wp-json\/wp\/v2\/media\/167601"}],"wp:attachment":[{"href":"https:\/\/www.biopapa.lt\/en\/wp-json\/wp\/v2\/media?parent=167569"}],"wp:term":[{"taxonomy":"product_brand","embeddable":true,"href":"https:\/\/www.biopapa.lt\/en\/wp-json\/wp\/v2\/product_brand?post=167569"},{"taxonomy":"product_cat","embeddable":true,"href":"https:\/\/www.biopapa.lt\/en\/wp-json\/wp\/v2\/product_cat?post=167569"},{"taxonomy":"product_tag","embeddable":true,"href":"https:\/\/www.biopapa.lt\/en\/wp-json\/wp\/v2\/product_tag?post=167569"}],"curies":[{"name":"wp","href":"https:\/\/api.w.org\/{rel}","templated":true}]}}