{"id":166640,"date":"2025-08-25T19:08:53","date_gmt":"2025-08-25T16:08:53","guid":{"rendered":"https:\/\/www.biopapa.lt\/?post_type=product&#038;p=166640"},"modified":"2026-03-08T01:06:05","modified_gmt":"2026-03-07T23:06:05","slug":"organic-mineral-day-and-night-cream-for-sensitive-extra-dry-and-combination-skin-sea-line-dead-sea-treatment-75-ml","status":"publish","type":"product","link":"https:\/\/www.biopapa.lt\/en\/produktas\/organic-mineral-day-and-night-cream-for-sensitive-extra-dry-and-combination-skin-sea-line-dead-sea-treatment-75-ml\/","title":{"rendered":"Organic mineral day and night cream (for sensitive, extra dry and combination skin) SEA LINE Dead Sea Treatment, 75 ml"},"content":{"rendered":"<p><strong>Organic mineral day and night cream (for sensitive, extra dry and combination skin) SEA LINE Dead Sea Treatment, 75 ml<br \/>\n<\/strong>Certified Natural Skin Care\u00ae<br \/>\nFor sensitive, extra dry and combination skin<br \/>\nThe natural action of plant extracts, vitamins, organic oils and Dead Sea minerals nourishes, moisturises and protects sensitive, (extra) dry, combination and demanding skin. Helps to restore and soften the skin. <\/p>\n<p>Certified by BDIH, ECO Control and ICADA Natural as a natural skin care product. Registered with the Vegan Society. SEA LINE combines the powerful minerals of the Dead Sea with the best botanicals for healthy skin.  <\/p>\n<p>To use: apply the cream to cleansed skin in the morning and\/or at night.<\/p>\n","protected":false},"excerpt":{"rendered":"<p>Organic mineral day and night cream (for sensitive, extra dry and combination skin) SEA LINE Dead Sea Treatment, 75 ml<\/p>\n","protected":false},"featured_media":166645,"template":"","meta":{"_acf_changed":false},"product_brand":[],"product_cat":[1962,1971],"product_tag":[2058,2090],"class_list":{"0":"post-166640","1":"product","2":"type-product","3":"status-publish","4":"has-post-thumbnail","6":"product_cat-beauty-and-hygiene","7":"product_cat-facial-care","8":"product_tag-body-care","9":"product_tag-facial-care","11":"first","12":"instock","13":"shipping-taxable","14":"purchasable","15":"product-type-simple"},"acf":[],"yoast_head":"<!-- This site is optimized with the Yoast SEO plugin v27.4 - https:\/\/yoast.com\/product\/yoast-seo-wordpress\/ -->\n<title>Organic mineral day and night cream (for sensitive, extra dry and combination skin) SEA LINE Dead Sea Treatment, 75 ml - Biopapa<\/title>\n<meta name=\"description\" content=\"Organic mineral day and night cream for sensitive, particularly dry and combination skin.\" \/>\n<meta name=\"robots\" content=\"index, follow, max-snippet:-1, max-image-preview:large, max-video-preview:-1\" \/>\n<link rel=\"canonical\" href=\"https:\/\/www.biopapa.lt\/en\/produktas\/organic-mineral-day-and-night-cream-for-sensitive-extra-dry-and-combination-skin-sea-line-dead-sea-treatment-75-ml\/\" \/>\n<meta property=\"og:locale\" content=\"en_US\" \/>\n<meta property=\"og:type\" content=\"article\" \/>\n<meta property=\"og:title\" content=\"Organic mineral day and night cream (for sensitive, extra dry and combination skin) SEA LINE Dead Sea Treatment, 75 ml - Biopapa\" \/>\n<meta property=\"og:description\" content=\"Organic mineral day and night cream for sensitive, particularly dry and combination skin.\" \/>\n<meta property=\"og:url\" content=\"https:\/\/www.biopapa.lt\/en\/produktas\/organic-mineral-day-and-night-cream-for-sensitive-extra-dry-and-combination-skin-sea-line-dead-sea-treatment-75-ml\/\" \/>\n<meta property=\"og:site_name\" content=\"Biopapa\" \/>\n<meta property=\"article:publisher\" content=\"https:\/\/www.facebook.com\/biopapa.lt\" \/>\n<meta property=\"article:modified_time\" content=\"2026-03-07T23:06:05+00:00\" \/>\n<meta property=\"og:image\" content=\"https:\/\/www.biopapa.lt\/wp-content\/uploads\/2025\/08\/Ekologiskas-Mineralinis-dieninis-ir-naktinis-kremas-jautriai-ypac-sausai-ir-misriai-odai.png\" \/>\n\t<meta property=\"og:image:width\" content=\"800\" \/>\n\t<meta property=\"og:image:height\" content=\"640\" \/>\n\t<meta property=\"og:image:type\" content=\"image\/png\" \/>\n<meta name=\"twitter:card\" content=\"summary_large_image\" \/>\n<script type=\"application\/ld+json\" class=\"yoast-schema-graph\">{\"@context\":\"https:\\\/\\\/schema.org\",\"@graph\":[{\"@type\":\"WebPage\",\"@id\":\"https:\\\/\\\/www.biopapa.lt\\\/en\\\/produktas\\\/organic-mineral-day-and-night-cream-for-sensitive-extra-dry-and-combination-skin-sea-line-dead-sea-treatment-75-ml\\\/\",\"url\":\"https:\\\/\\\/www.biopapa.lt\\\/en\\\/produktas\\\/organic-mineral-day-and-night-cream-for-sensitive-extra-dry-and-combination-skin-sea-line-dead-sea-treatment-75-ml\\\/\",\"name\":\"Organic mineral day and night cream (for sensitive, extra dry and combination skin) SEA LINE Dead Sea Treatment, 75 ml - Biopapa\",\"isPartOf\":{\"@id\":\"https:\\\/\\\/www.biopapa.lt\\\/#website\"},\"primaryImageOfPage\":{\"@id\":\"https:\\\/\\\/www.biopapa.lt\\\/en\\\/produktas\\\/organic-mineral-day-and-night-cream-for-sensitive-extra-dry-and-combination-skin-sea-line-dead-sea-treatment-75-ml\\\/#primaryimage\"},\"image\":{\"@id\":\"https:\\\/\\\/www.biopapa.lt\\\/en\\\/produktas\\\/organic-mineral-day-and-night-cream-for-sensitive-extra-dry-and-combination-skin-sea-line-dead-sea-treatment-75-ml\\\/#primaryimage\"},\"thumbnailUrl\":\"https:\\\/\\\/www.biopapa.lt\\\/wp-content\\\/uploads\\\/2025\\\/08\\\/Ekologiskas-Mineralinis-dieninis-ir-naktinis-kremas-jautriai-ypac-sausai-ir-misriai-odai.png\",\"datePublished\":\"2025-08-25T16:08:53+00:00\",\"dateModified\":\"2026-03-07T23:06:05+00:00\",\"description\":\"Organic mineral day and night cream for sensitive, particularly dry and combination skin.\",\"breadcrumb\":{\"@id\":\"https:\\\/\\\/www.biopapa.lt\\\/en\\\/produktas\\\/organic-mineral-day-and-night-cream-for-sensitive-extra-dry-and-combination-skin-sea-line-dead-sea-treatment-75-ml\\\/#breadcrumb\"},\"inLanguage\":\"en-US\",\"potentialAction\":[{\"@type\":\"ReadAction\",\"target\":[\"https:\\\/\\\/www.biopapa.lt\\\/en\\\/produktas\\\/organic-mineral-day-and-night-cream-for-sensitive-extra-dry-and-combination-skin-sea-line-dead-sea-treatment-75-ml\\\/\"]}]},{\"@type\":\"ImageObject\",\"inLanguage\":\"en-US\",\"@id\":\"https:\\\/\\\/www.biopapa.lt\\\/en\\\/produktas\\\/organic-mineral-day-and-night-cream-for-sensitive-extra-dry-and-combination-skin-sea-line-dead-sea-treatment-75-ml\\\/#primaryimage\",\"url\":\"https:\\\/\\\/www.biopapa.lt\\\/wp-content\\\/uploads\\\/2025\\\/08\\\/Ekologiskas-Mineralinis-dieninis-ir-naktinis-kremas-jautriai-ypac-sausai-ir-misriai-odai.png\",\"contentUrl\":\"https:\\\/\\\/www.biopapa.lt\\\/wp-content\\\/uploads\\\/2025\\\/08\\\/Ekologiskas-Mineralinis-dieninis-ir-naktinis-kremas-jautriai-ypac-sausai-ir-misriai-odai.png\",\"width\":800,\"height\":640},{\"@type\":\"BreadcrumbList\",\"@id\":\"https:\\\/\\\/www.biopapa.lt\\\/en\\\/produktas\\\/organic-mineral-day-and-night-cream-for-sensitive-extra-dry-and-combination-skin-sea-line-dead-sea-treatment-75-ml\\\/#breadcrumb\",\"itemListElement\":[{\"@type\":\"ListItem\",\"position\":1,\"name\":\"Home\",\"item\":\"https:\\\/\\\/www.biopapa.lt\\\/en\\\/\"},{\"@type\":\"ListItem\",\"position\":2,\"name\":\"Shop\",\"item\":\"https:\\\/\\\/www.biopapa.lt\\\/en\\\/shop\\\/\"},{\"@type\":\"ListItem\",\"position\":3,\"name\":\"Organic mineral day and night cream (for sensitive, extra dry and combination skin) SEA LINE Dead Sea Treatment, 75 ml\"}]},{\"@type\":\"WebSite\",\"@id\":\"https:\\\/\\\/www.biopapa.lt\\\/#website\",\"url\":\"https:\\\/\\\/www.biopapa.lt\\\/\",\"name\":\"Biopapa\",\"description\":\"\u0160var\u016bs ekologi\u0161ki produktai\",\"publisher\":{\"@id\":\"https:\\\/\\\/www.biopapa.lt\\\/#organization\"},\"potentialAction\":[{\"@type\":\"SearchAction\",\"target\":{\"@type\":\"EntryPoint\",\"urlTemplate\":\"https:\\\/\\\/www.biopapa.lt\\\/?s={search_term_string}\"},\"query-input\":{\"@type\":\"PropertyValueSpecification\",\"valueRequired\":true,\"valueName\":\"search_term_string\"}}],\"inLanguage\":\"en-US\"},{\"@type\":\"Organization\",\"@id\":\"https:\\\/\\\/www.biopapa.lt\\\/#organization\",\"name\":\"Biopapa\",\"url\":\"https:\\\/\\\/www.biopapa.lt\\\/\",\"logo\":{\"@type\":\"ImageObject\",\"inLanguage\":\"en-US\",\"@id\":\"https:\\\/\\\/www.biopapa.lt\\\/#\\\/schema\\\/logo\\\/image\\\/\",\"url\":\"https:\\\/\\\/www.biopapa.lt\\\/wp-content\\\/uploads\\\/2022\\\/04\\\/facebook_biopapa.jpg\",\"contentUrl\":\"https:\\\/\\\/www.biopapa.lt\\\/wp-content\\\/uploads\\\/2022\\\/04\\\/facebook_biopapa.jpg\",\"width\":1733,\"height\":907,\"caption\":\"Biopapa\"},\"image\":{\"@id\":\"https:\\\/\\\/www.biopapa.lt\\\/#\\\/schema\\\/logo\\\/image\\\/\"},\"sameAs\":[\"https:\\\/\\\/www.facebook.com\\\/biopapa.lt\"]}]}<\/script>\n<!-- \/ Yoast SEO plugin. -->","yoast_head_json":{"title":"Organic mineral day and night cream (for sensitive, extra dry and combination skin) SEA LINE Dead Sea Treatment, 75 ml - Biopapa","description":"Organic mineral day and night cream for sensitive, particularly dry and combination skin.","robots":{"index":"index","follow":"follow","max-snippet":"max-snippet:-1","max-image-preview":"max-image-preview:large","max-video-preview":"max-video-preview:-1"},"canonical":"https:\/\/www.biopapa.lt\/en\/produktas\/organic-mineral-day-and-night-cream-for-sensitive-extra-dry-and-combination-skin-sea-line-dead-sea-treatment-75-ml\/","og_locale":"en_US","og_type":"article","og_title":"Organic mineral day and night cream (for sensitive, extra dry and combination skin) SEA LINE Dead Sea Treatment, 75 ml - Biopapa","og_description":"Organic mineral day and night cream for sensitive, particularly dry and combination skin.","og_url":"https:\/\/www.biopapa.lt\/en\/produktas\/organic-mineral-day-and-night-cream-for-sensitive-extra-dry-and-combination-skin-sea-line-dead-sea-treatment-75-ml\/","og_site_name":"Biopapa","article_publisher":"https:\/\/www.facebook.com\/biopapa.lt","article_modified_time":"2026-03-07T23:06:05+00:00","og_image":[{"width":800,"height":640,"url":"https:\/\/www.biopapa.lt\/wp-content\/uploads\/2025\/08\/Ekologiskas-Mineralinis-dieninis-ir-naktinis-kremas-jautriai-ypac-sausai-ir-misriai-odai.png","type":"image\/png"}],"twitter_card":"summary_large_image","schema":{"@context":"https:\/\/schema.org","@graph":[{"@type":"WebPage","@id":"https:\/\/www.biopapa.lt\/en\/produktas\/organic-mineral-day-and-night-cream-for-sensitive-extra-dry-and-combination-skin-sea-line-dead-sea-treatment-75-ml\/","url":"https:\/\/www.biopapa.lt\/en\/produktas\/organic-mineral-day-and-night-cream-for-sensitive-extra-dry-and-combination-skin-sea-line-dead-sea-treatment-75-ml\/","name":"Organic mineral day and night cream (for sensitive, extra dry and combination skin) SEA LINE Dead Sea Treatment, 75 ml - Biopapa","isPartOf":{"@id":"https:\/\/www.biopapa.lt\/#website"},"primaryImageOfPage":{"@id":"https:\/\/www.biopapa.lt\/en\/produktas\/organic-mineral-day-and-night-cream-for-sensitive-extra-dry-and-combination-skin-sea-line-dead-sea-treatment-75-ml\/#primaryimage"},"image":{"@id":"https:\/\/www.biopapa.lt\/en\/produktas\/organic-mineral-day-and-night-cream-for-sensitive-extra-dry-and-combination-skin-sea-line-dead-sea-treatment-75-ml\/#primaryimage"},"thumbnailUrl":"https:\/\/www.biopapa.lt\/wp-content\/uploads\/2025\/08\/Ekologiskas-Mineralinis-dieninis-ir-naktinis-kremas-jautriai-ypac-sausai-ir-misriai-odai.png","datePublished":"2025-08-25T16:08:53+00:00","dateModified":"2026-03-07T23:06:05+00:00","description":"Organic mineral day and night cream for sensitive, particularly dry and combination skin.","breadcrumb":{"@id":"https:\/\/www.biopapa.lt\/en\/produktas\/organic-mineral-day-and-night-cream-for-sensitive-extra-dry-and-combination-skin-sea-line-dead-sea-treatment-75-ml\/#breadcrumb"},"inLanguage":"en-US","potentialAction":[{"@type":"ReadAction","target":["https:\/\/www.biopapa.lt\/en\/produktas\/organic-mineral-day-and-night-cream-for-sensitive-extra-dry-and-combination-skin-sea-line-dead-sea-treatment-75-ml\/"]}]},{"@type":"ImageObject","inLanguage":"en-US","@id":"https:\/\/www.biopapa.lt\/en\/produktas\/organic-mineral-day-and-night-cream-for-sensitive-extra-dry-and-combination-skin-sea-line-dead-sea-treatment-75-ml\/#primaryimage","url":"https:\/\/www.biopapa.lt\/wp-content\/uploads\/2025\/08\/Ekologiskas-Mineralinis-dieninis-ir-naktinis-kremas-jautriai-ypac-sausai-ir-misriai-odai.png","contentUrl":"https:\/\/www.biopapa.lt\/wp-content\/uploads\/2025\/08\/Ekologiskas-Mineralinis-dieninis-ir-naktinis-kremas-jautriai-ypac-sausai-ir-misriai-odai.png","width":800,"height":640},{"@type":"BreadcrumbList","@id":"https:\/\/www.biopapa.lt\/en\/produktas\/organic-mineral-day-and-night-cream-for-sensitive-extra-dry-and-combination-skin-sea-line-dead-sea-treatment-75-ml\/#breadcrumb","itemListElement":[{"@type":"ListItem","position":1,"name":"Home","item":"https:\/\/www.biopapa.lt\/en\/"},{"@type":"ListItem","position":2,"name":"Shop","item":"https:\/\/www.biopapa.lt\/en\/shop\/"},{"@type":"ListItem","position":3,"name":"Organic mineral day and night cream (for sensitive, extra dry and combination skin) SEA LINE Dead Sea Treatment, 75 ml"}]},{"@type":"WebSite","@id":"https:\/\/www.biopapa.lt\/#website","url":"https:\/\/www.biopapa.lt\/","name":"Biopapa","description":"\u0160var\u016bs ekologi\u0161ki produktai","publisher":{"@id":"https:\/\/www.biopapa.lt\/#organization"},"potentialAction":[{"@type":"SearchAction","target":{"@type":"EntryPoint","urlTemplate":"https:\/\/www.biopapa.lt\/?s={search_term_string}"},"query-input":{"@type":"PropertyValueSpecification","valueRequired":true,"valueName":"search_term_string"}}],"inLanguage":"en-US"},{"@type":"Organization","@id":"https:\/\/www.biopapa.lt\/#organization","name":"Biopapa","url":"https:\/\/www.biopapa.lt\/","logo":{"@type":"ImageObject","inLanguage":"en-US","@id":"https:\/\/www.biopapa.lt\/#\/schema\/logo\/image\/","url":"https:\/\/www.biopapa.lt\/wp-content\/uploads\/2022\/04\/facebook_biopapa.jpg","contentUrl":"https:\/\/www.biopapa.lt\/wp-content\/uploads\/2022\/04\/facebook_biopapa.jpg","width":1733,"height":907,"caption":"Biopapa"},"image":{"@id":"https:\/\/www.biopapa.lt\/#\/schema\/logo\/image\/"},"sameAs":["https:\/\/www.facebook.com\/biopapa.lt"]}]}},"_links":{"self":[{"href":"https:\/\/www.biopapa.lt\/en\/wp-json\/wp\/v2\/product\/166640","targetHints":{"allow":["GET"]}}],"collection":[{"href":"https:\/\/www.biopapa.lt\/en\/wp-json\/wp\/v2\/product"}],"about":[{"href":"https:\/\/www.biopapa.lt\/en\/wp-json\/wp\/v2\/types\/product"}],"wp:featuredmedia":[{"embeddable":true,"href":"https:\/\/www.biopapa.lt\/en\/wp-json\/wp\/v2\/media\/166645"}],"wp:attachment":[{"href":"https:\/\/www.biopapa.lt\/en\/wp-json\/wp\/v2\/media?parent=166640"}],"wp:term":[{"taxonomy":"product_brand","embeddable":true,"href":"https:\/\/www.biopapa.lt\/en\/wp-json\/wp\/v2\/product_brand?post=166640"},{"taxonomy":"product_cat","embeddable":true,"href":"https:\/\/www.biopapa.lt\/en\/wp-json\/wp\/v2\/product_cat?post=166640"},{"taxonomy":"product_tag","embeddable":true,"href":"https:\/\/www.biopapa.lt\/en\/wp-json\/wp\/v2\/product_tag?post=166640"}],"curies":[{"name":"wp","href":"https:\/\/api.w.org\/{rel}","templated":true}]}}