{"id":166631,"date":"2025-08-25T18:59:51","date_gmt":"2025-08-25T15:59:51","guid":{"rendered":"https:\/\/www.biopapa.lt\/?post_type=product&#038;p=166631"},"modified":"2026-03-08T01:06:31","modified_gmt":"2026-03-07T23:06:31","slug":"organic-mineral-facial-cleanser-for-sensitive-and-extra-dry-skin-sea-line-dead-sea-treatment-200-ml","status":"publish","type":"product","link":"https:\/\/www.biopapa.lt\/en\/produktas\/organic-mineral-facial-cleanser-for-sensitive-and-extra-dry-skin-sea-line-dead-sea-treatment-200-ml\/","title":{"rendered":"Organic mineral facial cleanser (for sensitive and extra dry skin) SEA LINE Dead Sea Treatment, 200 ml"},"content":{"rendered":"<p><strong>Organic Mineral Facial Cleanser (for sensitive and extra dry skin) SEA LINE Dead Sea Treatment, 200 ml<br \/>\n<\/strong>Certified Natural Skincare\u00ae<br \/>\nFor sensitive and extra dry skin<br \/>\nGentle and deep cleansing facial cleanser with Dead Sea minerals and restorative herbal extracts. For particularly sensitive, (very) dry, combination, red and irritated skin. Regulates moisture and oil content.  <\/p>\n<p>Certified by BDIH, ECO Control and ICADA Natural as a natural skin care product. SEA LINE combines the powerful minerals of the Dead Sea with the best botanicals for healthy skin. <\/p>\n<p>Application: shake before use. Distribute the gel on the face morning and evening, massage in with water and rinse thoroughly. Follow with Sea Line Dead Sea Treatment Mineral Day and Night Cream.  <\/p>\n","protected":false},"excerpt":{"rendered":"<p>Organic Mineral Facial Cleanser (for sensitive and extra dry skin) SEA LINE Dead Sea Treatment, 200 ml Certified Natural Skincare\u00ae<\/p>\n","protected":false},"featured_media":166635,"template":"","meta":{"_acf_changed":false},"product_brand":[],"product_cat":[1962,1971],"product_tag":[2058,2090],"class_list":{"0":"post-166631","1":"product","2":"type-product","3":"status-publish","4":"has-post-thumbnail","6":"product_cat-beauty-and-hygiene","7":"product_cat-facial-care","8":"product_tag-body-care","9":"product_tag-facial-care","11":"first","12":"instock","13":"shipping-taxable","14":"purchasable","15":"product-type-simple"},"acf":[],"yoast_head":"<!-- This site is optimized with the Yoast SEO plugin v27.4 - https:\/\/yoast.com\/product\/yoast-seo-wordpress\/ -->\n<title>Organic mineral facial cleanser (for sensitive and extra dry skin) SEA LINE Dead Sea Treatment, 200 ml - Biopapa<\/title>\n<meta name=\"description\" content=\"A gentle and deeply cleansing facial cleanser with Dead Sea minerals and restorative herbal extracts. Especially for sensitive, (very) dry, combination, red and irritated skin. Regulates moisture and oil content.\" \/>\n<meta name=\"robots\" content=\"index, follow, max-snippet:-1, max-image-preview:large, max-video-preview:-1\" \/>\n<link rel=\"canonical\" href=\"https:\/\/www.biopapa.lt\/en\/produktas\/organic-mineral-facial-cleanser-for-sensitive-and-extra-dry-skin-sea-line-dead-sea-treatment-200-ml\/\" \/>\n<meta property=\"og:locale\" content=\"en_US\" \/>\n<meta property=\"og:type\" content=\"article\" \/>\n<meta property=\"og:title\" content=\"Organic mineral facial cleanser (for sensitive and extra dry skin) SEA LINE Dead Sea Treatment, 200 ml - Biopapa\" \/>\n<meta property=\"og:description\" content=\"A gentle and deeply cleansing facial cleanser with Dead Sea minerals and restorative herbal extracts. Especially for sensitive, (very) dry, combination, red and irritated skin. Regulates moisture and oil content.\" \/>\n<meta property=\"og:url\" content=\"https:\/\/www.biopapa.lt\/en\/produktas\/organic-mineral-facial-cleanser-for-sensitive-and-extra-dry-skin-sea-line-dead-sea-treatment-200-ml\/\" \/>\n<meta property=\"og:site_name\" content=\"Biopapa\" \/>\n<meta property=\"article:publisher\" content=\"https:\/\/www.facebook.com\/biopapa.lt\" \/>\n<meta property=\"article:modified_time\" content=\"2026-03-07T23:06:31+00:00\" \/>\n<meta property=\"og:image\" content=\"https:\/\/www.biopapa.lt\/wp-content\/uploads\/2025\/08\/Ekologiskas-mineralinis-veido-prausiklis.png\" \/>\n\t<meta property=\"og:image:width\" content=\"800\" \/>\n\t<meta property=\"og:image:height\" content=\"640\" \/>\n\t<meta property=\"og:image:type\" content=\"image\/png\" \/>\n<meta name=\"twitter:card\" content=\"summary_large_image\" \/>\n<script type=\"application\/ld+json\" class=\"yoast-schema-graph\">{\"@context\":\"https:\\\/\\\/schema.org\",\"@graph\":[{\"@type\":\"WebPage\",\"@id\":\"https:\\\/\\\/www.biopapa.lt\\\/en\\\/produktas\\\/organic-mineral-facial-cleanser-for-sensitive-and-extra-dry-skin-sea-line-dead-sea-treatment-200-ml\\\/\",\"url\":\"https:\\\/\\\/www.biopapa.lt\\\/en\\\/produktas\\\/organic-mineral-facial-cleanser-for-sensitive-and-extra-dry-skin-sea-line-dead-sea-treatment-200-ml\\\/\",\"name\":\"Organic mineral facial cleanser (for sensitive and extra dry skin) SEA LINE Dead Sea Treatment, 200 ml - Biopapa\",\"isPartOf\":{\"@id\":\"https:\\\/\\\/www.biopapa.lt\\\/#website\"},\"primaryImageOfPage\":{\"@id\":\"https:\\\/\\\/www.biopapa.lt\\\/en\\\/produktas\\\/organic-mineral-facial-cleanser-for-sensitive-and-extra-dry-skin-sea-line-dead-sea-treatment-200-ml\\\/#primaryimage\"},\"image\":{\"@id\":\"https:\\\/\\\/www.biopapa.lt\\\/en\\\/produktas\\\/organic-mineral-facial-cleanser-for-sensitive-and-extra-dry-skin-sea-line-dead-sea-treatment-200-ml\\\/#primaryimage\"},\"thumbnailUrl\":\"https:\\\/\\\/www.biopapa.lt\\\/wp-content\\\/uploads\\\/2025\\\/08\\\/Ekologiskas-mineralinis-veido-prausiklis.png\",\"datePublished\":\"2025-08-25T15:59:51+00:00\",\"dateModified\":\"2026-03-07T23:06:31+00:00\",\"description\":\"A gentle and deeply cleansing facial cleanser with Dead Sea minerals and restorative herbal extracts. Especially for sensitive, (very) dry, combination, red and irritated skin. Regulates moisture and oil content.\",\"breadcrumb\":{\"@id\":\"https:\\\/\\\/www.biopapa.lt\\\/en\\\/produktas\\\/organic-mineral-facial-cleanser-for-sensitive-and-extra-dry-skin-sea-line-dead-sea-treatment-200-ml\\\/#breadcrumb\"},\"inLanguage\":\"en-US\",\"potentialAction\":[{\"@type\":\"ReadAction\",\"target\":[\"https:\\\/\\\/www.biopapa.lt\\\/en\\\/produktas\\\/organic-mineral-facial-cleanser-for-sensitive-and-extra-dry-skin-sea-line-dead-sea-treatment-200-ml\\\/\"]}]},{\"@type\":\"ImageObject\",\"inLanguage\":\"en-US\",\"@id\":\"https:\\\/\\\/www.biopapa.lt\\\/en\\\/produktas\\\/organic-mineral-facial-cleanser-for-sensitive-and-extra-dry-skin-sea-line-dead-sea-treatment-200-ml\\\/#primaryimage\",\"url\":\"https:\\\/\\\/www.biopapa.lt\\\/wp-content\\\/uploads\\\/2025\\\/08\\\/Ekologiskas-mineralinis-veido-prausiklis.png\",\"contentUrl\":\"https:\\\/\\\/www.biopapa.lt\\\/wp-content\\\/uploads\\\/2025\\\/08\\\/Ekologiskas-mineralinis-veido-prausiklis.png\",\"width\":800,\"height\":640},{\"@type\":\"BreadcrumbList\",\"@id\":\"https:\\\/\\\/www.biopapa.lt\\\/en\\\/produktas\\\/organic-mineral-facial-cleanser-for-sensitive-and-extra-dry-skin-sea-line-dead-sea-treatment-200-ml\\\/#breadcrumb\",\"itemListElement\":[{\"@type\":\"ListItem\",\"position\":1,\"name\":\"Home\",\"item\":\"https:\\\/\\\/www.biopapa.lt\\\/en\\\/\"},{\"@type\":\"ListItem\",\"position\":2,\"name\":\"Shop\",\"item\":\"https:\\\/\\\/www.biopapa.lt\\\/en\\\/shop\\\/\"},{\"@type\":\"ListItem\",\"position\":3,\"name\":\"Organic mineral facial cleanser (for sensitive and extra dry skin) SEA LINE Dead Sea Treatment, 200 ml\"}]},{\"@type\":\"WebSite\",\"@id\":\"https:\\\/\\\/www.biopapa.lt\\\/#website\",\"url\":\"https:\\\/\\\/www.biopapa.lt\\\/\",\"name\":\"Biopapa\",\"description\":\"\u0160var\u016bs ekologi\u0161ki produktai\",\"publisher\":{\"@id\":\"https:\\\/\\\/www.biopapa.lt\\\/#organization\"},\"potentialAction\":[{\"@type\":\"SearchAction\",\"target\":{\"@type\":\"EntryPoint\",\"urlTemplate\":\"https:\\\/\\\/www.biopapa.lt\\\/?s={search_term_string}\"},\"query-input\":{\"@type\":\"PropertyValueSpecification\",\"valueRequired\":true,\"valueName\":\"search_term_string\"}}],\"inLanguage\":\"en-US\"},{\"@type\":\"Organization\",\"@id\":\"https:\\\/\\\/www.biopapa.lt\\\/#organization\",\"name\":\"Biopapa\",\"url\":\"https:\\\/\\\/www.biopapa.lt\\\/\",\"logo\":{\"@type\":\"ImageObject\",\"inLanguage\":\"en-US\",\"@id\":\"https:\\\/\\\/www.biopapa.lt\\\/#\\\/schema\\\/logo\\\/image\\\/\",\"url\":\"https:\\\/\\\/www.biopapa.lt\\\/wp-content\\\/uploads\\\/2022\\\/04\\\/facebook_biopapa.jpg\",\"contentUrl\":\"https:\\\/\\\/www.biopapa.lt\\\/wp-content\\\/uploads\\\/2022\\\/04\\\/facebook_biopapa.jpg\",\"width\":1733,\"height\":907,\"caption\":\"Biopapa\"},\"image\":{\"@id\":\"https:\\\/\\\/www.biopapa.lt\\\/#\\\/schema\\\/logo\\\/image\\\/\"},\"sameAs\":[\"https:\\\/\\\/www.facebook.com\\\/biopapa.lt\"]}]}<\/script>\n<!-- \/ Yoast SEO plugin. -->","yoast_head_json":{"title":"Organic mineral facial cleanser (for sensitive and extra dry skin) SEA LINE Dead Sea Treatment, 200 ml - Biopapa","description":"A gentle and deeply cleansing facial cleanser with Dead Sea minerals and restorative herbal extracts. Especially for sensitive, (very) dry, combination, red and irritated skin. Regulates moisture and oil content.","robots":{"index":"index","follow":"follow","max-snippet":"max-snippet:-1","max-image-preview":"max-image-preview:large","max-video-preview":"max-video-preview:-1"},"canonical":"https:\/\/www.biopapa.lt\/en\/produktas\/organic-mineral-facial-cleanser-for-sensitive-and-extra-dry-skin-sea-line-dead-sea-treatment-200-ml\/","og_locale":"en_US","og_type":"article","og_title":"Organic mineral facial cleanser (for sensitive and extra dry skin) SEA LINE Dead Sea Treatment, 200 ml - Biopapa","og_description":"A gentle and deeply cleansing facial cleanser with Dead Sea minerals and restorative herbal extracts. Especially for sensitive, (very) dry, combination, red and irritated skin. Regulates moisture and oil content.","og_url":"https:\/\/www.biopapa.lt\/en\/produktas\/organic-mineral-facial-cleanser-for-sensitive-and-extra-dry-skin-sea-line-dead-sea-treatment-200-ml\/","og_site_name":"Biopapa","article_publisher":"https:\/\/www.facebook.com\/biopapa.lt","article_modified_time":"2026-03-07T23:06:31+00:00","og_image":[{"width":800,"height":640,"url":"https:\/\/www.biopapa.lt\/wp-content\/uploads\/2025\/08\/Ekologiskas-mineralinis-veido-prausiklis.png","type":"image\/png"}],"twitter_card":"summary_large_image","schema":{"@context":"https:\/\/schema.org","@graph":[{"@type":"WebPage","@id":"https:\/\/www.biopapa.lt\/en\/produktas\/organic-mineral-facial-cleanser-for-sensitive-and-extra-dry-skin-sea-line-dead-sea-treatment-200-ml\/","url":"https:\/\/www.biopapa.lt\/en\/produktas\/organic-mineral-facial-cleanser-for-sensitive-and-extra-dry-skin-sea-line-dead-sea-treatment-200-ml\/","name":"Organic mineral facial cleanser (for sensitive and extra dry skin) SEA LINE Dead Sea Treatment, 200 ml - Biopapa","isPartOf":{"@id":"https:\/\/www.biopapa.lt\/#website"},"primaryImageOfPage":{"@id":"https:\/\/www.biopapa.lt\/en\/produktas\/organic-mineral-facial-cleanser-for-sensitive-and-extra-dry-skin-sea-line-dead-sea-treatment-200-ml\/#primaryimage"},"image":{"@id":"https:\/\/www.biopapa.lt\/en\/produktas\/organic-mineral-facial-cleanser-for-sensitive-and-extra-dry-skin-sea-line-dead-sea-treatment-200-ml\/#primaryimage"},"thumbnailUrl":"https:\/\/www.biopapa.lt\/wp-content\/uploads\/2025\/08\/Ekologiskas-mineralinis-veido-prausiklis.png","datePublished":"2025-08-25T15:59:51+00:00","dateModified":"2026-03-07T23:06:31+00:00","description":"A gentle and deeply cleansing facial cleanser with Dead Sea minerals and restorative herbal extracts. Especially for sensitive, (very) dry, combination, red and irritated skin. Regulates moisture and oil content.","breadcrumb":{"@id":"https:\/\/www.biopapa.lt\/en\/produktas\/organic-mineral-facial-cleanser-for-sensitive-and-extra-dry-skin-sea-line-dead-sea-treatment-200-ml\/#breadcrumb"},"inLanguage":"en-US","potentialAction":[{"@type":"ReadAction","target":["https:\/\/www.biopapa.lt\/en\/produktas\/organic-mineral-facial-cleanser-for-sensitive-and-extra-dry-skin-sea-line-dead-sea-treatment-200-ml\/"]}]},{"@type":"ImageObject","inLanguage":"en-US","@id":"https:\/\/www.biopapa.lt\/en\/produktas\/organic-mineral-facial-cleanser-for-sensitive-and-extra-dry-skin-sea-line-dead-sea-treatment-200-ml\/#primaryimage","url":"https:\/\/www.biopapa.lt\/wp-content\/uploads\/2025\/08\/Ekologiskas-mineralinis-veido-prausiklis.png","contentUrl":"https:\/\/www.biopapa.lt\/wp-content\/uploads\/2025\/08\/Ekologiskas-mineralinis-veido-prausiklis.png","width":800,"height":640},{"@type":"BreadcrumbList","@id":"https:\/\/www.biopapa.lt\/en\/produktas\/organic-mineral-facial-cleanser-for-sensitive-and-extra-dry-skin-sea-line-dead-sea-treatment-200-ml\/#breadcrumb","itemListElement":[{"@type":"ListItem","position":1,"name":"Home","item":"https:\/\/www.biopapa.lt\/en\/"},{"@type":"ListItem","position":2,"name":"Shop","item":"https:\/\/www.biopapa.lt\/en\/shop\/"},{"@type":"ListItem","position":3,"name":"Organic mineral facial cleanser (for sensitive and extra dry skin) SEA LINE Dead Sea Treatment, 200 ml"}]},{"@type":"WebSite","@id":"https:\/\/www.biopapa.lt\/#website","url":"https:\/\/www.biopapa.lt\/","name":"Biopapa","description":"\u0160var\u016bs ekologi\u0161ki produktai","publisher":{"@id":"https:\/\/www.biopapa.lt\/#organization"},"potentialAction":[{"@type":"SearchAction","target":{"@type":"EntryPoint","urlTemplate":"https:\/\/www.biopapa.lt\/?s={search_term_string}"},"query-input":{"@type":"PropertyValueSpecification","valueRequired":true,"valueName":"search_term_string"}}],"inLanguage":"en-US"},{"@type":"Organization","@id":"https:\/\/www.biopapa.lt\/#organization","name":"Biopapa","url":"https:\/\/www.biopapa.lt\/","logo":{"@type":"ImageObject","inLanguage":"en-US","@id":"https:\/\/www.biopapa.lt\/#\/schema\/logo\/image\/","url":"https:\/\/www.biopapa.lt\/wp-content\/uploads\/2022\/04\/facebook_biopapa.jpg","contentUrl":"https:\/\/www.biopapa.lt\/wp-content\/uploads\/2022\/04\/facebook_biopapa.jpg","width":1733,"height":907,"caption":"Biopapa"},"image":{"@id":"https:\/\/www.biopapa.lt\/#\/schema\/logo\/image\/"},"sameAs":["https:\/\/www.facebook.com\/biopapa.lt"]}]}},"_links":{"self":[{"href":"https:\/\/www.biopapa.lt\/en\/wp-json\/wp\/v2\/product\/166631","targetHints":{"allow":["GET"]}}],"collection":[{"href":"https:\/\/www.biopapa.lt\/en\/wp-json\/wp\/v2\/product"}],"about":[{"href":"https:\/\/www.biopapa.lt\/en\/wp-json\/wp\/v2\/types\/product"}],"wp:featuredmedia":[{"embeddable":true,"href":"https:\/\/www.biopapa.lt\/en\/wp-json\/wp\/v2\/media\/166635"}],"wp:attachment":[{"href":"https:\/\/www.biopapa.lt\/en\/wp-json\/wp\/v2\/media?parent=166631"}],"wp:term":[{"taxonomy":"product_brand","embeddable":true,"href":"https:\/\/www.biopapa.lt\/en\/wp-json\/wp\/v2\/product_brand?post=166631"},{"taxonomy":"product_cat","embeddable":true,"href":"https:\/\/www.biopapa.lt\/en\/wp-json\/wp\/v2\/product_cat?post=166631"},{"taxonomy":"product_tag","embeddable":true,"href":"https:\/\/www.biopapa.lt\/en\/wp-json\/wp\/v2\/product_tag?post=166631"}],"curies":[{"name":"wp","href":"https:\/\/api.w.org\/{rel}","templated":true}]}}