{"id":166572,"date":"2025-08-25T17:59:28","date_gmt":"2025-08-25T14:59:28","guid":{"rendered":"https:\/\/www.biopapa.lt\/?post_type=product&#038;p=166572"},"modified":"2026-03-08T01:06:05","modified_gmt":"2026-03-07T23:06:05","slug":"organic-hydro-e-day-and-night-cream-moisturising-dry-and-dehydrated-skin-earth-line-50-ml","status":"publish","type":"product","link":"https:\/\/www.biopapa.lt\/en\/produktas\/organic-hydro-e-day-and-night-cream-moisturising-dry-and-dehydrated-skin-earth-line-50-ml\/","title":{"rendered":"Organic Hydro E Day and Night Cream (moisturising, dry and dehydrated skin) EARTH LINE, 50 ml"},"content":{"rendered":"<p><strong>Organic Hydro E Day and Night Cream EARTH LINE, 50 ml<br \/>\n<\/strong><\/p>\n<p>Certified Natural Skin Care\u00ae<br \/>\nFor dry and dehydrated skin<br \/>\nHydro E cream optimally hydrates and nourishes dry and dehydrated skin. Natural oils, vitamins and plant extracts protect the skin against dehydration and UVA rays. <\/p>\n<p>Earth Line natural cosmetics are BDIH certified and registered with the Vegan Society. The highest quality certified skin care products for every skin with exclusively pure ingredients. Earth Line uses only FSC-certified paper and cardboard from sustainably managed forests.  <\/p>\n<p>To use: apply the cream in the morning and\/or evening directly onto clean skin and massage gently.<\/p>\n","protected":false},"excerpt":{"rendered":"<p>Organic Hydro E Day and Night Cream EARTH LINE, 50 ml Certified Natural Skin Care\u00ae For dry and dehydrated skin<\/p>\n","protected":false},"featured_media":166576,"template":"","meta":{"_acf_changed":false},"product_brand":[],"product_cat":[1962,1967,1971],"product_tag":[2090,2088],"class_list":{"0":"post-166572","1":"product","2":"type-product","3":"status-publish","4":"has-post-thumbnail","6":"product_cat-beauty-and-hygiene","7":"product_cat-body-care","8":"product_cat-facial-care","9":"product_tag-facial-care","10":"product_tag-vegan","12":"first","13":"instock","14":"shipping-taxable","15":"purchasable","16":"product-type-simple"},"acf":[],"yoast_head":"<!-- This site is optimized with the Yoast SEO plugin v27.3 - https:\/\/yoast.com\/product\/yoast-seo-wordpress\/ -->\n<title>Organic Hydro E Day and Night Cream (moisturising, dry and dehydrated skin) EARTH LINE, 50 ml - Biopapa<\/title>\n<meta name=\"description\" content=\"Organic Hydro E Day and Night Cream - for dry and dehydrated skin. Natural oils, vitamins and plant extracts protect the skin from dehydration and UVA rays.\" \/>\n<meta name=\"robots\" content=\"index, follow, max-snippet:-1, max-image-preview:large, max-video-preview:-1\" \/>\n<link rel=\"canonical\" href=\"https:\/\/www.biopapa.lt\/en\/produktas\/organic-hydro-e-day-and-night-cream-moisturising-dry-and-dehydrated-skin-earth-line-50-ml\/\" \/>\n<meta property=\"og:locale\" content=\"en_US\" \/>\n<meta property=\"og:type\" content=\"article\" \/>\n<meta property=\"og:title\" content=\"Organic Hydro E Day and Night Cream (moisturising, dry and dehydrated skin) EARTH LINE, 50 ml - Biopapa\" \/>\n<meta property=\"og:description\" content=\"Organic Hydro E Day and Night Cream - for dry and dehydrated skin. Natural oils, vitamins and plant extracts protect the skin from dehydration and UVA rays.\" \/>\n<meta property=\"og:url\" content=\"https:\/\/www.biopapa.lt\/en\/produktas\/organic-hydro-e-day-and-night-cream-moisturising-dry-and-dehydrated-skin-earth-line-50-ml\/\" \/>\n<meta property=\"og:site_name\" content=\"Biopapa\" \/>\n<meta property=\"article:publisher\" content=\"https:\/\/www.facebook.com\/biopapa.lt\" \/>\n<meta property=\"article:modified_time\" content=\"2026-03-07T23:06:05+00:00\" \/>\n<meta property=\"og:image\" content=\"https:\/\/www.biopapa.lt\/wp-content\/uploads\/2025\/08\/Ekologiskas-Hydro-E-Dieninis-ir-naktinis-kremas.png\" \/>\n\t<meta property=\"og:image:width\" content=\"800\" \/>\n\t<meta property=\"og:image:height\" content=\"640\" \/>\n\t<meta property=\"og:image:type\" content=\"image\/png\" \/>\n<meta name=\"twitter:card\" content=\"summary_large_image\" \/>\n<script type=\"application\/ld+json\" class=\"yoast-schema-graph\">{\"@context\":\"https:\\\/\\\/schema.org\",\"@graph\":[{\"@type\":\"WebPage\",\"@id\":\"https:\\\/\\\/www.biopapa.lt\\\/en\\\/produktas\\\/organic-hydro-e-day-and-night-cream-moisturising-dry-and-dehydrated-skin-earth-line-50-ml\\\/\",\"url\":\"https:\\\/\\\/www.biopapa.lt\\\/en\\\/produktas\\\/organic-hydro-e-day-and-night-cream-moisturising-dry-and-dehydrated-skin-earth-line-50-ml\\\/\",\"name\":\"Organic Hydro E Day and Night Cream (moisturising, dry and dehydrated skin) EARTH LINE, 50 ml - Biopapa\",\"isPartOf\":{\"@id\":\"https:\\\/\\\/www.biopapa.lt\\\/#website\"},\"primaryImageOfPage\":{\"@id\":\"https:\\\/\\\/www.biopapa.lt\\\/en\\\/produktas\\\/organic-hydro-e-day-and-night-cream-moisturising-dry-and-dehydrated-skin-earth-line-50-ml\\\/#primaryimage\"},\"image\":{\"@id\":\"https:\\\/\\\/www.biopapa.lt\\\/en\\\/produktas\\\/organic-hydro-e-day-and-night-cream-moisturising-dry-and-dehydrated-skin-earth-line-50-ml\\\/#primaryimage\"},\"thumbnailUrl\":\"https:\\\/\\\/www.biopapa.lt\\\/wp-content\\\/uploads\\\/2025\\\/08\\\/Ekologiskas-Hydro-E-Dieninis-ir-naktinis-kremas.png\",\"datePublished\":\"2025-08-25T14:59:28+00:00\",\"dateModified\":\"2026-03-07T23:06:05+00:00\",\"description\":\"Organic Hydro E Day and Night Cream - for dry and dehydrated skin. Natural oils, vitamins and plant extracts protect the skin from dehydration and UVA rays.\",\"breadcrumb\":{\"@id\":\"https:\\\/\\\/www.biopapa.lt\\\/en\\\/produktas\\\/organic-hydro-e-day-and-night-cream-moisturising-dry-and-dehydrated-skin-earth-line-50-ml\\\/#breadcrumb\"},\"inLanguage\":\"en-US\",\"potentialAction\":[{\"@type\":\"ReadAction\",\"target\":[\"https:\\\/\\\/www.biopapa.lt\\\/en\\\/produktas\\\/organic-hydro-e-day-and-night-cream-moisturising-dry-and-dehydrated-skin-earth-line-50-ml\\\/\"]}]},{\"@type\":\"ImageObject\",\"inLanguage\":\"en-US\",\"@id\":\"https:\\\/\\\/www.biopapa.lt\\\/en\\\/produktas\\\/organic-hydro-e-day-and-night-cream-moisturising-dry-and-dehydrated-skin-earth-line-50-ml\\\/#primaryimage\",\"url\":\"https:\\\/\\\/www.biopapa.lt\\\/wp-content\\\/uploads\\\/2025\\\/08\\\/Ekologiskas-Hydro-E-Dieninis-ir-naktinis-kremas.png\",\"contentUrl\":\"https:\\\/\\\/www.biopapa.lt\\\/wp-content\\\/uploads\\\/2025\\\/08\\\/Ekologiskas-Hydro-E-Dieninis-ir-naktinis-kremas.png\",\"width\":800,\"height\":640},{\"@type\":\"BreadcrumbList\",\"@id\":\"https:\\\/\\\/www.biopapa.lt\\\/en\\\/produktas\\\/organic-hydro-e-day-and-night-cream-moisturising-dry-and-dehydrated-skin-earth-line-50-ml\\\/#breadcrumb\",\"itemListElement\":[{\"@type\":\"ListItem\",\"position\":1,\"name\":\"Home\",\"item\":\"https:\\\/\\\/www.biopapa.lt\\\/en\\\/\"},{\"@type\":\"ListItem\",\"position\":2,\"name\":\"Shop\",\"item\":\"https:\\\/\\\/www.biopapa.lt\\\/en\\\/shop\\\/\"},{\"@type\":\"ListItem\",\"position\":3,\"name\":\"Organic Hydro E Day and Night Cream (moisturising, dry and dehydrated skin) EARTH LINE, 50 ml\"}]},{\"@type\":\"WebSite\",\"@id\":\"https:\\\/\\\/www.biopapa.lt\\\/#website\",\"url\":\"https:\\\/\\\/www.biopapa.lt\\\/\",\"name\":\"Biopapa\",\"description\":\"\u0160var\u016bs ekologi\u0161ki produktai\",\"publisher\":{\"@id\":\"https:\\\/\\\/www.biopapa.lt\\\/#organization\"},\"potentialAction\":[{\"@type\":\"SearchAction\",\"target\":{\"@type\":\"EntryPoint\",\"urlTemplate\":\"https:\\\/\\\/www.biopapa.lt\\\/?s={search_term_string}\"},\"query-input\":{\"@type\":\"PropertyValueSpecification\",\"valueRequired\":true,\"valueName\":\"search_term_string\"}}],\"inLanguage\":\"en-US\"},{\"@type\":\"Organization\",\"@id\":\"https:\\\/\\\/www.biopapa.lt\\\/#organization\",\"name\":\"Biopapa\",\"url\":\"https:\\\/\\\/www.biopapa.lt\\\/\",\"logo\":{\"@type\":\"ImageObject\",\"inLanguage\":\"en-US\",\"@id\":\"https:\\\/\\\/www.biopapa.lt\\\/#\\\/schema\\\/logo\\\/image\\\/\",\"url\":\"https:\\\/\\\/www.biopapa.lt\\\/wp-content\\\/uploads\\\/2022\\\/04\\\/facebook_biopapa.jpg\",\"contentUrl\":\"https:\\\/\\\/www.biopapa.lt\\\/wp-content\\\/uploads\\\/2022\\\/04\\\/facebook_biopapa.jpg\",\"width\":1733,\"height\":907,\"caption\":\"Biopapa\"},\"image\":{\"@id\":\"https:\\\/\\\/www.biopapa.lt\\\/#\\\/schema\\\/logo\\\/image\\\/\"},\"sameAs\":[\"https:\\\/\\\/www.facebook.com\\\/biopapa.lt\"]}]}<\/script>\n<!-- \/ Yoast SEO plugin. -->","yoast_head_json":{"title":"Organic Hydro E Day and Night Cream (moisturising, dry and dehydrated skin) EARTH LINE, 50 ml - Biopapa","description":"Organic Hydro E Day and Night Cream - for dry and dehydrated skin. Natural oils, vitamins and plant extracts protect the skin from dehydration and UVA rays.","robots":{"index":"index","follow":"follow","max-snippet":"max-snippet:-1","max-image-preview":"max-image-preview:large","max-video-preview":"max-video-preview:-1"},"canonical":"https:\/\/www.biopapa.lt\/en\/produktas\/organic-hydro-e-day-and-night-cream-moisturising-dry-and-dehydrated-skin-earth-line-50-ml\/","og_locale":"en_US","og_type":"article","og_title":"Organic Hydro E Day and Night Cream (moisturising, dry and dehydrated skin) EARTH LINE, 50 ml - Biopapa","og_description":"Organic Hydro E Day and Night Cream - for dry and dehydrated skin. Natural oils, vitamins and plant extracts protect the skin from dehydration and UVA rays.","og_url":"https:\/\/www.biopapa.lt\/en\/produktas\/organic-hydro-e-day-and-night-cream-moisturising-dry-and-dehydrated-skin-earth-line-50-ml\/","og_site_name":"Biopapa","article_publisher":"https:\/\/www.facebook.com\/biopapa.lt","article_modified_time":"2026-03-07T23:06:05+00:00","og_image":[{"width":800,"height":640,"url":"https:\/\/www.biopapa.lt\/wp-content\/uploads\/2025\/08\/Ekologiskas-Hydro-E-Dieninis-ir-naktinis-kremas.png","type":"image\/png"}],"twitter_card":"summary_large_image","schema":{"@context":"https:\/\/schema.org","@graph":[{"@type":"WebPage","@id":"https:\/\/www.biopapa.lt\/en\/produktas\/organic-hydro-e-day-and-night-cream-moisturising-dry-and-dehydrated-skin-earth-line-50-ml\/","url":"https:\/\/www.biopapa.lt\/en\/produktas\/organic-hydro-e-day-and-night-cream-moisturising-dry-and-dehydrated-skin-earth-line-50-ml\/","name":"Organic Hydro E Day and Night Cream (moisturising, dry and dehydrated skin) EARTH LINE, 50 ml - Biopapa","isPartOf":{"@id":"https:\/\/www.biopapa.lt\/#website"},"primaryImageOfPage":{"@id":"https:\/\/www.biopapa.lt\/en\/produktas\/organic-hydro-e-day-and-night-cream-moisturising-dry-and-dehydrated-skin-earth-line-50-ml\/#primaryimage"},"image":{"@id":"https:\/\/www.biopapa.lt\/en\/produktas\/organic-hydro-e-day-and-night-cream-moisturising-dry-and-dehydrated-skin-earth-line-50-ml\/#primaryimage"},"thumbnailUrl":"https:\/\/www.biopapa.lt\/wp-content\/uploads\/2025\/08\/Ekologiskas-Hydro-E-Dieninis-ir-naktinis-kremas.png","datePublished":"2025-08-25T14:59:28+00:00","dateModified":"2026-03-07T23:06:05+00:00","description":"Organic Hydro E Day and Night Cream - for dry and dehydrated skin. Natural oils, vitamins and plant extracts protect the skin from dehydration and UVA rays.","breadcrumb":{"@id":"https:\/\/www.biopapa.lt\/en\/produktas\/organic-hydro-e-day-and-night-cream-moisturising-dry-and-dehydrated-skin-earth-line-50-ml\/#breadcrumb"},"inLanguage":"en-US","potentialAction":[{"@type":"ReadAction","target":["https:\/\/www.biopapa.lt\/en\/produktas\/organic-hydro-e-day-and-night-cream-moisturising-dry-and-dehydrated-skin-earth-line-50-ml\/"]}]},{"@type":"ImageObject","inLanguage":"en-US","@id":"https:\/\/www.biopapa.lt\/en\/produktas\/organic-hydro-e-day-and-night-cream-moisturising-dry-and-dehydrated-skin-earth-line-50-ml\/#primaryimage","url":"https:\/\/www.biopapa.lt\/wp-content\/uploads\/2025\/08\/Ekologiskas-Hydro-E-Dieninis-ir-naktinis-kremas.png","contentUrl":"https:\/\/www.biopapa.lt\/wp-content\/uploads\/2025\/08\/Ekologiskas-Hydro-E-Dieninis-ir-naktinis-kremas.png","width":800,"height":640},{"@type":"BreadcrumbList","@id":"https:\/\/www.biopapa.lt\/en\/produktas\/organic-hydro-e-day-and-night-cream-moisturising-dry-and-dehydrated-skin-earth-line-50-ml\/#breadcrumb","itemListElement":[{"@type":"ListItem","position":1,"name":"Home","item":"https:\/\/www.biopapa.lt\/en\/"},{"@type":"ListItem","position":2,"name":"Shop","item":"https:\/\/www.biopapa.lt\/en\/shop\/"},{"@type":"ListItem","position":3,"name":"Organic Hydro E Day and Night Cream (moisturising, dry and dehydrated skin) EARTH LINE, 50 ml"}]},{"@type":"WebSite","@id":"https:\/\/www.biopapa.lt\/#website","url":"https:\/\/www.biopapa.lt\/","name":"Biopapa","description":"\u0160var\u016bs ekologi\u0161ki produktai","publisher":{"@id":"https:\/\/www.biopapa.lt\/#organization"},"potentialAction":[{"@type":"SearchAction","target":{"@type":"EntryPoint","urlTemplate":"https:\/\/www.biopapa.lt\/?s={search_term_string}"},"query-input":{"@type":"PropertyValueSpecification","valueRequired":true,"valueName":"search_term_string"}}],"inLanguage":"en-US"},{"@type":"Organization","@id":"https:\/\/www.biopapa.lt\/#organization","name":"Biopapa","url":"https:\/\/www.biopapa.lt\/","logo":{"@type":"ImageObject","inLanguage":"en-US","@id":"https:\/\/www.biopapa.lt\/#\/schema\/logo\/image\/","url":"https:\/\/www.biopapa.lt\/wp-content\/uploads\/2022\/04\/facebook_biopapa.jpg","contentUrl":"https:\/\/www.biopapa.lt\/wp-content\/uploads\/2022\/04\/facebook_biopapa.jpg","width":1733,"height":907,"caption":"Biopapa"},"image":{"@id":"https:\/\/www.biopapa.lt\/#\/schema\/logo\/image\/"},"sameAs":["https:\/\/www.facebook.com\/biopapa.lt"]}]}},"_links":{"self":[{"href":"https:\/\/www.biopapa.lt\/en\/wp-json\/wp\/v2\/product\/166572","targetHints":{"allow":["GET"]}}],"collection":[{"href":"https:\/\/www.biopapa.lt\/en\/wp-json\/wp\/v2\/product"}],"about":[{"href":"https:\/\/www.biopapa.lt\/en\/wp-json\/wp\/v2\/types\/product"}],"wp:featuredmedia":[{"embeddable":true,"href":"https:\/\/www.biopapa.lt\/en\/wp-json\/wp\/v2\/media\/166576"}],"wp:attachment":[{"href":"https:\/\/www.biopapa.lt\/en\/wp-json\/wp\/v2\/media?parent=166572"}],"wp:term":[{"taxonomy":"product_brand","embeddable":true,"href":"https:\/\/www.biopapa.lt\/en\/wp-json\/wp\/v2\/product_brand?post=166572"},{"taxonomy":"product_cat","embeddable":true,"href":"https:\/\/www.biopapa.lt\/en\/wp-json\/wp\/v2\/product_cat?post=166572"},{"taxonomy":"product_tag","embeddable":true,"href":"https:\/\/www.biopapa.lt\/en\/wp-json\/wp\/v2\/product_tag?post=166572"}],"curies":[{"name":"wp","href":"https:\/\/api.w.org\/{rel}","templated":true}]}}