{"id":166558,"date":"2025-08-25T17:47:20","date_gmt":"2025-08-25T14:47:20","guid":{"rendered":"https:\/\/www.biopapa.lt\/?post_type=product&#038;p=166558"},"modified":"2026-03-08T01:05:13","modified_gmt":"2026-03-07T23:05:13","slug":"dead-sea-salt-sea-line-1000-g","status":"publish","type":"product","link":"https:\/\/www.biopapa.lt\/en\/produktas\/dead-sea-salt-sea-line-1000-g\/","title":{"rendered":"Dead Sea salt SEA LINE, 1000 g"},"content":{"rendered":"<p><strong>Dead Sea Salt SEA LINE, 1000 g<\/strong><br \/>\nCertified Natural Skin Care\u00ae<\/p>\n<p>Dead Sea Salt contains a uniquely high concentration of minerals such as magnesium and sodium, which have been known for centuries for their beneficial effects on our bodies. A Dead Sea Salt bath increases the skin&#8217;s moisture and reduces skin roughness. Dead Sea salt also has a positive effect on muscles and joints.  <\/p>\n<p>Certified by BDIH, ECO Control and ICADA Natural as a natural skin care product. Registered with the Vegan Society. <\/p>\n<p>To use:<br \/>\n&#8211; Body: dissolve 8 tbsp of salt in hot bath water (38 \u00b0C).<br \/>\n&#8211; Scalp: dissolve 3 tbsp in a small bowl of hot water (38 \u00b0C).<br \/>\n&#8211; Foot bath: dissolve 5 tbsp in a foot bath with hot water (38 \u00b0C).<\/p>\n<p>For optimal results, it is recommended to apply SEA LINE Dead Sea Treatment Mineral Body Butter or Mineral Face and Body Lotion after each Dead Sea Salt Bath.<br \/>\nFor external use only. Do not use on damaged skin.  Avoid contact with eyes.<\/p>\n<p><em>NOTE. The information provided on this website shall not be construed as a recommendation for treatment or any other form of health advice.<\/em><br \/>\n<em>We encourage you to make personal decisions about your personal health, taking into account a wide range of sources of information.<\/em><\/p>\n","protected":false},"excerpt":{"rendered":"<p>Dead Sea Salt SEA LINE, 1000 g Certified Natural Skin Care\u00ae Dead Sea Salt contains a uniquely high concentration of<\/p>\n","protected":false},"featured_media":166562,"template":"","meta":{"_acf_changed":false},"product_brand":[],"product_cat":[1962,1967],"product_tag":[2058,2088],"class_list":{"0":"post-166558","1":"product","2":"type-product","3":"status-publish","4":"has-post-thumbnail","6":"product_cat-beauty-and-hygiene","7":"product_cat-body-care","8":"product_tag-body-care","9":"product_tag-vegan","11":"first","12":"instock","13":"shipping-taxable","14":"purchasable","15":"product-type-simple"},"acf":[],"yoast_head":"<!-- This site is optimized with the Yoast SEO plugin v27.3 - https:\/\/yoast.com\/product\/yoast-seo-wordpress\/ -->\n<title>Dead Sea salt SEA LINE, 1000 g - Biopapa<\/title>\n<meta name=\"description\" content=\"Dead Sea Salt contains a uniquely high concentration of minerals such as magnesium and sodium, which have been known for centuries for their beneficial effects on our bodies.\" \/>\n<meta name=\"robots\" content=\"index, follow, max-snippet:-1, max-image-preview:large, max-video-preview:-1\" \/>\n<link rel=\"canonical\" href=\"https:\/\/www.biopapa.lt\/en\/produktas\/dead-sea-salt-sea-line-1000-g\/\" \/>\n<meta property=\"og:locale\" content=\"en_US\" \/>\n<meta property=\"og:type\" content=\"article\" \/>\n<meta property=\"og:title\" content=\"Dead Sea salt SEA LINE, 1000 g - Biopapa\" \/>\n<meta property=\"og:description\" content=\"Dead Sea Salt contains a uniquely high concentration of minerals such as magnesium and sodium, which have been known for centuries for their beneficial effects on our bodies.\" \/>\n<meta property=\"og:url\" content=\"https:\/\/www.biopapa.lt\/en\/produktas\/dead-sea-salt-sea-line-1000-g\/\" \/>\n<meta property=\"og:site_name\" content=\"Biopapa\" \/>\n<meta property=\"article:publisher\" content=\"https:\/\/www.facebook.com\/biopapa.lt\" \/>\n<meta property=\"article:modified_time\" content=\"2026-03-07T23:05:13+00:00\" \/>\n<meta property=\"og:image\" content=\"https:\/\/www.biopapa.lt\/wp-content\/uploads\/2025\/08\/Ekologiska-Negyvosios-juros-druska-1000g.png\" \/>\n\t<meta property=\"og:image:width\" content=\"800\" \/>\n\t<meta property=\"og:image:height\" content=\"640\" \/>\n\t<meta property=\"og:image:type\" content=\"image\/png\" \/>\n<meta name=\"twitter:card\" content=\"summary_large_image\" \/>\n<script type=\"application\/ld+json\" class=\"yoast-schema-graph\">{\"@context\":\"https:\\\/\\\/schema.org\",\"@graph\":[{\"@type\":\"WebPage\",\"@id\":\"https:\\\/\\\/www.biopapa.lt\\\/en\\\/produktas\\\/dead-sea-salt-sea-line-1000-g\\\/\",\"url\":\"https:\\\/\\\/www.biopapa.lt\\\/en\\\/produktas\\\/dead-sea-salt-sea-line-1000-g\\\/\",\"name\":\"Dead Sea salt SEA LINE, 1000 g - Biopapa\",\"isPartOf\":{\"@id\":\"https:\\\/\\\/www.biopapa.lt\\\/#website\"},\"primaryImageOfPage\":{\"@id\":\"https:\\\/\\\/www.biopapa.lt\\\/en\\\/produktas\\\/dead-sea-salt-sea-line-1000-g\\\/#primaryimage\"},\"image\":{\"@id\":\"https:\\\/\\\/www.biopapa.lt\\\/en\\\/produktas\\\/dead-sea-salt-sea-line-1000-g\\\/#primaryimage\"},\"thumbnailUrl\":\"https:\\\/\\\/www.biopapa.lt\\\/wp-content\\\/uploads\\\/2025\\\/08\\\/Ekologiska-Negyvosios-juros-druska-1000g.png\",\"datePublished\":\"2025-08-25T14:47:20+00:00\",\"dateModified\":\"2026-03-07T23:05:13+00:00\",\"description\":\"Dead Sea Salt contains a uniquely high concentration of minerals such as magnesium and sodium, which have been known for centuries for their beneficial effects on our bodies.\",\"breadcrumb\":{\"@id\":\"https:\\\/\\\/www.biopapa.lt\\\/en\\\/produktas\\\/dead-sea-salt-sea-line-1000-g\\\/#breadcrumb\"},\"inLanguage\":\"en-US\",\"potentialAction\":[{\"@type\":\"ReadAction\",\"target\":[\"https:\\\/\\\/www.biopapa.lt\\\/en\\\/produktas\\\/dead-sea-salt-sea-line-1000-g\\\/\"]}]},{\"@type\":\"ImageObject\",\"inLanguage\":\"en-US\",\"@id\":\"https:\\\/\\\/www.biopapa.lt\\\/en\\\/produktas\\\/dead-sea-salt-sea-line-1000-g\\\/#primaryimage\",\"url\":\"https:\\\/\\\/www.biopapa.lt\\\/wp-content\\\/uploads\\\/2025\\\/08\\\/Ekologiska-Negyvosios-juros-druska-1000g.png\",\"contentUrl\":\"https:\\\/\\\/www.biopapa.lt\\\/wp-content\\\/uploads\\\/2025\\\/08\\\/Ekologiska-Negyvosios-juros-druska-1000g.png\",\"width\":800,\"height\":640},{\"@type\":\"BreadcrumbList\",\"@id\":\"https:\\\/\\\/www.biopapa.lt\\\/en\\\/produktas\\\/dead-sea-salt-sea-line-1000-g\\\/#breadcrumb\",\"itemListElement\":[{\"@type\":\"ListItem\",\"position\":1,\"name\":\"Home\",\"item\":\"https:\\\/\\\/www.biopapa.lt\\\/en\\\/\"},{\"@type\":\"ListItem\",\"position\":2,\"name\":\"Shop\",\"item\":\"https:\\\/\\\/www.biopapa.lt\\\/en\\\/shop\\\/\"},{\"@type\":\"ListItem\",\"position\":3,\"name\":\"Dead Sea salt SEA LINE, 1000 g\"}]},{\"@type\":\"WebSite\",\"@id\":\"https:\\\/\\\/www.biopapa.lt\\\/#website\",\"url\":\"https:\\\/\\\/www.biopapa.lt\\\/\",\"name\":\"Biopapa\",\"description\":\"\u0160var\u016bs ekologi\u0161ki produktai\",\"publisher\":{\"@id\":\"https:\\\/\\\/www.biopapa.lt\\\/#organization\"},\"potentialAction\":[{\"@type\":\"SearchAction\",\"target\":{\"@type\":\"EntryPoint\",\"urlTemplate\":\"https:\\\/\\\/www.biopapa.lt\\\/?s={search_term_string}\"},\"query-input\":{\"@type\":\"PropertyValueSpecification\",\"valueRequired\":true,\"valueName\":\"search_term_string\"}}],\"inLanguage\":\"en-US\"},{\"@type\":\"Organization\",\"@id\":\"https:\\\/\\\/www.biopapa.lt\\\/#organization\",\"name\":\"Biopapa\",\"url\":\"https:\\\/\\\/www.biopapa.lt\\\/\",\"logo\":{\"@type\":\"ImageObject\",\"inLanguage\":\"en-US\",\"@id\":\"https:\\\/\\\/www.biopapa.lt\\\/#\\\/schema\\\/logo\\\/image\\\/\",\"url\":\"https:\\\/\\\/www.biopapa.lt\\\/wp-content\\\/uploads\\\/2022\\\/04\\\/facebook_biopapa.jpg\",\"contentUrl\":\"https:\\\/\\\/www.biopapa.lt\\\/wp-content\\\/uploads\\\/2022\\\/04\\\/facebook_biopapa.jpg\",\"width\":1733,\"height\":907,\"caption\":\"Biopapa\"},\"image\":{\"@id\":\"https:\\\/\\\/www.biopapa.lt\\\/#\\\/schema\\\/logo\\\/image\\\/\"},\"sameAs\":[\"https:\\\/\\\/www.facebook.com\\\/biopapa.lt\"]}]}<\/script>\n<!-- \/ Yoast SEO plugin. -->","yoast_head_json":{"title":"Dead Sea salt SEA LINE, 1000 g - Biopapa","description":"Dead Sea Salt contains a uniquely high concentration of minerals such as magnesium and sodium, which have been known for centuries for their beneficial effects on our bodies.","robots":{"index":"index","follow":"follow","max-snippet":"max-snippet:-1","max-image-preview":"max-image-preview:large","max-video-preview":"max-video-preview:-1"},"canonical":"https:\/\/www.biopapa.lt\/en\/produktas\/dead-sea-salt-sea-line-1000-g\/","og_locale":"en_US","og_type":"article","og_title":"Dead Sea salt SEA LINE, 1000 g - Biopapa","og_description":"Dead Sea Salt contains a uniquely high concentration of minerals such as magnesium and sodium, which have been known for centuries for their beneficial effects on our bodies.","og_url":"https:\/\/www.biopapa.lt\/en\/produktas\/dead-sea-salt-sea-line-1000-g\/","og_site_name":"Biopapa","article_publisher":"https:\/\/www.facebook.com\/biopapa.lt","article_modified_time":"2026-03-07T23:05:13+00:00","og_image":[{"width":800,"height":640,"url":"https:\/\/www.biopapa.lt\/wp-content\/uploads\/2025\/08\/Ekologiska-Negyvosios-juros-druska-1000g.png","type":"image\/png"}],"twitter_card":"summary_large_image","schema":{"@context":"https:\/\/schema.org","@graph":[{"@type":"WebPage","@id":"https:\/\/www.biopapa.lt\/en\/produktas\/dead-sea-salt-sea-line-1000-g\/","url":"https:\/\/www.biopapa.lt\/en\/produktas\/dead-sea-salt-sea-line-1000-g\/","name":"Dead Sea salt SEA LINE, 1000 g - Biopapa","isPartOf":{"@id":"https:\/\/www.biopapa.lt\/#website"},"primaryImageOfPage":{"@id":"https:\/\/www.biopapa.lt\/en\/produktas\/dead-sea-salt-sea-line-1000-g\/#primaryimage"},"image":{"@id":"https:\/\/www.biopapa.lt\/en\/produktas\/dead-sea-salt-sea-line-1000-g\/#primaryimage"},"thumbnailUrl":"https:\/\/www.biopapa.lt\/wp-content\/uploads\/2025\/08\/Ekologiska-Negyvosios-juros-druska-1000g.png","datePublished":"2025-08-25T14:47:20+00:00","dateModified":"2026-03-07T23:05:13+00:00","description":"Dead Sea Salt contains a uniquely high concentration of minerals such as magnesium and sodium, which have been known for centuries for their beneficial effects on our bodies.","breadcrumb":{"@id":"https:\/\/www.biopapa.lt\/en\/produktas\/dead-sea-salt-sea-line-1000-g\/#breadcrumb"},"inLanguage":"en-US","potentialAction":[{"@type":"ReadAction","target":["https:\/\/www.biopapa.lt\/en\/produktas\/dead-sea-salt-sea-line-1000-g\/"]}]},{"@type":"ImageObject","inLanguage":"en-US","@id":"https:\/\/www.biopapa.lt\/en\/produktas\/dead-sea-salt-sea-line-1000-g\/#primaryimage","url":"https:\/\/www.biopapa.lt\/wp-content\/uploads\/2025\/08\/Ekologiska-Negyvosios-juros-druska-1000g.png","contentUrl":"https:\/\/www.biopapa.lt\/wp-content\/uploads\/2025\/08\/Ekologiska-Negyvosios-juros-druska-1000g.png","width":800,"height":640},{"@type":"BreadcrumbList","@id":"https:\/\/www.biopapa.lt\/en\/produktas\/dead-sea-salt-sea-line-1000-g\/#breadcrumb","itemListElement":[{"@type":"ListItem","position":1,"name":"Home","item":"https:\/\/www.biopapa.lt\/en\/"},{"@type":"ListItem","position":2,"name":"Shop","item":"https:\/\/www.biopapa.lt\/en\/shop\/"},{"@type":"ListItem","position":3,"name":"Dead Sea salt SEA LINE, 1000 g"}]},{"@type":"WebSite","@id":"https:\/\/www.biopapa.lt\/#website","url":"https:\/\/www.biopapa.lt\/","name":"Biopapa","description":"\u0160var\u016bs ekologi\u0161ki produktai","publisher":{"@id":"https:\/\/www.biopapa.lt\/#organization"},"potentialAction":[{"@type":"SearchAction","target":{"@type":"EntryPoint","urlTemplate":"https:\/\/www.biopapa.lt\/?s={search_term_string}"},"query-input":{"@type":"PropertyValueSpecification","valueRequired":true,"valueName":"search_term_string"}}],"inLanguage":"en-US"},{"@type":"Organization","@id":"https:\/\/www.biopapa.lt\/#organization","name":"Biopapa","url":"https:\/\/www.biopapa.lt\/","logo":{"@type":"ImageObject","inLanguage":"en-US","@id":"https:\/\/www.biopapa.lt\/#\/schema\/logo\/image\/","url":"https:\/\/www.biopapa.lt\/wp-content\/uploads\/2022\/04\/facebook_biopapa.jpg","contentUrl":"https:\/\/www.biopapa.lt\/wp-content\/uploads\/2022\/04\/facebook_biopapa.jpg","width":1733,"height":907,"caption":"Biopapa"},"image":{"@id":"https:\/\/www.biopapa.lt\/#\/schema\/logo\/image\/"},"sameAs":["https:\/\/www.facebook.com\/biopapa.lt"]}]}},"_links":{"self":[{"href":"https:\/\/www.biopapa.lt\/en\/wp-json\/wp\/v2\/product\/166558","targetHints":{"allow":["GET"]}}],"collection":[{"href":"https:\/\/www.biopapa.lt\/en\/wp-json\/wp\/v2\/product"}],"about":[{"href":"https:\/\/www.biopapa.lt\/en\/wp-json\/wp\/v2\/types\/product"}],"wp:featuredmedia":[{"embeddable":true,"href":"https:\/\/www.biopapa.lt\/en\/wp-json\/wp\/v2\/media\/166562"}],"wp:attachment":[{"href":"https:\/\/www.biopapa.lt\/en\/wp-json\/wp\/v2\/media?parent=166558"}],"wp:term":[{"taxonomy":"product_brand","embeddable":true,"href":"https:\/\/www.biopapa.lt\/en\/wp-json\/wp\/v2\/product_brand?post=166558"},{"taxonomy":"product_cat","embeddable":true,"href":"https:\/\/www.biopapa.lt\/en\/wp-json\/wp\/v2\/product_cat?post=166558"},{"taxonomy":"product_tag","embeddable":true,"href":"https:\/\/www.biopapa.lt\/en\/wp-json\/wp\/v2\/product_tag?post=166558"}],"curies":[{"name":"wp","href":"https:\/\/api.w.org\/{rel}","templated":true}]}}