{"id":166504,"date":"2025-08-25T16:17:41","date_gmt":"2025-08-25T13:17:41","guid":{"rendered":"https:\/\/www.biopapa.lt\/?post_type=product&#038;p=166504"},"modified":"2025-11-17T07:40:25","modified_gmt":"2025-11-17T05:40:25","slug":"organic-ashwagandha-royal-green-60-capsules","status":"publish","type":"product","link":"https:\/\/www.biopapa.lt\/en\/produktas\/organic-ashwagandha-royal-green-60-capsules\/","title":{"rendered":"Organic Ashwagandha ROYAL GREEN, 60 capsules"},"content":{"rendered":"<p><strong>Organic Ashwagandha ROYAL GREEN, 60 capsules<\/strong><br \/>\nCertified Organic Almond Vitania<br \/>\nFood supplement &#8211; 60 vegetarian capsules<br \/>\nNet content: 33g (1 vegetarian capsule 550mg)<\/p>\n<p>The ashvaganda is an evergreen shrub that grows in Asia and Africa. It is one of the most important herbs in Ayurveda, the traditional medicine of India. Ashwagandha is often used in stressful situations.   <\/p>\n<p>Royal Green&#8217;s misty vitania is 100% organic and traditionally grown in India. Once the leaves of the plant have turned yellow, the almond-shaped vitania is hand-picked, organically processed and the full spectrum of active nutrients are extracted from the roots. Thanks to the synergy of nutrients from the whole root and the organic processing method, we are able to provide 21.5 mg of vitanolides per capsule.  <\/p>\n<p>Features:<br \/>\n&#8211; Certified organic<br \/>\n&#8211; Premium KSM-66 root extract<br \/>\n&#8211; At least 21.5 mg of vitanolides per capsule<br \/>\n&#8211; Highly concentrated (10:1)<br \/>\n&#8211; Broad spectrum of ashwagandha &#8211; all nutrients of the plant are provided<br \/>\n&#8211; Optimal bioavailability in the body<br \/>\n&#8211; No fillers (including maltodextrin)<br \/>\n&#8211; 100% vegetarian and vegan<\/p>\n<p>Suggested use:<br \/>\n&#8211; Migdalia vitania helps to maintain normal sleep*<br \/>\n&#8211; Migdalia vitania helps to calm and relax*<br \/>\n&#8211; Migdalia vitania helps to maintain normal psychological function*<br \/>\n&#8211; Migdalia vitania helps to maintain normal nervous system function*<br \/>\n&#8211; Migdalia vitania helps maintain normal mental and cognitive function*<br \/>\n&#8211; Almond helps maintain normal cardiovascular function*<br \/>\n&#8211; Almond helps maintain normal resistance to temporary stress*<br \/>\n&#8211; Almond has adaptogenic properties*<\/p>\n<p>Suggested Use: 1-2 capsules per day, preferably with meals.<br \/>\nDo not exceed the recommended dose. The food supplement should not be taken as a substitute for food.  A varied and balanced diet and a healthy lifestyle are important. If you are ill or on medication, we recommend that you consult your doctor or pharmacist about taking the supplement. Do not use during pregnancy or lactation.<br \/>\n<strong>* Health claim awaiting EU approval<\/strong><\/p>\n<p><em>NOTE. The information provided on this website shall not be construed as a recommendation for treatment or any other form of health advice. We encourage you to make personal decisions about your personal health, taking into account a wide range of sources of information.<\/em><\/p>\n","protected":false},"excerpt":{"rendered":"<p>Organic Ashwagandha ROYAL GREEN, 60 capsules Certified Organic Almond Vitania Food supplement &#8211; 60 vegetarian capsules Net content: 33g (1<\/p>\n","protected":false},"featured_media":166514,"template":"","meta":{"_acf_changed":false},"product_brand":[],"product_cat":[1984],"product_tag":[],"class_list":{"0":"post-166504","1":"product","2":"type-product","3":"status-publish","4":"has-post-thumbnail","6":"product_cat-food-supplements","8":"first","9":"instock","10":"shipping-taxable","11":"purchasable","12":"product-type-simple"},"acf":[],"yoast_head":"<!-- This site is optimized with the Yoast SEO plugin v27.3 - https:\/\/yoast.com\/product\/yoast-seo-wordpress\/ -->\n<title>Organic Ashwagandha ROYAL GREEN, 60 capsules - Biopapa<\/title>\n<meta name=\"description\" content=\"The mistletoe is an evergreen shrub that grows in Asia and Africa. It is one of the most important herbs in Ayurveda, the traditional medicine of India. Ashwagandha is often used in stressful situations.\" \/>\n<meta name=\"robots\" content=\"index, follow, max-snippet:-1, max-image-preview:large, max-video-preview:-1\" \/>\n<link rel=\"canonical\" href=\"https:\/\/www.biopapa.lt\/en\/produktas\/organic-ashwagandha-royal-green-60-capsules\/\" \/>\n<meta property=\"og:locale\" content=\"en_US\" \/>\n<meta property=\"og:type\" content=\"article\" \/>\n<meta property=\"og:title\" content=\"Organic Ashwagandha ROYAL GREEN, 60 capsules - Biopapa\" \/>\n<meta property=\"og:description\" content=\"The mistletoe is an evergreen shrub that grows in Asia and Africa. It is one of the most important herbs in Ayurveda, the traditional medicine of India. Ashwagandha is often used in stressful situations.\" \/>\n<meta property=\"og:url\" content=\"https:\/\/www.biopapa.lt\/en\/produktas\/organic-ashwagandha-royal-green-60-capsules\/\" \/>\n<meta property=\"og:site_name\" content=\"Biopapa\" \/>\n<meta property=\"article:publisher\" content=\"https:\/\/www.facebook.com\/biopapa.lt\" \/>\n<meta property=\"article:modified_time\" content=\"2025-11-17T05:40:25+00:00\" \/>\n<meta property=\"og:image\" content=\"https:\/\/www.biopapa.lt\/wp-content\/uploads\/2025\/08\/Ekologiska-Ashwagandha-asvaganda.png\" \/>\n\t<meta property=\"og:image:width\" content=\"800\" \/>\n\t<meta property=\"og:image:height\" content=\"640\" \/>\n\t<meta property=\"og:image:type\" content=\"image\/png\" \/>\n<meta name=\"twitter:card\" content=\"summary_large_image\" \/>\n<script type=\"application\/ld+json\" class=\"yoast-schema-graph\">{\"@context\":\"https:\\\/\\\/schema.org\",\"@graph\":[{\"@type\":\"WebPage\",\"@id\":\"https:\\\/\\\/www.biopapa.lt\\\/en\\\/produktas\\\/organic-ashwagandha-royal-green-60-capsules\\\/\",\"url\":\"https:\\\/\\\/www.biopapa.lt\\\/en\\\/produktas\\\/organic-ashwagandha-royal-green-60-capsules\\\/\",\"name\":\"Organic Ashwagandha ROYAL GREEN, 60 capsules - Biopapa\",\"isPartOf\":{\"@id\":\"https:\\\/\\\/www.biopapa.lt\\\/#website\"},\"primaryImageOfPage\":{\"@id\":\"https:\\\/\\\/www.biopapa.lt\\\/en\\\/produktas\\\/organic-ashwagandha-royal-green-60-capsules\\\/#primaryimage\"},\"image\":{\"@id\":\"https:\\\/\\\/www.biopapa.lt\\\/en\\\/produktas\\\/organic-ashwagandha-royal-green-60-capsules\\\/#primaryimage\"},\"thumbnailUrl\":\"https:\\\/\\\/www.biopapa.lt\\\/wp-content\\\/uploads\\\/2025\\\/08\\\/Ekologiska-Ashwagandha-asvaganda.png\",\"datePublished\":\"2025-08-25T13:17:41+00:00\",\"dateModified\":\"2025-11-17T05:40:25+00:00\",\"description\":\"The mistletoe is an evergreen shrub that grows in Asia and Africa. It is one of the most important herbs in Ayurveda, the traditional medicine of India. Ashwagandha is often used in stressful situations.\",\"breadcrumb\":{\"@id\":\"https:\\\/\\\/www.biopapa.lt\\\/en\\\/produktas\\\/organic-ashwagandha-royal-green-60-capsules\\\/#breadcrumb\"},\"inLanguage\":\"en-US\",\"potentialAction\":[{\"@type\":\"ReadAction\",\"target\":[\"https:\\\/\\\/www.biopapa.lt\\\/en\\\/produktas\\\/organic-ashwagandha-royal-green-60-capsules\\\/\"]}]},{\"@type\":\"ImageObject\",\"inLanguage\":\"en-US\",\"@id\":\"https:\\\/\\\/www.biopapa.lt\\\/en\\\/produktas\\\/organic-ashwagandha-royal-green-60-capsules\\\/#primaryimage\",\"url\":\"https:\\\/\\\/www.biopapa.lt\\\/wp-content\\\/uploads\\\/2025\\\/08\\\/Ekologiska-Ashwagandha-asvaganda.png\",\"contentUrl\":\"https:\\\/\\\/www.biopapa.lt\\\/wp-content\\\/uploads\\\/2025\\\/08\\\/Ekologiska-Ashwagandha-asvaganda.png\",\"width\":800,\"height\":640},{\"@type\":\"BreadcrumbList\",\"@id\":\"https:\\\/\\\/www.biopapa.lt\\\/en\\\/produktas\\\/organic-ashwagandha-royal-green-60-capsules\\\/#breadcrumb\",\"itemListElement\":[{\"@type\":\"ListItem\",\"position\":1,\"name\":\"Home\",\"item\":\"https:\\\/\\\/www.biopapa.lt\\\/en\\\/\"},{\"@type\":\"ListItem\",\"position\":2,\"name\":\"Shop\",\"item\":\"https:\\\/\\\/www.biopapa.lt\\\/en\\\/shop\\\/\"},{\"@type\":\"ListItem\",\"position\":3,\"name\":\"Organic Ashwagandha ROYAL GREEN, 60 capsules\"}]},{\"@type\":\"WebSite\",\"@id\":\"https:\\\/\\\/www.biopapa.lt\\\/#website\",\"url\":\"https:\\\/\\\/www.biopapa.lt\\\/\",\"name\":\"Biopapa\",\"description\":\"\u0160var\u016bs ekologi\u0161ki produktai\",\"publisher\":{\"@id\":\"https:\\\/\\\/www.biopapa.lt\\\/#organization\"},\"potentialAction\":[{\"@type\":\"SearchAction\",\"target\":{\"@type\":\"EntryPoint\",\"urlTemplate\":\"https:\\\/\\\/www.biopapa.lt\\\/?s={search_term_string}\"},\"query-input\":{\"@type\":\"PropertyValueSpecification\",\"valueRequired\":true,\"valueName\":\"search_term_string\"}}],\"inLanguage\":\"en-US\"},{\"@type\":\"Organization\",\"@id\":\"https:\\\/\\\/www.biopapa.lt\\\/#organization\",\"name\":\"Biopapa\",\"url\":\"https:\\\/\\\/www.biopapa.lt\\\/\",\"logo\":{\"@type\":\"ImageObject\",\"inLanguage\":\"en-US\",\"@id\":\"https:\\\/\\\/www.biopapa.lt\\\/#\\\/schema\\\/logo\\\/image\\\/\",\"url\":\"https:\\\/\\\/www.biopapa.lt\\\/wp-content\\\/uploads\\\/2022\\\/04\\\/facebook_biopapa.jpg\",\"contentUrl\":\"https:\\\/\\\/www.biopapa.lt\\\/wp-content\\\/uploads\\\/2022\\\/04\\\/facebook_biopapa.jpg\",\"width\":1733,\"height\":907,\"caption\":\"Biopapa\"},\"image\":{\"@id\":\"https:\\\/\\\/www.biopapa.lt\\\/#\\\/schema\\\/logo\\\/image\\\/\"},\"sameAs\":[\"https:\\\/\\\/www.facebook.com\\\/biopapa.lt\"]}]}<\/script>\n<!-- \/ Yoast SEO plugin. -->","yoast_head_json":{"title":"Organic Ashwagandha ROYAL GREEN, 60 capsules - Biopapa","description":"The mistletoe is an evergreen shrub that grows in Asia and Africa. It is one of the most important herbs in Ayurveda, the traditional medicine of India. Ashwagandha is often used in stressful situations.","robots":{"index":"index","follow":"follow","max-snippet":"max-snippet:-1","max-image-preview":"max-image-preview:large","max-video-preview":"max-video-preview:-1"},"canonical":"https:\/\/www.biopapa.lt\/en\/produktas\/organic-ashwagandha-royal-green-60-capsules\/","og_locale":"en_US","og_type":"article","og_title":"Organic Ashwagandha ROYAL GREEN, 60 capsules - Biopapa","og_description":"The mistletoe is an evergreen shrub that grows in Asia and Africa. It is one of the most important herbs in Ayurveda, the traditional medicine of India. Ashwagandha is often used in stressful situations.","og_url":"https:\/\/www.biopapa.lt\/en\/produktas\/organic-ashwagandha-royal-green-60-capsules\/","og_site_name":"Biopapa","article_publisher":"https:\/\/www.facebook.com\/biopapa.lt","article_modified_time":"2025-11-17T05:40:25+00:00","og_image":[{"width":800,"height":640,"url":"https:\/\/www.biopapa.lt\/wp-content\/uploads\/2025\/08\/Ekologiska-Ashwagandha-asvaganda.png","type":"image\/png"}],"twitter_card":"summary_large_image","schema":{"@context":"https:\/\/schema.org","@graph":[{"@type":"WebPage","@id":"https:\/\/www.biopapa.lt\/en\/produktas\/organic-ashwagandha-royal-green-60-capsules\/","url":"https:\/\/www.biopapa.lt\/en\/produktas\/organic-ashwagandha-royal-green-60-capsules\/","name":"Organic Ashwagandha ROYAL GREEN, 60 capsules - Biopapa","isPartOf":{"@id":"https:\/\/www.biopapa.lt\/#website"},"primaryImageOfPage":{"@id":"https:\/\/www.biopapa.lt\/en\/produktas\/organic-ashwagandha-royal-green-60-capsules\/#primaryimage"},"image":{"@id":"https:\/\/www.biopapa.lt\/en\/produktas\/organic-ashwagandha-royal-green-60-capsules\/#primaryimage"},"thumbnailUrl":"https:\/\/www.biopapa.lt\/wp-content\/uploads\/2025\/08\/Ekologiska-Ashwagandha-asvaganda.png","datePublished":"2025-08-25T13:17:41+00:00","dateModified":"2025-11-17T05:40:25+00:00","description":"The mistletoe is an evergreen shrub that grows in Asia and Africa. It is one of the most important herbs in Ayurveda, the traditional medicine of India. Ashwagandha is often used in stressful situations.","breadcrumb":{"@id":"https:\/\/www.biopapa.lt\/en\/produktas\/organic-ashwagandha-royal-green-60-capsules\/#breadcrumb"},"inLanguage":"en-US","potentialAction":[{"@type":"ReadAction","target":["https:\/\/www.biopapa.lt\/en\/produktas\/organic-ashwagandha-royal-green-60-capsules\/"]}]},{"@type":"ImageObject","inLanguage":"en-US","@id":"https:\/\/www.biopapa.lt\/en\/produktas\/organic-ashwagandha-royal-green-60-capsules\/#primaryimage","url":"https:\/\/www.biopapa.lt\/wp-content\/uploads\/2025\/08\/Ekologiska-Ashwagandha-asvaganda.png","contentUrl":"https:\/\/www.biopapa.lt\/wp-content\/uploads\/2025\/08\/Ekologiska-Ashwagandha-asvaganda.png","width":800,"height":640},{"@type":"BreadcrumbList","@id":"https:\/\/www.biopapa.lt\/en\/produktas\/organic-ashwagandha-royal-green-60-capsules\/#breadcrumb","itemListElement":[{"@type":"ListItem","position":1,"name":"Home","item":"https:\/\/www.biopapa.lt\/en\/"},{"@type":"ListItem","position":2,"name":"Shop","item":"https:\/\/www.biopapa.lt\/en\/shop\/"},{"@type":"ListItem","position":3,"name":"Organic Ashwagandha ROYAL GREEN, 60 capsules"}]},{"@type":"WebSite","@id":"https:\/\/www.biopapa.lt\/#website","url":"https:\/\/www.biopapa.lt\/","name":"Biopapa","description":"\u0160var\u016bs ekologi\u0161ki produktai","publisher":{"@id":"https:\/\/www.biopapa.lt\/#organization"},"potentialAction":[{"@type":"SearchAction","target":{"@type":"EntryPoint","urlTemplate":"https:\/\/www.biopapa.lt\/?s={search_term_string}"},"query-input":{"@type":"PropertyValueSpecification","valueRequired":true,"valueName":"search_term_string"}}],"inLanguage":"en-US"},{"@type":"Organization","@id":"https:\/\/www.biopapa.lt\/#organization","name":"Biopapa","url":"https:\/\/www.biopapa.lt\/","logo":{"@type":"ImageObject","inLanguage":"en-US","@id":"https:\/\/www.biopapa.lt\/#\/schema\/logo\/image\/","url":"https:\/\/www.biopapa.lt\/wp-content\/uploads\/2022\/04\/facebook_biopapa.jpg","contentUrl":"https:\/\/www.biopapa.lt\/wp-content\/uploads\/2022\/04\/facebook_biopapa.jpg","width":1733,"height":907,"caption":"Biopapa"},"image":{"@id":"https:\/\/www.biopapa.lt\/#\/schema\/logo\/image\/"},"sameAs":["https:\/\/www.facebook.com\/biopapa.lt"]}]}},"_links":{"self":[{"href":"https:\/\/www.biopapa.lt\/en\/wp-json\/wp\/v2\/product\/166504","targetHints":{"allow":["GET"]}}],"collection":[{"href":"https:\/\/www.biopapa.lt\/en\/wp-json\/wp\/v2\/product"}],"about":[{"href":"https:\/\/www.biopapa.lt\/en\/wp-json\/wp\/v2\/types\/product"}],"wp:featuredmedia":[{"embeddable":true,"href":"https:\/\/www.biopapa.lt\/en\/wp-json\/wp\/v2\/media\/166514"}],"wp:attachment":[{"href":"https:\/\/www.biopapa.lt\/en\/wp-json\/wp\/v2\/media?parent=166504"}],"wp:term":[{"taxonomy":"product_brand","embeddable":true,"href":"https:\/\/www.biopapa.lt\/en\/wp-json\/wp\/v2\/product_brand?post=166504"},{"taxonomy":"product_cat","embeddable":true,"href":"https:\/\/www.biopapa.lt\/en\/wp-json\/wp\/v2\/product_cat?post=166504"},{"taxonomy":"product_tag","embeddable":true,"href":"https:\/\/www.biopapa.lt\/en\/wp-json\/wp\/v2\/product_tag?post=166504"}],"curies":[{"name":"wp","href":"https:\/\/api.w.org\/{rel}","templated":true}]}}