{"id":166491,"date":"2025-08-25T16:05:10","date_gmt":"2025-08-25T13:05:10","guid":{"rendered":"https:\/\/www.biopapa.lt\/?post_type=product&#038;p=166491"},"modified":"2025-11-17T07:40:25","modified_gmt":"2025-11-17T05:40:25","slug":"organic-magnesium-royal-green-60-capsules","status":"publish","type":"product","link":"https:\/\/www.biopapa.lt\/en\/produktas\/organic-magnesium-royal-green-60-capsules\/","title":{"rendered":"Organic Magnesium ROYAL GREEN, 60 capsules"},"content":{"rendered":"<p><strong>Organic magnesium, ROYAL GREEN, 60 capsules<br \/>\n<\/strong>Certified organic magnesium from sea lettuce<br \/>\nFood supplement &#8211; 60 vegetarian capsules<br \/>\nNet content: 40g (1 vegetarian capsule 668mg)<\/p>\n<p>Our 100% plant-based magnesium comes from organic sea lettuce. Magnesium is one of the body&#8217;s most important minerals, contributing to more than 300 bodily processes. Magnesium helps maintain normal muscle function. Magnesium helps to maintain normal psychological function and normal nervous system function. Magnesium helps maintain normal energy metabolism. Contains no synthetic ingredients or fillers.      Suitable for vegans and vegetarians.<\/p>\n<p>Synthetic or organic<br \/>\nYou might ask yourself &#8211; do I want organic magnesium or isolated magnesium? Rather than using the amino acid-linked forms of magnesium citrate, malate, taurate or bisglycinate, and for better absorption, Royal Green Organic Magnesium is extracted from plants. We do not use isolated magnesium. Royal Green&#8217;s plant-based source of magnesium is 100% sea lettuce, which is harvested by hand. 5 kg of seaweed yields 1 kg of ready-to-use powder. Royal Green BIO Magnesium is recognised by the body as a food, which results in optimal absorption. In addition to magnesium, sea lettuce contains hundreds of different nutrients, so it has a wider range of effects and influences on the body.      <\/p>\n<p>Features:<br \/>\n&#8211; Certified organic<br \/>\n&#8211; Naturally sourced Magnesium from sea lettuce (Ulva lactuca)<br \/>\n&#8211; Full spectrum of ingredients &#8211; all nutrients from the plant are provided<br \/>\n&#8211; No fillers<br \/>\n&#8211; European-made dark glass packaging for optimal protection against oxygen, moisture and light<br \/>\n&#8211; 100% vegetarian and vegan<\/p>\n<p>Suggested use:<br \/>\n&#8211; Magnesium helps maintain normal muscle function<br \/>\n&#8211; Magnesium helps maintain normal bones and teeth<br \/>\n&#8211; Magnesium helps maintain normal psychological function<br \/>\n&#8211; Magnesium helps maintain normal nervous system function<br \/>\n&#8211; Magnesium helps reduce feelings of tiredness and fatigue<br \/>\n&#8211; Magnesium helps maintain normal energy metabolism<br \/>\n&#8211; Magnesium helps maintain normal protein synthesis<br \/>\n&#8211; Magnesium helps maintain electrolyte balance<br \/>\n&#8211; Magnesium has a function in cell division<\/p>\n<p>Suggested Use: 1-2 capsules per day, preferably with meals.<br \/>\nDo not exceed the recommended dose. The food supplement should not be taken as a substitute for food.  A varied and balanced diet and a healthy lifestyle are important. During pregnancy or lactation, consult a specialist before use. If you are ill or taking medication, consult a specialist before taking the supplement. <\/p>\n<p><em>NOTE. The information provided on this website shall not be construed as a recommendation for treatment or any other form of health advice.<\/em><br \/>\n<em>We encourage you to make personal decisions about your personal health, taking into account a wide range of sources of information.<\/em><\/p>\n","protected":false},"excerpt":{"rendered":"<p>Organic magnesium, ROYAL GREEN, 60 capsules Certified organic magnesium from sea lettuce Food supplement &#8211; 60 vegetarian capsules Net content:<\/p>\n","protected":false},"featured_media":166499,"template":"","meta":{"_acf_changed":false},"product_brand":[],"product_cat":[1984],"product_tag":[],"class_list":{"0":"post-166491","1":"product","2":"type-product","3":"status-publish","4":"has-post-thumbnail","6":"product_cat-food-supplements","8":"first","9":"instock","10":"shipping-taxable","11":"purchasable","12":"product-type-simple"},"acf":[],"yoast_head":"<!-- This site is optimized with the Yoast SEO plugin v27.3 - https:\/\/yoast.com\/product\/yoast-seo-wordpress\/ -->\n<title>Organic Magnesium ROYAL GREEN, 60 capsules - Biopapa<\/title>\n<meta name=\"description\" content=\"&quot;Viridian Nutrition&quot; capsules do not contain any artificial additives, binders or fillers. Food supplement MULTIVITAMINS, MINERALS High Five Multivitamin &amp; Mineral Formula (30 capsules)\" \/>\n<meta name=\"robots\" content=\"index, follow, max-snippet:-1, max-image-preview:large, max-video-preview:-1\" \/>\n<link rel=\"canonical\" href=\"https:\/\/www.biopapa.lt\/en\/produktas\/organic-magnesium-royal-green-60-capsules\/\" \/>\n<meta property=\"og:locale\" content=\"en_US\" \/>\n<meta property=\"og:type\" content=\"article\" \/>\n<meta property=\"og:title\" content=\"Organic Magnesium ROYAL GREEN, 60 capsules - Biopapa\" \/>\n<meta property=\"og:description\" content=\"&quot;Viridian Nutrition&quot; capsules do not contain any artificial additives, binders or fillers. Food supplement MULTIVITAMINS, MINERALS High Five Multivitamin &amp; Mineral Formula (30 capsules)\" \/>\n<meta property=\"og:url\" content=\"https:\/\/www.biopapa.lt\/en\/produktas\/organic-magnesium-royal-green-60-capsules\/\" \/>\n<meta property=\"og:site_name\" content=\"Biopapa\" \/>\n<meta property=\"article:publisher\" content=\"https:\/\/www.facebook.com\/biopapa.lt\" \/>\n<meta property=\"article:modified_time\" content=\"2025-11-17T05:40:25+00:00\" \/>\n<meta property=\"og:image\" content=\"https:\/\/www.biopapa.lt\/wp-content\/uploads\/2025\/08\/Ekologiskas-Magnis.png\" \/>\n\t<meta property=\"og:image:width\" content=\"800\" \/>\n\t<meta property=\"og:image:height\" content=\"640\" \/>\n\t<meta property=\"og:image:type\" content=\"image\/png\" \/>\n<meta name=\"twitter:card\" content=\"summary_large_image\" \/>\n<script type=\"application\/ld+json\" class=\"yoast-schema-graph\">{\"@context\":\"https:\\\/\\\/schema.org\",\"@graph\":[{\"@type\":\"WebPage\",\"@id\":\"https:\\\/\\\/www.biopapa.lt\\\/en\\\/produktas\\\/organic-magnesium-royal-green-60-capsules\\\/\",\"url\":\"https:\\\/\\\/www.biopapa.lt\\\/en\\\/produktas\\\/organic-magnesium-royal-green-60-capsules\\\/\",\"name\":\"Organic Magnesium ROYAL GREEN, 60 capsules - Biopapa\",\"isPartOf\":{\"@id\":\"https:\\\/\\\/www.biopapa.lt\\\/#website\"},\"primaryImageOfPage\":{\"@id\":\"https:\\\/\\\/www.biopapa.lt\\\/en\\\/produktas\\\/organic-magnesium-royal-green-60-capsules\\\/#primaryimage\"},\"image\":{\"@id\":\"https:\\\/\\\/www.biopapa.lt\\\/en\\\/produktas\\\/organic-magnesium-royal-green-60-capsules\\\/#primaryimage\"},\"thumbnailUrl\":\"https:\\\/\\\/www.biopapa.lt\\\/wp-content\\\/uploads\\\/2025\\\/08\\\/Ekologiskas-Magnis.png\",\"datePublished\":\"2025-08-25T13:05:10+00:00\",\"dateModified\":\"2025-11-17T05:40:25+00:00\",\"description\":\"\\\"Viridian Nutrition\\\" capsules do not contain any artificial additives, binders or fillers. Food supplement MULTIVITAMINS, MINERALS High Five Multivitamin & Mineral Formula (30 capsules)\",\"breadcrumb\":{\"@id\":\"https:\\\/\\\/www.biopapa.lt\\\/en\\\/produktas\\\/organic-magnesium-royal-green-60-capsules\\\/#breadcrumb\"},\"inLanguage\":\"en-US\",\"potentialAction\":[{\"@type\":\"ReadAction\",\"target\":[\"https:\\\/\\\/www.biopapa.lt\\\/en\\\/produktas\\\/organic-magnesium-royal-green-60-capsules\\\/\"]}]},{\"@type\":\"ImageObject\",\"inLanguage\":\"en-US\",\"@id\":\"https:\\\/\\\/www.biopapa.lt\\\/en\\\/produktas\\\/organic-magnesium-royal-green-60-capsules\\\/#primaryimage\",\"url\":\"https:\\\/\\\/www.biopapa.lt\\\/wp-content\\\/uploads\\\/2025\\\/08\\\/Ekologiskas-Magnis.png\",\"contentUrl\":\"https:\\\/\\\/www.biopapa.lt\\\/wp-content\\\/uploads\\\/2025\\\/08\\\/Ekologiskas-Magnis.png\",\"width\":800,\"height\":640},{\"@type\":\"BreadcrumbList\",\"@id\":\"https:\\\/\\\/www.biopapa.lt\\\/en\\\/produktas\\\/organic-magnesium-royal-green-60-capsules\\\/#breadcrumb\",\"itemListElement\":[{\"@type\":\"ListItem\",\"position\":1,\"name\":\"Home\",\"item\":\"https:\\\/\\\/www.biopapa.lt\\\/en\\\/\"},{\"@type\":\"ListItem\",\"position\":2,\"name\":\"Shop\",\"item\":\"https:\\\/\\\/www.biopapa.lt\\\/en\\\/shop\\\/\"},{\"@type\":\"ListItem\",\"position\":3,\"name\":\"Organic Magnesium ROYAL GREEN, 60 capsules\"}]},{\"@type\":\"WebSite\",\"@id\":\"https:\\\/\\\/www.biopapa.lt\\\/#website\",\"url\":\"https:\\\/\\\/www.biopapa.lt\\\/\",\"name\":\"Biopapa\",\"description\":\"\u0160var\u016bs ekologi\u0161ki produktai\",\"publisher\":{\"@id\":\"https:\\\/\\\/www.biopapa.lt\\\/#organization\"},\"potentialAction\":[{\"@type\":\"SearchAction\",\"target\":{\"@type\":\"EntryPoint\",\"urlTemplate\":\"https:\\\/\\\/www.biopapa.lt\\\/?s={search_term_string}\"},\"query-input\":{\"@type\":\"PropertyValueSpecification\",\"valueRequired\":true,\"valueName\":\"search_term_string\"}}],\"inLanguage\":\"en-US\"},{\"@type\":\"Organization\",\"@id\":\"https:\\\/\\\/www.biopapa.lt\\\/#organization\",\"name\":\"Biopapa\",\"url\":\"https:\\\/\\\/www.biopapa.lt\\\/\",\"logo\":{\"@type\":\"ImageObject\",\"inLanguage\":\"en-US\",\"@id\":\"https:\\\/\\\/www.biopapa.lt\\\/#\\\/schema\\\/logo\\\/image\\\/\",\"url\":\"https:\\\/\\\/www.biopapa.lt\\\/wp-content\\\/uploads\\\/2022\\\/04\\\/facebook_biopapa.jpg\",\"contentUrl\":\"https:\\\/\\\/www.biopapa.lt\\\/wp-content\\\/uploads\\\/2022\\\/04\\\/facebook_biopapa.jpg\",\"width\":1733,\"height\":907,\"caption\":\"Biopapa\"},\"image\":{\"@id\":\"https:\\\/\\\/www.biopapa.lt\\\/#\\\/schema\\\/logo\\\/image\\\/\"},\"sameAs\":[\"https:\\\/\\\/www.facebook.com\\\/biopapa.lt\"]}]}<\/script>\n<!-- \/ Yoast SEO plugin. -->","yoast_head_json":{"title":"Organic Magnesium ROYAL GREEN, 60 capsules - Biopapa","description":"\"Viridian Nutrition\" capsules do not contain any artificial additives, binders or fillers. Food supplement MULTIVITAMINS, MINERALS High Five Multivitamin & Mineral Formula (30 capsules)","robots":{"index":"index","follow":"follow","max-snippet":"max-snippet:-1","max-image-preview":"max-image-preview:large","max-video-preview":"max-video-preview:-1"},"canonical":"https:\/\/www.biopapa.lt\/en\/produktas\/organic-magnesium-royal-green-60-capsules\/","og_locale":"en_US","og_type":"article","og_title":"Organic Magnesium ROYAL GREEN, 60 capsules - Biopapa","og_description":"\"Viridian Nutrition\" capsules do not contain any artificial additives, binders or fillers. Food supplement MULTIVITAMINS, MINERALS High Five Multivitamin & Mineral Formula (30 capsules)","og_url":"https:\/\/www.biopapa.lt\/en\/produktas\/organic-magnesium-royal-green-60-capsules\/","og_site_name":"Biopapa","article_publisher":"https:\/\/www.facebook.com\/biopapa.lt","article_modified_time":"2025-11-17T05:40:25+00:00","og_image":[{"width":800,"height":640,"url":"https:\/\/www.biopapa.lt\/wp-content\/uploads\/2025\/08\/Ekologiskas-Magnis.png","type":"image\/png"}],"twitter_card":"summary_large_image","schema":{"@context":"https:\/\/schema.org","@graph":[{"@type":"WebPage","@id":"https:\/\/www.biopapa.lt\/en\/produktas\/organic-magnesium-royal-green-60-capsules\/","url":"https:\/\/www.biopapa.lt\/en\/produktas\/organic-magnesium-royal-green-60-capsules\/","name":"Organic Magnesium ROYAL GREEN, 60 capsules - Biopapa","isPartOf":{"@id":"https:\/\/www.biopapa.lt\/#website"},"primaryImageOfPage":{"@id":"https:\/\/www.biopapa.lt\/en\/produktas\/organic-magnesium-royal-green-60-capsules\/#primaryimage"},"image":{"@id":"https:\/\/www.biopapa.lt\/en\/produktas\/organic-magnesium-royal-green-60-capsules\/#primaryimage"},"thumbnailUrl":"https:\/\/www.biopapa.lt\/wp-content\/uploads\/2025\/08\/Ekologiskas-Magnis.png","datePublished":"2025-08-25T13:05:10+00:00","dateModified":"2025-11-17T05:40:25+00:00","description":"\"Viridian Nutrition\" capsules do not contain any artificial additives, binders or fillers. Food supplement MULTIVITAMINS, MINERALS High Five Multivitamin & Mineral Formula (30 capsules)","breadcrumb":{"@id":"https:\/\/www.biopapa.lt\/en\/produktas\/organic-magnesium-royal-green-60-capsules\/#breadcrumb"},"inLanguage":"en-US","potentialAction":[{"@type":"ReadAction","target":["https:\/\/www.biopapa.lt\/en\/produktas\/organic-magnesium-royal-green-60-capsules\/"]}]},{"@type":"ImageObject","inLanguage":"en-US","@id":"https:\/\/www.biopapa.lt\/en\/produktas\/organic-magnesium-royal-green-60-capsules\/#primaryimage","url":"https:\/\/www.biopapa.lt\/wp-content\/uploads\/2025\/08\/Ekologiskas-Magnis.png","contentUrl":"https:\/\/www.biopapa.lt\/wp-content\/uploads\/2025\/08\/Ekologiskas-Magnis.png","width":800,"height":640},{"@type":"BreadcrumbList","@id":"https:\/\/www.biopapa.lt\/en\/produktas\/organic-magnesium-royal-green-60-capsules\/#breadcrumb","itemListElement":[{"@type":"ListItem","position":1,"name":"Home","item":"https:\/\/www.biopapa.lt\/en\/"},{"@type":"ListItem","position":2,"name":"Shop","item":"https:\/\/www.biopapa.lt\/en\/shop\/"},{"@type":"ListItem","position":3,"name":"Organic Magnesium ROYAL GREEN, 60 capsules"}]},{"@type":"WebSite","@id":"https:\/\/www.biopapa.lt\/#website","url":"https:\/\/www.biopapa.lt\/","name":"Biopapa","description":"\u0160var\u016bs ekologi\u0161ki produktai","publisher":{"@id":"https:\/\/www.biopapa.lt\/#organization"},"potentialAction":[{"@type":"SearchAction","target":{"@type":"EntryPoint","urlTemplate":"https:\/\/www.biopapa.lt\/?s={search_term_string}"},"query-input":{"@type":"PropertyValueSpecification","valueRequired":true,"valueName":"search_term_string"}}],"inLanguage":"en-US"},{"@type":"Organization","@id":"https:\/\/www.biopapa.lt\/#organization","name":"Biopapa","url":"https:\/\/www.biopapa.lt\/","logo":{"@type":"ImageObject","inLanguage":"en-US","@id":"https:\/\/www.biopapa.lt\/#\/schema\/logo\/image\/","url":"https:\/\/www.biopapa.lt\/wp-content\/uploads\/2022\/04\/facebook_biopapa.jpg","contentUrl":"https:\/\/www.biopapa.lt\/wp-content\/uploads\/2022\/04\/facebook_biopapa.jpg","width":1733,"height":907,"caption":"Biopapa"},"image":{"@id":"https:\/\/www.biopapa.lt\/#\/schema\/logo\/image\/"},"sameAs":["https:\/\/www.facebook.com\/biopapa.lt"]}]}},"_links":{"self":[{"href":"https:\/\/www.biopapa.lt\/en\/wp-json\/wp\/v2\/product\/166491","targetHints":{"allow":["GET"]}}],"collection":[{"href":"https:\/\/www.biopapa.lt\/en\/wp-json\/wp\/v2\/product"}],"about":[{"href":"https:\/\/www.biopapa.lt\/en\/wp-json\/wp\/v2\/types\/product"}],"wp:featuredmedia":[{"embeddable":true,"href":"https:\/\/www.biopapa.lt\/en\/wp-json\/wp\/v2\/media\/166499"}],"wp:attachment":[{"href":"https:\/\/www.biopapa.lt\/en\/wp-json\/wp\/v2\/media?parent=166491"}],"wp:term":[{"taxonomy":"product_brand","embeddable":true,"href":"https:\/\/www.biopapa.lt\/en\/wp-json\/wp\/v2\/product_brand?post=166491"},{"taxonomy":"product_cat","embeddable":true,"href":"https:\/\/www.biopapa.lt\/en\/wp-json\/wp\/v2\/product_cat?post=166491"},{"taxonomy":"product_tag","embeddable":true,"href":"https:\/\/www.biopapa.lt\/en\/wp-json\/wp\/v2\/product_tag?post=166491"}],"curies":[{"name":"wp","href":"https:\/\/api.w.org\/{rel}","templated":true}]}}