{"id":166479,"date":"2025-08-25T15:53:18","date_gmt":"2025-08-25T12:53:18","guid":{"rendered":"https:\/\/www.biopapa.lt\/?post_type=product&#038;p=166479"},"modified":"2025-11-17T07:40:25","modified_gmt":"2025-11-17T05:40:25","slug":"organic-vitamin-d3-1000tv-royal-green-60-capsules","status":"publish","type":"product","link":"https:\/\/www.biopapa.lt\/en\/produktas\/organic-vitamin-d3-1000tv-royal-green-60-capsules\/","title":{"rendered":"Organic vitamin D3 1000TV, ROYAL GREEN, 60 capsules"},"content":{"rendered":"<p><strong>Organic Vitamin D3 1000TV, ROYAL GREEN, 60 capsules<br \/>\n<\/strong>25\u00b5g of certified organic vitamin D3 from lichen supplemented with blueberry leaves and baobab fruit<br \/>\nFood supplement &#8211; 60 vegetarian capsules<br \/>\nNet content: 28g (1 vegetarian capsule 469mg)<\/p>\n<p>Royal Green Bio Vitamin D3 contains 25\u00b5g (1000 IU) of 100% certified organic, plant-derived vitamin D3 from deer lichen, supplemented with blueberry leaves and baobab fruit pulp. Blueberry leaves are undeservedly less well known than blueberries themselves. In fact, the leaves contain valuable substances and are often used in phytotherapy. It also contains baobab fruit. This fruit has been eaten for many centuries. The baobab tree has a thick trunk and grows in the African savannahs. The tree can survive in dry climates because it has a large water storage capacity. These trees can live for more than 1000 years. This is a unique formula made from plants, without synthetic ingredients and fillers.        <\/p>\n<p>Features:<br \/>\n&#8211; 100% certified organic<br \/>\n&#8211; Naturally sourced Vitamin D3 from deer lichen extract<br \/>\n&#8211; With organic blueberry leaves and baobab fruit<br \/>\n&#8211; Just 1 capsule is enough and contains 25 \u00b5g (1000 IU) of Vitamin D3.<br \/>\n&#8211; Full spectrum of ingredients, providing all plant nutrients.<br \/>\n&#8211; Excellent bioavailability.<br \/>\n&#8211; No fillers.<br \/>\n&#8211; Dark glass packaging made in Europe for optimum protection against oxygen, moisture and light.<br \/>\n&#8211; 100% vegetarian and vegan<\/p>\n<p>Suggested use:<br \/>\n&#8211; Vitamin D helps to maintain normal immune function<br \/>\n&#8211; Vitamin D helps to maintain normal bone health<br \/>\n&#8211; Vitamin D helps to maintain normal dental health<br \/>\n&#8211; Vitamin D helps to maintain normal muscle function<br \/>\n&#8211; Vitamin D helps to maintain normal calcium and phosphorus absorption\/uptake<br \/>\n&#8211; Vitamin D helps to maintain normal calcium concentrations in the blood<br \/>\n&#8211; Vitamin D has a role in the cell division process.<\/p>\n<p>Suggested Use: 1 capsule per day, preferably with meals.<br \/>\nDo not exceed the recommended dose.<br \/>\n A varied and balanced diet and a healthy lifestyle are important. If you are ill or taking medication, we recommend that you consult your doctor or pharmacist about taking a dietary supplement. Not suitable for children under 18 years of age. Do not use during pregnancy and lactation.    <\/p>\n<p><em>NOTE. The information provided on this website shall not be construed as a recommendation for treatment or any other form of health advice. We encourage you to make personal decisions about your personal health, taking into account a wide range of sources of information.<\/em><\/p>\n","protected":false},"excerpt":{"rendered":"<p>Organic Vitamin D3 1000TV, ROYAL GREEN, 60 capsules 25\u00b5g of certified organic vitamin D3 from lichen supplemented with blueberry leaves<\/p>\n","protected":false},"featured_media":166484,"template":"","meta":{"_acf_changed":false},"product_brand":[],"product_cat":[1984],"product_tag":[],"class_list":{"0":"post-166479","1":"product","2":"type-product","3":"status-publish","4":"has-post-thumbnail","6":"product_cat-food-supplements","8":"first","9":"instock","10":"shipping-taxable","11":"purchasable","12":"product-type-simple"},"acf":[],"yoast_head":"<!-- This site is optimized with the Yoast SEO plugin v27.3 - https:\/\/yoast.com\/product\/yoast-seo-wordpress\/ -->\n<title>Organic vitamin D3 1000TV, ROYAL GREEN, 60 capsules - Biopapa<\/title>\n<meta name=\"description\" content=\"&quot;Viridian Nutrition capsules do not contain any artificial additives, binders or fillers. Food supplement MULTIVITAMINS, MINERALS High Five Multivitamin &amp; Mineral Formula (30 capsules)\" \/>\n<meta name=\"robots\" content=\"index, follow, max-snippet:-1, max-image-preview:large, max-video-preview:-1\" \/>\n<link rel=\"canonical\" href=\"https:\/\/www.biopapa.lt\/en\/produktas\/organic-vitamin-d3-1000tv-royal-green-60-capsules\/\" \/>\n<meta property=\"og:locale\" content=\"en_US\" \/>\n<meta property=\"og:type\" content=\"article\" \/>\n<meta property=\"og:title\" content=\"Organic vitamin D3 1000TV, ROYAL GREEN, 60 capsules - Biopapa\" \/>\n<meta property=\"og:description\" content=\"&quot;Viridian Nutrition capsules do not contain any artificial additives, binders or fillers. Food supplement MULTIVITAMINS, MINERALS High Five Multivitamin &amp; Mineral Formula (30 capsules)\" \/>\n<meta property=\"og:url\" content=\"https:\/\/www.biopapa.lt\/en\/produktas\/organic-vitamin-d3-1000tv-royal-green-60-capsules\/\" \/>\n<meta property=\"og:site_name\" content=\"Biopapa\" \/>\n<meta property=\"article:publisher\" content=\"https:\/\/www.facebook.com\/biopapa.lt\" \/>\n<meta property=\"article:modified_time\" content=\"2025-11-17T05:40:25+00:00\" \/>\n<meta property=\"og:image\" content=\"https:\/\/www.biopapa.lt\/wp-content\/uploads\/2025\/08\/Ekologiskas-vitaminas-D3.png\" \/>\n\t<meta property=\"og:image:width\" content=\"800\" \/>\n\t<meta property=\"og:image:height\" content=\"640\" \/>\n\t<meta property=\"og:image:type\" content=\"image\/png\" \/>\n<meta name=\"twitter:card\" content=\"summary_large_image\" \/>\n<script type=\"application\/ld+json\" class=\"yoast-schema-graph\">{\"@context\":\"https:\\\/\\\/schema.org\",\"@graph\":[{\"@type\":\"WebPage\",\"@id\":\"https:\\\/\\\/www.biopapa.lt\\\/en\\\/produktas\\\/organic-vitamin-d3-1000tv-royal-green-60-capsules\\\/\",\"url\":\"https:\\\/\\\/www.biopapa.lt\\\/en\\\/produktas\\\/organic-vitamin-d3-1000tv-royal-green-60-capsules\\\/\",\"name\":\"Organic vitamin D3 1000TV, ROYAL GREEN, 60 capsules - Biopapa\",\"isPartOf\":{\"@id\":\"https:\\\/\\\/www.biopapa.lt\\\/#website\"},\"primaryImageOfPage\":{\"@id\":\"https:\\\/\\\/www.biopapa.lt\\\/en\\\/produktas\\\/organic-vitamin-d3-1000tv-royal-green-60-capsules\\\/#primaryimage\"},\"image\":{\"@id\":\"https:\\\/\\\/www.biopapa.lt\\\/en\\\/produktas\\\/organic-vitamin-d3-1000tv-royal-green-60-capsules\\\/#primaryimage\"},\"thumbnailUrl\":\"https:\\\/\\\/www.biopapa.lt\\\/wp-content\\\/uploads\\\/2025\\\/08\\\/Ekologiskas-vitaminas-D3.png\",\"datePublished\":\"2025-08-25T12:53:18+00:00\",\"dateModified\":\"2025-11-17T05:40:25+00:00\",\"description\":\"\\\"Viridian Nutrition capsules do not contain any artificial additives, binders or fillers. Food supplement MULTIVITAMINS, MINERALS High Five Multivitamin & Mineral Formula (30 capsules)\",\"breadcrumb\":{\"@id\":\"https:\\\/\\\/www.biopapa.lt\\\/en\\\/produktas\\\/organic-vitamin-d3-1000tv-royal-green-60-capsules\\\/#breadcrumb\"},\"inLanguage\":\"en-US\",\"potentialAction\":[{\"@type\":\"ReadAction\",\"target\":[\"https:\\\/\\\/www.biopapa.lt\\\/en\\\/produktas\\\/organic-vitamin-d3-1000tv-royal-green-60-capsules\\\/\"]}]},{\"@type\":\"ImageObject\",\"inLanguage\":\"en-US\",\"@id\":\"https:\\\/\\\/www.biopapa.lt\\\/en\\\/produktas\\\/organic-vitamin-d3-1000tv-royal-green-60-capsules\\\/#primaryimage\",\"url\":\"https:\\\/\\\/www.biopapa.lt\\\/wp-content\\\/uploads\\\/2025\\\/08\\\/Ekologiskas-vitaminas-D3.png\",\"contentUrl\":\"https:\\\/\\\/www.biopapa.lt\\\/wp-content\\\/uploads\\\/2025\\\/08\\\/Ekologiskas-vitaminas-D3.png\",\"width\":800,\"height\":640},{\"@type\":\"BreadcrumbList\",\"@id\":\"https:\\\/\\\/www.biopapa.lt\\\/en\\\/produktas\\\/organic-vitamin-d3-1000tv-royal-green-60-capsules\\\/#breadcrumb\",\"itemListElement\":[{\"@type\":\"ListItem\",\"position\":1,\"name\":\"Home\",\"item\":\"https:\\\/\\\/www.biopapa.lt\\\/en\\\/\"},{\"@type\":\"ListItem\",\"position\":2,\"name\":\"Shop\",\"item\":\"https:\\\/\\\/www.biopapa.lt\\\/en\\\/shop\\\/\"},{\"@type\":\"ListItem\",\"position\":3,\"name\":\"Organic vitamin D3 1000TV, ROYAL GREEN, 60 capsules\"}]},{\"@type\":\"WebSite\",\"@id\":\"https:\\\/\\\/www.biopapa.lt\\\/#website\",\"url\":\"https:\\\/\\\/www.biopapa.lt\\\/\",\"name\":\"Biopapa\",\"description\":\"\u0160var\u016bs ekologi\u0161ki produktai\",\"publisher\":{\"@id\":\"https:\\\/\\\/www.biopapa.lt\\\/#organization\"},\"potentialAction\":[{\"@type\":\"SearchAction\",\"target\":{\"@type\":\"EntryPoint\",\"urlTemplate\":\"https:\\\/\\\/www.biopapa.lt\\\/?s={search_term_string}\"},\"query-input\":{\"@type\":\"PropertyValueSpecification\",\"valueRequired\":true,\"valueName\":\"search_term_string\"}}],\"inLanguage\":\"en-US\"},{\"@type\":\"Organization\",\"@id\":\"https:\\\/\\\/www.biopapa.lt\\\/#organization\",\"name\":\"Biopapa\",\"url\":\"https:\\\/\\\/www.biopapa.lt\\\/\",\"logo\":{\"@type\":\"ImageObject\",\"inLanguage\":\"en-US\",\"@id\":\"https:\\\/\\\/www.biopapa.lt\\\/#\\\/schema\\\/logo\\\/image\\\/\",\"url\":\"https:\\\/\\\/www.biopapa.lt\\\/wp-content\\\/uploads\\\/2022\\\/04\\\/facebook_biopapa.jpg\",\"contentUrl\":\"https:\\\/\\\/www.biopapa.lt\\\/wp-content\\\/uploads\\\/2022\\\/04\\\/facebook_biopapa.jpg\",\"width\":1733,\"height\":907,\"caption\":\"Biopapa\"},\"image\":{\"@id\":\"https:\\\/\\\/www.biopapa.lt\\\/#\\\/schema\\\/logo\\\/image\\\/\"},\"sameAs\":[\"https:\\\/\\\/www.facebook.com\\\/biopapa.lt\"]}]}<\/script>\n<!-- \/ Yoast SEO plugin. -->","yoast_head_json":{"title":"Organic vitamin D3 1000TV, ROYAL GREEN, 60 capsules - Biopapa","description":"\"Viridian Nutrition capsules do not contain any artificial additives, binders or fillers. Food supplement MULTIVITAMINS, MINERALS High Five Multivitamin & Mineral Formula (30 capsules)","robots":{"index":"index","follow":"follow","max-snippet":"max-snippet:-1","max-image-preview":"max-image-preview:large","max-video-preview":"max-video-preview:-1"},"canonical":"https:\/\/www.biopapa.lt\/en\/produktas\/organic-vitamin-d3-1000tv-royal-green-60-capsules\/","og_locale":"en_US","og_type":"article","og_title":"Organic vitamin D3 1000TV, ROYAL GREEN, 60 capsules - Biopapa","og_description":"\"Viridian Nutrition capsules do not contain any artificial additives, binders or fillers. Food supplement MULTIVITAMINS, MINERALS High Five Multivitamin & Mineral Formula (30 capsules)","og_url":"https:\/\/www.biopapa.lt\/en\/produktas\/organic-vitamin-d3-1000tv-royal-green-60-capsules\/","og_site_name":"Biopapa","article_publisher":"https:\/\/www.facebook.com\/biopapa.lt","article_modified_time":"2025-11-17T05:40:25+00:00","og_image":[{"width":800,"height":640,"url":"https:\/\/www.biopapa.lt\/wp-content\/uploads\/2025\/08\/Ekologiskas-vitaminas-D3.png","type":"image\/png"}],"twitter_card":"summary_large_image","schema":{"@context":"https:\/\/schema.org","@graph":[{"@type":"WebPage","@id":"https:\/\/www.biopapa.lt\/en\/produktas\/organic-vitamin-d3-1000tv-royal-green-60-capsules\/","url":"https:\/\/www.biopapa.lt\/en\/produktas\/organic-vitamin-d3-1000tv-royal-green-60-capsules\/","name":"Organic vitamin D3 1000TV, ROYAL GREEN, 60 capsules - Biopapa","isPartOf":{"@id":"https:\/\/www.biopapa.lt\/#website"},"primaryImageOfPage":{"@id":"https:\/\/www.biopapa.lt\/en\/produktas\/organic-vitamin-d3-1000tv-royal-green-60-capsules\/#primaryimage"},"image":{"@id":"https:\/\/www.biopapa.lt\/en\/produktas\/organic-vitamin-d3-1000tv-royal-green-60-capsules\/#primaryimage"},"thumbnailUrl":"https:\/\/www.biopapa.lt\/wp-content\/uploads\/2025\/08\/Ekologiskas-vitaminas-D3.png","datePublished":"2025-08-25T12:53:18+00:00","dateModified":"2025-11-17T05:40:25+00:00","description":"\"Viridian Nutrition capsules do not contain any artificial additives, binders or fillers. Food supplement MULTIVITAMINS, MINERALS High Five Multivitamin & Mineral Formula (30 capsules)","breadcrumb":{"@id":"https:\/\/www.biopapa.lt\/en\/produktas\/organic-vitamin-d3-1000tv-royal-green-60-capsules\/#breadcrumb"},"inLanguage":"en-US","potentialAction":[{"@type":"ReadAction","target":["https:\/\/www.biopapa.lt\/en\/produktas\/organic-vitamin-d3-1000tv-royal-green-60-capsules\/"]}]},{"@type":"ImageObject","inLanguage":"en-US","@id":"https:\/\/www.biopapa.lt\/en\/produktas\/organic-vitamin-d3-1000tv-royal-green-60-capsules\/#primaryimage","url":"https:\/\/www.biopapa.lt\/wp-content\/uploads\/2025\/08\/Ekologiskas-vitaminas-D3.png","contentUrl":"https:\/\/www.biopapa.lt\/wp-content\/uploads\/2025\/08\/Ekologiskas-vitaminas-D3.png","width":800,"height":640},{"@type":"BreadcrumbList","@id":"https:\/\/www.biopapa.lt\/en\/produktas\/organic-vitamin-d3-1000tv-royal-green-60-capsules\/#breadcrumb","itemListElement":[{"@type":"ListItem","position":1,"name":"Home","item":"https:\/\/www.biopapa.lt\/en\/"},{"@type":"ListItem","position":2,"name":"Shop","item":"https:\/\/www.biopapa.lt\/en\/shop\/"},{"@type":"ListItem","position":3,"name":"Organic vitamin D3 1000TV, ROYAL GREEN, 60 capsules"}]},{"@type":"WebSite","@id":"https:\/\/www.biopapa.lt\/#website","url":"https:\/\/www.biopapa.lt\/","name":"Biopapa","description":"\u0160var\u016bs ekologi\u0161ki produktai","publisher":{"@id":"https:\/\/www.biopapa.lt\/#organization"},"potentialAction":[{"@type":"SearchAction","target":{"@type":"EntryPoint","urlTemplate":"https:\/\/www.biopapa.lt\/?s={search_term_string}"},"query-input":{"@type":"PropertyValueSpecification","valueRequired":true,"valueName":"search_term_string"}}],"inLanguage":"en-US"},{"@type":"Organization","@id":"https:\/\/www.biopapa.lt\/#organization","name":"Biopapa","url":"https:\/\/www.biopapa.lt\/","logo":{"@type":"ImageObject","inLanguage":"en-US","@id":"https:\/\/www.biopapa.lt\/#\/schema\/logo\/image\/","url":"https:\/\/www.biopapa.lt\/wp-content\/uploads\/2022\/04\/facebook_biopapa.jpg","contentUrl":"https:\/\/www.biopapa.lt\/wp-content\/uploads\/2022\/04\/facebook_biopapa.jpg","width":1733,"height":907,"caption":"Biopapa"},"image":{"@id":"https:\/\/www.biopapa.lt\/#\/schema\/logo\/image\/"},"sameAs":["https:\/\/www.facebook.com\/biopapa.lt"]}]}},"_links":{"self":[{"href":"https:\/\/www.biopapa.lt\/en\/wp-json\/wp\/v2\/product\/166479","targetHints":{"allow":["GET"]}}],"collection":[{"href":"https:\/\/www.biopapa.lt\/en\/wp-json\/wp\/v2\/product"}],"about":[{"href":"https:\/\/www.biopapa.lt\/en\/wp-json\/wp\/v2\/types\/product"}],"wp:featuredmedia":[{"embeddable":true,"href":"https:\/\/www.biopapa.lt\/en\/wp-json\/wp\/v2\/media\/166484"}],"wp:attachment":[{"href":"https:\/\/www.biopapa.lt\/en\/wp-json\/wp\/v2\/media?parent=166479"}],"wp:term":[{"taxonomy":"product_brand","embeddable":true,"href":"https:\/\/www.biopapa.lt\/en\/wp-json\/wp\/v2\/product_brand?post=166479"},{"taxonomy":"product_cat","embeddable":true,"href":"https:\/\/www.biopapa.lt\/en\/wp-json\/wp\/v2\/product_cat?post=166479"},{"taxonomy":"product_tag","embeddable":true,"href":"https:\/\/www.biopapa.lt\/en\/wp-json\/wp\/v2\/product_tag?post=166479"}],"curies":[{"name":"wp","href":"https:\/\/api.w.org\/{rel}","templated":true}]}}