{"id":166420,"date":"2025-08-25T14:42:26","date_gmt":"2025-08-25T11:42:26","guid":{"rendered":"https:\/\/www.biopapa.lt\/?post_type=product&#038;p=166420"},"modified":"2025-11-17T07:40:25","modified_gmt":"2025-11-17T05:40:25","slug":"organic-vitamin-b-complex-royal-green-60-capsules","status":"publish","type":"product","link":"https:\/\/www.biopapa.lt\/en\/produktas\/organic-vitamin-b-complex-royal-green-60-capsules\/","title":{"rendered":"Organic vitamin B complex ROYAL GREEN, 60 capsules"},"content":{"rendered":"<p><strong>Organic vitamin B complex ROYAL GREEN, 60 capsules<\/strong><br \/>\nCertified organic plant-derived B vitamins and silicon<br \/>\nFood supplement &#8211; 60 vegetarian capsules<br \/>\nNet content: 28g (1 vegetarian capsule 483mg)<\/p>\n<p>Royal Green Vitamin B Complex contains 100% certified organic B vitamins and a unique blend of Silicon, True Lavender, Pink Rhodiola (Golden Root), Reishi, Turmeric, True Ginger and Black Pepper. These 100% plant-derived B vitamins are extracted from the fruit of the guava tree, the leaves of the basil plant and the fruit of the lemon tree. <\/p>\n<p>Features:<br \/>\n&#8211; Certified organic<br \/>\n&#8211; 6 different naturally sourced B vitamins from a unique organic blend of guava fruit, narrow-leaf basil leaves and real lemon fruit<br \/>\n&#8211; With silicon from real bamboo<br \/>\n&#8211; With 5 organic botanicals<br \/>\n&#8211; With the reishi mushroom<br \/>\n&#8211; No fillers, No sweeteners or flavourings<br \/>\n&#8211; The dark glass packaging, made in Europe, offers optimal protection against oxygen, moisture and light.<br \/>\n&#8211; 100% vegetarian and vegan<\/p>\n<p>Suggested use:<br \/>\n&#8211; Riboflavin and niacin help maintain normal skin<br \/>\n&#8211; Riboflavin, niacin, folate and pantothenic acid help reduce feelings of tiredness and fatigue<br \/>\n&#8211; Vitamin B6, folate and turmeric help maintain normal immune function<br \/>\n&#8211; Thiamine, riboflavin, niacin, vitamin B6 and pantothenic acid help to maintain normal energy metabolism<br \/>\n&#8211; Niacin helps to maintain normal nervous system function<br \/>\n&#8211; Niacin helps to maintain normal psychological function<br \/>\n&#8211; Riboflavin helps to protect cells from oxidative damage.<\/p>\n<p>Suggested Use: 1 capsule per day, preferably with meals.<br \/>\nDo not exceed the recommended dose. The food supplement should not be taken as a substitute for food. <\/p>\n<p>A varied and balanced diet and a healthy lifestyle are important. If you are ill or on medication, we recommend that you consult your doctor or pharmacist about taking the supplement. Do not administer to children under 18 years of age. Do not use during pregnancy and lactation. Consult your doctor or pharmacist if you are taking anticoagulants together, in case of biliary and liver diseases. Do not take for prolonged periods of time without specialist approval.    <\/p>\n<p><em>NOTE. The information provided on this website shall not be construed as a recommendation for treatment or any other form of health advice. We encourage you to make personal decisions about your personal health, taking into account a wide range of sources of information.<\/em><\/p>\n","protected":false},"excerpt":{"rendered":"<p>Organic vitamin B complex ROYAL GREEN, 60 capsules Certified organic plant-derived B vitamins and silicon Food supplement &#8211; 60 vegetarian<\/p>\n","protected":false},"featured_media":166466,"template":"","meta":{"_acf_changed":false},"product_brand":[],"product_cat":[1984],"product_tag":[2088],"class_list":{"0":"post-166420","1":"product","2":"type-product","3":"status-publish","4":"has-post-thumbnail","6":"product_cat-food-supplements","7":"product_tag-vegan","9":"first","10":"instock","11":"shipping-taxable","12":"purchasable","13":"product-type-simple"},"acf":[],"yoast_head":"<!-- This site is optimized with the Yoast SEO plugin v27.3 - https:\/\/yoast.com\/product\/yoast-seo-wordpress\/ -->\n<title>Organic vitamin B complex ROYAL GREEN, 60 capsules - Biopapa<\/title>\n<meta name=\"description\" content=\"Organic vitamin B complex ROYAL GREEN, 60 capsules. Certified organic, plant-derived B vitamins and silicon.\" \/>\n<meta name=\"robots\" content=\"index, follow, max-snippet:-1, max-image-preview:large, max-video-preview:-1\" \/>\n<link rel=\"canonical\" href=\"https:\/\/www.biopapa.lt\/en\/produktas\/organic-vitamin-b-complex-royal-green-60-capsules\/\" \/>\n<meta property=\"og:locale\" content=\"en_US\" \/>\n<meta property=\"og:type\" content=\"article\" \/>\n<meta property=\"og:title\" content=\"Organic vitamin B complex ROYAL GREEN, 60 capsules - Biopapa\" \/>\n<meta property=\"og:description\" content=\"Organic vitamin B complex ROYAL GREEN, 60 capsules. Certified organic, plant-derived B vitamins and silicon.\" \/>\n<meta property=\"og:url\" content=\"https:\/\/www.biopapa.lt\/en\/produktas\/organic-vitamin-b-complex-royal-green-60-capsules\/\" \/>\n<meta property=\"og:site_name\" content=\"Biopapa\" \/>\n<meta property=\"article:publisher\" content=\"https:\/\/www.facebook.com\/biopapa.lt\" \/>\n<meta property=\"article:modified_time\" content=\"2025-11-17T05:40:25+00:00\" \/>\n<meta property=\"og:image\" content=\"https:\/\/www.biopapa.lt\/wp-content\/uploads\/2025\/08\/Ekologiskas-vitaminu-B-kompleksas.png\" \/>\n\t<meta property=\"og:image:width\" content=\"800\" \/>\n\t<meta property=\"og:image:height\" content=\"640\" \/>\n\t<meta property=\"og:image:type\" content=\"image\/png\" \/>\n<meta name=\"twitter:card\" content=\"summary_large_image\" \/>\n<script type=\"application\/ld+json\" class=\"yoast-schema-graph\">{\"@context\":\"https:\\\/\\\/schema.org\",\"@graph\":[{\"@type\":\"WebPage\",\"@id\":\"https:\\\/\\\/www.biopapa.lt\\\/en\\\/produktas\\\/organic-vitamin-b-complex-royal-green-60-capsules\\\/\",\"url\":\"https:\\\/\\\/www.biopapa.lt\\\/en\\\/produktas\\\/organic-vitamin-b-complex-royal-green-60-capsules\\\/\",\"name\":\"Organic vitamin B complex ROYAL GREEN, 60 capsules - Biopapa\",\"isPartOf\":{\"@id\":\"https:\\\/\\\/www.biopapa.lt\\\/#website\"},\"primaryImageOfPage\":{\"@id\":\"https:\\\/\\\/www.biopapa.lt\\\/en\\\/produktas\\\/organic-vitamin-b-complex-royal-green-60-capsules\\\/#primaryimage\"},\"image\":{\"@id\":\"https:\\\/\\\/www.biopapa.lt\\\/en\\\/produktas\\\/organic-vitamin-b-complex-royal-green-60-capsules\\\/#primaryimage\"},\"thumbnailUrl\":\"https:\\\/\\\/www.biopapa.lt\\\/wp-content\\\/uploads\\\/2025\\\/08\\\/Ekologiskas-vitaminu-B-kompleksas.png\",\"datePublished\":\"2025-08-25T11:42:26+00:00\",\"dateModified\":\"2025-11-17T05:40:25+00:00\",\"description\":\"Organic vitamin B complex ROYAL GREEN, 60 capsules. Certified organic, plant-derived B vitamins and silicon.\",\"breadcrumb\":{\"@id\":\"https:\\\/\\\/www.biopapa.lt\\\/en\\\/produktas\\\/organic-vitamin-b-complex-royal-green-60-capsules\\\/#breadcrumb\"},\"inLanguage\":\"en-US\",\"potentialAction\":[{\"@type\":\"ReadAction\",\"target\":[\"https:\\\/\\\/www.biopapa.lt\\\/en\\\/produktas\\\/organic-vitamin-b-complex-royal-green-60-capsules\\\/\"]}]},{\"@type\":\"ImageObject\",\"inLanguage\":\"en-US\",\"@id\":\"https:\\\/\\\/www.biopapa.lt\\\/en\\\/produktas\\\/organic-vitamin-b-complex-royal-green-60-capsules\\\/#primaryimage\",\"url\":\"https:\\\/\\\/www.biopapa.lt\\\/wp-content\\\/uploads\\\/2025\\\/08\\\/Ekologiskas-vitaminu-B-kompleksas.png\",\"contentUrl\":\"https:\\\/\\\/www.biopapa.lt\\\/wp-content\\\/uploads\\\/2025\\\/08\\\/Ekologiskas-vitaminu-B-kompleksas.png\",\"width\":800,\"height\":640},{\"@type\":\"BreadcrumbList\",\"@id\":\"https:\\\/\\\/www.biopapa.lt\\\/en\\\/produktas\\\/organic-vitamin-b-complex-royal-green-60-capsules\\\/#breadcrumb\",\"itemListElement\":[{\"@type\":\"ListItem\",\"position\":1,\"name\":\"Home\",\"item\":\"https:\\\/\\\/www.biopapa.lt\\\/en\\\/\"},{\"@type\":\"ListItem\",\"position\":2,\"name\":\"Shop\",\"item\":\"https:\\\/\\\/www.biopapa.lt\\\/en\\\/shop\\\/\"},{\"@type\":\"ListItem\",\"position\":3,\"name\":\"Organic vitamin B complex ROYAL GREEN, 60 capsules\"}]},{\"@type\":\"WebSite\",\"@id\":\"https:\\\/\\\/www.biopapa.lt\\\/#website\",\"url\":\"https:\\\/\\\/www.biopapa.lt\\\/\",\"name\":\"Biopapa\",\"description\":\"\u0160var\u016bs ekologi\u0161ki produktai\",\"publisher\":{\"@id\":\"https:\\\/\\\/www.biopapa.lt\\\/#organization\"},\"potentialAction\":[{\"@type\":\"SearchAction\",\"target\":{\"@type\":\"EntryPoint\",\"urlTemplate\":\"https:\\\/\\\/www.biopapa.lt\\\/?s={search_term_string}\"},\"query-input\":{\"@type\":\"PropertyValueSpecification\",\"valueRequired\":true,\"valueName\":\"search_term_string\"}}],\"inLanguage\":\"en-US\"},{\"@type\":\"Organization\",\"@id\":\"https:\\\/\\\/www.biopapa.lt\\\/#organization\",\"name\":\"Biopapa\",\"url\":\"https:\\\/\\\/www.biopapa.lt\\\/\",\"logo\":{\"@type\":\"ImageObject\",\"inLanguage\":\"en-US\",\"@id\":\"https:\\\/\\\/www.biopapa.lt\\\/#\\\/schema\\\/logo\\\/image\\\/\",\"url\":\"https:\\\/\\\/www.biopapa.lt\\\/wp-content\\\/uploads\\\/2022\\\/04\\\/facebook_biopapa.jpg\",\"contentUrl\":\"https:\\\/\\\/www.biopapa.lt\\\/wp-content\\\/uploads\\\/2022\\\/04\\\/facebook_biopapa.jpg\",\"width\":1733,\"height\":907,\"caption\":\"Biopapa\"},\"image\":{\"@id\":\"https:\\\/\\\/www.biopapa.lt\\\/#\\\/schema\\\/logo\\\/image\\\/\"},\"sameAs\":[\"https:\\\/\\\/www.facebook.com\\\/biopapa.lt\"]}]}<\/script>\n<!-- \/ Yoast SEO plugin. -->","yoast_head_json":{"title":"Organic vitamin B complex ROYAL GREEN, 60 capsules - Biopapa","description":"Organic vitamin B complex ROYAL GREEN, 60 capsules. Certified organic, plant-derived B vitamins and silicon.","robots":{"index":"index","follow":"follow","max-snippet":"max-snippet:-1","max-image-preview":"max-image-preview:large","max-video-preview":"max-video-preview:-1"},"canonical":"https:\/\/www.biopapa.lt\/en\/produktas\/organic-vitamin-b-complex-royal-green-60-capsules\/","og_locale":"en_US","og_type":"article","og_title":"Organic vitamin B complex ROYAL GREEN, 60 capsules - Biopapa","og_description":"Organic vitamin B complex ROYAL GREEN, 60 capsules. Certified organic, plant-derived B vitamins and silicon.","og_url":"https:\/\/www.biopapa.lt\/en\/produktas\/organic-vitamin-b-complex-royal-green-60-capsules\/","og_site_name":"Biopapa","article_publisher":"https:\/\/www.facebook.com\/biopapa.lt","article_modified_time":"2025-11-17T05:40:25+00:00","og_image":[{"width":800,"height":640,"url":"https:\/\/www.biopapa.lt\/wp-content\/uploads\/2025\/08\/Ekologiskas-vitaminu-B-kompleksas.png","type":"image\/png"}],"twitter_card":"summary_large_image","schema":{"@context":"https:\/\/schema.org","@graph":[{"@type":"WebPage","@id":"https:\/\/www.biopapa.lt\/en\/produktas\/organic-vitamin-b-complex-royal-green-60-capsules\/","url":"https:\/\/www.biopapa.lt\/en\/produktas\/organic-vitamin-b-complex-royal-green-60-capsules\/","name":"Organic vitamin B complex ROYAL GREEN, 60 capsules - Biopapa","isPartOf":{"@id":"https:\/\/www.biopapa.lt\/#website"},"primaryImageOfPage":{"@id":"https:\/\/www.biopapa.lt\/en\/produktas\/organic-vitamin-b-complex-royal-green-60-capsules\/#primaryimage"},"image":{"@id":"https:\/\/www.biopapa.lt\/en\/produktas\/organic-vitamin-b-complex-royal-green-60-capsules\/#primaryimage"},"thumbnailUrl":"https:\/\/www.biopapa.lt\/wp-content\/uploads\/2025\/08\/Ekologiskas-vitaminu-B-kompleksas.png","datePublished":"2025-08-25T11:42:26+00:00","dateModified":"2025-11-17T05:40:25+00:00","description":"Organic vitamin B complex ROYAL GREEN, 60 capsules. Certified organic, plant-derived B vitamins and silicon.","breadcrumb":{"@id":"https:\/\/www.biopapa.lt\/en\/produktas\/organic-vitamin-b-complex-royal-green-60-capsules\/#breadcrumb"},"inLanguage":"en-US","potentialAction":[{"@type":"ReadAction","target":["https:\/\/www.biopapa.lt\/en\/produktas\/organic-vitamin-b-complex-royal-green-60-capsules\/"]}]},{"@type":"ImageObject","inLanguage":"en-US","@id":"https:\/\/www.biopapa.lt\/en\/produktas\/organic-vitamin-b-complex-royal-green-60-capsules\/#primaryimage","url":"https:\/\/www.biopapa.lt\/wp-content\/uploads\/2025\/08\/Ekologiskas-vitaminu-B-kompleksas.png","contentUrl":"https:\/\/www.biopapa.lt\/wp-content\/uploads\/2025\/08\/Ekologiskas-vitaminu-B-kompleksas.png","width":800,"height":640},{"@type":"BreadcrumbList","@id":"https:\/\/www.biopapa.lt\/en\/produktas\/organic-vitamin-b-complex-royal-green-60-capsules\/#breadcrumb","itemListElement":[{"@type":"ListItem","position":1,"name":"Home","item":"https:\/\/www.biopapa.lt\/en\/"},{"@type":"ListItem","position":2,"name":"Shop","item":"https:\/\/www.biopapa.lt\/en\/shop\/"},{"@type":"ListItem","position":3,"name":"Organic vitamin B complex ROYAL GREEN, 60 capsules"}]},{"@type":"WebSite","@id":"https:\/\/www.biopapa.lt\/#website","url":"https:\/\/www.biopapa.lt\/","name":"Biopapa","description":"\u0160var\u016bs ekologi\u0161ki produktai","publisher":{"@id":"https:\/\/www.biopapa.lt\/#organization"},"potentialAction":[{"@type":"SearchAction","target":{"@type":"EntryPoint","urlTemplate":"https:\/\/www.biopapa.lt\/?s={search_term_string}"},"query-input":{"@type":"PropertyValueSpecification","valueRequired":true,"valueName":"search_term_string"}}],"inLanguage":"en-US"},{"@type":"Organization","@id":"https:\/\/www.biopapa.lt\/#organization","name":"Biopapa","url":"https:\/\/www.biopapa.lt\/","logo":{"@type":"ImageObject","inLanguage":"en-US","@id":"https:\/\/www.biopapa.lt\/#\/schema\/logo\/image\/","url":"https:\/\/www.biopapa.lt\/wp-content\/uploads\/2022\/04\/facebook_biopapa.jpg","contentUrl":"https:\/\/www.biopapa.lt\/wp-content\/uploads\/2022\/04\/facebook_biopapa.jpg","width":1733,"height":907,"caption":"Biopapa"},"image":{"@id":"https:\/\/www.biopapa.lt\/#\/schema\/logo\/image\/"},"sameAs":["https:\/\/www.facebook.com\/biopapa.lt"]}]}},"_links":{"self":[{"href":"https:\/\/www.biopapa.lt\/en\/wp-json\/wp\/v2\/product\/166420","targetHints":{"allow":["GET"]}}],"collection":[{"href":"https:\/\/www.biopapa.lt\/en\/wp-json\/wp\/v2\/product"}],"about":[{"href":"https:\/\/www.biopapa.lt\/en\/wp-json\/wp\/v2\/types\/product"}],"wp:featuredmedia":[{"embeddable":true,"href":"https:\/\/www.biopapa.lt\/en\/wp-json\/wp\/v2\/media\/166466"}],"wp:attachment":[{"href":"https:\/\/www.biopapa.lt\/en\/wp-json\/wp\/v2\/media?parent=166420"}],"wp:term":[{"taxonomy":"product_brand","embeddable":true,"href":"https:\/\/www.biopapa.lt\/en\/wp-json\/wp\/v2\/product_brand?post=166420"},{"taxonomy":"product_cat","embeddable":true,"href":"https:\/\/www.biopapa.lt\/en\/wp-json\/wp\/v2\/product_cat?post=166420"},{"taxonomy":"product_tag","embeddable":true,"href":"https:\/\/www.biopapa.lt\/en\/wp-json\/wp\/v2\/product_tag?post=166420"}],"curies":[{"name":"wp","href":"https:\/\/api.w.org\/{rel}","templated":true}]}}