{"id":151057,"date":"2025-07-22T17:28:28","date_gmt":"2025-07-22T14:28:28","guid":{"rendered":"https:\/\/www.biopapa.lt\/?post_type=product&#038;p=151057"},"modified":"2025-08-07T11:21:51","modified_gmt":"2025-08-07T08:21:51","slug":"organic-whole-wheat-crackers-with-seeds-150g-bettr","status":"publish","type":"product","link":"https:\/\/www.biopapa.lt\/en\/produktas\/organic-whole-wheat-crackers-with-seeds-150g-bettr\/","title":{"rendered":"Organic whole wheat crackers with seeds, 150 g Bett&#8217;r"},"content":{"rendered":"<p><strong>Organic whole wheat crackers with seeds, 150 g Bett&#8217;r<br \/>\n<\/strong>Looking for a crunchy, nutritious snack made with only the best ingredients? Our Bett&#8217;r Organic Seed Crackers with Wholemeal Flour are the perfect no-regrets choice! <\/p>\n<p>Just 5 simple ingredients:<br \/>\nWholemeal wheat flour &#8211; a source of fibre that gives the snack a nice, satisfying crunch.<br \/>\nCoconut oil &#8211; a natural source of plant-based fat that provides a great texture and taste.<br \/>\nSesame and flax seeds &#8211; rich in protein, healthy fats and a mild nutty flavour.<br \/>\nSalt &#8211; just the right amount to bring out the natural goodness of flavours.<\/p>\n<p>Why choose these trapeze bars?<br \/>\n100 100% organic and vegan &#8211; made with high quality plant-based ingredients.<br \/>\nSuper crunchy and versatile &#8211; enjoy them on their own or combine them with your favourite spreads or accompaniments.<br \/>\nLight &#8211; a tasty snack without unnecessary additives.<br \/>\nPalm oil free.<br \/>\nSuitable for any occasion &#8211; with your favourite cocktail, at a picnic or as an everyday snack!<br \/>\nBett&#8217;r Organic Seed Crisps with Wholemeal Flour &#8211; the perfect choice for those looking for a healthy, tasty and crunchy snack to enjoy the simple but rich taste!<\/p>\n<p><em>NOTE. The information provided on this website shall not be construed as a recommendation for treatment or any other form of health advice. We encourage you to make personal decisions about your personal health, taking into account a wide range of sources of information.<\/em><\/p>\n","protected":false},"excerpt":{"rendered":"<p>Organic whole wheat crackers with seeds, 150 g Bett&#8217;r Looking for a crunchy, nutritious snack made with only the best<\/p>\n","protected":false},"featured_media":151433,"template":"","meta":{"_acf_changed":false},"product_brand":[],"product_cat":[2677,2014],"product_tag":[],"class_list":{"0":"post-151057","1":"product","2":"type-product","3":"status-publish","4":"has-post-thumbnail","6":"product_cat-bread-crispbreads-crackers","7":"product_cat-snacks","9":"first","10":"instock","11":"shipping-taxable","12":"purchasable","13":"product-type-simple"},"acf":[],"yoast_head":"<!-- This site is optimized with the Yoast SEO plugin v27.5 - https:\/\/yoast.com\/product\/yoast-seo-wordpress\/ -->\n<title>Organic whole wheat crackers with seeds, 150 g Bett&#039;r - Biopapa<\/title>\n<meta name=\"description\" content=\"Organic seed crisps with wholemeal flour - the perfect choice for those looking for a healthy, tasty and crunchy snack to enjoy a simple but rich taste!\" \/>\n<meta name=\"robots\" content=\"index, follow, max-snippet:-1, max-image-preview:large, max-video-preview:-1\" \/>\n<link rel=\"canonical\" href=\"https:\/\/www.biopapa.lt\/en\/produktas\/organic-whole-wheat-crackers-with-seeds-150g-bettr\/\" \/>\n<meta property=\"og:locale\" content=\"en_US\" \/>\n<meta property=\"og:type\" content=\"article\" \/>\n<meta property=\"og:title\" content=\"Organic whole wheat crackers with seeds, 150 g Bett&#039;r - Biopapa\" \/>\n<meta property=\"og:description\" content=\"Organic seed crisps with wholemeal flour - the perfect choice for those looking for a healthy, tasty and crunchy snack to enjoy a simple but rich taste!\" \/>\n<meta property=\"og:url\" content=\"https:\/\/www.biopapa.lt\/en\/produktas\/organic-whole-wheat-crackers-with-seeds-150g-bettr\/\" \/>\n<meta property=\"og:site_name\" content=\"Biopapa\" \/>\n<meta property=\"article:publisher\" content=\"https:\/\/www.facebook.com\/biopapa.lt\" \/>\n<meta property=\"article:modified_time\" content=\"2025-08-07T08:21:51+00:00\" \/>\n<meta property=\"og:image\" content=\"https:\/\/www.biopapa.lt\/wp-content\/uploads\/2025\/07\/Ekologiski-viso-grudo-krekeriai-su-seklomis.jpg\" \/>\n\t<meta property=\"og:image:width\" content=\"800\" \/>\n\t<meta property=\"og:image:height\" content=\"640\" \/>\n\t<meta property=\"og:image:type\" content=\"image\/jpeg\" \/>\n<meta name=\"twitter:card\" content=\"summary_large_image\" \/>\n<script type=\"application\/ld+json\" class=\"yoast-schema-graph\">{\"@context\":\"https:\\\/\\\/schema.org\",\"@graph\":[{\"@type\":\"WebPage\",\"@id\":\"https:\\\/\\\/www.biopapa.lt\\\/en\\\/produktas\\\/organic-whole-wheat-crackers-with-seeds-150g-bettr\\\/\",\"url\":\"https:\\\/\\\/www.biopapa.lt\\\/en\\\/produktas\\\/organic-whole-wheat-crackers-with-seeds-150g-bettr\\\/\",\"name\":\"Organic whole wheat crackers with seeds, 150 g Bett'r - Biopapa\",\"isPartOf\":{\"@id\":\"https:\\\/\\\/www.biopapa.lt\\\/#website\"},\"primaryImageOfPage\":{\"@id\":\"https:\\\/\\\/www.biopapa.lt\\\/en\\\/produktas\\\/organic-whole-wheat-crackers-with-seeds-150g-bettr\\\/#primaryimage\"},\"image\":{\"@id\":\"https:\\\/\\\/www.biopapa.lt\\\/en\\\/produktas\\\/organic-whole-wheat-crackers-with-seeds-150g-bettr\\\/#primaryimage\"},\"thumbnailUrl\":\"https:\\\/\\\/www.biopapa.lt\\\/wp-content\\\/uploads\\\/2025\\\/07\\\/Ekologiski-viso-grudo-krekeriai-su-seklomis.jpg\",\"datePublished\":\"2025-07-22T14:28:28+00:00\",\"dateModified\":\"2025-08-07T08:21:51+00:00\",\"description\":\"Organic seed crisps with wholemeal flour - the perfect choice for those looking for a healthy, tasty and crunchy snack to enjoy a simple but rich taste!\",\"breadcrumb\":{\"@id\":\"https:\\\/\\\/www.biopapa.lt\\\/en\\\/produktas\\\/organic-whole-wheat-crackers-with-seeds-150g-bettr\\\/#breadcrumb\"},\"inLanguage\":\"en-US\",\"potentialAction\":[{\"@type\":\"ReadAction\",\"target\":[\"https:\\\/\\\/www.biopapa.lt\\\/en\\\/produktas\\\/organic-whole-wheat-crackers-with-seeds-150g-bettr\\\/\"]}]},{\"@type\":\"ImageObject\",\"inLanguage\":\"en-US\",\"@id\":\"https:\\\/\\\/www.biopapa.lt\\\/en\\\/produktas\\\/organic-whole-wheat-crackers-with-seeds-150g-bettr\\\/#primaryimage\",\"url\":\"https:\\\/\\\/www.biopapa.lt\\\/wp-content\\\/uploads\\\/2025\\\/07\\\/Ekologiski-viso-grudo-krekeriai-su-seklomis.jpg\",\"contentUrl\":\"https:\\\/\\\/www.biopapa.lt\\\/wp-content\\\/uploads\\\/2025\\\/07\\\/Ekologiski-viso-grudo-krekeriai-su-seklomis.jpg\",\"width\":800,\"height\":640},{\"@type\":\"BreadcrumbList\",\"@id\":\"https:\\\/\\\/www.biopapa.lt\\\/en\\\/produktas\\\/organic-whole-wheat-crackers-with-seeds-150g-bettr\\\/#breadcrumb\",\"itemListElement\":[{\"@type\":\"ListItem\",\"position\":1,\"name\":\"Home\",\"item\":\"https:\\\/\\\/www.biopapa.lt\\\/en\\\/\"},{\"@type\":\"ListItem\",\"position\":2,\"name\":\"Shop\",\"item\":\"https:\\\/\\\/www.biopapa.lt\\\/en\\\/shop\\\/\"},{\"@type\":\"ListItem\",\"position\":3,\"name\":\"Organic whole wheat crackers with seeds, 150 g Bett&#8217;r\"}]},{\"@type\":\"WebSite\",\"@id\":\"https:\\\/\\\/www.biopapa.lt\\\/#website\",\"url\":\"https:\\\/\\\/www.biopapa.lt\\\/\",\"name\":\"Biopapa\",\"description\":\"\u0160var\u016bs ekologi\u0161ki produktai\",\"publisher\":{\"@id\":\"https:\\\/\\\/www.biopapa.lt\\\/#organization\"},\"potentialAction\":[{\"@type\":\"SearchAction\",\"target\":{\"@type\":\"EntryPoint\",\"urlTemplate\":\"https:\\\/\\\/www.biopapa.lt\\\/?s={search_term_string}\"},\"query-input\":{\"@type\":\"PropertyValueSpecification\",\"valueRequired\":true,\"valueName\":\"search_term_string\"}}],\"inLanguage\":\"en-US\"},{\"@type\":\"Organization\",\"@id\":\"https:\\\/\\\/www.biopapa.lt\\\/#organization\",\"name\":\"Biopapa\",\"url\":\"https:\\\/\\\/www.biopapa.lt\\\/\",\"logo\":{\"@type\":\"ImageObject\",\"inLanguage\":\"en-US\",\"@id\":\"https:\\\/\\\/www.biopapa.lt\\\/#\\\/schema\\\/logo\\\/image\\\/\",\"url\":\"https:\\\/\\\/www.biopapa.lt\\\/wp-content\\\/uploads\\\/2022\\\/04\\\/facebook_biopapa.jpg\",\"contentUrl\":\"https:\\\/\\\/www.biopapa.lt\\\/wp-content\\\/uploads\\\/2022\\\/04\\\/facebook_biopapa.jpg\",\"width\":1733,\"height\":907,\"caption\":\"Biopapa\"},\"image\":{\"@id\":\"https:\\\/\\\/www.biopapa.lt\\\/#\\\/schema\\\/logo\\\/image\\\/\"},\"sameAs\":[\"https:\\\/\\\/www.facebook.com\\\/biopapa.lt\"]}]}<\/script>\n<!-- \/ Yoast SEO plugin. -->","yoast_head_json":{"title":"Organic whole wheat crackers with seeds, 150 g Bett'r - Biopapa","description":"Organic seed crisps with wholemeal flour - the perfect choice for those looking for a healthy, tasty and crunchy snack to enjoy a simple but rich taste!","robots":{"index":"index","follow":"follow","max-snippet":"max-snippet:-1","max-image-preview":"max-image-preview:large","max-video-preview":"max-video-preview:-1"},"canonical":"https:\/\/www.biopapa.lt\/en\/produktas\/organic-whole-wheat-crackers-with-seeds-150g-bettr\/","og_locale":"en_US","og_type":"article","og_title":"Organic whole wheat crackers with seeds, 150 g Bett'r - Biopapa","og_description":"Organic seed crisps with wholemeal flour - the perfect choice for those looking for a healthy, tasty and crunchy snack to enjoy a simple but rich taste!","og_url":"https:\/\/www.biopapa.lt\/en\/produktas\/organic-whole-wheat-crackers-with-seeds-150g-bettr\/","og_site_name":"Biopapa","article_publisher":"https:\/\/www.facebook.com\/biopapa.lt","article_modified_time":"2025-08-07T08:21:51+00:00","og_image":[{"width":800,"height":640,"url":"https:\/\/www.biopapa.lt\/wp-content\/uploads\/2025\/07\/Ekologiski-viso-grudo-krekeriai-su-seklomis.jpg","type":"image\/jpeg"}],"twitter_card":"summary_large_image","schema":{"@context":"https:\/\/schema.org","@graph":[{"@type":"WebPage","@id":"https:\/\/www.biopapa.lt\/en\/produktas\/organic-whole-wheat-crackers-with-seeds-150g-bettr\/","url":"https:\/\/www.biopapa.lt\/en\/produktas\/organic-whole-wheat-crackers-with-seeds-150g-bettr\/","name":"Organic whole wheat crackers with seeds, 150 g Bett'r - Biopapa","isPartOf":{"@id":"https:\/\/www.biopapa.lt\/#website"},"primaryImageOfPage":{"@id":"https:\/\/www.biopapa.lt\/en\/produktas\/organic-whole-wheat-crackers-with-seeds-150g-bettr\/#primaryimage"},"image":{"@id":"https:\/\/www.biopapa.lt\/en\/produktas\/organic-whole-wheat-crackers-with-seeds-150g-bettr\/#primaryimage"},"thumbnailUrl":"https:\/\/www.biopapa.lt\/wp-content\/uploads\/2025\/07\/Ekologiski-viso-grudo-krekeriai-su-seklomis.jpg","datePublished":"2025-07-22T14:28:28+00:00","dateModified":"2025-08-07T08:21:51+00:00","description":"Organic seed crisps with wholemeal flour - the perfect choice for those looking for a healthy, tasty and crunchy snack to enjoy a simple but rich taste!","breadcrumb":{"@id":"https:\/\/www.biopapa.lt\/en\/produktas\/organic-whole-wheat-crackers-with-seeds-150g-bettr\/#breadcrumb"},"inLanguage":"en-US","potentialAction":[{"@type":"ReadAction","target":["https:\/\/www.biopapa.lt\/en\/produktas\/organic-whole-wheat-crackers-with-seeds-150g-bettr\/"]}]},{"@type":"ImageObject","inLanguage":"en-US","@id":"https:\/\/www.biopapa.lt\/en\/produktas\/organic-whole-wheat-crackers-with-seeds-150g-bettr\/#primaryimage","url":"https:\/\/www.biopapa.lt\/wp-content\/uploads\/2025\/07\/Ekologiski-viso-grudo-krekeriai-su-seklomis.jpg","contentUrl":"https:\/\/www.biopapa.lt\/wp-content\/uploads\/2025\/07\/Ekologiski-viso-grudo-krekeriai-su-seklomis.jpg","width":800,"height":640},{"@type":"BreadcrumbList","@id":"https:\/\/www.biopapa.lt\/en\/produktas\/organic-whole-wheat-crackers-with-seeds-150g-bettr\/#breadcrumb","itemListElement":[{"@type":"ListItem","position":1,"name":"Home","item":"https:\/\/www.biopapa.lt\/en\/"},{"@type":"ListItem","position":2,"name":"Shop","item":"https:\/\/www.biopapa.lt\/en\/shop\/"},{"@type":"ListItem","position":3,"name":"Organic whole wheat crackers with seeds, 150 g Bett&#8217;r"}]},{"@type":"WebSite","@id":"https:\/\/www.biopapa.lt\/#website","url":"https:\/\/www.biopapa.lt\/","name":"Biopapa","description":"\u0160var\u016bs ekologi\u0161ki produktai","publisher":{"@id":"https:\/\/www.biopapa.lt\/#organization"},"potentialAction":[{"@type":"SearchAction","target":{"@type":"EntryPoint","urlTemplate":"https:\/\/www.biopapa.lt\/?s={search_term_string}"},"query-input":{"@type":"PropertyValueSpecification","valueRequired":true,"valueName":"search_term_string"}}],"inLanguage":"en-US"},{"@type":"Organization","@id":"https:\/\/www.biopapa.lt\/#organization","name":"Biopapa","url":"https:\/\/www.biopapa.lt\/","logo":{"@type":"ImageObject","inLanguage":"en-US","@id":"https:\/\/www.biopapa.lt\/#\/schema\/logo\/image\/","url":"https:\/\/www.biopapa.lt\/wp-content\/uploads\/2022\/04\/facebook_biopapa.jpg","contentUrl":"https:\/\/www.biopapa.lt\/wp-content\/uploads\/2022\/04\/facebook_biopapa.jpg","width":1733,"height":907,"caption":"Biopapa"},"image":{"@id":"https:\/\/www.biopapa.lt\/#\/schema\/logo\/image\/"},"sameAs":["https:\/\/www.facebook.com\/biopapa.lt"]}]}},"_links":{"self":[{"href":"https:\/\/www.biopapa.lt\/en\/wp-json\/wp\/v2\/product\/151057","targetHints":{"allow":["GET"]}}],"collection":[{"href":"https:\/\/www.biopapa.lt\/en\/wp-json\/wp\/v2\/product"}],"about":[{"href":"https:\/\/www.biopapa.lt\/en\/wp-json\/wp\/v2\/types\/product"}],"wp:featuredmedia":[{"embeddable":true,"href":"https:\/\/www.biopapa.lt\/en\/wp-json\/wp\/v2\/media\/151433"}],"wp:attachment":[{"href":"https:\/\/www.biopapa.lt\/en\/wp-json\/wp\/v2\/media?parent=151057"}],"wp:term":[{"taxonomy":"product_brand","embeddable":true,"href":"https:\/\/www.biopapa.lt\/en\/wp-json\/wp\/v2\/product_brand?post=151057"},{"taxonomy":"product_cat","embeddable":true,"href":"https:\/\/www.biopapa.lt\/en\/wp-json\/wp\/v2\/product_cat?post=151057"},{"taxonomy":"product_tag","embeddable":true,"href":"https:\/\/www.biopapa.lt\/en\/wp-json\/wp\/v2\/product_tag?post=151057"}],"curies":[{"name":"wp","href":"https:\/\/api.w.org\/{rel}","templated":true}]}}