{"id":145263,"date":"2025-07-10T11:58:19","date_gmt":"2025-07-10T08:58:19","guid":{"rendered":"https:\/\/www.biopapa.lt\/?post_type=product&#038;p=145263"},"modified":"2026-03-08T01:05:39","modified_gmt":"2026-03-07T23:05:39","slug":"organic-basil-essential-oil-10ml-alteya","status":"publish","type":"product","link":"https:\/\/www.biopapa.lt\/en\/produktas\/organic-basil-essential-oil-10ml-alteya\/","title":{"rendered":"Organic basil essential oil 10 ml, ALTEYA"},"content":{"rendered":"<p><strong>Organic Basil Essential Oil 10 ml, ALTEYA<br \/>\n<\/strong>Basil has been used for many purposes over the years &#8211; it has been an important part of religious practices, is widely used in herbal medicine and is often used in cooking.<\/p>\n<p>Essential oil distilled from the leaves of <em>Ocimum basilicum<\/em> (sweet basil), also known as sweet basil oil. The refreshing aroma of this oil helps concentration and promotes determination. It can also neutralise unpleasant odours. Diffusing basil oil in the home can help purify the air and is also thought to reduce the risk of illness. The smell of basil is quite intense and can easily dominate aromatic blends.    <\/p>\n<p>When used on the skin, basil oil has a cleansing, firming and stimulating effect, leaving the skin looking fresher and more radiant. Basil oil can also promote healthy hair growth and improve blood circulation to the scalp. <\/p>\n<p>Extraction method: steam distillation<br \/>\nPlant part used: leaves<br \/>\nAromatic profile: warm, herbal, fresh<br \/>\nNote: top<br \/>\nBlends well with: bergamot, cedar, eucalyptus, frankincense, geranium, grapefruit, lavender, lavender, lemon, peppermint, pine.<\/p>\n<p><strong>Attention<\/strong><br \/>\nFor external use only. Always dilute. May cause skin sensitivity. Keep out of the reach of children. If you are pregnant, breastfeeding or under the care of a doctor, consult your doctor. Avoid contact with eyes, inner ear, mucous membranes and sensitive areas of the body. <\/p>\n<p><em>NOTE. The information contained herein should not be construed as a recommendation for treatment or other health issues.<\/em><br \/>\n<em>We encourage you to make personal decisions about your personal health, taking into account a wide range of sources of information.<\/em><\/p>\n","protected":false},"excerpt":{"rendered":"<p>Organic Basil Essential Oil 10 ml, ALTEYA Basil has been used for many purposes over the years &#8211; it has<\/p>\n","protected":false},"featured_media":145273,"template":"","meta":{"_acf_changed":false},"product_brand":[],"product_cat":[2503,1962,1850,1988,1992],"product_tag":[2026,2044,2088],"class_list":{"0":"post-145263","1":"product","2":"type-product","3":"status-publish","4":"has-post-thumbnail","6":"product_cat-aromatherapy","7":"product_cat-beauty-and-hygiene","8":"product_cat-essential-oils","9":"product_cat-home","10":"product_cat-home-scent","11":"product_tag-aromatherapy","12":"product_tag-essential-oil","13":"product_tag-vegan","15":"first","16":"instock","17":"shipping-taxable","18":"purchasable","19":"product-type-simple"},"acf":[],"yoast_head":"<!-- This site is optimized with the Yoast SEO plugin v27.3 - https:\/\/yoast.com\/product\/yoast-seo-wordpress\/ -->\n<title>Organic basil essential oil 10 ml, ALTEYA - Biopapa<\/title>\n<meta name=\"description\" content=\"Essential oil distilled from the leaves of Ocimum basilicum (sweet basil), also known as sweet basil oil. The refreshing aroma of this oil helps concentration and promotes determination.\" \/>\n<meta name=\"robots\" content=\"index, follow, max-snippet:-1, max-image-preview:large, max-video-preview:-1\" \/>\n<link rel=\"canonical\" href=\"https:\/\/www.biopapa.lt\/en\/produktas\/organic-basil-essential-oil-10ml-alteya\/\" \/>\n<meta property=\"og:locale\" content=\"en_US\" \/>\n<meta property=\"og:type\" content=\"article\" \/>\n<meta property=\"og:title\" content=\"Organic basil essential oil 10 ml, ALTEYA - Biopapa\" \/>\n<meta property=\"og:description\" content=\"Essential oil distilled from the leaves of Ocimum basilicum (sweet basil), also known as sweet basil oil. The refreshing aroma of this oil helps concentration and promotes determination.\" \/>\n<meta property=\"og:url\" content=\"https:\/\/www.biopapa.lt\/en\/produktas\/organic-basil-essential-oil-10ml-alteya\/\" \/>\n<meta property=\"og:site_name\" content=\"Biopapa\" \/>\n<meta property=\"article:publisher\" content=\"https:\/\/www.facebook.com\/biopapa.lt\" \/>\n<meta property=\"article:modified_time\" content=\"2026-03-07T23:05:39+00:00\" \/>\n<meta property=\"og:image\" content=\"https:\/\/www.biopapa.lt\/wp-content\/uploads\/2025\/07\/Ekologiskas-baziliku-eterinis-aliejus-10-ml.png\" \/>\n\t<meta property=\"og:image:width\" content=\"800\" \/>\n\t<meta property=\"og:image:height\" content=\"640\" \/>\n\t<meta property=\"og:image:type\" content=\"image\/png\" \/>\n<meta name=\"twitter:card\" content=\"summary_large_image\" \/>\n<script type=\"application\/ld+json\" class=\"yoast-schema-graph\">{\"@context\":\"https:\\\/\\\/schema.org\",\"@graph\":[{\"@type\":\"WebPage\",\"@id\":\"https:\\\/\\\/www.biopapa.lt\\\/en\\\/produktas\\\/organic-basil-essential-oil-10ml-alteya\\\/\",\"url\":\"https:\\\/\\\/www.biopapa.lt\\\/en\\\/produktas\\\/organic-basil-essential-oil-10ml-alteya\\\/\",\"name\":\"Organic basil essential oil 10 ml, ALTEYA - Biopapa\",\"isPartOf\":{\"@id\":\"https:\\\/\\\/www.biopapa.lt\\\/#website\"},\"primaryImageOfPage\":{\"@id\":\"https:\\\/\\\/www.biopapa.lt\\\/en\\\/produktas\\\/organic-basil-essential-oil-10ml-alteya\\\/#primaryimage\"},\"image\":{\"@id\":\"https:\\\/\\\/www.biopapa.lt\\\/en\\\/produktas\\\/organic-basil-essential-oil-10ml-alteya\\\/#primaryimage\"},\"thumbnailUrl\":\"https:\\\/\\\/www.biopapa.lt\\\/wp-content\\\/uploads\\\/2025\\\/07\\\/Ekologiskas-baziliku-eterinis-aliejus-10-ml.png\",\"datePublished\":\"2025-07-10T08:58:19+00:00\",\"dateModified\":\"2026-03-07T23:05:39+00:00\",\"description\":\"Essential oil distilled from the leaves of Ocimum basilicum (sweet basil), also known as sweet basil oil. The refreshing aroma of this oil helps concentration and promotes determination.\",\"breadcrumb\":{\"@id\":\"https:\\\/\\\/www.biopapa.lt\\\/en\\\/produktas\\\/organic-basil-essential-oil-10ml-alteya\\\/#breadcrumb\"},\"inLanguage\":\"en-US\",\"potentialAction\":[{\"@type\":\"ReadAction\",\"target\":[\"https:\\\/\\\/www.biopapa.lt\\\/en\\\/produktas\\\/organic-basil-essential-oil-10ml-alteya\\\/\"]}]},{\"@type\":\"ImageObject\",\"inLanguage\":\"en-US\",\"@id\":\"https:\\\/\\\/www.biopapa.lt\\\/en\\\/produktas\\\/organic-basil-essential-oil-10ml-alteya\\\/#primaryimage\",\"url\":\"https:\\\/\\\/www.biopapa.lt\\\/wp-content\\\/uploads\\\/2025\\\/07\\\/Ekologiskas-baziliku-eterinis-aliejus-10-ml.png\",\"contentUrl\":\"https:\\\/\\\/www.biopapa.lt\\\/wp-content\\\/uploads\\\/2025\\\/07\\\/Ekologiskas-baziliku-eterinis-aliejus-10-ml.png\",\"width\":800,\"height\":640},{\"@type\":\"BreadcrumbList\",\"@id\":\"https:\\\/\\\/www.biopapa.lt\\\/en\\\/produktas\\\/organic-basil-essential-oil-10ml-alteya\\\/#breadcrumb\",\"itemListElement\":[{\"@type\":\"ListItem\",\"position\":1,\"name\":\"Home\",\"item\":\"https:\\\/\\\/www.biopapa.lt\\\/en\\\/\"},{\"@type\":\"ListItem\",\"position\":2,\"name\":\"Shop\",\"item\":\"https:\\\/\\\/www.biopapa.lt\\\/en\\\/shop\\\/\"},{\"@type\":\"ListItem\",\"position\":3,\"name\":\"Organic basil essential oil 10 ml, ALTEYA\"}]},{\"@type\":\"WebSite\",\"@id\":\"https:\\\/\\\/www.biopapa.lt\\\/#website\",\"url\":\"https:\\\/\\\/www.biopapa.lt\\\/\",\"name\":\"Biopapa\",\"description\":\"\u0160var\u016bs ekologi\u0161ki produktai\",\"publisher\":{\"@id\":\"https:\\\/\\\/www.biopapa.lt\\\/#organization\"},\"potentialAction\":[{\"@type\":\"SearchAction\",\"target\":{\"@type\":\"EntryPoint\",\"urlTemplate\":\"https:\\\/\\\/www.biopapa.lt\\\/?s={search_term_string}\"},\"query-input\":{\"@type\":\"PropertyValueSpecification\",\"valueRequired\":true,\"valueName\":\"search_term_string\"}}],\"inLanguage\":\"en-US\"},{\"@type\":\"Organization\",\"@id\":\"https:\\\/\\\/www.biopapa.lt\\\/#organization\",\"name\":\"Biopapa\",\"url\":\"https:\\\/\\\/www.biopapa.lt\\\/\",\"logo\":{\"@type\":\"ImageObject\",\"inLanguage\":\"en-US\",\"@id\":\"https:\\\/\\\/www.biopapa.lt\\\/#\\\/schema\\\/logo\\\/image\\\/\",\"url\":\"https:\\\/\\\/www.biopapa.lt\\\/wp-content\\\/uploads\\\/2022\\\/04\\\/facebook_biopapa.jpg\",\"contentUrl\":\"https:\\\/\\\/www.biopapa.lt\\\/wp-content\\\/uploads\\\/2022\\\/04\\\/facebook_biopapa.jpg\",\"width\":1733,\"height\":907,\"caption\":\"Biopapa\"},\"image\":{\"@id\":\"https:\\\/\\\/www.biopapa.lt\\\/#\\\/schema\\\/logo\\\/image\\\/\"},\"sameAs\":[\"https:\\\/\\\/www.facebook.com\\\/biopapa.lt\"]}]}<\/script>\n<!-- \/ Yoast SEO plugin. -->","yoast_head_json":{"title":"Organic basil essential oil 10 ml, ALTEYA - Biopapa","description":"Essential oil distilled from the leaves of Ocimum basilicum (sweet basil), also known as sweet basil oil. The refreshing aroma of this oil helps concentration and promotes determination.","robots":{"index":"index","follow":"follow","max-snippet":"max-snippet:-1","max-image-preview":"max-image-preview:large","max-video-preview":"max-video-preview:-1"},"canonical":"https:\/\/www.biopapa.lt\/en\/produktas\/organic-basil-essential-oil-10ml-alteya\/","og_locale":"en_US","og_type":"article","og_title":"Organic basil essential oil 10 ml, ALTEYA - Biopapa","og_description":"Essential oil distilled from the leaves of Ocimum basilicum (sweet basil), also known as sweet basil oil. The refreshing aroma of this oil helps concentration and promotes determination.","og_url":"https:\/\/www.biopapa.lt\/en\/produktas\/organic-basil-essential-oil-10ml-alteya\/","og_site_name":"Biopapa","article_publisher":"https:\/\/www.facebook.com\/biopapa.lt","article_modified_time":"2026-03-07T23:05:39+00:00","og_image":[{"width":800,"height":640,"url":"https:\/\/www.biopapa.lt\/wp-content\/uploads\/2025\/07\/Ekologiskas-baziliku-eterinis-aliejus-10-ml.png","type":"image\/png"}],"twitter_card":"summary_large_image","schema":{"@context":"https:\/\/schema.org","@graph":[{"@type":"WebPage","@id":"https:\/\/www.biopapa.lt\/en\/produktas\/organic-basil-essential-oil-10ml-alteya\/","url":"https:\/\/www.biopapa.lt\/en\/produktas\/organic-basil-essential-oil-10ml-alteya\/","name":"Organic basil essential oil 10 ml, ALTEYA - Biopapa","isPartOf":{"@id":"https:\/\/www.biopapa.lt\/#website"},"primaryImageOfPage":{"@id":"https:\/\/www.biopapa.lt\/en\/produktas\/organic-basil-essential-oil-10ml-alteya\/#primaryimage"},"image":{"@id":"https:\/\/www.biopapa.lt\/en\/produktas\/organic-basil-essential-oil-10ml-alteya\/#primaryimage"},"thumbnailUrl":"https:\/\/www.biopapa.lt\/wp-content\/uploads\/2025\/07\/Ekologiskas-baziliku-eterinis-aliejus-10-ml.png","datePublished":"2025-07-10T08:58:19+00:00","dateModified":"2026-03-07T23:05:39+00:00","description":"Essential oil distilled from the leaves of Ocimum basilicum (sweet basil), also known as sweet basil oil. The refreshing aroma of this oil helps concentration and promotes determination.","breadcrumb":{"@id":"https:\/\/www.biopapa.lt\/en\/produktas\/organic-basil-essential-oil-10ml-alteya\/#breadcrumb"},"inLanguage":"en-US","potentialAction":[{"@type":"ReadAction","target":["https:\/\/www.biopapa.lt\/en\/produktas\/organic-basil-essential-oil-10ml-alteya\/"]}]},{"@type":"ImageObject","inLanguage":"en-US","@id":"https:\/\/www.biopapa.lt\/en\/produktas\/organic-basil-essential-oil-10ml-alteya\/#primaryimage","url":"https:\/\/www.biopapa.lt\/wp-content\/uploads\/2025\/07\/Ekologiskas-baziliku-eterinis-aliejus-10-ml.png","contentUrl":"https:\/\/www.biopapa.lt\/wp-content\/uploads\/2025\/07\/Ekologiskas-baziliku-eterinis-aliejus-10-ml.png","width":800,"height":640},{"@type":"BreadcrumbList","@id":"https:\/\/www.biopapa.lt\/en\/produktas\/organic-basil-essential-oil-10ml-alteya\/#breadcrumb","itemListElement":[{"@type":"ListItem","position":1,"name":"Home","item":"https:\/\/www.biopapa.lt\/en\/"},{"@type":"ListItem","position":2,"name":"Shop","item":"https:\/\/www.biopapa.lt\/en\/shop\/"},{"@type":"ListItem","position":3,"name":"Organic basil essential oil 10 ml, ALTEYA"}]},{"@type":"WebSite","@id":"https:\/\/www.biopapa.lt\/#website","url":"https:\/\/www.biopapa.lt\/","name":"Biopapa","description":"\u0160var\u016bs ekologi\u0161ki produktai","publisher":{"@id":"https:\/\/www.biopapa.lt\/#organization"},"potentialAction":[{"@type":"SearchAction","target":{"@type":"EntryPoint","urlTemplate":"https:\/\/www.biopapa.lt\/?s={search_term_string}"},"query-input":{"@type":"PropertyValueSpecification","valueRequired":true,"valueName":"search_term_string"}}],"inLanguage":"en-US"},{"@type":"Organization","@id":"https:\/\/www.biopapa.lt\/#organization","name":"Biopapa","url":"https:\/\/www.biopapa.lt\/","logo":{"@type":"ImageObject","inLanguage":"en-US","@id":"https:\/\/www.biopapa.lt\/#\/schema\/logo\/image\/","url":"https:\/\/www.biopapa.lt\/wp-content\/uploads\/2022\/04\/facebook_biopapa.jpg","contentUrl":"https:\/\/www.biopapa.lt\/wp-content\/uploads\/2022\/04\/facebook_biopapa.jpg","width":1733,"height":907,"caption":"Biopapa"},"image":{"@id":"https:\/\/www.biopapa.lt\/#\/schema\/logo\/image\/"},"sameAs":["https:\/\/www.facebook.com\/biopapa.lt"]}]}},"_links":{"self":[{"href":"https:\/\/www.biopapa.lt\/en\/wp-json\/wp\/v2\/product\/145263","targetHints":{"allow":["GET"]}}],"collection":[{"href":"https:\/\/www.biopapa.lt\/en\/wp-json\/wp\/v2\/product"}],"about":[{"href":"https:\/\/www.biopapa.lt\/en\/wp-json\/wp\/v2\/types\/product"}],"wp:featuredmedia":[{"embeddable":true,"href":"https:\/\/www.biopapa.lt\/en\/wp-json\/wp\/v2\/media\/145273"}],"wp:attachment":[{"href":"https:\/\/www.biopapa.lt\/en\/wp-json\/wp\/v2\/media?parent=145263"}],"wp:term":[{"taxonomy":"product_brand","embeddable":true,"href":"https:\/\/www.biopapa.lt\/en\/wp-json\/wp\/v2\/product_brand?post=145263"},{"taxonomy":"product_cat","embeddable":true,"href":"https:\/\/www.biopapa.lt\/en\/wp-json\/wp\/v2\/product_cat?post=145263"},{"taxonomy":"product_tag","embeddable":true,"href":"https:\/\/www.biopapa.lt\/en\/wp-json\/wp\/v2\/product_tag?post=145263"}],"curies":[{"name":"wp","href":"https:\/\/api.w.org\/{rel}","templated":true}]}}