{"id":142152,"date":"2025-07-03T10:42:35","date_gmt":"2025-07-03T07:42:35","guid":{"rendered":"https:\/\/www.biopapa.lt\/?post_type=product&#038;p=142152"},"modified":"2026-02-23T10:54:14","modified_gmt":"2026-02-23T08:54:14","slug":"instant-vortex-plus-stainless-steel-air-fryer-clearcook-57l-6-in-1","status":"publish","type":"product","link":"https:\/\/www.biopapa.lt\/en\/produktas\/instant-vortex-plus-stainless-steel-air-fryer-clearcook-57l-6-in-1\/","title":{"rendered":"Instant Vortex\u00ae Plus stainless steel air fryer with ClearCook (5,7L) 6-in-1"},"content":{"rendered":"<p><strong>Delivery only by Venipak courier.<br \/>\nInstant Vortex\u00ae Plus Stainless Steel Air Fryer with ClearCook (5,7L) 6-in-1<\/strong><br \/>\nThis Instant\u2122 Pot\u00ae Vortex\u00ae Plus adds convenience and efficiency to your kitchen with innovative features, including the ClearCook window. This transparent window, with an internal light, makes it easy to see your food without opening the basket and without damaging the cooking process. Thanks to EvenCrisp\u2122 airflow technology, you&#8217;ll achieve evenly crisp and soft results using 95% less oil than traditional cooking methods.<br \/>\nWith six customisable cooking programmes that let you bake, roast, broil, reheat and dehydrate at the touch of a button, cooking will be easier than ever.<br \/>\nCleaning is easy too: the non-stick baking baskets and trays are dishwasher safe, so you can enjoy delicious meals without the hassle of cleaning.<br \/>\nEasily monitor the cooking process through the ClearCook window without having to open the basket.  <\/p>\n<p>6-FIVE Air frying, roasting, baking, frying, reheating or dehydration<\/p>\n<p>&#8220;The ClearCook window and internal lighting make it easy to monitor cooking progress without opening the basket<br \/>\n6 customisable cooking programmes for quick one-touch cooking<br \/>\nEvenCrisp\u2122 airflow technology provides crispness and softness with 95% less oil<br \/>\nAdjustable cooking temperature from 95 to 400 \u00b0F (35-205 \u00b0C) to suit any recipe<br \/>\nShort or no pre-heating time, from freezing to golden colour in minutes<br \/>\nEasy-to-use touchscreen with step-by-step instructions for every cooking step<br \/>\nCook up to 6 portions &#8211; perfect for growing families, side dishes and meal prep<br \/>\nDishwasher-safe, non-stick baking trays are easy to clean<br \/>\nA countertop design that fits any size kitchen<br \/>\nBuilt-in safety features such as Overheat Protection\u2122, auto shut-off and more.<br \/>\nPower: 1700 watts<br \/>\nVoltage: 220V ~ 60Hz<br \/>\nETL certified<\/p>\n<p>Dimensions: (I) 37,8 x (W) 30 x (H) 33 cm<br \/>\nVolume: 5,7 litres<br \/>\nWarranty: 12 months<\/p>\n<p><a href=\"https:\/\/p.widencdn.net\/zxyapa\/140-3088-01_IB_VortexPlus_6QT_CC_US_Manual_R15-FINAL-03-27-2024_LoRes\">Download the user guide \u21d2<\/a><\/p>\n<p>&nbsp;<\/p>\n","protected":false},"excerpt":{"rendered":"<p>Delivery only by Venipak courier. Instant Vortex\u00ae Plus Stainless Steel Air Fryer with ClearCook (5,7L) 6-in-1 This Instant\u2122 Pot\u00ae Vortex\u00ae<\/p>\n","protected":false},"featured_media":142173,"template":"","meta":{"_acf_changed":false},"product_brand":[],"product_cat":[1988,2410],"product_tag":[],"class_list":{"0":"post-142152","1":"product","2":"type-product","3":"status-publish","4":"has-post-thumbnail","6":"product_cat-home","7":"product_cat-household-appliances","9":"first","10":"outofstock","11":"shipping-taxable","12":"purchasable","13":"product-type-simple"},"acf":[],"yoast_head":"<!-- This site is optimized with the Yoast SEO plugin v27.3 - https:\/\/yoast.com\/product\/yoast-seo-wordpress\/ -->\n<title>Instant Vortex\u00ae Plus stainless steel air fryer with ClearCook (5,7L) 6-in-1 - Biopapa<\/title>\n<meta name=\"description\" content=\"Instant Vortex Plus Dual ClearCook RVS 7,6 litre air fryer\" \/>\n<meta name=\"robots\" content=\"index, follow, max-snippet:-1, max-image-preview:large, max-video-preview:-1\" \/>\n<link rel=\"canonical\" href=\"https:\/\/www.biopapa.lt\/en\/produktas\/instant-vortex-plus-stainless-steel-air-fryer-clearcook-57l-6-in-1\/\" \/>\n<meta property=\"og:locale\" content=\"en_US\" \/>\n<meta property=\"og:type\" content=\"article\" \/>\n<meta property=\"og:title\" content=\"Instant Vortex\u00ae Plus stainless steel air fryer with ClearCook (5,7L) 6-in-1 - Biopapa\" \/>\n<meta property=\"og:description\" content=\"Instant Vortex Plus Dual ClearCook RVS 7,6 litre air fryer\" \/>\n<meta property=\"og:url\" content=\"https:\/\/www.biopapa.lt\/en\/produktas\/instant-vortex-plus-stainless-steel-air-fryer-clearcook-57l-6-in-1\/\" \/>\n<meta property=\"og:site_name\" content=\"Biopapa\" \/>\n<meta property=\"article:publisher\" content=\"https:\/\/www.facebook.com\/biopapa.lt\" \/>\n<meta property=\"article:modified_time\" content=\"2026-02-23T08:54:14+00:00\" \/>\n<meta property=\"og:image\" content=\"https:\/\/www.biopapa.lt\/wp-content\/uploads\/2025\/07\/Instant-Vortex-Plus-Dual-ClearCook-RVS-76-litro-oro-gruzdintuve.png\" \/>\n\t<meta property=\"og:image:width\" content=\"800\" \/>\n\t<meta property=\"og:image:height\" content=\"640\" \/>\n\t<meta property=\"og:image:type\" content=\"image\/png\" \/>\n<meta name=\"twitter:card\" content=\"summary_large_image\" \/>\n<script type=\"application\/ld+json\" class=\"yoast-schema-graph\">{\"@context\":\"https:\\\/\\\/schema.org\",\"@graph\":[{\"@type\":\"WebPage\",\"@id\":\"https:\\\/\\\/www.biopapa.lt\\\/en\\\/produktas\\\/instant-vortex-plus-stainless-steel-air-fryer-clearcook-57l-6-in-1\\\/\",\"url\":\"https:\\\/\\\/www.biopapa.lt\\\/en\\\/produktas\\\/instant-vortex-plus-stainless-steel-air-fryer-clearcook-57l-6-in-1\\\/\",\"name\":\"Instant Vortex\u00ae Plus stainless steel air fryer with ClearCook (5,7L) 6-in-1 - Biopapa\",\"isPartOf\":{\"@id\":\"https:\\\/\\\/www.biopapa.lt\\\/#website\"},\"primaryImageOfPage\":{\"@id\":\"https:\\\/\\\/www.biopapa.lt\\\/en\\\/produktas\\\/instant-vortex-plus-stainless-steel-air-fryer-clearcook-57l-6-in-1\\\/#primaryimage\"},\"image\":{\"@id\":\"https:\\\/\\\/www.biopapa.lt\\\/en\\\/produktas\\\/instant-vortex-plus-stainless-steel-air-fryer-clearcook-57l-6-in-1\\\/#primaryimage\"},\"thumbnailUrl\":\"https:\\\/\\\/www.biopapa.lt\\\/wp-content\\\/uploads\\\/2025\\\/07\\\/Instant-Vortex-Plus-Dual-ClearCook-RVS-76-litro-oro-gruzdintuve.png\",\"datePublished\":\"2025-07-03T07:42:35+00:00\",\"dateModified\":\"2026-02-23T08:54:14+00:00\",\"description\":\"Instant Vortex Plus Dual ClearCook RVS 7,6 litre air fryer\",\"breadcrumb\":{\"@id\":\"https:\\\/\\\/www.biopapa.lt\\\/en\\\/produktas\\\/instant-vortex-plus-stainless-steel-air-fryer-clearcook-57l-6-in-1\\\/#breadcrumb\"},\"inLanguage\":\"en-US\",\"potentialAction\":[{\"@type\":\"ReadAction\",\"target\":[\"https:\\\/\\\/www.biopapa.lt\\\/en\\\/produktas\\\/instant-vortex-plus-stainless-steel-air-fryer-clearcook-57l-6-in-1\\\/\"]}]},{\"@type\":\"ImageObject\",\"inLanguage\":\"en-US\",\"@id\":\"https:\\\/\\\/www.biopapa.lt\\\/en\\\/produktas\\\/instant-vortex-plus-stainless-steel-air-fryer-clearcook-57l-6-in-1\\\/#primaryimage\",\"url\":\"https:\\\/\\\/www.biopapa.lt\\\/wp-content\\\/uploads\\\/2025\\\/07\\\/Instant-Vortex-Plus-Dual-ClearCook-RVS-76-litro-oro-gruzdintuve.png\",\"contentUrl\":\"https:\\\/\\\/www.biopapa.lt\\\/wp-content\\\/uploads\\\/2025\\\/07\\\/Instant-Vortex-Plus-Dual-ClearCook-RVS-76-litro-oro-gruzdintuve.png\",\"width\":800,\"height\":640},{\"@type\":\"BreadcrumbList\",\"@id\":\"https:\\\/\\\/www.biopapa.lt\\\/en\\\/produktas\\\/instant-vortex-plus-stainless-steel-air-fryer-clearcook-57l-6-in-1\\\/#breadcrumb\",\"itemListElement\":[{\"@type\":\"ListItem\",\"position\":1,\"name\":\"Home\",\"item\":\"https:\\\/\\\/www.biopapa.lt\\\/en\\\/\"},{\"@type\":\"ListItem\",\"position\":2,\"name\":\"Shop\",\"item\":\"https:\\\/\\\/www.biopapa.lt\\\/en\\\/shop\\\/\"},{\"@type\":\"ListItem\",\"position\":3,\"name\":\"Instant Vortex\u00ae Plus stainless steel air fryer with ClearCook (5,7L) 6-in-1\"}]},{\"@type\":\"WebSite\",\"@id\":\"https:\\\/\\\/www.biopapa.lt\\\/#website\",\"url\":\"https:\\\/\\\/www.biopapa.lt\\\/\",\"name\":\"Biopapa\",\"description\":\"\u0160var\u016bs ekologi\u0161ki produktai\",\"publisher\":{\"@id\":\"https:\\\/\\\/www.biopapa.lt\\\/#organization\"},\"potentialAction\":[{\"@type\":\"SearchAction\",\"target\":{\"@type\":\"EntryPoint\",\"urlTemplate\":\"https:\\\/\\\/www.biopapa.lt\\\/?s={search_term_string}\"},\"query-input\":{\"@type\":\"PropertyValueSpecification\",\"valueRequired\":true,\"valueName\":\"search_term_string\"}}],\"inLanguage\":\"en-US\"},{\"@type\":\"Organization\",\"@id\":\"https:\\\/\\\/www.biopapa.lt\\\/#organization\",\"name\":\"Biopapa\",\"url\":\"https:\\\/\\\/www.biopapa.lt\\\/\",\"logo\":{\"@type\":\"ImageObject\",\"inLanguage\":\"en-US\",\"@id\":\"https:\\\/\\\/www.biopapa.lt\\\/#\\\/schema\\\/logo\\\/image\\\/\",\"url\":\"https:\\\/\\\/www.biopapa.lt\\\/wp-content\\\/uploads\\\/2022\\\/04\\\/facebook_biopapa.jpg\",\"contentUrl\":\"https:\\\/\\\/www.biopapa.lt\\\/wp-content\\\/uploads\\\/2022\\\/04\\\/facebook_biopapa.jpg\",\"width\":1733,\"height\":907,\"caption\":\"Biopapa\"},\"image\":{\"@id\":\"https:\\\/\\\/www.biopapa.lt\\\/#\\\/schema\\\/logo\\\/image\\\/\"},\"sameAs\":[\"https:\\\/\\\/www.facebook.com\\\/biopapa.lt\"]}]}<\/script>\n<!-- \/ Yoast SEO plugin. -->","yoast_head_json":{"title":"Instant Vortex\u00ae Plus stainless steel air fryer with ClearCook (5,7L) 6-in-1 - Biopapa","description":"Instant Vortex Plus Dual ClearCook RVS 7,6 litre air fryer","robots":{"index":"index","follow":"follow","max-snippet":"max-snippet:-1","max-image-preview":"max-image-preview:large","max-video-preview":"max-video-preview:-1"},"canonical":"https:\/\/www.biopapa.lt\/en\/produktas\/instant-vortex-plus-stainless-steel-air-fryer-clearcook-57l-6-in-1\/","og_locale":"en_US","og_type":"article","og_title":"Instant Vortex\u00ae Plus stainless steel air fryer with ClearCook (5,7L) 6-in-1 - Biopapa","og_description":"Instant Vortex Plus Dual ClearCook RVS 7,6 litre air fryer","og_url":"https:\/\/www.biopapa.lt\/en\/produktas\/instant-vortex-plus-stainless-steel-air-fryer-clearcook-57l-6-in-1\/","og_site_name":"Biopapa","article_publisher":"https:\/\/www.facebook.com\/biopapa.lt","article_modified_time":"2026-02-23T08:54:14+00:00","og_image":[{"width":800,"height":640,"url":"https:\/\/www.biopapa.lt\/wp-content\/uploads\/2025\/07\/Instant-Vortex-Plus-Dual-ClearCook-RVS-76-litro-oro-gruzdintuve.png","type":"image\/png"}],"twitter_card":"summary_large_image","schema":{"@context":"https:\/\/schema.org","@graph":[{"@type":"WebPage","@id":"https:\/\/www.biopapa.lt\/en\/produktas\/instant-vortex-plus-stainless-steel-air-fryer-clearcook-57l-6-in-1\/","url":"https:\/\/www.biopapa.lt\/en\/produktas\/instant-vortex-plus-stainless-steel-air-fryer-clearcook-57l-6-in-1\/","name":"Instant Vortex\u00ae Plus stainless steel air fryer with ClearCook (5,7L) 6-in-1 - Biopapa","isPartOf":{"@id":"https:\/\/www.biopapa.lt\/#website"},"primaryImageOfPage":{"@id":"https:\/\/www.biopapa.lt\/en\/produktas\/instant-vortex-plus-stainless-steel-air-fryer-clearcook-57l-6-in-1\/#primaryimage"},"image":{"@id":"https:\/\/www.biopapa.lt\/en\/produktas\/instant-vortex-plus-stainless-steel-air-fryer-clearcook-57l-6-in-1\/#primaryimage"},"thumbnailUrl":"https:\/\/www.biopapa.lt\/wp-content\/uploads\/2025\/07\/Instant-Vortex-Plus-Dual-ClearCook-RVS-76-litro-oro-gruzdintuve.png","datePublished":"2025-07-03T07:42:35+00:00","dateModified":"2026-02-23T08:54:14+00:00","description":"Instant Vortex Plus Dual ClearCook RVS 7,6 litre air fryer","breadcrumb":{"@id":"https:\/\/www.biopapa.lt\/en\/produktas\/instant-vortex-plus-stainless-steel-air-fryer-clearcook-57l-6-in-1\/#breadcrumb"},"inLanguage":"en-US","potentialAction":[{"@type":"ReadAction","target":["https:\/\/www.biopapa.lt\/en\/produktas\/instant-vortex-plus-stainless-steel-air-fryer-clearcook-57l-6-in-1\/"]}]},{"@type":"ImageObject","inLanguage":"en-US","@id":"https:\/\/www.biopapa.lt\/en\/produktas\/instant-vortex-plus-stainless-steel-air-fryer-clearcook-57l-6-in-1\/#primaryimage","url":"https:\/\/www.biopapa.lt\/wp-content\/uploads\/2025\/07\/Instant-Vortex-Plus-Dual-ClearCook-RVS-76-litro-oro-gruzdintuve.png","contentUrl":"https:\/\/www.biopapa.lt\/wp-content\/uploads\/2025\/07\/Instant-Vortex-Plus-Dual-ClearCook-RVS-76-litro-oro-gruzdintuve.png","width":800,"height":640},{"@type":"BreadcrumbList","@id":"https:\/\/www.biopapa.lt\/en\/produktas\/instant-vortex-plus-stainless-steel-air-fryer-clearcook-57l-6-in-1\/#breadcrumb","itemListElement":[{"@type":"ListItem","position":1,"name":"Home","item":"https:\/\/www.biopapa.lt\/en\/"},{"@type":"ListItem","position":2,"name":"Shop","item":"https:\/\/www.biopapa.lt\/en\/shop\/"},{"@type":"ListItem","position":3,"name":"Instant Vortex\u00ae Plus stainless steel air fryer with ClearCook (5,7L) 6-in-1"}]},{"@type":"WebSite","@id":"https:\/\/www.biopapa.lt\/#website","url":"https:\/\/www.biopapa.lt\/","name":"Biopapa","description":"\u0160var\u016bs ekologi\u0161ki produktai","publisher":{"@id":"https:\/\/www.biopapa.lt\/#organization"},"potentialAction":[{"@type":"SearchAction","target":{"@type":"EntryPoint","urlTemplate":"https:\/\/www.biopapa.lt\/?s={search_term_string}"},"query-input":{"@type":"PropertyValueSpecification","valueRequired":true,"valueName":"search_term_string"}}],"inLanguage":"en-US"},{"@type":"Organization","@id":"https:\/\/www.biopapa.lt\/#organization","name":"Biopapa","url":"https:\/\/www.biopapa.lt\/","logo":{"@type":"ImageObject","inLanguage":"en-US","@id":"https:\/\/www.biopapa.lt\/#\/schema\/logo\/image\/","url":"https:\/\/www.biopapa.lt\/wp-content\/uploads\/2022\/04\/facebook_biopapa.jpg","contentUrl":"https:\/\/www.biopapa.lt\/wp-content\/uploads\/2022\/04\/facebook_biopapa.jpg","width":1733,"height":907,"caption":"Biopapa"},"image":{"@id":"https:\/\/www.biopapa.lt\/#\/schema\/logo\/image\/"},"sameAs":["https:\/\/www.facebook.com\/biopapa.lt"]}]}},"_links":{"self":[{"href":"https:\/\/www.biopapa.lt\/en\/wp-json\/wp\/v2\/product\/142152","targetHints":{"allow":["GET"]}}],"collection":[{"href":"https:\/\/www.biopapa.lt\/en\/wp-json\/wp\/v2\/product"}],"about":[{"href":"https:\/\/www.biopapa.lt\/en\/wp-json\/wp\/v2\/types\/product"}],"wp:featuredmedia":[{"embeddable":true,"href":"https:\/\/www.biopapa.lt\/en\/wp-json\/wp\/v2\/media\/142173"}],"wp:attachment":[{"href":"https:\/\/www.biopapa.lt\/en\/wp-json\/wp\/v2\/media?parent=142152"}],"wp:term":[{"taxonomy":"product_brand","embeddable":true,"href":"https:\/\/www.biopapa.lt\/en\/wp-json\/wp\/v2\/product_brand?post=142152"},{"taxonomy":"product_cat","embeddable":true,"href":"https:\/\/www.biopapa.lt\/en\/wp-json\/wp\/v2\/product_cat?post=142152"},{"taxonomy":"product_tag","embeddable":true,"href":"https:\/\/www.biopapa.lt\/en\/wp-json\/wp\/v2\/product_tag?post=142152"}],"curies":[{"name":"wp","href":"https:\/\/api.w.org\/{rel}","templated":true}]}}